{"id":2955,"date":"2022-09-05T18:28:33","date_gmt":"2022-09-05T23:28:33","guid":{"rendered":"https:\/\/recrea.jalisco.gob.mx\/direccion-psicopedagodia\/?page_id=2955"},"modified":"2025-02-27T09:07:31","modified_gmt":"2025-02-27T15:07:31","slug":"sitios-de-interes","status":"publish","type":"page","link":"https:\/\/apprende.jalisco.gob.mx\/cemej\/sitios-de-interes\/","title":{"rendered":"Sitios de Inter\u00e9s"},"content":{"rendered":"\t\t<div data-elementor-type=\"wp-page\" data-elementor-id=\"2955\" class=\"elementor elementor-2955\" data-elementor-post-type=\"page\">\n\t\t\t\t\t\t\t\t\t<section class=\"elementor-section elementor-top-section elementor-element elementor-element-ddfb6fd elementor-section-boxed elementor-section-height-default elementor-section-height-default\" data-id=\"ddfb6fd\" data-element_type=\"section\" data-settings=\"{&quot;ekit_has_onepagescroll_dot&quot;:&quot;yes&quot;}\">\n\t\t\t\t\t\t<div class=\"elementor-container elementor-column-gap-default\">\n\t\t\t\t\t<div class=\"elementor-column elementor-col-100 elementor-top-column elementor-element elementor-element-b5fef51\" data-id=\"b5fef51\" data-element_type=\"column\">\n\t\t\t<div class=\"elementor-widget-wrap elementor-element-populated\">\n\t\t\t\t\t\t\t\t<div class=\"elementor-element elementor-element-7c6b08c elementor-widget elementor-widget-breadcrumbs\" data-id=\"7c6b08c\" data-element_type=\"widget\" data-settings=\"{&quot;ekit_we_effect_on&quot;:&quot;none&quot;}\" data-widget_type=\"breadcrumbs.default\">\n\t\t\t\t<div class=\"elementor-widget-container\">\n\t\t\t<div id=\"breadcrumbs\"><span><span><a href=\"https:\/\/apprende.jalisco.gob.mx\/cemej\/\">Inicio<\/a><\/span><\/span><\/div>\t\t<\/div>\n\t\t\t\t<\/div>\n\t\t\t\t\t<\/div>\n\t\t<\/div>\n\t\t\t\t\t\t\t<\/div>\n\t\t<\/section>\n\t\t\t\t<section class=\"elementor-section elementor-top-section elementor-element elementor-element-2496b07 elementor-section-full_width elementor-section-height-default elementor-section-height-default\" data-id=\"2496b07\" data-element_type=\"section\" data-settings=\"{&quot;background_background&quot;:&quot;classic&quot;,&quot;ekit_has_onepagescroll_dot&quot;:&quot;yes&quot;}\">\n\t\t\t\t\t\t<div class=\"elementor-container elementor-column-gap-default\">\n\t\t\t\t\t<div class=\"elementor-column elementor-col-100 elementor-top-column elementor-element elementor-element-abc373b\" data-id=\"abc373b\" data-element_type=\"column\">\n\t\t\t<div class=\"elementor-widget-wrap elementor-element-populated\">\n\t\t\t\t\t\t\t\t<div class=\"elementor-element elementor-element-1308f84 elementor-widget elementor-widget-image\" data-id=\"1308f84\" data-element_type=\"widget\" data-settings=\"{&quot;ekit_we_effect_on&quot;:&quot;none&quot;}\" data-widget_type=\"image.default\">\n\t\t\t\t<div class=\"elementor-widget-container\">\n\t\t\t\t\t\t\t\t\t\t\t\t\t\t\t<img decoding=\"async\" width=\"8000\" height=\"4500\" src=\"https:\/\/apprende.jalisco.gob.mx\/cemej\/wp-content\/uploads\/sites\/37\/2025\/02\/sitiosdeinteres.png\" class=\"attachment-full size-full wp-image-4984\" alt=\"\" srcset=\"https:\/\/apprende.jalisco.gob.mx\/cemej\/wp-content\/uploads\/sites\/37\/2025\/02\/sitiosdeinteres.png 8000w, https:\/\/apprende.jalisco.gob.mx\/cemej\/wp-content\/uploads\/sites\/37\/2025\/02\/sitiosdeinteres-300x169.png 300w, https:\/\/apprende.jalisco.gob.mx\/cemej\/wp-content\/uploads\/sites\/37\/2025\/02\/sitiosdeinteres-1024x576.png 1024w, https:\/\/apprende.jalisco.gob.mx\/cemej\/wp-content\/uploads\/sites\/37\/2025\/02\/sitiosdeinteres-768x432.png 768w, https:\/\/apprende.jalisco.gob.mx\/cemej\/wp-content\/uploads\/sites\/37\/2025\/02\/sitiosdeinteres-1536x864.png 1536w, https:\/\/apprende.jalisco.gob.mx\/cemej\/wp-content\/uploads\/sites\/37\/2025\/02\/sitiosdeinteres-2048x1152.png 2048w\" sizes=\"(max-width: 8000px) 100vw, 8000px\" \/>\t\t\t\t\t\t\t\t\t\t\t\t\t\t\t<\/div>\n\t\t\t\t<\/div>\n\t\t\t\t\t<\/div>\n\t\t<\/div>\n\t\t\t\t\t\t\t<\/div>\n\t\t<\/section>\n\t\t\t\t<section class=\"elementor-section elementor-top-section elementor-element elementor-element-fc7fbb5 elementor-section-boxed elementor-section-height-default elementor-section-height-default\" data-id=\"fc7fbb5\" data-element_type=\"section\" data-settings=\"{&quot;ekit_has_onepagescroll_dot&quot;:&quot;yes&quot;}\">\n\t\t\t\t\t\t<div class=\"elementor-container elementor-column-gap-default\">\n\t\t\t\t\t<div class=\"elementor-column elementor-col-100 elementor-top-column elementor-element elementor-element-9b4f1b8\" data-id=\"9b4f1b8\" data-element_type=\"column\">\n\t\t\t<div class=\"elementor-widget-wrap elementor-element-populated\">\n\t\t\t\t\t\t\t\t<section class=\"elementor-section elementor-inner-section elementor-element elementor-element-dc1e13b elementor-section-boxed elementor-section-height-default elementor-section-height-default\" data-id=\"dc1e13b\" data-element_type=\"section\" data-settings=\"{&quot;ekit_has_onepagescroll_dot&quot;:&quot;yes&quot;}\">\n\t\t\t\t\t\t<div class=\"elementor-container elementor-column-gap-default\">\n\t\t\t\t\t<div class=\"elementor-column elementor-col-50 elementor-inner-column elementor-element elementor-element-97fb512\" data-id=\"97fb512\" data-element_type=\"column\">\n\t\t\t<div class=\"elementor-widget-wrap elementor-element-populated\">\n\t\t\t\t\t\t\t\t<div class=\"elementor-element elementor-element-a84f10b elementor-align-center elementor-widget elementor-widget-button\" data-id=\"a84f10b\" data-element_type=\"widget\" data-settings=\"{&quot;ekit_we_effect_on&quot;:&quot;none&quot;}\" data-widget_type=\"button.default\">\n\t\t\t\t<div class=\"elementor-widget-container\">\n\t\t\t\t\t<div class=\"elementor-button-wrapper\">\n\t\t\t<a class=\"elementor-button elementor-button-link elementor-size-sm\" href=\"https:\/\/www.gob.mx\/mejoredu\" target=\"_blank\">\n\t\t\t\t\t\t<span class=\"elementor-button-content-wrapper\">\n\t\t\t\t\t\t<span class=\"elementor-button-text\">MEJOREDU <br> (Comisi\u00f3n Nacional para la Mejora Continua de la Educaci\u00f3n) <\/span>\n\t\t<\/span>\n\t\t\t\t\t<\/a>\n\t\t<\/div>\n\t\t\t\t<\/div>\n\t\t\t\t<\/div>\n\t\t\t\t\t<\/div>\n\t\t<\/div>\n\t\t\t\t<div class=\"elementor-column elementor-col-50 elementor-inner-column elementor-element elementor-element-d4b5914\" data-id=\"d4b5914\" data-element_type=\"column\">\n\t\t\t<div class=\"elementor-widget-wrap elementor-element-populated\">\n\t\t\t\t\t\t\t\t<div class=\"elementor-element elementor-element-469b699 elementor-align-center elementor-widget elementor-widget-button\" data-id=\"469b699\" data-element_type=\"widget\" data-settings=\"{&quot;ekit_we_effect_on&quot;:&quot;none&quot;}\" data-widget_type=\"button.default\">\n\t\t\t\t<div class=\"elementor-widget-container\">\n\t\t\t\t\t<div class=\"elementor-button-wrapper\">\n\t\t\t<a class=\"elementor-button elementor-button-link elementor-size-sm\" href=\"https:\/\/mide.jalisco.gob.mx\/mide\/panelCiudadano\/inicio\" target=\"_blank\">\n\t\t\t\t\t\t<span class=\"elementor-button-content-wrapper\">\n\t\t\t\t\t\t<span class=\"elementor-button-text\">MIDE Jalisco <br> (Monitoreo de Indicadores del Desarrollo de Jalisco) <\/span>\n\t\t<\/span>\n\t\t\t\t\t<\/a>\n\t\t<\/div>\n\t\t\t\t<\/div>\n\t\t\t\t<\/div>\n\t\t\t\t\t<\/div>\n\t\t<\/div>\n\t\t\t\t\t\t\t<\/div>\n\t\t<\/section>\n\t\t\t\t\t<\/div>\n\t\t<\/div>\n\t\t\t\t\t\t\t<\/div>\n\t\t<\/section>\n\t\t\t\t<section class=\"elementor-section elementor-top-section elementor-element elementor-element-7e42920 elementor-section-boxed elementor-section-height-default elementor-section-height-default\" data-id=\"7e42920\" data-element_type=\"section\" data-settings=\"{&quot;ekit_has_onepagescroll_dot&quot;:&quot;yes&quot;}\">\n\t\t\t\t\t\t<div class=\"elementor-container elementor-column-gap-default\">\n\t\t\t\t\t<div class=\"elementor-column elementor-col-100 elementor-top-column elementor-element elementor-element-6c78227\" data-id=\"6c78227\" data-element_type=\"column\">\n\t\t\t<div class=\"elementor-widget-wrap elementor-element-populated\">\n\t\t\t\t\t\t\t\t<section class=\"elementor-section elementor-inner-section elementor-element elementor-element-ea29d5f elementor-section-boxed elementor-section-height-default elementor-section-height-default\" data-id=\"ea29d5f\" data-element_type=\"section\" data-settings=\"{&quot;ekit_has_onepagescroll_dot&quot;:&quot;yes&quot;}\">\n\t\t\t\t\t\t<div class=\"elementor-container elementor-column-gap-default\">\n\t\t\t\t\t<div class=\"elementor-column elementor-col-50 elementor-inner-column elementor-element elementor-element-4a6e149\" data-id=\"4a6e149\" data-element_type=\"column\">\n\t\t\t<div class=\"elementor-widget-wrap elementor-element-populated\">\n\t\t\t\t\t\t\t\t<div class=\"elementor-element elementor-element-3da7a7b elementor-align-center elementor-widget elementor-widget-button\" data-id=\"3da7a7b\" data-element_type=\"widget\" data-settings=\"{&quot;ekit_we_effect_on&quot;:&quot;none&quot;}\" data-widget_type=\"button.default\">\n\t\t\t\t<div class=\"elementor-widget-container\">\n\t\t\t\t\t<div class=\"elementor-button-wrapper\">\n\t\t\t<a class=\"elementor-button elementor-button-link elementor-size-sm\" href=\"https:\/\/www.coneval.org.mx\/Paginas\/principal.aspx\" target=\"_blank\">\n\t\t\t\t\t\t<span class=\"elementor-button-content-wrapper\">\n\t\t\t\t\t\t<span class=\"elementor-button-text\">Consejo Nacional de Evaluaci\u00f3n de la Pol\u00edtica de Desarrollo Social<\/span>\n\t\t<\/span>\n\t\t\t\t\t<\/a>\n\t\t<\/div>\n\t\t\t\t<\/div>\n\t\t\t\t<\/div>\n\t\t\t\t\t<\/div>\n\t\t<\/div>\n\t\t\t\t<div class=\"elementor-column elementor-col-50 elementor-inner-column elementor-element elementor-element-ac96e85\" data-id=\"ac96e85\" data-element_type=\"column\">\n\t\t\t<div class=\"elementor-widget-wrap elementor-element-populated\">\n\t\t\t\t\t\t\t\t<div class=\"elementor-element elementor-element-adf3c7d elementor-align-center elementor-widget elementor-widget-button\" data-id=\"adf3c7d\" data-element_type=\"widget\" data-settings=\"{&quot;ekit_we_effect_on&quot;:&quot;none&quot;}\" data-widget_type=\"button.default\">\n\t\t\t\t<div class=\"elementor-widget-container\">\n\t\t\t\t\t<div class=\"elementor-button-wrapper\">\n\t\t\t<a class=\"elementor-button elementor-button-link elementor-size-sm\" href=\"https:\/\/iieg.gob.mx\/ns\/\" target=\"_blank\">\n\t\t\t\t\t\t<span class=\"elementor-button-content-wrapper\">\n\t\t\t\t\t\t<span class=\"elementor-button-text\">Instituto de Informaci\u00f3n Estad\u00edstica y Geogr\u00e1fica de Jalisco<\/span>\n\t\t<\/span>\n\t\t\t\t\t<\/a>\n\t\t<\/div>\n\t\t\t\t<\/div>\n\t\t\t\t<\/div>\n\t\t\t\t\t<\/div>\n\t\t<\/div>\n\t\t\t\t\t\t\t<\/div>\n\t\t<\/section>\n\t\t\t\t\t<\/div>\n\t\t<\/div>\n\t\t\t\t\t\t\t<\/div>\n\t\t<\/section>\n\t\t\t\t\t\t\t<\/div>\n\t\t","protected":false},"excerpt":{"rendered":"<p>MEJOREDU (Comisi\u00f3n Nacional para la Mejora Continua de la Educaci\u00f3n) MIDE Jalisco (Monitoreo de Indicadores del Desarrollo de Jalisco) Consejo Nacional de Evaluaci\u00f3n de la Pol\u00edtica de Desarrollo Social Instituto de Informaci\u00f3n Estad\u00edstica y Geogr\u00e1fica de Jalisco<\/p>\n","protected":false},"author":1,"featured_media":0,"parent":0,"menu_order":0,"comment_status":"closed","ping_status":"closed","template":"","meta":{"_monsterinsights_skip_tracking":false,"_monsterinsights_sitenote_active":false,"_monsterinsights_sitenote_note":"","_monsterinsights_sitenote_category":0,"site-sidebar-layout":"no-sidebar","site-content-layout":"page-builder","ast-site-content-layout":"","site-content-style":"default","site-sidebar-style":"default","ast-global-header-display":"","ast-banner-title-visibility":"","ast-main-header-display":"","ast-hfb-above-header-display":"","ast-hfb-below-header-display":"","ast-hfb-mobile-header-display":"","site-post-title":"disabled","ast-breadcrumbs-content":"","ast-featured-img":"disabled","footer-sml-layout":"","theme-transparent-header-meta":"default","adv-header-id-meta":"","stick-header-meta":"default","header-above-stick-meta":"","header-main-stick-meta":"","header-below-stick-meta":"","astra-migrate-meta-layouts":"","ep_exclude_from_search":false,"footnotes":""},"acf":[],"yoast_head":"<!-- This site is optimized with the Yoast SEO Premium plugin v17.7 (Yoast SEO v21.0) - https:\/\/yoast.com\/wordpress\/plugins\/seo\/ -->\n<title>Sitios de Inter\u00e9s - Comisi\u00f3n Estatal para la Mejora Continua en Jalisco<\/title>\n<meta name=\"robots\" content=\"index, follow, max-snippet:-1, max-image-preview:large, max-video-preview:-1\" \/>\n<link rel=\"canonical\" href=\"https:\/\/apprende.jalisco.gob.mx\/cemej\/sitios-de-interes\/\" \/>\n<meta property=\"og:locale\" content=\"es_MX\" \/>\n<meta property=\"og:type\" content=\"article\" \/>\n<meta property=\"og:title\" content=\"Sitios de Inter\u00e9s\" \/>\n<meta property=\"og:description\" content=\"MEJOREDU (Comisi\u00f3n Nacional para la Mejora Continua de la Educaci\u00f3n) MIDE Jalisco (Monitoreo de Indicadores del Desarrollo de Jalisco) Consejo Nacional de Evaluaci\u00f3n de la Pol\u00edtica de Desarrollo Social Instituto de Informaci\u00f3n Estad\u00edstica y Geogr\u00e1fica de Jalisco\" \/>\n<meta property=\"og:url\" content=\"https:\/\/apprende.jalisco.gob.mx\/cemej\/sitios-de-interes\/\" \/>\n<meta property=\"og:site_name\" content=\"Comisi\u00f3n Estatal para la Mejora Continua en Jalisco\" \/>\n<meta property=\"article:modified_time\" content=\"2025-02-27T15:07:31+00:00\" \/>\n<meta property=\"og:image\" content=\"https:\/\/apprende.jalisco.gob.mx\/cemej\/wp-content\/uploads\/sites\/37\/2025\/02\/sitiosdeinteres.png\" \/>\n<meta name=\"twitter:card\" content=\"summary_large_image\" \/>\n<meta name=\"twitter:label1\" content=\"Tiempo de lectura\" \/>\n\t<meta name=\"twitter:data1\" content=\"1 minuto\" \/>\n<script type=\"application\/ld+json\" class=\"yoast-schema-graph\">{\"@context\":\"https:\/\/schema.org\",\"@graph\":[{\"@type\":\"WebPage\",\"@id\":\"https:\/\/apprende.jalisco.gob.mx\/cemej\/sitios-de-interes\/\",\"url\":\"https:\/\/apprende.jalisco.gob.mx\/cemej\/sitios-de-interes\/\",\"name\":\"Sitios de Inter\u00e9s - Comisi\u00f3n Estatal para la Mejora Continua en Jalisco\",\"isPartOf\":{\"@id\":\"https:\/\/apprende.jalisco.gob.mx\/cemej\/#website\"},\"datePublished\":\"2022-09-05T23:28:33+00:00\",\"dateModified\":\"2025-02-27T15:07:31+00:00\",\"breadcrumb\":{\"@id\":\"https:\/\/apprende.jalisco.gob.mx\/cemej\/sitios-de-interes\/#breadcrumb\"},\"inLanguage\":\"es-MX\",\"potentialAction\":[{\"@type\":\"ReadAction\",\"target\":[\"https:\/\/apprende.jalisco.gob.mx\/cemej\/sitios-de-interes\/\"]}]},{\"@type\":\"BreadcrumbList\",\"@id\":\"https:\/\/apprende.jalisco.gob.mx\/cemej\/sitios-de-interes\/#breadcrumb\",\"itemListElement\":[{\"@type\":\"ListItem\",\"position\":1,\"name\":\"Inicio\",\"item\":\"https:\/\/apprende.jalisco.gob.mx\/cemej\/\"},{\"@type\":\"ListItem\",\"position\":2,\"name\":\"Sitios de Inter\u00e9s\"}]},{\"@type\":\"WebSite\",\"@id\":\"https:\/\/apprende.jalisco.gob.mx\/cemej\/#website\",\"url\":\"https:\/\/apprende.jalisco.gob.mx\/cemej\/\",\"name\":\"Comisi\u00f3n Estatal para la Mejora Continua en Jalisco\",\"description\":\"Micrositio\",\"publisher\":{\"@id\":\"https:\/\/apprende.jalisco.gob.mx\/cemej\/#organization\"},\"potentialAction\":[{\"@type\":\"SearchAction\",\"target\":{\"@type\":\"EntryPoint\",\"urlTemplate\":\"https:\/\/apprende.jalisco.gob.mx\/cemej\/?s={search_term_string}\"},\"query-input\":\"required name=search_term_string\"}],\"inLanguage\":\"es-MX\"},{\"@type\":\"Organization\",\"@id\":\"https:\/\/apprende.jalisco.gob.mx\/cemej\/#organization\",\"name\":\"Comisi\u00f3n Estatal para la Mejora Continua en Jalisco\",\"url\":\"https:\/\/apprende.jalisco.gob.mx\/cemej\/\",\"logo\":{\"@type\":\"ImageObject\",\"inLanguage\":\"es-MX\",\"@id\":\"https:\/\/apprende.jalisco.gob.mx\/cemej\/#\/schema\/logo\/image\/\",\"url\":\"https:\/\/apprende.jalisco.gob.mx\/cemej\/wp-content\/uploads\/sites\/37\/2022\/03\/logo-Educacion2025-1.png\",\"contentUrl\":\"https:\/\/apprende.jalisco.gob.mx\/cemej\/wp-content\/uploads\/sites\/37\/2022\/03\/logo-Educacion2025-1.png\",\"width\":427,\"height\":108,\"caption\":\"Comisi\u00f3n Estatal para la Mejora Continua en Jalisco\"},\"image\":{\"@id\":\"https:\/\/apprende.jalisco.gob.mx\/cemej\/#\/schema\/logo\/image\/\"}}]}<\/script>\n<!-- \/ Yoast SEO Premium plugin. -->","yoast_head_json":{"title":"Sitios de Inter\u00e9s - Comisi\u00f3n Estatal para la Mejora Continua en Jalisco","robots":{"index":"index","follow":"follow","max-snippet":"max-snippet:-1","max-image-preview":"max-image-preview:large","max-video-preview":"max-video-preview:-1"},"canonical":"https:\/\/apprende.jalisco.gob.mx\/cemej\/sitios-de-interes\/","og_locale":"es_MX","og_type":"article","og_title":"Sitios de Inter\u00e9s","og_description":"MEJOREDU (Comisi\u00f3n Nacional para la Mejora Continua de la Educaci\u00f3n) MIDE Jalisco (Monitoreo de Indicadores del Desarrollo de Jalisco) Consejo Nacional de Evaluaci\u00f3n de la Pol\u00edtica de Desarrollo Social Instituto de Informaci\u00f3n Estad\u00edstica y Geogr\u00e1fica de Jalisco","og_url":"https:\/\/apprende.jalisco.gob.mx\/cemej\/sitios-de-interes\/","og_site_name":"Comisi\u00f3n Estatal para la Mejora Continua en Jalisco","article_modified_time":"2025-02-27T15:07:31+00:00","og_image":[{"url":"https:\/\/apprende.jalisco.gob.mx\/cemej\/wp-content\/uploads\/sites\/37\/2025\/02\/sitiosdeinteres.png"}],"twitter_card":"summary_large_image","twitter_misc":{"Tiempo de lectura":"1 minuto"},"schema":{"@context":"https:\/\/schema.org","@graph":[{"@type":"WebPage","@id":"https:\/\/apprende.jalisco.gob.mx\/cemej\/sitios-de-interes\/","url":"https:\/\/apprende.jalisco.gob.mx\/cemej\/sitios-de-interes\/","name":"Sitios de Inter\u00e9s - Comisi\u00f3n Estatal para la Mejora Continua en Jalisco","isPartOf":{"@id":"https:\/\/apprende.jalisco.gob.mx\/cemej\/#website"},"datePublished":"2022-09-05T23:28:33+00:00","dateModified":"2025-02-27T15:07:31+00:00","breadcrumb":{"@id":"https:\/\/apprende.jalisco.gob.mx\/cemej\/sitios-de-interes\/#breadcrumb"},"inLanguage":"es-MX","potentialAction":[{"@type":"ReadAction","target":["https:\/\/apprende.jalisco.gob.mx\/cemej\/sitios-de-interes\/"]}]},{"@type":"BreadcrumbList","@id":"https:\/\/apprende.jalisco.gob.mx\/cemej\/sitios-de-interes\/#breadcrumb","itemListElement":[{"@type":"ListItem","position":1,"name":"Inicio","item":"https:\/\/apprende.jalisco.gob.mx\/cemej\/"},{"@type":"ListItem","position":2,"name":"Sitios de Inter\u00e9s"}]},{"@type":"WebSite","@id":"https:\/\/apprende.jalisco.gob.mx\/cemej\/#website","url":"https:\/\/apprende.jalisco.gob.mx\/cemej\/","name":"Comisi\u00f3n Estatal para la Mejora Continua en Jalisco","description":"Micrositio","publisher":{"@id":"https:\/\/apprende.jalisco.gob.mx\/cemej\/#organization"},"potentialAction":[{"@type":"SearchAction","target":{"@type":"EntryPoint","urlTemplate":"https:\/\/apprende.jalisco.gob.mx\/cemej\/?s={search_term_string}"},"query-input":"required name=search_term_string"}],"inLanguage":"es-MX"},{"@type":"Organization","@id":"https:\/\/apprende.jalisco.gob.mx\/cemej\/#organization","name":"Comisi\u00f3n Estatal para la Mejora Continua en Jalisco","url":"https:\/\/apprende.jalisco.gob.mx\/cemej\/","logo":{"@type":"ImageObject","inLanguage":"es-MX","@id":"https:\/\/apprende.jalisco.gob.mx\/cemej\/#\/schema\/logo\/image\/","url":"https:\/\/apprende.jalisco.gob.mx\/cemej\/wp-content\/uploads\/sites\/37\/2022\/03\/logo-Educacion2025-1.png","contentUrl":"https:\/\/apprende.jalisco.gob.mx\/cemej\/wp-content\/uploads\/sites\/37\/2022\/03\/logo-Educacion2025-1.png","width":427,"height":108,"caption":"Comisi\u00f3n Estatal para la Mejora Continua en Jalisco"},"image":{"@id":"https:\/\/apprende.jalisco.gob.mx\/cemej\/#\/schema\/logo\/image\/"}}]}},"_links":{"self":[{"href":"https:\/\/apprende.jalisco.gob.mx\/cemej\/wp-json\/wp\/v2\/pages\/2955"}],"collection":[{"href":"https:\/\/apprende.jalisco.gob.mx\/cemej\/wp-json\/wp\/v2\/pages"}],"about":[{"href":"https:\/\/apprende.jalisco.gob.mx\/cemej\/wp-json\/wp\/v2\/types\/page"}],"author":[{"embeddable":true,"href":"https:\/\/apprende.jalisco.gob.mx\/cemej\/wp-json\/wp\/v2\/users\/1"}],"replies":[{"embeddable":true,"href":"https:\/\/apprende.jalisco.gob.mx\/cemej\/wp-json\/wp\/v2\/comments?post=2955"}],"version-history":[{"count":29,"href":"https:\/\/apprende.jalisco.gob.mx\/cemej\/wp-json\/wp\/v2\/pages\/2955\/revisions"}],"predecessor-version":[{"id":5022,"href":"https:\/\/apprende.jalisco.gob.mx\/cemej\/wp-json\/wp\/v2\/pages\/2955\/revisions\/5022"}],"wp:attachment":[{"href":"https:\/\/apprende.jalisco.gob.mx\/cemej\/wp-json\/wp\/v2\/media?parent=2955"}],"curies":[{"name":"wp","href":"https:\/\/api.w.org\/{rel}","templated":true}]}}