{"id":3118,"date":"2022-09-10T12:57:06","date_gmt":"2022-09-10T17:57:06","guid":{"rendered":"https:\/\/recrea.jalisco.gob.mx\/direccion-psicopedagodia\/?page_id=3118"},"modified":"2025-03-14T10:11:52","modified_gmt":"2025-03-14T16:11:52","slug":"directorio","status":"publish","type":"page","link":"https:\/\/apprende.jalisco.gob.mx\/cemej\/directorio\/","title":{"rendered":"Directorio"},"content":{"rendered":"\t\t<div data-elementor-type=\"wp-page\" data-elementor-id=\"3118\" class=\"elementor elementor-3118\" data-elementor-post-type=\"page\">\n\t\t\t\t\t\t\t\t\t<section class=\"elementor-section elementor-top-section elementor-element elementor-element-ddfb6fd elementor-section-boxed elementor-section-height-default elementor-section-height-default\" data-id=\"ddfb6fd\" data-element_type=\"section\" data-settings=\"{&quot;ekit_has_onepagescroll_dot&quot;:&quot;yes&quot;}\">\n\t\t\t\t\t\t<div class=\"elementor-container elementor-column-gap-default\">\n\t\t\t\t\t<div class=\"elementor-column elementor-col-100 elementor-top-column elementor-element elementor-element-b5fef51\" data-id=\"b5fef51\" data-element_type=\"column\">\n\t\t\t<div class=\"elementor-widget-wrap elementor-element-populated\">\n\t\t\t\t\t\t\t\t<div class=\"elementor-element elementor-element-7c6b08c elementor-widget elementor-widget-breadcrumbs\" data-id=\"7c6b08c\" data-element_type=\"widget\" data-settings=\"{&quot;ekit_we_effect_on&quot;:&quot;none&quot;}\" data-widget_type=\"breadcrumbs.default\">\n\t\t\t\t<div class=\"elementor-widget-container\">\n\t\t\t<div id=\"breadcrumbs\"><span><span><a href=\"https:\/\/apprende.jalisco.gob.mx\/cemej\/\">Inicio<\/a><\/span><\/span><\/div>\t\t<\/div>\n\t\t\t\t<\/div>\n\t\t\t\t\t<\/div>\n\t\t<\/div>\n\t\t\t\t\t\t\t<\/div>\n\t\t<\/section>\n\t\t\t\t<section class=\"elementor-section elementor-top-section elementor-element elementor-element-2496b07 elementor-section-full_width elementor-section-height-default elementor-section-height-default\" data-id=\"2496b07\" data-element_type=\"section\" data-settings=\"{&quot;background_background&quot;:&quot;classic&quot;,&quot;ekit_has_onepagescroll_dot&quot;:&quot;yes&quot;}\">\n\t\t\t\t\t\t<div class=\"elementor-container elementor-column-gap-default\">\n\t\t\t\t\t<div class=\"elementor-column elementor-col-100 elementor-top-column elementor-element elementor-element-abc373b\" data-id=\"abc373b\" data-element_type=\"column\">\n\t\t\t<div class=\"elementor-widget-wrap elementor-element-populated\">\n\t\t\t\t\t\t\t\t<section class=\"elementor-section elementor-inner-section elementor-element elementor-element-82a360c elementor-section-boxed elementor-section-height-default elementor-section-height-default\" data-id=\"82a360c\" data-element_type=\"section\" data-settings=\"{&quot;ekit_has_onepagescroll_dot&quot;:&quot;yes&quot;}\">\n\t\t\t\t\t\t<div class=\"elementor-container elementor-column-gap-default\">\n\t\t\t\t\t<div class=\"elementor-column elementor-col-100 elementor-inner-column elementor-element elementor-element-177f601\" data-id=\"177f601\" data-element_type=\"column\">\n\t\t\t<div class=\"elementor-widget-wrap elementor-element-populated\">\n\t\t\t\t\t\t\t\t<div class=\"elementor-element elementor-element-6db45a8 elementor-widget elementor-widget-heading\" data-id=\"6db45a8\" data-element_type=\"widget\" data-settings=\"{&quot;ekit_we_effect_on&quot;:&quot;none&quot;}\" data-widget_type=\"heading.default\">\n\t\t\t\t<div class=\"elementor-widget-container\">\n\t\t\t<h2 class=\"elementor-heading-title elementor-size-default\">Directorio<\/h2>\t\t<\/div>\n\t\t\t\t<\/div>\n\t\t\t\t<div class=\"elementor-element elementor-element-5487cb7 elementor-widget elementor-widget-text-editor\" data-id=\"5487cb7\" data-element_type=\"widget\" data-settings=\"{&quot;ekit_we_effect_on&quot;:&quot;none&quot;}\" data-widget_type=\"text-editor.default\">\n\t\t\t\t<div class=\"elementor-widget-container\">\n\t\t\t\t\t\t\t\t\t\t\t\t\t<\/div>\n\t\t\t\t<\/div>\n\t\t\t\t\t<\/div>\n\t\t<\/div>\n\t\t\t\t\t\t\t<\/div>\n\t\t<\/section>\n\t\t\t\t\t<\/div>\n\t\t<\/div>\n\t\t\t\t\t\t\t<\/div>\n\t\t<\/section>\n\t\t\t\t<section class=\"elementor-section elementor-top-section elementor-element elementor-element-e2518c9 elementor-section-boxed elementor-section-height-default elementor-section-height-default\" data-id=\"e2518c9\" data-element_type=\"section\" data-settings=\"{&quot;ekit_has_onepagescroll_dot&quot;:&quot;yes&quot;}\">\n\t\t\t\t\t\t<div class=\"elementor-container elementor-column-gap-default\">\n\t\t\t\t\t<div class=\"elementor-column elementor-col-33 elementor-top-column elementor-element elementor-element-78dbc0b\" data-id=\"78dbc0b\" data-element_type=\"column\">\n\t\t\t<div class=\"elementor-widget-wrap elementor-element-populated\">\n\t\t\t\t\t\t\t\t<div class=\"elementor-element elementor-element-ee06a59 elementor-widget elementor-widget-text-editor\" data-id=\"ee06a59\" data-element_type=\"widget\" data-settings=\"{&quot;ekit_we_effect_on&quot;:&quot;none&quot;}\" data-widget_type=\"text-editor.default\">\n\t\t\t\t<div class=\"elementor-widget-container\">\n\t\t\t\t\t\t\t<p class=\"p1\"><b>RAM\u00d3N CORONA SANTANA<br \/><\/b>Encargado del Despacho<\/p><p class=\"p1\"><b>CLARA EDITH MU\u00d1OZ M\u00c1RQUEZ<br \/><\/b>Encargada del \u00e1rea de seguimiento al Sistema Educativo Estatal<\/p><p class=\"p1\"><b>SONIA ELISABETH VILLASE\u00d1OR SALAZAR<br \/><\/b>Encargada del \u00e1rea de mejora de los aprendizajes e innovaci\u00f3n educativa<\/p><p class=\"p1\"><b>LYA SA\u00d1UDO GUERRA<br \/><\/b>Investigadora<\/p><p class=\"p1\"><b>SANDRA CRISTINA MACHUCA FLORES<br \/><\/b>Asesora\/Investigadora<\/p><p class=\"p1\"><b>FABRICIO RENE OROZCO S\u00c1NCHEZ<br \/><\/b>Investigador<\/p>\t\t\t\t\t\t<\/div>\n\t\t\t\t<\/div>\n\t\t\t\t\t<\/div>\n\t\t<\/div>\n\t\t\t\t<div class=\"elementor-column elementor-col-33 elementor-top-column elementor-element elementor-element-516999e\" data-id=\"516999e\" data-element_type=\"column\">\n\t\t\t<div class=\"elementor-widget-wrap elementor-element-populated\">\n\t\t\t\t\t\t\t\t<div class=\"elementor-element elementor-element-017edc7 elementor-widget elementor-widget-text-editor\" data-id=\"017edc7\" data-element_type=\"widget\" data-settings=\"{&quot;ekit_we_effect_on&quot;:&quot;none&quot;}\" data-widget_type=\"text-editor.default\">\n\t\t\t\t<div class=\"elementor-widget-container\">\n\t\t\t\t\t\t\t<p class=\"p1\"><b>GUILLERMO AHUMADA CAMACHO<br \/><\/b>Asesor\/Investigador<\/p><p class=\"p1\"><b>ENRIQUE DOMINGUEZ RUIZ<br \/><\/b>Asesor\/Investigador<\/p><p class=\"p1\"><b>ALEJANDRO S\u00c1NCHEZ RODR\u00cdGUEZ<br \/><\/b>Asesor acad\u00e9mico<\/p><p class=\"p1\"><b>JOS\u00c9 DANIEL MART\u00cdNEZ GONZ\u00c1LEZ<br \/><\/b>Asesor acad\u00e9mico<\/p><p class=\"p1\"><b>ALBERTO DANIEL HERN\u00c1NDEZ RAM\u00cdREZ<br \/><\/b>Asesor acad\u00e9mico<\/p><p class=\"p1\"><b>GABRIELA ELIZABETH CORONA SOL\u00d3RZANO<br \/><\/b>Asesora acad\u00e9mica<\/p><p class=\"p1\"><b>OMAR ZAMUDIO MARTINEZ<br \/><\/b>Comunicaci\u00f3n<\/p>\t\t\t\t\t\t<\/div>\n\t\t\t\t<\/div>\n\t\t\t\t\t<\/div>\n\t\t<\/div>\n\t\t\t\t<div class=\"elementor-column elementor-col-33 elementor-top-column elementor-element elementor-element-d1f818b\" data-id=\"d1f818b\" data-element_type=\"column\">\n\t\t\t<div class=\"elementor-widget-wrap elementor-element-populated\">\n\t\t\t\t\t\t\t\t<div class=\"elementor-element elementor-element-bd2eab1 elementor-widget elementor-widget-text-editor\" data-id=\"bd2eab1\" data-element_type=\"widget\" data-settings=\"{&quot;ekit_we_effect_on&quot;:&quot;none&quot;}\" data-widget_type=\"text-editor.default\">\n\t\t\t\t<div class=\"elementor-widget-container\">\n\t\t\t\t\t\t\t<p class=\"p1\"><b>DANIEL G\u00d3MEZ MENA<br \/><\/b>Dise\u00f1o<br \/><br \/><b>MARIANA CARRANZA I\u00d1IGUEZ<br \/><\/b>Apoyo Administrativo<\/p><p class=\"p1\"><b>MARIA MAGDALENA VELAZQUEZ CONTRERAS<br \/><\/b>Apoyo Administrativo<\/p><p class=\"p1\"><b>MARCELA LETICIA ARREOLA CARRANZA<br \/><\/b>Apoyo Administrativo<\/p><p class=\"p1\"><b>EDGAR JAVIER HERN\u00c1NDEZ ROJAS<br \/><\/b>Apoyo Administrativo<\/p><p class=\"p1\"><b>ROSA CONTRERAS L\u00d3PEZ<br \/><\/b>Personal de apoyo<\/p>\t\t\t\t\t\t<\/div>\n\t\t\t\t<\/div>\n\t\t\t\t\t<\/div>\n\t\t<\/div>\n\t\t\t\t\t\t\t<\/div>\n\t\t<\/section>\n\t\t\t\t\t\t\t<\/div>\n\t\t","protected":false},"excerpt":{"rendered":"<p>RAM\u00d3N CORONA SANTANAEncargado del Despacho CLARA EDITH MU\u00d1OZ M\u00c1RQUEZEncargada del \u00e1rea de seguimiento al Sistema Educativo Estatal SONIA ELISABETH VILLASE\u00d1OR SALAZAREncargada del \u00e1rea de mejora de los aprendizajes e innovaci\u00f3n educativa LYA SA\u00d1UDO GUERRAInvestigadora SANDRA CRISTINA MACHUCA FLORESAsesora\/Investigadora FABRICIO RENE OROZCO S\u00c1NCHEZInvestigador GUILLERMO AHUMADA CAMACHOAsesor\/Investigador ENRIQUE DOMINGUEZ RUIZAsesor\/Investigador ALEJANDRO S\u00c1NCHEZ RODR\u00cdGUEZAsesor acad\u00e9mico JOS\u00c9 DANIEL MART\u00cdNEZ &hellip;<\/p>\n<p class=\"read-more\"> <a class=\"\" href=\"https:\/\/apprende.jalisco.gob.mx\/cemej\/directorio\/\"> <span class=\"screen-reader-text\">Directorio<\/span> Leer m\u00e1s &raquo;<\/a><\/p>\n","protected":false},"author":5,"featured_media":0,"parent":0,"menu_order":0,"comment_status":"closed","ping_status":"closed","template":"","meta":{"_monsterinsights_skip_tracking":false,"_monsterinsights_sitenote_active":false,"_monsterinsights_sitenote_note":"","_monsterinsights_sitenote_category":0,"site-sidebar-layout":"no-sidebar","site-content-layout":"page-builder","ast-site-content-layout":"","site-content-style":"default","site-sidebar-style":"default","ast-global-header-display":"","ast-banner-title-visibility":"","ast-main-header-display":"","ast-hfb-above-header-display":"","ast-hfb-below-header-display":"","ast-hfb-mobile-header-display":"","site-post-title":"disabled","ast-breadcrumbs-content":"","ast-featured-img":"disabled","footer-sml-layout":"","theme-transparent-header-meta":"default","adv-header-id-meta":"","stick-header-meta":"default","header-above-stick-meta":"","header-main-stick-meta":"","header-below-stick-meta":"","astra-migrate-meta-layouts":"","ep_exclude_from_search":false,"footnotes":""},"acf":[],"yoast_head":"<!-- This site is optimized with the Yoast SEO Premium plugin v17.7 (Yoast SEO v21.0) - https:\/\/yoast.com\/wordpress\/plugins\/seo\/ -->\n<title>Directorio - Comisi\u00f3n Estatal para la Mejora Continua en Jalisco<\/title>\n<meta name=\"robots\" content=\"index, follow, max-snippet:-1, max-image-preview:large, max-video-preview:-1\" \/>\n<link rel=\"canonical\" href=\"https:\/\/apprende.jalisco.gob.mx\/cemej\/directorio\/\" \/>\n<meta property=\"og:locale\" content=\"es_MX\" \/>\n<meta property=\"og:type\" content=\"article\" \/>\n<meta property=\"og:title\" content=\"Directorio\" \/>\n<meta property=\"og:description\" content=\"RAM\u00d3N CORONA SANTANAEncargado del Despacho CLARA EDITH MU\u00d1OZ M\u00c1RQUEZEncargada del \u00e1rea de seguimiento al Sistema Educativo Estatal SONIA ELISABETH VILLASE\u00d1OR SALAZAREncargada del \u00e1rea de mejora de los aprendizajes e innovaci\u00f3n educativa LYA SA\u00d1UDO GUERRAInvestigadora SANDRA CRISTINA MACHUCA FLORESAsesora\/Investigadora FABRICIO RENE OROZCO S\u00c1NCHEZInvestigador GUILLERMO AHUMADA CAMACHOAsesor\/Investigador ENRIQUE DOMINGUEZ RUIZAsesor\/Investigador ALEJANDRO S\u00c1NCHEZ RODR\u00cdGUEZAsesor acad\u00e9mico JOS\u00c9 DANIEL MART\u00cdNEZ &hellip; Directorio Leer m\u00e1s &raquo;\" \/>\n<meta property=\"og:url\" content=\"https:\/\/apprende.jalisco.gob.mx\/cemej\/directorio\/\" \/>\n<meta property=\"og:site_name\" content=\"Comisi\u00f3n Estatal para la Mejora Continua en Jalisco\" \/>\n<meta property=\"article:modified_time\" content=\"2025-03-14T16:11:52+00:00\" \/>\n<meta name=\"twitter:card\" content=\"summary_large_image\" \/>\n<meta name=\"twitter:label1\" content=\"Tiempo de lectura\" \/>\n\t<meta name=\"twitter:data1\" content=\"1 minuto\" \/>\n<script type=\"application\/ld+json\" class=\"yoast-schema-graph\">{\"@context\":\"https:\/\/schema.org\",\"@graph\":[{\"@type\":\"WebPage\",\"@id\":\"https:\/\/apprende.jalisco.gob.mx\/cemej\/directorio\/\",\"url\":\"https:\/\/apprende.jalisco.gob.mx\/cemej\/directorio\/\",\"name\":\"Directorio - Comisi\u00f3n Estatal para la Mejora Continua en Jalisco\",\"isPartOf\":{\"@id\":\"https:\/\/apprende.jalisco.gob.mx\/cemej\/#website\"},\"datePublished\":\"2022-09-10T17:57:06+00:00\",\"dateModified\":\"2025-03-14T16:11:52+00:00\",\"breadcrumb\":{\"@id\":\"https:\/\/apprende.jalisco.gob.mx\/cemej\/directorio\/#breadcrumb\"},\"inLanguage\":\"es-MX\",\"potentialAction\":[{\"@type\":\"ReadAction\",\"target\":[\"https:\/\/apprende.jalisco.gob.mx\/cemej\/directorio\/\"]}]},{\"@type\":\"BreadcrumbList\",\"@id\":\"https:\/\/apprende.jalisco.gob.mx\/cemej\/directorio\/#breadcrumb\",\"itemListElement\":[{\"@type\":\"ListItem\",\"position\":1,\"name\":\"Inicio\",\"item\":\"https:\/\/apprende.jalisco.gob.mx\/cemej\/\"},{\"@type\":\"ListItem\",\"position\":2,\"name\":\"Directorio\"}]},{\"@type\":\"WebSite\",\"@id\":\"https:\/\/apprende.jalisco.gob.mx\/cemej\/#website\",\"url\":\"https:\/\/apprende.jalisco.gob.mx\/cemej\/\",\"name\":\"Comisi\u00f3n Estatal para la Mejora Continua en Jalisco\",\"description\":\"Micrositio\",\"publisher\":{\"@id\":\"https:\/\/apprende.jalisco.gob.mx\/cemej\/#organization\"},\"potentialAction\":[{\"@type\":\"SearchAction\",\"target\":{\"@type\":\"EntryPoint\",\"urlTemplate\":\"https:\/\/apprende.jalisco.gob.mx\/cemej\/?s={search_term_string}\"},\"query-input\":\"required name=search_term_string\"}],\"inLanguage\":\"es-MX\"},{\"@type\":\"Organization\",\"@id\":\"https:\/\/apprende.jalisco.gob.mx\/cemej\/#organization\",\"name\":\"Comisi\u00f3n Estatal para la Mejora Continua en Jalisco\",\"url\":\"https:\/\/apprende.jalisco.gob.mx\/cemej\/\",\"logo\":{\"@type\":\"ImageObject\",\"inLanguage\":\"es-MX\",\"@id\":\"https:\/\/apprende.jalisco.gob.mx\/cemej\/#\/schema\/logo\/image\/\",\"url\":\"https:\/\/apprende.jalisco.gob.mx\/cemej\/wp-content\/uploads\/sites\/37\/2022\/03\/logo-Educacion2025-1.png\",\"contentUrl\":\"https:\/\/apprende.jalisco.gob.mx\/cemej\/wp-content\/uploads\/sites\/37\/2022\/03\/logo-Educacion2025-1.png\",\"width\":427,\"height\":108,\"caption\":\"Comisi\u00f3n Estatal para la Mejora Continua en Jalisco\"},\"image\":{\"@id\":\"https:\/\/apprende.jalisco.gob.mx\/cemej\/#\/schema\/logo\/image\/\"}}]}<\/script>\n<!-- \/ Yoast SEO Premium plugin. -->","yoast_head_json":{"title":"Directorio - Comisi\u00f3n Estatal para la Mejora Continua en Jalisco","robots":{"index":"index","follow":"follow","max-snippet":"max-snippet:-1","max-image-preview":"max-image-preview:large","max-video-preview":"max-video-preview:-1"},"canonical":"https:\/\/apprende.jalisco.gob.mx\/cemej\/directorio\/","og_locale":"es_MX","og_type":"article","og_title":"Directorio","og_description":"RAM\u00d3N CORONA SANTANAEncargado del Despacho CLARA EDITH MU\u00d1OZ M\u00c1RQUEZEncargada del \u00e1rea de seguimiento al Sistema Educativo Estatal SONIA ELISABETH VILLASE\u00d1OR SALAZAREncargada del \u00e1rea de mejora de los aprendizajes e innovaci\u00f3n educativa LYA SA\u00d1UDO GUERRAInvestigadora SANDRA CRISTINA MACHUCA FLORESAsesora\/Investigadora FABRICIO RENE OROZCO S\u00c1NCHEZInvestigador GUILLERMO AHUMADA CAMACHOAsesor\/Investigador ENRIQUE DOMINGUEZ RUIZAsesor\/Investigador ALEJANDRO S\u00c1NCHEZ RODR\u00cdGUEZAsesor acad\u00e9mico JOS\u00c9 DANIEL MART\u00cdNEZ &hellip; Directorio Leer m\u00e1s &raquo;","og_url":"https:\/\/apprende.jalisco.gob.mx\/cemej\/directorio\/","og_site_name":"Comisi\u00f3n Estatal para la Mejora Continua en Jalisco","article_modified_time":"2025-03-14T16:11:52+00:00","twitter_card":"summary_large_image","twitter_misc":{"Tiempo de lectura":"1 minuto"},"schema":{"@context":"https:\/\/schema.org","@graph":[{"@type":"WebPage","@id":"https:\/\/apprende.jalisco.gob.mx\/cemej\/directorio\/","url":"https:\/\/apprende.jalisco.gob.mx\/cemej\/directorio\/","name":"Directorio - Comisi\u00f3n Estatal para la Mejora Continua en Jalisco","isPartOf":{"@id":"https:\/\/apprende.jalisco.gob.mx\/cemej\/#website"},"datePublished":"2022-09-10T17:57:06+00:00","dateModified":"2025-03-14T16:11:52+00:00","breadcrumb":{"@id":"https:\/\/apprende.jalisco.gob.mx\/cemej\/directorio\/#breadcrumb"},"inLanguage":"es-MX","potentialAction":[{"@type":"ReadAction","target":["https:\/\/apprende.jalisco.gob.mx\/cemej\/directorio\/"]}]},{"@type":"BreadcrumbList","@id":"https:\/\/apprende.jalisco.gob.mx\/cemej\/directorio\/#breadcrumb","itemListElement":[{"@type":"ListItem","position":1,"name":"Inicio","item":"https:\/\/apprende.jalisco.gob.mx\/cemej\/"},{"@type":"ListItem","position":2,"name":"Directorio"}]},{"@type":"WebSite","@id":"https:\/\/apprende.jalisco.gob.mx\/cemej\/#website","url":"https:\/\/apprende.jalisco.gob.mx\/cemej\/","name":"Comisi\u00f3n Estatal para la Mejora Continua en Jalisco","description":"Micrositio","publisher":{"@id":"https:\/\/apprende.jalisco.gob.mx\/cemej\/#organization"},"potentialAction":[{"@type":"SearchAction","target":{"@type":"EntryPoint","urlTemplate":"https:\/\/apprende.jalisco.gob.mx\/cemej\/?s={search_term_string}"},"query-input":"required name=search_term_string"}],"inLanguage":"es-MX"},{"@type":"Organization","@id":"https:\/\/apprende.jalisco.gob.mx\/cemej\/#organization","name":"Comisi\u00f3n Estatal para la Mejora Continua en Jalisco","url":"https:\/\/apprende.jalisco.gob.mx\/cemej\/","logo":{"@type":"ImageObject","inLanguage":"es-MX","@id":"https:\/\/apprende.jalisco.gob.mx\/cemej\/#\/schema\/logo\/image\/","url":"https:\/\/apprende.jalisco.gob.mx\/cemej\/wp-content\/uploads\/sites\/37\/2022\/03\/logo-Educacion2025-1.png","contentUrl":"https:\/\/apprende.jalisco.gob.mx\/cemej\/wp-content\/uploads\/sites\/37\/2022\/03\/logo-Educacion2025-1.png","width":427,"height":108,"caption":"Comisi\u00f3n Estatal para la Mejora Continua en Jalisco"},"image":{"@id":"https:\/\/apprende.jalisco.gob.mx\/cemej\/#\/schema\/logo\/image\/"}}]}},"_links":{"self":[{"href":"https:\/\/apprende.jalisco.gob.mx\/cemej\/wp-json\/wp\/v2\/pages\/3118"}],"collection":[{"href":"https:\/\/apprende.jalisco.gob.mx\/cemej\/wp-json\/wp\/v2\/pages"}],"about":[{"href":"https:\/\/apprende.jalisco.gob.mx\/cemej\/wp-json\/wp\/v2\/types\/page"}],"author":[{"embeddable":true,"href":"https:\/\/apprende.jalisco.gob.mx\/cemej\/wp-json\/wp\/v2\/users\/5"}],"replies":[{"embeddable":true,"href":"https:\/\/apprende.jalisco.gob.mx\/cemej\/wp-json\/wp\/v2\/comments?post=3118"}],"version-history":[{"count":19,"href":"https:\/\/apprende.jalisco.gob.mx\/cemej\/wp-json\/wp\/v2\/pages\/3118\/revisions"}],"predecessor-version":[{"id":5064,"href":"https:\/\/apprende.jalisco.gob.mx\/cemej\/wp-json\/wp\/v2\/pages\/3118\/revisions\/5064"}],"wp:attachment":[{"href":"https:\/\/apprende.jalisco.gob.mx\/cemej\/wp-json\/wp\/v2\/media?parent=3118"}],"curies":[{"name":"wp","href":"https:\/\/api.w.org\/{rel}","templated":true}]}}