{"id":3909,"date":"2023-10-20T08:52:27","date_gmt":"2023-10-20T14:52:27","guid":{"rendered":"https:\/\/recrea.jalisco.gob.mx\/cemej\/?page_id=3909"},"modified":"2025-02-27T10:24:05","modified_gmt":"2025-02-27T16:24:05","slug":"investigacion","status":"publish","type":"page","link":"https:\/\/apprende.jalisco.gob.mx\/cemej\/investigacion\/","title":{"rendered":"Investigaci\u00f3n"},"content":{"rendered":"\t\t<div data-elementor-type=\"wp-page\" data-elementor-id=\"3909\" class=\"elementor elementor-3909\" data-elementor-post-type=\"page\">\n\t\t\t\t\t\t\t\t\t<section class=\"elementor-section elementor-top-section elementor-element elementor-element-ddfb6fd elementor-section-boxed elementor-section-height-default elementor-section-height-default\" data-id=\"ddfb6fd\" data-element_type=\"section\" data-settings=\"{&quot;ekit_has_onepagescroll_dot&quot;:&quot;yes&quot;}\">\n\t\t\t\t\t\t<div class=\"elementor-container elementor-column-gap-default\">\n\t\t\t\t\t<div class=\"elementor-column elementor-col-100 elementor-top-column elementor-element elementor-element-b5fef51\" data-id=\"b5fef51\" data-element_type=\"column\">\n\t\t\t<div class=\"elementor-widget-wrap elementor-element-populated\">\n\t\t\t\t\t\t\t\t<div class=\"elementor-element elementor-element-7c6b08c elementor-widget elementor-widget-breadcrumbs\" data-id=\"7c6b08c\" data-element_type=\"widget\" data-settings=\"{&quot;ekit_we_effect_on&quot;:&quot;none&quot;}\" data-widget_type=\"breadcrumbs.default\">\n\t\t\t\t<div class=\"elementor-widget-container\">\n\t\t\t<div id=\"breadcrumbs\"><span><span><a href=\"https:\/\/apprende.jalisco.gob.mx\/cemej\/\">Inicio<\/a><\/span><\/span><\/div>\t\t<\/div>\n\t\t\t\t<\/div>\n\t\t\t\t\t<\/div>\n\t\t<\/div>\n\t\t\t\t\t\t\t<\/div>\n\t\t<\/section>\n\t\t\t\t<section class=\"elementor-section elementor-top-section elementor-element elementor-element-4259aa2 elementor-section-full_width elementor-section-height-default elementor-section-height-default\" data-id=\"4259aa2\" data-element_type=\"section\" data-settings=\"{&quot;ekit_has_onepagescroll_dot&quot;:&quot;yes&quot;}\">\n\t\t\t\t\t\t<div class=\"elementor-container elementor-column-gap-default\">\n\t\t\t\t\t<div class=\"elementor-column elementor-col-100 elementor-top-column elementor-element elementor-element-69b6bc7\" data-id=\"69b6bc7\" data-element_type=\"column\">\n\t\t\t<div class=\"elementor-widget-wrap elementor-element-populated\">\n\t\t\t\t\t\t\t\t<div class=\"elementor-element elementor-element-f6c83d5 elementor-widget elementor-widget-image\" data-id=\"f6c83d5\" data-element_type=\"widget\" data-settings=\"{&quot;ekit_we_effect_on&quot;:&quot;none&quot;}\" data-widget_type=\"image.default\">\n\t\t\t\t<div class=\"elementor-widget-container\">\n\t\t\t\t\t\t\t\t\t\t\t\t\t\t\t<img decoding=\"async\" width=\"8000\" height=\"4500\" src=\"https:\/\/apprende.jalisco.gob.mx\/cemej\/wp-content\/uploads\/sites\/37\/2025\/02\/investigacion-1.png\" class=\"attachment-full size-full wp-image-4988\" alt=\"\" srcset=\"https:\/\/apprende.jalisco.gob.mx\/cemej\/wp-content\/uploads\/sites\/37\/2025\/02\/investigacion-1.png 8000w, https:\/\/apprende.jalisco.gob.mx\/cemej\/wp-content\/uploads\/sites\/37\/2025\/02\/investigacion-1-300x169.png 300w, https:\/\/apprende.jalisco.gob.mx\/cemej\/wp-content\/uploads\/sites\/37\/2025\/02\/investigacion-1-1024x576.png 1024w, https:\/\/apprende.jalisco.gob.mx\/cemej\/wp-content\/uploads\/sites\/37\/2025\/02\/investigacion-1-768x432.png 768w, https:\/\/apprende.jalisco.gob.mx\/cemej\/wp-content\/uploads\/sites\/37\/2025\/02\/investigacion-1-1536x864.png 1536w, https:\/\/apprende.jalisco.gob.mx\/cemej\/wp-content\/uploads\/sites\/37\/2025\/02\/investigacion-1-2048x1152.png 2048w\" sizes=\"(max-width: 8000px) 100vw, 8000px\" \/>\t\t\t\t\t\t\t\t\t\t\t\t\t\t\t<\/div>\n\t\t\t\t<\/div>\n\t\t\t\t<div class=\"elementor-element elementor-element-b95b435 elementor-widget elementor-widget-text-editor\" data-id=\"b95b435\" data-element_type=\"widget\" data-settings=\"{&quot;ekit_we_effect_on&quot;:&quot;none&quot;}\" data-widget_type=\"text-editor.default\">\n\t\t\t\t<div class=\"elementor-widget-container\">\n\t\t\t\t\t\t\t<p>La investigaci\u00f3n desde la CEMEJ, se concibe como un proceso cr\u00edtico y reflexivo de indagaci\u00f3n para la generaci\u00f3n de conocimiento que permita lograr una comprensi\u00f3n m\u00e1s amplia de la problem\u00e1tica educativa y el dise\u00f1o de alternativas que contribuyan a su mejora y transformaci\u00f3n. Desde una mirada integral, contextualizada y pragm\u00e1tica, la investigaci\u00f3n ha de propiciar planteamientos pertinentes traducidos en iniciativas para el fortalecimiento del sistema educativo.<\/p>\t\t\t\t\t\t<\/div>\n\t\t\t\t<\/div>\n\t\t\t\t<section class=\"elementor-section elementor-inner-section elementor-element elementor-element-9636028 elementor-section-boxed elementor-section-height-default elementor-section-height-default\" data-id=\"9636028\" data-element_type=\"section\" data-settings=\"{&quot;ekit_has_onepagescroll_dot&quot;:&quot;yes&quot;}\">\n\t\t\t\t\t\t<div class=\"elementor-container elementor-column-gap-default\">\n\t\t\t\t\t<div class=\"elementor-column elementor-col-50 elementor-inner-column elementor-element elementor-element-8b5cab1\" data-id=\"8b5cab1\" data-element_type=\"column\">\n\t\t\t<div class=\"elementor-widget-wrap elementor-element-populated\">\n\t\t\t\t\t\t\t\t<div class=\"elementor-element elementor-element-c09e418 elementor-widget elementor-widget-image\" data-id=\"c09e418\" data-element_type=\"widget\" data-settings=\"{&quot;ekit_we_effect_on&quot;:&quot;none&quot;}\" data-widget_type=\"image.default\">\n\t\t\t\t<div class=\"elementor-widget-container\">\n\t\t\t\t\t\t\t\t\t\t\t\t\t\t\t\t<a href=\"https:\/\/apprende.jalisco.gob.mx\/cemej\/proyectos-investigacion\/\" target=\"_blank\">\n\t\t\t\t\t\t\t<img decoding=\"async\" width=\"1024\" height=\"678\" src=\"https:\/\/apprende.jalisco.gob.mx\/cemej\/wp-content\/uploads\/sites\/37\/2025\/02\/proyectosdeinvestigacion-1024x678.png\" class=\"attachment-large size-large wp-image-5006\" alt=\"\" srcset=\"https:\/\/apprende.jalisco.gob.mx\/cemej\/wp-content\/uploads\/sites\/37\/2025\/02\/proyectosdeinvestigacion-1024x678.png 1024w, https:\/\/apprende.jalisco.gob.mx\/cemej\/wp-content\/uploads\/sites\/37\/2025\/02\/proyectosdeinvestigacion-300x199.png 300w, https:\/\/apprende.jalisco.gob.mx\/cemej\/wp-content\/uploads\/sites\/37\/2025\/02\/proyectosdeinvestigacion-768x509.png 768w, https:\/\/apprende.jalisco.gob.mx\/cemej\/wp-content\/uploads\/sites\/37\/2025\/02\/proyectosdeinvestigacion-1536x1018.png 1536w, https:\/\/apprende.jalisco.gob.mx\/cemej\/wp-content\/uploads\/sites\/37\/2025\/02\/proyectosdeinvestigacion-2048x1357.png 2048w\" sizes=\"(max-width: 1024px) 100vw, 1024px\" \/>\t\t\t\t\t\t\t\t<\/a>\n\t\t\t\t\t\t\t\t\t\t\t\t\t\t\t<\/div>\n\t\t\t\t<\/div>\n\t\t\t\t\t<\/div>\n\t\t<\/div>\n\t\t\t\t<div class=\"elementor-column elementor-col-50 elementor-inner-column elementor-element elementor-element-ee09f94\" data-id=\"ee09f94\" data-element_type=\"column\">\n\t\t\t<div class=\"elementor-widget-wrap elementor-element-populated\">\n\t\t\t\t\t\t\t\t<div class=\"elementor-element elementor-element-ffa5351 elementor-widget elementor-widget-image\" data-id=\"ffa5351\" data-element_type=\"widget\" data-settings=\"{&quot;ekit_we_effect_on&quot;:&quot;none&quot;}\" data-widget_type=\"image.default\">\n\t\t\t\t<div class=\"elementor-widget-container\">\n\t\t\t\t\t\t\t\t\t\t\t\t\t\t\t\t<a href=\"https:\/\/apprende.jalisco.gob.mx\/cemej\/investigacion\/distribucion-conocimiento\/\" target=\"_blank\">\n\t\t\t\t\t\t\t<img decoding=\"async\" width=\"1024\" height=\"678\" src=\"https:\/\/apprende.jalisco.gob.mx\/cemej\/wp-content\/uploads\/sites\/37\/2025\/02\/distruciondelconocimiento-1024x678.png\" class=\"attachment-large size-large wp-image-5007\" alt=\"\" srcset=\"https:\/\/apprende.jalisco.gob.mx\/cemej\/wp-content\/uploads\/sites\/37\/2025\/02\/distruciondelconocimiento-1024x678.png 1024w, https:\/\/apprende.jalisco.gob.mx\/cemej\/wp-content\/uploads\/sites\/37\/2025\/02\/distruciondelconocimiento-300x199.png 300w, https:\/\/apprende.jalisco.gob.mx\/cemej\/wp-content\/uploads\/sites\/37\/2025\/02\/distruciondelconocimiento-768x509.png 768w, https:\/\/apprende.jalisco.gob.mx\/cemej\/wp-content\/uploads\/sites\/37\/2025\/02\/distruciondelconocimiento-1536x1018.png 1536w, https:\/\/apprende.jalisco.gob.mx\/cemej\/wp-content\/uploads\/sites\/37\/2025\/02\/distruciondelconocimiento-2048x1357.png 2048w\" sizes=\"(max-width: 1024px) 100vw, 1024px\" \/>\t\t\t\t\t\t\t\t<\/a>\n\t\t\t\t\t\t\t\t\t\t\t\t\t\t\t<\/div>\n\t\t\t\t<\/div>\n\t\t\t\t\t<\/div>\n\t\t<\/div>\n\t\t\t\t\t\t\t<\/div>\n\t\t<\/section>\n\t\t\t\t<div class=\"elementor-element elementor-element-e1211d4 elementor-widget elementor-widget-spacer\" data-id=\"e1211d4\" data-element_type=\"widget\" data-settings=\"{&quot;ekit_we_effect_on&quot;:&quot;none&quot;}\" data-widget_type=\"spacer.default\">\n\t\t\t\t<div class=\"elementor-widget-container\">\n\t\t\t\t\t<div class=\"elementor-spacer\">\n\t\t\t<div class=\"elementor-spacer-inner\"><\/div>\n\t\t<\/div>\n\t\t\t\t<\/div>\n\t\t\t\t<\/div>\n\t\t\t\t<div class=\"elementor-element elementor-element-fe545a0 elementor-widget elementor-widget-image\" data-id=\"fe545a0\" data-element_type=\"widget\" data-settings=\"{&quot;ekit_we_effect_on&quot;:&quot;none&quot;}\" data-widget_type=\"image.default\">\n\t\t\t\t<div class=\"elementor-widget-container\">\n\t\t\t\t\t\t\t\t\t\t\t\t\t\t\t\t<a href=\"https:\/\/apprende.jalisco.gob.mx\/cemej\/publicaciones\/\">\n\t\t\t\t\t\t\t<img decoding=\"async\" width=\"1024\" height=\"172\" src=\"https:\/\/apprende.jalisco.gob.mx\/cemej\/wp-content\/uploads\/sites\/37\/2025\/02\/publicacionesboton-1024x172.png\" class=\"attachment-large size-large wp-image-5023\" alt=\"\" srcset=\"https:\/\/apprende.jalisco.gob.mx\/cemej\/wp-content\/uploads\/sites\/37\/2025\/02\/publicacionesboton-1024x172.png 1024w, https:\/\/apprende.jalisco.gob.mx\/cemej\/wp-content\/uploads\/sites\/37\/2025\/02\/publicacionesboton-300x50.png 300w, https:\/\/apprende.jalisco.gob.mx\/cemej\/wp-content\/uploads\/sites\/37\/2025\/02\/publicacionesboton-768x129.png 768w, https:\/\/apprende.jalisco.gob.mx\/cemej\/wp-content\/uploads\/sites\/37\/2025\/02\/publicacionesboton-1536x258.png 1536w, https:\/\/apprende.jalisco.gob.mx\/cemej\/wp-content\/uploads\/sites\/37\/2025\/02\/publicacionesboton-2048x344.png 2048w\" sizes=\"(max-width: 1024px) 100vw, 1024px\" \/>\t\t\t\t\t\t\t\t<\/a>\n\t\t\t\t\t\t\t\t\t\t\t\t\t\t\t<\/div>\n\t\t\t\t<\/div>\n\t\t\t\t\t<\/div>\n\t\t<\/div>\n\t\t\t\t\t\t\t<\/div>\n\t\t<\/section>\n\t\t\t\t\t\t\t<\/div>\n\t\t","protected":false},"excerpt":{"rendered":"<p>La investigaci\u00f3n desde la CEMEJ, se concibe como un proceso cr\u00edtico y reflexivo de indagaci\u00f3n para la generaci\u00f3n de conocimiento que permita lograr una comprensi\u00f3n m\u00e1s amplia de la problem\u00e1tica educativa y el dise\u00f1o de alternativas que contribuyan a su mejora y transformaci\u00f3n. Desde una mirada integral, contextualizada y pragm\u00e1tica, la investigaci\u00f3n ha de propiciar &hellip;<\/p>\n<p class=\"read-more\"> <a class=\"\" href=\"https:\/\/apprende.jalisco.gob.mx\/cemej\/investigacion\/\"> <span class=\"screen-reader-text\">Investigaci\u00f3n<\/span> Leer m\u00e1s &raquo;<\/a><\/p>\n","protected":false},"author":8,"featured_media":0,"parent":0,"menu_order":0,"comment_status":"closed","ping_status":"closed","template":"","meta":{"_monsterinsights_skip_tracking":false,"_monsterinsights_sitenote_active":false,"_monsterinsights_sitenote_note":"","_monsterinsights_sitenote_category":0,"site-sidebar-layout":"no-sidebar","site-content-layout":"page-builder","ast-site-content-layout":"","site-content-style":"default","site-sidebar-style":"default","ast-global-header-display":"","ast-banner-title-visibility":"","ast-main-header-display":"","ast-hfb-above-header-display":"","ast-hfb-below-header-display":"","ast-hfb-mobile-header-display":"","site-post-title":"disabled","ast-breadcrumbs-content":"","ast-featured-img":"disabled","footer-sml-layout":"","theme-transparent-header-meta":"default","adv-header-id-meta":"","stick-header-meta":"default","header-above-stick-meta":"","header-main-stick-meta":"","header-below-stick-meta":"","astra-migrate-meta-layouts":"","ep_exclude_from_search":false,"footnotes":""},"acf":[],"yoast_head":"<!-- This site is optimized with the Yoast SEO Premium plugin v17.7 (Yoast SEO v21.0) - https:\/\/yoast.com\/wordpress\/plugins\/seo\/ -->\n<title>Investigaci\u00f3n - Comisi\u00f3n Estatal para la Mejora Continua en Jalisco<\/title>\n<meta name=\"robots\" content=\"index, follow, max-snippet:-1, max-image-preview:large, max-video-preview:-1\" \/>\n<link rel=\"canonical\" href=\"https:\/\/apprende.jalisco.gob.mx\/cemej\/investigacion\/\" \/>\n<meta property=\"og:locale\" content=\"es_MX\" \/>\n<meta property=\"og:type\" content=\"article\" \/>\n<meta property=\"og:title\" content=\"Investigaci\u00f3n\" \/>\n<meta property=\"og:description\" content=\"La investigaci\u00f3n desde la CEMEJ, se concibe como un proceso cr\u00edtico y reflexivo de indagaci\u00f3n para la generaci\u00f3n de conocimiento que permita lograr una comprensi\u00f3n m\u00e1s amplia de la problem\u00e1tica educativa y el dise\u00f1o de alternativas que contribuyan a su mejora y transformaci\u00f3n. Desde una mirada integral, contextualizada y pragm\u00e1tica, la investigaci\u00f3n ha de propiciar &hellip; Investigaci\u00f3n Leer m\u00e1s &raquo;\" \/>\n<meta property=\"og:url\" content=\"https:\/\/apprende.jalisco.gob.mx\/cemej\/investigacion\/\" \/>\n<meta property=\"og:site_name\" content=\"Comisi\u00f3n Estatal para la Mejora Continua en Jalisco\" \/>\n<meta property=\"article:modified_time\" content=\"2025-02-27T16:24:05+00:00\" \/>\n<meta property=\"og:image\" content=\"https:\/\/apprende.jalisco.gob.mx\/cemej\/wp-content\/uploads\/sites\/37\/2025\/02\/investigacion-1.png\" \/>\n<meta name=\"twitter:card\" content=\"summary_large_image\" \/>\n<meta name=\"twitter:label1\" content=\"Tiempo de lectura\" \/>\n\t<meta name=\"twitter:data1\" content=\"2 minutos\" \/>\n<script type=\"application\/ld+json\" class=\"yoast-schema-graph\">{\"@context\":\"https:\/\/schema.org\",\"@graph\":[{\"@type\":\"WebPage\",\"@id\":\"https:\/\/apprende.jalisco.gob.mx\/cemej\/investigacion\/\",\"url\":\"https:\/\/apprende.jalisco.gob.mx\/cemej\/investigacion\/\",\"name\":\"Investigaci\u00f3n - Comisi\u00f3n Estatal para la Mejora Continua en Jalisco\",\"isPartOf\":{\"@id\":\"https:\/\/apprende.jalisco.gob.mx\/cemej\/#website\"},\"datePublished\":\"2023-10-20T14:52:27+00:00\",\"dateModified\":\"2025-02-27T16:24:05+00:00\",\"breadcrumb\":{\"@id\":\"https:\/\/apprende.jalisco.gob.mx\/cemej\/investigacion\/#breadcrumb\"},\"inLanguage\":\"es-MX\",\"potentialAction\":[{\"@type\":\"ReadAction\",\"target\":[\"https:\/\/apprende.jalisco.gob.mx\/cemej\/investigacion\/\"]}]},{\"@type\":\"BreadcrumbList\",\"@id\":\"https:\/\/apprende.jalisco.gob.mx\/cemej\/investigacion\/#breadcrumb\",\"itemListElement\":[{\"@type\":\"ListItem\",\"position\":1,\"name\":\"Inicio\",\"item\":\"https:\/\/apprende.jalisco.gob.mx\/cemej\/\"},{\"@type\":\"ListItem\",\"position\":2,\"name\":\"Investigaci\u00f3n\"}]},{\"@type\":\"WebSite\",\"@id\":\"https:\/\/apprende.jalisco.gob.mx\/cemej\/#website\",\"url\":\"https:\/\/apprende.jalisco.gob.mx\/cemej\/\",\"name\":\"Comisi\u00f3n Estatal para la Mejora Continua en Jalisco\",\"description\":\"Micrositio\",\"publisher\":{\"@id\":\"https:\/\/apprende.jalisco.gob.mx\/cemej\/#organization\"},\"potentialAction\":[{\"@type\":\"SearchAction\",\"target\":{\"@type\":\"EntryPoint\",\"urlTemplate\":\"https:\/\/apprende.jalisco.gob.mx\/cemej\/?s={search_term_string}\"},\"query-input\":\"required name=search_term_string\"}],\"inLanguage\":\"es-MX\"},{\"@type\":\"Organization\",\"@id\":\"https:\/\/apprende.jalisco.gob.mx\/cemej\/#organization\",\"name\":\"Comisi\u00f3n Estatal para la Mejora Continua en Jalisco\",\"url\":\"https:\/\/apprende.jalisco.gob.mx\/cemej\/\",\"logo\":{\"@type\":\"ImageObject\",\"inLanguage\":\"es-MX\",\"@id\":\"https:\/\/apprende.jalisco.gob.mx\/cemej\/#\/schema\/logo\/image\/\",\"url\":\"https:\/\/apprende.jalisco.gob.mx\/cemej\/wp-content\/uploads\/sites\/37\/2022\/03\/logo-Educacion2025-1.png\",\"contentUrl\":\"https:\/\/apprende.jalisco.gob.mx\/cemej\/wp-content\/uploads\/sites\/37\/2022\/03\/logo-Educacion2025-1.png\",\"width\":427,\"height\":108,\"caption\":\"Comisi\u00f3n Estatal para la Mejora Continua en Jalisco\"},\"image\":{\"@id\":\"https:\/\/apprende.jalisco.gob.mx\/cemej\/#\/schema\/logo\/image\/\"}}]}<\/script>\n<!-- \/ Yoast SEO Premium plugin. -->","yoast_head_json":{"title":"Investigaci\u00f3n - Comisi\u00f3n Estatal para la Mejora Continua en Jalisco","robots":{"index":"index","follow":"follow","max-snippet":"max-snippet:-1","max-image-preview":"max-image-preview:large","max-video-preview":"max-video-preview:-1"},"canonical":"https:\/\/apprende.jalisco.gob.mx\/cemej\/investigacion\/","og_locale":"es_MX","og_type":"article","og_title":"Investigaci\u00f3n","og_description":"La investigaci\u00f3n desde la CEMEJ, se concibe como un proceso cr\u00edtico y reflexivo de indagaci\u00f3n para la generaci\u00f3n de conocimiento que permita lograr una comprensi\u00f3n m\u00e1s amplia de la problem\u00e1tica educativa y el dise\u00f1o de alternativas que contribuyan a su mejora y transformaci\u00f3n. Desde una mirada integral, contextualizada y pragm\u00e1tica, la investigaci\u00f3n ha de propiciar &hellip; Investigaci\u00f3n Leer m\u00e1s &raquo;","og_url":"https:\/\/apprende.jalisco.gob.mx\/cemej\/investigacion\/","og_site_name":"Comisi\u00f3n Estatal para la Mejora Continua en Jalisco","article_modified_time":"2025-02-27T16:24:05+00:00","og_image":[{"url":"https:\/\/apprende.jalisco.gob.mx\/cemej\/wp-content\/uploads\/sites\/37\/2025\/02\/investigacion-1.png"}],"twitter_card":"summary_large_image","twitter_misc":{"Tiempo de lectura":"2 minutos"},"schema":{"@context":"https:\/\/schema.org","@graph":[{"@type":"WebPage","@id":"https:\/\/apprende.jalisco.gob.mx\/cemej\/investigacion\/","url":"https:\/\/apprende.jalisco.gob.mx\/cemej\/investigacion\/","name":"Investigaci\u00f3n - Comisi\u00f3n Estatal para la Mejora Continua en Jalisco","isPartOf":{"@id":"https:\/\/apprende.jalisco.gob.mx\/cemej\/#website"},"datePublished":"2023-10-20T14:52:27+00:00","dateModified":"2025-02-27T16:24:05+00:00","breadcrumb":{"@id":"https:\/\/apprende.jalisco.gob.mx\/cemej\/investigacion\/#breadcrumb"},"inLanguage":"es-MX","potentialAction":[{"@type":"ReadAction","target":["https:\/\/apprende.jalisco.gob.mx\/cemej\/investigacion\/"]}]},{"@type":"BreadcrumbList","@id":"https:\/\/apprende.jalisco.gob.mx\/cemej\/investigacion\/#breadcrumb","itemListElement":[{"@type":"ListItem","position":1,"name":"Inicio","item":"https:\/\/apprende.jalisco.gob.mx\/cemej\/"},{"@type":"ListItem","position":2,"name":"Investigaci\u00f3n"}]},{"@type":"WebSite","@id":"https:\/\/apprende.jalisco.gob.mx\/cemej\/#website","url":"https:\/\/apprende.jalisco.gob.mx\/cemej\/","name":"Comisi\u00f3n Estatal para la Mejora Continua en Jalisco","description":"Micrositio","publisher":{"@id":"https:\/\/apprende.jalisco.gob.mx\/cemej\/#organization"},"potentialAction":[{"@type":"SearchAction","target":{"@type":"EntryPoint","urlTemplate":"https:\/\/apprende.jalisco.gob.mx\/cemej\/?s={search_term_string}"},"query-input":"required name=search_term_string"}],"inLanguage":"es-MX"},{"@type":"Organization","@id":"https:\/\/apprende.jalisco.gob.mx\/cemej\/#organization","name":"Comisi\u00f3n Estatal para la Mejora Continua en Jalisco","url":"https:\/\/apprende.jalisco.gob.mx\/cemej\/","logo":{"@type":"ImageObject","inLanguage":"es-MX","@id":"https:\/\/apprende.jalisco.gob.mx\/cemej\/#\/schema\/logo\/image\/","url":"https:\/\/apprende.jalisco.gob.mx\/cemej\/wp-content\/uploads\/sites\/37\/2022\/03\/logo-Educacion2025-1.png","contentUrl":"https:\/\/apprende.jalisco.gob.mx\/cemej\/wp-content\/uploads\/sites\/37\/2022\/03\/logo-Educacion2025-1.png","width":427,"height":108,"caption":"Comisi\u00f3n Estatal para la Mejora Continua en Jalisco"},"image":{"@id":"https:\/\/apprende.jalisco.gob.mx\/cemej\/#\/schema\/logo\/image\/"}}]}},"_links":{"self":[{"href":"https:\/\/apprende.jalisco.gob.mx\/cemej\/wp-json\/wp\/v2\/pages\/3909"}],"collection":[{"href":"https:\/\/apprende.jalisco.gob.mx\/cemej\/wp-json\/wp\/v2\/pages"}],"about":[{"href":"https:\/\/apprende.jalisco.gob.mx\/cemej\/wp-json\/wp\/v2\/types\/page"}],"author":[{"embeddable":true,"href":"https:\/\/apprende.jalisco.gob.mx\/cemej\/wp-json\/wp\/v2\/users\/8"}],"replies":[{"embeddable":true,"href":"https:\/\/apprende.jalisco.gob.mx\/cemej\/wp-json\/wp\/v2\/comments?post=3909"}],"version-history":[{"count":64,"href":"https:\/\/apprende.jalisco.gob.mx\/cemej\/wp-json\/wp\/v2\/pages\/3909\/revisions"}],"predecessor-version":[{"id":5026,"href":"https:\/\/apprende.jalisco.gob.mx\/cemej\/wp-json\/wp\/v2\/pages\/3909\/revisions\/5026"}],"wp:attachment":[{"href":"https:\/\/apprende.jalisco.gob.mx\/cemej\/wp-json\/wp\/v2\/media?parent=3909"}],"curies":[{"name":"wp","href":"https:\/\/api.w.org\/{rel}","templated":true}]}}