{"id":3934,"date":"2023-10-20T10:07:06","date_gmt":"2023-10-20T16:07:06","guid":{"rendered":"https:\/\/recrea.jalisco.gob.mx\/cemej\/?page_id=3934"},"modified":"2025-02-18T10:25:10","modified_gmt":"2025-02-18T16:25:10","slug":"distribucion-conocimiento","status":"publish","type":"page","link":"https:\/\/apprende.jalisco.gob.mx\/cemej\/investigacion\/distribucion-conocimiento\/","title":{"rendered":"Distribuci\u00f3n del conocimiento"},"content":{"rendered":"\t\t<div data-elementor-type=\"wp-page\" data-elementor-id=\"3934\" class=\"elementor elementor-3934\" data-elementor-post-type=\"page\">\n\t\t\t\t\t\t\t\t\t<section class=\"elementor-section elementor-top-section elementor-element elementor-element-ddfb6fd elementor-section-boxed elementor-section-height-default elementor-section-height-default\" data-id=\"ddfb6fd\" data-element_type=\"section\" data-settings=\"{&quot;ekit_has_onepagescroll_dot&quot;:&quot;yes&quot;}\">\n\t\t\t\t\t\t<div class=\"elementor-container elementor-column-gap-default\">\n\t\t\t\t\t<div class=\"elementor-column elementor-col-100 elementor-top-column elementor-element elementor-element-b5fef51\" data-id=\"b5fef51\" data-element_type=\"column\">\n\t\t\t<div class=\"elementor-widget-wrap elementor-element-populated\">\n\t\t\t\t\t\t\t\t<div class=\"elementor-element elementor-element-7c6b08c elementor-widget elementor-widget-breadcrumbs\" data-id=\"7c6b08c\" data-element_type=\"widget\" data-settings=\"{&quot;ekit_we_effect_on&quot;:&quot;none&quot;}\" data-widget_type=\"breadcrumbs.default\">\n\t\t\t\t<div class=\"elementor-widget-container\">\n\t\t\t<div id=\"breadcrumbs\"><span><span><a href=\"https:\/\/apprende.jalisco.gob.mx\/cemej\/\">Inicio<\/a><\/span><\/span><\/div>\t\t<\/div>\n\t\t\t\t<\/div>\n\t\t\t\t\t<\/div>\n\t\t<\/div>\n\t\t\t\t\t\t\t<\/div>\n\t\t<\/section>\n\t\t\t\t<section class=\"elementor-section elementor-top-section elementor-element elementor-element-e2808af elementor-section-boxed elementor-section-height-default elementor-section-height-default\" data-id=\"e2808af\" data-element_type=\"section\" data-settings=\"{&quot;ekit_has_onepagescroll_dot&quot;:&quot;yes&quot;}\">\n\t\t\t\t\t\t<div class=\"elementor-container elementor-column-gap-default\">\n\t\t\t\t\t<div class=\"elementor-column elementor-col-100 elementor-top-column elementor-element elementor-element-80e89bc\" data-id=\"80e89bc\" data-element_type=\"column\">\n\t\t\t<div class=\"elementor-widget-wrap elementor-element-populated\">\n\t\t\t\t\t\t\t\t<div class=\"elementor-element elementor-element-e5775d6 elementor-widget elementor-widget-heading\" data-id=\"e5775d6\" data-element_type=\"widget\" data-settings=\"{&quot;ekit_we_effect_on&quot;:&quot;none&quot;}\" data-widget_type=\"heading.default\">\n\t\t\t\t<div class=\"elementor-widget-container\">\n\t\t\t<h4 class=\"elementor-heading-title elementor-size-default\">Distribuci\u00f3n del conocimiento<\/h4>\t\t<\/div>\n\t\t\t\t<\/div>\n\t\t\t\t<div class=\"elementor-element elementor-element-6283e54 elementor-widget elementor-widget-heading\" data-id=\"6283e54\" data-element_type=\"widget\" data-settings=\"{&quot;ekit_we_effect_on&quot;:&quot;none&quot;}\" data-widget_type=\"heading.default\">\n\t\t\t\t<div class=\"elementor-widget-container\">\n\t\t\t<h5 class=\"elementor-heading-title elementor-size-small\">Parte del equipo de la CEMEJ ha coordinado o participado en algunos de los textos aqu\u00ed publicados y se considera importante favorecer esta distribuci\u00f3n del conocimiento respetando la autor\u00eda y la autonom\u00eda de cada instituci\u00f3n con la que se ha colaborado.<\/h5>\t\t<\/div>\n\t\t\t\t<\/div>\n\t\t\t\t<div class=\"elementor-element elementor-element-6d4d931 elementor-widget elementor-widget-spacer\" data-id=\"6d4d931\" data-element_type=\"widget\" data-settings=\"{&quot;ekit_we_effect_on&quot;:&quot;none&quot;}\" data-widget_type=\"spacer.default\">\n\t\t\t\t<div class=\"elementor-widget-container\">\n\t\t\t\t\t<div class=\"elementor-spacer\">\n\t\t\t<div class=\"elementor-spacer-inner\"><\/div>\n\t\t<\/div>\n\t\t\t\t<\/div>\n\t\t\t\t<\/div>\n\t\t\t\t\t<\/div>\n\t\t<\/div>\n\t\t\t\t\t\t\t<\/div>\n\t\t<\/section>\n\t\t\t\t<section class=\"elementor-section elementor-top-section elementor-element elementor-element-9f4fe84 elementor-section-boxed elementor-section-height-default elementor-section-height-default\" data-id=\"9f4fe84\" data-element_type=\"section\" data-settings=\"{&quot;ekit_has_onepagescroll_dot&quot;:&quot;yes&quot;}\">\n\t\t\t\t\t\t<div class=\"elementor-container elementor-column-gap-default\">\n\t\t\t\t\t<div class=\"elementor-column elementor-col-20 elementor-top-column elementor-element elementor-element-c6f3399\" data-id=\"c6f3399\" data-element_type=\"column\">\n\t\t\t<div class=\"elementor-widget-wrap\">\n\t\t\t\t\t\t\t\t\t<\/div>\n\t\t<\/div>\n\t\t\t\t<div class=\"elementor-column elementor-col-20 elementor-top-column elementor-element elementor-element-66f12b0\" data-id=\"66f12b0\" data-element_type=\"column\">\n\t\t\t<div class=\"elementor-widget-wrap elementor-element-populated\">\n\t\t\t\t\t\t\t\t<div class=\"elementor-element elementor-element-df099b5 elementor-widget elementor-widget-image\" data-id=\"df099b5\" data-element_type=\"widget\" data-settings=\"{&quot;ekit_we_effect_on&quot;:&quot;none&quot;}\" data-widget_type=\"image.default\">\n\t\t\t\t<div class=\"elementor-widget-container\">\n\t\t\t\t\t\t\t\t\t\t\t\t\t\t\t\t<a href=\"https:\/\/apprende.jalisco.gob.mx\/cemej\/investigacion\/distribucion-conocimiento\/dialogos\/\">\n\t\t\t\t\t\t\t<img decoding=\"async\" width=\"276\" height=\"300\" src=\"https:\/\/apprende.jalisco.gob.mx\/cemej\/wp-content\/uploads\/sites\/37\/2024\/05\/botondialogos-276x300.png\" class=\"attachment-medium size-medium wp-image-4201\" alt=\"\" srcset=\"https:\/\/apprende.jalisco.gob.mx\/cemej\/wp-content\/uploads\/sites\/37\/2024\/05\/botondialogos-276x300.png 276w, https:\/\/apprende.jalisco.gob.mx\/cemej\/wp-content\/uploads\/sites\/37\/2024\/05\/botondialogos-942x1024.png 942w, https:\/\/apprende.jalisco.gob.mx\/cemej\/wp-content\/uploads\/sites\/37\/2024\/05\/botondialogos-768x835.png 768w, https:\/\/apprende.jalisco.gob.mx\/cemej\/wp-content\/uploads\/sites\/37\/2024\/05\/botondialogos-1413x1536.png 1413w, https:\/\/apprende.jalisco.gob.mx\/cemej\/wp-content\/uploads\/sites\/37\/2024\/05\/botondialogos-1884x2048.png 1884w, https:\/\/apprende.jalisco.gob.mx\/cemej\/wp-content\/uploads\/sites\/37\/2024\/05\/botondialogos.png 1981w\" sizes=\"(max-width: 276px) 100vw, 276px\" \/>\t\t\t\t\t\t\t\t<\/a>\n\t\t\t\t\t\t\t\t\t\t\t\t\t\t\t<\/div>\n\t\t\t\t<\/div>\n\t\t\t\t\t<\/div>\n\t\t<\/div>\n\t\t\t\t<div class=\"elementor-column elementor-col-20 elementor-top-column elementor-element elementor-element-a1c9c70\" data-id=\"a1c9c70\" data-element_type=\"column\">\n\t\t\t<div class=\"elementor-widget-wrap elementor-element-populated\">\n\t\t\t\t\t\t\t\t<div class=\"elementor-element elementor-element-b4814cd elementor-widget elementor-widget-image\" data-id=\"b4814cd\" data-element_type=\"widget\" data-settings=\"{&quot;ekit_we_effect_on&quot;:&quot;none&quot;}\" data-widget_type=\"image.default\">\n\t\t\t\t<div class=\"elementor-widget-container\">\n\t\t\t\t\t\t\t\t\t\t\t\t\t\t\t\t<a href=\"https:\/\/apprende.jalisco.gob.mx\/cemej\/investigacion\/distribucion-conocimiento\/produccion-academica\/\">\n\t\t\t\t\t\t\t<img decoding=\"async\" width=\"274\" height=\"300\" src=\"https:\/\/apprende.jalisco.gob.mx\/cemej\/wp-content\/uploads\/sites\/37\/2024\/08\/produccionacademica-274x300.png\" class=\"attachment-medium size-medium wp-image-4443\" alt=\"\" srcset=\"https:\/\/apprende.jalisco.gob.mx\/cemej\/wp-content\/uploads\/sites\/37\/2024\/08\/produccionacademica-274x300.png 274w, https:\/\/apprende.jalisco.gob.mx\/cemej\/wp-content\/uploads\/sites\/37\/2024\/08\/produccionacademica-935x1024.png 935w, https:\/\/apprende.jalisco.gob.mx\/cemej\/wp-content\/uploads\/sites\/37\/2024\/08\/produccionacademica-768x841.png 768w, https:\/\/apprende.jalisco.gob.mx\/cemej\/wp-content\/uploads\/sites\/37\/2024\/08\/produccionacademica-1402x1536.png 1402w, https:\/\/apprende.jalisco.gob.mx\/cemej\/wp-content\/uploads\/sites\/37\/2024\/08\/produccionacademica-1870x2048.png 1870w, https:\/\/apprende.jalisco.gob.mx\/cemej\/wp-content\/uploads\/sites\/37\/2024\/08\/produccionacademica.png 2027w\" sizes=\"(max-width: 274px) 100vw, 274px\" \/>\t\t\t\t\t\t\t\t<\/a>\n\t\t\t\t\t\t\t\t\t\t\t\t\t\t\t<\/div>\n\t\t\t\t<\/div>\n\t\t\t\t\t<\/div>\n\t\t<\/div>\n\t\t\t\t<div class=\"elementor-column elementor-col-20 elementor-top-column elementor-element elementor-element-a053ed8\" data-id=\"a053ed8\" data-element_type=\"column\">\n\t\t\t<div class=\"elementor-widget-wrap elementor-element-populated\">\n\t\t\t\t\t\t\t\t<div class=\"elementor-element elementor-element-c800c7e elementor-widget elementor-widget-image\" data-id=\"c800c7e\" data-element_type=\"widget\" data-settings=\"{&quot;ekit_we_effect_on&quot;:&quot;none&quot;}\" data-widget_type=\"image.default\">\n\t\t\t\t<div class=\"elementor-widget-container\">\n\t\t\t\t\t\t\t\t\t\t\t\t\t\t\t\t<a href=\"https:\/\/apprende.jalisco.gob.mx\/cemej\/investigacion\/distribucion-conocimiento\/videos\/\">\n\t\t\t\t\t\t\t<img decoding=\"async\" width=\"300\" height=\"300\" src=\"https:\/\/apprende.jalisco.gob.mx\/cemej\/wp-content\/uploads\/sites\/37\/2024\/05\/botonvideos-300x300.png\" class=\"attachment-medium size-medium wp-image-4203\" alt=\"\" srcset=\"https:\/\/apprende.jalisco.gob.mx\/cemej\/wp-content\/uploads\/sites\/37\/2024\/05\/botonvideos-300x300.png 300w, https:\/\/apprende.jalisco.gob.mx\/cemej\/wp-content\/uploads\/sites\/37\/2024\/05\/botonvideos-1024x1024.png 1024w, https:\/\/apprende.jalisco.gob.mx\/cemej\/wp-content\/uploads\/sites\/37\/2024\/05\/botonvideos-150x150.png 150w, https:\/\/apprende.jalisco.gob.mx\/cemej\/wp-content\/uploads\/sites\/37\/2024\/05\/botonvideos-768x768.png 768w, https:\/\/apprende.jalisco.gob.mx\/cemej\/wp-content\/uploads\/sites\/37\/2024\/05\/botonvideos-1536x1536.png 1536w, https:\/\/apprende.jalisco.gob.mx\/cemej\/wp-content\/uploads\/sites\/37\/2024\/05\/botonvideos.png 1964w\" sizes=\"(max-width: 300px) 100vw, 300px\" \/>\t\t\t\t\t\t\t\t<\/a>\n\t\t\t\t\t\t\t\t\t\t\t\t\t\t\t<\/div>\n\t\t\t\t<\/div>\n\t\t\t\t\t<\/div>\n\t\t<\/div>\n\t\t\t\t<div class=\"elementor-column elementor-col-20 elementor-top-column elementor-element elementor-element-96e41b0\" data-id=\"96e41b0\" data-element_type=\"column\">\n\t\t\t<div class=\"elementor-widget-wrap\">\n\t\t\t\t\t\t\t\t\t<\/div>\n\t\t<\/div>\n\t\t\t\t\t\t\t<\/div>\n\t\t<\/section>\n\t\t\t\t\t\t\t<\/div>\n\t\t","protected":false},"excerpt":{"rendered":"<p>Distribuci\u00f3n del conocimiento Parte del equipo de la CEMEJ ha coordinado o participado en algunos de los textos aqu\u00ed publicados y se considera importante favorecer esta distribuci\u00f3n del conocimiento respetando la autor\u00eda y la autonom\u00eda de cada instituci\u00f3n con la que se ha colaborado.<\/p>\n","protected":false},"author":8,"featured_media":0,"parent":3909,"menu_order":0,"comment_status":"closed","ping_status":"closed","template":"","meta":{"_monsterinsights_skip_tracking":false,"_monsterinsights_sitenote_active":false,"_monsterinsights_sitenote_note":"","_monsterinsights_sitenote_category":0,"site-sidebar-layout":"no-sidebar","site-content-layout":"page-builder","ast-site-content-layout":"","site-content-style":"default","site-sidebar-style":"default","ast-global-header-display":"","ast-banner-title-visibility":"","ast-main-header-display":"","ast-hfb-above-header-display":"","ast-hfb-below-header-display":"","ast-hfb-mobile-header-display":"","site-post-title":"disabled","ast-breadcrumbs-content":"","ast-featured-img":"disabled","footer-sml-layout":"","theme-transparent-header-meta":"default","adv-header-id-meta":"","stick-header-meta":"default","header-above-stick-meta":"","header-main-stick-meta":"","header-below-stick-meta":"","astra-migrate-meta-layouts":"","ep_exclude_from_search":false,"footnotes":""},"acf":[],"yoast_head":"<!-- This site is optimized with the Yoast SEO Premium plugin v17.7 (Yoast SEO v21.0) - https:\/\/yoast.com\/wordpress\/plugins\/seo\/ -->\n<title>Distribuci\u00f3n del conocimiento - Comisi\u00f3n Estatal para la Mejora Continua en Jalisco<\/title>\n<meta name=\"robots\" content=\"index, follow, max-snippet:-1, max-image-preview:large, max-video-preview:-1\" \/>\n<link rel=\"canonical\" href=\"https:\/\/apprende.jalisco.gob.mx\/cemej\/investigacion\/distribucion-conocimiento\/\" \/>\n<meta property=\"og:locale\" content=\"es_MX\" \/>\n<meta property=\"og:type\" content=\"article\" \/>\n<meta property=\"og:title\" content=\"Distribuci\u00f3n del conocimiento\" \/>\n<meta property=\"og:description\" content=\"Distribuci\u00f3n del conocimiento Parte del equipo de la CEMEJ ha coordinado o participado en algunos de los textos aqu\u00ed publicados y se considera importante favorecer esta distribuci\u00f3n del conocimiento respetando la autor\u00eda y la autonom\u00eda de cada instituci\u00f3n con la que se ha colaborado.\" \/>\n<meta property=\"og:url\" content=\"https:\/\/apprende.jalisco.gob.mx\/cemej\/investigacion\/distribucion-conocimiento\/\" \/>\n<meta property=\"og:site_name\" content=\"Comisi\u00f3n Estatal para la Mejora Continua en Jalisco\" \/>\n<meta property=\"article:modified_time\" content=\"2025-02-18T16:25:10+00:00\" \/>\n<meta property=\"og:image\" content=\"https:\/\/apprende.jalisco.gob.mx\/cemej\/wp-content\/uploads\/sites\/37\/2024\/05\/botondialogos-276x300.png\" \/>\n<meta name=\"twitter:card\" content=\"summary_large_image\" \/>\n<meta name=\"twitter:label1\" content=\"Tiempo de lectura\" \/>\n\t<meta name=\"twitter:data1\" content=\"1 minuto\" \/>\n<script type=\"application\/ld+json\" class=\"yoast-schema-graph\">{\"@context\":\"https:\/\/schema.org\",\"@graph\":[{\"@type\":\"WebPage\",\"@id\":\"https:\/\/apprende.jalisco.gob.mx\/cemej\/investigacion\/distribucion-conocimiento\/\",\"url\":\"https:\/\/apprende.jalisco.gob.mx\/cemej\/investigacion\/distribucion-conocimiento\/\",\"name\":\"Distribuci\u00f3n del conocimiento - Comisi\u00f3n Estatal para la Mejora Continua en Jalisco\",\"isPartOf\":{\"@id\":\"https:\/\/apprende.jalisco.gob.mx\/cemej\/#website\"},\"datePublished\":\"2023-10-20T16:07:06+00:00\",\"dateModified\":\"2025-02-18T16:25:10+00:00\",\"breadcrumb\":{\"@id\":\"https:\/\/apprende.jalisco.gob.mx\/cemej\/investigacion\/distribucion-conocimiento\/#breadcrumb\"},\"inLanguage\":\"es-MX\",\"potentialAction\":[{\"@type\":\"ReadAction\",\"target\":[\"https:\/\/apprende.jalisco.gob.mx\/cemej\/investigacion\/distribucion-conocimiento\/\"]}]},{\"@type\":\"BreadcrumbList\",\"@id\":\"https:\/\/apprende.jalisco.gob.mx\/cemej\/investigacion\/distribucion-conocimiento\/#breadcrumb\",\"itemListElement\":[{\"@type\":\"ListItem\",\"position\":1,\"name\":\"Inicio\",\"item\":\"https:\/\/apprende.jalisco.gob.mx\/cemej\/\"},{\"@type\":\"ListItem\",\"position\":2,\"name\":\"Investigaci\u00f3n\",\"item\":\"https:\/\/apprende.jalisco.gob.mx\/cemej\/investigacion\/\"},{\"@type\":\"ListItem\",\"position\":3,\"name\":\"Distribuci\u00f3n del conocimiento\"}]},{\"@type\":\"WebSite\",\"@id\":\"https:\/\/apprende.jalisco.gob.mx\/cemej\/#website\",\"url\":\"https:\/\/apprende.jalisco.gob.mx\/cemej\/\",\"name\":\"Comisi\u00f3n Estatal para la Mejora Continua en Jalisco\",\"description\":\"Micrositio\",\"publisher\":{\"@id\":\"https:\/\/apprende.jalisco.gob.mx\/cemej\/#organization\"},\"potentialAction\":[{\"@type\":\"SearchAction\",\"target\":{\"@type\":\"EntryPoint\",\"urlTemplate\":\"https:\/\/apprende.jalisco.gob.mx\/cemej\/?s={search_term_string}\"},\"query-input\":\"required name=search_term_string\"}],\"inLanguage\":\"es-MX\"},{\"@type\":\"Organization\",\"@id\":\"https:\/\/apprende.jalisco.gob.mx\/cemej\/#organization\",\"name\":\"Comisi\u00f3n Estatal para la Mejora Continua en Jalisco\",\"url\":\"https:\/\/apprende.jalisco.gob.mx\/cemej\/\",\"logo\":{\"@type\":\"ImageObject\",\"inLanguage\":\"es-MX\",\"@id\":\"https:\/\/apprende.jalisco.gob.mx\/cemej\/#\/schema\/logo\/image\/\",\"url\":\"https:\/\/apprende.jalisco.gob.mx\/cemej\/wp-content\/uploads\/sites\/37\/2022\/03\/logo-Educacion2025-1.png\",\"contentUrl\":\"https:\/\/apprende.jalisco.gob.mx\/cemej\/wp-content\/uploads\/sites\/37\/2022\/03\/logo-Educacion2025-1.png\",\"width\":427,\"height\":108,\"caption\":\"Comisi\u00f3n Estatal para la Mejora Continua en Jalisco\"},\"image\":{\"@id\":\"https:\/\/apprende.jalisco.gob.mx\/cemej\/#\/schema\/logo\/image\/\"}}]}<\/script>\n<!-- \/ Yoast SEO Premium plugin. -->","yoast_head_json":{"title":"Distribuci\u00f3n del conocimiento - Comisi\u00f3n Estatal para la Mejora Continua en Jalisco","robots":{"index":"index","follow":"follow","max-snippet":"max-snippet:-1","max-image-preview":"max-image-preview:large","max-video-preview":"max-video-preview:-1"},"canonical":"https:\/\/apprende.jalisco.gob.mx\/cemej\/investigacion\/distribucion-conocimiento\/","og_locale":"es_MX","og_type":"article","og_title":"Distribuci\u00f3n del conocimiento","og_description":"Distribuci\u00f3n del conocimiento Parte del equipo de la CEMEJ ha coordinado o participado en algunos de los textos aqu\u00ed publicados y se considera importante favorecer esta distribuci\u00f3n del conocimiento respetando la autor\u00eda y la autonom\u00eda de cada instituci\u00f3n con la que se ha colaborado.","og_url":"https:\/\/apprende.jalisco.gob.mx\/cemej\/investigacion\/distribucion-conocimiento\/","og_site_name":"Comisi\u00f3n Estatal para la Mejora Continua en Jalisco","article_modified_time":"2025-02-18T16:25:10+00:00","og_image":[{"url":"https:\/\/apprende.jalisco.gob.mx\/cemej\/wp-content\/uploads\/sites\/37\/2024\/05\/botondialogos-276x300.png"}],"twitter_card":"summary_large_image","twitter_misc":{"Tiempo de lectura":"1 minuto"},"schema":{"@context":"https:\/\/schema.org","@graph":[{"@type":"WebPage","@id":"https:\/\/apprende.jalisco.gob.mx\/cemej\/investigacion\/distribucion-conocimiento\/","url":"https:\/\/apprende.jalisco.gob.mx\/cemej\/investigacion\/distribucion-conocimiento\/","name":"Distribuci\u00f3n del conocimiento - Comisi\u00f3n Estatal para la Mejora Continua en Jalisco","isPartOf":{"@id":"https:\/\/apprende.jalisco.gob.mx\/cemej\/#website"},"datePublished":"2023-10-20T16:07:06+00:00","dateModified":"2025-02-18T16:25:10+00:00","breadcrumb":{"@id":"https:\/\/apprende.jalisco.gob.mx\/cemej\/investigacion\/distribucion-conocimiento\/#breadcrumb"},"inLanguage":"es-MX","potentialAction":[{"@type":"ReadAction","target":["https:\/\/apprende.jalisco.gob.mx\/cemej\/investigacion\/distribucion-conocimiento\/"]}]},{"@type":"BreadcrumbList","@id":"https:\/\/apprende.jalisco.gob.mx\/cemej\/investigacion\/distribucion-conocimiento\/#breadcrumb","itemListElement":[{"@type":"ListItem","position":1,"name":"Inicio","item":"https:\/\/apprende.jalisco.gob.mx\/cemej\/"},{"@type":"ListItem","position":2,"name":"Investigaci\u00f3n","item":"https:\/\/apprende.jalisco.gob.mx\/cemej\/investigacion\/"},{"@type":"ListItem","position":3,"name":"Distribuci\u00f3n del conocimiento"}]},{"@type":"WebSite","@id":"https:\/\/apprende.jalisco.gob.mx\/cemej\/#website","url":"https:\/\/apprende.jalisco.gob.mx\/cemej\/","name":"Comisi\u00f3n Estatal para la Mejora Continua en Jalisco","description":"Micrositio","publisher":{"@id":"https:\/\/apprende.jalisco.gob.mx\/cemej\/#organization"},"potentialAction":[{"@type":"SearchAction","target":{"@type":"EntryPoint","urlTemplate":"https:\/\/apprende.jalisco.gob.mx\/cemej\/?s={search_term_string}"},"query-input":"required name=search_term_string"}],"inLanguage":"es-MX"},{"@type":"Organization","@id":"https:\/\/apprende.jalisco.gob.mx\/cemej\/#organization","name":"Comisi\u00f3n Estatal para la Mejora Continua en Jalisco","url":"https:\/\/apprende.jalisco.gob.mx\/cemej\/","logo":{"@type":"ImageObject","inLanguage":"es-MX","@id":"https:\/\/apprende.jalisco.gob.mx\/cemej\/#\/schema\/logo\/image\/","url":"https:\/\/apprende.jalisco.gob.mx\/cemej\/wp-content\/uploads\/sites\/37\/2022\/03\/logo-Educacion2025-1.png","contentUrl":"https:\/\/apprende.jalisco.gob.mx\/cemej\/wp-content\/uploads\/sites\/37\/2022\/03\/logo-Educacion2025-1.png","width":427,"height":108,"caption":"Comisi\u00f3n Estatal para la Mejora Continua en Jalisco"},"image":{"@id":"https:\/\/apprende.jalisco.gob.mx\/cemej\/#\/schema\/logo\/image\/"}}]}},"_links":{"self":[{"href":"https:\/\/apprende.jalisco.gob.mx\/cemej\/wp-json\/wp\/v2\/pages\/3934"}],"collection":[{"href":"https:\/\/apprende.jalisco.gob.mx\/cemej\/wp-json\/wp\/v2\/pages"}],"about":[{"href":"https:\/\/apprende.jalisco.gob.mx\/cemej\/wp-json\/wp\/v2\/types\/page"}],"author":[{"embeddable":true,"href":"https:\/\/apprende.jalisco.gob.mx\/cemej\/wp-json\/wp\/v2\/users\/8"}],"replies":[{"embeddable":true,"href":"https:\/\/apprende.jalisco.gob.mx\/cemej\/wp-json\/wp\/v2\/comments?post=3934"}],"version-history":[{"count":49,"href":"https:\/\/apprende.jalisco.gob.mx\/cemej\/wp-json\/wp\/v2\/pages\/3934\/revisions"}],"predecessor-version":[{"id":4912,"href":"https:\/\/apprende.jalisco.gob.mx\/cemej\/wp-json\/wp\/v2\/pages\/3934\/revisions\/4912"}],"up":[{"embeddable":true,"href":"https:\/\/apprende.jalisco.gob.mx\/cemej\/wp-json\/wp\/v2\/pages\/3909"}],"wp:attachment":[{"href":"https:\/\/apprende.jalisco.gob.mx\/cemej\/wp-json\/wp\/v2\/media?parent=3934"}],"curies":[{"name":"wp","href":"https:\/\/api.w.org\/{rel}","templated":true}]}}