{"id":4019,"date":"2023-03-09T13:18:43","date_gmt":"2023-03-09T19:18:43","guid":{"rendered":"https:\/\/recrea.jalisco.gob.mx\/consejo-tecnico-escolar\/?page_id=4019"},"modified":"2023-03-09T13:24:11","modified_gmt":"2023-03-09T19:24:11","slug":"fase-intensiva-2022-2023","status":"publish","type":"page","link":"https:\/\/apprende.jalisco.gob.mx\/consejo-tecnico-escolar\/fase-intensiva-2022-2023\/","title":{"rendered":"Fase intensiva  2022-2023"},"content":{"rendered":"\t\t<div data-elementor-type=\"wp-page\" data-elementor-id=\"4019\" class=\"elementor elementor-4019\" data-elementor-post-type=\"page\">\n\t\t\t\t\t\t\t\t\t<section class=\"elementor-section elementor-top-section elementor-element elementor-element-90e1ac2 elementor-section-boxed elementor-section-height-default elementor-section-height-default\" data-id=\"90e1ac2\" data-element_type=\"section\" data-settings=\"{&quot;ekit_has_onepagescroll_dot&quot;:&quot;yes&quot;}\">\n\t\t\t\t\t\t<div class=\"elementor-container elementor-column-gap-default\">\n\t\t\t\t\t<div class=\"elementor-column elementor-col-100 elementor-top-column elementor-element elementor-element-e1a6d5c\" data-id=\"e1a6d5c\" data-element_type=\"column\">\n\t\t\t<div class=\"elementor-widget-wrap elementor-element-populated\">\n\t\t\t\t\t\t\t\t<div class=\"elementor-element elementor-element-feb4731 elementor-widget elementor-widget-breadcrumbs\" data-id=\"feb4731\" data-element_type=\"widget\" data-settings=\"{&quot;ekit_we_effect_on&quot;:&quot;none&quot;}\" data-widget_type=\"breadcrumbs.default\">\n\t\t\t\t<div class=\"elementor-widget-container\">\n\t\t\t<div id=\"breadcrumbs\"><span><span><a href=\"https:\/\/apprende.jalisco.gob.mx\/consejo-tecnico-escolar\/\">Inicio<\/a><\/span><\/span><\/div>\t\t<\/div>\n\t\t\t\t<\/div>\n\t\t\t\t\t<\/div>\n\t\t<\/div>\n\t\t\t\t\t\t\t<\/div>\n\t\t<\/section>\n\t\t\t\t<section class=\"elementor-section elementor-top-section elementor-element elementor-element-f598b9d elementor-section-boxed elementor-section-height-default elementor-section-height-default\" data-id=\"f598b9d\" data-element_type=\"section\" data-settings=\"{&quot;ekit_has_onepagescroll_dot&quot;:&quot;yes&quot;}\">\n\t\t\t\t\t\t<div class=\"elementor-container elementor-column-gap-default\">\n\t\t\t\t\t<div class=\"elementor-column elementor-col-100 elementor-top-column elementor-element elementor-element-4e47999\" data-id=\"4e47999\" data-element_type=\"column\">\n\t\t\t<div class=\"elementor-widget-wrap elementor-element-populated\">\n\t\t\t\t\t\t\t\t<div class=\"elementor-element elementor-element-19eac19 elementor-widget elementor-widget-heading\" data-id=\"19eac19\" data-element_type=\"widget\" data-settings=\"{&quot;ekit_we_effect_on&quot;:&quot;none&quot;}\" data-widget_type=\"heading.default\">\n\t\t\t\t<div class=\"elementor-widget-container\">\n\t\t\t<h2 class=\"elementor-heading-title elementor-size-default\">Consejo T\u00e9cnico Escolar Ciclo Escolar 2022-2023<\/h2>\t\t<\/div>\n\t\t\t\t<\/div>\n\t\t\t\t<div class=\"elementor-element elementor-element-a5446b5 elementor-widget elementor-widget-heading\" data-id=\"a5446b5\" data-element_type=\"widget\" data-settings=\"{&quot;ekit_we_effect_on&quot;:&quot;none&quot;}\" data-widget_type=\"heading.default\">\n\t\t\t\t<div class=\"elementor-widget-container\">\n\t\t\t<h3 class=\"elementor-heading-title elementor-size-default\">Fase intensiva<\/h3>\t\t<\/div>\n\t\t\t\t<\/div>\n\t\t\t\t<section class=\"elementor-section elementor-inner-section elementor-element elementor-element-d040a61 elementor-section-boxed elementor-section-height-default elementor-section-height-default\" data-id=\"d040a61\" data-element_type=\"section\" data-settings=\"{&quot;ekit_has_onepagescroll_dot&quot;:&quot;yes&quot;}\">\n\t\t\t\t\t\t<div class=\"elementor-container elementor-column-gap-default\">\n\t\t\t\t\t<div class=\"elementor-column elementor-col-25 elementor-inner-column elementor-element elementor-element-1682243\" data-id=\"1682243\" data-element_type=\"column\">\n\t\t\t<div class=\"elementor-widget-wrap elementor-element-populated\">\n\t\t\t\t\t\t\t\t<div class=\"elementor-element elementor-element-4aa1571 elementor-position-top elementor-widget elementor-widget-image-box\" data-id=\"4aa1571\" data-element_type=\"widget\" data-settings=\"{&quot;ekit_we_effect_on&quot;:&quot;none&quot;}\" data-widget_type=\"image-box.default\">\n\t\t\t\t<div class=\"elementor-widget-container\">\n\t\t\t<div class=\"elementor-image-box-wrapper\"><figure class=\"elementor-image-box-img\"><img decoding=\"async\" width=\"1024\" height=\"683\" src=\"https:\/\/apprende.jalisco.gob.mx\/consejo-tecnico-escolar\/wp-content\/uploads\/sites\/42\/2023\/03\/image1cte-1024x683-1.jpg\" class=\"attachment-full size-full wp-image-3800\" alt=\"\" srcset=\"https:\/\/apprende.jalisco.gob.mx\/consejo-tecnico-escolar\/wp-content\/uploads\/sites\/42\/2023\/03\/image1cte-1024x683-1.jpg 1024w, https:\/\/apprende.jalisco.gob.mx\/consejo-tecnico-escolar\/wp-content\/uploads\/sites\/42\/2023\/03\/image1cte-1024x683-1-300x200.jpg 300w, https:\/\/apprende.jalisco.gob.mx\/consejo-tecnico-escolar\/wp-content\/uploads\/sites\/42\/2023\/03\/image1cte-1024x683-1-768x512.jpg 768w\" sizes=\"(max-width: 1024px) 100vw, 1024px\" \/><\/figure><div class=\"elementor-image-box-content\"><h6 class=\"elementor-image-box-title\">Sesi\u00f3n 1 <\/h6><p class=\"elementor-image-box-description\"><ul><li><a href=\"https:\/\/apprende.jalisco.gob.mx\/consejo-tecnico-escolar\/wp-content\/uploads\/sites\/42\/2023\/03\/Guia_Sesion-1_FI.pdf\"  target=\"_blank\" >\n\nGu\u00eda fase intensiva sesi\u00f3n 1<\/a><\/li><\/ul><\/p><\/div><\/div>\t\t<\/div>\n\t\t\t\t<\/div>\n\t\t\t\t\t<\/div>\n\t\t<\/div>\n\t\t\t\t<div class=\"elementor-column elementor-col-25 elementor-inner-column elementor-element elementor-element-3348ead\" data-id=\"3348ead\" data-element_type=\"column\">\n\t\t\t<div class=\"elementor-widget-wrap elementor-element-populated\">\n\t\t\t\t\t\t\t\t<div class=\"elementor-element elementor-element-5ba5d24 elementor-position-top elementor-widget elementor-widget-image-box\" data-id=\"5ba5d24\" data-element_type=\"widget\" data-settings=\"{&quot;ekit_we_effect_on&quot;:&quot;none&quot;}\" data-widget_type=\"image-box.default\">\n\t\t\t\t<div class=\"elementor-widget-container\">\n\t\t\t<div class=\"elementor-image-box-wrapper\"><figure class=\"elementor-image-box-img\"><img decoding=\"async\" width=\"1024\" height=\"683\" src=\"https:\/\/apprende.jalisco.gob.mx\/consejo-tecnico-escolar\/wp-content\/uploads\/sites\/42\/2023\/03\/image1cte-1024x683-1.jpg\" class=\"attachment-full size-full wp-image-3800\" alt=\"\" srcset=\"https:\/\/apprende.jalisco.gob.mx\/consejo-tecnico-escolar\/wp-content\/uploads\/sites\/42\/2023\/03\/image1cte-1024x683-1.jpg 1024w, https:\/\/apprende.jalisco.gob.mx\/consejo-tecnico-escolar\/wp-content\/uploads\/sites\/42\/2023\/03\/image1cte-1024x683-1-300x200.jpg 300w, https:\/\/apprende.jalisco.gob.mx\/consejo-tecnico-escolar\/wp-content\/uploads\/sites\/42\/2023\/03\/image1cte-1024x683-1-768x512.jpg 768w\" sizes=\"(max-width: 1024px) 100vw, 1024px\" \/><\/figure><div class=\"elementor-image-box-content\"><h6 class=\"elementor-image-box-title\">Sesi\u00f3n 2<\/h6><p class=\"elementor-image-box-description\"><ul><li><a href=\"https:\/\/apprende.jalisco.gob.mx\/consejo-tecnico-escolar\/wp-content\/uploads\/sites\/42\/2023\/03\/Guia_Sesion-2_FI.pdf\" target=\"_blank\" >Gu\u00eda fase intensiva sesi\u00f3n 2<\/a><\/li><\/ul><\/p><\/div><\/div>\t\t<\/div>\n\t\t\t\t<\/div>\n\t\t\t\t\t<\/div>\n\t\t<\/div>\n\t\t\t\t<div class=\"elementor-column elementor-col-25 elementor-inner-column elementor-element elementor-element-3069ecb\" data-id=\"3069ecb\" data-element_type=\"column\">\n\t\t\t<div class=\"elementor-widget-wrap elementor-element-populated\">\n\t\t\t\t\t\t\t\t<div class=\"elementor-element elementor-element-4610025 elementor-position-top elementor-widget elementor-widget-image-box\" data-id=\"4610025\" data-element_type=\"widget\" data-settings=\"{&quot;ekit_we_effect_on&quot;:&quot;none&quot;}\" data-widget_type=\"image-box.default\">\n\t\t\t\t<div class=\"elementor-widget-container\">\n\t\t\t<div class=\"elementor-image-box-wrapper\"><figure class=\"elementor-image-box-img\"><img decoding=\"async\" width=\"1024\" height=\"683\" src=\"https:\/\/apprende.jalisco.gob.mx\/consejo-tecnico-escolar\/wp-content\/uploads\/sites\/42\/2023\/03\/image1cte-1024x683-1.jpg\" class=\"attachment-full size-full wp-image-3800\" alt=\"\" srcset=\"https:\/\/apprende.jalisco.gob.mx\/consejo-tecnico-escolar\/wp-content\/uploads\/sites\/42\/2023\/03\/image1cte-1024x683-1.jpg 1024w, https:\/\/apprende.jalisco.gob.mx\/consejo-tecnico-escolar\/wp-content\/uploads\/sites\/42\/2023\/03\/image1cte-1024x683-1-300x200.jpg 300w, https:\/\/apprende.jalisco.gob.mx\/consejo-tecnico-escolar\/wp-content\/uploads\/sites\/42\/2023\/03\/image1cte-1024x683-1-768x512.jpg 768w\" sizes=\"(max-width: 1024px) 100vw, 1024px\" \/><\/figure><div class=\"elementor-image-box-content\"><h6 class=\"elementor-image-box-title\">Sesi\u00f3n 3<\/h6><p class=\"elementor-image-box-description\"><ul><li><a href=\"https:\/\/apprende.jalisco.gob.mx\/consejo-tecnico-escolar\/wp-content\/uploads\/sites\/42\/2023\/03\/Guia_Sesion-3_FI.pdf\" target=\"_blank\" >Gu\u00eda fase intensiva sesi\u00f3n 3<\/a><\/li><\/ul><\/p><\/div><\/div>\t\t<\/div>\n\t\t\t\t<\/div>\n\t\t\t\t\t<\/div>\n\t\t<\/div>\n\t\t\t\t<div class=\"elementor-column elementor-col-25 elementor-inner-column elementor-element elementor-element-7ec2602\" data-id=\"7ec2602\" data-element_type=\"column\">\n\t\t\t<div class=\"elementor-widget-wrap elementor-element-populated\">\n\t\t\t\t\t\t\t\t<div class=\"elementor-element elementor-element-bc30ec1 elementor-position-top elementor-widget elementor-widget-image-box\" data-id=\"bc30ec1\" data-element_type=\"widget\" data-settings=\"{&quot;ekit_we_effect_on&quot;:&quot;none&quot;}\" data-widget_type=\"image-box.default\">\n\t\t\t\t<div class=\"elementor-widget-container\">\n\t\t\t<div class=\"elementor-image-box-wrapper\"><figure class=\"elementor-image-box-img\"><img decoding=\"async\" width=\"1024\" height=\"683\" src=\"https:\/\/apprende.jalisco.gob.mx\/consejo-tecnico-escolar\/wp-content\/uploads\/sites\/42\/2023\/03\/image1cte-1024x683-1.jpg\" class=\"attachment-full size-full wp-image-3800\" alt=\"\" srcset=\"https:\/\/apprende.jalisco.gob.mx\/consejo-tecnico-escolar\/wp-content\/uploads\/sites\/42\/2023\/03\/image1cte-1024x683-1.jpg 1024w, https:\/\/apprende.jalisco.gob.mx\/consejo-tecnico-escolar\/wp-content\/uploads\/sites\/42\/2023\/03\/image1cte-1024x683-1-300x200.jpg 300w, https:\/\/apprende.jalisco.gob.mx\/consejo-tecnico-escolar\/wp-content\/uploads\/sites\/42\/2023\/03\/image1cte-1024x683-1-768x512.jpg 768w\" sizes=\"(max-width: 1024px) 100vw, 1024px\" \/><\/figure><div class=\"elementor-image-box-content\"><h6 class=\"elementor-image-box-title\">Sesi\u00f3n 4<\/h6><p class=\"elementor-image-box-description\"><ul><li><a href=\"https:\/\/apprende.jalisco.gob.mx\/consejo-tecnico-escolar\/wp-content\/uploads\/sites\/42\/2023\/03\/Guia_Sesion-4_FI.pdf\" target=\"_blank\" >Gu\u00eda fase intensiva sesi\u00f3n 4<\/a><\/li><\/ul><\/p><\/div><\/div>\t\t<\/div>\n\t\t\t\t<\/div>\n\t\t\t\t\t<\/div>\n\t\t<\/div>\n\t\t\t\t\t\t\t<\/div>\n\t\t<\/section>\n\t\t\t\t<section class=\"elementor-section elementor-inner-section elementor-element elementor-element-07816c9 elementor-section-boxed elementor-section-height-default elementor-section-height-default\" data-id=\"07816c9\" data-element_type=\"section\" data-settings=\"{&quot;ekit_has_onepagescroll_dot&quot;:&quot;yes&quot;}\">\n\t\t\t\t\t\t<div class=\"elementor-container elementor-column-gap-default\">\n\t\t\t\t\t<div class=\"elementor-column elementor-col-50 elementor-inner-column elementor-element elementor-element-3f3aaf9\" data-id=\"3f3aaf9\" data-element_type=\"column\">\n\t\t\t<div class=\"elementor-widget-wrap elementor-element-populated\">\n\t\t\t\t\t\t\t\t<div class=\"elementor-element elementor-element-673b54a elementor-widget elementor-widget-text-editor\" data-id=\"673b54a\" data-element_type=\"widget\" data-settings=\"{&quot;ekit_we_effect_on&quot;:&quot;none&quot;}\" data-widget_type=\"text-editor.default\">\n\t\t\t\t<div class=\"elementor-widget-container\">\n\t\t\t\t\t\t\t<iframe title=\"YouTube video player\" src=\"https:\/\/www.youtube.com\/embed\/gB0tKF_KAy4\" width=\"560\" height=\"315\" frameborder=\"0\" allowfullscreen=\"allowfullscreen\"><\/iframe>\t\t\t\t\t\t<\/div>\n\t\t\t\t<\/div>\n\t\t\t\t\t<\/div>\n\t\t<\/div>\n\t\t\t\t<div class=\"elementor-column elementor-col-50 elementor-inner-column elementor-element elementor-element-337fc76\" data-id=\"337fc76\" data-element_type=\"column\">\n\t\t\t<div class=\"elementor-widget-wrap elementor-element-populated\">\n\t\t\t\t\t\t\t\t<div class=\"elementor-element elementor-element-c5d0432 elementor-widget elementor-widget-text-editor\" data-id=\"c5d0432\" data-element_type=\"widget\" data-settings=\"{&quot;ekit_we_effect_on&quot;:&quot;none&quot;}\" data-widget_type=\"text-editor.default\">\n\t\t\t\t<div class=\"elementor-widget-container\">\n\t\t\t\t\t\t\t<iframe title=\"YouTube video player\" src=\"https:\/\/www.youtube.com\/embed\/lmd2s2zaSK8\" width=\"560\" height=\"315\" frameborder=\"0\" allowfullscreen=\"allowfullscreen\"><\/iframe>\t\t\t\t\t\t<\/div>\n\t\t\t\t<\/div>\n\t\t\t\t\t<\/div>\n\t\t<\/div>\n\t\t\t\t\t\t\t<\/div>\n\t\t<\/section>\n\t\t\t\t\t<\/div>\n\t\t<\/div>\n\t\t\t\t\t\t\t<\/div>\n\t\t<\/section>\n\t\t\t\t\t\t\t<\/div>\n\t\t","protected":false},"excerpt":{"rendered":"<p>Consejo T\u00e9cnico Escolar Ciclo Escolar 2022-2023 Fase intensiva Sesi\u00f3n 1 Gu\u00eda fase intensiva sesi\u00f3n 1 Sesi\u00f3n 2 Gu\u00eda fase intensiva sesi\u00f3n 2 Sesi\u00f3n 3 Gu\u00eda fase intensiva sesi\u00f3n 3 Sesi\u00f3n 4 Gu\u00eda fase intensiva sesi\u00f3n 4<\/p>\n","protected":false},"author":8,"featured_media":0,"parent":0,"menu_order":0,"comment_status":"closed","ping_status":"closed","template":"","meta":{"_monsterinsights_skip_tracking":false,"_monsterinsights_sitenote_active":false,"_monsterinsights_sitenote_note":"","_monsterinsights_sitenote_category":0,"site-sidebar-layout":"no-sidebar","site-content-layout":"page-builder","ast-site-content-layout":"","site-content-style":"default","site-sidebar-style":"default","ast-global-header-display":"","ast-banner-title-visibility":"","ast-main-header-display":"","ast-hfb-above-header-display":"","ast-hfb-below-header-display":"","ast-hfb-mobile-header-display":"","site-post-title":"disabled","ast-breadcrumbs-content":"","ast-featured-img":"disabled","footer-sml-layout":"","theme-transparent-header-meta":"","adv-header-id-meta":"","stick-header-meta":"","header-above-stick-meta":"","header-main-stick-meta":"","header-below-stick-meta":"","astra-migrate-meta-layouts":"","ep_exclude_from_search":false,"footnotes":""},"acf":[],"yoast_head":"<!-- This site is optimized with the Yoast SEO Premium plugin v17.7 (Yoast SEO v21.0) - https:\/\/yoast.com\/wordpress\/plugins\/seo\/ -->\n<title>Fase intensiva 2022-2023 - Consejo T\u00e9cnico Escolar<\/title>\n<meta name=\"robots\" content=\"index, follow, max-snippet:-1, max-image-preview:large, max-video-preview:-1\" \/>\n<link rel=\"canonical\" href=\"https:\/\/apprende.jalisco.gob.mx\/consejo-tecnico-escolar\/fase-intensiva-2022-2023\/\" \/>\n<meta property=\"og:locale\" content=\"es_MX\" \/>\n<meta property=\"og:type\" content=\"article\" \/>\n<meta property=\"og:title\" content=\"Fase intensiva 2022-2023\" \/>\n<meta property=\"og:description\" content=\"Consejo T\u00e9cnico Escolar Ciclo Escolar 2022-2023 Fase intensiva Sesi\u00f3n 1 Gu\u00eda fase intensiva sesi\u00f3n 1 Sesi\u00f3n 2 Gu\u00eda fase intensiva sesi\u00f3n 2 Sesi\u00f3n 3 Gu\u00eda fase intensiva sesi\u00f3n 3 Sesi\u00f3n 4 Gu\u00eda fase intensiva sesi\u00f3n 4\" \/>\n<meta property=\"og:url\" content=\"https:\/\/apprende.jalisco.gob.mx\/consejo-tecnico-escolar\/fase-intensiva-2022-2023\/\" \/>\n<meta property=\"og:site_name\" content=\"Consejo T\u00e9cnico Escolar\" \/>\n<meta property=\"article:modified_time\" content=\"2023-03-09T19:24:11+00:00\" \/>\n<meta property=\"og:image\" content=\"https:\/\/recrea.jalisco.gob.mx\/consejo-tecnico-escolar\/wp-content\/uploads\/sites\/42\/2023\/03\/image1cte-1024x683-1.jpg\" \/>\n<meta name=\"twitter:card\" content=\"summary_large_image\" \/>\n<meta name=\"twitter:label1\" content=\"Tiempo de lectura\" \/>\n\t<meta name=\"twitter:data1\" content=\"1 minuto\" \/>\n<script type=\"application\/ld+json\" class=\"yoast-schema-graph\">{\"@context\":\"https:\/\/schema.org\",\"@graph\":[{\"@type\":\"WebPage\",\"@id\":\"https:\/\/apprende.jalisco.gob.mx\/consejo-tecnico-escolar\/fase-intensiva-2022-2023\/\",\"url\":\"https:\/\/apprende.jalisco.gob.mx\/consejo-tecnico-escolar\/fase-intensiva-2022-2023\/\",\"name\":\"Fase intensiva 2022-2023 - Consejo T\u00e9cnico Escolar\",\"isPartOf\":{\"@id\":\"https:\/\/apprende.jalisco.gob.mx\/consejo-tecnico-escolar\/#website\"},\"datePublished\":\"2023-03-09T19:18:43+00:00\",\"dateModified\":\"2023-03-09T19:24:11+00:00\",\"breadcrumb\":{\"@id\":\"https:\/\/apprende.jalisco.gob.mx\/consejo-tecnico-escolar\/fase-intensiva-2022-2023\/#breadcrumb\"},\"inLanguage\":\"es-MX\",\"potentialAction\":[{\"@type\":\"ReadAction\",\"target\":[\"https:\/\/apprende.jalisco.gob.mx\/consejo-tecnico-escolar\/fase-intensiva-2022-2023\/\"]}]},{\"@type\":\"BreadcrumbList\",\"@id\":\"https:\/\/apprende.jalisco.gob.mx\/consejo-tecnico-escolar\/fase-intensiva-2022-2023\/#breadcrumb\",\"itemListElement\":[{\"@type\":\"ListItem\",\"position\":1,\"name\":\"Inicio\",\"item\":\"https:\/\/apprende.jalisco.gob.mx\/consejo-tecnico-escolar\/\"},{\"@type\":\"ListItem\",\"position\":2,\"name\":\"Fase intensiva 2022-2023\"}]},{\"@type\":\"WebSite\",\"@id\":\"https:\/\/apprende.jalisco.gob.mx\/consejo-tecnico-escolar\/#website\",\"url\":\"https:\/\/apprende.jalisco.gob.mx\/consejo-tecnico-escolar\/\",\"name\":\"Consejo T\u00e9cnico Escolar\",\"description\":\"Micrositio\",\"publisher\":{\"@id\":\"https:\/\/apprende.jalisco.gob.mx\/consejo-tecnico-escolar\/#organization\"},\"potentialAction\":[{\"@type\":\"SearchAction\",\"target\":{\"@type\":\"EntryPoint\",\"urlTemplate\":\"https:\/\/apprende.jalisco.gob.mx\/consejo-tecnico-escolar\/?s={search_term_string}\"},\"query-input\":\"required name=search_term_string\"}],\"inLanguage\":\"es-MX\"},{\"@type\":\"Organization\",\"@id\":\"https:\/\/apprende.jalisco.gob.mx\/consejo-tecnico-escolar\/#organization\",\"name\":\"Consejo T\u00e9cnico Escolar\",\"url\":\"https:\/\/apprende.jalisco.gob.mx\/consejo-tecnico-escolar\/\",\"logo\":{\"@type\":\"ImageObject\",\"inLanguage\":\"es-MX\",\"@id\":\"https:\/\/apprende.jalisco.gob.mx\/consejo-tecnico-escolar\/#\/schema\/logo\/image\/\",\"url\":\"https:\/\/apprende.jalisco.gob.mx\/consejo-tecnico-escolar\/wp-content\/uploads\/sites\/42\/2022\/03\/logo-Educacion2025.png\",\"contentUrl\":\"https:\/\/apprende.jalisco.gob.mx\/consejo-tecnico-escolar\/wp-content\/uploads\/sites\/42\/2022\/03\/logo-Educacion2025.png\",\"width\":427,\"height\":108,\"caption\":\"Consejo T\u00e9cnico Escolar\"},\"image\":{\"@id\":\"https:\/\/apprende.jalisco.gob.mx\/consejo-tecnico-escolar\/#\/schema\/logo\/image\/\"}}]}<\/script>\n<!-- \/ Yoast SEO Premium plugin. -->","yoast_head_json":{"title":"Fase intensiva 2022-2023 - Consejo T\u00e9cnico Escolar","robots":{"index":"index","follow":"follow","max-snippet":"max-snippet:-1","max-image-preview":"max-image-preview:large","max-video-preview":"max-video-preview:-1"},"canonical":"https:\/\/apprende.jalisco.gob.mx\/consejo-tecnico-escolar\/fase-intensiva-2022-2023\/","og_locale":"es_MX","og_type":"article","og_title":"Fase intensiva 2022-2023","og_description":"Consejo T\u00e9cnico Escolar Ciclo Escolar 2022-2023 Fase intensiva Sesi\u00f3n 1 Gu\u00eda fase intensiva sesi\u00f3n 1 Sesi\u00f3n 2 Gu\u00eda fase intensiva sesi\u00f3n 2 Sesi\u00f3n 3 Gu\u00eda fase intensiva sesi\u00f3n 3 Sesi\u00f3n 4 Gu\u00eda fase intensiva sesi\u00f3n 4","og_url":"https:\/\/apprende.jalisco.gob.mx\/consejo-tecnico-escolar\/fase-intensiva-2022-2023\/","og_site_name":"Consejo T\u00e9cnico Escolar","article_modified_time":"2023-03-09T19:24:11+00:00","og_image":[{"url":"https:\/\/recrea.jalisco.gob.mx\/consejo-tecnico-escolar\/wp-content\/uploads\/sites\/42\/2023\/03\/image1cte-1024x683-1.jpg"}],"twitter_card":"summary_large_image","twitter_misc":{"Tiempo de lectura":"1 minuto"},"schema":{"@context":"https:\/\/schema.org","@graph":[{"@type":"WebPage","@id":"https:\/\/apprende.jalisco.gob.mx\/consejo-tecnico-escolar\/fase-intensiva-2022-2023\/","url":"https:\/\/apprende.jalisco.gob.mx\/consejo-tecnico-escolar\/fase-intensiva-2022-2023\/","name":"Fase intensiva 2022-2023 - Consejo T\u00e9cnico Escolar","isPartOf":{"@id":"https:\/\/apprende.jalisco.gob.mx\/consejo-tecnico-escolar\/#website"},"datePublished":"2023-03-09T19:18:43+00:00","dateModified":"2023-03-09T19:24:11+00:00","breadcrumb":{"@id":"https:\/\/apprende.jalisco.gob.mx\/consejo-tecnico-escolar\/fase-intensiva-2022-2023\/#breadcrumb"},"inLanguage":"es-MX","potentialAction":[{"@type":"ReadAction","target":["https:\/\/apprende.jalisco.gob.mx\/consejo-tecnico-escolar\/fase-intensiva-2022-2023\/"]}]},{"@type":"BreadcrumbList","@id":"https:\/\/apprende.jalisco.gob.mx\/consejo-tecnico-escolar\/fase-intensiva-2022-2023\/#breadcrumb","itemListElement":[{"@type":"ListItem","position":1,"name":"Inicio","item":"https:\/\/apprende.jalisco.gob.mx\/consejo-tecnico-escolar\/"},{"@type":"ListItem","position":2,"name":"Fase intensiva 2022-2023"}]},{"@type":"WebSite","@id":"https:\/\/apprende.jalisco.gob.mx\/consejo-tecnico-escolar\/#website","url":"https:\/\/apprende.jalisco.gob.mx\/consejo-tecnico-escolar\/","name":"Consejo T\u00e9cnico Escolar","description":"Micrositio","publisher":{"@id":"https:\/\/apprende.jalisco.gob.mx\/consejo-tecnico-escolar\/#organization"},"potentialAction":[{"@type":"SearchAction","target":{"@type":"EntryPoint","urlTemplate":"https:\/\/apprende.jalisco.gob.mx\/consejo-tecnico-escolar\/?s={search_term_string}"},"query-input":"required name=search_term_string"}],"inLanguage":"es-MX"},{"@type":"Organization","@id":"https:\/\/apprende.jalisco.gob.mx\/consejo-tecnico-escolar\/#organization","name":"Consejo T\u00e9cnico Escolar","url":"https:\/\/apprende.jalisco.gob.mx\/consejo-tecnico-escolar\/","logo":{"@type":"ImageObject","inLanguage":"es-MX","@id":"https:\/\/apprende.jalisco.gob.mx\/consejo-tecnico-escolar\/#\/schema\/logo\/image\/","url":"https:\/\/apprende.jalisco.gob.mx\/consejo-tecnico-escolar\/wp-content\/uploads\/sites\/42\/2022\/03\/logo-Educacion2025.png","contentUrl":"https:\/\/apprende.jalisco.gob.mx\/consejo-tecnico-escolar\/wp-content\/uploads\/sites\/42\/2022\/03\/logo-Educacion2025.png","width":427,"height":108,"caption":"Consejo T\u00e9cnico Escolar"},"image":{"@id":"https:\/\/apprende.jalisco.gob.mx\/consejo-tecnico-escolar\/#\/schema\/logo\/image\/"}}]}},"_links":{"self":[{"href":"https:\/\/apprende.jalisco.gob.mx\/consejo-tecnico-escolar\/wp-json\/wp\/v2\/pages\/4019"}],"collection":[{"href":"https:\/\/apprende.jalisco.gob.mx\/consejo-tecnico-escolar\/wp-json\/wp\/v2\/pages"}],"about":[{"href":"https:\/\/apprende.jalisco.gob.mx\/consejo-tecnico-escolar\/wp-json\/wp\/v2\/types\/page"}],"author":[{"embeddable":true,"href":"https:\/\/apprende.jalisco.gob.mx\/consejo-tecnico-escolar\/wp-json\/wp\/v2\/users\/8"}],"replies":[{"embeddable":true,"href":"https:\/\/apprende.jalisco.gob.mx\/consejo-tecnico-escolar\/wp-json\/wp\/v2\/comments?post=4019"}],"version-history":[{"count":21,"href":"https:\/\/apprende.jalisco.gob.mx\/consejo-tecnico-escolar\/wp-json\/wp\/v2\/pages\/4019\/revisions"}],"predecessor-version":[{"id":4343,"href":"https:\/\/apprende.jalisco.gob.mx\/consejo-tecnico-escolar\/wp-json\/wp\/v2\/pages\/4019\/revisions\/4343"}],"wp:attachment":[{"href":"https:\/\/apprende.jalisco.gob.mx\/consejo-tecnico-escolar\/wp-json\/wp\/v2\/media?parent=4019"}],"curies":[{"name":"wp","href":"https:\/\/api.w.org\/{rel}","templated":true}]}}