{"id":4226,"date":"2023-03-22T15:50:58","date_gmt":"2023-03-22T21:50:58","guid":{"rendered":"https:\/\/recrea.jalisco.gob.mx\/consejo-tecnico-escolar\/?page_id=4226"},"modified":"2023-03-22T16:02:49","modified_gmt":"2023-03-22T22:02:49","slug":"consejo-tecnico-escolar-2019-2020","status":"publish","type":"page","link":"https:\/\/apprende.jalisco.gob.mx\/consejo-tecnico-escolar\/consejo-tecnico-escolar-2019-2020\/","title":{"rendered":"Consejo T\u00e9cnico Escolar 2019-2020"},"content":{"rendered":"\t\t<div data-elementor-type=\"wp-page\" data-elementor-id=\"4226\" class=\"elementor elementor-4226\" data-elementor-post-type=\"page\">\n\t\t\t\t\t\t\t\t\t<section class=\"elementor-section elementor-top-section elementor-element elementor-element-90e1ac2 elementor-section-boxed elementor-section-height-default elementor-section-height-default\" data-id=\"90e1ac2\" data-element_type=\"section\" data-settings=\"{&quot;ekit_has_onepagescroll_dot&quot;:&quot;yes&quot;}\">\n\t\t\t\t\t\t<div class=\"elementor-container elementor-column-gap-default\">\n\t\t\t\t\t<div class=\"elementor-column elementor-col-100 elementor-top-column elementor-element elementor-element-e1a6d5c\" data-id=\"e1a6d5c\" data-element_type=\"column\">\n\t\t\t<div class=\"elementor-widget-wrap elementor-element-populated\">\n\t\t\t\t\t\t\t\t<div class=\"elementor-element elementor-element-feb4731 elementor-widget elementor-widget-breadcrumbs\" data-id=\"feb4731\" data-element_type=\"widget\" data-settings=\"{&quot;ekit_we_effect_on&quot;:&quot;none&quot;}\" data-widget_type=\"breadcrumbs.default\">\n\t\t\t\t<div class=\"elementor-widget-container\">\n\t\t\t<div id=\"breadcrumbs\"><span><span><a href=\"https:\/\/apprende.jalisco.gob.mx\/consejo-tecnico-escolar\/\">Inicio<\/a><\/span><\/span><\/div>\t\t<\/div>\n\t\t\t\t<\/div>\n\t\t\t\t\t<\/div>\n\t\t<\/div>\n\t\t\t\t\t\t\t<\/div>\n\t\t<\/section>\n\t\t\t\t<section class=\"elementor-section elementor-top-section elementor-element elementor-element-f598b9d elementor-section-boxed elementor-section-height-default elementor-section-height-default\" data-id=\"f598b9d\" data-element_type=\"section\" data-settings=\"{&quot;ekit_has_onepagescroll_dot&quot;:&quot;yes&quot;}\">\n\t\t\t\t\t\t<div class=\"elementor-container elementor-column-gap-default\">\n\t\t\t\t\t<div class=\"elementor-column elementor-col-100 elementor-top-column elementor-element elementor-element-4e47999\" data-id=\"4e47999\" data-element_type=\"column\">\n\t\t\t<div class=\"elementor-widget-wrap elementor-element-populated\">\n\t\t\t\t\t\t\t\t<div class=\"elementor-element elementor-element-19eac19 elementor-widget elementor-widget-heading\" data-id=\"19eac19\" data-element_type=\"widget\" data-settings=\"{&quot;ekit_we_effect_on&quot;:&quot;none&quot;}\" data-widget_type=\"heading.default\">\n\t\t\t\t<div class=\"elementor-widget-container\">\n\t\t\t<h1 class=\"elementor-heading-title elementor-size-default\">Gu\u00edas del Consejo Consejo T\u00e9cnico Escolar 2019-2020<\/h1>\t\t<\/div>\n\t\t\t\t<\/div>\n\t\t\t\t\t<\/div>\n\t\t<\/div>\n\t\t\t\t\t\t\t<\/div>\n\t\t<\/section>\n\t\t\t\t<section class=\"elementor-section elementor-top-section elementor-element elementor-element-06caa4c elementor-section-boxed elementor-section-height-default elementor-section-height-default\" data-id=\"06caa4c\" data-element_type=\"section\" data-settings=\"{&quot;ekit_has_onepagescroll_dot&quot;:&quot;yes&quot;}\">\n\t\t\t\t\t\t<div class=\"elementor-container elementor-column-gap-default\">\n\t\t\t\t\t<div class=\"elementor-column elementor-col-50 elementor-top-column elementor-element elementor-element-45335f2\" data-id=\"45335f2\" data-element_type=\"column\">\n\t\t\t<div class=\"elementor-widget-wrap\">\n\t\t\t\t\t\t\t\t\t<\/div>\n\t\t<\/div>\n\t\t\t\t<div class=\"elementor-column elementor-col-50 elementor-top-column elementor-element elementor-element-0502fe4\" data-id=\"0502fe4\" data-element_type=\"column\">\n\t\t\t<div class=\"elementor-widget-wrap elementor-element-populated\">\n\t\t\t\t\t\t\t\t<div class=\"elementor-element elementor-element-8c35a5a elementor-widget elementor-widget-spacer\" data-id=\"8c35a5a\" data-element_type=\"widget\" data-settings=\"{&quot;ekit_we_effect_on&quot;:&quot;none&quot;}\" data-widget_type=\"spacer.default\">\n\t\t\t\t<div class=\"elementor-widget-container\">\n\t\t\t\t\t<div class=\"elementor-spacer\">\n\t\t\t<div class=\"elementor-spacer-inner\"><\/div>\n\t\t<\/div>\n\t\t\t\t<\/div>\n\t\t\t\t<\/div>\n\t\t\t\t<div class=\"elementor-element elementor-element-3472c4e elementor-widget elementor-widget-text-editor\" data-id=\"3472c4e\" data-element_type=\"widget\" data-settings=\"{&quot;ekit_we_effect_on&quot;:&quot;none&quot;}\" data-widget_type=\"text-editor.default\">\n\t\t\t\t<div class=\"elementor-widget-container\">\n\t\t\t\t\t\t\t\n<ul>\n<li class=\"elementor-icon-list-item\"><a href=\"https:\/\/apprende.jalisco.gob.mx\/consejo-tecnico-escolar\/guias-2019-2020-sesion-ordinaria\/\"><i class=\"fas fa-link\" aria-hidden=\"true\"><\/i><span class=\"elementor-icon-list-text\">Sesi\u00f3n Ordinaria<\/span><\/a><\/li>\n \t<li class=\"elementor-icon-list-item\"><a href=\"https:\/\/apprende.jalisco.gob.mx\/consejo-tecnico-escolar\/guias-2019-2020-fase-intensiva\/\"><i class=\"fas fa-link\" aria-hidden=\"true\"><\/i><span class=\"elementor-icon-list-text\">Fase intensiva<\/span><\/a><\/li>\n<\/ul>\t\t\t\t\t\t<\/div>\n\t\t\t\t<\/div>\n\t\t\t\t\t<\/div>\n\t\t<\/div>\n\t\t\t\t\t\t\t<\/div>\n\t\t<\/section>\n\t\t\t\t\t\t\t<\/div>\n\t\t","protected":false},"excerpt":{"rendered":"<p>Gu\u00edas del Consejo Consejo T\u00e9cnico Escolar 2019-2020 Sesi\u00f3n Ordinaria Fase intensiva<\/p>\n","protected":false},"author":8,"featured_media":0,"parent":0,"menu_order":0,"comment_status":"closed","ping_status":"closed","template":"","meta":{"_monsterinsights_skip_tracking":false,"_monsterinsights_sitenote_active":false,"_monsterinsights_sitenote_note":"","_monsterinsights_sitenote_category":0,"site-sidebar-layout":"no-sidebar","site-content-layout":"page-builder","ast-site-content-layout":"","site-content-style":"default","site-sidebar-style":"default","ast-global-header-display":"","ast-banner-title-visibility":"","ast-main-header-display":"","ast-hfb-above-header-display":"","ast-hfb-below-header-display":"","ast-hfb-mobile-header-display":"","site-post-title":"disabled","ast-breadcrumbs-content":"","ast-featured-img":"disabled","footer-sml-layout":"","theme-transparent-header-meta":"","adv-header-id-meta":"","stick-header-meta":"","header-above-stick-meta":"","header-main-stick-meta":"","header-below-stick-meta":"","astra-migrate-meta-layouts":"","ep_exclude_from_search":false,"footnotes":""},"acf":[],"yoast_head":"<!-- This site is optimized with the Yoast SEO Premium plugin v17.7 (Yoast SEO v21.0) - https:\/\/yoast.com\/wordpress\/plugins\/seo\/ -->\n<title>Consejo T\u00e9cnico Escolar 2019-2020 - Consejo T\u00e9cnico Escolar<\/title>\n<meta name=\"robots\" content=\"index, follow, max-snippet:-1, max-image-preview:large, max-video-preview:-1\" \/>\n<link rel=\"canonical\" href=\"https:\/\/apprende.jalisco.gob.mx\/consejo-tecnico-escolar\/consejo-tecnico-escolar-2019-2020\/\" \/>\n<meta property=\"og:locale\" content=\"es_MX\" \/>\n<meta property=\"og:type\" content=\"article\" \/>\n<meta property=\"og:title\" content=\"Consejo T\u00e9cnico Escolar 2019-2020\" \/>\n<meta property=\"og:description\" content=\"Gu\u00edas del Consejo Consejo T\u00e9cnico Escolar 2019-2020 Sesi\u00f3n Ordinaria Fase intensiva\" \/>\n<meta property=\"og:url\" content=\"https:\/\/apprende.jalisco.gob.mx\/consejo-tecnico-escolar\/consejo-tecnico-escolar-2019-2020\/\" \/>\n<meta property=\"og:site_name\" content=\"Consejo T\u00e9cnico Escolar\" \/>\n<meta property=\"article:modified_time\" content=\"2023-03-22T22:02:49+00:00\" \/>\n<meta name=\"twitter:card\" content=\"summary_large_image\" \/>\n<meta name=\"twitter:label1\" content=\"Tiempo de lectura\" \/>\n\t<meta name=\"twitter:data1\" content=\"1 minuto\" \/>\n<script type=\"application\/ld+json\" class=\"yoast-schema-graph\">{\"@context\":\"https:\/\/schema.org\",\"@graph\":[{\"@type\":\"WebPage\",\"@id\":\"https:\/\/apprende.jalisco.gob.mx\/consejo-tecnico-escolar\/consejo-tecnico-escolar-2019-2020\/\",\"url\":\"https:\/\/apprende.jalisco.gob.mx\/consejo-tecnico-escolar\/consejo-tecnico-escolar-2019-2020\/\",\"name\":\"Consejo T\u00e9cnico Escolar 2019-2020 - Consejo T\u00e9cnico Escolar\",\"isPartOf\":{\"@id\":\"https:\/\/apprende.jalisco.gob.mx\/consejo-tecnico-escolar\/#website\"},\"datePublished\":\"2023-03-22T21:50:58+00:00\",\"dateModified\":\"2023-03-22T22:02:49+00:00\",\"breadcrumb\":{\"@id\":\"https:\/\/apprende.jalisco.gob.mx\/consejo-tecnico-escolar\/consejo-tecnico-escolar-2019-2020\/#breadcrumb\"},\"inLanguage\":\"es-MX\",\"potentialAction\":[{\"@type\":\"ReadAction\",\"target\":[\"https:\/\/apprende.jalisco.gob.mx\/consejo-tecnico-escolar\/consejo-tecnico-escolar-2019-2020\/\"]}]},{\"@type\":\"BreadcrumbList\",\"@id\":\"https:\/\/apprende.jalisco.gob.mx\/consejo-tecnico-escolar\/consejo-tecnico-escolar-2019-2020\/#breadcrumb\",\"itemListElement\":[{\"@type\":\"ListItem\",\"position\":1,\"name\":\"Inicio\",\"item\":\"https:\/\/apprende.jalisco.gob.mx\/consejo-tecnico-escolar\/\"},{\"@type\":\"ListItem\",\"position\":2,\"name\":\"Consejo T\u00e9cnico Escolar 2019-2020\"}]},{\"@type\":\"WebSite\",\"@id\":\"https:\/\/apprende.jalisco.gob.mx\/consejo-tecnico-escolar\/#website\",\"url\":\"https:\/\/apprende.jalisco.gob.mx\/consejo-tecnico-escolar\/\",\"name\":\"Consejo T\u00e9cnico Escolar\",\"description\":\"Micrositio\",\"publisher\":{\"@id\":\"https:\/\/apprende.jalisco.gob.mx\/consejo-tecnico-escolar\/#organization\"},\"potentialAction\":[{\"@type\":\"SearchAction\",\"target\":{\"@type\":\"EntryPoint\",\"urlTemplate\":\"https:\/\/apprende.jalisco.gob.mx\/consejo-tecnico-escolar\/?s={search_term_string}\"},\"query-input\":\"required name=search_term_string\"}],\"inLanguage\":\"es-MX\"},{\"@type\":\"Organization\",\"@id\":\"https:\/\/apprende.jalisco.gob.mx\/consejo-tecnico-escolar\/#organization\",\"name\":\"Consejo T\u00e9cnico Escolar\",\"url\":\"https:\/\/apprende.jalisco.gob.mx\/consejo-tecnico-escolar\/\",\"logo\":{\"@type\":\"ImageObject\",\"inLanguage\":\"es-MX\",\"@id\":\"https:\/\/apprende.jalisco.gob.mx\/consejo-tecnico-escolar\/#\/schema\/logo\/image\/\",\"url\":\"https:\/\/apprende.jalisco.gob.mx\/consejo-tecnico-escolar\/wp-content\/uploads\/sites\/42\/2022\/03\/logo-Educacion2025.png\",\"contentUrl\":\"https:\/\/apprende.jalisco.gob.mx\/consejo-tecnico-escolar\/wp-content\/uploads\/sites\/42\/2022\/03\/logo-Educacion2025.png\",\"width\":427,\"height\":108,\"caption\":\"Consejo T\u00e9cnico Escolar\"},\"image\":{\"@id\":\"https:\/\/apprende.jalisco.gob.mx\/consejo-tecnico-escolar\/#\/schema\/logo\/image\/\"}}]}<\/script>\n<!-- \/ Yoast SEO Premium plugin. -->","yoast_head_json":{"title":"Consejo T\u00e9cnico Escolar 2019-2020 - Consejo T\u00e9cnico Escolar","robots":{"index":"index","follow":"follow","max-snippet":"max-snippet:-1","max-image-preview":"max-image-preview:large","max-video-preview":"max-video-preview:-1"},"canonical":"https:\/\/apprende.jalisco.gob.mx\/consejo-tecnico-escolar\/consejo-tecnico-escolar-2019-2020\/","og_locale":"es_MX","og_type":"article","og_title":"Consejo T\u00e9cnico Escolar 2019-2020","og_description":"Gu\u00edas del Consejo Consejo T\u00e9cnico Escolar 2019-2020 Sesi\u00f3n Ordinaria Fase intensiva","og_url":"https:\/\/apprende.jalisco.gob.mx\/consejo-tecnico-escolar\/consejo-tecnico-escolar-2019-2020\/","og_site_name":"Consejo T\u00e9cnico Escolar","article_modified_time":"2023-03-22T22:02:49+00:00","twitter_card":"summary_large_image","twitter_misc":{"Tiempo de lectura":"1 minuto"},"schema":{"@context":"https:\/\/schema.org","@graph":[{"@type":"WebPage","@id":"https:\/\/apprende.jalisco.gob.mx\/consejo-tecnico-escolar\/consejo-tecnico-escolar-2019-2020\/","url":"https:\/\/apprende.jalisco.gob.mx\/consejo-tecnico-escolar\/consejo-tecnico-escolar-2019-2020\/","name":"Consejo T\u00e9cnico Escolar 2019-2020 - Consejo T\u00e9cnico Escolar","isPartOf":{"@id":"https:\/\/apprende.jalisco.gob.mx\/consejo-tecnico-escolar\/#website"},"datePublished":"2023-03-22T21:50:58+00:00","dateModified":"2023-03-22T22:02:49+00:00","breadcrumb":{"@id":"https:\/\/apprende.jalisco.gob.mx\/consejo-tecnico-escolar\/consejo-tecnico-escolar-2019-2020\/#breadcrumb"},"inLanguage":"es-MX","potentialAction":[{"@type":"ReadAction","target":["https:\/\/apprende.jalisco.gob.mx\/consejo-tecnico-escolar\/consejo-tecnico-escolar-2019-2020\/"]}]},{"@type":"BreadcrumbList","@id":"https:\/\/apprende.jalisco.gob.mx\/consejo-tecnico-escolar\/consejo-tecnico-escolar-2019-2020\/#breadcrumb","itemListElement":[{"@type":"ListItem","position":1,"name":"Inicio","item":"https:\/\/apprende.jalisco.gob.mx\/consejo-tecnico-escolar\/"},{"@type":"ListItem","position":2,"name":"Consejo T\u00e9cnico Escolar 2019-2020"}]},{"@type":"WebSite","@id":"https:\/\/apprende.jalisco.gob.mx\/consejo-tecnico-escolar\/#website","url":"https:\/\/apprende.jalisco.gob.mx\/consejo-tecnico-escolar\/","name":"Consejo T\u00e9cnico Escolar","description":"Micrositio","publisher":{"@id":"https:\/\/apprende.jalisco.gob.mx\/consejo-tecnico-escolar\/#organization"},"potentialAction":[{"@type":"SearchAction","target":{"@type":"EntryPoint","urlTemplate":"https:\/\/apprende.jalisco.gob.mx\/consejo-tecnico-escolar\/?s={search_term_string}"},"query-input":"required name=search_term_string"}],"inLanguage":"es-MX"},{"@type":"Organization","@id":"https:\/\/apprende.jalisco.gob.mx\/consejo-tecnico-escolar\/#organization","name":"Consejo T\u00e9cnico Escolar","url":"https:\/\/apprende.jalisco.gob.mx\/consejo-tecnico-escolar\/","logo":{"@type":"ImageObject","inLanguage":"es-MX","@id":"https:\/\/apprende.jalisco.gob.mx\/consejo-tecnico-escolar\/#\/schema\/logo\/image\/","url":"https:\/\/apprende.jalisco.gob.mx\/consejo-tecnico-escolar\/wp-content\/uploads\/sites\/42\/2022\/03\/logo-Educacion2025.png","contentUrl":"https:\/\/apprende.jalisco.gob.mx\/consejo-tecnico-escolar\/wp-content\/uploads\/sites\/42\/2022\/03\/logo-Educacion2025.png","width":427,"height":108,"caption":"Consejo T\u00e9cnico Escolar"},"image":{"@id":"https:\/\/apprende.jalisco.gob.mx\/consejo-tecnico-escolar\/#\/schema\/logo\/image\/"}}]}},"_links":{"self":[{"href":"https:\/\/apprende.jalisco.gob.mx\/consejo-tecnico-escolar\/wp-json\/wp\/v2\/pages\/4226"}],"collection":[{"href":"https:\/\/apprende.jalisco.gob.mx\/consejo-tecnico-escolar\/wp-json\/wp\/v2\/pages"}],"about":[{"href":"https:\/\/apprende.jalisco.gob.mx\/consejo-tecnico-escolar\/wp-json\/wp\/v2\/types\/page"}],"author":[{"embeddable":true,"href":"https:\/\/apprende.jalisco.gob.mx\/consejo-tecnico-escolar\/wp-json\/wp\/v2\/users\/8"}],"replies":[{"embeddable":true,"href":"https:\/\/apprende.jalisco.gob.mx\/consejo-tecnico-escolar\/wp-json\/wp\/v2\/comments?post=4226"}],"version-history":[{"count":16,"href":"https:\/\/apprende.jalisco.gob.mx\/consejo-tecnico-escolar\/wp-json\/wp\/v2\/pages\/4226\/revisions"}],"predecessor-version":[{"id":4243,"href":"https:\/\/apprende.jalisco.gob.mx\/consejo-tecnico-escolar\/wp-json\/wp\/v2\/pages\/4226\/revisions\/4243"}],"wp:attachment":[{"href":"https:\/\/apprende.jalisco.gob.mx\/consejo-tecnico-escolar\/wp-json\/wp\/v2\/media?parent=4226"}],"curies":[{"name":"wp","href":"https:\/\/api.w.org\/{rel}","templated":true}]}}