{"id":4935,"date":"2026-01-07T10:43:34","date_gmt":"2026-01-07T16:43:34","guid":{"rendered":"https:\/\/apprende.jalisco.gob.mx\/consejo-tecnico-escolar\/?page_id=4935"},"modified":"2026-01-08T09:24:44","modified_gmt":"2026-01-08T15:24:44","slug":"taller-intensivo-2026","status":"publish","type":"page","link":"https:\/\/apprende.jalisco.gob.mx\/consejo-tecnico-escolar\/taller-intensivo-2026\/","title":{"rendered":"Taller Intensivo 2026"},"content":{"rendered":"\t\t<div data-elementor-type=\"wp-page\" data-elementor-id=\"4935\" class=\"elementor elementor-4935\" data-elementor-post-type=\"page\">\n\t\t\t\t\t\t\t\t\t<section class=\"elementor-section elementor-top-section elementor-element elementor-element-90e1ac2 elementor-section-boxed elementor-section-height-default elementor-section-height-default\" data-id=\"90e1ac2\" data-element_type=\"section\" data-settings=\"{&quot;ekit_has_onepagescroll_dot&quot;:&quot;yes&quot;}\">\n\t\t\t\t\t\t<div class=\"elementor-container elementor-column-gap-default\">\n\t\t\t\t\t<div class=\"elementor-column elementor-col-100 elementor-top-column elementor-element elementor-element-e1a6d5c\" data-id=\"e1a6d5c\" data-element_type=\"column\">\n\t\t\t<div class=\"elementor-widget-wrap elementor-element-populated\">\n\t\t\t\t\t\t\t\t<div class=\"elementor-element elementor-element-feb4731 elementor-widget elementor-widget-breadcrumbs\" data-id=\"feb4731\" data-element_type=\"widget\" data-settings=\"{&quot;ekit_we_effect_on&quot;:&quot;none&quot;}\" data-widget_type=\"breadcrumbs.default\">\n\t\t\t\t<div class=\"elementor-widget-container\">\n\t\t\t<div id=\"breadcrumbs\"><span><span><a href=\"https:\/\/apprende.jalisco.gob.mx\/consejo-tecnico-escolar\/\">Inicio<\/a><\/span><\/span><\/div>\t\t<\/div>\n\t\t\t\t<\/div>\n\t\t\t\t\t<\/div>\n\t\t<\/div>\n\t\t\t\t\t\t\t<\/div>\n\t\t<\/section>\n\t\t\t\t<section class=\"elementor-section elementor-top-section elementor-element elementor-element-f598b9d elementor-section-boxed elementor-section-height-default elementor-section-height-default\" data-id=\"f598b9d\" data-element_type=\"section\" data-settings=\"{&quot;ekit_has_onepagescroll_dot&quot;:&quot;yes&quot;}\">\n\t\t\t\t\t\t<div class=\"elementor-container elementor-column-gap-default\">\n\t\t\t\t\t<div class=\"elementor-column elementor-col-100 elementor-top-column elementor-element elementor-element-4e47999\" data-id=\"4e47999\" data-element_type=\"column\">\n\t\t\t<div class=\"elementor-widget-wrap elementor-element-populated\">\n\t\t\t\t\t\t\t\t<div class=\"elementor-element elementor-element-19eac19 elementor-widget elementor-widget-heading\" data-id=\"19eac19\" data-element_type=\"widget\" data-settings=\"{&quot;ekit_we_effect_on&quot;:&quot;none&quot;}\" data-widget_type=\"heading.default\">\n\t\t\t\t<div class=\"elementor-widget-container\">\n\t\t\t<h1 class=\"elementor-heading-title elementor-size-default\">Taller Intensivo 2026<\/h1>\t\t<\/div>\n\t\t\t\t<\/div>\n\t\t\t\t\t<\/div>\n\t\t<\/div>\n\t\t\t\t\t\t\t<\/div>\n\t\t<\/section>\n\t\t\t\t<section class=\"elementor-section elementor-top-section elementor-element elementor-element-3552627 elementor-section-boxed elementor-section-height-default elementor-section-height-default\" data-id=\"3552627\" data-element_type=\"section\" data-settings=\"{&quot;ekit_has_onepagescroll_dot&quot;:&quot;yes&quot;}\">\n\t\t\t\t\t\t<div class=\"elementor-container elementor-column-gap-default\">\n\t\t\t\t\t<div class=\"elementor-column elementor-col-100 elementor-top-column elementor-element elementor-element-9b8a16b\" data-id=\"9b8a16b\" data-element_type=\"column\">\n\t\t\t<div class=\"elementor-widget-wrap elementor-element-populated\">\n\t\t\t\t\t\t\t\t<section class=\"elementor-section elementor-inner-section elementor-element elementor-element-88dbeb6 elementor-section-boxed elementor-section-height-default elementor-section-height-default\" data-id=\"88dbeb6\" data-element_type=\"section\" data-settings=\"{&quot;ekit_has_onepagescroll_dot&quot;:&quot;yes&quot;}\">\n\t\t\t\t\t\t<div class=\"elementor-container elementor-column-gap-default\">\n\t\t\t\t\t<div class=\"elementor-column elementor-col-50 elementor-inner-column elementor-element elementor-element-1682243\" data-id=\"1682243\" data-element_type=\"column\" data-settings=\"{&quot;background_background&quot;:&quot;classic&quot;}\">\n\t\t\t<div class=\"elementor-widget-wrap elementor-element-populated\">\n\t\t\t\t\t\t\t\t<div class=\"elementor-element elementor-element-4bc39ff elementor-widget elementor-widget-heading\" data-id=\"4bc39ff\" data-element_type=\"widget\" data-settings=\"{&quot;ekit_we_effect_on&quot;:&quot;none&quot;}\" data-widget_type=\"heading.default\">\n\t\t\t\t<div class=\"elementor-widget-container\">\n\t\t\t<h2 class=\"elementor-heading-title elementor-size-default\">Personal Docente<\/h2>\t\t<\/div>\n\t\t\t\t<\/div>\n\t\t\t\t\t<\/div>\n\t\t<\/div>\n\t\t\t\t<div class=\"elementor-column elementor-col-50 elementor-inner-column elementor-element elementor-element-676b09a\" data-id=\"676b09a\" data-element_type=\"column\" data-settings=\"{&quot;background_background&quot;:&quot;classic&quot;}\">\n\t\t\t<div class=\"elementor-widget-wrap elementor-element-populated\">\n\t\t\t\t\t\t\t\t<div class=\"elementor-element elementor-element-10a2da0 elementor-widget elementor-widget-heading\" data-id=\"10a2da0\" data-element_type=\"widget\" data-settings=\"{&quot;ekit_we_effect_on&quot;:&quot;none&quot;}\" data-widget_type=\"heading.default\">\n\t\t\t\t<div class=\"elementor-widget-container\">\n\t\t\t<h2 class=\"elementor-heading-title elementor-size-default\">Personal con Funci\u00f3n de Direcci\u00f3n<\/h2>\t\t<\/div>\n\t\t\t\t<\/div>\n\t\t\t\t\t<\/div>\n\t\t<\/div>\n\t\t\t\t\t\t\t<\/div>\n\t\t<\/section>\n\t\t\t\t<section class=\"elementor-section elementor-inner-section elementor-element elementor-element-a61a212 elementor-section-boxed elementor-section-height-default elementor-section-height-default\" data-id=\"a61a212\" data-element_type=\"section\" data-settings=\"{&quot;ekit_has_onepagescroll_dot&quot;:&quot;yes&quot;}\">\n\t\t\t\t\t\t<div class=\"elementor-container elementor-column-gap-default\">\n\t\t\t\t\t<div class=\"elementor-column elementor-col-50 elementor-inner-column elementor-element elementor-element-fb35fe9\" data-id=\"fb35fe9\" data-element_type=\"column\" data-settings=\"{&quot;background_background&quot;:&quot;classic&quot;}\">\n\t\t\t<div class=\"elementor-widget-wrap elementor-element-populated\">\n\t\t\t\t\t\t\t\t<div class=\"elementor-element elementor-element-3b62f24 elementor-icon-list--layout-traditional elementor-list-item-link-full_width elementor-widget elementor-widget-icon-list\" data-id=\"3b62f24\" data-element_type=\"widget\" data-settings=\"{&quot;ekit_we_effect_on&quot;:&quot;none&quot;}\" data-widget_type=\"icon-list.default\">\n\t\t\t\t<div class=\"elementor-widget-container\">\n\t\t\t\t\t<ul class=\"elementor-icon-list-items\">\n\t\t\t\t\t\t\t<li class=\"elementor-icon-list-item\">\n\t\t\t\t\t\t\t\t\t\t\t<a href=\"https:\/\/apprende.jalisco.gob.mx\/consejo-tecnico-escolar\/wp-content\/uploads\/sites\/42\/2026\/01\/Presentaciontallerintensivocolectivos.pdf\" target=\"_blank\">\n\n\t\t\t\t\t\t\t\t\t\t\t\t<span class=\"elementor-icon-list-icon\">\n\t\t\t\t\t\t\t<i aria-hidden=\"true\" class=\"icon icon-file-2\"><\/i>\t\t\t\t\t\t<\/span>\n\t\t\t\t\t\t\t\t\t\t<span class=\"elementor-icon-list-text\">Presentaci\u00f3n Taller Intensivo Colectivos<\/span>\n\t\t\t\t\t\t\t\t\t\t\t<\/a>\n\t\t\t\t\t\t\t\t\t<\/li>\n\t\t\t\t\t\t\t\t<li class=\"elementor-icon-list-item\">\n\t\t\t\t\t\t\t\t\t\t\t<a href=\"https:\/\/apprende.jalisco.gob.mx\/consejo-tecnico-escolar\/wp-content\/uploads\/sites\/42\/2026\/01\/Cartadescriptivacolectivos.pdf\" target=\"_blank\">\n\n\t\t\t\t\t\t\t\t\t\t\t\t<span class=\"elementor-icon-list-icon\">\n\t\t\t\t\t\t\t<i aria-hidden=\"true\" class=\"icon icon-file-2\"><\/i>\t\t\t\t\t\t<\/span>\n\t\t\t\t\t\t\t\t\t\t<span class=\"elementor-icon-list-text\">Carta Descriptiva Colectivos<\/span>\n\t\t\t\t\t\t\t\t\t\t\t<\/a>\n\t\t\t\t\t\t\t\t\t<\/li>\n\t\t\t\t\t\t\t\t<li class=\"elementor-icon-list-item\">\n\t\t\t\t\t\t\t\t\t\t\t<a href=\"https:\/\/apprende.jalisco.gob.mx\/consejo-tecnico-escolar\/wp-content\/uploads\/sites\/42\/2026\/01\/Carpetainstrumentoscolectivos.pdf\" target=\"_blank\">\n\n\t\t\t\t\t\t\t\t\t\t\t\t<span class=\"elementor-icon-list-icon\">\n\t\t\t\t\t\t\t<i aria-hidden=\"true\" class=\"icon icon-file-2\"><\/i>\t\t\t\t\t\t<\/span>\n\t\t\t\t\t\t\t\t\t\t<span class=\"elementor-icon-list-text\">Carpeta de Instrumentos para Colectivos<\/span>\n\t\t\t\t\t\t\t\t\t\t\t<\/a>\n\t\t\t\t\t\t\t\t\t<\/li>\n\t\t\t\t\t\t<\/ul>\n\t\t\t\t<\/div>\n\t\t\t\t<\/div>\n\t\t\t\t\t<\/div>\n\t\t<\/div>\n\t\t\t\t<div class=\"elementor-column elementor-col-50 elementor-inner-column elementor-element elementor-element-4fb47ea\" data-id=\"4fb47ea\" data-element_type=\"column\" data-settings=\"{&quot;background_background&quot;:&quot;classic&quot;}\">\n\t\t\t<div class=\"elementor-widget-wrap elementor-element-populated\">\n\t\t\t\t\t\t\t\t<div class=\"elementor-element elementor-element-5f0ddb5 elementor-icon-list--layout-traditional elementor-list-item-link-full_width elementor-widget elementor-widget-icon-list\" data-id=\"5f0ddb5\" data-element_type=\"widget\" data-settings=\"{&quot;ekit_we_effect_on&quot;:&quot;none&quot;}\" data-widget_type=\"icon-list.default\">\n\t\t\t\t<div class=\"elementor-widget-container\">\n\t\t\t\t\t<ul class=\"elementor-icon-list-items\">\n\t\t\t\t\t\t\t<li class=\"elementor-icon-list-item\">\n\t\t\t\t\t\t\t\t\t\t\t<a href=\"https:\/\/apprende.jalisco.gob.mx\/consejo-tecnico-escolar\/wp-content\/uploads\/sites\/42\/2026\/01\/TallerIntensivoDirectivos.pdf\" target=\"_blank\">\n\n\t\t\t\t\t\t\t\t\t\t\t\t<span class=\"elementor-icon-list-icon\">\n\t\t\t\t\t\t\t<i aria-hidden=\"true\" class=\"icon icon-file-2\"><\/i>\t\t\t\t\t\t<\/span>\n\t\t\t\t\t\t\t\t\t\t<span class=\"elementor-icon-list-text\">Taller Intensivo Directivos <\/span>\n\t\t\t\t\t\t\t\t\t\t\t<\/a>\n\t\t\t\t\t\t\t\t\t<\/li>\n\t\t\t\t\t\t\t\t<li class=\"elementor-icon-list-item\">\n\t\t\t\t\t\t\t\t\t\t\t<a href=\"https:\/\/apprende.jalisco.gob.mx\/consejo-tecnico-escolar\/wp-content\/uploads\/sites\/42\/2026\/01\/Cartadescriptivadirectivos.pdf\" target=\"_blank\">\n\n\t\t\t\t\t\t\t\t\t\t\t\t<span class=\"elementor-icon-list-icon\">\n\t\t\t\t\t\t\t<i aria-hidden=\"true\" class=\"icon icon-file-2\"><\/i>\t\t\t\t\t\t<\/span>\n\t\t\t\t\t\t\t\t\t\t<span class=\"elementor-icon-list-text\">Carta Descriptiva Directivos<\/span>\n\t\t\t\t\t\t\t\t\t\t\t<\/a>\n\t\t\t\t\t\t\t\t\t<\/li>\n\t\t\t\t\t\t<\/ul>\n\t\t\t\t<\/div>\n\t\t\t\t<\/div>\n\t\t\t\t\t<\/div>\n\t\t<\/div>\n\t\t\t\t\t\t\t<\/div>\n\t\t<\/section>\n\t\t\t\t\t<\/div>\n\t\t<\/div>\n\t\t\t\t\t\t\t<\/div>\n\t\t<\/section>\n\t\t\t\t\t\t\t<\/div>\n\t\t","protected":false},"excerpt":{"rendered":"<p>Taller Intensivo 2026 Personal Docente Personal con Funci\u00f3n de Direcci\u00f3n Presentaci\u00f3n Taller Intensivo Colectivos Carta Descriptiva Colectivos Carpeta de Instrumentos para Colectivos Taller Intensivo Directivos Carta Descriptiva Directivos<\/p>\n","protected":false},"author":8,"featured_media":0,"parent":0,"menu_order":0,"comment_status":"closed","ping_status":"closed","template":"","meta":{"_monsterinsights_skip_tracking":false,"_monsterinsights_sitenote_active":false,"_monsterinsights_sitenote_note":"","_monsterinsights_sitenote_category":0,"site-sidebar-layout":"no-sidebar","site-content-layout":"page-builder","ast-site-content-layout":"","site-content-style":"default","site-sidebar-style":"default","ast-global-header-display":"","ast-banner-title-visibility":"","ast-main-header-display":"","ast-hfb-above-header-display":"","ast-hfb-below-header-display":"","ast-hfb-mobile-header-display":"","site-post-title":"disabled","ast-breadcrumbs-content":"","ast-featured-img":"disabled","footer-sml-layout":"","theme-transparent-header-meta":"","adv-header-id-meta":"","stick-header-meta":"","header-above-stick-meta":"","header-main-stick-meta":"","header-below-stick-meta":"","astra-migrate-meta-layouts":"","ep_exclude_from_search":false,"footnotes":""},"acf":[],"yoast_head":"<!-- This site is optimized with the Yoast SEO Premium plugin v17.7 (Yoast SEO v21.0) - https:\/\/yoast.com\/wordpress\/plugins\/seo\/ -->\n<title>Taller Intensivo 2026 - Consejo T\u00e9cnico Escolar<\/title>\n<meta name=\"robots\" content=\"index, follow, max-snippet:-1, max-image-preview:large, max-video-preview:-1\" \/>\n<link rel=\"canonical\" href=\"https:\/\/apprende.jalisco.gob.mx\/consejo-tecnico-escolar\/taller-intensivo-2026\/\" \/>\n<meta property=\"og:locale\" content=\"es_MX\" \/>\n<meta property=\"og:type\" content=\"article\" \/>\n<meta property=\"og:title\" content=\"Taller Intensivo 2026\" \/>\n<meta property=\"og:description\" content=\"Taller Intensivo 2026 Personal Docente Personal con Funci\u00f3n de Direcci\u00f3n Presentaci\u00f3n Taller Intensivo Colectivos Carta Descriptiva Colectivos Carpeta de Instrumentos para Colectivos Taller Intensivo Directivos Carta Descriptiva Directivos\" \/>\n<meta property=\"og:url\" content=\"https:\/\/apprende.jalisco.gob.mx\/consejo-tecnico-escolar\/taller-intensivo-2026\/\" \/>\n<meta property=\"og:site_name\" content=\"Consejo T\u00e9cnico Escolar\" \/>\n<meta property=\"article:modified_time\" content=\"2026-01-08T15:24:44+00:00\" \/>\n<meta name=\"twitter:card\" content=\"summary_large_image\" \/>\n<meta name=\"twitter:label1\" content=\"Tiempo de lectura\" \/>\n\t<meta name=\"twitter:data1\" content=\"1 minuto\" \/>\n<script type=\"application\/ld+json\" class=\"yoast-schema-graph\">{\"@context\":\"https:\/\/schema.org\",\"@graph\":[{\"@type\":\"WebPage\",\"@id\":\"https:\/\/apprende.jalisco.gob.mx\/consejo-tecnico-escolar\/taller-intensivo-2026\/\",\"url\":\"https:\/\/apprende.jalisco.gob.mx\/consejo-tecnico-escolar\/taller-intensivo-2026\/\",\"name\":\"Taller Intensivo 2026 - Consejo T\u00e9cnico Escolar\",\"isPartOf\":{\"@id\":\"https:\/\/apprende.jalisco.gob.mx\/consejo-tecnico-escolar\/#website\"},\"datePublished\":\"2026-01-07T16:43:34+00:00\",\"dateModified\":\"2026-01-08T15:24:44+00:00\",\"breadcrumb\":{\"@id\":\"https:\/\/apprende.jalisco.gob.mx\/consejo-tecnico-escolar\/taller-intensivo-2026\/#breadcrumb\"},\"inLanguage\":\"es-MX\",\"potentialAction\":[{\"@type\":\"ReadAction\",\"target\":[\"https:\/\/apprende.jalisco.gob.mx\/consejo-tecnico-escolar\/taller-intensivo-2026\/\"]}]},{\"@type\":\"BreadcrumbList\",\"@id\":\"https:\/\/apprende.jalisco.gob.mx\/consejo-tecnico-escolar\/taller-intensivo-2026\/#breadcrumb\",\"itemListElement\":[{\"@type\":\"ListItem\",\"position\":1,\"name\":\"Inicio\",\"item\":\"https:\/\/apprende.jalisco.gob.mx\/consejo-tecnico-escolar\/\"},{\"@type\":\"ListItem\",\"position\":2,\"name\":\"Taller Intensivo 2026\"}]},{\"@type\":\"WebSite\",\"@id\":\"https:\/\/apprende.jalisco.gob.mx\/consejo-tecnico-escolar\/#website\",\"url\":\"https:\/\/apprende.jalisco.gob.mx\/consejo-tecnico-escolar\/\",\"name\":\"Consejo T\u00e9cnico Escolar\",\"description\":\"Micrositio\",\"publisher\":{\"@id\":\"https:\/\/apprende.jalisco.gob.mx\/consejo-tecnico-escolar\/#organization\"},\"potentialAction\":[{\"@type\":\"SearchAction\",\"target\":{\"@type\":\"EntryPoint\",\"urlTemplate\":\"https:\/\/apprende.jalisco.gob.mx\/consejo-tecnico-escolar\/?s={search_term_string}\"},\"query-input\":\"required name=search_term_string\"}],\"inLanguage\":\"es-MX\"},{\"@type\":\"Organization\",\"@id\":\"https:\/\/apprende.jalisco.gob.mx\/consejo-tecnico-escolar\/#organization\",\"name\":\"Consejo T\u00e9cnico Escolar\",\"url\":\"https:\/\/apprende.jalisco.gob.mx\/consejo-tecnico-escolar\/\",\"logo\":{\"@type\":\"ImageObject\",\"inLanguage\":\"es-MX\",\"@id\":\"https:\/\/apprende.jalisco.gob.mx\/consejo-tecnico-escolar\/#\/schema\/logo\/image\/\",\"url\":\"https:\/\/apprende.jalisco.gob.mx\/consejo-tecnico-escolar\/wp-content\/uploads\/sites\/42\/2022\/03\/logo-Educacion2025.png\",\"contentUrl\":\"https:\/\/apprende.jalisco.gob.mx\/consejo-tecnico-escolar\/wp-content\/uploads\/sites\/42\/2022\/03\/logo-Educacion2025.png\",\"width\":427,\"height\":108,\"caption\":\"Consejo T\u00e9cnico Escolar\"},\"image\":{\"@id\":\"https:\/\/apprende.jalisco.gob.mx\/consejo-tecnico-escolar\/#\/schema\/logo\/image\/\"}}]}<\/script>\n<!-- \/ Yoast SEO Premium plugin. -->","yoast_head_json":{"title":"Taller Intensivo 2026 - Consejo T\u00e9cnico Escolar","robots":{"index":"index","follow":"follow","max-snippet":"max-snippet:-1","max-image-preview":"max-image-preview:large","max-video-preview":"max-video-preview:-1"},"canonical":"https:\/\/apprende.jalisco.gob.mx\/consejo-tecnico-escolar\/taller-intensivo-2026\/","og_locale":"es_MX","og_type":"article","og_title":"Taller Intensivo 2026","og_description":"Taller Intensivo 2026 Personal Docente Personal con Funci\u00f3n de Direcci\u00f3n Presentaci\u00f3n Taller Intensivo Colectivos Carta Descriptiva Colectivos Carpeta de Instrumentos para Colectivos Taller Intensivo Directivos Carta Descriptiva Directivos","og_url":"https:\/\/apprende.jalisco.gob.mx\/consejo-tecnico-escolar\/taller-intensivo-2026\/","og_site_name":"Consejo T\u00e9cnico Escolar","article_modified_time":"2026-01-08T15:24:44+00:00","twitter_card":"summary_large_image","twitter_misc":{"Tiempo de lectura":"1 minuto"},"schema":{"@context":"https:\/\/schema.org","@graph":[{"@type":"WebPage","@id":"https:\/\/apprende.jalisco.gob.mx\/consejo-tecnico-escolar\/taller-intensivo-2026\/","url":"https:\/\/apprende.jalisco.gob.mx\/consejo-tecnico-escolar\/taller-intensivo-2026\/","name":"Taller Intensivo 2026 - Consejo T\u00e9cnico Escolar","isPartOf":{"@id":"https:\/\/apprende.jalisco.gob.mx\/consejo-tecnico-escolar\/#website"},"datePublished":"2026-01-07T16:43:34+00:00","dateModified":"2026-01-08T15:24:44+00:00","breadcrumb":{"@id":"https:\/\/apprende.jalisco.gob.mx\/consejo-tecnico-escolar\/taller-intensivo-2026\/#breadcrumb"},"inLanguage":"es-MX","potentialAction":[{"@type":"ReadAction","target":["https:\/\/apprende.jalisco.gob.mx\/consejo-tecnico-escolar\/taller-intensivo-2026\/"]}]},{"@type":"BreadcrumbList","@id":"https:\/\/apprende.jalisco.gob.mx\/consejo-tecnico-escolar\/taller-intensivo-2026\/#breadcrumb","itemListElement":[{"@type":"ListItem","position":1,"name":"Inicio","item":"https:\/\/apprende.jalisco.gob.mx\/consejo-tecnico-escolar\/"},{"@type":"ListItem","position":2,"name":"Taller Intensivo 2026"}]},{"@type":"WebSite","@id":"https:\/\/apprende.jalisco.gob.mx\/consejo-tecnico-escolar\/#website","url":"https:\/\/apprende.jalisco.gob.mx\/consejo-tecnico-escolar\/","name":"Consejo T\u00e9cnico Escolar","description":"Micrositio","publisher":{"@id":"https:\/\/apprende.jalisco.gob.mx\/consejo-tecnico-escolar\/#organization"},"potentialAction":[{"@type":"SearchAction","target":{"@type":"EntryPoint","urlTemplate":"https:\/\/apprende.jalisco.gob.mx\/consejo-tecnico-escolar\/?s={search_term_string}"},"query-input":"required name=search_term_string"}],"inLanguage":"es-MX"},{"@type":"Organization","@id":"https:\/\/apprende.jalisco.gob.mx\/consejo-tecnico-escolar\/#organization","name":"Consejo T\u00e9cnico Escolar","url":"https:\/\/apprende.jalisco.gob.mx\/consejo-tecnico-escolar\/","logo":{"@type":"ImageObject","inLanguage":"es-MX","@id":"https:\/\/apprende.jalisco.gob.mx\/consejo-tecnico-escolar\/#\/schema\/logo\/image\/","url":"https:\/\/apprende.jalisco.gob.mx\/consejo-tecnico-escolar\/wp-content\/uploads\/sites\/42\/2022\/03\/logo-Educacion2025.png","contentUrl":"https:\/\/apprende.jalisco.gob.mx\/consejo-tecnico-escolar\/wp-content\/uploads\/sites\/42\/2022\/03\/logo-Educacion2025.png","width":427,"height":108,"caption":"Consejo T\u00e9cnico Escolar"},"image":{"@id":"https:\/\/apprende.jalisco.gob.mx\/consejo-tecnico-escolar\/#\/schema\/logo\/image\/"}}]}},"_links":{"self":[{"href":"https:\/\/apprende.jalisco.gob.mx\/consejo-tecnico-escolar\/wp-json\/wp\/v2\/pages\/4935"}],"collection":[{"href":"https:\/\/apprende.jalisco.gob.mx\/consejo-tecnico-escolar\/wp-json\/wp\/v2\/pages"}],"about":[{"href":"https:\/\/apprende.jalisco.gob.mx\/consejo-tecnico-escolar\/wp-json\/wp\/v2\/types\/page"}],"author":[{"embeddable":true,"href":"https:\/\/apprende.jalisco.gob.mx\/consejo-tecnico-escolar\/wp-json\/wp\/v2\/users\/8"}],"replies":[{"embeddable":true,"href":"https:\/\/apprende.jalisco.gob.mx\/consejo-tecnico-escolar\/wp-json\/wp\/v2\/comments?post=4935"}],"version-history":[{"count":26,"href":"https:\/\/apprende.jalisco.gob.mx\/consejo-tecnico-escolar\/wp-json\/wp\/v2\/pages\/4935\/revisions"}],"predecessor-version":[{"id":4992,"href":"https:\/\/apprende.jalisco.gob.mx\/consejo-tecnico-escolar\/wp-json\/wp\/v2\/pages\/4935\/revisions\/4992"}],"wp:attachment":[{"href":"https:\/\/apprende.jalisco.gob.mx\/consejo-tecnico-escolar\/wp-json\/wp\/v2\/media?parent=4935"}],"curies":[{"name":"wp","href":"https:\/\/api.w.org\/{rel}","templated":true}]}}