{"id":2832,"date":"2022-09-03T21:28:43","date_gmt":"2022-09-04T02:28:43","guid":{"rendered":"https:\/\/recrea.jalisco.gob.mx\/coordinacion-educacion-inicial\/?page_id=2832"},"modified":"2024-05-03T13:48:09","modified_gmt":"2024-05-03T19:48:09","slug":"tramites-inicial","status":"publish","type":"page","link":"https:\/\/apprende.jalisco.gob.mx\/coordinacion-educacion-inicial\/tramites-inicial\/","title":{"rendered":"Tr\u00e1mites"},"content":{"rendered":"\t\t<div data-elementor-type=\"wp-page\" data-elementor-id=\"2832\" class=\"elementor elementor-2832\" data-elementor-post-type=\"page\">\n\t\t\t\t\t\t\t\t\t<section class=\"elementor-section elementor-top-section elementor-element elementor-element-ddfb6fd elementor-section-boxed elementor-section-height-default elementor-section-height-default\" data-id=\"ddfb6fd\" data-element_type=\"section\" data-settings=\"{&quot;ekit_has_onepagescroll_dot&quot;:&quot;yes&quot;}\">\n\t\t\t\t\t\t<div class=\"elementor-container elementor-column-gap-default\">\n\t\t\t\t\t<div class=\"elementor-column elementor-col-100 elementor-top-column elementor-element elementor-element-b5fef51\" data-id=\"b5fef51\" data-element_type=\"column\">\n\t\t\t<div class=\"elementor-widget-wrap elementor-element-populated\">\n\t\t\t\t\t\t\t\t<div class=\"elementor-element elementor-element-7c6b08c elementor-widget elementor-widget-breadcrumbs\" data-id=\"7c6b08c\" data-element_type=\"widget\" data-settings=\"{&quot;ekit_we_effect_on&quot;:&quot;none&quot;}\" data-widget_type=\"breadcrumbs.default\">\n\t\t\t\t<div class=\"elementor-widget-container\">\n\t\t\t<div id=\"breadcrumbs\"><span><span><a href=\"https:\/\/apprende.jalisco.gob.mx\/coordinacion-educacion-inicial\/\">Inicio<\/a><\/span><\/span><\/div>\t\t<\/div>\n\t\t\t\t<\/div>\n\t\t\t\t\t<\/div>\n\t\t<\/div>\n\t\t\t\t\t\t\t<\/div>\n\t\t<\/section>\n\t\t\t\t<section class=\"elementor-section elementor-top-section elementor-element elementor-element-2496b07 elementor-section-full_width elementor-section-height-default elementor-section-height-default\" data-id=\"2496b07\" data-element_type=\"section\" data-settings=\"{&quot;background_background&quot;:&quot;classic&quot;,&quot;ekit_has_onepagescroll_dot&quot;:&quot;yes&quot;}\">\n\t\t\t\t\t\t<div class=\"elementor-container elementor-column-gap-default\">\n\t\t\t\t\t<div class=\"elementor-column elementor-col-100 elementor-top-column elementor-element elementor-element-abc373b\" data-id=\"abc373b\" data-element_type=\"column\">\n\t\t\t<div class=\"elementor-widget-wrap elementor-element-populated\">\n\t\t\t\t\t\t\t\t<section class=\"elementor-section elementor-inner-section elementor-element elementor-element-82a360c elementor-section-boxed elementor-section-height-default elementor-section-height-default\" data-id=\"82a360c\" data-element_type=\"section\" data-settings=\"{&quot;ekit_has_onepagescroll_dot&quot;:&quot;yes&quot;}\">\n\t\t\t\t\t\t<div class=\"elementor-container elementor-column-gap-default\">\n\t\t\t\t\t<div class=\"elementor-column elementor-col-100 elementor-inner-column elementor-element elementor-element-177f601\" data-id=\"177f601\" data-element_type=\"column\">\n\t\t\t<div class=\"elementor-widget-wrap elementor-element-populated\">\n\t\t\t\t\t\t\t\t<div class=\"elementor-element elementor-element-6db45a8 elementor-widget elementor-widget-heading\" data-id=\"6db45a8\" data-element_type=\"widget\" data-settings=\"{&quot;ekit_we_effect_on&quot;:&quot;none&quot;}\" data-widget_type=\"heading.default\">\n\t\t\t\t<div class=\"elementor-widget-container\">\n\t\t\t<h2 class=\"elementor-heading-title elementor-size-default\">Tr\u00e1mites<\/h2>\t\t<\/div>\n\t\t\t\t<\/div>\n\t\t\t\t<div class=\"elementor-element elementor-element-5487cb7 elementor-widget elementor-widget-text-editor\" data-id=\"5487cb7\" data-element_type=\"widget\" data-settings=\"{&quot;ekit_we_effect_on&quot;:&quot;none&quot;}\" data-widget_type=\"text-editor.default\">\n\t\t\t\t<div class=\"elementor-widget-container\">\n\t\t\t\t\t\t\t<h3 class=\"elementor-icon-box-title\">Preinscripci\u00f3n al Cendi<\/h3><p class=\"elementor-icon-box-description\">Para realizarla ser\u00e1 necesario realizar los siguientes pasos:<\/p><ul><li>Acudir para el llenado de solicitud de ingreso, a las oficinas de la Secretar\u00eda de Educaci\u00f3n situadas en Av. Central Guillermo Gonz\u00e1lez Camarena No. 615, Col. Residencial Poniente, Zapopan, Jalisco.<\/li><li>Anexar copia del acta de nacimiento del menor.<\/li><li>Copia del recibo de n\u00f3mina de la madre, para CENDI Federal. Carta de trabajo de la madre para Cendi Estatal.<\/li><li>En el caso de los pap\u00e1s, divorciados o que ostenten la patria potestad del ni\u00f1o(a), presentar carta de trabajo. (Cendi Federal, Cendi Estatal)<\/li><li>Recibir\u00e1 un n\u00famero de folio e informaci\u00f3n para la inscripci\u00f3n e ingreso de acuerdo a los espacios disponibles.<\/li><li>Para cualquier duda favor de comunicarse al tel\u00e9fono 3330307500 y ext. 5633<\/li><\/ul>\t\t\t\t\t\t<\/div>\n\t\t\t\t<\/div>\n\t\t\t\t\t<\/div>\n\t\t<\/div>\n\t\t\t\t\t\t\t<\/div>\n\t\t<\/section>\n\t\t\t\t\t<\/div>\n\t\t<\/div>\n\t\t\t\t\t\t\t<\/div>\n\t\t<\/section>\n\t\t\t\t\t\t\t<\/div>\n\t\t","protected":false},"excerpt":{"rendered":"<p>Preinscripci\u00f3n al Cendi Para realizarla ser\u00e1 necesario realizar los siguientes pasos: Acudir para el llenado de solicitud de ingreso, a las oficinas de la Secretar\u00eda de Educaci\u00f3n situadas en Av. Central Guillermo Gonz\u00e1lez Camarena No. 615, Col. Residencial Poniente, Zapopan, Jalisco. Anexar copia del acta de nacimiento del menor. Copia del recibo de n\u00f3mina de &hellip;<\/p>\n<p class=\"read-more\"> <a class=\"\" href=\"https:\/\/apprende.jalisco.gob.mx\/coordinacion-educacion-inicial\/tramites-inicial\/\"> <span class=\"screen-reader-text\">Tr\u00e1mites<\/span> Leer m\u00e1s &raquo;<\/a><\/p>\n","protected":false},"author":1,"featured_media":0,"parent":0,"menu_order":0,"comment_status":"closed","ping_status":"closed","template":"","meta":{"_monsterinsights_skip_tracking":false,"_monsterinsights_sitenote_active":false,"_monsterinsights_sitenote_note":"","_monsterinsights_sitenote_category":0,"site-sidebar-layout":"no-sidebar","site-content-layout":"page-builder","ast-site-content-layout":"","site-content-style":"default","site-sidebar-style":"default","ast-global-header-display":"","ast-banner-title-visibility":"","ast-main-header-display":"","ast-hfb-above-header-display":"","ast-hfb-below-header-display":"","ast-hfb-mobile-header-display":"","site-post-title":"disabled","ast-breadcrumbs-content":"","ast-featured-img":"disabled","footer-sml-layout":"","theme-transparent-header-meta":"default","adv-header-id-meta":"","stick-header-meta":"default","header-above-stick-meta":"","header-main-stick-meta":"","header-below-stick-meta":"","astra-migrate-meta-layouts":"","ep_exclude_from_search":false,"footnotes":""},"acf":[],"yoast_head":"<!-- This site is optimized with the Yoast SEO Premium plugin v17.7 (Yoast SEO v21.0) - https:\/\/yoast.com\/wordpress\/plugins\/seo\/ -->\n<title>Tr\u00e1mites - Coordinaci\u00f3n de Educaci\u00f3n Inicial<\/title>\n<meta name=\"robots\" content=\"index, follow, max-snippet:-1, max-image-preview:large, max-video-preview:-1\" \/>\n<link rel=\"canonical\" href=\"https:\/\/apprende.jalisco.gob.mx\/coordinacion-educacion-inicial\/tramites-inicial\/\" \/>\n<meta property=\"og:locale\" content=\"es_MX\" \/>\n<meta property=\"og:type\" content=\"article\" \/>\n<meta property=\"og:title\" content=\"Tr\u00e1mites\" \/>\n<meta property=\"og:description\" content=\"Preinscripci\u00f3n al Cendi Para realizarla ser\u00e1 necesario realizar los siguientes pasos: Acudir para el llenado de solicitud de ingreso, a las oficinas de la Secretar\u00eda de Educaci\u00f3n situadas en Av. Central Guillermo Gonz\u00e1lez Camarena No. 615, Col. Residencial Poniente, Zapopan, Jalisco. Anexar copia del acta de nacimiento del menor. Copia del recibo de n\u00f3mina de &hellip; Tr\u00e1mites Leer m\u00e1s &raquo;\" \/>\n<meta property=\"og:url\" content=\"https:\/\/apprende.jalisco.gob.mx\/coordinacion-educacion-inicial\/tramites-inicial\/\" \/>\n<meta property=\"og:site_name\" content=\"Coordinaci\u00f3n de Educaci\u00f3n Inicial\" \/>\n<meta property=\"article:modified_time\" content=\"2024-05-03T19:48:09+00:00\" \/>\n<meta name=\"twitter:card\" content=\"summary_large_image\" \/>\n<meta name=\"twitter:label1\" content=\"Tiempo de lectura\" \/>\n\t<meta name=\"twitter:data1\" content=\"1 minuto\" \/>\n<script type=\"application\/ld+json\" class=\"yoast-schema-graph\">{\"@context\":\"https:\/\/schema.org\",\"@graph\":[{\"@type\":\"WebPage\",\"@id\":\"https:\/\/apprende.jalisco.gob.mx\/coordinacion-educacion-inicial\/tramites-inicial\/\",\"url\":\"https:\/\/apprende.jalisco.gob.mx\/coordinacion-educacion-inicial\/tramites-inicial\/\",\"name\":\"Tr\u00e1mites - Coordinaci\u00f3n de Educaci\u00f3n Inicial\",\"isPartOf\":{\"@id\":\"https:\/\/apprende.jalisco.gob.mx\/coordinacion-educacion-inicial\/#website\"},\"datePublished\":\"2022-09-04T02:28:43+00:00\",\"dateModified\":\"2024-05-03T19:48:09+00:00\",\"breadcrumb\":{\"@id\":\"https:\/\/apprende.jalisco.gob.mx\/coordinacion-educacion-inicial\/tramites-inicial\/#breadcrumb\"},\"inLanguage\":\"es-MX\",\"potentialAction\":[{\"@type\":\"ReadAction\",\"target\":[\"https:\/\/apprende.jalisco.gob.mx\/coordinacion-educacion-inicial\/tramites-inicial\/\"]}]},{\"@type\":\"BreadcrumbList\",\"@id\":\"https:\/\/apprende.jalisco.gob.mx\/coordinacion-educacion-inicial\/tramites-inicial\/#breadcrumb\",\"itemListElement\":[{\"@type\":\"ListItem\",\"position\":1,\"name\":\"Inicio\",\"item\":\"https:\/\/apprende.jalisco.gob.mx\/coordinacion-educacion-inicial\/\"},{\"@type\":\"ListItem\",\"position\":2,\"name\":\"Tr\u00e1mites\"}]},{\"@type\":\"WebSite\",\"@id\":\"https:\/\/apprende.jalisco.gob.mx\/coordinacion-educacion-inicial\/#website\",\"url\":\"https:\/\/apprende.jalisco.gob.mx\/coordinacion-educacion-inicial\/\",\"name\":\"Coordinaci\u00f3n de Educaci\u00f3n Inicial\",\"description\":\"Micrositio\",\"publisher\":{\"@id\":\"https:\/\/apprende.jalisco.gob.mx\/coordinacion-educacion-inicial\/#organization\"},\"potentialAction\":[{\"@type\":\"SearchAction\",\"target\":{\"@type\":\"EntryPoint\",\"urlTemplate\":\"https:\/\/apprende.jalisco.gob.mx\/coordinacion-educacion-inicial\/?s={search_term_string}\"},\"query-input\":\"required name=search_term_string\"}],\"inLanguage\":\"es-MX\"},{\"@type\":\"Organization\",\"@id\":\"https:\/\/apprende.jalisco.gob.mx\/coordinacion-educacion-inicial\/#organization\",\"name\":\"Coordinaci\u00f3n de Educaci\u00f3n Inicial\",\"url\":\"https:\/\/apprende.jalisco.gob.mx\/coordinacion-educacion-inicial\/\",\"logo\":{\"@type\":\"ImageObject\",\"inLanguage\":\"es-MX\",\"@id\":\"https:\/\/apprende.jalisco.gob.mx\/coordinacion-educacion-inicial\/#\/schema\/logo\/image\/\",\"url\":\"https:\/\/apprende.jalisco.gob.mx\/coordinacion-educacion-inicial\/wp-content\/uploads\/sites\/43\/2022\/03\/logo-Educacion2025.png\",\"contentUrl\":\"https:\/\/apprende.jalisco.gob.mx\/coordinacion-educacion-inicial\/wp-content\/uploads\/sites\/43\/2022\/03\/logo-Educacion2025.png\",\"width\":427,\"height\":108,\"caption\":\"Coordinaci\u00f3n de Educaci\u00f3n Inicial\"},\"image\":{\"@id\":\"https:\/\/apprende.jalisco.gob.mx\/coordinacion-educacion-inicial\/#\/schema\/logo\/image\/\"}}]}<\/script>\n<!-- \/ Yoast SEO Premium plugin. -->","yoast_head_json":{"title":"Tr\u00e1mites - Coordinaci\u00f3n de Educaci\u00f3n Inicial","robots":{"index":"index","follow":"follow","max-snippet":"max-snippet:-1","max-image-preview":"max-image-preview:large","max-video-preview":"max-video-preview:-1"},"canonical":"https:\/\/apprende.jalisco.gob.mx\/coordinacion-educacion-inicial\/tramites-inicial\/","og_locale":"es_MX","og_type":"article","og_title":"Tr\u00e1mites","og_description":"Preinscripci\u00f3n al Cendi Para realizarla ser\u00e1 necesario realizar los siguientes pasos: Acudir para el llenado de solicitud de ingreso, a las oficinas de la Secretar\u00eda de Educaci\u00f3n situadas en Av. Central Guillermo Gonz\u00e1lez Camarena No. 615, Col. Residencial Poniente, Zapopan, Jalisco. Anexar copia del acta de nacimiento del menor. Copia del recibo de n\u00f3mina de &hellip; Tr\u00e1mites Leer m\u00e1s &raquo;","og_url":"https:\/\/apprende.jalisco.gob.mx\/coordinacion-educacion-inicial\/tramites-inicial\/","og_site_name":"Coordinaci\u00f3n de Educaci\u00f3n Inicial","article_modified_time":"2024-05-03T19:48:09+00:00","twitter_card":"summary_large_image","twitter_misc":{"Tiempo de lectura":"1 minuto"},"schema":{"@context":"https:\/\/schema.org","@graph":[{"@type":"WebPage","@id":"https:\/\/apprende.jalisco.gob.mx\/coordinacion-educacion-inicial\/tramites-inicial\/","url":"https:\/\/apprende.jalisco.gob.mx\/coordinacion-educacion-inicial\/tramites-inicial\/","name":"Tr\u00e1mites - Coordinaci\u00f3n de Educaci\u00f3n Inicial","isPartOf":{"@id":"https:\/\/apprende.jalisco.gob.mx\/coordinacion-educacion-inicial\/#website"},"datePublished":"2022-09-04T02:28:43+00:00","dateModified":"2024-05-03T19:48:09+00:00","breadcrumb":{"@id":"https:\/\/apprende.jalisco.gob.mx\/coordinacion-educacion-inicial\/tramites-inicial\/#breadcrumb"},"inLanguage":"es-MX","potentialAction":[{"@type":"ReadAction","target":["https:\/\/apprende.jalisco.gob.mx\/coordinacion-educacion-inicial\/tramites-inicial\/"]}]},{"@type":"BreadcrumbList","@id":"https:\/\/apprende.jalisco.gob.mx\/coordinacion-educacion-inicial\/tramites-inicial\/#breadcrumb","itemListElement":[{"@type":"ListItem","position":1,"name":"Inicio","item":"https:\/\/apprende.jalisco.gob.mx\/coordinacion-educacion-inicial\/"},{"@type":"ListItem","position":2,"name":"Tr\u00e1mites"}]},{"@type":"WebSite","@id":"https:\/\/apprende.jalisco.gob.mx\/coordinacion-educacion-inicial\/#website","url":"https:\/\/apprende.jalisco.gob.mx\/coordinacion-educacion-inicial\/","name":"Coordinaci\u00f3n de Educaci\u00f3n Inicial","description":"Micrositio","publisher":{"@id":"https:\/\/apprende.jalisco.gob.mx\/coordinacion-educacion-inicial\/#organization"},"potentialAction":[{"@type":"SearchAction","target":{"@type":"EntryPoint","urlTemplate":"https:\/\/apprende.jalisco.gob.mx\/coordinacion-educacion-inicial\/?s={search_term_string}"},"query-input":"required name=search_term_string"}],"inLanguage":"es-MX"},{"@type":"Organization","@id":"https:\/\/apprende.jalisco.gob.mx\/coordinacion-educacion-inicial\/#organization","name":"Coordinaci\u00f3n de Educaci\u00f3n Inicial","url":"https:\/\/apprende.jalisco.gob.mx\/coordinacion-educacion-inicial\/","logo":{"@type":"ImageObject","inLanguage":"es-MX","@id":"https:\/\/apprende.jalisco.gob.mx\/coordinacion-educacion-inicial\/#\/schema\/logo\/image\/","url":"https:\/\/apprende.jalisco.gob.mx\/coordinacion-educacion-inicial\/wp-content\/uploads\/sites\/43\/2022\/03\/logo-Educacion2025.png","contentUrl":"https:\/\/apprende.jalisco.gob.mx\/coordinacion-educacion-inicial\/wp-content\/uploads\/sites\/43\/2022\/03\/logo-Educacion2025.png","width":427,"height":108,"caption":"Coordinaci\u00f3n de Educaci\u00f3n Inicial"},"image":{"@id":"https:\/\/apprende.jalisco.gob.mx\/coordinacion-educacion-inicial\/#\/schema\/logo\/image\/"}}]}},"_links":{"self":[{"href":"https:\/\/apprende.jalisco.gob.mx\/coordinacion-educacion-inicial\/wp-json\/wp\/v2\/pages\/2832"}],"collection":[{"href":"https:\/\/apprende.jalisco.gob.mx\/coordinacion-educacion-inicial\/wp-json\/wp\/v2\/pages"}],"about":[{"href":"https:\/\/apprende.jalisco.gob.mx\/coordinacion-educacion-inicial\/wp-json\/wp\/v2\/types\/page"}],"author":[{"embeddable":true,"href":"https:\/\/apprende.jalisco.gob.mx\/coordinacion-educacion-inicial\/wp-json\/wp\/v2\/users\/1"}],"replies":[{"embeddable":true,"href":"https:\/\/apprende.jalisco.gob.mx\/coordinacion-educacion-inicial\/wp-json\/wp\/v2\/comments?post=2832"}],"version-history":[{"count":36,"href":"https:\/\/apprende.jalisco.gob.mx\/coordinacion-educacion-inicial\/wp-json\/wp\/v2\/pages\/2832\/revisions"}],"predecessor-version":[{"id":3412,"href":"https:\/\/apprende.jalisco.gob.mx\/coordinacion-educacion-inicial\/wp-json\/wp\/v2\/pages\/2832\/revisions\/3412"}],"wp:attachment":[{"href":"https:\/\/apprende.jalisco.gob.mx\/coordinacion-educacion-inicial\/wp-json\/wp\/v2\/media?parent=2832"}],"curies":[{"name":"wp","href":"https:\/\/api.w.org\/{rel}","templated":true}]}}