{"id":3515,"date":"2025-06-10T16:00:08","date_gmt":"2025-06-10T22:00:08","guid":{"rendered":"https:\/\/apprende.jalisco.gob.mx\/coordinacion-educacion-inicial\/?page_id=3515"},"modified":"2025-08-13T13:16:15","modified_gmt":"2025-08-13T19:16:15","slug":"documentos-normativos","status":"publish","type":"page","link":"https:\/\/apprende.jalisco.gob.mx\/coordinacion-educacion-inicial\/peei\/documentos-normativos\/","title":{"rendered":"Documentos normativos"},"content":{"rendered":"\t\t<div data-elementor-type=\"wp-page\" data-elementor-id=\"3515\" class=\"elementor elementor-3515\" data-elementor-post-type=\"page\">\n\t\t\t\t\t\t\t\t\t<section class=\"elementor-section elementor-top-section elementor-element elementor-element-ddfb6fd elementor-section-boxed elementor-section-height-default elementor-section-height-default\" data-id=\"ddfb6fd\" data-element_type=\"section\" data-settings=\"{&quot;ekit_has_onepagescroll_dot&quot;:&quot;yes&quot;}\">\n\t\t\t\t\t\t<div class=\"elementor-container elementor-column-gap-default\">\n\t\t\t\t\t<div class=\"elementor-column elementor-col-100 elementor-top-column elementor-element elementor-element-b5fef51\" data-id=\"b5fef51\" data-element_type=\"column\">\n\t\t\t<div class=\"elementor-widget-wrap elementor-element-populated\">\n\t\t\t\t\t\t\t\t<div class=\"elementor-element elementor-element-7c6b08c elementor-widget elementor-widget-breadcrumbs\" data-id=\"7c6b08c\" data-element_type=\"widget\" data-settings=\"{&quot;ekit_we_effect_on&quot;:&quot;none&quot;}\" data-widget_type=\"breadcrumbs.default\">\n\t\t\t\t<div class=\"elementor-widget-container\">\n\t\t\t<div id=\"breadcrumbs\"><span><span><a href=\"https:\/\/apprende.jalisco.gob.mx\/coordinacion-educacion-inicial\/\">Inicio<\/a><\/span><\/span><\/div>\t\t<\/div>\n\t\t\t\t<\/div>\n\t\t\t\t<div class=\"elementor-element elementor-element-04a7450 elementor-widget elementor-widget-heading\" data-id=\"04a7450\" data-element_type=\"widget\" data-settings=\"{&quot;ekit_we_effect_on&quot;:&quot;none&quot;}\" data-widget_type=\"heading.default\">\n\t\t\t\t<div class=\"elementor-widget-container\">\n\t\t\t<h2 class=\"elementor-heading-title elementor-size-default\">Documentos Normativos de Contralor\u00eda Social<\/h2>\t\t<\/div>\n\t\t\t\t<\/div>\n\t\t\t\t\t<\/div>\n\t\t<\/div>\n\t\t\t\t\t\t\t<\/div>\n\t\t<\/section>\n\t\t\t\t<section class=\"elementor-section elementor-top-section elementor-element elementor-element-ef04cde elementor-section-boxed elementor-section-height-default elementor-section-height-default\" data-id=\"ef04cde\" data-element_type=\"section\" data-settings=\"{&quot;ekit_has_onepagescroll_dot&quot;:&quot;yes&quot;}\">\n\t\t\t\t\t\t<div class=\"elementor-container elementor-column-gap-default\">\n\t\t\t\t\t<div class=\"elementor-column elementor-col-16 elementor-top-column elementor-element elementor-element-583f5a5\" data-id=\"583f5a5\" data-element_type=\"column\">\n\t\t\t<div class=\"elementor-widget-wrap\">\n\t\t\t\t\t\t\t\t\t<\/div>\n\t\t<\/div>\n\t\t\t\t<div class=\"elementor-column elementor-col-66 elementor-top-column elementor-element elementor-element-ba9ac30\" data-id=\"ba9ac30\" data-element_type=\"column\">\n\t\t\t<div class=\"elementor-widget-wrap elementor-element-populated\">\n\t\t\t\t\t\t\t\t<div class=\"elementor-element elementor-element-f64a6c2 elementor-align-left elementor-icon-list--layout-traditional elementor-list-item-link-full_width elementor-widget elementor-widget-icon-list\" data-id=\"f64a6c2\" data-element_type=\"widget\" data-settings=\"{&quot;ekit_we_effect_on&quot;:&quot;none&quot;}\" data-widget_type=\"icon-list.default\">\n\t\t\t\t<div class=\"elementor-widget-container\">\n\t\t\t\t\t<ul class=\"elementor-icon-list-items\">\n\t\t\t\t\t\t\t<li class=\"elementor-icon-list-item\">\n\t\t\t\t\t\t\t\t\t\t\t<a href=\"https:\/\/apprende.jalisco.gob.mx\/coordinacion-educacion-inicial\/wp-content\/uploads\/sites\/43\/2025\/08\/Anexo-1-Acta-constitucion-de-CCS_PEEI.pdf\">\n\n\t\t\t\t\t\t\t\t\t\t\t\t<span class=\"elementor-icon-list-icon\">\n\t\t\t\t\t\t\t<i aria-hidden=\"true\" class=\"fas fa-file-download\"><\/i>\t\t\t\t\t\t<\/span>\n\t\t\t\t\t\t\t\t\t\t<span class=\"elementor-icon-list-text\">Acta constituci\u00f3n de CCS PEEI 2025<\/span>\n\t\t\t\t\t\t\t\t\t\t\t<\/a>\n\t\t\t\t\t\t\t\t\t<\/li>\n\t\t\t\t\t\t\t\t<li class=\"elementor-icon-list-item\">\n\t\t\t\t\t\t\t\t\t\t\t<a href=\"https:\/\/apprende.jalisco.gob.mx\/coordinacion-educacion-inicial\/wp-content\/uploads\/sites\/43\/2025\/08\/DGGEYET-Anexo-2-Acta-sustitucion-de-CCS-PEEI.pdf\">\n\n\t\t\t\t\t\t\t\t\t\t\t\t<span class=\"elementor-icon-list-icon\">\n\t\t\t\t\t\t\t<i aria-hidden=\"true\" class=\"fas fa-file-download\"><\/i>\t\t\t\t\t\t<\/span>\n\t\t\t\t\t\t\t\t\t\t<span class=\"elementor-icon-list-text\">Acta sustituci\u00f3n de CCS PEEI 2025<\/span>\n\t\t\t\t\t\t\t\t\t\t\t<\/a>\n\t\t\t\t\t\t\t\t\t<\/li>\n\t\t\t\t\t\t\t\t<li class=\"elementor-icon-list-item\">\n\t\t\t\t\t\t\t\t\t\t\t<a href=\"https:\/\/apprende.jalisco.gob.mx\/coordinacion-educacion-inicial\/wp-content\/uploads\/sites\/43\/2025\/08\/DGGEYET-Anexo-3-Minuta-CCS-PEEI.pdf\">\n\n\t\t\t\t\t\t\t\t\t\t\t\t<span class=\"elementor-icon-list-icon\">\n\t\t\t\t\t\t\t<i aria-hidden=\"true\" class=\"fas fa-file-download\"><\/i>\t\t\t\t\t\t<\/span>\n\t\t\t\t\t\t\t\t\t\t<span class=\"elementor-icon-list-text\"> Minuta CCS PEEI 2025<\/span>\n\t\t\t\t\t\t\t\t\t\t\t<\/a>\n\t\t\t\t\t\t\t\t\t<\/li>\n\t\t\t\t\t\t\t\t<li class=\"elementor-icon-list-item\">\n\t\t\t\t\t\t\t\t\t\t\t<a href=\"https:\/\/apprende.jalisco.gob.mx\/coordinacion-educacion-inicial\/wp-content\/uploads\/sites\/43\/2025\/08\/DGGEYET-Anexo-4-Informe-CCS-PEEI.pdf\">\n\n\t\t\t\t\t\t\t\t\t\t\t\t<span class=\"elementor-icon-list-icon\">\n\t\t\t\t\t\t\t<i aria-hidden=\"true\" class=\"fas fa-file-download\"><\/i>\t\t\t\t\t\t<\/span>\n\t\t\t\t\t\t\t\t\t\t<span class=\"elementor-icon-list-text\">Informe CCS PEEI 2025<\/span>\n\t\t\t\t\t\t\t\t\t\t\t<\/a>\n\t\t\t\t\t\t\t\t\t<\/li>\n\t\t\t\t\t\t\t\t<li class=\"elementor-icon-list-item\">\n\t\t\t\t\t\t\t\t\t\t\t<a href=\"https:\/\/apprende.jalisco.gob.mx\/coordinacion-educacion-inicial\/wp-content\/uploads\/sites\/43\/2025\/08\/DGGEYET_Guia-Operativa_PRONI_PEEI.pdf\">\n\n\t\t\t\t\t\t\t\t\t\t\t\t<span class=\"elementor-icon-list-icon\">\n\t\t\t\t\t\t\t<i aria-hidden=\"true\" class=\"fas fa-file-download\"><\/i>\t\t\t\t\t\t<\/span>\n\t\t\t\t\t\t\t\t\t\t<span class=\"elementor-icon-list-text\">Gu\u00eda Operativa PEEI 2025<\/span>\n\t\t\t\t\t\t\t\t\t\t\t<\/a>\n\t\t\t\t\t\t\t\t\t<\/li>\n\t\t\t\t\t\t\t\t<li class=\"elementor-icon-list-item\">\n\t\t\t\t\t\t\t\t\t\t\t<a href=\"https:\/\/apprende.jalisco.gob.mx\/coordinacion-educacion-inicial\/wp-content\/uploads\/sites\/43\/2025\/08\/DGGEyET_Ficha-Tecnica_PEEI.pdf\">\n\n\t\t\t\t\t\t\t\t\t\t\t\t<span class=\"elementor-icon-list-icon\">\n\t\t\t\t\t\t\t<i aria-hidden=\"true\" class=\"fas fa-file-download\"><\/i>\t\t\t\t\t\t<\/span>\n\t\t\t\t\t\t\t\t\t\t<span class=\"elementor-icon-list-text\">Ficha T\u00e9cnica PEEI 2025<\/span>\n\t\t\t\t\t\t\t\t\t\t\t<\/a>\n\t\t\t\t\t\t\t\t\t<\/li>\n\t\t\t\t\t\t\t\t<li class=\"elementor-icon-list-item\">\n\t\t\t\t\t\t\t\t\t\t\t<a href=\"https:\/\/apprende.jalisco.gob.mx\/coordinacion-educacion-inicial\/wp-content\/uploads\/sites\/43\/2025\/08\/DGGEYET-PATCS-PRONI-PEEI.pdf\">\n\n\t\t\t\t\t\t\t\t\t\t\t\t<span class=\"elementor-icon-list-icon\">\n\t\t\t\t\t\t\t<i aria-hidden=\"true\" class=\"fas fa-file-download\"><\/i>\t\t\t\t\t\t<\/span>\n\t\t\t\t\t\t\t\t\t\t<span class=\"elementor-icon-list-text\">PATCS PEEI 2025<\/span>\n\t\t\t\t\t\t\t\t\t\t\t<\/a>\n\t\t\t\t\t\t\t\t\t<\/li>\n\t\t\t\t\t\t\t\t<li class=\"elementor-icon-list-item\">\n\t\t\t\t\t\t\t\t\t\t\t<a href=\"https:\/\/apprende.jalisco.gob.mx\/coordinacion-educacion-inicial\/wp-content\/uploads\/sites\/43\/2025\/08\/DGGEYET-Esquema-CS-PRONI_PEEI.pdf\">\n\n\t\t\t\t\t\t\t\t\t\t\t\t<span class=\"elementor-icon-list-icon\">\n\t\t\t\t\t\t\t<i aria-hidden=\"true\" class=\"fas fa-file-download\"><\/i>\t\t\t\t\t\t<\/span>\n\t\t\t\t\t\t\t\t\t\t<span class=\"elementor-icon-list-text\">Esquema PEEI 2025<\/span>\n\t\t\t\t\t\t\t\t\t\t\t<\/a>\n\t\t\t\t\t\t\t\t\t<\/li>\n\t\t\t\t\t\t\t\t<li class=\"elementor-icon-list-item\">\n\t\t\t\t\t\t\t\t\t\t\t<a href=\"https:\/\/apprende.jalisco.gob.mx\/coordinacion-educacion-inicial\/wp-content\/uploads\/sites\/43\/2025\/08\/DGGEYET-Anexo-5-PTIECS-PRONI-PEEI.xlsx\">\n\n\t\t\t\t\t\t\t\t\t\t\t\t<span class=\"elementor-icon-list-icon\">\n\t\t\t\t\t\t\t<i aria-hidden=\"true\" class=\"fas fa-file-download\"><\/i>\t\t\t\t\t\t<\/span>\n\t\t\t\t\t\t\t\t\t\t<span class=\"elementor-icon-list-text\">PTIECS PEEI 2025<\/span>\n\t\t\t\t\t\t\t\t\t\t\t<\/a>\n\t\t\t\t\t\t\t\t\t<\/li>\n\t\t\t\t\t\t<\/ul>\n\t\t\t\t<\/div>\n\t\t\t\t<\/div>\n\t\t\t\t\t<\/div>\n\t\t<\/div>\n\t\t\t\t<div class=\"elementor-column elementor-col-16 elementor-top-column elementor-element elementor-element-2278044\" data-id=\"2278044\" data-element_type=\"column\">\n\t\t\t<div class=\"elementor-widget-wrap\">\n\t\t\t\t\t\t\t\t\t<\/div>\n\t\t<\/div>\n\t\t\t\t\t\t\t<\/div>\n\t\t<\/section>\n\t\t\t\t\t\t\t<\/div>\n\t\t","protected":false},"excerpt":{"rendered":"<p>Documentos Normativos de Contralor\u00eda Social Acta constituci\u00f3n de CCS PEEI 2025 Acta sustituci\u00f3n de CCS PEEI 2025 Minuta CCS PEEI 2025 Informe CCS PEEI 2025 Gu\u00eda Operativa PEEI 2025 Ficha T\u00e9cnica PEEI 2025 PATCS PEEI 2025 Esquema PEEI 2025 PTIECS PEEI 2025<\/p>\n","protected":false},"author":8,"featured_media":0,"parent":3181,"menu_order":0,"comment_status":"closed","ping_status":"closed","template":"","meta":{"_monsterinsights_skip_tracking":false,"_monsterinsights_sitenote_active":false,"_monsterinsights_sitenote_note":"","_monsterinsights_sitenote_category":0,"site-sidebar-layout":"no-sidebar","site-content-layout":"page-builder","ast-site-content-layout":"full-width-container","site-content-style":"unboxed","site-sidebar-style":"unboxed","ast-global-header-display":"","ast-banner-title-visibility":"","ast-main-header-display":"","ast-hfb-above-header-display":"","ast-hfb-below-header-display":"","ast-hfb-mobile-header-display":"","site-post-title":"disabled","ast-breadcrumbs-content":"","ast-featured-img":"disabled","footer-sml-layout":"","theme-transparent-header-meta":"default","adv-header-id-meta":"","stick-header-meta":"default","header-above-stick-meta":"","header-main-stick-meta":"","header-below-stick-meta":"","astra-migrate-meta-layouts":"set","ep_exclude_from_search":false,"footnotes":""},"acf":[],"yoast_head":"<!-- This site is optimized with the Yoast SEO Premium plugin v17.7 (Yoast SEO v21.0) - https:\/\/yoast.com\/wordpress\/plugins\/seo\/ -->\n<title>Documentos normativos - Coordinaci\u00f3n de Educaci\u00f3n Inicial<\/title>\n<meta name=\"robots\" content=\"index, follow, max-snippet:-1, max-image-preview:large, max-video-preview:-1\" \/>\n<link rel=\"canonical\" href=\"https:\/\/apprende.jalisco.gob.mx\/coordinacion-educacion-inicial\/peei\/documentos-normativos\/\" \/>\n<meta property=\"og:locale\" content=\"es_MX\" \/>\n<meta property=\"og:type\" content=\"article\" \/>\n<meta property=\"og:title\" content=\"Documentos normativos\" \/>\n<meta property=\"og:description\" content=\"Documentos Normativos de Contralor\u00eda Social Acta constituci\u00f3n de CCS PEEI 2025 Acta sustituci\u00f3n de CCS PEEI 2025 Minuta CCS PEEI 2025 Informe CCS PEEI 2025 Gu\u00eda Operativa PEEI 2025 Ficha T\u00e9cnica PEEI 2025 PATCS PEEI 2025 Esquema PEEI 2025 PTIECS PEEI 2025\" \/>\n<meta property=\"og:url\" content=\"https:\/\/apprende.jalisco.gob.mx\/coordinacion-educacion-inicial\/peei\/documentos-normativos\/\" \/>\n<meta property=\"og:site_name\" content=\"Coordinaci\u00f3n de Educaci\u00f3n Inicial\" \/>\n<meta property=\"article:modified_time\" content=\"2025-08-13T19:16:15+00:00\" \/>\n<meta name=\"twitter:card\" content=\"summary_large_image\" \/>\n<meta name=\"twitter:label1\" content=\"Tiempo de lectura\" \/>\n\t<meta name=\"twitter:data1\" content=\"1 minuto\" \/>\n<script type=\"application\/ld+json\" class=\"yoast-schema-graph\">{\"@context\":\"https:\/\/schema.org\",\"@graph\":[{\"@type\":\"WebPage\",\"@id\":\"https:\/\/apprende.jalisco.gob.mx\/coordinacion-educacion-inicial\/peei\/documentos-normativos\/\",\"url\":\"https:\/\/apprende.jalisco.gob.mx\/coordinacion-educacion-inicial\/peei\/documentos-normativos\/\",\"name\":\"Documentos normativos - Coordinaci\u00f3n de Educaci\u00f3n Inicial\",\"isPartOf\":{\"@id\":\"https:\/\/apprende.jalisco.gob.mx\/coordinacion-educacion-inicial\/#website\"},\"datePublished\":\"2025-06-10T22:00:08+00:00\",\"dateModified\":\"2025-08-13T19:16:15+00:00\",\"breadcrumb\":{\"@id\":\"https:\/\/apprende.jalisco.gob.mx\/coordinacion-educacion-inicial\/peei\/documentos-normativos\/#breadcrumb\"},\"inLanguage\":\"es-MX\",\"potentialAction\":[{\"@type\":\"ReadAction\",\"target\":[\"https:\/\/apprende.jalisco.gob.mx\/coordinacion-educacion-inicial\/peei\/documentos-normativos\/\"]}]},{\"@type\":\"BreadcrumbList\",\"@id\":\"https:\/\/apprende.jalisco.gob.mx\/coordinacion-educacion-inicial\/peei\/documentos-normativos\/#breadcrumb\",\"itemListElement\":[{\"@type\":\"ListItem\",\"position\":1,\"name\":\"Inicio\",\"item\":\"https:\/\/apprende.jalisco.gob.mx\/coordinacion-educacion-inicial\/\"},{\"@type\":\"ListItem\",\"position\":2,\"name\":\"PEEI\",\"item\":\"https:\/\/apprende.jalisco.gob.mx\/coordinacion-educacion-inicial\/peei\/\"},{\"@type\":\"ListItem\",\"position\":3,\"name\":\"Documentos normativos\"}]},{\"@type\":\"WebSite\",\"@id\":\"https:\/\/apprende.jalisco.gob.mx\/coordinacion-educacion-inicial\/#website\",\"url\":\"https:\/\/apprende.jalisco.gob.mx\/coordinacion-educacion-inicial\/\",\"name\":\"Coordinaci\u00f3n de Educaci\u00f3n Inicial\",\"description\":\"Micrositio\",\"publisher\":{\"@id\":\"https:\/\/apprende.jalisco.gob.mx\/coordinacion-educacion-inicial\/#organization\"},\"potentialAction\":[{\"@type\":\"SearchAction\",\"target\":{\"@type\":\"EntryPoint\",\"urlTemplate\":\"https:\/\/apprende.jalisco.gob.mx\/coordinacion-educacion-inicial\/?s={search_term_string}\"},\"query-input\":\"required name=search_term_string\"}],\"inLanguage\":\"es-MX\"},{\"@type\":\"Organization\",\"@id\":\"https:\/\/apprende.jalisco.gob.mx\/coordinacion-educacion-inicial\/#organization\",\"name\":\"Coordinaci\u00f3n de Educaci\u00f3n Inicial\",\"url\":\"https:\/\/apprende.jalisco.gob.mx\/coordinacion-educacion-inicial\/\",\"logo\":{\"@type\":\"ImageObject\",\"inLanguage\":\"es-MX\",\"@id\":\"https:\/\/apprende.jalisco.gob.mx\/coordinacion-educacion-inicial\/#\/schema\/logo\/image\/\",\"url\":\"https:\/\/apprende.jalisco.gob.mx\/coordinacion-educacion-inicial\/wp-content\/uploads\/sites\/43\/2022\/03\/logo-Educacion2025.png\",\"contentUrl\":\"https:\/\/apprende.jalisco.gob.mx\/coordinacion-educacion-inicial\/wp-content\/uploads\/sites\/43\/2022\/03\/logo-Educacion2025.png\",\"width\":427,\"height\":108,\"caption\":\"Coordinaci\u00f3n de Educaci\u00f3n Inicial\"},\"image\":{\"@id\":\"https:\/\/apprende.jalisco.gob.mx\/coordinacion-educacion-inicial\/#\/schema\/logo\/image\/\"}}]}<\/script>\n<!-- \/ Yoast SEO Premium plugin. -->","yoast_head_json":{"title":"Documentos normativos - Coordinaci\u00f3n de Educaci\u00f3n Inicial","robots":{"index":"index","follow":"follow","max-snippet":"max-snippet:-1","max-image-preview":"max-image-preview:large","max-video-preview":"max-video-preview:-1"},"canonical":"https:\/\/apprende.jalisco.gob.mx\/coordinacion-educacion-inicial\/peei\/documentos-normativos\/","og_locale":"es_MX","og_type":"article","og_title":"Documentos normativos","og_description":"Documentos Normativos de Contralor\u00eda Social Acta constituci\u00f3n de CCS PEEI 2025 Acta sustituci\u00f3n de CCS PEEI 2025 Minuta CCS PEEI 2025 Informe CCS PEEI 2025 Gu\u00eda Operativa PEEI 2025 Ficha T\u00e9cnica PEEI 2025 PATCS PEEI 2025 Esquema PEEI 2025 PTIECS PEEI 2025","og_url":"https:\/\/apprende.jalisco.gob.mx\/coordinacion-educacion-inicial\/peei\/documentos-normativos\/","og_site_name":"Coordinaci\u00f3n de Educaci\u00f3n Inicial","article_modified_time":"2025-08-13T19:16:15+00:00","twitter_card":"summary_large_image","twitter_misc":{"Tiempo de lectura":"1 minuto"},"schema":{"@context":"https:\/\/schema.org","@graph":[{"@type":"WebPage","@id":"https:\/\/apprende.jalisco.gob.mx\/coordinacion-educacion-inicial\/peei\/documentos-normativos\/","url":"https:\/\/apprende.jalisco.gob.mx\/coordinacion-educacion-inicial\/peei\/documentos-normativos\/","name":"Documentos normativos - Coordinaci\u00f3n de Educaci\u00f3n Inicial","isPartOf":{"@id":"https:\/\/apprende.jalisco.gob.mx\/coordinacion-educacion-inicial\/#website"},"datePublished":"2025-06-10T22:00:08+00:00","dateModified":"2025-08-13T19:16:15+00:00","breadcrumb":{"@id":"https:\/\/apprende.jalisco.gob.mx\/coordinacion-educacion-inicial\/peei\/documentos-normativos\/#breadcrumb"},"inLanguage":"es-MX","potentialAction":[{"@type":"ReadAction","target":["https:\/\/apprende.jalisco.gob.mx\/coordinacion-educacion-inicial\/peei\/documentos-normativos\/"]}]},{"@type":"BreadcrumbList","@id":"https:\/\/apprende.jalisco.gob.mx\/coordinacion-educacion-inicial\/peei\/documentos-normativos\/#breadcrumb","itemListElement":[{"@type":"ListItem","position":1,"name":"Inicio","item":"https:\/\/apprende.jalisco.gob.mx\/coordinacion-educacion-inicial\/"},{"@type":"ListItem","position":2,"name":"PEEI","item":"https:\/\/apprende.jalisco.gob.mx\/coordinacion-educacion-inicial\/peei\/"},{"@type":"ListItem","position":3,"name":"Documentos normativos"}]},{"@type":"WebSite","@id":"https:\/\/apprende.jalisco.gob.mx\/coordinacion-educacion-inicial\/#website","url":"https:\/\/apprende.jalisco.gob.mx\/coordinacion-educacion-inicial\/","name":"Coordinaci\u00f3n de Educaci\u00f3n Inicial","description":"Micrositio","publisher":{"@id":"https:\/\/apprende.jalisco.gob.mx\/coordinacion-educacion-inicial\/#organization"},"potentialAction":[{"@type":"SearchAction","target":{"@type":"EntryPoint","urlTemplate":"https:\/\/apprende.jalisco.gob.mx\/coordinacion-educacion-inicial\/?s={search_term_string}"},"query-input":"required name=search_term_string"}],"inLanguage":"es-MX"},{"@type":"Organization","@id":"https:\/\/apprende.jalisco.gob.mx\/coordinacion-educacion-inicial\/#organization","name":"Coordinaci\u00f3n de Educaci\u00f3n Inicial","url":"https:\/\/apprende.jalisco.gob.mx\/coordinacion-educacion-inicial\/","logo":{"@type":"ImageObject","inLanguage":"es-MX","@id":"https:\/\/apprende.jalisco.gob.mx\/coordinacion-educacion-inicial\/#\/schema\/logo\/image\/","url":"https:\/\/apprende.jalisco.gob.mx\/coordinacion-educacion-inicial\/wp-content\/uploads\/sites\/43\/2022\/03\/logo-Educacion2025.png","contentUrl":"https:\/\/apprende.jalisco.gob.mx\/coordinacion-educacion-inicial\/wp-content\/uploads\/sites\/43\/2022\/03\/logo-Educacion2025.png","width":427,"height":108,"caption":"Coordinaci\u00f3n de Educaci\u00f3n Inicial"},"image":{"@id":"https:\/\/apprende.jalisco.gob.mx\/coordinacion-educacion-inicial\/#\/schema\/logo\/image\/"}}]}},"_links":{"self":[{"href":"https:\/\/apprende.jalisco.gob.mx\/coordinacion-educacion-inicial\/wp-json\/wp\/v2\/pages\/3515"}],"collection":[{"href":"https:\/\/apprende.jalisco.gob.mx\/coordinacion-educacion-inicial\/wp-json\/wp\/v2\/pages"}],"about":[{"href":"https:\/\/apprende.jalisco.gob.mx\/coordinacion-educacion-inicial\/wp-json\/wp\/v2\/types\/page"}],"author":[{"embeddable":true,"href":"https:\/\/apprende.jalisco.gob.mx\/coordinacion-educacion-inicial\/wp-json\/wp\/v2\/users\/8"}],"replies":[{"embeddable":true,"href":"https:\/\/apprende.jalisco.gob.mx\/coordinacion-educacion-inicial\/wp-json\/wp\/v2\/comments?post=3515"}],"version-history":[{"count":13,"href":"https:\/\/apprende.jalisco.gob.mx\/coordinacion-educacion-inicial\/wp-json\/wp\/v2\/pages\/3515\/revisions"}],"predecessor-version":[{"id":3661,"href":"https:\/\/apprende.jalisco.gob.mx\/coordinacion-educacion-inicial\/wp-json\/wp\/v2\/pages\/3515\/revisions\/3661"}],"up":[{"embeddable":true,"href":"https:\/\/apprende.jalisco.gob.mx\/coordinacion-educacion-inicial\/wp-json\/wp\/v2\/pages\/3181"}],"wp:attachment":[{"href":"https:\/\/apprende.jalisco.gob.mx\/coordinacion-educacion-inicial\/wp-json\/wp\/v2\/media?parent=3515"}],"curies":[{"name":"wp","href":"https:\/\/api.w.org\/{rel}","templated":true}]}}