{"id":3496,"date":"2022-09-12T20:01:20","date_gmt":"2022-09-13T01:01:20","guid":{"rendered":"https:\/\/recrea.jalisco.gob.mx\/coordinacion-programa-probemjal\/?page_id=3496"},"modified":"2022-09-12T20:01:58","modified_gmt":"2022-09-13T01:01:58","slug":"la-torta-ahogada-tradicion-de-la-perla-tapatia-the-drowned-bread-a-tradition-of-the-tapatia-pearl","status":"publish","type":"page","link":"https:\/\/apprende.jalisco.gob.mx\/coordinacion-programa-probemjal\/la-torta-ahogada-tradicion-de-la-perla-tapatia-the-drowned-bread-a-tradition-of-the-tapatia-pearl\/","title":{"rendered":"La Torta Ahogada: Tradici\u00f3n de la Perla Tapat\u00eda\/ The drowned bread: a tradition of the Tapatia Pearl."},"content":{"rendered":"\t\t<div data-elementor-type=\"wp-page\" data-elementor-id=\"3496\" class=\"elementor elementor-3496\" data-elementor-post-type=\"page\">\n\t\t\t\t\t\t\t\t\t<section class=\"elementor-section elementor-top-section elementor-element elementor-element-ddfb6fd elementor-section-boxed elementor-section-height-default elementor-section-height-default\" data-id=\"ddfb6fd\" data-element_type=\"section\" data-settings=\"{&quot;ekit_has_onepagescroll_dot&quot;:&quot;yes&quot;}\">\n\t\t\t\t\t\t<div class=\"elementor-container elementor-column-gap-default\">\n\t\t\t\t\t<div class=\"elementor-column elementor-col-100 elementor-top-column elementor-element elementor-element-b5fef51\" data-id=\"b5fef51\" data-element_type=\"column\">\n\t\t\t<div class=\"elementor-widget-wrap elementor-element-populated\">\n\t\t\t\t\t\t\t\t<div class=\"elementor-element elementor-element-7c6b08c elementor-widget elementor-widget-breadcrumbs\" data-id=\"7c6b08c\" data-element_type=\"widget\" data-settings=\"{&quot;ekit_we_effect_on&quot;:&quot;none&quot;}\" data-widget_type=\"breadcrumbs.default\">\n\t\t\t\t<div class=\"elementor-widget-container\">\n\t\t\t<div id=\"breadcrumbs\"><span><span><a href=\"https:\/\/apprende.jalisco.gob.mx\/coordinacion-programa-probemjal\/\">Inicio<\/a><\/span><\/span><\/div>\t\t<\/div>\n\t\t\t\t<\/div>\n\t\t\t\t\t<\/div>\n\t\t<\/div>\n\t\t\t\t\t\t\t<\/div>\n\t\t<\/section>\n\t\t\t\t<section class=\"elementor-section elementor-top-section elementor-element elementor-element-2496b07 elementor-section-full_width elementor-section-height-default elementor-section-height-default\" data-id=\"2496b07\" data-element_type=\"section\" data-settings=\"{&quot;background_background&quot;:&quot;classic&quot;,&quot;ekit_has_onepagescroll_dot&quot;:&quot;yes&quot;}\">\n\t\t\t\t\t\t<div class=\"elementor-container elementor-column-gap-default\">\n\t\t\t\t\t<div class=\"elementor-column elementor-col-100 elementor-top-column elementor-element elementor-element-abc373b\" data-id=\"abc373b\" data-element_type=\"column\">\n\t\t\t<div class=\"elementor-widget-wrap elementor-element-populated\">\n\t\t\t\t\t\t\t\t<section class=\"elementor-section elementor-inner-section elementor-element elementor-element-82a360c elementor-section-boxed elementor-section-height-default elementor-section-height-default\" data-id=\"82a360c\" data-element_type=\"section\" data-settings=\"{&quot;ekit_has_onepagescroll_dot&quot;:&quot;yes&quot;}\">\n\t\t\t\t\t\t<div class=\"elementor-container elementor-column-gap-default\">\n\t\t\t\t\t<div class=\"elementor-column elementor-col-100 elementor-inner-column elementor-element elementor-element-177f601\" data-id=\"177f601\" data-element_type=\"column\">\n\t\t\t<div class=\"elementor-widget-wrap elementor-element-populated\">\n\t\t\t\t\t\t\t\t<div class=\"elementor-element elementor-element-6db45a8 elementor-widget elementor-widget-heading\" data-id=\"6db45a8\" data-element_type=\"widget\" data-settings=\"{&quot;ekit_we_effect_on&quot;:&quot;none&quot;}\" data-widget_type=\"heading.default\">\n\t\t\t\t<div class=\"elementor-widget-container\">\n\t\t\t<h2 class=\"elementor-heading-title elementor-size-default\">La Torta Ahogada: Tradici\u00f3n de la Perla Tapat\u00eda\/ The drowned bread: a tradition of the Tapatia Pearl.<\/h2>\t\t<\/div>\n\t\t\t\t<\/div>\n\t\t\t\t<div class=\"elementor-element elementor-element-5487cb7 elementor-widget elementor-widget-text-editor\" data-id=\"5487cb7\" data-element_type=\"widget\" data-settings=\"{&quot;ekit_we_effect_on&quot;:&quot;none&quot;}\" data-widget_type=\"text-editor.default\">\n\t\t\t\t<div class=\"elementor-widget-container\">\n\t\t\t\t\t\t\t<header><header class=\"entry-header ast-no-thumbnail\"><div class=\"ast-single-post-order\"><figure class=\"wp-block-embed is-type-rich is-provider-gestor-del-servicio wp-block-embed-gestor-del-servicio wp-embed-aspect-16-9 wp-has-aspect-ratio\"><div class=\"wp-block-embed__wrapper\"><figure class=\"wp-block-embed is-type-rich is-provider-gestor-del-servicio wp-block-embed-gestor-del-servicio wp-embed-aspect-16-9 wp-has-aspect-ratio\"><div class=\"wp-block-embed__wrapper\"><div class=\"ast-oembed-container\"><\/div><\/div><\/figure><strong>Sinopsis:<\/strong><p>Cada pa\u00eds y cada regi\u00f3n tienen un platillo delicioso que nos encanta. \u00bfCu\u00e1l es tu platillo favorito?. En este video, la maestra Sonia, nos muestra la historia de un platillo que no encontrar\u00e1s en ninguna parte del mundo y lo llamamos: la torta ahogada. Si quieres disfrutarlo, tendr\u00e1s que venir a Gudalajara, Jalisco, M\u00e9xico. Con la maestra Sonia, no s\u00f3lo aprender\u00e1s la historia de este platillo muy mexicano, que tambi\u00e9n tiene algo de europeo. Realiza la receta de la torta ahogada en casa y observa c\u00f3mo aplicar las matem\u00e1ticas para la realizaci\u00f3n de esta deliciosa receta. \u00a1Ser\u00e1 una platillo rico que puedes realizar f\u00e1cilmente en casa, con tu familia!<\/p><p>Every country and every region have a delicious dish that we love. What\u2019s your favorite dish?. In this video, the teacher Sonia, shows us the story of a dish that you will not find anywhere in the world and we call it: the drowned bread. If you want to enjoy it, you will have to come to Gudalajara, Jalisco, Mexico. With teacher Sonia, you will not only learn the history of this very Mexican dish, that also has something European. Make the recipe for the drowned bread at home and see how to apply the math to the realization of this delicious recipe. \u00a1 It will be a great dish that you can easily make at home with your family!<\/p><\/div><\/figure><\/div><\/header><\/header><div><div data-elementor-type=\"wp-post\" data-elementor-id=\"3551\" data-elementor-settings=\"[]\"><div><section data-id=\"5132109f\" data-element_type=\"section\"><div><div data-id=\"d7009f1\" data-element_type=\"column\"><div><div data-id=\"22f65988\" data-element_type=\"widget\" data-widget_type=\"text-editor.default\"><div><p><a href=\"https:\/\/apprende.jalisco.gob.mx\/coordinacion-programa-probemjal\/aprendiendo-sin-fronteras\/\"><button style=\"background-color: #e7004c\" type=\"button\">Regresa<\/button><\/a><\/p><\/div><\/div><\/div><\/div><\/div><\/section><\/div><\/div><\/div>\t\t\t\t\t\t<\/div>\n\t\t\t\t<\/div>\n\t\t\t\t\t<\/div>\n\t\t<\/div>\n\t\t\t\t\t\t\t<\/div>\n\t\t<\/section>\n\t\t\t\t\t<\/div>\n\t\t<\/div>\n\t\t\t\t\t\t\t<\/div>\n\t\t<\/section>\n\t\t\t\t\t\t\t<\/div>\n\t\t","protected":false},"excerpt":{"rendered":"<p>Sinopsis: Cada pa\u00eds y cada regi\u00f3n tienen un platillo delicioso que nos encanta. \u00bfCu\u00e1l es tu platillo favorito?. En este video, la maestra Sonia, nos muestra la historia de un platillo que no encontrar\u00e1s en ninguna parte del mundo y lo llamamos: la torta ahogada. Si quieres disfrutarlo, tendr\u00e1s que venir a Gudalajara, Jalisco, M\u00e9xico. &hellip;<\/p>\n<p class=\"read-more\"> <a class=\"\" href=\"https:\/\/apprende.jalisco.gob.mx\/coordinacion-programa-probemjal\/la-torta-ahogada-tradicion-de-la-perla-tapatia-the-drowned-bread-a-tradition-of-the-tapatia-pearl\/\"> <span class=\"screen-reader-text\">La Torta Ahogada: Tradici\u00f3n de la Perla Tapat\u00eda\/ The drowned bread: a tradition of the Tapatia Pearl.<\/span> Leer m\u00e1s &raquo;<\/a><\/p>\n","protected":false},"author":5,"featured_media":0,"parent":0,"menu_order":0,"comment_status":"closed","ping_status":"closed","template":"","meta":{"_monsterinsights_skip_tracking":false,"_monsterinsights_sitenote_active":false,"_monsterinsights_sitenote_note":"","_monsterinsights_sitenote_category":0,"site-sidebar-layout":"no-sidebar","site-content-layout":"page-builder","ast-site-content-layout":"","site-content-style":"default","site-sidebar-style":"default","ast-global-header-display":"","ast-banner-title-visibility":"","ast-main-header-display":"","ast-hfb-above-header-display":"","ast-hfb-below-header-display":"","ast-hfb-mobile-header-display":"","site-post-title":"disabled","ast-breadcrumbs-content":"","ast-featured-img":"disabled","footer-sml-layout":"","theme-transparent-header-meta":"default","adv-header-id-meta":"","stick-header-meta":"default","header-above-stick-meta":"","header-main-stick-meta":"","header-below-stick-meta":"","astra-migrate-meta-layouts":"","ep_exclude_from_search":false,"footnotes":""},"acf":[],"yoast_head":"<!-- This site is optimized with the Yoast SEO Premium plugin v17.7 (Yoast SEO v21.0) - https:\/\/yoast.com\/wordpress\/plugins\/seo\/ -->\n<title>La Torta Ahogada: Tradici\u00f3n de la Perla Tapat\u00eda\/ The drowned bread: a tradition of the Tapatia Pearl. - Coordinaci\u00f3n del Probemjal<\/title>\n<meta name=\"robots\" content=\"index, follow, max-snippet:-1, max-image-preview:large, max-video-preview:-1\" \/>\n<link rel=\"canonical\" href=\"https:\/\/apprende.jalisco.gob.mx\/coordinacion-programa-probemjal\/la-torta-ahogada-tradicion-de-la-perla-tapatia-the-drowned-bread-a-tradition-of-the-tapatia-pearl\/\" \/>\n<meta property=\"og:locale\" content=\"es_MX\" \/>\n<meta property=\"og:type\" content=\"article\" \/>\n<meta property=\"og:title\" content=\"La Torta Ahogada: Tradici\u00f3n de la Perla Tapat\u00eda\/ The drowned bread: a tradition of the Tapatia Pearl.\" \/>\n<meta property=\"og:description\" content=\"Sinopsis: Cada pa\u00eds y cada regi\u00f3n tienen un platillo delicioso que nos encanta. \u00bfCu\u00e1l es tu platillo favorito?. En este video, la maestra Sonia, nos muestra la historia de un platillo que no encontrar\u00e1s en ninguna parte del mundo y lo llamamos: la torta ahogada. Si quieres disfrutarlo, tendr\u00e1s que venir a Gudalajara, Jalisco, M\u00e9xico. &hellip; La Torta Ahogada: Tradici\u00f3n de la Perla Tapat\u00eda\/ The drowned bread: a tradition of the Tapatia Pearl. Leer m\u00e1s &raquo;\" \/>\n<meta property=\"og:url\" content=\"https:\/\/apprende.jalisco.gob.mx\/coordinacion-programa-probemjal\/la-torta-ahogada-tradicion-de-la-perla-tapatia-the-drowned-bread-a-tradition-of-the-tapatia-pearl\/\" \/>\n<meta property=\"og:site_name\" content=\"Coordinaci\u00f3n del Probemjal\" \/>\n<meta property=\"article:modified_time\" content=\"2022-09-13T01:01:58+00:00\" \/>\n<meta name=\"twitter:card\" content=\"summary_large_image\" \/>\n<meta name=\"twitter:label1\" content=\"Tiempo de lectura\" \/>\n\t<meta name=\"twitter:data1\" content=\"2 minutos\" \/>\n<script type=\"application\/ld+json\" class=\"yoast-schema-graph\">{\"@context\":\"https:\/\/schema.org\",\"@graph\":[{\"@type\":\"WebPage\",\"@id\":\"https:\/\/apprende.jalisco.gob.mx\/coordinacion-programa-probemjal\/la-torta-ahogada-tradicion-de-la-perla-tapatia-the-drowned-bread-a-tradition-of-the-tapatia-pearl\/\",\"url\":\"https:\/\/apprende.jalisco.gob.mx\/coordinacion-programa-probemjal\/la-torta-ahogada-tradicion-de-la-perla-tapatia-the-drowned-bread-a-tradition-of-the-tapatia-pearl\/\",\"name\":\"La Torta Ahogada: Tradici\u00f3n de la Perla Tapat\u00eda\/ The drowned bread: a tradition of the Tapatia Pearl. - Coordinaci\u00f3n del Probemjal\",\"isPartOf\":{\"@id\":\"https:\/\/apprende.jalisco.gob.mx\/coordinacion-programa-probemjal\/#website\"},\"datePublished\":\"2022-09-13T01:01:20+00:00\",\"dateModified\":\"2022-09-13T01:01:58+00:00\",\"breadcrumb\":{\"@id\":\"https:\/\/apprende.jalisco.gob.mx\/coordinacion-programa-probemjal\/la-torta-ahogada-tradicion-de-la-perla-tapatia-the-drowned-bread-a-tradition-of-the-tapatia-pearl\/#breadcrumb\"},\"inLanguage\":\"es-MX\",\"potentialAction\":[{\"@type\":\"ReadAction\",\"target\":[\"https:\/\/apprende.jalisco.gob.mx\/coordinacion-programa-probemjal\/la-torta-ahogada-tradicion-de-la-perla-tapatia-the-drowned-bread-a-tradition-of-the-tapatia-pearl\/\"]}]},{\"@type\":\"BreadcrumbList\",\"@id\":\"https:\/\/apprende.jalisco.gob.mx\/coordinacion-programa-probemjal\/la-torta-ahogada-tradicion-de-la-perla-tapatia-the-drowned-bread-a-tradition-of-the-tapatia-pearl\/#breadcrumb\",\"itemListElement\":[{\"@type\":\"ListItem\",\"position\":1,\"name\":\"Inicio\",\"item\":\"https:\/\/apprende.jalisco.gob.mx\/coordinacion-programa-probemjal\/\"},{\"@type\":\"ListItem\",\"position\":2,\"name\":\"La Torta Ahogada: Tradici\u00f3n de la Perla Tapat\u00eda\/ The drowned bread: a tradition of the Tapatia Pearl.\"}]},{\"@type\":\"WebSite\",\"@id\":\"https:\/\/apprende.jalisco.gob.mx\/coordinacion-programa-probemjal\/#website\",\"url\":\"https:\/\/apprende.jalisco.gob.mx\/coordinacion-programa-probemjal\/\",\"name\":\"Coordinaci\u00f3n del Probemjal\",\"description\":\"Micrositio\",\"publisher\":{\"@id\":\"https:\/\/apprende.jalisco.gob.mx\/coordinacion-programa-probemjal\/#organization\"},\"potentialAction\":[{\"@type\":\"SearchAction\",\"target\":{\"@type\":\"EntryPoint\",\"urlTemplate\":\"https:\/\/apprende.jalisco.gob.mx\/coordinacion-programa-probemjal\/?s={search_term_string}\"},\"query-input\":\"required name=search_term_string\"}],\"inLanguage\":\"es-MX\"},{\"@type\":\"Organization\",\"@id\":\"https:\/\/apprende.jalisco.gob.mx\/coordinacion-programa-probemjal\/#organization\",\"name\":\"Coordinaci\u00f3n del Probemjal\",\"url\":\"https:\/\/apprende.jalisco.gob.mx\/coordinacion-programa-probemjal\/\",\"logo\":{\"@type\":\"ImageObject\",\"inLanguage\":\"es-MX\",\"@id\":\"https:\/\/apprende.jalisco.gob.mx\/coordinacion-programa-probemjal\/#\/schema\/logo\/image\/\",\"url\":\"https:\/\/apprende.jalisco.gob.mx\/coordinacion-programa-probemjal\/wp-content\/uploads\/sites\/15\/2022\/03\/logo-Educacion2025.png\",\"contentUrl\":\"https:\/\/apprende.jalisco.gob.mx\/coordinacion-programa-probemjal\/wp-content\/uploads\/sites\/15\/2022\/03\/logo-Educacion2025.png\",\"width\":427,\"height\":108,\"caption\":\"Coordinaci\u00f3n del Probemjal\"},\"image\":{\"@id\":\"https:\/\/apprende.jalisco.gob.mx\/coordinacion-programa-probemjal\/#\/schema\/logo\/image\/\"}}]}<\/script>\n<!-- \/ Yoast SEO Premium plugin. -->","yoast_head_json":{"title":"La Torta Ahogada: Tradici\u00f3n de la Perla Tapat\u00eda\/ The drowned bread: a tradition of the Tapatia Pearl. - Coordinaci\u00f3n del Probemjal","robots":{"index":"index","follow":"follow","max-snippet":"max-snippet:-1","max-image-preview":"max-image-preview:large","max-video-preview":"max-video-preview:-1"},"canonical":"https:\/\/apprende.jalisco.gob.mx\/coordinacion-programa-probemjal\/la-torta-ahogada-tradicion-de-la-perla-tapatia-the-drowned-bread-a-tradition-of-the-tapatia-pearl\/","og_locale":"es_MX","og_type":"article","og_title":"La Torta Ahogada: Tradici\u00f3n de la Perla Tapat\u00eda\/ The drowned bread: a tradition of the Tapatia Pearl.","og_description":"Sinopsis: Cada pa\u00eds y cada regi\u00f3n tienen un platillo delicioso que nos encanta. \u00bfCu\u00e1l es tu platillo favorito?. En este video, la maestra Sonia, nos muestra la historia de un platillo que no encontrar\u00e1s en ninguna parte del mundo y lo llamamos: la torta ahogada. Si quieres disfrutarlo, tendr\u00e1s que venir a Gudalajara, Jalisco, M\u00e9xico. &hellip; La Torta Ahogada: Tradici\u00f3n de la Perla Tapat\u00eda\/ The drowned bread: a tradition of the Tapatia Pearl. Leer m\u00e1s &raquo;","og_url":"https:\/\/apprende.jalisco.gob.mx\/coordinacion-programa-probemjal\/la-torta-ahogada-tradicion-de-la-perla-tapatia-the-drowned-bread-a-tradition-of-the-tapatia-pearl\/","og_site_name":"Coordinaci\u00f3n del Probemjal","article_modified_time":"2022-09-13T01:01:58+00:00","twitter_card":"summary_large_image","twitter_misc":{"Tiempo de lectura":"2 minutos"},"schema":{"@context":"https:\/\/schema.org","@graph":[{"@type":"WebPage","@id":"https:\/\/apprende.jalisco.gob.mx\/coordinacion-programa-probemjal\/la-torta-ahogada-tradicion-de-la-perla-tapatia-the-drowned-bread-a-tradition-of-the-tapatia-pearl\/","url":"https:\/\/apprende.jalisco.gob.mx\/coordinacion-programa-probemjal\/la-torta-ahogada-tradicion-de-la-perla-tapatia-the-drowned-bread-a-tradition-of-the-tapatia-pearl\/","name":"La Torta Ahogada: Tradici\u00f3n de la Perla Tapat\u00eda\/ The drowned bread: a tradition of the Tapatia Pearl. - Coordinaci\u00f3n del Probemjal","isPartOf":{"@id":"https:\/\/apprende.jalisco.gob.mx\/coordinacion-programa-probemjal\/#website"},"datePublished":"2022-09-13T01:01:20+00:00","dateModified":"2022-09-13T01:01:58+00:00","breadcrumb":{"@id":"https:\/\/apprende.jalisco.gob.mx\/coordinacion-programa-probemjal\/la-torta-ahogada-tradicion-de-la-perla-tapatia-the-drowned-bread-a-tradition-of-the-tapatia-pearl\/#breadcrumb"},"inLanguage":"es-MX","potentialAction":[{"@type":"ReadAction","target":["https:\/\/apprende.jalisco.gob.mx\/coordinacion-programa-probemjal\/la-torta-ahogada-tradicion-de-la-perla-tapatia-the-drowned-bread-a-tradition-of-the-tapatia-pearl\/"]}]},{"@type":"BreadcrumbList","@id":"https:\/\/apprende.jalisco.gob.mx\/coordinacion-programa-probemjal\/la-torta-ahogada-tradicion-de-la-perla-tapatia-the-drowned-bread-a-tradition-of-the-tapatia-pearl\/#breadcrumb","itemListElement":[{"@type":"ListItem","position":1,"name":"Inicio","item":"https:\/\/apprende.jalisco.gob.mx\/coordinacion-programa-probemjal\/"},{"@type":"ListItem","position":2,"name":"La Torta Ahogada: Tradici\u00f3n de la Perla Tapat\u00eda\/ The drowned bread: a tradition of the Tapatia Pearl."}]},{"@type":"WebSite","@id":"https:\/\/apprende.jalisco.gob.mx\/coordinacion-programa-probemjal\/#website","url":"https:\/\/apprende.jalisco.gob.mx\/coordinacion-programa-probemjal\/","name":"Coordinaci\u00f3n del Probemjal","description":"Micrositio","publisher":{"@id":"https:\/\/apprende.jalisco.gob.mx\/coordinacion-programa-probemjal\/#organization"},"potentialAction":[{"@type":"SearchAction","target":{"@type":"EntryPoint","urlTemplate":"https:\/\/apprende.jalisco.gob.mx\/coordinacion-programa-probemjal\/?s={search_term_string}"},"query-input":"required name=search_term_string"}],"inLanguage":"es-MX"},{"@type":"Organization","@id":"https:\/\/apprende.jalisco.gob.mx\/coordinacion-programa-probemjal\/#organization","name":"Coordinaci\u00f3n del Probemjal","url":"https:\/\/apprende.jalisco.gob.mx\/coordinacion-programa-probemjal\/","logo":{"@type":"ImageObject","inLanguage":"es-MX","@id":"https:\/\/apprende.jalisco.gob.mx\/coordinacion-programa-probemjal\/#\/schema\/logo\/image\/","url":"https:\/\/apprende.jalisco.gob.mx\/coordinacion-programa-probemjal\/wp-content\/uploads\/sites\/15\/2022\/03\/logo-Educacion2025.png","contentUrl":"https:\/\/apprende.jalisco.gob.mx\/coordinacion-programa-probemjal\/wp-content\/uploads\/sites\/15\/2022\/03\/logo-Educacion2025.png","width":427,"height":108,"caption":"Coordinaci\u00f3n del Probemjal"},"image":{"@id":"https:\/\/apprende.jalisco.gob.mx\/coordinacion-programa-probemjal\/#\/schema\/logo\/image\/"}}]}},"_links":{"self":[{"href":"https:\/\/apprende.jalisco.gob.mx\/coordinacion-programa-probemjal\/wp-json\/wp\/v2\/pages\/3496"}],"collection":[{"href":"https:\/\/apprende.jalisco.gob.mx\/coordinacion-programa-probemjal\/wp-json\/wp\/v2\/pages"}],"about":[{"href":"https:\/\/apprende.jalisco.gob.mx\/coordinacion-programa-probemjal\/wp-json\/wp\/v2\/types\/page"}],"author":[{"embeddable":true,"href":"https:\/\/apprende.jalisco.gob.mx\/coordinacion-programa-probemjal\/wp-json\/wp\/v2\/users\/5"}],"replies":[{"embeddable":true,"href":"https:\/\/apprende.jalisco.gob.mx\/coordinacion-programa-probemjal\/wp-json\/wp\/v2\/comments?post=3496"}],"version-history":[{"count":4,"href":"https:\/\/apprende.jalisco.gob.mx\/coordinacion-programa-probemjal\/wp-json\/wp\/v2\/pages\/3496\/revisions"}],"predecessor-version":[{"id":3500,"href":"https:\/\/apprende.jalisco.gob.mx\/coordinacion-programa-probemjal\/wp-json\/wp\/v2\/pages\/3496\/revisions\/3500"}],"wp:attachment":[{"href":"https:\/\/apprende.jalisco.gob.mx\/coordinacion-programa-probemjal\/wp-json\/wp\/v2\/media?parent=3496"}],"curies":[{"name":"wp","href":"https:\/\/api.w.org\/{rel}","templated":true}]}}