{"id":3666,"date":"2023-03-31T11:29:04","date_gmt":"2023-03-31T17:29:04","guid":{"rendered":"https:\/\/recrea.jalisco.gob.mx\/direccion-becas\/?page_id=3666"},"modified":"2026-04-13T10:53:18","modified_gmt":"2026-04-13T16:53:18","slug":"evaluacion-de-los-programas-de-becas","status":"publish","type":"page","link":"https:\/\/apprende.jalisco.gob.mx\/direccion-becas\/evaluacion-de-los-programas-de-becas\/","title":{"rendered":"Evaluaci\u00f3n de los Programas de Becas"},"content":{"rendered":"\t\t<div data-elementor-type=\"wp-page\" data-elementor-id=\"3666\" class=\"elementor elementor-3666\" data-elementor-post-type=\"page\">\n\t\t\t\t\t\t\t\t\t<section class=\"elementor-section elementor-top-section elementor-element elementor-element-90e1ac2 elementor-section-boxed elementor-section-height-default elementor-section-height-default\" data-id=\"90e1ac2\" data-element_type=\"section\" data-settings=\"{&quot;ekit_has_onepagescroll_dot&quot;:&quot;yes&quot;}\">\n\t\t\t\t\t\t<div class=\"elementor-container elementor-column-gap-default\">\n\t\t\t\t\t<div class=\"elementor-column elementor-col-100 elementor-top-column elementor-element elementor-element-e1a6d5c\" data-id=\"e1a6d5c\" data-element_type=\"column\">\n\t\t\t<div class=\"elementor-widget-wrap elementor-element-populated\">\n\t\t\t\t\t\t\t\t<div class=\"elementor-element elementor-element-feb4731 elementor-widget elementor-widget-breadcrumbs\" data-id=\"feb4731\" data-element_type=\"widget\" data-settings=\"{&quot;ekit_we_effect_on&quot;:&quot;none&quot;}\" data-widget_type=\"breadcrumbs.default\">\n\t\t\t\t<div class=\"elementor-widget-container\">\n\t\t\t<div id=\"breadcrumbs\"><span><span><a href=\"https:\/\/apprende.jalisco.gob.mx\/direccion-becas\/\">Inicio<\/a><\/span><\/span><\/div>\t\t<\/div>\n\t\t\t\t<\/div>\n\t\t\t\t\t<\/div>\n\t\t<\/div>\n\t\t\t\t\t\t\t<\/div>\n\t\t<\/section>\n\t\t\t\t<section class=\"elementor-section elementor-top-section elementor-element elementor-element-f598b9d elementor-section-boxed elementor-section-height-default elementor-section-height-default\" data-id=\"f598b9d\" data-element_type=\"section\" data-settings=\"{&quot;ekit_has_onepagescroll_dot&quot;:&quot;yes&quot;}\">\n\t\t\t\t\t\t<div class=\"elementor-container elementor-column-gap-default\">\n\t\t\t\t\t<div class=\"elementor-column elementor-col-100 elementor-top-column elementor-element elementor-element-4e47999\" data-id=\"4e47999\" data-element_type=\"column\">\n\t\t\t<div class=\"elementor-widget-wrap elementor-element-populated\">\n\t\t\t\t\t\t\t\t<div class=\"elementor-element elementor-element-19eac19 elementor-widget elementor-widget-heading\" data-id=\"19eac19\" data-element_type=\"widget\" data-settings=\"{&quot;ekit_we_effect_on&quot;:&quot;none&quot;}\" data-widget_type=\"heading.default\">\n\t\t\t\t<div class=\"elementor-widget-container\">\n\t\t\t<h2 class=\"elementor-heading-title elementor-size-default\">Evaluaci\u00f3n de los Programas de Becas<\/h2>\t\t<\/div>\n\t\t\t\t<\/div>\n\t\t\t\t\t<\/div>\n\t\t<\/div>\n\t\t\t\t\t\t\t<\/div>\n\t\t<\/section>\n\t\t\t\t<section class=\"elementor-section elementor-top-section elementor-element elementor-element-1aa6978 elementor-section-boxed elementor-section-height-default elementor-section-height-default\" data-id=\"1aa6978\" data-element_type=\"section\" data-settings=\"{&quot;ekit_has_onepagescroll_dot&quot;:&quot;yes&quot;}\">\n\t\t\t\t\t\t<div class=\"elementor-container elementor-column-gap-default\">\n\t\t\t\t\t<div class=\"elementor-column elementor-col-100 elementor-top-column elementor-element elementor-element-daeef68\" data-id=\"daeef68\" data-element_type=\"column\">\n\t\t\t<div class=\"elementor-widget-wrap elementor-element-populated\">\n\t\t\t\t\t\t\t\t<section class=\"elementor-section elementor-inner-section elementor-element elementor-element-b8dec03 elementor-section-boxed elementor-section-height-default elementor-section-height-default\" data-id=\"b8dec03\" data-element_type=\"section\" data-settings=\"{&quot;ekit_has_onepagescroll_dot&quot;:&quot;yes&quot;}\">\n\t\t\t\t\t\t<div class=\"elementor-container elementor-column-gap-default\">\n\t\t\t\t\t<div class=\"elementor-column elementor-col-100 elementor-inner-column elementor-element elementor-element-5b03c7a\" data-id=\"5b03c7a\" data-element_type=\"column\">\n\t\t\t<div class=\"elementor-widget-wrap elementor-element-populated\">\n\t\t\t\t\t\t\t\t<div class=\"elementor-element elementor-element-f985390 elementor-widget elementor-widget-accordion\" data-id=\"f985390\" data-element_type=\"widget\" data-settings=\"{&quot;ekit_we_effect_on&quot;:&quot;none&quot;}\" data-widget_type=\"accordion.default\">\n\t\t\t\t<div class=\"elementor-widget-container\">\n\t\t\t\t\t<div class=\"elementor-accordion\">\n\t\t\t\t\t\t\t<div class=\"elementor-accordion-item\">\n\t\t\t\t\t<div id=\"elementor-tab-title-2611\" class=\"elementor-tab-title\" data-tab=\"1\" role=\"button\" aria-controls=\"elementor-tab-content-2611\" aria-expanded=\"false\">\n\t\t\t\t\t\t\t\t\t\t\t\t\t<span class=\"elementor-accordion-icon elementor-accordion-icon-left\" aria-hidden=\"true\">\n\t\t\t\t\t\t\t\t\t\t\t\t\t\t\t<span class=\"elementor-accordion-icon-closed\"><i class=\"fas fa-plus\"><\/i><\/span>\n\t\t\t\t\t\t\t\t<span class=\"elementor-accordion-icon-opened\"><i class=\"fas fa-minus\"><\/i><\/span>\n\t\t\t\t\t\t\t\t\t\t\t\t\t\t<\/span>\n\t\t\t\t\t\t\t\t\t\t\t\t<a class=\"elementor-accordion-title\" tabindex=\"0\">2025<\/a>\n\t\t\t\t\t<\/div>\n\t\t\t\t\t<div id=\"elementor-tab-content-2611\" class=\"elementor-tab-content elementor-clearfix\" data-tab=\"1\" role=\"region\" aria-labelledby=\"elementor-tab-title-2611\"><ul><li><a href=\"https:\/\/apprende.jalisco.gob.mx\/direccion-becas\/wp-content\/uploads\/sites\/26\/2026\/04\/EvaluacionBecasJaliscoContigo-2025.pdf\" target=\"_blank\" rel=\"noopener\">Evaluaci\u00f3n de Becas Jalisco Contigo\u00a0<\/a><\/li><li><a href=\"https:\/\/apprende.jalisco.gob.mx\/direccion-becas\/wp-content\/uploads\/sites\/26\/2026\/03\/evaluacionhijospolicias2025.pdf\" target=\"_blank\" rel=\"noopener\">Evaluaci\u00f3n de Becas Hijos de Polic\u00edas<\/a><\/li><li><a href=\"https:\/\/apprende.jalisco.gob.mx\/direccion-becas\/wp-content\/uploads\/sites\/26\/2026\/03\/EvaluacionbecasHijosMilitares2025.pdf\" target=\"_blank\" rel=\"noopener\">Evaluaci\u00f3n de Becas Hijos de Militares<\/a><\/li><li><a href=\"https:\/\/apprende.jalisco.gob.mx\/direccion-becas\/wp-content\/uploads\/sites\/26\/2026\/04\/EvaluacionBecasTalento-2025.pdf\" target=\"_blank\" rel=\"noopener\">Evaluaci\u00f3n Becas Talento<\/a><\/li><\/ul><\/div>\n\t\t\t\t<\/div>\n\t\t\t\t\t\t\t<div class=\"elementor-accordion-item\">\n\t\t\t\t\t<div id=\"elementor-tab-title-2612\" class=\"elementor-tab-title\" data-tab=\"2\" role=\"button\" aria-controls=\"elementor-tab-content-2612\" aria-expanded=\"false\">\n\t\t\t\t\t\t\t\t\t\t\t\t\t<span class=\"elementor-accordion-icon elementor-accordion-icon-left\" aria-hidden=\"true\">\n\t\t\t\t\t\t\t\t\t\t\t\t\t\t\t<span class=\"elementor-accordion-icon-closed\"><i class=\"fas fa-plus\"><\/i><\/span>\n\t\t\t\t\t\t\t\t<span class=\"elementor-accordion-icon-opened\"><i class=\"fas fa-minus\"><\/i><\/span>\n\t\t\t\t\t\t\t\t\t\t\t\t\t\t<\/span>\n\t\t\t\t\t\t\t\t\t\t\t\t<a class=\"elementor-accordion-title\" tabindex=\"0\">2024<\/a>\n\t\t\t\t\t<\/div>\n\t\t\t\t\t<div id=\"elementor-tab-content-2612\" class=\"elementor-tab-content elementor-clearfix\" data-tab=\"2\" role=\"region\" aria-labelledby=\"elementor-tab-title-2612\"><ul>\n \t<li><a href=\"https:\/\/apprende.jalisco.gob.mx\/direccion-becas\/wp-content\/uploads\/sites\/26\/2025\/03\/Becas-Jalisco-2024.pdf\" target=\"_blank\" rel=\"noopener\">Evaluaci\u00f3n de Becas Jalisco<\/a><\/li>\n \t<li><a href=\"https:\/\/apprende.jalisco.gob.mx\/direccion-becas\/wp-content\/uploads\/sites\/26\/2025\/03\/Hijos-de-Policias-2024.pdf\" target=\"_blank\" rel=\"noopener\">Evaluaci\u00f3n de Becas Hijos de Polic\u00edas<\/a><\/li>\n \t<li><a href=\"https:\/\/apprende.jalisco.gob.mx\/direccion-becas\/wp-content\/uploads\/sites\/26\/2025\/03\/Hijos-de-Militares-2024.pdf\" target=\"_blank\" rel=\"noopener\">Evaluaci\u00f3n de Becas Hijos de Militares<\/a><\/li>\n<\/ul><\/div>\n\t\t\t\t<\/div>\n\t\t\t\t\t\t\t<div class=\"elementor-accordion-item\">\n\t\t\t\t\t<div id=\"elementor-tab-title-2613\" class=\"elementor-tab-title\" data-tab=\"3\" role=\"button\" aria-controls=\"elementor-tab-content-2613\" aria-expanded=\"false\">\n\t\t\t\t\t\t\t\t\t\t\t\t\t<span class=\"elementor-accordion-icon elementor-accordion-icon-left\" aria-hidden=\"true\">\n\t\t\t\t\t\t\t\t\t\t\t\t\t\t\t<span class=\"elementor-accordion-icon-closed\"><i class=\"fas fa-plus\"><\/i><\/span>\n\t\t\t\t\t\t\t\t<span class=\"elementor-accordion-icon-opened\"><i class=\"fas fa-minus\"><\/i><\/span>\n\t\t\t\t\t\t\t\t\t\t\t\t\t\t<\/span>\n\t\t\t\t\t\t\t\t\t\t\t\t<a class=\"elementor-accordion-title\" tabindex=\"0\">2023<\/a>\n\t\t\t\t\t<\/div>\n\t\t\t\t\t<div id=\"elementor-tab-content-2613\" class=\"elementor-tab-content elementor-clearfix\" data-tab=\"3\" role=\"region\" aria-labelledby=\"elementor-tab-title-2613\"><ul><li><a href=\"https:\/\/apprende.jalisco.gob.mx\/direccion-becas\/wp-content\/uploads\/sites\/26\/2024\/04\/Evaluacion-Becas-Jalisco-2023.pdf\" target=\"_blank\" rel=\"noopener\">Evaluaci\u00f3n de Becas Jalisco<\/a><\/li><li><a href=\"https:\/\/apprende.jalisco.gob.mx\/direccion-becas\/wp-content\/uploads\/sites\/26\/2024\/04\/eva-becaspara-hijashijospolicias-2023.pdf\" target=\"_blank\" rel=\"noopener\">Evaluaci\u00f3n de Becas Hijos de Polic\u00edas<\/a><\/li><li><a href=\"https:\/\/apprende.jalisco.gob.mx\/direccion-becas\/wp-content\/uploads\/sites\/26\/2024\/04\/eva-becas-parahijos-hijas-de-militares.pdf\" target=\"_blank\" rel=\"noopener\">Evaluaci\u00f3n de Becas Hijos de Militares<\/a><\/li><\/ul><\/div>\n\t\t\t\t<\/div>\n\t\t\t\t\t\t\t<div class=\"elementor-accordion-item\">\n\t\t\t\t\t<div id=\"elementor-tab-title-2614\" class=\"elementor-tab-title\" data-tab=\"4\" role=\"button\" aria-controls=\"elementor-tab-content-2614\" aria-expanded=\"false\">\n\t\t\t\t\t\t\t\t\t\t\t\t\t<span class=\"elementor-accordion-icon elementor-accordion-icon-left\" aria-hidden=\"true\">\n\t\t\t\t\t\t\t\t\t\t\t\t\t\t\t<span class=\"elementor-accordion-icon-closed\"><i class=\"fas fa-plus\"><\/i><\/span>\n\t\t\t\t\t\t\t\t<span class=\"elementor-accordion-icon-opened\"><i class=\"fas fa-minus\"><\/i><\/span>\n\t\t\t\t\t\t\t\t\t\t\t\t\t\t<\/span>\n\t\t\t\t\t\t\t\t\t\t\t\t<a class=\"elementor-accordion-title\" tabindex=\"0\">2022<\/a>\n\t\t\t\t\t<\/div>\n\t\t\t\t\t<div id=\"elementor-tab-content-2614\" class=\"elementor-tab-content elementor-clearfix\" data-tab=\"4\" role=\"region\" aria-labelledby=\"elementor-tab-title-2614\"><ul><li><a href=\"https:\/\/apprende.jalisco.gob.mx\/direccion-becas\/wp-content\/uploads\/sites\/26\/2023\/03\/Resultados-B.JALISCO_resumen.pdf\" target=\"_blank\" rel=\"noopener\">Resultados Becas Jalisco<\/a><\/li><li><a href=\"https:\/\/apprende.jalisco.gob.mx\/direccion-becas\/wp-content\/uploads\/sites\/26\/2023\/03\/Resultados-B.POLICIAS_resumen.pdf\" target=\"_blank\" rel=\"noopener\">Resultados Becas Hijos de Polic\u00edas<\/a><\/li><li><a href=\"https:\/\/apprende.jalisco.gob.mx\/direccion-becas\/wp-content\/uploads\/sites\/26\/2023\/03\/Resultados-B.MILITARES_resumen.pdf\" target=\"_blank\" rel=\"noopener\">Resultados Becas Hijos de Militares<\/a><\/li><\/ul><\/div>\n\t\t\t\t<\/div>\n\t\t\t\t\t\t\t\t<\/div>\n\t\t\t\t<\/div>\n\t\t\t\t<\/div>\n\t\t\t\t\t<\/div>\n\t\t<\/div>\n\t\t\t\t\t\t\t<\/div>\n\t\t<\/section>\n\t\t\t\t\t<\/div>\n\t\t<\/div>\n\t\t\t\t\t\t\t<\/div>\n\t\t<\/section>\n\t\t\t\t\t\t\t<\/div>\n\t\t","protected":false},"excerpt":{"rendered":"<p>2025 Evaluaci\u00f3n de Becas Jalisco Contigo\u00a0 Evaluaci\u00f3n de Becas Hijos de Polic\u00edas Evaluaci\u00f3n de Becas Hijos de Militares Evaluaci\u00f3n Becas Talento 2024 Evaluaci\u00f3n de Becas Jalisco Evaluaci\u00f3n de Becas Hijos de Polic\u00edas Evaluaci\u00f3n de Becas Hijos de Militares 2023 Evaluaci\u00f3n de Becas Jalisco Evaluaci\u00f3n de Becas Hijos de Polic\u00edas Evaluaci\u00f3n de Becas Hijos de Militares &hellip;<\/p>\n<p class=\"read-more\"> <a class=\"\" href=\"https:\/\/apprende.jalisco.gob.mx\/direccion-becas\/evaluacion-de-los-programas-de-becas\/\"> <span class=\"screen-reader-text\">Evaluaci\u00f3n de los Programas de Becas<\/span> Leer m\u00e1s &raquo;<\/a><\/p>\n","protected":false},"author":8,"featured_media":0,"parent":0,"menu_order":0,"comment_status":"closed","ping_status":"closed","template":"","meta":{"_monsterinsights_skip_tracking":false,"_monsterinsights_sitenote_active":false,"_monsterinsights_sitenote_note":"","_monsterinsights_sitenote_category":0,"site-sidebar-layout":"no-sidebar","site-content-layout":"page-builder","ast-site-content-layout":"","site-content-style":"default","site-sidebar-style":"default","ast-global-header-display":"","ast-banner-title-visibility":"","ast-main-header-display":"","ast-hfb-above-header-display":"","ast-hfb-below-header-display":"","ast-hfb-mobile-header-display":"","site-post-title":"disabled","ast-breadcrumbs-content":"","ast-featured-img":"disabled","footer-sml-layout":"","theme-transparent-header-meta":"","adv-header-id-meta":"","stick-header-meta":"","header-above-stick-meta":"","header-main-stick-meta":"","header-below-stick-meta":"","astra-migrate-meta-layouts":"","ep_exclude_from_search":false,"footnotes":""},"acf":[],"yoast_head":"<!-- This site is optimized with the Yoast SEO Premium plugin v17.7 (Yoast SEO v21.0) - https:\/\/yoast.com\/wordpress\/plugins\/seo\/ -->\n<title>Evaluaci\u00f3n de los Programas de Becas - Direcci\u00f3n de Becas<\/title>\n<meta name=\"robots\" content=\"index, follow, max-snippet:-1, max-image-preview:large, max-video-preview:-1\" \/>\n<link rel=\"canonical\" href=\"https:\/\/apprende.jalisco.gob.mx\/direccion-becas\/evaluacion-de-los-programas-de-becas\/\" \/>\n<meta property=\"og:locale\" content=\"es_MX\" \/>\n<meta property=\"og:type\" content=\"article\" \/>\n<meta property=\"og:title\" content=\"Evaluaci\u00f3n de los Programas de Becas\" \/>\n<meta property=\"og:description\" content=\"2025 Evaluaci\u00f3n de Becas Jalisco Contigo\u00a0 Evaluaci\u00f3n de Becas Hijos de Polic\u00edas Evaluaci\u00f3n de Becas Hijos de Militares Evaluaci\u00f3n Becas Talento 2024 Evaluaci\u00f3n de Becas Jalisco Evaluaci\u00f3n de Becas Hijos de Polic\u00edas Evaluaci\u00f3n de Becas Hijos de Militares 2023 Evaluaci\u00f3n de Becas Jalisco Evaluaci\u00f3n de Becas Hijos de Polic\u00edas Evaluaci\u00f3n de Becas Hijos de Militares &hellip; Evaluaci\u00f3n de los Programas de Becas Leer m\u00e1s &raquo;\" \/>\n<meta property=\"og:url\" content=\"https:\/\/apprende.jalisco.gob.mx\/direccion-becas\/evaluacion-de-los-programas-de-becas\/\" \/>\n<meta property=\"og:site_name\" content=\"Direcci\u00f3n de Becas\" \/>\n<meta property=\"article:modified_time\" content=\"2026-04-13T16:53:18+00:00\" \/>\n<meta name=\"twitter:card\" content=\"summary_large_image\" \/>\n<meta name=\"twitter:label1\" content=\"Tiempo de lectura\" \/>\n\t<meta name=\"twitter:data1\" content=\"1 minuto\" \/>\n<script type=\"application\/ld+json\" class=\"yoast-schema-graph\">{\"@context\":\"https:\/\/schema.org\",\"@graph\":[{\"@type\":\"WebPage\",\"@id\":\"https:\/\/apprende.jalisco.gob.mx\/direccion-becas\/evaluacion-de-los-programas-de-becas\/\",\"url\":\"https:\/\/apprende.jalisco.gob.mx\/direccion-becas\/evaluacion-de-los-programas-de-becas\/\",\"name\":\"Evaluaci\u00f3n de los Programas de Becas - Direcci\u00f3n de Becas\",\"isPartOf\":{\"@id\":\"https:\/\/apprende.jalisco.gob.mx\/direccion-becas\/#website\"},\"datePublished\":\"2023-03-31T17:29:04+00:00\",\"dateModified\":\"2026-04-13T16:53:18+00:00\",\"breadcrumb\":{\"@id\":\"https:\/\/apprende.jalisco.gob.mx\/direccion-becas\/evaluacion-de-los-programas-de-becas\/#breadcrumb\"},\"inLanguage\":\"es-MX\",\"potentialAction\":[{\"@type\":\"ReadAction\",\"target\":[\"https:\/\/apprende.jalisco.gob.mx\/direccion-becas\/evaluacion-de-los-programas-de-becas\/\"]}]},{\"@type\":\"BreadcrumbList\",\"@id\":\"https:\/\/apprende.jalisco.gob.mx\/direccion-becas\/evaluacion-de-los-programas-de-becas\/#breadcrumb\",\"itemListElement\":[{\"@type\":\"ListItem\",\"position\":1,\"name\":\"Inicio\",\"item\":\"https:\/\/apprende.jalisco.gob.mx\/direccion-becas\/\"},{\"@type\":\"ListItem\",\"position\":2,\"name\":\"Evaluaci\u00f3n de los Programas de Becas\"}]},{\"@type\":\"WebSite\",\"@id\":\"https:\/\/apprende.jalisco.gob.mx\/direccion-becas\/#website\",\"url\":\"https:\/\/apprende.jalisco.gob.mx\/direccion-becas\/\",\"name\":\"Direcci\u00f3n de Becas\",\"description\":\"Micrositio\",\"publisher\":{\"@id\":\"https:\/\/apprende.jalisco.gob.mx\/direccion-becas\/#organization\"},\"potentialAction\":[{\"@type\":\"SearchAction\",\"target\":{\"@type\":\"EntryPoint\",\"urlTemplate\":\"https:\/\/apprende.jalisco.gob.mx\/direccion-becas\/?s={search_term_string}\"},\"query-input\":\"required name=search_term_string\"}],\"inLanguage\":\"es-MX\"},{\"@type\":\"Organization\",\"@id\":\"https:\/\/apprende.jalisco.gob.mx\/direccion-becas\/#organization\",\"name\":\"Direcci\u00f3n de Becas\",\"url\":\"https:\/\/apprende.jalisco.gob.mx\/direccion-becas\/\",\"logo\":{\"@type\":\"ImageObject\",\"inLanguage\":\"es-MX\",\"@id\":\"https:\/\/apprende.jalisco.gob.mx\/direccion-becas\/#\/schema\/logo\/image\/\",\"url\":\"https:\/\/apprende.jalisco.gob.mx\/direccion-becas\/wp-content\/uploads\/sites\/26\/2022\/03\/logo-Educacion2025.png\",\"contentUrl\":\"https:\/\/apprende.jalisco.gob.mx\/direccion-becas\/wp-content\/uploads\/sites\/26\/2022\/03\/logo-Educacion2025.png\",\"width\":427,\"height\":108,\"caption\":\"Direcci\u00f3n de Becas\"},\"image\":{\"@id\":\"https:\/\/apprende.jalisco.gob.mx\/direccion-becas\/#\/schema\/logo\/image\/\"}}]}<\/script>\n<!-- \/ Yoast SEO Premium plugin. -->","yoast_head_json":{"title":"Evaluaci\u00f3n de los Programas de Becas - Direcci\u00f3n de Becas","robots":{"index":"index","follow":"follow","max-snippet":"max-snippet:-1","max-image-preview":"max-image-preview:large","max-video-preview":"max-video-preview:-1"},"canonical":"https:\/\/apprende.jalisco.gob.mx\/direccion-becas\/evaluacion-de-los-programas-de-becas\/","og_locale":"es_MX","og_type":"article","og_title":"Evaluaci\u00f3n de los Programas de Becas","og_description":"2025 Evaluaci\u00f3n de Becas Jalisco Contigo\u00a0 Evaluaci\u00f3n de Becas Hijos de Polic\u00edas Evaluaci\u00f3n de Becas Hijos de Militares Evaluaci\u00f3n Becas Talento 2024 Evaluaci\u00f3n de Becas Jalisco Evaluaci\u00f3n de Becas Hijos de Polic\u00edas Evaluaci\u00f3n de Becas Hijos de Militares 2023 Evaluaci\u00f3n de Becas Jalisco Evaluaci\u00f3n de Becas Hijos de Polic\u00edas Evaluaci\u00f3n de Becas Hijos de Militares &hellip; Evaluaci\u00f3n de los Programas de Becas Leer m\u00e1s &raquo;","og_url":"https:\/\/apprende.jalisco.gob.mx\/direccion-becas\/evaluacion-de-los-programas-de-becas\/","og_site_name":"Direcci\u00f3n de Becas","article_modified_time":"2026-04-13T16:53:18+00:00","twitter_card":"summary_large_image","twitter_misc":{"Tiempo de lectura":"1 minuto"},"schema":{"@context":"https:\/\/schema.org","@graph":[{"@type":"WebPage","@id":"https:\/\/apprende.jalisco.gob.mx\/direccion-becas\/evaluacion-de-los-programas-de-becas\/","url":"https:\/\/apprende.jalisco.gob.mx\/direccion-becas\/evaluacion-de-los-programas-de-becas\/","name":"Evaluaci\u00f3n de los Programas de Becas - Direcci\u00f3n de Becas","isPartOf":{"@id":"https:\/\/apprende.jalisco.gob.mx\/direccion-becas\/#website"},"datePublished":"2023-03-31T17:29:04+00:00","dateModified":"2026-04-13T16:53:18+00:00","breadcrumb":{"@id":"https:\/\/apprende.jalisco.gob.mx\/direccion-becas\/evaluacion-de-los-programas-de-becas\/#breadcrumb"},"inLanguage":"es-MX","potentialAction":[{"@type":"ReadAction","target":["https:\/\/apprende.jalisco.gob.mx\/direccion-becas\/evaluacion-de-los-programas-de-becas\/"]}]},{"@type":"BreadcrumbList","@id":"https:\/\/apprende.jalisco.gob.mx\/direccion-becas\/evaluacion-de-los-programas-de-becas\/#breadcrumb","itemListElement":[{"@type":"ListItem","position":1,"name":"Inicio","item":"https:\/\/apprende.jalisco.gob.mx\/direccion-becas\/"},{"@type":"ListItem","position":2,"name":"Evaluaci\u00f3n de los Programas de Becas"}]},{"@type":"WebSite","@id":"https:\/\/apprende.jalisco.gob.mx\/direccion-becas\/#website","url":"https:\/\/apprende.jalisco.gob.mx\/direccion-becas\/","name":"Direcci\u00f3n de Becas","description":"Micrositio","publisher":{"@id":"https:\/\/apprende.jalisco.gob.mx\/direccion-becas\/#organization"},"potentialAction":[{"@type":"SearchAction","target":{"@type":"EntryPoint","urlTemplate":"https:\/\/apprende.jalisco.gob.mx\/direccion-becas\/?s={search_term_string}"},"query-input":"required name=search_term_string"}],"inLanguage":"es-MX"},{"@type":"Organization","@id":"https:\/\/apprende.jalisco.gob.mx\/direccion-becas\/#organization","name":"Direcci\u00f3n de Becas","url":"https:\/\/apprende.jalisco.gob.mx\/direccion-becas\/","logo":{"@type":"ImageObject","inLanguage":"es-MX","@id":"https:\/\/apprende.jalisco.gob.mx\/direccion-becas\/#\/schema\/logo\/image\/","url":"https:\/\/apprende.jalisco.gob.mx\/direccion-becas\/wp-content\/uploads\/sites\/26\/2022\/03\/logo-Educacion2025.png","contentUrl":"https:\/\/apprende.jalisco.gob.mx\/direccion-becas\/wp-content\/uploads\/sites\/26\/2022\/03\/logo-Educacion2025.png","width":427,"height":108,"caption":"Direcci\u00f3n de Becas"},"image":{"@id":"https:\/\/apprende.jalisco.gob.mx\/direccion-becas\/#\/schema\/logo\/image\/"}}]}},"_links":{"self":[{"href":"https:\/\/apprende.jalisco.gob.mx\/direccion-becas\/wp-json\/wp\/v2\/pages\/3666"}],"collection":[{"href":"https:\/\/apprende.jalisco.gob.mx\/direccion-becas\/wp-json\/wp\/v2\/pages"}],"about":[{"href":"https:\/\/apprende.jalisco.gob.mx\/direccion-becas\/wp-json\/wp\/v2\/types\/page"}],"author":[{"embeddable":true,"href":"https:\/\/apprende.jalisco.gob.mx\/direccion-becas\/wp-json\/wp\/v2\/users\/8"}],"replies":[{"embeddable":true,"href":"https:\/\/apprende.jalisco.gob.mx\/direccion-becas\/wp-json\/wp\/v2\/comments?post=3666"}],"version-history":[{"count":34,"href":"https:\/\/apprende.jalisco.gob.mx\/direccion-becas\/wp-json\/wp\/v2\/pages\/3666\/revisions"}],"predecessor-version":[{"id":4166,"href":"https:\/\/apprende.jalisco.gob.mx\/direccion-becas\/wp-json\/wp\/v2\/pages\/3666\/revisions\/4166"}],"wp:attachment":[{"href":"https:\/\/apprende.jalisco.gob.mx\/direccion-becas\/wp-json\/wp\/v2\/media?parent=3666"}],"curies":[{"name":"wp","href":"https:\/\/api.w.org\/{rel}","templated":true}]}}