{"id":3834,"date":"2024-06-18T13:30:15","date_gmt":"2024-06-18T19:30:15","guid":{"rendered":"https:\/\/recrea.jalisco.gob.mx\/direccion-becas\/?page_id=3834"},"modified":"2024-06-18T13:59:11","modified_gmt":"2024-06-18T19:59:11","slug":"invitacion","status":"publish","type":"page","link":"https:\/\/apprende.jalisco.gob.mx\/direccion-becas\/redpea\/invitacion\/","title":{"rendered":"Invitaci\u00f3n al Proceso de selecci\u00f3n"},"content":{"rendered":"\t\t<div data-elementor-type=\"wp-page\" data-elementor-id=\"3834\" class=\"elementor elementor-3834\" data-elementor-post-type=\"page\">\n\t\t\t\t\t\t\t\t\t<section class=\"elementor-section elementor-top-section elementor-element elementor-element-90e1ac2 elementor-section-boxed elementor-section-height-default elementor-section-height-default\" data-id=\"90e1ac2\" data-element_type=\"section\" data-settings=\"{&quot;ekit_has_onepagescroll_dot&quot;:&quot;yes&quot;}\">\n\t\t\t\t\t\t<div class=\"elementor-container elementor-column-gap-default\">\n\t\t\t\t\t<div class=\"elementor-column elementor-col-100 elementor-top-column elementor-element elementor-element-e1a6d5c\" data-id=\"e1a6d5c\" data-element_type=\"column\">\n\t\t\t<div class=\"elementor-widget-wrap elementor-element-populated\">\n\t\t\t\t\t\t\t\t<div class=\"elementor-element elementor-element-feb4731 elementor-widget elementor-widget-breadcrumbs\" data-id=\"feb4731\" data-element_type=\"widget\" data-settings=\"{&quot;ekit_we_effect_on&quot;:&quot;none&quot;}\" data-widget_type=\"breadcrumbs.default\">\n\t\t\t\t<div class=\"elementor-widget-container\">\n\t\t\t<div id=\"breadcrumbs\"><span><span><a href=\"https:\/\/apprende.jalisco.gob.mx\/direccion-becas\/\">Inicio<\/a><\/span><\/span><\/div>\t\t<\/div>\n\t\t\t\t<\/div>\n\t\t\t\t\t<\/div>\n\t\t<\/div>\n\t\t\t\t\t\t\t<\/div>\n\t\t<\/section>\n\t\t\t\t<section class=\"elementor-section elementor-top-section elementor-element elementor-element-f598b9d elementor-section-boxed elementor-section-height-default elementor-section-height-default\" data-id=\"f598b9d\" data-element_type=\"section\" data-settings=\"{&quot;ekit_has_onepagescroll_dot&quot;:&quot;yes&quot;}\">\n\t\t\t\t\t\t<div class=\"elementor-container elementor-column-gap-default\">\n\t\t\t\t\t<div class=\"elementor-column elementor-col-100 elementor-top-column elementor-element elementor-element-4e47999\" data-id=\"4e47999\" data-element_type=\"column\">\n\t\t\t<div class=\"elementor-widget-wrap elementor-element-populated\">\n\t\t\t\t\t\t\t\t<div class=\"elementor-element elementor-element-19eac19 elementor-widget elementor-widget-heading\" data-id=\"19eac19\" data-element_type=\"widget\" data-settings=\"{&quot;ekit_we_effect_on&quot;:&quot;none&quot;}\" data-widget_type=\"heading.default\">\n\t\t\t\t<div class=\"elementor-widget-container\">\n\t\t\t<h2 class=\"elementor-heading-title elementor-size-default\">Invitaci\u00f3n al Proceso de selecci\u00f3n<\/h2>\t\t<\/div>\n\t\t\t\t<\/div>\n\t\t\t\t\t<\/div>\n\t\t<\/div>\n\t\t\t\t\t\t\t<\/div>\n\t\t<\/section>\n\t\t\t\t<section class=\"elementor-section elementor-top-section elementor-element elementor-element-b722ba8 elementor-section-boxed elementor-section-height-default elementor-section-height-default\" data-id=\"b722ba8\" data-element_type=\"section\" data-settings=\"{&quot;ekit_has_onepagescroll_dot&quot;:&quot;yes&quot;}\">\n\t\t\t\t\t\t<div class=\"elementor-container elementor-column-gap-default\">\n\t\t\t\t\t<div class=\"elementor-column elementor-col-33 elementor-top-column elementor-element elementor-element-23c692f\" data-id=\"23c692f\" data-element_type=\"column\">\n\t\t\t<div class=\"elementor-widget-wrap\">\n\t\t\t\t\t\t\t\t\t<\/div>\n\t\t<\/div>\n\t\t\t\t<div class=\"elementor-column elementor-col-33 elementor-top-column elementor-element elementor-element-2d1f6ec\" data-id=\"2d1f6ec\" data-element_type=\"column\">\n\t\t\t<div class=\"elementor-widget-wrap elementor-element-populated\">\n\t\t\t\t\t\t\t\t<div class=\"elementor-element elementor-element-9b3f354 elementor-widget elementor-widget-heading\" data-id=\"9b3f354\" data-element_type=\"widget\" data-settings=\"{&quot;ekit_we_effect_on&quot;:&quot;none&quot;}\" data-widget_type=\"heading.default\">\n\t\t\t\t<div class=\"elementor-widget-container\">\n\t\t\t<h6 class=\"elementor-heading-title elementor-size-default\">Proceso de Selecci\u00f3n de Escuelas Colaboradoras con la UNESCO (redPEA).<\/h6>\t\t<\/div>\n\t\t\t\t<\/div>\n\t\t\t\t<div class=\"elementor-element elementor-element-0065b16 elementor-widget elementor-widget-image\" data-id=\"0065b16\" data-element_type=\"widget\" data-settings=\"{&quot;ekit_we_effect_on&quot;:&quot;none&quot;}\" data-widget_type=\"image.default\">\n\t\t\t\t<div class=\"elementor-widget-container\">\n\t\t\t\t\t\t\t\t\t\t\t\t\t\t\t\t<a href=\"https:\/\/apprende.jalisco.gob.mx\/direccion-becas\/wp-content\/uploads\/sites\/26\/2024\/06\/invitacion-2024.pdf\" target=\"_blank\">\n\t\t\t\t\t\t\t<img decoding=\"async\" width=\"300\" height=\"119\" src=\"https:\/\/apprende.jalisco.gob.mx\/direccion-becas\/wp-content\/uploads\/sites\/26\/2024\/06\/descargar-300x119.png\" class=\"attachment-medium size-medium wp-image-3837\" alt=\"\" srcset=\"https:\/\/apprende.jalisco.gob.mx\/direccion-becas\/wp-content\/uploads\/sites\/26\/2024\/06\/descargar-300x119.png 300w, https:\/\/apprende.jalisco.gob.mx\/direccion-becas\/wp-content\/uploads\/sites\/26\/2024\/06\/descargar.png 500w\" sizes=\"(max-width: 300px) 100vw, 300px\" \/>\t\t\t\t\t\t\t\t<\/a>\n\t\t\t\t\t\t\t\t\t\t\t\t\t\t\t<\/div>\n\t\t\t\t<\/div>\n\t\t\t\t<div class=\"elementor-element elementor-element-a896a14 elementor-align-center elementor-widget elementor-widget-button\" data-id=\"a896a14\" data-element_type=\"widget\" data-settings=\"{&quot;ekit_we_effect_on&quot;:&quot;none&quot;}\" data-widget_type=\"button.default\">\n\t\t\t\t<div class=\"elementor-widget-container\">\n\t\t\t\t\t<div class=\"elementor-button-wrapper\">\n\t\t\t<a class=\"elementor-button elementor-button-link elementor-size-sm\" href=\"https:\/\/drive.google.com\/file\/d\/1fPbQxhvjjTEYE6XfGsTTyJniBLsTO3Y4\/view?usp=drive_link\" target=\"_blank\">\n\t\t\t\t\t\t<span class=\"elementor-button-content-wrapper\">\n\t\t\t\t\t\t<span class=\"elementor-button-text\">Ver video promocional<\/span>\n\t\t<\/span>\n\t\t\t\t\t<\/a>\n\t\t<\/div>\n\t\t\t\t<\/div>\n\t\t\t\t<\/div>\n\t\t\t\t\t<\/div>\n\t\t<\/div>\n\t\t\t\t<div class=\"elementor-column elementor-col-33 elementor-top-column elementor-element elementor-element-e3a4a4b\" data-id=\"e3a4a4b\" data-element_type=\"column\">\n\t\t\t<div class=\"elementor-widget-wrap\">\n\t\t\t\t\t\t\t\t\t<\/div>\n\t\t<\/div>\n\t\t\t\t\t\t\t<\/div>\n\t\t<\/section>\n\t\t\t\t<section class=\"elementor-section elementor-top-section elementor-element elementor-element-467bd79 elementor-section-boxed elementor-section-height-default elementor-section-height-default\" data-id=\"467bd79\" data-element_type=\"section\" data-settings=\"{&quot;ekit_has_onepagescroll_dot&quot;:&quot;yes&quot;}\">\n\t\t\t\t\t\t<div class=\"elementor-container elementor-column-gap-default\">\n\t\t\t\t\t<div class=\"elementor-column elementor-col-100 elementor-top-column elementor-element elementor-element-f657236\" data-id=\"f657236\" data-element_type=\"column\">\n\t\t\t<div class=\"elementor-widget-wrap\">\n\t\t\t\t\t\t\t\t\t<\/div>\n\t\t<\/div>\n\t\t\t\t\t\t\t<\/div>\n\t\t<\/section>\n\t\t\t\t\t\t\t<\/div>\n\t\t","protected":false},"excerpt":{"rendered":"<p>Proceso de Selecci\u00f3n de Escuelas Colaboradoras con la UNESCO (redPEA). Ver video promocional<\/p>\n","protected":false},"author":8,"featured_media":0,"parent":3590,"menu_order":0,"comment_status":"closed","ping_status":"closed","template":"","meta":{"_monsterinsights_skip_tracking":false,"_monsterinsights_sitenote_active":false,"_monsterinsights_sitenote_note":"","_monsterinsights_sitenote_category":0,"site-sidebar-layout":"no-sidebar","site-content-layout":"page-builder","ast-site-content-layout":"","site-content-style":"default","site-sidebar-style":"default","ast-global-header-display":"","ast-banner-title-visibility":"","ast-main-header-display":"","ast-hfb-above-header-display":"","ast-hfb-below-header-display":"","ast-hfb-mobile-header-display":"","site-post-title":"disabled","ast-breadcrumbs-content":"","ast-featured-img":"disabled","footer-sml-layout":"","theme-transparent-header-meta":"","adv-header-id-meta":"","stick-header-meta":"","header-above-stick-meta":"","header-main-stick-meta":"","header-below-stick-meta":"","astra-migrate-meta-layouts":"","ep_exclude_from_search":false,"footnotes":""},"acf":[],"yoast_head":"<!-- This site is optimized with the Yoast SEO Premium plugin v17.7 (Yoast SEO v21.0) - https:\/\/yoast.com\/wordpress\/plugins\/seo\/ -->\n<title>Invitaci\u00f3n al Proceso de selecci\u00f3n - Direcci\u00f3n de Becas<\/title>\n<meta name=\"robots\" content=\"index, follow, max-snippet:-1, max-image-preview:large, max-video-preview:-1\" \/>\n<link rel=\"canonical\" href=\"https:\/\/apprende.jalisco.gob.mx\/direccion-becas\/redpea\/invitacion\/\" \/>\n<meta property=\"og:locale\" content=\"es_MX\" \/>\n<meta property=\"og:type\" content=\"article\" \/>\n<meta property=\"og:title\" content=\"Invitaci\u00f3n al Proceso de selecci\u00f3n\" \/>\n<meta property=\"og:description\" content=\"Proceso de Selecci\u00f3n de Escuelas Colaboradoras con la UNESCO (redPEA). Ver video promocional\" \/>\n<meta property=\"og:url\" content=\"https:\/\/apprende.jalisco.gob.mx\/direccion-becas\/redpea\/invitacion\/\" \/>\n<meta property=\"og:site_name\" content=\"Direcci\u00f3n de Becas\" \/>\n<meta property=\"article:modified_time\" content=\"2024-06-18T19:59:11+00:00\" \/>\n<meta property=\"og:image\" content=\"https:\/\/recrea.jalisco.gob.mx\/direccion-becas\/wp-content\/uploads\/sites\/26\/2024\/06\/descargar-300x119.png\" \/>\n<meta name=\"twitter:card\" content=\"summary_large_image\" \/>\n<meta name=\"twitter:label1\" content=\"Tiempo de lectura\" \/>\n\t<meta name=\"twitter:data1\" content=\"1 minuto\" \/>\n<script type=\"application\/ld+json\" class=\"yoast-schema-graph\">{\"@context\":\"https:\/\/schema.org\",\"@graph\":[{\"@type\":\"WebPage\",\"@id\":\"https:\/\/apprende.jalisco.gob.mx\/direccion-becas\/redpea\/invitacion\/\",\"url\":\"https:\/\/apprende.jalisco.gob.mx\/direccion-becas\/redpea\/invitacion\/\",\"name\":\"Invitaci\u00f3n al Proceso de selecci\u00f3n - Direcci\u00f3n de Becas\",\"isPartOf\":{\"@id\":\"https:\/\/apprende.jalisco.gob.mx\/direccion-becas\/#website\"},\"datePublished\":\"2024-06-18T19:30:15+00:00\",\"dateModified\":\"2024-06-18T19:59:11+00:00\",\"breadcrumb\":{\"@id\":\"https:\/\/apprende.jalisco.gob.mx\/direccion-becas\/redpea\/invitacion\/#breadcrumb\"},\"inLanguage\":\"es-MX\",\"potentialAction\":[{\"@type\":\"ReadAction\",\"target\":[\"https:\/\/apprende.jalisco.gob.mx\/direccion-becas\/redpea\/invitacion\/\"]}]},{\"@type\":\"BreadcrumbList\",\"@id\":\"https:\/\/apprende.jalisco.gob.mx\/direccion-becas\/redpea\/invitacion\/#breadcrumb\",\"itemListElement\":[{\"@type\":\"ListItem\",\"position\":1,\"name\":\"Inicio\",\"item\":\"https:\/\/apprende.jalisco.gob.mx\/direccion-becas\/\"},{\"@type\":\"ListItem\",\"position\":2,\"name\":\"RedPea\",\"item\":\"https:\/\/apprende.jalisco.gob.mx\/direccion-becas\/redpea\/\"},{\"@type\":\"ListItem\",\"position\":3,\"name\":\"Invitaci\u00f3n al Proceso de selecci\u00f3n\"}]},{\"@type\":\"WebSite\",\"@id\":\"https:\/\/apprende.jalisco.gob.mx\/direccion-becas\/#website\",\"url\":\"https:\/\/apprende.jalisco.gob.mx\/direccion-becas\/\",\"name\":\"Direcci\u00f3n de Becas\",\"description\":\"Micrositio\",\"publisher\":{\"@id\":\"https:\/\/apprende.jalisco.gob.mx\/direccion-becas\/#organization\"},\"potentialAction\":[{\"@type\":\"SearchAction\",\"target\":{\"@type\":\"EntryPoint\",\"urlTemplate\":\"https:\/\/apprende.jalisco.gob.mx\/direccion-becas\/?s={search_term_string}\"},\"query-input\":\"required name=search_term_string\"}],\"inLanguage\":\"es-MX\"},{\"@type\":\"Organization\",\"@id\":\"https:\/\/apprende.jalisco.gob.mx\/direccion-becas\/#organization\",\"name\":\"Direcci\u00f3n de Becas\",\"url\":\"https:\/\/apprende.jalisco.gob.mx\/direccion-becas\/\",\"logo\":{\"@type\":\"ImageObject\",\"inLanguage\":\"es-MX\",\"@id\":\"https:\/\/apprende.jalisco.gob.mx\/direccion-becas\/#\/schema\/logo\/image\/\",\"url\":\"https:\/\/apprende.jalisco.gob.mx\/direccion-becas\/wp-content\/uploads\/sites\/26\/2022\/03\/logo-Educacion2025.png\",\"contentUrl\":\"https:\/\/apprende.jalisco.gob.mx\/direccion-becas\/wp-content\/uploads\/sites\/26\/2022\/03\/logo-Educacion2025.png\",\"width\":427,\"height\":108,\"caption\":\"Direcci\u00f3n de Becas\"},\"image\":{\"@id\":\"https:\/\/apprende.jalisco.gob.mx\/direccion-becas\/#\/schema\/logo\/image\/\"}}]}<\/script>\n<!-- \/ Yoast SEO Premium plugin. -->","yoast_head_json":{"title":"Invitaci\u00f3n al Proceso de selecci\u00f3n - Direcci\u00f3n de Becas","robots":{"index":"index","follow":"follow","max-snippet":"max-snippet:-1","max-image-preview":"max-image-preview:large","max-video-preview":"max-video-preview:-1"},"canonical":"https:\/\/apprende.jalisco.gob.mx\/direccion-becas\/redpea\/invitacion\/","og_locale":"es_MX","og_type":"article","og_title":"Invitaci\u00f3n al Proceso de selecci\u00f3n","og_description":"Proceso de Selecci\u00f3n de Escuelas Colaboradoras con la UNESCO (redPEA). Ver video promocional","og_url":"https:\/\/apprende.jalisco.gob.mx\/direccion-becas\/redpea\/invitacion\/","og_site_name":"Direcci\u00f3n de Becas","article_modified_time":"2024-06-18T19:59:11+00:00","og_image":[{"url":"https:\/\/recrea.jalisco.gob.mx\/direccion-becas\/wp-content\/uploads\/sites\/26\/2024\/06\/descargar-300x119.png"}],"twitter_card":"summary_large_image","twitter_misc":{"Tiempo de lectura":"1 minuto"},"schema":{"@context":"https:\/\/schema.org","@graph":[{"@type":"WebPage","@id":"https:\/\/apprende.jalisco.gob.mx\/direccion-becas\/redpea\/invitacion\/","url":"https:\/\/apprende.jalisco.gob.mx\/direccion-becas\/redpea\/invitacion\/","name":"Invitaci\u00f3n al Proceso de selecci\u00f3n - Direcci\u00f3n de Becas","isPartOf":{"@id":"https:\/\/apprende.jalisco.gob.mx\/direccion-becas\/#website"},"datePublished":"2024-06-18T19:30:15+00:00","dateModified":"2024-06-18T19:59:11+00:00","breadcrumb":{"@id":"https:\/\/apprende.jalisco.gob.mx\/direccion-becas\/redpea\/invitacion\/#breadcrumb"},"inLanguage":"es-MX","potentialAction":[{"@type":"ReadAction","target":["https:\/\/apprende.jalisco.gob.mx\/direccion-becas\/redpea\/invitacion\/"]}]},{"@type":"BreadcrumbList","@id":"https:\/\/apprende.jalisco.gob.mx\/direccion-becas\/redpea\/invitacion\/#breadcrumb","itemListElement":[{"@type":"ListItem","position":1,"name":"Inicio","item":"https:\/\/apprende.jalisco.gob.mx\/direccion-becas\/"},{"@type":"ListItem","position":2,"name":"RedPea","item":"https:\/\/apprende.jalisco.gob.mx\/direccion-becas\/redpea\/"},{"@type":"ListItem","position":3,"name":"Invitaci\u00f3n al Proceso de selecci\u00f3n"}]},{"@type":"WebSite","@id":"https:\/\/apprende.jalisco.gob.mx\/direccion-becas\/#website","url":"https:\/\/apprende.jalisco.gob.mx\/direccion-becas\/","name":"Direcci\u00f3n de Becas","description":"Micrositio","publisher":{"@id":"https:\/\/apprende.jalisco.gob.mx\/direccion-becas\/#organization"},"potentialAction":[{"@type":"SearchAction","target":{"@type":"EntryPoint","urlTemplate":"https:\/\/apprende.jalisco.gob.mx\/direccion-becas\/?s={search_term_string}"},"query-input":"required name=search_term_string"}],"inLanguage":"es-MX"},{"@type":"Organization","@id":"https:\/\/apprende.jalisco.gob.mx\/direccion-becas\/#organization","name":"Direcci\u00f3n de Becas","url":"https:\/\/apprende.jalisco.gob.mx\/direccion-becas\/","logo":{"@type":"ImageObject","inLanguage":"es-MX","@id":"https:\/\/apprende.jalisco.gob.mx\/direccion-becas\/#\/schema\/logo\/image\/","url":"https:\/\/apprende.jalisco.gob.mx\/direccion-becas\/wp-content\/uploads\/sites\/26\/2022\/03\/logo-Educacion2025.png","contentUrl":"https:\/\/apprende.jalisco.gob.mx\/direccion-becas\/wp-content\/uploads\/sites\/26\/2022\/03\/logo-Educacion2025.png","width":427,"height":108,"caption":"Direcci\u00f3n de Becas"},"image":{"@id":"https:\/\/apprende.jalisco.gob.mx\/direccion-becas\/#\/schema\/logo\/image\/"}}]}},"_links":{"self":[{"href":"https:\/\/apprende.jalisco.gob.mx\/direccion-becas\/wp-json\/wp\/v2\/pages\/3834"}],"collection":[{"href":"https:\/\/apprende.jalisco.gob.mx\/direccion-becas\/wp-json\/wp\/v2\/pages"}],"about":[{"href":"https:\/\/apprende.jalisco.gob.mx\/direccion-becas\/wp-json\/wp\/v2\/types\/page"}],"author":[{"embeddable":true,"href":"https:\/\/apprende.jalisco.gob.mx\/direccion-becas\/wp-json\/wp\/v2\/users\/8"}],"replies":[{"embeddable":true,"href":"https:\/\/apprende.jalisco.gob.mx\/direccion-becas\/wp-json\/wp\/v2\/comments?post=3834"}],"version-history":[{"count":22,"href":"https:\/\/apprende.jalisco.gob.mx\/direccion-becas\/wp-json\/wp\/v2\/pages\/3834\/revisions"}],"predecessor-version":[{"id":3862,"href":"https:\/\/apprende.jalisco.gob.mx\/direccion-becas\/wp-json\/wp\/v2\/pages\/3834\/revisions\/3862"}],"up":[{"embeddable":true,"href":"https:\/\/apprende.jalisco.gob.mx\/direccion-becas\/wp-json\/wp\/v2\/pages\/3590"}],"wp:attachment":[{"href":"https:\/\/apprende.jalisco.gob.mx\/direccion-becas\/wp-json\/wp\/v2\/media?parent=3834"}],"curies":[{"name":"wp","href":"https:\/\/api.w.org\/{rel}","templated":true}]}}