{"id":2934,"date":"2022-09-05T18:01:28","date_gmt":"2022-09-05T23:01:28","guid":{"rendered":"https:\/\/apprende.jalisco.gob.mx\/direccion-educacion-especial\/?page_id=2934"},"modified":"2022-09-05T18:01:54","modified_gmt":"2022-09-05T23:01:54","slug":"glosario","status":"publish","type":"page","link":"https:\/\/apprende.jalisco.gob.mx\/direccion-educacion-especial\/glosario\/","title":{"rendered":"Glosario"},"content":{"rendered":"\t\t<div data-elementor-type=\"wp-page\" data-elementor-id=\"2934\" class=\"elementor elementor-2934\" data-elementor-post-type=\"page\">\n\t\t\t\t\t\t\t\t\t<section class=\"elementor-section elementor-top-section elementor-element elementor-element-ddfb6fd elementor-section-boxed elementor-section-height-default elementor-section-height-default\" data-id=\"ddfb6fd\" data-element_type=\"section\" data-settings=\"{&quot;ekit_has_onepagescroll_dot&quot;:&quot;yes&quot;}\">\n\t\t\t\t\t\t<div class=\"elementor-container elementor-column-gap-default\">\n\t\t\t\t\t<div class=\"elementor-column elementor-col-100 elementor-top-column elementor-element elementor-element-b5fef51\" data-id=\"b5fef51\" data-element_type=\"column\">\n\t\t\t<div class=\"elementor-widget-wrap elementor-element-populated\">\n\t\t\t\t\t\t\t\t<div class=\"elementor-element elementor-element-7c6b08c elementor-widget elementor-widget-breadcrumbs\" data-id=\"7c6b08c\" data-element_type=\"widget\" data-settings=\"{&quot;ekit_we_effect_on&quot;:&quot;none&quot;}\" data-widget_type=\"breadcrumbs.default\">\n\t\t\t\t<div class=\"elementor-widget-container\">\n\t\t\t<div id=\"breadcrumbs\"><span><span><a href=\"https:\/\/apprende.jalisco.gob.mx\/direccion-educacion-especial\/\">Inicio<\/a><\/span><\/span><\/div>\t\t<\/div>\n\t\t\t\t<\/div>\n\t\t\t\t\t<\/div>\n\t\t<\/div>\n\t\t\t\t\t\t\t<\/div>\n\t\t<\/section>\n\t\t\t\t<section class=\"elementor-section elementor-top-section elementor-element elementor-element-2496b07 elementor-section-full_width elementor-section-height-default elementor-section-height-default\" data-id=\"2496b07\" data-element_type=\"section\" data-settings=\"{&quot;background_background&quot;:&quot;classic&quot;,&quot;ekit_has_onepagescroll_dot&quot;:&quot;yes&quot;}\">\n\t\t\t\t\t\t<div class=\"elementor-container elementor-column-gap-default\">\n\t\t\t\t\t<div class=\"elementor-column elementor-col-100 elementor-top-column elementor-element elementor-element-abc373b\" data-id=\"abc373b\" data-element_type=\"column\">\n\t\t\t<div class=\"elementor-widget-wrap elementor-element-populated\">\n\t\t\t\t\t\t\t\t<section class=\"elementor-section elementor-inner-section elementor-element elementor-element-82a360c elementor-section-boxed elementor-section-height-default elementor-section-height-default\" data-id=\"82a360c\" data-element_type=\"section\" data-settings=\"{&quot;ekit_has_onepagescroll_dot&quot;:&quot;yes&quot;}\">\n\t\t\t\t\t\t<div class=\"elementor-container elementor-column-gap-default\">\n\t\t\t\t\t<div class=\"elementor-column elementor-col-100 elementor-inner-column elementor-element elementor-element-177f601\" data-id=\"177f601\" data-element_type=\"column\">\n\t\t\t<div class=\"elementor-widget-wrap elementor-element-populated\">\n\t\t\t\t\t\t\t\t<div class=\"elementor-element elementor-element-6db45a8 elementor-widget elementor-widget-heading\" data-id=\"6db45a8\" data-element_type=\"widget\" data-settings=\"{&quot;ekit_we_effect_on&quot;:&quot;none&quot;}\" data-widget_type=\"heading.default\">\n\t\t\t\t<div class=\"elementor-widget-container\">\n\t\t\t<h2 class=\"elementor-heading-title elementor-size-default\">Glosario<\/h2>\t\t<\/div>\n\t\t\t\t<\/div>\n\t\t\t\t<div class=\"elementor-element elementor-element-5487cb7 elementor-widget elementor-widget-text-editor\" data-id=\"5487cb7\" data-element_type=\"widget\" data-settings=\"{&quot;ekit_we_effect_on&quot;:&quot;none&quot;}\" data-widget_type=\"text-editor.default\">\n\t\t\t\t<div class=\"elementor-widget-container\">\n\t\t\t\t\t\t\t<p><strong>-Ajustes razonables:<\/strong>\u00a0Modificaciones y adaptaciones necesarias, que no impongan una carga desproporcionada o indebida, que permitan a las personas compensar alguna deficiencia que les impida el goce o ejercicio, en igualdad de condiciones con las dem\u00e1s, de todos los derechos humanos y libertades fundamentales.<\/p><p><strong>-Aptitudes Sobresalientes:\u00a0<\/strong>Es aqu\u00e9l capaz de destacar significativamente del grupo social y educativo al que pertenece en uno o m\u00e1s de los siguientes campos del quehacer humano: cient\u00edfico-tecnol\u00f3gico, human\u00edstico-social, art\u00edstico o de acci\u00f3n motriz.<\/p><p><strong>-Atenci\u00f3n a la diversidad:\u00a0<\/strong>son las acciones educativas que dan respuesta a las necesidades de sus estudiantes considerando sus caracter\u00edsticas particulares, implementado estrategias para el trabajo grupal, teniendo como meta que cada uno de estos logre los objetivos establecidos.<\/p><p><strong>-Barreras para el Aprendizaje y la Participaci\u00f3n (BAP):<\/strong>\u00a0Son todos aquellos factores del contexto que dificultan o limitan el pleno acceso a la educaci\u00f3n y a las oportunidades de aprendizaje de ni\u00f1as, ni\u00f1os y j\u00f3venes. Aparecen en relaci\u00f3n con su interacci\u00f3n en los diferentes contextos: social, pol\u00edtico, econ\u00f3mico, institucional y cultural.<\/p><p><strong>-Centro de Atenci\u00f3n M\u00faltiple (CAM):<\/strong>\u00a0Es el servicio de educaci\u00f3n especial que tienen la responsabilidad de escolarizar a los alumnos y alumnas con alguna discapacidad o con discapacidad m\u00faltiple que requieren de ajustes altamente significativa y de apoyos generalizados o permanentes; as\u00ed como brindarles formaci\u00f3n para el trabajo aquellas personas que por diversas razones no llegan a integrarse al sistema educativo que brinda esta formaci\u00f3n. Tambi\u00e9n otorga apoyos complementarios a los alumnos integrados en escuelas regulares cuando sean necesarios, asesorando a maestros de grupo o de los servicios de apoyo, orientando a las familias y atendiendo directamente a los alumnos que as\u00ed lo requieran.<\/p><p><strong>-Centro de Recursos e Informaci\u00f3n para la Integraci\u00f3n Educativa (CRIE):<\/strong>\u00a0Son servicios de orientaci\u00f3n a las familias y maestros de educaci\u00f3n inicial, preescolar, primaria, secundaria, especial y comunidad en general.<\/p><p><strong>-Comunicaci\u00f3n aumentativa y alternativa:<\/strong>\u00a0Son diferentes formas de comunicaci\u00f3n, que tienen como objetivo aumentar (aumentativo) y compensar (alternativo) las dificultades de comunicaci\u00f3n y lenguaje.<\/p><p><strong>-Discapacidad:<\/strong>\u00a0Aquella particularidad con la que cuente cualquier estudiante de educaci\u00f3n superior que por raz\u00f3n cong\u00e9nita o adquirida presenta una o m\u00e1s deficiencias de car\u00e1cter f\u00edsico, mental, intelectual o sensorial, ya sea permanente o temporal y pueda impedir su inclusi\u00f3n plena y efectiva, en igualdad de condiciones con los dem\u00e1s en el sistema educativo nacional.<\/p><p><strong>-Discapacidad (modelo social):\u00a0<\/strong>La premisa es que la discapacidad es una construcci\u00f3n social, no una deficiencia que crea la misma sociedad que limita e impide que las personas con discapacidad se incluyan, decidan o dise\u00f1en con autonom\u00eda su propio plan de vida en igualdad de oportunidades.<\/p><p>Se pone \u00e9nfasis en que las personas con discapacidad pueden contribuir a la sociedad en iguales circunstancias que las dem\u00e1s, pero siempre desde la valoraci\u00f3n a la inclusi\u00f3n y el respeto a lo diverso. Este modelo se relaciona con los valores esenciales que fundamentan los derechos humanos, como la dignidad humana, la libertad personal y la igualdad, que propician la disminuci\u00f3n de barreras y dan lugar a la inclusi\u00f3n social, que pone en la base principios como autonom\u00eda personal, no discriminaci\u00f3n, accesibilidad universal, normalizaci\u00f3n del entorno, di\u00e1logo civil, entro otros.<\/p><p><strong>-Discapacidad Auditiva:\u00a0<\/strong>La discapacidad auditiva es la p\u00e9rdida total (sordera) o parcial (hipoacusia) de la habilidad para escuchar. Se define como la dificultad que presentan algunas personas para percibir mediante la audici\u00f3n los sonidos del ambiente y, dependiendo de la p\u00e9rdida auditiva, los sonidos del lenguaje oral.<\/p><p><strong>-Discapacidad Intelectual:<\/strong>\u00a0Se caracteriza por limitaciones significativas tanto en funcionamiento intelectual como en conducta adaptativa tal y como se ha manifestado en habilidades adaptativas conceptuales, sociales y pr\u00e1cticas. Esta discapacidad se origina antes de los 18 a\u00f1os.<\/p><p><strong>-Discapacidad Motora:<\/strong>\u00a0Es una alteraci\u00f3n de la capacidad de movimiento que se ve reflejada en las funciones de desplazamiento, manipulaci\u00f3n o respiraci\u00f3n, y que influye adem\u00e1s en el desarrollo personal y social de la persona. Es cuando hay una alteraci\u00f3n en los m\u00fasculos, huesos o articulaciones, o bien, cuando hay un da\u00f1o neurol\u00f3gico que afecta el \u00e1rea motriz e impide a la persona moverse de forma adecuada o realizar movimientos finos con precisi\u00f3n.<\/p><p><strong>-Discapacidad Psicosocial:<\/strong>\u00a0Se presenta de manera permanente o temporal y se relaciona con las cuestiones psicol\u00f3gicas y sociales, ocasionadas por alteraciones a la salud mental y trastornos mentales graves (originados por causas org\u00e1nicas, psicol\u00f3gicas, psicol\u00f3gicas y sociales).<\/p><p><strong>-Discapacidad Visual:\u00a0<\/strong>Seg\u00fan la organizaci\u00f3n mundial de la salud (OMS), deficiencia o discapacidad es toda p\u00e9rdida o anormalidad en una estructura a nivel fisiol\u00f3gico, anat\u00f3mico o psicol\u00f3gico. En este sentido se puede hablar de Discapacidad visual como la p\u00e9rdida total o parcial del sentido de la vista. Y esta se clasifica en: Baja visi\u00f3n, Ceguera legal y Ceguera Total.<\/p><p><strong>-Discriminaci\u00f3n:<\/strong>\u00a0Es cualquier distinci\u00f3n, exclusi\u00f3n o restricci\u00f3n que tenga el prop\u00f3sito o el efecto de obstaculizar o dejar sin efecto el reconocimiento, goce o ejercicio, en igualdad de condiciones de todos los derechos humanos y libertades fundamentales en los \u00e1mbitos pol\u00edtico, econ\u00f3mico, social, cultural, civil o de otro tipo. Incluye todas las formas de discriminaci\u00f3n contra las personas con discapacidad, entre ellas, la denegaci\u00f3n de ajustes razonables.<\/p><p><strong>Dise\u00f1o Universal para el Aprendizaje:\u00a0<\/strong>es un modelo para la intervenci\u00f3n educativa, que tiene como objetivo atender la diversidad en el aula, por medio de brindar los accesos convenientes para el logro del aprendizaje, por medio de la implementaci\u00f3n de tres principios en las estrategias de aprendizaje.<\/p><p>Estos principios son:<\/p><ul><li>Principio I. Proporcionar m\u00faltiples medios de Compromiso.<\/li><li>Principio II. Proporcione m\u00faltiples medios de Representaci\u00f3n.<\/li><li>Principio III. Proporcione m\u00faltiples medios de Acci\u00f3n y expresi\u00f3n<\/li><\/ul><p><strong>-Educaci\u00f3n Especial:\u00a0<\/strong>Es el servicio educativo\u00a0que ofrece atenci\u00f3n con equidad a alumnos con discapacidad o bien con aptitudes sobresalientes y de acuerdo con sus condiciones, necesidades, intereses y potencialidades.<\/p><p>La Educaci\u00f3n Especial incluye la asesor\u00eda, orientaci\u00f3n y acompa\u00f1amiento a docentes y directivos de educaci\u00f3n b\u00e1sica, as\u00ed como, la orientaci\u00f3n a las familias. Los servicios educativos escolarizados se brindan en los Centros de Atenci\u00f3n M\u00faltiple (CAM).<\/p><p><strong>-Equidad:<\/strong>\u00a0Igualdad de oportunidades para incorporarse y permanecer en el sistema educativo nacional. Hace referencia al tratamiento igual, en cuanto al acceso, permanencia y \u00e9xito en el sistema educativo para todos y todas, sin distinci\u00f3n de g\u00e9nero, etnia, religi\u00f3n, o condici\u00f3n social, econ\u00f3mica o pol\u00edtica.<\/p><p><strong>-Inclusi\u00f3n educativa:<\/strong>\u00a0Es el proceso de identificar y responder a la diversidad de las necesidades de todos los estudiantes a trav\u00e9s de la mayor participaci\u00f3n en el aprendizaje, las culturas y las comunidades, y reduciendo la exclusi\u00f3n en la educaci\u00f3n. Involucra cambios y modificaciones en contenidos, aproximaciones, estructuras y estrategias, con una visi\u00f3n com\u00fan que incluye a todos los ni\u00f1o\/as del rango de edad apropiado y la convicci\u00f3n de que es la responsabilidad del sistema regular, educar a todos los ni\u00f1o\/as.<\/p><p><strong>-Lengua de se\u00f1as:<\/strong>\u00a0Lengua de una comunidad de personas sordas, que consiste en una serie de signos gestuales articulados con las manos y acompa\u00f1ados de expresiones faciales, mirada intencional y movimiento corporal, dotados de funci\u00f3n ling\u00fc\u00edstica. Forma parte del patrimonio ling\u00fc\u00edstico de dicha comunidad y es tan rica y compleja en gram\u00e1tica y vocabulario como cualquier lengua oral.<\/p><p><strong>-Lengua de Se\u00f1as Mexicana:<\/strong>\u00a0Lengua de se\u00f1as que utiliza la comunidad de personas sordas en M\u00e9xico, la LSM es reconocida oficialmente como lengua nacional y forma parte del patrimonio ling\u00fc\u00edstico con que cuenta la naci\u00f3n mexicana.<\/p><p><strong>-Multidiscapacidad<\/strong>: Se la define como una asociaci\u00f3n a varias discapacidades de orden f\u00edsico, mental, sensorial, emocional o de comportamiento social de una misma persona; es as\u00ed que un ni\u00f1o con Multidiscapacidad tiene m\u00e1s de un diagn\u00f3stico y esto depende exclusivamente a las \u00e1reas afectadas en el mismo, ya que el nivel de intensidad var\u00eda mucho, seg\u00fan la capacidad del ni\u00f1o y las necesidades del mismo.<\/p><p><strong>-Sistema de escritura Braille<\/strong>: Sistema para la comunicaci\u00f3n representado mediante signos en relieve, le\u00eddos en forma t\u00e1ctil, por los ciegos.<\/p><p><strong>-Trastorno del Espectro Autista:\u00a0<\/strong>son un grupo de afecciones diversas. Se caracterizan por alg\u00fan grado de dificultad en la interacci\u00f3n social y la comunicaci\u00f3n. Otras caracter\u00edsticas que presentan son patrones at\u00edpicos de actividad y comportamiento; por ejemplo, dificultad para pasar de una actividad a otra, gran atenci\u00f3n a los detalles y reacciones poco habituales a las sensaciones.<\/p><p>Las capacidades y las necesidades de las personas con autismo var\u00edan y pueden evolucionar con el tiempo. Aunque algunas personas con autismo pueden vivir de manera independiente, hay otras con discapacidades graves que necesitan constante atenci\u00f3n y apoyo durante toda su vida.<\/p><p><strong>-Unidad de Servicios de Apoyo a la Educaci\u00f3n Regular:<\/strong>\u00a0Son los servicios de educaci\u00f3n especial encargados de apoyar el proceso de inclusi\u00f3n educativa de alumnas y alumnos que enfrentan Barreras para el Aprendizaje y la Participaci\u00f3n, prioritariamente aquellos(as) con discapacidad y\/o aptitudes sobresalientes, en las escuelas de educaci\u00f3n regular de los diferentes niveles y modalidades educativas. Estos servicios promueven, en vinculaci\u00f3n con la escuela que apoyan, la eliminaci\u00f3n de las barreras que obstaculizan la participaci\u00f3n y el aprendizaje de los alumnos, a partir de un trabajo de gesti\u00f3n y de organizaci\u00f3n flexible, de un trabajo conjunto y de orientaci\u00f3n a los maestros, la familia y la comunidad educativa en general.<\/p>\t\t\t\t\t\t<\/div>\n\t\t\t\t<\/div>\n\t\t\t\t\t<\/div>\n\t\t<\/div>\n\t\t\t\t\t\t\t<\/div>\n\t\t<\/section>\n\t\t\t\t\t<\/div>\n\t\t<\/div>\n\t\t\t\t\t\t\t<\/div>\n\t\t<\/section>\n\t\t\t\t\t\t\t<\/div>\n\t\t","protected":false},"excerpt":{"rendered":"<p>-Ajustes razonables:\u00a0Modificaciones y adaptaciones necesarias, que no impongan una carga desproporcionada o indebida, que permitan a las personas compensar alguna deficiencia que les impida el goce o ejercicio, en igualdad de condiciones con las dem\u00e1s, de todos los derechos humanos y libertades fundamentales. -Aptitudes Sobresalientes:\u00a0Es aqu\u00e9l capaz de destacar significativamente del grupo social y educativo &hellip;<\/p>\n<p class=\"read-more\"> <a class=\"\" href=\"https:\/\/apprende.jalisco.gob.mx\/direccion-educacion-especial\/glosario\/\"> <span class=\"screen-reader-text\">Glosario<\/span> Leer m\u00e1s &raquo;<\/a><\/p>\n","protected":false},"author":1,"featured_media":0,"parent":0,"menu_order":0,"comment_status":"closed","ping_status":"closed","template":"","meta":{"_monsterinsights_skip_tracking":false,"_monsterinsights_sitenote_active":false,"_monsterinsights_sitenote_note":"","_monsterinsights_sitenote_category":0,"site-sidebar-layout":"no-sidebar","site-content-layout":"page-builder","ast-site-content-layout":"","site-content-style":"default","site-sidebar-style":"default","ast-global-header-display":"","ast-banner-title-visibility":"","ast-main-header-display":"","ast-hfb-above-header-display":"","ast-hfb-below-header-display":"","ast-hfb-mobile-header-display":"","site-post-title":"disabled","ast-breadcrumbs-content":"","ast-featured-img":"disabled","footer-sml-layout":"","theme-transparent-header-meta":"default","adv-header-id-meta":"","stick-header-meta":"default","header-above-stick-meta":"","header-main-stick-meta":"","header-below-stick-meta":"","astra-migrate-meta-layouts":"","ep_exclude_from_search":false,"footnotes":""},"acf":[],"yoast_head":"<!-- This site is optimized with the Yoast SEO Premium plugin v17.7 (Yoast SEO v21.0) - https:\/\/yoast.com\/wordpress\/plugins\/seo\/ -->\n<title>Glosario - Direcci\u00f3n de Educaci\u00f3n Especial<\/title>\n<meta name=\"robots\" content=\"index, follow, max-snippet:-1, max-image-preview:large, max-video-preview:-1\" \/>\n<link rel=\"canonical\" href=\"https:\/\/apprende.jalisco.gob.mx\/direccion-educacion-especial\/glosario\/\" \/>\n<meta property=\"og:locale\" content=\"es_MX\" \/>\n<meta property=\"og:type\" content=\"article\" \/>\n<meta property=\"og:title\" content=\"Glosario\" \/>\n<meta property=\"og:description\" content=\"-Ajustes razonables:\u00a0Modificaciones y adaptaciones necesarias, que no impongan una carga desproporcionada o indebida, que permitan a las personas compensar alguna deficiencia que les impida el goce o ejercicio, en igualdad de condiciones con las dem\u00e1s, de todos los derechos humanos y libertades fundamentales. -Aptitudes Sobresalientes:\u00a0Es aqu\u00e9l capaz de destacar significativamente del grupo social y educativo &hellip; Glosario Leer m\u00e1s &raquo;\" \/>\n<meta property=\"og:url\" content=\"https:\/\/apprende.jalisco.gob.mx\/direccion-educacion-especial\/glosario\/\" \/>\n<meta property=\"og:site_name\" content=\"Direcci\u00f3n de Educaci\u00f3n Especial\" \/>\n<meta property=\"article:modified_time\" content=\"2022-09-05T23:01:54+00:00\" \/>\n<meta name=\"twitter:card\" content=\"summary_large_image\" \/>\n<meta name=\"twitter:label1\" content=\"Tiempo de lectura\" \/>\n\t<meta name=\"twitter:data1\" content=\"7 minutos\" \/>\n<script type=\"application\/ld+json\" class=\"yoast-schema-graph\">{\"@context\":\"https:\/\/schema.org\",\"@graph\":[{\"@type\":\"WebPage\",\"@id\":\"https:\/\/apprende.jalisco.gob.mx\/direccion-educacion-especial\/glosario\/\",\"url\":\"https:\/\/apprende.jalisco.gob.mx\/direccion-educacion-especial\/glosario\/\",\"name\":\"Glosario - Direcci\u00f3n de Educaci\u00f3n Especial\",\"isPartOf\":{\"@id\":\"https:\/\/apprende.jalisco.gob.mx\/direccion-educacion-especial\/#website\"},\"datePublished\":\"2022-09-05T23:01:28+00:00\",\"dateModified\":\"2022-09-05T23:01:54+00:00\",\"breadcrumb\":{\"@id\":\"https:\/\/apprende.jalisco.gob.mx\/direccion-educacion-especial\/glosario\/#breadcrumb\"},\"inLanguage\":\"es-MX\",\"potentialAction\":[{\"@type\":\"ReadAction\",\"target\":[\"https:\/\/apprende.jalisco.gob.mx\/direccion-educacion-especial\/glosario\/\"]}]},{\"@type\":\"BreadcrumbList\",\"@id\":\"https:\/\/apprende.jalisco.gob.mx\/direccion-educacion-especial\/glosario\/#breadcrumb\",\"itemListElement\":[{\"@type\":\"ListItem\",\"position\":1,\"name\":\"Inicio\",\"item\":\"https:\/\/apprende.jalisco.gob.mx\/direccion-educacion-especial\/\"},{\"@type\":\"ListItem\",\"position\":2,\"name\":\"Glosario\"}]},{\"@type\":\"WebSite\",\"@id\":\"https:\/\/apprende.jalisco.gob.mx\/direccion-educacion-especial\/#website\",\"url\":\"https:\/\/apprende.jalisco.gob.mx\/direccion-educacion-especial\/\",\"name\":\"Direcci\u00f3n de Educaci\u00f3n Especial\",\"description\":\"Micrositio\",\"publisher\":{\"@id\":\"https:\/\/apprende.jalisco.gob.mx\/direccion-educacion-especial\/#organization\"},\"potentialAction\":[{\"@type\":\"SearchAction\",\"target\":{\"@type\":\"EntryPoint\",\"urlTemplate\":\"https:\/\/apprende.jalisco.gob.mx\/direccion-educacion-especial\/?s={search_term_string}\"},\"query-input\":\"required name=search_term_string\"}],\"inLanguage\":\"es-MX\"},{\"@type\":\"Organization\",\"@id\":\"https:\/\/apprende.jalisco.gob.mx\/direccion-educacion-especial\/#organization\",\"name\":\"Direcci\u00f3n de Educaci\u00f3n Especial\",\"url\":\"https:\/\/apprende.jalisco.gob.mx\/direccion-educacion-especial\/\",\"logo\":{\"@type\":\"ImageObject\",\"inLanguage\":\"es-MX\",\"@id\":\"https:\/\/apprende.jalisco.gob.mx\/direccion-educacion-especial\/#\/schema\/logo\/image\/\",\"url\":\"https:\/\/apprende.jalisco.gob.mx\/direccion-educacion-especial\/wp-content\/uploads\/sites\/7\/2022\/03\/logo-Educacion2025.png\",\"contentUrl\":\"https:\/\/apprende.jalisco.gob.mx\/direccion-educacion-especial\/wp-content\/uploads\/sites\/7\/2022\/03\/logo-Educacion2025.png\",\"width\":427,\"height\":108,\"caption\":\"Direcci\u00f3n de Educaci\u00f3n Especial\"},\"image\":{\"@id\":\"https:\/\/apprende.jalisco.gob.mx\/direccion-educacion-especial\/#\/schema\/logo\/image\/\"}}]}<\/script>\n<!-- \/ Yoast SEO Premium plugin. -->","yoast_head_json":{"title":"Glosario - Direcci\u00f3n de Educaci\u00f3n Especial","robots":{"index":"index","follow":"follow","max-snippet":"max-snippet:-1","max-image-preview":"max-image-preview:large","max-video-preview":"max-video-preview:-1"},"canonical":"https:\/\/apprende.jalisco.gob.mx\/direccion-educacion-especial\/glosario\/","og_locale":"es_MX","og_type":"article","og_title":"Glosario","og_description":"-Ajustes razonables:\u00a0Modificaciones y adaptaciones necesarias, que no impongan una carga desproporcionada o indebida, que permitan a las personas compensar alguna deficiencia que les impida el goce o ejercicio, en igualdad de condiciones con las dem\u00e1s, de todos los derechos humanos y libertades fundamentales. -Aptitudes Sobresalientes:\u00a0Es aqu\u00e9l capaz de destacar significativamente del grupo social y educativo &hellip; Glosario Leer m\u00e1s &raquo;","og_url":"https:\/\/apprende.jalisco.gob.mx\/direccion-educacion-especial\/glosario\/","og_site_name":"Direcci\u00f3n de Educaci\u00f3n Especial","article_modified_time":"2022-09-05T23:01:54+00:00","twitter_card":"summary_large_image","twitter_misc":{"Tiempo de lectura":"7 minutos"},"schema":{"@context":"https:\/\/schema.org","@graph":[{"@type":"WebPage","@id":"https:\/\/apprende.jalisco.gob.mx\/direccion-educacion-especial\/glosario\/","url":"https:\/\/apprende.jalisco.gob.mx\/direccion-educacion-especial\/glosario\/","name":"Glosario - Direcci\u00f3n de Educaci\u00f3n Especial","isPartOf":{"@id":"https:\/\/apprende.jalisco.gob.mx\/direccion-educacion-especial\/#website"},"datePublished":"2022-09-05T23:01:28+00:00","dateModified":"2022-09-05T23:01:54+00:00","breadcrumb":{"@id":"https:\/\/apprende.jalisco.gob.mx\/direccion-educacion-especial\/glosario\/#breadcrumb"},"inLanguage":"es-MX","potentialAction":[{"@type":"ReadAction","target":["https:\/\/apprende.jalisco.gob.mx\/direccion-educacion-especial\/glosario\/"]}]},{"@type":"BreadcrumbList","@id":"https:\/\/apprende.jalisco.gob.mx\/direccion-educacion-especial\/glosario\/#breadcrumb","itemListElement":[{"@type":"ListItem","position":1,"name":"Inicio","item":"https:\/\/apprende.jalisco.gob.mx\/direccion-educacion-especial\/"},{"@type":"ListItem","position":2,"name":"Glosario"}]},{"@type":"WebSite","@id":"https:\/\/apprende.jalisco.gob.mx\/direccion-educacion-especial\/#website","url":"https:\/\/apprende.jalisco.gob.mx\/direccion-educacion-especial\/","name":"Direcci\u00f3n de Educaci\u00f3n Especial","description":"Micrositio","publisher":{"@id":"https:\/\/apprende.jalisco.gob.mx\/direccion-educacion-especial\/#organization"},"potentialAction":[{"@type":"SearchAction","target":{"@type":"EntryPoint","urlTemplate":"https:\/\/apprende.jalisco.gob.mx\/direccion-educacion-especial\/?s={search_term_string}"},"query-input":"required name=search_term_string"}],"inLanguage":"es-MX"},{"@type":"Organization","@id":"https:\/\/apprende.jalisco.gob.mx\/direccion-educacion-especial\/#organization","name":"Direcci\u00f3n de Educaci\u00f3n Especial","url":"https:\/\/apprende.jalisco.gob.mx\/direccion-educacion-especial\/","logo":{"@type":"ImageObject","inLanguage":"es-MX","@id":"https:\/\/apprende.jalisco.gob.mx\/direccion-educacion-especial\/#\/schema\/logo\/image\/","url":"https:\/\/apprende.jalisco.gob.mx\/direccion-educacion-especial\/wp-content\/uploads\/sites\/7\/2022\/03\/logo-Educacion2025.png","contentUrl":"https:\/\/apprende.jalisco.gob.mx\/direccion-educacion-especial\/wp-content\/uploads\/sites\/7\/2022\/03\/logo-Educacion2025.png","width":427,"height":108,"caption":"Direcci\u00f3n de Educaci\u00f3n Especial"},"image":{"@id":"https:\/\/apprende.jalisco.gob.mx\/direccion-educacion-especial\/#\/schema\/logo\/image\/"}}]}},"_links":{"self":[{"href":"https:\/\/apprende.jalisco.gob.mx\/direccion-educacion-especial\/wp-json\/wp\/v2\/pages\/2934"}],"collection":[{"href":"https:\/\/apprende.jalisco.gob.mx\/direccion-educacion-especial\/wp-json\/wp\/v2\/pages"}],"about":[{"href":"https:\/\/apprende.jalisco.gob.mx\/direccion-educacion-especial\/wp-json\/wp\/v2\/types\/page"}],"author":[{"embeddable":true,"href":"https:\/\/apprende.jalisco.gob.mx\/direccion-educacion-especial\/wp-json\/wp\/v2\/users\/1"}],"replies":[{"embeddable":true,"href":"https:\/\/apprende.jalisco.gob.mx\/direccion-educacion-especial\/wp-json\/wp\/v2\/comments?post=2934"}],"version-history":[{"count":4,"href":"https:\/\/apprende.jalisco.gob.mx\/direccion-educacion-especial\/wp-json\/wp\/v2\/pages\/2934\/revisions"}],"predecessor-version":[{"id":2938,"href":"https:\/\/apprende.jalisco.gob.mx\/direccion-educacion-especial\/wp-json\/wp\/v2\/pages\/2934\/revisions\/2938"}],"wp:attachment":[{"href":"https:\/\/apprende.jalisco.gob.mx\/direccion-educacion-especial\/wp-json\/wp\/v2\/media?parent=2934"}],"curies":[{"name":"wp","href":"https:\/\/api.w.org\/{rel}","templated":true}]}}