{"id":2950,"date":"2022-09-05T18:26:17","date_gmt":"2022-09-05T23:26:17","guid":{"rendered":"https:\/\/recrea.jalisco.gob.mx\/direccion-educacion-indigena\/?page_id=2950"},"modified":"2025-02-21T08:59:23","modified_gmt":"2025-02-21T14:59:23","slug":"directorio-de-supervisores","status":"publish","type":"page","link":"https:\/\/apprende.jalisco.gob.mx\/direccion-educacion-indigena\/directorio-de-supervisores\/","title":{"rendered":"Directorio de Supervisores"},"content":{"rendered":"\t\t<div data-elementor-type=\"wp-page\" data-elementor-id=\"2950\" class=\"elementor elementor-2950\" data-elementor-post-type=\"page\">\n\t\t\t\t\t\t\t\t\t<section class=\"elementor-section elementor-top-section elementor-element elementor-element-ddfb6fd elementor-section-boxed elementor-section-height-default elementor-section-height-default\" data-id=\"ddfb6fd\" data-element_type=\"section\" data-settings=\"{&quot;ekit_has_onepagescroll_dot&quot;:&quot;yes&quot;}\">\n\t\t\t\t\t\t<div class=\"elementor-container elementor-column-gap-default\">\n\t\t\t\t\t<div class=\"elementor-column elementor-col-100 elementor-top-column elementor-element elementor-element-b5fef51\" data-id=\"b5fef51\" data-element_type=\"column\">\n\t\t\t<div class=\"elementor-widget-wrap elementor-element-populated\">\n\t\t\t\t\t\t\t\t<div class=\"elementor-element elementor-element-7c6b08c elementor-widget elementor-widget-breadcrumbs\" data-id=\"7c6b08c\" data-element_type=\"widget\" data-settings=\"{&quot;ekit_we_effect_on&quot;:&quot;none&quot;}\" data-widget_type=\"breadcrumbs.default\">\n\t\t\t\t<div class=\"elementor-widget-container\">\n\t\t\t<div id=\"breadcrumbs\"><span><span><a href=\"https:\/\/apprende.jalisco.gob.mx\/direccion-educacion-indigena\/\">Inicio<\/a><\/span><\/span><\/div>\t\t<\/div>\n\t\t\t\t<\/div>\n\t\t\t\t\t<\/div>\n\t\t<\/div>\n\t\t\t\t\t\t\t<\/div>\n\t\t<\/section>\n\t\t\t\t<section class=\"elementor-section elementor-top-section elementor-element elementor-element-2496b07 elementor-section-full_width elementor-section-height-default elementor-section-height-default\" data-id=\"2496b07\" data-element_type=\"section\" data-settings=\"{&quot;background_background&quot;:&quot;classic&quot;,&quot;ekit_has_onepagescroll_dot&quot;:&quot;yes&quot;}\">\n\t\t\t\t\t\t<div class=\"elementor-container elementor-column-gap-default\">\n\t\t\t\t\t<div class=\"elementor-column elementor-col-100 elementor-top-column elementor-element elementor-element-abc373b\" data-id=\"abc373b\" data-element_type=\"column\">\n\t\t\t<div class=\"elementor-widget-wrap elementor-element-populated\">\n\t\t\t\t\t\t\t\t<section class=\"elementor-section elementor-inner-section elementor-element elementor-element-82a360c elementor-section-boxed elementor-section-height-default elementor-section-height-default\" data-id=\"82a360c\" data-element_type=\"section\" data-settings=\"{&quot;ekit_has_onepagescroll_dot&quot;:&quot;yes&quot;}\">\n\t\t\t\t\t\t<div class=\"elementor-container elementor-column-gap-default\">\n\t\t\t\t\t<div class=\"elementor-column elementor-col-100 elementor-inner-column elementor-element elementor-element-177f601\" data-id=\"177f601\" data-element_type=\"column\">\n\t\t\t<div class=\"elementor-widget-wrap elementor-element-populated\">\n\t\t\t\t\t\t\t\t<div class=\"elementor-element elementor-element-6db45a8 elementor-widget elementor-widget-heading\" data-id=\"6db45a8\" data-element_type=\"widget\" data-settings=\"{&quot;ekit_we_effect_on&quot;:&quot;none&quot;}\" data-widget_type=\"heading.default\">\n\t\t\t\t<div class=\"elementor-widget-container\">\n\t\t\t<h2 class=\"elementor-heading-title elementor-size-default\">Directorio de Supervisores<\/h2>\t\t<\/div>\n\t\t\t\t<\/div>\n\t\t\t\t<div class=\"elementor-element elementor-element-5487cb7 elementor-widget elementor-widget-text-editor\" data-id=\"5487cb7\" data-element_type=\"widget\" data-settings=\"{&quot;ekit_we_effect_on&quot;:&quot;none&quot;}\" data-widget_type=\"text-editor.default\">\n\t\t\t\t<div class=\"elementor-widget-container\">\n\t\t\t\t\t\t\t<section class=\"elementor-section elementor-top-section elementor-element elementor-element-2171353 elementor-section-boxed elementor-section-height-default elementor-section-height-default\" data-id=\"2171353\" data-element_type=\"section\"><div class=\"elementor-container elementor-column-gap-default\"><div class=\"elementor-column elementor-col-100 elementor-top-column elementor-element elementor-element-59b9a55\" data-id=\"59b9a55\" data-element_type=\"column\"><div class=\"elementor-widget-wrap elementor-element-populated\"><div class=\"elementor-element elementor-element-f9ec233 elementor-widget elementor-widget-heading\" data-id=\"f9ec233\" data-element_type=\"widget\" data-widget_type=\"heading.default\"><div class=\"elementor-widget-container\"><h2 class=\"elementor-heading-title elementor-size-default\">\u00a0<\/h2><\/div><\/div><\/div><\/div><\/div><\/section><section class=\"elementor-section elementor-top-section elementor-element elementor-element-a0d4cdc elementor-section-boxed elementor-section-height-default elementor-section-height-default\" data-id=\"a0d4cdc\" data-element_type=\"section\"><div class=\"elementor-container elementor-column-gap-default\"><div class=\"elementor-column elementor-col-100 elementor-top-column elementor-element elementor-element-1565ce4\" data-id=\"1565ce4\" data-element_type=\"column\"><div class=\"elementor-widget-wrap elementor-element-populated\"><div class=\"elementor-element elementor-element-5194e4a elementor-widget elementor-widget-html\" data-id=\"5194e4a\" data-element_type=\"widget\" data-widget_type=\"html.default\"><div class=\"elementor-widget-container\"><div class=\"table-responsive\"><table class=\"table\"><caption>\u00a0<\/caption><thead><tr><th scope=\"col\">Nombre<\/th><th scope=\"col\">Cargo<\/th><th scope=\"col\">Tel\u00e9fono<\/th><th scope=\"col\">Correo electr\u00f3nico<\/th><\/tr><\/thead><tbody><tr><th scope=\"row\">Mtro. Casiano Lara L\u00f3pez<\/th><td>Jefatura de Zonas de Supervisi\u00f3n Regi\u00f3n Wix\u00e1rica<\/td><td>331-3582-061<\/td><td>larawaw@gmail.com<br \/>jefatura01zonanorte@gmail.com<\/td><\/tr><tr><th scope=\"row\">Mtro. Salvador Chino Chino<\/th><td>Supervisor Zona 001<\/td><td>331-1436-181<\/td><td>uxate-63@hotmail.com<\/td><\/tr><tr><th scope=\"row\">Roberto Bonilla Lara<\/th><td>Encargado de los asuntos de la zona de supervisi\u00f3n 002<\/td><td>331-7554-937<\/td><td>bonillalara71@gmail.com<\/td><\/tr><tr><th scope=\"row\">Francisco Ed\u00e9n de la Cruz<\/th><td>Encargado de los asuntos de la zona de supervisi\u00f3n 003<\/td><td>437-1083-003<\/td><td>supervision003@yahoo.com<\/td><\/tr><tr><th scope=\"row\">Mtro. Gabino Medina Carrillo<\/th><td>Supervisor Zona 004<\/td><td>331-7386-211<\/td><td>hauwemedina@hotmail.com<\/td><\/tr><tr><th scope=\"row\">Mtro. \u00c1ngel Zavala Ramirez<\/th><td>Supervisor Zona 005<\/td><td>333-8204-736<br \/>33 1606-6205<\/td><td>sanmiguel005zavala@gmail.com<br \/>zavala_ramirez@hotmail.com<\/td><\/tr><tr><th scope=\"row\">Santos de la Cruz Valdez<\/th><td>Encargado de los asuntos de la zona de supervisi\u00f3n 006<\/td><td>331-7506-993<\/td><td>santos.de@jalisco.edu.mx<\/td><\/tr><tr><th scope=\"row\">F\u00e9lix Antonio Osorio<\/th><td>Encargado de la jefatura de zonas de supervisi\u00f3n de la Regi\u00f3n Nahua<\/td><td>Ext. 53121 DRSE Autl\u00e1n<br \/>317-1061-038<\/td><td>felix-osorio@supervisores.sej.gob.mx<\/td><\/tr><tr><th scope=\"row\">Mtro. Genaro Ram\u00edrez Hern\u00e1ndez<\/th><td>Encargado de los asuntos de la zona de supervisi\u00f3n 007<\/td><td>317-1133-060<\/td><td>rogena_012267@hotmail.com<\/td><\/tr><tr><th scope=\"row\">Mtro. Armando Mart\u00ednez \u00c1ngeles<\/th><td>Encargado de los asuntos de la zona de supervisi\u00f3n 008<\/td><td>333-5061-719<br \/>357-3846-410<\/td><td>armandomtza@hotmail.com<\/td><\/tr><tr><th scope=\"row\">Mtra. Mar\u00eda de Jes\u00fas Zacarias Leyva<\/th><td>Encargada de los asuntos de preescolar Zona 001<\/td><td>317-8735-718<br \/>357-3846-271<\/td><td>aries_sin03@hotmail.com<\/td><\/tr><\/tbody><\/table><\/div><\/div><\/div><\/div><\/div><\/div><\/section>\t\t\t\t\t\t<\/div>\n\t\t\t\t<\/div>\n\t\t\t\t\t<\/div>\n\t\t<\/div>\n\t\t\t\t\t\t\t<\/div>\n\t\t<\/section>\n\t\t\t\t\t<\/div>\n\t\t<\/div>\n\t\t\t\t\t\t\t<\/div>\n\t\t<\/section>\n\t\t\t\t\t\t\t<\/div>\n\t\t","protected":false},"excerpt":{"rendered":"<p>\u00a0 \u00a0 Nombre Cargo Tel\u00e9fono Correo electr\u00f3nico Mtro. Casiano Lara L\u00f3pez Jefatura de Zonas de Supervisi\u00f3n Regi\u00f3n Wix\u00e1rica 331-3582-061 larawaw@gmail.comjefatura01zonanorte@gmail.com Mtro. Salvador Chino Chino Supervisor Zona 001 331-1436-181 uxate-63@hotmail.com Roberto Bonilla Lara Encargado de los asuntos de la zona de supervisi\u00f3n 002 331-7554-937 bonillalara71@gmail.com Francisco Ed\u00e9n de la Cruz Encargado de los asuntos de la &hellip;<\/p>\n<p class=\"read-more\"> <a class=\"\" href=\"https:\/\/apprende.jalisco.gob.mx\/direccion-educacion-indigena\/directorio-de-supervisores\/\"> <span class=\"screen-reader-text\">Directorio de Supervisores<\/span> Leer m\u00e1s &raquo;<\/a><\/p>\n","protected":false},"author":1,"featured_media":0,"parent":0,"menu_order":0,"comment_status":"closed","ping_status":"closed","template":"","meta":{"_monsterinsights_skip_tracking":false,"_monsterinsights_sitenote_active":false,"_monsterinsights_sitenote_note":"","_monsterinsights_sitenote_category":0,"site-sidebar-layout":"no-sidebar","site-content-layout":"page-builder","ast-site-content-layout":"","site-content-style":"default","site-sidebar-style":"default","ast-global-header-display":"","ast-banner-title-visibility":"","ast-main-header-display":"","ast-hfb-above-header-display":"","ast-hfb-below-header-display":"","ast-hfb-mobile-header-display":"","site-post-title":"disabled","ast-breadcrumbs-content":"","ast-featured-img":"disabled","footer-sml-layout":"","theme-transparent-header-meta":"default","adv-header-id-meta":"","stick-header-meta":"default","header-above-stick-meta":"","header-main-stick-meta":"","header-below-stick-meta":"","astra-migrate-meta-layouts":"","ep_exclude_from_search":false,"footnotes":""},"acf":[],"yoast_head":"<!-- This site is optimized with the Yoast SEO Premium plugin v17.7 (Yoast SEO v21.0) - https:\/\/yoast.com\/wordpress\/plugins\/seo\/ -->\n<title>Directorio de Supervisores - Direcci\u00f3n de Educaci\u00f3n Ind\u00edgena<\/title>\n<meta name=\"robots\" content=\"index, follow, max-snippet:-1, max-image-preview:large, max-video-preview:-1\" \/>\n<link rel=\"canonical\" href=\"https:\/\/apprende.jalisco.gob.mx\/direccion-educacion-indigena\/directorio-de-supervisores\/\" \/>\n<meta property=\"og:locale\" content=\"es_MX\" \/>\n<meta property=\"og:type\" content=\"article\" \/>\n<meta property=\"og:title\" content=\"Directorio de Supervisores\" \/>\n<meta property=\"og:description\" content=\"\u00a0 \u00a0 Nombre Cargo Tel\u00e9fono Correo electr\u00f3nico Mtro. Casiano Lara L\u00f3pez Jefatura de Zonas de Supervisi\u00f3n Regi\u00f3n Wix\u00e1rica 331-3582-061 larawaw@gmail.comjefatura01zonanorte@gmail.com Mtro. Salvador Chino Chino Supervisor Zona 001 331-1436-181 uxate-63@hotmail.com Roberto Bonilla Lara Encargado de los asuntos de la zona de supervisi\u00f3n 002 331-7554-937 bonillalara71@gmail.com Francisco Ed\u00e9n de la Cruz Encargado de los asuntos de la &hellip; Directorio de Supervisores Leer m\u00e1s &raquo;\" \/>\n<meta property=\"og:url\" content=\"https:\/\/apprende.jalisco.gob.mx\/direccion-educacion-indigena\/directorio-de-supervisores\/\" \/>\n<meta property=\"og:site_name\" content=\"Direcci\u00f3n de Educaci\u00f3n Ind\u00edgena\" \/>\n<meta property=\"article:modified_time\" content=\"2025-02-21T14:59:23+00:00\" \/>\n<meta name=\"twitter:card\" content=\"summary_large_image\" \/>\n<meta name=\"twitter:label1\" content=\"Tiempo de lectura\" \/>\n\t<meta name=\"twitter:data1\" content=\"2 minutos\" \/>\n<script type=\"application\/ld+json\" class=\"yoast-schema-graph\">{\"@context\":\"https:\/\/schema.org\",\"@graph\":[{\"@type\":\"WebPage\",\"@id\":\"https:\/\/apprende.jalisco.gob.mx\/direccion-educacion-indigena\/directorio-de-supervisores\/\",\"url\":\"https:\/\/apprende.jalisco.gob.mx\/direccion-educacion-indigena\/directorio-de-supervisores\/\",\"name\":\"Directorio de Supervisores - Direcci\u00f3n de Educaci\u00f3n Ind\u00edgena\",\"isPartOf\":{\"@id\":\"https:\/\/apprende.jalisco.gob.mx\/direccion-educacion-indigena\/#website\"},\"datePublished\":\"2022-09-05T23:26:17+00:00\",\"dateModified\":\"2025-02-21T14:59:23+00:00\",\"breadcrumb\":{\"@id\":\"https:\/\/apprende.jalisco.gob.mx\/direccion-educacion-indigena\/directorio-de-supervisores\/#breadcrumb\"},\"inLanguage\":\"es-MX\",\"potentialAction\":[{\"@type\":\"ReadAction\",\"target\":[\"https:\/\/apprende.jalisco.gob.mx\/direccion-educacion-indigena\/directorio-de-supervisores\/\"]}]},{\"@type\":\"BreadcrumbList\",\"@id\":\"https:\/\/apprende.jalisco.gob.mx\/direccion-educacion-indigena\/directorio-de-supervisores\/#breadcrumb\",\"itemListElement\":[{\"@type\":\"ListItem\",\"position\":1,\"name\":\"Inicio\",\"item\":\"https:\/\/apprende.jalisco.gob.mx\/direccion-educacion-indigena\/\"},{\"@type\":\"ListItem\",\"position\":2,\"name\":\"Directorio de Supervisores\"}]},{\"@type\":\"WebSite\",\"@id\":\"https:\/\/apprende.jalisco.gob.mx\/direccion-educacion-indigena\/#website\",\"url\":\"https:\/\/apprende.jalisco.gob.mx\/direccion-educacion-indigena\/\",\"name\":\"Direcci\u00f3n de Educaci\u00f3n Ind\u00edgena\",\"description\":\"Micrositio\",\"publisher\":{\"@id\":\"https:\/\/apprende.jalisco.gob.mx\/direccion-educacion-indigena\/#organization\"},\"potentialAction\":[{\"@type\":\"SearchAction\",\"target\":{\"@type\":\"EntryPoint\",\"urlTemplate\":\"https:\/\/apprende.jalisco.gob.mx\/direccion-educacion-indigena\/?s={search_term_string}\"},\"query-input\":\"required name=search_term_string\"}],\"inLanguage\":\"es-MX\"},{\"@type\":\"Organization\",\"@id\":\"https:\/\/apprende.jalisco.gob.mx\/direccion-educacion-indigena\/#organization\",\"name\":\"Direcci\u00f3n de Educaci\u00f3n Ind\u00edgena\",\"url\":\"https:\/\/apprende.jalisco.gob.mx\/direccion-educacion-indigena\/\",\"logo\":{\"@type\":\"ImageObject\",\"inLanguage\":\"es-MX\",\"@id\":\"https:\/\/apprende.jalisco.gob.mx\/direccion-educacion-indigena\/#\/schema\/logo\/image\/\",\"url\":\"https:\/\/apprende.jalisco.gob.mx\/direccion-educacion-indigena\/wp-content\/uploads\/sites\/8\/2022\/03\/logo-Educacion2025.png\",\"contentUrl\":\"https:\/\/apprende.jalisco.gob.mx\/direccion-educacion-indigena\/wp-content\/uploads\/sites\/8\/2022\/03\/logo-Educacion2025.png\",\"width\":427,\"height\":108,\"caption\":\"Direcci\u00f3n de Educaci\u00f3n Ind\u00edgena\"},\"image\":{\"@id\":\"https:\/\/apprende.jalisco.gob.mx\/direccion-educacion-indigena\/#\/schema\/logo\/image\/\"}}]}<\/script>\n<!-- \/ Yoast SEO Premium plugin. -->","yoast_head_json":{"title":"Directorio de Supervisores - Direcci\u00f3n de Educaci\u00f3n Ind\u00edgena","robots":{"index":"index","follow":"follow","max-snippet":"max-snippet:-1","max-image-preview":"max-image-preview:large","max-video-preview":"max-video-preview:-1"},"canonical":"https:\/\/apprende.jalisco.gob.mx\/direccion-educacion-indigena\/directorio-de-supervisores\/","og_locale":"es_MX","og_type":"article","og_title":"Directorio de Supervisores","og_description":"\u00a0 \u00a0 Nombre Cargo Tel\u00e9fono Correo electr\u00f3nico Mtro. Casiano Lara L\u00f3pez Jefatura de Zonas de Supervisi\u00f3n Regi\u00f3n Wix\u00e1rica 331-3582-061 larawaw@gmail.comjefatura01zonanorte@gmail.com Mtro. Salvador Chino Chino Supervisor Zona 001 331-1436-181 uxate-63@hotmail.com Roberto Bonilla Lara Encargado de los asuntos de la zona de supervisi\u00f3n 002 331-7554-937 bonillalara71@gmail.com Francisco Ed\u00e9n de la Cruz Encargado de los asuntos de la &hellip; Directorio de Supervisores Leer m\u00e1s &raquo;","og_url":"https:\/\/apprende.jalisco.gob.mx\/direccion-educacion-indigena\/directorio-de-supervisores\/","og_site_name":"Direcci\u00f3n de Educaci\u00f3n Ind\u00edgena","article_modified_time":"2025-02-21T14:59:23+00:00","twitter_card":"summary_large_image","twitter_misc":{"Tiempo de lectura":"2 minutos"},"schema":{"@context":"https:\/\/schema.org","@graph":[{"@type":"WebPage","@id":"https:\/\/apprende.jalisco.gob.mx\/direccion-educacion-indigena\/directorio-de-supervisores\/","url":"https:\/\/apprende.jalisco.gob.mx\/direccion-educacion-indigena\/directorio-de-supervisores\/","name":"Directorio de Supervisores - Direcci\u00f3n de Educaci\u00f3n Ind\u00edgena","isPartOf":{"@id":"https:\/\/apprende.jalisco.gob.mx\/direccion-educacion-indigena\/#website"},"datePublished":"2022-09-05T23:26:17+00:00","dateModified":"2025-02-21T14:59:23+00:00","breadcrumb":{"@id":"https:\/\/apprende.jalisco.gob.mx\/direccion-educacion-indigena\/directorio-de-supervisores\/#breadcrumb"},"inLanguage":"es-MX","potentialAction":[{"@type":"ReadAction","target":["https:\/\/apprende.jalisco.gob.mx\/direccion-educacion-indigena\/directorio-de-supervisores\/"]}]},{"@type":"BreadcrumbList","@id":"https:\/\/apprende.jalisco.gob.mx\/direccion-educacion-indigena\/directorio-de-supervisores\/#breadcrumb","itemListElement":[{"@type":"ListItem","position":1,"name":"Inicio","item":"https:\/\/apprende.jalisco.gob.mx\/direccion-educacion-indigena\/"},{"@type":"ListItem","position":2,"name":"Directorio de Supervisores"}]},{"@type":"WebSite","@id":"https:\/\/apprende.jalisco.gob.mx\/direccion-educacion-indigena\/#website","url":"https:\/\/apprende.jalisco.gob.mx\/direccion-educacion-indigena\/","name":"Direcci\u00f3n de Educaci\u00f3n Ind\u00edgena","description":"Micrositio","publisher":{"@id":"https:\/\/apprende.jalisco.gob.mx\/direccion-educacion-indigena\/#organization"},"potentialAction":[{"@type":"SearchAction","target":{"@type":"EntryPoint","urlTemplate":"https:\/\/apprende.jalisco.gob.mx\/direccion-educacion-indigena\/?s={search_term_string}"},"query-input":"required name=search_term_string"}],"inLanguage":"es-MX"},{"@type":"Organization","@id":"https:\/\/apprende.jalisco.gob.mx\/direccion-educacion-indigena\/#organization","name":"Direcci\u00f3n de Educaci\u00f3n Ind\u00edgena","url":"https:\/\/apprende.jalisco.gob.mx\/direccion-educacion-indigena\/","logo":{"@type":"ImageObject","inLanguage":"es-MX","@id":"https:\/\/apprende.jalisco.gob.mx\/direccion-educacion-indigena\/#\/schema\/logo\/image\/","url":"https:\/\/apprende.jalisco.gob.mx\/direccion-educacion-indigena\/wp-content\/uploads\/sites\/8\/2022\/03\/logo-Educacion2025.png","contentUrl":"https:\/\/apprende.jalisco.gob.mx\/direccion-educacion-indigena\/wp-content\/uploads\/sites\/8\/2022\/03\/logo-Educacion2025.png","width":427,"height":108,"caption":"Direcci\u00f3n de Educaci\u00f3n Ind\u00edgena"},"image":{"@id":"https:\/\/apprende.jalisco.gob.mx\/direccion-educacion-indigena\/#\/schema\/logo\/image\/"}}]}},"_links":{"self":[{"href":"https:\/\/apprende.jalisco.gob.mx\/direccion-educacion-indigena\/wp-json\/wp\/v2\/pages\/2950"}],"collection":[{"href":"https:\/\/apprende.jalisco.gob.mx\/direccion-educacion-indigena\/wp-json\/wp\/v2\/pages"}],"about":[{"href":"https:\/\/apprende.jalisco.gob.mx\/direccion-educacion-indigena\/wp-json\/wp\/v2\/types\/page"}],"author":[{"embeddable":true,"href":"https:\/\/apprende.jalisco.gob.mx\/direccion-educacion-indigena\/wp-json\/wp\/v2\/users\/1"}],"replies":[{"embeddable":true,"href":"https:\/\/apprende.jalisco.gob.mx\/direccion-educacion-indigena\/wp-json\/wp\/v2\/comments?post=2950"}],"version-history":[{"count":18,"href":"https:\/\/apprende.jalisco.gob.mx\/direccion-educacion-indigena\/wp-json\/wp\/v2\/pages\/2950\/revisions"}],"predecessor-version":[{"id":3270,"href":"https:\/\/apprende.jalisco.gob.mx\/direccion-educacion-indigena\/wp-json\/wp\/v2\/pages\/2950\/revisions\/3270"}],"wp:attachment":[{"href":"https:\/\/apprende.jalisco.gob.mx\/direccion-educacion-indigena\/wp-json\/wp\/v2\/media?parent=2950"}],"curies":[{"name":"wp","href":"https:\/\/api.w.org\/{rel}","templated":true}]}}