{"id":3348,"date":"2022-09-27T13:03:54","date_gmt":"2022-09-27T18:03:54","guid":{"rendered":"https:\/\/recrea.jalisco.gob.mx\/direccion-educacion-normal\/?page_id=3348"},"modified":"2025-02-25T11:37:46","modified_gmt":"2025-02-25T17:37:46","slug":"programas","status":"publish","type":"page","link":"https:\/\/apprende.jalisco.gob.mx\/direccion-educacion-normal\/programas\/","title":{"rendered":"Programas"},"content":{"rendered":"\t\t<div data-elementor-type=\"wp-page\" data-elementor-id=\"3348\" class=\"elementor elementor-3348\" data-elementor-post-type=\"page\">\n\t\t\t\t\t\t\t\t\t<section class=\"elementor-section elementor-top-section elementor-element elementor-element-90e1ac2 elementor-section-boxed elementor-section-height-default elementor-section-height-default\" data-id=\"90e1ac2\" data-element_type=\"section\" data-settings=\"{&quot;ekit_has_onepagescroll_dot&quot;:&quot;yes&quot;}\">\n\t\t\t\t\t\t<div class=\"elementor-container elementor-column-gap-default\">\n\t\t\t\t\t<div class=\"elementor-column elementor-col-100 elementor-top-column elementor-element elementor-element-e1a6d5c\" data-id=\"e1a6d5c\" data-element_type=\"column\">\n\t\t\t<div class=\"elementor-widget-wrap elementor-element-populated\">\n\t\t\t\t\t\t\t\t<div class=\"elementor-element elementor-element-feb4731 elementor-widget elementor-widget-breadcrumbs\" data-id=\"feb4731\" data-element_type=\"widget\" data-settings=\"{&quot;ekit_we_effect_on&quot;:&quot;none&quot;}\" data-widget_type=\"breadcrumbs.default\">\n\t\t\t\t<div class=\"elementor-widget-container\">\n\t\t\t<div id=\"breadcrumbs\"><span><span><a href=\"https:\/\/apprende.jalisco.gob.mx\/direccion-educacion-normal\/\">Inicio<\/a><\/span><\/span><\/div>\t\t<\/div>\n\t\t\t\t<\/div>\n\t\t\t\t\t<\/div>\n\t\t<\/div>\n\t\t\t\t\t\t\t<\/div>\n\t\t<\/section>\n\t\t\t\t<section class=\"elementor-section elementor-top-section elementor-element elementor-element-f598b9d elementor-section-boxed elementor-section-height-default elementor-section-height-default\" data-id=\"f598b9d\" data-element_type=\"section\" data-settings=\"{&quot;ekit_has_onepagescroll_dot&quot;:&quot;yes&quot;}\">\n\t\t\t\t\t\t<div class=\"elementor-container elementor-column-gap-default\">\n\t\t\t\t\t<div class=\"elementor-column elementor-col-100 elementor-top-column elementor-element elementor-element-4e47999\" data-id=\"4e47999\" data-element_type=\"column\">\n\t\t\t<div class=\"elementor-widget-wrap elementor-element-populated\">\n\t\t\t\t\t\t\t\t<div class=\"elementor-element elementor-element-19eac19 elementor-widget elementor-widget-heading\" data-id=\"19eac19\" data-element_type=\"widget\" data-settings=\"{&quot;ekit_we_effect_on&quot;:&quot;none&quot;}\" data-widget_type=\"heading.default\">\n\t\t\t\t<div class=\"elementor-widget-container\">\n\t\t\t<h2 class=\"elementor-heading-title elementor-size-default\">Programas<\/h2>\t\t<\/div>\n\t\t\t\t<\/div>\n\t\t\t\t<section class=\"elementor-section elementor-inner-section elementor-element elementor-element-3a3f935 elementor-section-boxed elementor-section-height-default elementor-section-height-default\" data-id=\"3a3f935\" data-element_type=\"section\" id=\"ajedrez\" data-settings=\"{&quot;ekit_has_onepagescroll_dot&quot;:&quot;yes&quot;}\">\n\t\t\t\t\t\t<div class=\"elementor-container elementor-column-gap-default\">\n\t\t\t\t\t<div class=\"elementor-column elementor-col-50 elementor-inner-column elementor-element elementor-element-53890f7\" data-id=\"53890f7\" data-element_type=\"column\">\n\t\t\t<div class=\"elementor-widget-wrap\">\n\t\t\t\t\t\t\t\t\t<\/div>\n\t\t<\/div>\n\t\t\t\t<div class=\"elementor-column elementor-col-50 elementor-inner-column elementor-element elementor-element-c4d8186\" data-id=\"c4d8186\" data-element_type=\"column\">\n\t\t\t<div class=\"elementor-widget-wrap elementor-element-populated\">\n\t\t\t\t\t\t\t\t<div class=\"elementor-element elementor-element-918e4be elementor-widget-mobile_extra__width-initial elementor-widget elementor-widget-text-editor\" data-id=\"918e4be\" data-element_type=\"widget\" data-settings=\"{&quot;ekit_we_effect_on&quot;:&quot;none&quot;}\" data-widget_type=\"text-editor.default\">\n\t\t\t\t<div class=\"elementor-widget-container\">\n\t\t\t\t\t\t\t<p><a href=\"https:\/\/drive.google.com\/drive\/folders\/1NDk6pTut8MfLOburQVjMwwRUKF_6OI7j\" target=\"_blank\" rel=\"noopener\"><span style=\"font-weight: 400;\">Licenciatura en Educaci\u00f3n Especial<\/span><\/a><br \/><a href=\"https:\/\/drive.google.com\/drive\/folders\/1E7jssUmsM-nrlWxyvvSn7ccJyq_9mwGF\" target=\"_blank\" rel=\"noopener\"><span style=\"font-weight: 400;\">Licenciatura en Ense\u00f1anza y Aprendizaje de la Geograf\u00eda<\/span><\/a><br \/><a href=\"https:\/\/drive.google.com\/drive\/folders\/1JNzNovMgufFxU9u0_09upA_uL5JkqEip\" target=\"_blank\" rel=\"noopener\"><span style=\"font-weight: 400;\">Licenciatura en Educaci\u00f3n F\u00edsica<\/span><\/a><br \/><a href=\"https:\/\/drive.google.com\/drive\/folders\/1baFbTHxFYijZ3XfyjHpSZ_hmp03QpbMy\" target=\"_blank\" rel=\"noopener\"><span style=\"font-weight: 400;\">Licenciatura en Inclusi\u00f3n Educativa<\/span><\/a><br \/><a href=\"https:\/\/drive.google.com\/drive\/folders\/1t6GogKxb3ns5269lPerJC4MjrRHWr590\" target=\"_blank\" rel=\"noopener\"><span style=\"font-weight: 400;\">Licenciatura en Educaci\u00f3n Inicial<\/span><\/a><br \/><a href=\"https:\/\/drive.google.com\/drive\/folders\/1VXPzTyL4I71_X4e6nU374VC4YbAnGnax\" target=\"_blank\" rel=\"noopener\"><span style=\"font-weight: 400;\">Licenciatura en Educaci\u00f3n Preescolar<\/span><\/a><br \/><a href=\"https:\/\/drive.google.com\/drive\/folders\/1MvmGXoxug5ykGjc_PELyNlqqP-V0CPjB\" target=\"_blank\" rel=\"noopener\"><span style=\"font-weight: 400;\">Licenciatura en Ense\u00f1anza y Aprendizaje del Espa\u00f1ol<\/span><\/a><br \/><a href=\"https:\/\/drive.google.com\/drive\/folders\/1-P8mRQKTwD4-dC_kScCBghs18RyhjkHb\" target=\"_blank\" rel=\"noopener\"><span style=\"font-weight: 400;\">Licenciatura en Ense\u00f1anza y Aprendizaje de la Qu\u00edmica<\/span><\/a><br \/><a href=\"https:\/\/drive.google.com\/drive\/folders\/1PObupb-3lwp1ONyyXi2GCritOinJ6v2g\" target=\"_blank\" rel=\"noopener\"><span style=\"font-weight: 400;\">Licenciatura en Ense\u00f1anza y Aprendizaje de La Formaci\u00f3n \u00c9tica y Ciudadana<\/span><\/a><br \/><a href=\"https:\/\/drive.google.com\/drive\/folders\/1khn6GnwroP9FoozO-qLWAtPqwE_xWxNZ\" target=\"_blank\" rel=\"noopener\"><span style=\"font-weight: 400;\">Licenciatura en Educaci\u00f3n Preescolar Intercultural Pluriling\u00fce y Comunitaria<\/span><\/a><br \/><a href=\"https:\/\/drive.google.com\/drive\/folders\/1ofF31wPZRh2aiX8aCD2vNTq93L5hfznm\" target=\"_blank\" rel=\"noopener\"><span style=\"font-weight: 400;\">Licenciatura en Ense\u00f1anza y Aprendizaje de las Matem\u00e1ticas<\/span><\/a><br \/><a href=\"https:\/\/drive.google.com\/drive\/folders\/14r-NmENBYC2x1bYyFic7ymM3heuZc5hl\" target=\"_blank\" rel=\"noopener\"><span style=\"font-weight: 400;\">Licenciatura en Educaci\u00f3n Primaria Intercultural Pluriling\u00fce y Comunitaria<\/span><\/a><br \/><a href=\"https:\/\/drive.google.com\/drive\/folders\/1oIQ7kBIaIE6S-NdpZdC4qxA1GaiiL1_i\" target=\"_blank\" rel=\"noopener\"><span style=\"font-weight: 400;\">Licenciatura en Ense\u00f1anza y Aprendizaje en Telesecundaria<\/span><\/a><br \/><a href=\"https:\/\/drive.google.com\/drive\/folders\/17mwUlgCcrP3z_JsWf0bzhxdv1PDxvRiv\" target=\"_blank\" rel=\"noopener\"><span style=\"font-weight: 400;\">Licenciatura en Educaci\u00f3n Primaria<\/span><\/a><br \/><a href=\"https:\/\/drive.google.com\/drive\/folders\/1yauNJQ6mUi3-ce0796JBy9PbqYCczMog\" target=\"_blank\" rel=\"noopener\"><span style=\"font-weight: 400;\">Licenciatura en Ense\u00f1anza y Aprendizaje de la Historia<\/span><\/a><br \/><a href=\"https:\/\/drive.google.com\/drive\/folders\/1Dych3Q2pUq2LL52rfXbu9CfZfIEbFLBZ\" target=\"_blank\" rel=\"noopener\"><span style=\"font-weight: 400;\">Licenciatura en Ense\u00f1anza y Aprendizaje de la F\u00edsica<\/span><\/a><br \/><a href=\"https:\/\/drive.google.com\/drive\/folders\/1ZC4nQ_bGE1Ec5LbZr4FIdpCY_WcAAvR8\" target=\"_blank\" rel=\"noopener\"><span style=\"font-weight: 400;\">Licenciatura en Ense\u00f1anza y Aprendizaje de la Biolog\u00eda<\/span><\/a><br \/><a href=\"https:\/\/drive.google.com\/drive\/folders\/1q73Jye4ZCGL1vPrIsiuXTerzIps5NmJm\" target=\"_blank\" rel=\"noopener\"><span style=\"font-weight: 400;\">Licenciatura en Ense\u00f1anza y Aprendizaje del Ingl\u00e9s<\/span><\/a><\/p><p>\u00a0<\/p>\t\t\t\t\t\t<\/div>\n\t\t\t\t<\/div>\n\t\t\t\t\t<\/div>\n\t\t<\/div>\n\t\t\t\t\t\t\t<\/div>\n\t\t<\/section>\n\t\t\t\t\t<\/div>\n\t\t<\/div>\n\t\t\t\t\t\t\t<\/div>\n\t\t<\/section>\n\t\t\t\t\t\t\t<\/div>\n\t\t","protected":false},"excerpt":{"rendered":"<p>Licenciatura en Educaci\u00f3n EspecialLicenciatura en Ense\u00f1anza y Aprendizaje de la Geograf\u00edaLicenciatura en Educaci\u00f3n F\u00edsicaLicenciatura en Inclusi\u00f3n EducativaLicenciatura en Educaci\u00f3n InicialLicenciatura en Educaci\u00f3n PreescolarLicenciatura en Ense\u00f1anza y Aprendizaje del Espa\u00f1olLicenciatura en Ense\u00f1anza y Aprendizaje de la Qu\u00edmicaLicenciatura en Ense\u00f1anza y Aprendizaje de La Formaci\u00f3n \u00c9tica y CiudadanaLicenciatura en Educaci\u00f3n Preescolar Intercultural Pluriling\u00fce y ComunitariaLicenciatura en Ense\u00f1anza &hellip;<\/p>\n<p class=\"read-more\"> <a class=\"\" href=\"https:\/\/apprende.jalisco.gob.mx\/direccion-educacion-normal\/programas\/\"> <span class=\"screen-reader-text\">Programas<\/span> Leer m\u00e1s &raquo;<\/a><\/p>\n","protected":false},"author":1,"featured_media":0,"parent":0,"menu_order":0,"comment_status":"closed","ping_status":"closed","template":"","meta":{"_monsterinsights_skip_tracking":false,"_monsterinsights_sitenote_active":false,"_monsterinsights_sitenote_note":"","_monsterinsights_sitenote_category":0,"site-sidebar-layout":"no-sidebar","site-content-layout":"page-builder","ast-site-content-layout":"","site-content-style":"default","site-sidebar-style":"default","ast-global-header-display":"","ast-banner-title-visibility":"","ast-main-header-display":"","ast-hfb-above-header-display":"","ast-hfb-below-header-display":"","ast-hfb-mobile-header-display":"","site-post-title":"disabled","ast-breadcrumbs-content":"","ast-featured-img":"disabled","footer-sml-layout":"","theme-transparent-header-meta":"","adv-header-id-meta":"","stick-header-meta":"","header-above-stick-meta":"","header-main-stick-meta":"","header-below-stick-meta":"","astra-migrate-meta-layouts":"","ep_exclude_from_search":false,"footnotes":""},"acf":[],"yoast_head":"<!-- This site is optimized with the Yoast SEO Premium plugin v17.7 (Yoast SEO v21.0) - https:\/\/yoast.com\/wordpress\/plugins\/seo\/ -->\n<title>Programas - Direcci\u00f3n de Educaci\u00f3n Normal<\/title>\n<meta name=\"robots\" content=\"index, follow, max-snippet:-1, max-image-preview:large, max-video-preview:-1\" \/>\n<link rel=\"canonical\" href=\"https:\/\/apprende.jalisco.gob.mx\/direccion-educacion-normal\/programas\/\" \/>\n<meta property=\"og:locale\" content=\"es_MX\" \/>\n<meta property=\"og:type\" content=\"article\" \/>\n<meta property=\"og:title\" content=\"Programas\" \/>\n<meta property=\"og:description\" content=\"Licenciatura en Educaci\u00f3n EspecialLicenciatura en Ense\u00f1anza y Aprendizaje de la Geograf\u00edaLicenciatura en Educaci\u00f3n F\u00edsicaLicenciatura en Inclusi\u00f3n EducativaLicenciatura en Educaci\u00f3n InicialLicenciatura en Educaci\u00f3n PreescolarLicenciatura en Ense\u00f1anza y Aprendizaje del Espa\u00f1olLicenciatura en Ense\u00f1anza y Aprendizaje de la Qu\u00edmicaLicenciatura en Ense\u00f1anza y Aprendizaje de La Formaci\u00f3n \u00c9tica y CiudadanaLicenciatura en Educaci\u00f3n Preescolar Intercultural Pluriling\u00fce y ComunitariaLicenciatura en Ense\u00f1anza &hellip; Programas Leer m\u00e1s &raquo;\" \/>\n<meta property=\"og:url\" content=\"https:\/\/apprende.jalisco.gob.mx\/direccion-educacion-normal\/programas\/\" \/>\n<meta property=\"og:site_name\" content=\"Direcci\u00f3n de Educaci\u00f3n Normal\" \/>\n<meta property=\"article:modified_time\" content=\"2025-02-25T17:37:46+00:00\" \/>\n<meta name=\"twitter:card\" content=\"summary_large_image\" \/>\n<meta name=\"twitter:label1\" content=\"Tiempo de lectura\" \/>\n\t<meta name=\"twitter:data1\" content=\"1 minuto\" \/>\n<script type=\"application\/ld+json\" class=\"yoast-schema-graph\">{\"@context\":\"https:\/\/schema.org\",\"@graph\":[{\"@type\":\"WebPage\",\"@id\":\"https:\/\/apprende.jalisco.gob.mx\/direccion-educacion-normal\/programas\/\",\"url\":\"https:\/\/apprende.jalisco.gob.mx\/direccion-educacion-normal\/programas\/\",\"name\":\"Programas - Direcci\u00f3n de Educaci\u00f3n Normal\",\"isPartOf\":{\"@id\":\"https:\/\/apprende.jalisco.gob.mx\/direccion-educacion-normal\/#website\"},\"datePublished\":\"2022-09-27T18:03:54+00:00\",\"dateModified\":\"2025-02-25T17:37:46+00:00\",\"breadcrumb\":{\"@id\":\"https:\/\/apprende.jalisco.gob.mx\/direccion-educacion-normal\/programas\/#breadcrumb\"},\"inLanguage\":\"es-MX\",\"potentialAction\":[{\"@type\":\"ReadAction\",\"target\":[\"https:\/\/apprende.jalisco.gob.mx\/direccion-educacion-normal\/programas\/\"]}]},{\"@type\":\"BreadcrumbList\",\"@id\":\"https:\/\/apprende.jalisco.gob.mx\/direccion-educacion-normal\/programas\/#breadcrumb\",\"itemListElement\":[{\"@type\":\"ListItem\",\"position\":1,\"name\":\"Inicio\",\"item\":\"https:\/\/apprende.jalisco.gob.mx\/direccion-educacion-normal\/\"},{\"@type\":\"ListItem\",\"position\":2,\"name\":\"Programas\"}]},{\"@type\":\"WebSite\",\"@id\":\"https:\/\/apprende.jalisco.gob.mx\/direccion-educacion-normal\/#website\",\"url\":\"https:\/\/apprende.jalisco.gob.mx\/direccion-educacion-normal\/\",\"name\":\"Direcci\u00f3n de Educaci\u00f3n Normal\",\"description\":\"Micrositio\",\"publisher\":{\"@id\":\"https:\/\/apprende.jalisco.gob.mx\/direccion-educacion-normal\/#organization\"},\"potentialAction\":[{\"@type\":\"SearchAction\",\"target\":{\"@type\":\"EntryPoint\",\"urlTemplate\":\"https:\/\/apprende.jalisco.gob.mx\/direccion-educacion-normal\/?s={search_term_string}\"},\"query-input\":\"required name=search_term_string\"}],\"inLanguage\":\"es-MX\"},{\"@type\":\"Organization\",\"@id\":\"https:\/\/apprende.jalisco.gob.mx\/direccion-educacion-normal\/#organization\",\"name\":\"Direcci\u00f3n de Educaci\u00f3n Normal\",\"url\":\"https:\/\/apprende.jalisco.gob.mx\/direccion-educacion-normal\/\",\"logo\":{\"@type\":\"ImageObject\",\"inLanguage\":\"es-MX\",\"@id\":\"https:\/\/apprende.jalisco.gob.mx\/direccion-educacion-normal\/#\/schema\/logo\/image\/\",\"url\":\"https:\/\/apprende.jalisco.gob.mx\/direccion-educacion-normal\/wp-content\/uploads\/sites\/29\/2022\/03\/logo-Educacion2025.png\",\"contentUrl\":\"https:\/\/apprende.jalisco.gob.mx\/direccion-educacion-normal\/wp-content\/uploads\/sites\/29\/2022\/03\/logo-Educacion2025.png\",\"width\":427,\"height\":108,\"caption\":\"Direcci\u00f3n de Educaci\u00f3n Normal\"},\"image\":{\"@id\":\"https:\/\/apprende.jalisco.gob.mx\/direccion-educacion-normal\/#\/schema\/logo\/image\/\"}}]}<\/script>\n<!-- \/ Yoast SEO Premium plugin. -->","yoast_head_json":{"title":"Programas - Direcci\u00f3n de Educaci\u00f3n Normal","robots":{"index":"index","follow":"follow","max-snippet":"max-snippet:-1","max-image-preview":"max-image-preview:large","max-video-preview":"max-video-preview:-1"},"canonical":"https:\/\/apprende.jalisco.gob.mx\/direccion-educacion-normal\/programas\/","og_locale":"es_MX","og_type":"article","og_title":"Programas","og_description":"Licenciatura en Educaci\u00f3n EspecialLicenciatura en Ense\u00f1anza y Aprendizaje de la Geograf\u00edaLicenciatura en Educaci\u00f3n F\u00edsicaLicenciatura en Inclusi\u00f3n EducativaLicenciatura en Educaci\u00f3n InicialLicenciatura en Educaci\u00f3n PreescolarLicenciatura en Ense\u00f1anza y Aprendizaje del Espa\u00f1olLicenciatura en Ense\u00f1anza y Aprendizaje de la Qu\u00edmicaLicenciatura en Ense\u00f1anza y Aprendizaje de La Formaci\u00f3n \u00c9tica y CiudadanaLicenciatura en Educaci\u00f3n Preescolar Intercultural Pluriling\u00fce y ComunitariaLicenciatura en Ense\u00f1anza &hellip; Programas Leer m\u00e1s &raquo;","og_url":"https:\/\/apprende.jalisco.gob.mx\/direccion-educacion-normal\/programas\/","og_site_name":"Direcci\u00f3n de Educaci\u00f3n Normal","article_modified_time":"2025-02-25T17:37:46+00:00","twitter_card":"summary_large_image","twitter_misc":{"Tiempo de lectura":"1 minuto"},"schema":{"@context":"https:\/\/schema.org","@graph":[{"@type":"WebPage","@id":"https:\/\/apprende.jalisco.gob.mx\/direccion-educacion-normal\/programas\/","url":"https:\/\/apprende.jalisco.gob.mx\/direccion-educacion-normal\/programas\/","name":"Programas - Direcci\u00f3n de Educaci\u00f3n Normal","isPartOf":{"@id":"https:\/\/apprende.jalisco.gob.mx\/direccion-educacion-normal\/#website"},"datePublished":"2022-09-27T18:03:54+00:00","dateModified":"2025-02-25T17:37:46+00:00","breadcrumb":{"@id":"https:\/\/apprende.jalisco.gob.mx\/direccion-educacion-normal\/programas\/#breadcrumb"},"inLanguage":"es-MX","potentialAction":[{"@type":"ReadAction","target":["https:\/\/apprende.jalisco.gob.mx\/direccion-educacion-normal\/programas\/"]}]},{"@type":"BreadcrumbList","@id":"https:\/\/apprende.jalisco.gob.mx\/direccion-educacion-normal\/programas\/#breadcrumb","itemListElement":[{"@type":"ListItem","position":1,"name":"Inicio","item":"https:\/\/apprende.jalisco.gob.mx\/direccion-educacion-normal\/"},{"@type":"ListItem","position":2,"name":"Programas"}]},{"@type":"WebSite","@id":"https:\/\/apprende.jalisco.gob.mx\/direccion-educacion-normal\/#website","url":"https:\/\/apprende.jalisco.gob.mx\/direccion-educacion-normal\/","name":"Direcci\u00f3n de Educaci\u00f3n Normal","description":"Micrositio","publisher":{"@id":"https:\/\/apprende.jalisco.gob.mx\/direccion-educacion-normal\/#organization"},"potentialAction":[{"@type":"SearchAction","target":{"@type":"EntryPoint","urlTemplate":"https:\/\/apprende.jalisco.gob.mx\/direccion-educacion-normal\/?s={search_term_string}"},"query-input":"required name=search_term_string"}],"inLanguage":"es-MX"},{"@type":"Organization","@id":"https:\/\/apprende.jalisco.gob.mx\/direccion-educacion-normal\/#organization","name":"Direcci\u00f3n de Educaci\u00f3n Normal","url":"https:\/\/apprende.jalisco.gob.mx\/direccion-educacion-normal\/","logo":{"@type":"ImageObject","inLanguage":"es-MX","@id":"https:\/\/apprende.jalisco.gob.mx\/direccion-educacion-normal\/#\/schema\/logo\/image\/","url":"https:\/\/apprende.jalisco.gob.mx\/direccion-educacion-normal\/wp-content\/uploads\/sites\/29\/2022\/03\/logo-Educacion2025.png","contentUrl":"https:\/\/apprende.jalisco.gob.mx\/direccion-educacion-normal\/wp-content\/uploads\/sites\/29\/2022\/03\/logo-Educacion2025.png","width":427,"height":108,"caption":"Direcci\u00f3n de Educaci\u00f3n Normal"},"image":{"@id":"https:\/\/apprende.jalisco.gob.mx\/direccion-educacion-normal\/#\/schema\/logo\/image\/"}}]}},"_links":{"self":[{"href":"https:\/\/apprende.jalisco.gob.mx\/direccion-educacion-normal\/wp-json\/wp\/v2\/pages\/3348"}],"collection":[{"href":"https:\/\/apprende.jalisco.gob.mx\/direccion-educacion-normal\/wp-json\/wp\/v2\/pages"}],"about":[{"href":"https:\/\/apprende.jalisco.gob.mx\/direccion-educacion-normal\/wp-json\/wp\/v2\/types\/page"}],"author":[{"embeddable":true,"href":"https:\/\/apprende.jalisco.gob.mx\/direccion-educacion-normal\/wp-json\/wp\/v2\/users\/1"}],"replies":[{"embeddable":true,"href":"https:\/\/apprende.jalisco.gob.mx\/direccion-educacion-normal\/wp-json\/wp\/v2\/comments?post=3348"}],"version-history":[{"count":41,"href":"https:\/\/apprende.jalisco.gob.mx\/direccion-educacion-normal\/wp-json\/wp\/v2\/pages\/3348\/revisions"}],"predecessor-version":[{"id":4302,"href":"https:\/\/apprende.jalisco.gob.mx\/direccion-educacion-normal\/wp-json\/wp\/v2\/pages\/3348\/revisions\/4302"}],"wp:attachment":[{"href":"https:\/\/apprende.jalisco.gob.mx\/direccion-educacion-normal\/wp-json\/wp\/v2\/media?parent=3348"}],"curies":[{"name":"wp","href":"https:\/\/api.w.org\/{rel}","templated":true}]}}