{"id":3779,"date":"2022-10-11T23:03:21","date_gmt":"2022-10-12T04:03:21","guid":{"rendered":"https:\/\/recrea.jalisco.gob.mx\/direccion-educacion-normal\/?page_id=3779"},"modified":"2024-03-05T11:06:58","modified_gmt":"2024-03-05T17:06:58","slug":"escuelas","status":"publish","type":"page","link":"https:\/\/apprende.jalisco.gob.mx\/direccion-educacion-normal\/escuelas\/","title":{"rendered":"Escuelas"},"content":{"rendered":"\t\t<div data-elementor-type=\"wp-page\" data-elementor-id=\"3779\" class=\"elementor elementor-3779\" data-elementor-post-type=\"page\">\n\t\t\t\t\t\t\t\t\t<section class=\"elementor-section elementor-top-section elementor-element elementor-element-90e1ac2 elementor-section-boxed elementor-section-height-default elementor-section-height-default\" data-id=\"90e1ac2\" data-element_type=\"section\" data-settings=\"{&quot;ekit_has_onepagescroll_dot&quot;:&quot;yes&quot;}\">\n\t\t\t\t\t\t<div class=\"elementor-container elementor-column-gap-default\">\n\t\t\t\t\t<div class=\"elementor-column elementor-col-100 elementor-top-column elementor-element elementor-element-e1a6d5c\" data-id=\"e1a6d5c\" data-element_type=\"column\">\n\t\t\t<div class=\"elementor-widget-wrap elementor-element-populated\">\n\t\t\t\t\t\t\t\t<div class=\"elementor-element elementor-element-feb4731 elementor-widget elementor-widget-breadcrumbs\" data-id=\"feb4731\" data-element_type=\"widget\" data-settings=\"{&quot;ekit_we_effect_on&quot;:&quot;none&quot;}\" data-widget_type=\"breadcrumbs.default\">\n\t\t\t\t<div class=\"elementor-widget-container\">\n\t\t\t<div id=\"breadcrumbs\"><span><span><a href=\"https:\/\/apprende.jalisco.gob.mx\/direccion-educacion-normal\/\">Inicio<\/a><\/span><\/span><\/div>\t\t<\/div>\n\t\t\t\t<\/div>\n\t\t\t\t\t<\/div>\n\t\t<\/div>\n\t\t\t\t\t\t\t<\/div>\n\t\t<\/section>\n\t\t\t\t<section class=\"elementor-section elementor-top-section elementor-element elementor-element-f598b9d elementor-section-boxed elementor-section-height-default elementor-section-height-default\" data-id=\"f598b9d\" data-element_type=\"section\" data-settings=\"{&quot;ekit_has_onepagescroll_dot&quot;:&quot;yes&quot;}\">\n\t\t\t\t\t\t<div class=\"elementor-container elementor-column-gap-default\">\n\t\t\t\t\t<div class=\"elementor-column elementor-col-100 elementor-top-column elementor-element elementor-element-4e47999\" data-id=\"4e47999\" data-element_type=\"column\">\n\t\t\t<div class=\"elementor-widget-wrap elementor-element-populated\">\n\t\t\t\t\t\t\t\t<div class=\"elementor-element elementor-element-19eac19 elementor-widget elementor-widget-heading\" data-id=\"19eac19\" data-element_type=\"widget\" data-settings=\"{&quot;ekit_we_effect_on&quot;:&quot;none&quot;}\" data-widget_type=\"heading.default\">\n\t\t\t\t<div class=\"elementor-widget-container\">\n\t\t\t<h2 class=\"elementor-heading-title elementor-size-default\">Directorio de Escuelas Normales P\u00fablicas y Escuelas Normales Particulares Autorizadas<\/h2>\t\t<\/div>\n\t\t\t\t<\/div>\n\t\t\t\t\t<\/div>\n\t\t<\/div>\n\t\t\t\t\t\t\t<\/div>\n\t\t<\/section>\n\t\t\t\t<section class=\"elementor-section elementor-top-section elementor-element elementor-element-74222d2 elementor-section-boxed elementor-section-height-default elementor-section-height-default\" data-id=\"74222d2\" data-element_type=\"section\" data-settings=\"{&quot;ekit_has_onepagescroll_dot&quot;:&quot;yes&quot;}\">\n\t\t\t\t\t\t<div class=\"elementor-container elementor-column-gap-default\">\n\t\t\t\t\t<div class=\"elementor-column elementor-col-100 elementor-top-column elementor-element elementor-element-44e77a3\" data-id=\"44e77a3\" data-element_type=\"column\">\n\t\t\t<div class=\"elementor-widget-wrap elementor-element-populated\">\n\t\t\t\t\t\t\t\t<div class=\"elementor-element elementor-element-e444590 elementor-widget elementor-widget-toggle\" data-id=\"e444590\" data-element_type=\"widget\" data-settings=\"{&quot;ekit_we_effect_on&quot;:&quot;none&quot;}\" data-widget_type=\"toggle.default\">\n\t\t\t\t<div class=\"elementor-widget-container\">\n\t\t\t\t\t<div class=\"elementor-toggle\">\n\t\t\t\t\t\t\t<div class=\"elementor-toggle-item\">\n\t\t\t\t\t<div id=\"elementor-tab-title-2391\" class=\"elementor-tab-title\" data-tab=\"1\" role=\"button\" aria-controls=\"elementor-tab-content-2391\" aria-expanded=\"false\">\n\t\t\t\t\t\t\t\t\t\t\t\t<span class=\"elementor-toggle-icon elementor-toggle-icon-left\" aria-hidden=\"true\">\n\t\t\t\t\t\t\t\t\t\t\t\t\t\t\t<span class=\"elementor-toggle-icon-closed\"><i class=\"fas fa-caret-right\"><\/i><\/span>\n\t\t\t\t\t\t\t\t<span class=\"elementor-toggle-icon-opened\"><i class=\"elementor-toggle-icon-opened fas fa-caret-up\"><\/i><\/span>\n\t\t\t\t\t\t\t\t\t\t\t\t\t<\/span>\n\t\t\t\t\t\t\t\t\t\t\t\t<a class=\"elementor-toggle-title\" tabindex=\"0\">Escuelas Normales P\u00fablicas<\/a>\n\t\t\t\t\t<\/div>\n\n\t\t\t\t\t<div id=\"elementor-tab-content-2391\" class=\"elementor-tab-content elementor-clearfix\" data-tab=\"1\" role=\"region\" aria-labelledby=\"elementor-tab-title-2391\"><p><strong>Benem\u00e9rita y Centenaria Escuela Normal de Jalisco<\/strong><br \/>Licenciatura en Educaci\u00f3n Primaria<br \/><br \/>Av. Alcalde 1190, Miraflores, 44270 Guadalajara, Jalisco<br \/>33 3853 8129<br \/>33 3853 2893<br \/><br \/><strong>Centro Regional de Educaci\u00f3n Normal<\/strong><br \/>Licenciatura en Educaci\u00f3n Preescolar<br \/>Licenciatura en Educaci\u00f3n Primaria<br \/>Licenciatura en Educaci\u00f3n Especial<\/p><p>Calz. Madero y Carranza 413, Centro, 49000 Ciudad Guzm\u00e1n, Jalisco<br \/>341 413 2829<br \/>341 413 4755<br \/><br \/><strong>Escuela Normal Experimental de Colotl\u00e1n<br \/><\/strong>Licenciatura en Educaci\u00f3n Primaria<\/p><p>Av. del Maestro 50, Centro, 46200 Colotl\u00e1n, Jalisco<br \/>499 992 0657<\/p><p><br \/><strong>Escuela Normal Experimental de San Antonio Matute<\/strong><br \/>Licenciatura en Educaci\u00f3n Primaria<\/p><p>Av. Ni\u00f1os H\u00e9roes 13, 46700 San Antonio Matute, Ameca, Jalisco<br \/>375 758 3044<br \/>375 758 6045<br \/><br \/><strong>Escuela Normal para Educadoras de Arandas<\/strong><br \/>Licenciatura en Educaci\u00f3n Preescolar<br \/>Licenciatura en Educaci\u00f3n Primaria<\/p><p>Felipe \u00c1ngeles 189, de las Am\u00e9ricas, 47183 Arandas, Jalisco<\/p><p>348 783 1030<br \/>348 783 1827<br \/><br \/><strong>Escuela Normal para Educadoras de Guadalajara<\/strong><br \/>Licenciatura en Educaci\u00f3n Preescolar<\/p><p>Sirio 5555, Arboledas, 45070 Zapopan<br \/>33 3631 1832<br \/>33 3632 1675<br \/><br \/><strong>Escuela Normal para Educadoras de Uni\u00f3n de Tula<br \/><\/strong>Licenciatura en Educaci\u00f3n Preescolar<br \/>Licenciatura en Educaci\u00f3n Primaria<\/p><p>Av. M\u00e9xico 345, Lagunillas, 48000 Uni\u00f3n de Tula, Jalisco<br \/>316 371 0393<br \/><br \/><strong>Escuela Normal Rural Miguel Hidalgo<\/strong><br \/>Licenciatura en Educaci\u00f3n Preescolar<br \/>Licenciatura en Educaci\u00f3n Primaria<\/p><p>Calz. Justo Sierra 95, La Floresta, 45860 Atequiza, Jalisco<br \/>376 737 0002<br \/>376 737 2624<\/p><p><strong>Escuela Normal Superior de Especialidades<\/strong><br \/>Licenciatura en Educaci\u00f3n Especial<\/p><p>Francisco Siles 1279, Jardines de Plaza del Sol, 45010 Guadalajara, Jalisco<br \/>33 3121 5896<br \/>33 3122 5271<br \/><br \/><strong>Escuela Normal Superior de Jalisco<\/strong><br \/>Licenciatura en Ense\u00f1anza y Aprendizaje de :<br \/>Espa\u00f1ol<br \/>Ingl\u00e9s<br \/>Qu\u00edmica<br \/>Geograf\u00eda<br \/>Historia<br \/>Matem\u00e1ticas<br \/>Formaci\u00f3n \u00c9tica y Ciudadana<br \/>F\u00edsica<br \/>Biolog\u00eda<\/p><p>Lisboa 488, Sta. Elena Estadio, 44230 Guadalajara, Jalisco<br \/>33 3824 4772<br \/>33 3824 5401<br \/><br \/><strong>Escuela Superior de Educaci\u00f3n F\u00edsica de Jalisco<\/strong><br \/>Licenciatura en Educaci\u00f3n F\u00edsica<\/p><p>Nueva Escocia 1535, Providencia, 44630 Guadalajara, Jalisco<br \/>33 1915 8461<\/p><\/div>\n\t\t\t\t<\/div>\n\t\t\t\t\t\t\t<div class=\"elementor-toggle-item\">\n\t\t\t\t\t<div id=\"elementor-tab-title-2392\" class=\"elementor-tab-title\" data-tab=\"2\" role=\"button\" aria-controls=\"elementor-tab-content-2392\" aria-expanded=\"false\">\n\t\t\t\t\t\t\t\t\t\t\t\t<span class=\"elementor-toggle-icon elementor-toggle-icon-left\" aria-hidden=\"true\">\n\t\t\t\t\t\t\t\t\t\t\t\t\t\t\t<span class=\"elementor-toggle-icon-closed\"><i class=\"fas fa-caret-right\"><\/i><\/span>\n\t\t\t\t\t\t\t\t<span class=\"elementor-toggle-icon-opened\"><i class=\"elementor-toggle-icon-opened fas fa-caret-up\"><\/i><\/span>\n\t\t\t\t\t\t\t\t\t\t\t\t\t<\/span>\n\t\t\t\t\t\t\t\t\t\t\t\t<a class=\"elementor-toggle-title\" tabindex=\"0\">Escuelas Normales Particulares Autorizadas<\/a>\n\t\t\t\t\t<\/div>\n\n\t\t\t\t\t<div id=\"elementor-tab-content-2392\" class=\"elementor-tab-content elementor-clearfix\" data-tab=\"2\" role=\"region\" aria-labelledby=\"elementor-tab-title-2392\"><p><strong>Colegio Decroly<\/strong><br \/>Licenciatura en Educaci\u00f3n Preescolar<br \/>Licenciatura en Educaci\u00f3n Primaria<\/p><p>Madero 483, Zona Centro, Guadalajara, Jalisco<br \/>33 3613 5407<\/p><p><strong>Centro Rural de Educaci\u00f3n Superior Estipac<\/strong><br \/>Licenciatura en Educaci\u00f3n Primaria<\/p><p>La Paz 8, Estipac, Jalisco<br \/>377 774 0257<br \/>377 774 0285<br \/><br \/><strong>Normal Fray Mart\u00edn de Valencia<\/strong><br \/>Licenciatura en Educaci\u00f3n Primaria<\/p><p>Morelos 211, Etzatl\u00e1n, Jalisco<br \/>386 753 0133<br \/>386 753 5064<br \/><br \/><strong>Instituto Am\u00e9rica<\/strong><br \/>Licenciatura en Educaci\u00f3n Preescolar<\/p><p><strong>Escuela Normal Am\u00e9rica<\/strong><br \/>Licenciatura en Educaci\u00f3n Primaria<\/p><p>Galeana 346, Zona Centro, Guadalajara, Jalisco<br \/>33 3614 2425<\/p><p><strong>Juana de Asbaje<\/strong><br \/>Licenciatura en Educaci\u00f3n Preescolar<br \/>Licenciatura en Educaci\u00f3n Primaria<\/p><p>Lucerna 125, Col. D\u00edaz Ordaz, Puerto Vallarta, Jalisco<br \/>322 224 7359<br \/><br \/><strong>Nueva Galicia<\/strong><br \/>Licenciatura en Educaci\u00f3n Preescolar<br \/>Licenciatura en Educaci\u00f3n Primaria<\/p><p>Hidalgo 1083, Col. Centro, Guadalajara, Jalisco<br \/>33 3825 2014<br \/>33 3825 7031<br \/><br \/><strong>Escuela Normal Occidental<\/strong><br \/>Licenciatura en Educaci\u00f3n Primaria<\/p><p>Aurelio L. Gallardo 743, Col. Ladr\u00f3n de Guevara, Guadalajara, Jalisco<br \/>33 3641 3212<br \/>33 3640 1732<\/p><\/div>\n\t\t\t\t<\/div>\n\t\t\t\t\t\t\t\t<\/div>\n\t\t\t\t<\/div>\n\t\t\t\t<\/div>\n\t\t\t\t\t<\/div>\n\t\t<\/div>\n\t\t\t\t\t\t\t<\/div>\n\t\t<\/section>\n\t\t\t\t\t\t\t<\/div>\n\t\t","protected":false},"excerpt":{"rendered":"<p>Directorio de Escuelas Normales P\u00fablicas y Escuelas Normales Particulares Autorizadas Escuelas Normales P\u00fablicas Benem\u00e9rita y Centenaria Escuela Normal de JaliscoLicenciatura en Educaci\u00f3n Primaria Av. Alcalde 1190, Miraflores, 44270 Guadalajara, Jalisco33 3853 812933 3853 2893 Centro Regional de Educaci\u00f3n NormalLicenciatura en Educaci\u00f3n PreescolarLicenciatura en Educaci\u00f3n PrimariaLicenciatura en Educaci\u00f3n Especial Calz. Madero y Carranza 413, Centro, 49000 &hellip;<\/p>\n<p class=\"read-more\"> <a class=\"\" href=\"https:\/\/apprende.jalisco.gob.mx\/direccion-educacion-normal\/escuelas\/\"> <span class=\"screen-reader-text\">Escuelas<\/span> Leer m\u00e1s &raquo;<\/a><\/p>\n","protected":false},"author":1,"featured_media":0,"parent":0,"menu_order":0,"comment_status":"closed","ping_status":"closed","template":"","meta":{"_monsterinsights_skip_tracking":false,"_monsterinsights_sitenote_active":false,"_monsterinsights_sitenote_note":"","_monsterinsights_sitenote_category":0,"site-sidebar-layout":"no-sidebar","site-content-layout":"page-builder","ast-site-content-layout":"","site-content-style":"default","site-sidebar-style":"default","ast-global-header-display":"","ast-banner-title-visibility":"","ast-main-header-display":"","ast-hfb-above-header-display":"","ast-hfb-below-header-display":"","ast-hfb-mobile-header-display":"","site-post-title":"disabled","ast-breadcrumbs-content":"","ast-featured-img":"disabled","footer-sml-layout":"","theme-transparent-header-meta":"","adv-header-id-meta":"","stick-header-meta":"","header-above-stick-meta":"","header-main-stick-meta":"","header-below-stick-meta":"","astra-migrate-meta-layouts":"","ep_exclude_from_search":false,"footnotes":""},"acf":[],"yoast_head":"<!-- This site is optimized with the Yoast SEO Premium plugin v17.7 (Yoast SEO v21.0) - https:\/\/yoast.com\/wordpress\/plugins\/seo\/ -->\n<title>Escuelas - Direcci\u00f3n de Educaci\u00f3n Normal<\/title>\n<meta name=\"robots\" content=\"index, follow, max-snippet:-1, max-image-preview:large, max-video-preview:-1\" \/>\n<link rel=\"canonical\" href=\"https:\/\/apprende.jalisco.gob.mx\/direccion-educacion-normal\/escuelas\/\" \/>\n<meta property=\"og:locale\" content=\"es_MX\" \/>\n<meta property=\"og:type\" content=\"article\" \/>\n<meta property=\"og:title\" content=\"Escuelas\" \/>\n<meta property=\"og:description\" content=\"Directorio de Escuelas Normales P\u00fablicas y Escuelas Normales Particulares Autorizadas Escuelas Normales P\u00fablicas Benem\u00e9rita y Centenaria Escuela Normal de JaliscoLicenciatura en Educaci\u00f3n Primaria Av. Alcalde 1190, Miraflores, 44270 Guadalajara, Jalisco33 3853 812933 3853 2893 Centro Regional de Educaci\u00f3n NormalLicenciatura en Educaci\u00f3n PreescolarLicenciatura en Educaci\u00f3n PrimariaLicenciatura en Educaci\u00f3n Especial Calz. Madero y Carranza 413, Centro, 49000 &hellip; Escuelas Leer m\u00e1s &raquo;\" \/>\n<meta property=\"og:url\" content=\"https:\/\/apprende.jalisco.gob.mx\/direccion-educacion-normal\/escuelas\/\" \/>\n<meta property=\"og:site_name\" content=\"Direcci\u00f3n de Educaci\u00f3n Normal\" \/>\n<meta property=\"article:modified_time\" content=\"2024-03-05T17:06:58+00:00\" \/>\n<meta name=\"twitter:card\" content=\"summary_large_image\" \/>\n<meta name=\"twitter:label1\" content=\"Tiempo de lectura\" \/>\n\t<meta name=\"twitter:data1\" content=\"3 minutos\" \/>\n<script type=\"application\/ld+json\" class=\"yoast-schema-graph\">{\"@context\":\"https:\/\/schema.org\",\"@graph\":[{\"@type\":\"WebPage\",\"@id\":\"https:\/\/apprende.jalisco.gob.mx\/direccion-educacion-normal\/escuelas\/\",\"url\":\"https:\/\/apprende.jalisco.gob.mx\/direccion-educacion-normal\/escuelas\/\",\"name\":\"Escuelas - Direcci\u00f3n de Educaci\u00f3n Normal\",\"isPartOf\":{\"@id\":\"https:\/\/apprende.jalisco.gob.mx\/direccion-educacion-normal\/#website\"},\"datePublished\":\"2022-10-12T04:03:21+00:00\",\"dateModified\":\"2024-03-05T17:06:58+00:00\",\"breadcrumb\":{\"@id\":\"https:\/\/apprende.jalisco.gob.mx\/direccion-educacion-normal\/escuelas\/#breadcrumb\"},\"inLanguage\":\"es-MX\",\"potentialAction\":[{\"@type\":\"ReadAction\",\"target\":[\"https:\/\/apprende.jalisco.gob.mx\/direccion-educacion-normal\/escuelas\/\"]}]},{\"@type\":\"BreadcrumbList\",\"@id\":\"https:\/\/apprende.jalisco.gob.mx\/direccion-educacion-normal\/escuelas\/#breadcrumb\",\"itemListElement\":[{\"@type\":\"ListItem\",\"position\":1,\"name\":\"Inicio\",\"item\":\"https:\/\/apprende.jalisco.gob.mx\/direccion-educacion-normal\/\"},{\"@type\":\"ListItem\",\"position\":2,\"name\":\"Escuelas\"}]},{\"@type\":\"WebSite\",\"@id\":\"https:\/\/apprende.jalisco.gob.mx\/direccion-educacion-normal\/#website\",\"url\":\"https:\/\/apprende.jalisco.gob.mx\/direccion-educacion-normal\/\",\"name\":\"Direcci\u00f3n de Educaci\u00f3n Normal\",\"description\":\"Micrositio\",\"publisher\":{\"@id\":\"https:\/\/apprende.jalisco.gob.mx\/direccion-educacion-normal\/#organization\"},\"potentialAction\":[{\"@type\":\"SearchAction\",\"target\":{\"@type\":\"EntryPoint\",\"urlTemplate\":\"https:\/\/apprende.jalisco.gob.mx\/direccion-educacion-normal\/?s={search_term_string}\"},\"query-input\":\"required name=search_term_string\"}],\"inLanguage\":\"es-MX\"},{\"@type\":\"Organization\",\"@id\":\"https:\/\/apprende.jalisco.gob.mx\/direccion-educacion-normal\/#organization\",\"name\":\"Direcci\u00f3n de Educaci\u00f3n Normal\",\"url\":\"https:\/\/apprende.jalisco.gob.mx\/direccion-educacion-normal\/\",\"logo\":{\"@type\":\"ImageObject\",\"inLanguage\":\"es-MX\",\"@id\":\"https:\/\/apprende.jalisco.gob.mx\/direccion-educacion-normal\/#\/schema\/logo\/image\/\",\"url\":\"https:\/\/apprende.jalisco.gob.mx\/direccion-educacion-normal\/wp-content\/uploads\/sites\/29\/2022\/03\/logo-Educacion2025.png\",\"contentUrl\":\"https:\/\/apprende.jalisco.gob.mx\/direccion-educacion-normal\/wp-content\/uploads\/sites\/29\/2022\/03\/logo-Educacion2025.png\",\"width\":427,\"height\":108,\"caption\":\"Direcci\u00f3n de Educaci\u00f3n Normal\"},\"image\":{\"@id\":\"https:\/\/apprende.jalisco.gob.mx\/direccion-educacion-normal\/#\/schema\/logo\/image\/\"}}]}<\/script>\n<!-- \/ Yoast SEO Premium plugin. -->","yoast_head_json":{"title":"Escuelas - Direcci\u00f3n de Educaci\u00f3n Normal","robots":{"index":"index","follow":"follow","max-snippet":"max-snippet:-1","max-image-preview":"max-image-preview:large","max-video-preview":"max-video-preview:-1"},"canonical":"https:\/\/apprende.jalisco.gob.mx\/direccion-educacion-normal\/escuelas\/","og_locale":"es_MX","og_type":"article","og_title":"Escuelas","og_description":"Directorio de Escuelas Normales P\u00fablicas y Escuelas Normales Particulares Autorizadas Escuelas Normales P\u00fablicas Benem\u00e9rita y Centenaria Escuela Normal de JaliscoLicenciatura en Educaci\u00f3n Primaria Av. Alcalde 1190, Miraflores, 44270 Guadalajara, Jalisco33 3853 812933 3853 2893 Centro Regional de Educaci\u00f3n NormalLicenciatura en Educaci\u00f3n PreescolarLicenciatura en Educaci\u00f3n PrimariaLicenciatura en Educaci\u00f3n Especial Calz. Madero y Carranza 413, Centro, 49000 &hellip; Escuelas Leer m\u00e1s &raquo;","og_url":"https:\/\/apprende.jalisco.gob.mx\/direccion-educacion-normal\/escuelas\/","og_site_name":"Direcci\u00f3n de Educaci\u00f3n Normal","article_modified_time":"2024-03-05T17:06:58+00:00","twitter_card":"summary_large_image","twitter_misc":{"Tiempo de lectura":"3 minutos"},"schema":{"@context":"https:\/\/schema.org","@graph":[{"@type":"WebPage","@id":"https:\/\/apprende.jalisco.gob.mx\/direccion-educacion-normal\/escuelas\/","url":"https:\/\/apprende.jalisco.gob.mx\/direccion-educacion-normal\/escuelas\/","name":"Escuelas - Direcci\u00f3n de Educaci\u00f3n Normal","isPartOf":{"@id":"https:\/\/apprende.jalisco.gob.mx\/direccion-educacion-normal\/#website"},"datePublished":"2022-10-12T04:03:21+00:00","dateModified":"2024-03-05T17:06:58+00:00","breadcrumb":{"@id":"https:\/\/apprende.jalisco.gob.mx\/direccion-educacion-normal\/escuelas\/#breadcrumb"},"inLanguage":"es-MX","potentialAction":[{"@type":"ReadAction","target":["https:\/\/apprende.jalisco.gob.mx\/direccion-educacion-normal\/escuelas\/"]}]},{"@type":"BreadcrumbList","@id":"https:\/\/apprende.jalisco.gob.mx\/direccion-educacion-normal\/escuelas\/#breadcrumb","itemListElement":[{"@type":"ListItem","position":1,"name":"Inicio","item":"https:\/\/apprende.jalisco.gob.mx\/direccion-educacion-normal\/"},{"@type":"ListItem","position":2,"name":"Escuelas"}]},{"@type":"WebSite","@id":"https:\/\/apprende.jalisco.gob.mx\/direccion-educacion-normal\/#website","url":"https:\/\/apprende.jalisco.gob.mx\/direccion-educacion-normal\/","name":"Direcci\u00f3n de Educaci\u00f3n Normal","description":"Micrositio","publisher":{"@id":"https:\/\/apprende.jalisco.gob.mx\/direccion-educacion-normal\/#organization"},"potentialAction":[{"@type":"SearchAction","target":{"@type":"EntryPoint","urlTemplate":"https:\/\/apprende.jalisco.gob.mx\/direccion-educacion-normal\/?s={search_term_string}"},"query-input":"required name=search_term_string"}],"inLanguage":"es-MX"},{"@type":"Organization","@id":"https:\/\/apprende.jalisco.gob.mx\/direccion-educacion-normal\/#organization","name":"Direcci\u00f3n de Educaci\u00f3n Normal","url":"https:\/\/apprende.jalisco.gob.mx\/direccion-educacion-normal\/","logo":{"@type":"ImageObject","inLanguage":"es-MX","@id":"https:\/\/apprende.jalisco.gob.mx\/direccion-educacion-normal\/#\/schema\/logo\/image\/","url":"https:\/\/apprende.jalisco.gob.mx\/direccion-educacion-normal\/wp-content\/uploads\/sites\/29\/2022\/03\/logo-Educacion2025.png","contentUrl":"https:\/\/apprende.jalisco.gob.mx\/direccion-educacion-normal\/wp-content\/uploads\/sites\/29\/2022\/03\/logo-Educacion2025.png","width":427,"height":108,"caption":"Direcci\u00f3n de Educaci\u00f3n Normal"},"image":{"@id":"https:\/\/apprende.jalisco.gob.mx\/direccion-educacion-normal\/#\/schema\/logo\/image\/"}}]}},"_links":{"self":[{"href":"https:\/\/apprende.jalisco.gob.mx\/direccion-educacion-normal\/wp-json\/wp\/v2\/pages\/3779"}],"collection":[{"href":"https:\/\/apprende.jalisco.gob.mx\/direccion-educacion-normal\/wp-json\/wp\/v2\/pages"}],"about":[{"href":"https:\/\/apprende.jalisco.gob.mx\/direccion-educacion-normal\/wp-json\/wp\/v2\/types\/page"}],"author":[{"embeddable":true,"href":"https:\/\/apprende.jalisco.gob.mx\/direccion-educacion-normal\/wp-json\/wp\/v2\/users\/1"}],"replies":[{"embeddable":true,"href":"https:\/\/apprende.jalisco.gob.mx\/direccion-educacion-normal\/wp-json\/wp\/v2\/comments?post=3779"}],"version-history":[{"count":10,"href":"https:\/\/apprende.jalisco.gob.mx\/direccion-educacion-normal\/wp-json\/wp\/v2\/pages\/3779\/revisions"}],"predecessor-version":[{"id":4112,"href":"https:\/\/apprende.jalisco.gob.mx\/direccion-educacion-normal\/wp-json\/wp\/v2\/pages\/3779\/revisions\/4112"}],"wp:attachment":[{"href":"https:\/\/apprende.jalisco.gob.mx\/direccion-educacion-normal\/wp-json\/wp\/v2\/media?parent=3779"}],"curies":[{"name":"wp","href":"https:\/\/api.w.org\/{rel}","templated":true}]}}