{"id":4149,"date":"2024-03-18T19:18:05","date_gmt":"2024-03-19T01:18:05","guid":{"rendered":"https:\/\/recrea.jalisco.gob.mx\/direccion-educacion-normal\/?page_id=4149"},"modified":"2025-10-21T08:42:26","modified_gmt":"2025-10-21T14:42:26","slug":"registro-de-titulo","status":"publish","type":"page","link":"https:\/\/apprende.jalisco.gob.mx\/direccion-educacion-normal\/registro-de-titulo\/","title":{"rendered":"Registro de T\u00edtulo"},"content":{"rendered":"\t\t<div data-elementor-type=\"wp-page\" data-elementor-id=\"4149\" class=\"elementor elementor-4149\" data-elementor-post-type=\"page\">\n\t\t\t\t\t\t\t\t\t<section class=\"elementor-section elementor-top-section elementor-element elementor-element-90e1ac2 elementor-section-boxed elementor-section-height-default elementor-section-height-default\" data-id=\"90e1ac2\" data-element_type=\"section\" data-settings=\"{&quot;ekit_has_onepagescroll_dot&quot;:&quot;yes&quot;}\">\n\t\t\t\t\t\t<div class=\"elementor-container elementor-column-gap-default\">\n\t\t\t\t\t<div class=\"elementor-column elementor-col-100 elementor-top-column elementor-element elementor-element-e1a6d5c\" data-id=\"e1a6d5c\" data-element_type=\"column\">\n\t\t\t<div class=\"elementor-widget-wrap elementor-element-populated\">\n\t\t\t\t\t\t\t\t<div class=\"elementor-element elementor-element-feb4731 elementor-widget elementor-widget-breadcrumbs\" data-id=\"feb4731\" data-element_type=\"widget\" data-settings=\"{&quot;ekit_we_effect_on&quot;:&quot;none&quot;}\" data-widget_type=\"breadcrumbs.default\">\n\t\t\t\t<div class=\"elementor-widget-container\">\n\t\t\t<div id=\"breadcrumbs\"><span><span><a href=\"https:\/\/apprende.jalisco.gob.mx\/direccion-educacion-normal\/\">Inicio<\/a><\/span><\/span><\/div>\t\t<\/div>\n\t\t\t\t<\/div>\n\t\t\t\t\t<\/div>\n\t\t<\/div>\n\t\t\t\t\t\t\t<\/div>\n\t\t<\/section>\n\t\t\t\t<section class=\"elementor-section elementor-top-section elementor-element elementor-element-f598b9d elementor-section-boxed elementor-section-height-default elementor-section-height-default\" data-id=\"f598b9d\" data-element_type=\"section\" data-settings=\"{&quot;ekit_has_onepagescroll_dot&quot;:&quot;yes&quot;}\">\n\t\t\t\t\t\t<div class=\"elementor-container elementor-column-gap-default\">\n\t\t\t\t\t<div class=\"elementor-column elementor-col-100 elementor-top-column elementor-element elementor-element-4e47999\" data-id=\"4e47999\" data-element_type=\"column\">\n\t\t\t<div class=\"elementor-widget-wrap elementor-element-populated\">\n\t\t\t\t\t\t\t\t<div class=\"elementor-element elementor-element-19eac19 elementor-widget elementor-widget-heading\" data-id=\"19eac19\" data-element_type=\"widget\" data-settings=\"{&quot;ekit_we_effect_on&quot;:&quot;none&quot;}\" data-widget_type=\"heading.default\">\n\t\t\t\t<div class=\"elementor-widget-container\">\n\t\t\t<h2 class=\"elementor-heading-title elementor-size-default\">Registro de T\u00edtulo<\/h2>\t\t<\/div>\n\t\t\t\t<\/div>\n\t\t\t\t<section class=\"elementor-section elementor-inner-section elementor-element elementor-element-05c2f82 elementor-section-boxed elementor-section-height-default elementor-section-height-default\" data-id=\"05c2f82\" data-element_type=\"section\" data-settings=\"{&quot;ekit_has_onepagescroll_dot&quot;:&quot;yes&quot;}\">\n\t\t\t\t\t\t<div class=\"elementor-container elementor-column-gap-default\">\n\t\t\t\t\t<div class=\"elementor-column elementor-col-100 elementor-inner-column elementor-element elementor-element-af6fda7\" data-id=\"af6fda7\" data-element_type=\"column\">\n\t\t\t<div class=\"elementor-widget-wrap elementor-element-populated\">\n\t\t\t\t\t\t\t\t<div class=\"elementor-element elementor-element-017d999 elementor-widget elementor-widget-text-editor\" data-id=\"017d999\" data-element_type=\"widget\" data-settings=\"{&quot;ekit_we_effect_on&quot;:&quot;none&quot;}\" data-widget_type=\"text-editor.default\">\n\t\t\t\t<div class=\"elementor-widget-container\">\n\t\t\t\t\t\t\t<p><span style=\"font-weight: 400;\">El <\/span><b>presente formulario<\/b><span style=\"font-weight: 400;\"> tiene como prop\u00f3sito <\/span><b>recabar<\/b><span style=\"font-weight: 400;\"> la informaci\u00f3n elemental para <\/span><b>efectuar el registro<\/b><span style=\"font-weight: 400;\"> del T\u00edtulo expedido en <\/span><b>formato f\u00edsico<\/b><span style=\"font-weight: 400;\"> (dirigido a documentos emitidos <\/span><b>anteriores a octubre de 2018<\/b><span style=\"font-weight: 400;\">) y <\/span><b>as\u00ed poder<\/b><span style=\"font-weight: 400;\"> solicitar la C\u00e9dula Electr\u00f3nica Federal ante la Direcci\u00f3n General de Profesiones (DGP).<\/span><\/p><p><b>Para iniciar el proceso de registro, es indispensable:<\/b><\/p><ol><li><span style=\"font-weight: 400;\"> Tener a la mano la imagen de los siguientes documentos:<\/span><\/li><\/ol><ul><li style=\"font-weight: 400;\" aria-level=\"1\"><span style=\"font-weight: 400;\">Certificado de bachillerato (fecha de inicio y fecha de t\u00e9rmino), si el documento no cuenta con los datos requeridos, solicitarlo a tu escuela de procedencia.<\/span><\/li><li style=\"font-weight: 400;\" aria-level=\"1\"><span style=\"font-weight: 400;\">Clave \u00danica de Registro de Poblaci\u00f3n (CURP) actualizada<\/span><\/li><li style=\"font-weight: 400;\" aria-level=\"1\"><span style=\"font-weight: 400;\">Certificado de Carrera o Licenciatura<\/span><\/li><li style=\"font-weight: 400;\" aria-level=\"1\"><span style=\"font-weight: 400;\">Acta de Examen Profesional<\/span><\/li><li style=\"font-weight: 400;\" aria-level=\"1\"><span style=\"font-weight: 400;\">T\u00edtulo expedido en f\u00edsico<\/span><\/li><\/ul><p><b>Nota importante: <\/b><span style=\"font-weight: 400;\">Los datos aqu\u00ed proporcionados son responsabilidad exclusiva del solicitante.<\/span><\/p><p><b>En caso de que el formulario no est\u00e9 lleno en su totalidad y de manera correcta, (informaci\u00f3n e im\u00e1genes), no se realizar\u00e1 el Registro del T\u00edtulo.<\/b><\/p><p><b>Aviso de privacidad integral:<\/b> <a href=\"https:\/\/apprende.jalisco.gob.mx\/wp-content\/uploads\/2025\/08\/AP_CGEDS_SEJ_agosto_2025_Simplificado.pdf\"><span style=\"font-weight: 400;\">https:\/\/apprende.jalisco.gob.mx\/wp-content\/uploads\/2025\/08\/AP_CGEDS_SEJ_agosto_2025_Simplificado.pdf<\/span><\/a><br \/><br \/>*Indica que la pregunta es obligatoria<\/p>\t\t\t\t\t\t<\/div>\n\t\t\t\t<\/div>\n\t\t\t\t<div class=\"elementor-element elementor-element-e2e2b29 elementor-align-center elementor-widget elementor-widget-button\" data-id=\"e2e2b29\" data-element_type=\"widget\" data-settings=\"{&quot;ekit_we_effect_on&quot;:&quot;none&quot;}\" data-widget_type=\"button.default\">\n\t\t\t\t<div class=\"elementor-widget-container\">\n\t\t\t\t\t<div class=\"elementor-button-wrapper\">\n\t\t\t<a class=\"elementor-button elementor-button-link elementor-size-md\" href=\"https:\/\/docs.google.com\/forms\/d\/e\/1FAIpQLSdYUFTE3X36jqWhpCUvJrEXqS9_4YEYbkF9zm9jzSW5yHYWow\/closedform?embedded=true\" target=\"_blank\">\n\t\t\t\t\t\t<span class=\"elementor-button-content-wrapper\">\n\t\t\t\t\t\t<span class=\"elementor-button-text\">Llenar el formulario<\/span>\n\t\t<\/span>\n\t\t\t\t\t<\/a>\n\t\t<\/div>\n\t\t\t\t<\/div>\n\t\t\t\t<\/div>\n\t\t\t\t\t<\/div>\n\t\t<\/div>\n\t\t\t\t\t\t\t<\/div>\n\t\t<\/section>\n\t\t\t\t\t<\/div>\n\t\t<\/div>\n\t\t\t\t\t\t\t<\/div>\n\t\t<\/section>\n\t\t\t\t\t\t\t<\/div>\n\t\t","protected":false},"excerpt":{"rendered":"<p>El presente formulario tiene como prop\u00f3sito recabar la informaci\u00f3n elemental para efectuar el registro del T\u00edtulo expedido en formato f\u00edsico (dirigido a documentos emitidos anteriores a octubre de 2018) y as\u00ed poder solicitar la C\u00e9dula Electr\u00f3nica Federal ante la Direcci\u00f3n General de Profesiones (DGP). Para iniciar el proceso de registro, es indispensable: Tener a la &hellip;<\/p>\n<p class=\"read-more\"> <a class=\"\" href=\"https:\/\/apprende.jalisco.gob.mx\/direccion-educacion-normal\/registro-de-titulo\/\"> <span class=\"screen-reader-text\">Registro de T\u00edtulo<\/span> Leer m\u00e1s &raquo;<\/a><\/p>\n","protected":false},"author":8,"featured_media":0,"parent":0,"menu_order":0,"comment_status":"closed","ping_status":"closed","template":"","meta":{"_monsterinsights_skip_tracking":false,"_monsterinsights_sitenote_active":false,"_monsterinsights_sitenote_note":"","_monsterinsights_sitenote_category":0,"site-sidebar-layout":"no-sidebar","site-content-layout":"page-builder","ast-site-content-layout":"","site-content-style":"default","site-sidebar-style":"default","ast-global-header-display":"","ast-banner-title-visibility":"","ast-main-header-display":"","ast-hfb-above-header-display":"","ast-hfb-below-header-display":"","ast-hfb-mobile-header-display":"","site-post-title":"disabled","ast-breadcrumbs-content":"","ast-featured-img":"disabled","footer-sml-layout":"","theme-transparent-header-meta":"","adv-header-id-meta":"","stick-header-meta":"","header-above-stick-meta":"","header-main-stick-meta":"","header-below-stick-meta":"","astra-migrate-meta-layouts":"","ep_exclude_from_search":false,"footnotes":""},"acf":[],"yoast_head":"<!-- This site is optimized with the Yoast SEO Premium plugin v17.7 (Yoast SEO v21.0) - https:\/\/yoast.com\/wordpress\/plugins\/seo\/ -->\n<title>Registro de T\u00edtulo - Direcci\u00f3n de Educaci\u00f3n Normal<\/title>\n<meta name=\"robots\" content=\"index, follow, max-snippet:-1, max-image-preview:large, max-video-preview:-1\" \/>\n<link rel=\"canonical\" href=\"https:\/\/apprende.jalisco.gob.mx\/direccion-educacion-normal\/registro-de-titulo\/\" \/>\n<meta property=\"og:locale\" content=\"es_MX\" \/>\n<meta property=\"og:type\" content=\"article\" \/>\n<meta property=\"og:title\" content=\"Registro de T\u00edtulo\" \/>\n<meta property=\"og:description\" content=\"El presente formulario tiene como prop\u00f3sito recabar la informaci\u00f3n elemental para efectuar el registro del T\u00edtulo expedido en formato f\u00edsico (dirigido a documentos emitidos anteriores a octubre de 2018) y as\u00ed poder solicitar la C\u00e9dula Electr\u00f3nica Federal ante la Direcci\u00f3n General de Profesiones (DGP). Para iniciar el proceso de registro, es indispensable: Tener a la &hellip; Registro de T\u00edtulo Leer m\u00e1s &raquo;\" \/>\n<meta property=\"og:url\" content=\"https:\/\/apprende.jalisco.gob.mx\/direccion-educacion-normal\/registro-de-titulo\/\" \/>\n<meta property=\"og:site_name\" content=\"Direcci\u00f3n de Educaci\u00f3n Normal\" \/>\n<meta property=\"article:modified_time\" content=\"2025-10-21T14:42:26+00:00\" \/>\n<meta name=\"twitter:card\" content=\"summary_large_image\" \/>\n<meta name=\"twitter:label1\" content=\"Tiempo de lectura\" \/>\n\t<meta name=\"twitter:data1\" content=\"1 minuto\" \/>\n<script type=\"application\/ld+json\" class=\"yoast-schema-graph\">{\"@context\":\"https:\/\/schema.org\",\"@graph\":[{\"@type\":\"WebPage\",\"@id\":\"https:\/\/apprende.jalisco.gob.mx\/direccion-educacion-normal\/registro-de-titulo\/\",\"url\":\"https:\/\/apprende.jalisco.gob.mx\/direccion-educacion-normal\/registro-de-titulo\/\",\"name\":\"Registro de T\u00edtulo - Direcci\u00f3n de Educaci\u00f3n Normal\",\"isPartOf\":{\"@id\":\"https:\/\/apprende.jalisco.gob.mx\/direccion-educacion-normal\/#website\"},\"datePublished\":\"2024-03-19T01:18:05+00:00\",\"dateModified\":\"2025-10-21T14:42:26+00:00\",\"breadcrumb\":{\"@id\":\"https:\/\/apprende.jalisco.gob.mx\/direccion-educacion-normal\/registro-de-titulo\/#breadcrumb\"},\"inLanguage\":\"es-MX\",\"potentialAction\":[{\"@type\":\"ReadAction\",\"target\":[\"https:\/\/apprende.jalisco.gob.mx\/direccion-educacion-normal\/registro-de-titulo\/\"]}]},{\"@type\":\"BreadcrumbList\",\"@id\":\"https:\/\/apprende.jalisco.gob.mx\/direccion-educacion-normal\/registro-de-titulo\/#breadcrumb\",\"itemListElement\":[{\"@type\":\"ListItem\",\"position\":1,\"name\":\"Inicio\",\"item\":\"https:\/\/apprende.jalisco.gob.mx\/direccion-educacion-normal\/\"},{\"@type\":\"ListItem\",\"position\":2,\"name\":\"Registro de T\u00edtulo\"}]},{\"@type\":\"WebSite\",\"@id\":\"https:\/\/apprende.jalisco.gob.mx\/direccion-educacion-normal\/#website\",\"url\":\"https:\/\/apprende.jalisco.gob.mx\/direccion-educacion-normal\/\",\"name\":\"Direcci\u00f3n de Educaci\u00f3n Normal\",\"description\":\"Micrositio\",\"publisher\":{\"@id\":\"https:\/\/apprende.jalisco.gob.mx\/direccion-educacion-normal\/#organization\"},\"potentialAction\":[{\"@type\":\"SearchAction\",\"target\":{\"@type\":\"EntryPoint\",\"urlTemplate\":\"https:\/\/apprende.jalisco.gob.mx\/direccion-educacion-normal\/?s={search_term_string}\"},\"query-input\":\"required name=search_term_string\"}],\"inLanguage\":\"es-MX\"},{\"@type\":\"Organization\",\"@id\":\"https:\/\/apprende.jalisco.gob.mx\/direccion-educacion-normal\/#organization\",\"name\":\"Direcci\u00f3n de Educaci\u00f3n Normal\",\"url\":\"https:\/\/apprende.jalisco.gob.mx\/direccion-educacion-normal\/\",\"logo\":{\"@type\":\"ImageObject\",\"inLanguage\":\"es-MX\",\"@id\":\"https:\/\/apprende.jalisco.gob.mx\/direccion-educacion-normal\/#\/schema\/logo\/image\/\",\"url\":\"https:\/\/apprende.jalisco.gob.mx\/direccion-educacion-normal\/wp-content\/uploads\/sites\/29\/2022\/03\/logo-Educacion2025.png\",\"contentUrl\":\"https:\/\/apprende.jalisco.gob.mx\/direccion-educacion-normal\/wp-content\/uploads\/sites\/29\/2022\/03\/logo-Educacion2025.png\",\"width\":427,\"height\":108,\"caption\":\"Direcci\u00f3n de Educaci\u00f3n Normal\"},\"image\":{\"@id\":\"https:\/\/apprende.jalisco.gob.mx\/direccion-educacion-normal\/#\/schema\/logo\/image\/\"}}]}<\/script>\n<!-- \/ Yoast SEO Premium plugin. -->","yoast_head_json":{"title":"Registro de T\u00edtulo - Direcci\u00f3n de Educaci\u00f3n Normal","robots":{"index":"index","follow":"follow","max-snippet":"max-snippet:-1","max-image-preview":"max-image-preview:large","max-video-preview":"max-video-preview:-1"},"canonical":"https:\/\/apprende.jalisco.gob.mx\/direccion-educacion-normal\/registro-de-titulo\/","og_locale":"es_MX","og_type":"article","og_title":"Registro de T\u00edtulo","og_description":"El presente formulario tiene como prop\u00f3sito recabar la informaci\u00f3n elemental para efectuar el registro del T\u00edtulo expedido en formato f\u00edsico (dirigido a documentos emitidos anteriores a octubre de 2018) y as\u00ed poder solicitar la C\u00e9dula Electr\u00f3nica Federal ante la Direcci\u00f3n General de Profesiones (DGP). Para iniciar el proceso de registro, es indispensable: Tener a la &hellip; Registro de T\u00edtulo Leer m\u00e1s &raquo;","og_url":"https:\/\/apprende.jalisco.gob.mx\/direccion-educacion-normal\/registro-de-titulo\/","og_site_name":"Direcci\u00f3n de Educaci\u00f3n Normal","article_modified_time":"2025-10-21T14:42:26+00:00","twitter_card":"summary_large_image","twitter_misc":{"Tiempo de lectura":"1 minuto"},"schema":{"@context":"https:\/\/schema.org","@graph":[{"@type":"WebPage","@id":"https:\/\/apprende.jalisco.gob.mx\/direccion-educacion-normal\/registro-de-titulo\/","url":"https:\/\/apprende.jalisco.gob.mx\/direccion-educacion-normal\/registro-de-titulo\/","name":"Registro de T\u00edtulo - Direcci\u00f3n de Educaci\u00f3n Normal","isPartOf":{"@id":"https:\/\/apprende.jalisco.gob.mx\/direccion-educacion-normal\/#website"},"datePublished":"2024-03-19T01:18:05+00:00","dateModified":"2025-10-21T14:42:26+00:00","breadcrumb":{"@id":"https:\/\/apprende.jalisco.gob.mx\/direccion-educacion-normal\/registro-de-titulo\/#breadcrumb"},"inLanguage":"es-MX","potentialAction":[{"@type":"ReadAction","target":["https:\/\/apprende.jalisco.gob.mx\/direccion-educacion-normal\/registro-de-titulo\/"]}]},{"@type":"BreadcrumbList","@id":"https:\/\/apprende.jalisco.gob.mx\/direccion-educacion-normal\/registro-de-titulo\/#breadcrumb","itemListElement":[{"@type":"ListItem","position":1,"name":"Inicio","item":"https:\/\/apprende.jalisco.gob.mx\/direccion-educacion-normal\/"},{"@type":"ListItem","position":2,"name":"Registro de T\u00edtulo"}]},{"@type":"WebSite","@id":"https:\/\/apprende.jalisco.gob.mx\/direccion-educacion-normal\/#website","url":"https:\/\/apprende.jalisco.gob.mx\/direccion-educacion-normal\/","name":"Direcci\u00f3n de Educaci\u00f3n Normal","description":"Micrositio","publisher":{"@id":"https:\/\/apprende.jalisco.gob.mx\/direccion-educacion-normal\/#organization"},"potentialAction":[{"@type":"SearchAction","target":{"@type":"EntryPoint","urlTemplate":"https:\/\/apprende.jalisco.gob.mx\/direccion-educacion-normal\/?s={search_term_string}"},"query-input":"required name=search_term_string"}],"inLanguage":"es-MX"},{"@type":"Organization","@id":"https:\/\/apprende.jalisco.gob.mx\/direccion-educacion-normal\/#organization","name":"Direcci\u00f3n de Educaci\u00f3n Normal","url":"https:\/\/apprende.jalisco.gob.mx\/direccion-educacion-normal\/","logo":{"@type":"ImageObject","inLanguage":"es-MX","@id":"https:\/\/apprende.jalisco.gob.mx\/direccion-educacion-normal\/#\/schema\/logo\/image\/","url":"https:\/\/apprende.jalisco.gob.mx\/direccion-educacion-normal\/wp-content\/uploads\/sites\/29\/2022\/03\/logo-Educacion2025.png","contentUrl":"https:\/\/apprende.jalisco.gob.mx\/direccion-educacion-normal\/wp-content\/uploads\/sites\/29\/2022\/03\/logo-Educacion2025.png","width":427,"height":108,"caption":"Direcci\u00f3n de Educaci\u00f3n Normal"},"image":{"@id":"https:\/\/apprende.jalisco.gob.mx\/direccion-educacion-normal\/#\/schema\/logo\/image\/"}}]}},"_links":{"self":[{"href":"https:\/\/apprende.jalisco.gob.mx\/direccion-educacion-normal\/wp-json\/wp\/v2\/pages\/4149"}],"collection":[{"href":"https:\/\/apprende.jalisco.gob.mx\/direccion-educacion-normal\/wp-json\/wp\/v2\/pages"}],"about":[{"href":"https:\/\/apprende.jalisco.gob.mx\/direccion-educacion-normal\/wp-json\/wp\/v2\/types\/page"}],"author":[{"embeddable":true,"href":"https:\/\/apprende.jalisco.gob.mx\/direccion-educacion-normal\/wp-json\/wp\/v2\/users\/8"}],"replies":[{"embeddable":true,"href":"https:\/\/apprende.jalisco.gob.mx\/direccion-educacion-normal\/wp-json\/wp\/v2\/comments?post=4149"}],"version-history":[{"count":37,"href":"https:\/\/apprende.jalisco.gob.mx\/direccion-educacion-normal\/wp-json\/wp\/v2\/pages\/4149\/revisions"}],"predecessor-version":[{"id":4568,"href":"https:\/\/apprende.jalisco.gob.mx\/direccion-educacion-normal\/wp-json\/wp\/v2\/pages\/4149\/revisions\/4568"}],"wp:attachment":[{"href":"https:\/\/apprende.jalisco.gob.mx\/direccion-educacion-normal\/wp-json\/wp\/v2\/media?parent=4149"}],"curies":[{"name":"wp","href":"https:\/\/api.w.org\/{rel}","templated":true}]}}