{"id":3391,"date":"2022-09-27T22:35:36","date_gmt":"2022-09-28T03:35:36","guid":{"rendered":"https:\/\/recrea.jalisco.gob.mx\/direccion-lenguas-extranjeras\/?page_id=3391"},"modified":"2025-03-10T09:44:50","modified_gmt":"2025-03-10T15:44:50","slug":"proni","status":"publish","type":"page","link":"https:\/\/apprende.jalisco.gob.mx\/direccion-lenguas-extranjeras\/proni\/","title":{"rendered":"PRONI"},"content":{"rendered":"\t\t<div data-elementor-type=\"wp-page\" data-elementor-id=\"3391\" class=\"elementor elementor-3391\" data-elementor-post-type=\"page\">\n\t\t\t\t\t\t\t\t\t<section class=\"elementor-section elementor-top-section elementor-element elementor-element-90e1ac2 elementor-section-boxed elementor-section-height-default elementor-section-height-default\" data-id=\"90e1ac2\" data-element_type=\"section\" data-settings=\"{&quot;ekit_has_onepagescroll_dot&quot;:&quot;yes&quot;}\">\n\t\t\t\t\t\t<div class=\"elementor-container elementor-column-gap-default\">\n\t\t\t\t\t<div class=\"elementor-column elementor-col-100 elementor-top-column elementor-element elementor-element-e1a6d5c\" data-id=\"e1a6d5c\" data-element_type=\"column\">\n\t\t\t<div class=\"elementor-widget-wrap elementor-element-populated\">\n\t\t\t\t\t\t\t\t<div class=\"elementor-element elementor-element-feb4731 elementor-widget elementor-widget-breadcrumbs\" data-id=\"feb4731\" data-element_type=\"widget\" data-settings=\"{&quot;ekit_we_effect_on&quot;:&quot;none&quot;}\" data-widget_type=\"breadcrumbs.default\">\n\t\t\t\t<div class=\"elementor-widget-container\">\n\t\t\t<div id=\"breadcrumbs\"><span><span><a href=\"https:\/\/apprende.jalisco.gob.mx\/direccion-lenguas-extranjeras\/\">Inicio<\/a><\/span><\/span><\/div>\t\t<\/div>\n\t\t\t\t<\/div>\n\t\t\t\t\t<\/div>\n\t\t<\/div>\n\t\t\t\t\t\t\t<\/div>\n\t\t<\/section>\n\t\t\t\t<section class=\"elementor-section elementor-top-section elementor-element elementor-element-f598b9d elementor-section-boxed elementor-section-height-default elementor-section-height-default\" data-id=\"f598b9d\" data-element_type=\"section\" data-settings=\"{&quot;ekit_has_onepagescroll_dot&quot;:&quot;yes&quot;}\">\n\t\t\t\t\t\t<div class=\"elementor-container elementor-column-gap-default\">\n\t\t\t\t\t<div class=\"elementor-column elementor-col-100 elementor-top-column elementor-element elementor-element-4e47999\" data-id=\"4e47999\" data-element_type=\"column\">\n\t\t\t<div class=\"elementor-widget-wrap elementor-element-populated\">\n\t\t\t\t\t\t\t\t<div class=\"elementor-element elementor-element-e93c7d0 elementor-widget elementor-widget-heading\" data-id=\"e93c7d0\" data-element_type=\"widget\" data-settings=\"{&quot;ekit_we_effect_on&quot;:&quot;none&quot;}\" data-widget_type=\"heading.default\">\n\t\t\t\t<div class=\"elementor-widget-container\">\n\t\t\t<h2 class=\"elementor-heading-title elementor-size-default\">Programa Nacional de Ingl\u00e9s (PRONI)<\/h2>\t\t<\/div>\n\t\t\t\t<\/div>\n\t\t\t\t\t<\/div>\n\t\t<\/div>\n\t\t\t\t\t\t\t<\/div>\n\t\t<\/section>\n\t\t\t\t<section class=\"elementor-section elementor-top-section elementor-element elementor-element-3272ea1 elementor-section-boxed elementor-section-height-default elementor-section-height-default\" data-id=\"3272ea1\" data-element_type=\"section\" data-settings=\"{&quot;ekit_has_onepagescroll_dot&quot;:&quot;yes&quot;}\">\n\t\t\t\t\t\t<div class=\"elementor-container elementor-column-gap-default\">\n\t\t\t\t\t<div class=\"elementor-column elementor-col-100 elementor-top-column elementor-element elementor-element-73ecc82\" data-id=\"73ecc82\" data-element_type=\"column\">\n\t\t\t<div class=\"elementor-widget-wrap elementor-element-populated\">\n\t\t\t\t\t\t\t\t<div class=\"elementor-element elementor-element-c95084c elementor-widget elementor-widget-text-editor\" data-id=\"c95084c\" data-element_type=\"widget\" data-settings=\"{&quot;ekit_we_effect_on&quot;:&quot;none&quot;}\" data-widget_type=\"text-editor.default\">\n\t\t\t\t<div class=\"elementor-widget-container\">\n\t\t\t\t\t\t\t<p>El PRONI es un programa federal perteneciente a la Secretar\u00eda de Educaci\u00f3n P\u00fablica (SEP) y es coordinado en el estado de Jalisco por la Direcci\u00f3n de Lenguas Extranjeras, y que tiene como principal objetivo, contribuir a que las y los educandos de preescolar (3\u00b0 grado), primaria y secundaria cuenten con los recursos necesarios para el\u00a0aprendizaje del idioma ingl\u00e9s como lengua extranjera en Escuelas P\u00fablicas de Educaci\u00f3n B\u00e1sica que participan en el programa.<\/p><p><strong><br \/>Poblaci\u00f3n objetivo<\/strong><\/p><p>Escuelas P\u00fablicas de Educaci\u00f3n B\u00e1sica que cumplan preferentemente con al menos uno de los siguientes criterios:<\/p><p>&#8211;\u00a0\u00a0\u00a0\u00a0\u00a0\u00a0Participantes en el PRONI en el ejercicio 2025.<br \/>&#8211;\u00a0\u00a0\u00a0\u00a0\u00a0\u00a0Aquellas que manifiesten su inter\u00e9s en participar en el PRONI.<br \/>&#8211;\u00a0\u00a0\u00a0\u00a0\u00a0\u00a0Se ubiquen en localidades catalogadas por el CONAPO con un grado de rezago &#8220;Alto&#8221; o &#8220;Muy Alto&#8221;.<br \/>&#8211;\u00a0\u00a0\u00a0\u00a0\u00a0\u00a0Ubicadas en los municipios considerados en la lista de los 623 catalogados como &#8220;municipios ind\u00edgenas&#8221; publicada por el INPI.<br \/>&#8211;\u00a0\u00a0\u00a0\u00a0\u00a0\u00a0Encontrarse en una localidad considerada en el listado de los 177 Pueblos M\u00e1gicos publicado por la Secretar\u00eda de Turismo.<\/p>\t\t\t\t\t\t<\/div>\n\t\t\t\t<\/div>\n\t\t\t\t\t<\/div>\n\t\t<\/div>\n\t\t\t\t\t\t\t<\/div>\n\t\t<\/section>\n\t\t\t\t\t\t\t<\/div>\n\t\t","protected":false},"excerpt":{"rendered":"<p>Programa Nacional de Ingl\u00e9s (PRONI) El PRONI es un programa federal perteneciente a la Secretar\u00eda de Educaci\u00f3n P\u00fablica (SEP) y es coordinado en el estado de Jalisco por la Direcci\u00f3n de Lenguas Extranjeras, y que tiene como principal objetivo, contribuir a que las y los educandos de preescolar (3\u00b0 grado), primaria y secundaria cuenten con &hellip;<\/p>\n<p class=\"read-more\"> <a class=\"\" href=\"https:\/\/apprende.jalisco.gob.mx\/direccion-lenguas-extranjeras\/proni\/\"> <span class=\"screen-reader-text\">PRONI<\/span> Leer m\u00e1s &raquo;<\/a><\/p>\n","protected":false},"author":5,"featured_media":0,"parent":0,"menu_order":0,"comment_status":"closed","ping_status":"closed","template":"","meta":{"_monsterinsights_skip_tracking":false,"_monsterinsights_sitenote_active":false,"_monsterinsights_sitenote_note":"","_monsterinsights_sitenote_category":0,"site-sidebar-layout":"no-sidebar","site-content-layout":"page-builder","ast-site-content-layout":"","site-content-style":"default","site-sidebar-style":"default","ast-global-header-display":"","ast-banner-title-visibility":"","ast-main-header-display":"","ast-hfb-above-header-display":"","ast-hfb-below-header-display":"","ast-hfb-mobile-header-display":"","site-post-title":"disabled","ast-breadcrumbs-content":"","ast-featured-img":"disabled","footer-sml-layout":"","theme-transparent-header-meta":"","adv-header-id-meta":"","stick-header-meta":"","header-above-stick-meta":"","header-main-stick-meta":"","header-below-stick-meta":"","astra-migrate-meta-layouts":"","ep_exclude_from_search":false,"footnotes":""},"acf":[],"yoast_head":"<!-- This site is optimized with the Yoast SEO Premium plugin v17.7 (Yoast SEO v21.0) - https:\/\/yoast.com\/wordpress\/plugins\/seo\/ -->\n<title>PRONI - Direcci\u00f3n de Lenguas Extranjeras<\/title>\n<meta name=\"robots\" content=\"index, follow, max-snippet:-1, max-image-preview:large, max-video-preview:-1\" \/>\n<link rel=\"canonical\" href=\"https:\/\/apprende.jalisco.gob.mx\/direccion-lenguas-extranjeras\/proni\/\" \/>\n<meta property=\"og:locale\" content=\"es_MX\" \/>\n<meta property=\"og:type\" content=\"article\" \/>\n<meta property=\"og:title\" content=\"PRONI\" \/>\n<meta property=\"og:description\" content=\"Programa Nacional de Ingl\u00e9s (PRONI) El PRONI es un programa federal perteneciente a la Secretar\u00eda de Educaci\u00f3n P\u00fablica (SEP) y es coordinado en el estado de Jalisco por la Direcci\u00f3n de Lenguas Extranjeras, y que tiene como principal objetivo, contribuir a que las y los educandos de preescolar (3\u00b0 grado), primaria y secundaria cuenten con &hellip; PRONI Leer m\u00e1s &raquo;\" \/>\n<meta property=\"og:url\" content=\"https:\/\/apprende.jalisco.gob.mx\/direccion-lenguas-extranjeras\/proni\/\" \/>\n<meta property=\"og:site_name\" content=\"Direcci\u00f3n de Lenguas Extranjeras\" \/>\n<meta property=\"article:modified_time\" content=\"2025-03-10T15:44:50+00:00\" \/>\n<meta name=\"twitter:card\" content=\"summary_large_image\" \/>\n<meta name=\"twitter:label1\" content=\"Tiempo de lectura\" \/>\n\t<meta name=\"twitter:data1\" content=\"1 minuto\" \/>\n<script type=\"application\/ld+json\" class=\"yoast-schema-graph\">{\"@context\":\"https:\/\/schema.org\",\"@graph\":[{\"@type\":\"WebPage\",\"@id\":\"https:\/\/apprende.jalisco.gob.mx\/direccion-lenguas-extranjeras\/proni\/\",\"url\":\"https:\/\/apprende.jalisco.gob.mx\/direccion-lenguas-extranjeras\/proni\/\",\"name\":\"PRONI - Direcci\u00f3n de Lenguas Extranjeras\",\"isPartOf\":{\"@id\":\"https:\/\/apprende.jalisco.gob.mx\/direccion-lenguas-extranjeras\/#website\"},\"datePublished\":\"2022-09-28T03:35:36+00:00\",\"dateModified\":\"2025-03-10T15:44:50+00:00\",\"breadcrumb\":{\"@id\":\"https:\/\/apprende.jalisco.gob.mx\/direccion-lenguas-extranjeras\/proni\/#breadcrumb\"},\"inLanguage\":\"es-MX\",\"potentialAction\":[{\"@type\":\"ReadAction\",\"target\":[\"https:\/\/apprende.jalisco.gob.mx\/direccion-lenguas-extranjeras\/proni\/\"]}]},{\"@type\":\"BreadcrumbList\",\"@id\":\"https:\/\/apprende.jalisco.gob.mx\/direccion-lenguas-extranjeras\/proni\/#breadcrumb\",\"itemListElement\":[{\"@type\":\"ListItem\",\"position\":1,\"name\":\"Inicio\",\"item\":\"https:\/\/apprende.jalisco.gob.mx\/direccion-lenguas-extranjeras\/\"},{\"@type\":\"ListItem\",\"position\":2,\"name\":\"PRONI\"}]},{\"@type\":\"WebSite\",\"@id\":\"https:\/\/apprende.jalisco.gob.mx\/direccion-lenguas-extranjeras\/#website\",\"url\":\"https:\/\/apprende.jalisco.gob.mx\/direccion-lenguas-extranjeras\/\",\"name\":\"Direcci\u00f3n de Lenguas Extranjeras\",\"description\":\"Micrositio\",\"publisher\":{\"@id\":\"https:\/\/apprende.jalisco.gob.mx\/direccion-lenguas-extranjeras\/#organization\"},\"potentialAction\":[{\"@type\":\"SearchAction\",\"target\":{\"@type\":\"EntryPoint\",\"urlTemplate\":\"https:\/\/apprende.jalisco.gob.mx\/direccion-lenguas-extranjeras\/?s={search_term_string}\"},\"query-input\":\"required name=search_term_string\"}],\"inLanguage\":\"es-MX\"},{\"@type\":\"Organization\",\"@id\":\"https:\/\/apprende.jalisco.gob.mx\/direccion-lenguas-extranjeras\/#organization\",\"name\":\"Direcci\u00f3n de Lenguas Extranjeras\",\"url\":\"https:\/\/apprende.jalisco.gob.mx\/direccion-lenguas-extranjeras\/\",\"logo\":{\"@type\":\"ImageObject\",\"inLanguage\":\"es-MX\",\"@id\":\"https:\/\/apprende.jalisco.gob.mx\/direccion-lenguas-extranjeras\/#\/schema\/logo\/image\/\",\"url\":\"https:\/\/apprende.jalisco.gob.mx\/direccion-lenguas-extranjeras\/wp-content\/uploads\/sites\/20\/2022\/03\/logo-Educacion2025.png\",\"contentUrl\":\"https:\/\/apprende.jalisco.gob.mx\/direccion-lenguas-extranjeras\/wp-content\/uploads\/sites\/20\/2022\/03\/logo-Educacion2025.png\",\"width\":427,\"height\":108,\"caption\":\"Direcci\u00f3n de Lenguas Extranjeras\"},\"image\":{\"@id\":\"https:\/\/apprende.jalisco.gob.mx\/direccion-lenguas-extranjeras\/#\/schema\/logo\/image\/\"}}]}<\/script>\n<!-- \/ Yoast SEO Premium plugin. -->","yoast_head_json":{"title":"PRONI - Direcci\u00f3n de Lenguas Extranjeras","robots":{"index":"index","follow":"follow","max-snippet":"max-snippet:-1","max-image-preview":"max-image-preview:large","max-video-preview":"max-video-preview:-1"},"canonical":"https:\/\/apprende.jalisco.gob.mx\/direccion-lenguas-extranjeras\/proni\/","og_locale":"es_MX","og_type":"article","og_title":"PRONI","og_description":"Programa Nacional de Ingl\u00e9s (PRONI) El PRONI es un programa federal perteneciente a la Secretar\u00eda de Educaci\u00f3n P\u00fablica (SEP) y es coordinado en el estado de Jalisco por la Direcci\u00f3n de Lenguas Extranjeras, y que tiene como principal objetivo, contribuir a que las y los educandos de preescolar (3\u00b0 grado), primaria y secundaria cuenten con &hellip; PRONI Leer m\u00e1s &raquo;","og_url":"https:\/\/apprende.jalisco.gob.mx\/direccion-lenguas-extranjeras\/proni\/","og_site_name":"Direcci\u00f3n de Lenguas Extranjeras","article_modified_time":"2025-03-10T15:44:50+00:00","twitter_card":"summary_large_image","twitter_misc":{"Tiempo de lectura":"1 minuto"},"schema":{"@context":"https:\/\/schema.org","@graph":[{"@type":"WebPage","@id":"https:\/\/apprende.jalisco.gob.mx\/direccion-lenguas-extranjeras\/proni\/","url":"https:\/\/apprende.jalisco.gob.mx\/direccion-lenguas-extranjeras\/proni\/","name":"PRONI - Direcci\u00f3n de Lenguas Extranjeras","isPartOf":{"@id":"https:\/\/apprende.jalisco.gob.mx\/direccion-lenguas-extranjeras\/#website"},"datePublished":"2022-09-28T03:35:36+00:00","dateModified":"2025-03-10T15:44:50+00:00","breadcrumb":{"@id":"https:\/\/apprende.jalisco.gob.mx\/direccion-lenguas-extranjeras\/proni\/#breadcrumb"},"inLanguage":"es-MX","potentialAction":[{"@type":"ReadAction","target":["https:\/\/apprende.jalisco.gob.mx\/direccion-lenguas-extranjeras\/proni\/"]}]},{"@type":"BreadcrumbList","@id":"https:\/\/apprende.jalisco.gob.mx\/direccion-lenguas-extranjeras\/proni\/#breadcrumb","itemListElement":[{"@type":"ListItem","position":1,"name":"Inicio","item":"https:\/\/apprende.jalisco.gob.mx\/direccion-lenguas-extranjeras\/"},{"@type":"ListItem","position":2,"name":"PRONI"}]},{"@type":"WebSite","@id":"https:\/\/apprende.jalisco.gob.mx\/direccion-lenguas-extranjeras\/#website","url":"https:\/\/apprende.jalisco.gob.mx\/direccion-lenguas-extranjeras\/","name":"Direcci\u00f3n de Lenguas Extranjeras","description":"Micrositio","publisher":{"@id":"https:\/\/apprende.jalisco.gob.mx\/direccion-lenguas-extranjeras\/#organization"},"potentialAction":[{"@type":"SearchAction","target":{"@type":"EntryPoint","urlTemplate":"https:\/\/apprende.jalisco.gob.mx\/direccion-lenguas-extranjeras\/?s={search_term_string}"},"query-input":"required name=search_term_string"}],"inLanguage":"es-MX"},{"@type":"Organization","@id":"https:\/\/apprende.jalisco.gob.mx\/direccion-lenguas-extranjeras\/#organization","name":"Direcci\u00f3n de Lenguas Extranjeras","url":"https:\/\/apprende.jalisco.gob.mx\/direccion-lenguas-extranjeras\/","logo":{"@type":"ImageObject","inLanguage":"es-MX","@id":"https:\/\/apprende.jalisco.gob.mx\/direccion-lenguas-extranjeras\/#\/schema\/logo\/image\/","url":"https:\/\/apprende.jalisco.gob.mx\/direccion-lenguas-extranjeras\/wp-content\/uploads\/sites\/20\/2022\/03\/logo-Educacion2025.png","contentUrl":"https:\/\/apprende.jalisco.gob.mx\/direccion-lenguas-extranjeras\/wp-content\/uploads\/sites\/20\/2022\/03\/logo-Educacion2025.png","width":427,"height":108,"caption":"Direcci\u00f3n de Lenguas Extranjeras"},"image":{"@id":"https:\/\/apprende.jalisco.gob.mx\/direccion-lenguas-extranjeras\/#\/schema\/logo\/image\/"}}]}},"_links":{"self":[{"href":"https:\/\/apprende.jalisco.gob.mx\/direccion-lenguas-extranjeras\/wp-json\/wp\/v2\/pages\/3391"}],"collection":[{"href":"https:\/\/apprende.jalisco.gob.mx\/direccion-lenguas-extranjeras\/wp-json\/wp\/v2\/pages"}],"about":[{"href":"https:\/\/apprende.jalisco.gob.mx\/direccion-lenguas-extranjeras\/wp-json\/wp\/v2\/types\/page"}],"author":[{"embeddable":true,"href":"https:\/\/apprende.jalisco.gob.mx\/direccion-lenguas-extranjeras\/wp-json\/wp\/v2\/users\/5"}],"replies":[{"embeddable":true,"href":"https:\/\/apprende.jalisco.gob.mx\/direccion-lenguas-extranjeras\/wp-json\/wp\/v2\/comments?post=3391"}],"version-history":[{"count":22,"href":"https:\/\/apprende.jalisco.gob.mx\/direccion-lenguas-extranjeras\/wp-json\/wp\/v2\/pages\/3391\/revisions"}],"predecessor-version":[{"id":3651,"href":"https:\/\/apprende.jalisco.gob.mx\/direccion-lenguas-extranjeras\/wp-json\/wp\/v2\/pages\/3391\/revisions\/3651"}],"wp:attachment":[{"href":"https:\/\/apprende.jalisco.gob.mx\/direccion-lenguas-extranjeras\/wp-json\/wp\/v2\/media?parent=3391"}],"curies":[{"name":"wp","href":"https:\/\/api.w.org\/{rel}","templated":true}]}}