{"id":3525,"date":"2024-07-10T12:16:50","date_gmt":"2024-07-10T18:16:50","guid":{"rendered":"https:\/\/recrea.jalisco.gob.mx\/direccion-lenguas-extranjeras\/?page_id=3525"},"modified":"2025-11-11T10:15:52","modified_gmt":"2025-11-11T16:15:52","slug":"contraloria-social","status":"publish","type":"page","link":"https:\/\/apprende.jalisco.gob.mx\/direccion-lenguas-extranjeras\/contraloria-social\/","title":{"rendered":"Contralor\u00eda social"},"content":{"rendered":"\t\t<div data-elementor-type=\"wp-page\" data-elementor-id=\"3525\" class=\"elementor elementor-3525\" data-elementor-post-type=\"page\">\n\t\t\t\t\t\t\t\t\t<section class=\"elementor-section elementor-top-section elementor-element elementor-element-90e1ac2 elementor-section-boxed elementor-section-height-default elementor-section-height-default\" data-id=\"90e1ac2\" data-element_type=\"section\" data-settings=\"{&quot;ekit_has_onepagescroll_dot&quot;:&quot;yes&quot;}\">\n\t\t\t\t\t\t<div class=\"elementor-container elementor-column-gap-default\">\n\t\t\t\t\t<div class=\"elementor-column elementor-col-100 elementor-top-column elementor-element elementor-element-e1a6d5c\" data-id=\"e1a6d5c\" data-element_type=\"column\">\n\t\t\t<div class=\"elementor-widget-wrap elementor-element-populated\">\n\t\t\t\t\t\t\t\t<div class=\"elementor-element elementor-element-feb4731 elementor-widget elementor-widget-breadcrumbs\" data-id=\"feb4731\" data-element_type=\"widget\" data-settings=\"{&quot;ekit_we_effect_on&quot;:&quot;none&quot;}\" data-widget_type=\"breadcrumbs.default\">\n\t\t\t\t<div class=\"elementor-widget-container\">\n\t\t\t<div id=\"breadcrumbs\"><span><span><a href=\"https:\/\/apprende.jalisco.gob.mx\/direccion-lenguas-extranjeras\/\">Inicio<\/a><\/span><\/span><\/div>\t\t<\/div>\n\t\t\t\t<\/div>\n\t\t\t\t\t<\/div>\n\t\t<\/div>\n\t\t\t\t\t\t\t<\/div>\n\t\t<\/section>\n\t\t\t\t<section class=\"elementor-section elementor-top-section elementor-element elementor-element-f598b9d elementor-section-boxed elementor-section-height-default elementor-section-height-default\" data-id=\"f598b9d\" data-element_type=\"section\" data-settings=\"{&quot;ekit_has_onepagescroll_dot&quot;:&quot;yes&quot;}\">\n\t\t\t\t\t\t<div class=\"elementor-container elementor-column-gap-default\">\n\t\t\t\t\t<div class=\"elementor-column elementor-col-100 elementor-top-column elementor-element elementor-element-4e47999\" data-id=\"4e47999\" data-element_type=\"column\">\n\t\t\t<div class=\"elementor-widget-wrap elementor-element-populated\">\n\t\t\t\t\t\t\t\t<div class=\"elementor-element elementor-element-e93c7d0 elementor-widget elementor-widget-heading\" data-id=\"e93c7d0\" data-element_type=\"widget\" data-settings=\"{&quot;ekit_we_effect_on&quot;:&quot;none&quot;}\" data-widget_type=\"heading.default\">\n\t\t\t\t<div class=\"elementor-widget-container\">\n\t\t\t<h2 class=\"elementor-heading-title elementor-size-default\">Contralor\u00eda social<\/h2>\t\t<\/div>\n\t\t\t\t<\/div>\n\t\t\t\t\t<\/div>\n\t\t<\/div>\n\t\t\t\t\t\t\t<\/div>\n\t\t<\/section>\n\t\t\t\t<section class=\"elementor-section elementor-top-section elementor-element elementor-element-070464a elementor-section-boxed elementor-section-height-default elementor-section-height-default\" data-id=\"070464a\" data-element_type=\"section\" data-settings=\"{&quot;ekit_has_onepagescroll_dot&quot;:&quot;yes&quot;}\">\n\t\t\t\t\t\t<div class=\"elementor-container elementor-column-gap-default\">\n\t\t\t\t\t<div class=\"elementor-column elementor-col-100 elementor-top-column elementor-element elementor-element-ba22ea7\" data-id=\"ba22ea7\" data-element_type=\"column\">\n\t\t\t<div class=\"elementor-widget-wrap elementor-element-populated\">\n\t\t\t\t\t\t\t\t<div class=\"elementor-element elementor-element-4646fcf elementor-widget__width-initial elementor-icon-list--layout-traditional elementor-list-item-link-full_width elementor-widget elementor-widget-icon-list\" data-id=\"4646fcf\" data-element_type=\"widget\" data-settings=\"{&quot;ekit_we_effect_on&quot;:&quot;none&quot;}\" data-widget_type=\"icon-list.default\">\n\t\t\t\t<div class=\"elementor-widget-container\">\n\t\t\t\t\t<ul class=\"elementor-icon-list-items\">\n\t\t\t\t\t\t\t<li class=\"elementor-icon-list-item\">\n\t\t\t\t\t\t\t\t\t\t\t<a href=\"https:\/\/apprende.jalisco.gob.mx\/direccion-lenguas-extranjeras\/wp-content\/uploads\/sites\/20\/2025\/06\/Esquema-de-Contraloria-Social.pdf\" target=\"_blank\">\n\n\t\t\t\t\t\t\t\t\t\t\t\t<span class=\"elementor-icon-list-icon\">\n\t\t\t\t\t\t\t<i aria-hidden=\"true\" class=\"fas fa-file-download\"><\/i>\t\t\t\t\t\t<\/span>\n\t\t\t\t\t\t\t\t\t\t<span class=\"elementor-icon-list-text\">2025 Esquema de Contralor\u00eda Social<\/span>\n\t\t\t\t\t\t\t\t\t\t\t<\/a>\n\t\t\t\t\t\t\t\t\t<\/li>\n\t\t\t\t\t\t\t\t<li class=\"elementor-icon-list-item\">\n\t\t\t\t\t\t\t\t\t\t\t<a href=\"https:\/\/apprende.jalisco.gob.mx\/direccion-lenguas-extranjeras\/wp-content\/uploads\/sites\/20\/2025\/06\/Ficha-Tecnica-Contraloria-Socialproni.pdf\" target=\"_blank\">\n\n\t\t\t\t\t\t\t\t\t\t\t\t<span class=\"elementor-icon-list-icon\">\n\t\t\t\t\t\t\t<i aria-hidden=\"true\" class=\"fas fa-file-download\"><\/i>\t\t\t\t\t\t<\/span>\n\t\t\t\t\t\t\t\t\t\t<span class=\"elementor-icon-list-text\">2025 Ficha T\u00e9cnica Contralor\u00eda Social PRONI<\/span>\n\t\t\t\t\t\t\t\t\t\t\t<\/a>\n\t\t\t\t\t\t\t\t\t<\/li>\n\t\t\t\t\t\t\t\t<li class=\"elementor-icon-list-item\">\n\t\t\t\t\t\t\t\t\t\t\t<a href=\"https:\/\/apprende.jalisco.gob.mx\/direccion-lenguas-extranjeras\/wp-content\/uploads\/sites\/20\/2025\/06\/PROGRAMA-ANUAL-DE-TRABAJO-DE-CONTRALORI\u0301A-SOCIAL.pdf\" target=\"_blank\">\n\n\t\t\t\t\t\t\t\t\t\t\t\t<span class=\"elementor-icon-list-icon\">\n\t\t\t\t\t\t\t<i aria-hidden=\"true\" class=\"fas fa-file-download\"><\/i>\t\t\t\t\t\t<\/span>\n\t\t\t\t\t\t\t\t\t\t<span class=\"elementor-icon-list-text\">2025 Programa Anual de Trabajo de Contralor\u00eda Social <\/span>\n\t\t\t\t\t\t\t\t\t\t\t<\/a>\n\t\t\t\t\t\t\t\t\t<\/li>\n\t\t\t\t\t\t\t\t<li class=\"elementor-icon-list-item\">\n\t\t\t\t\t\t\t\t\t\t\t<a href=\"https:\/\/apprende.jalisco.gob.mx\/direccion-lenguas-extranjeras\/wp-content\/uploads\/sites\/20\/2025\/06\/Guia-Operativa-Contraloria-Social-PRONi.pdf\" target=\"_blank\">\n\n\t\t\t\t\t\t\t\t\t\t\t\t<span class=\"elementor-icon-list-icon\">\n\t\t\t\t\t\t\t<i aria-hidden=\"true\" class=\"fas fa-file-download\"><\/i>\t\t\t\t\t\t<\/span>\n\t\t\t\t\t\t\t\t\t\t<span class=\"elementor-icon-list-text\">2025 Gu\u00eda Operativa Contralor\u00eda Social PRONI<\/span>\n\t\t\t\t\t\t\t\t\t\t\t<\/a>\n\t\t\t\t\t\t\t\t\t<\/li>\n\t\t\t\t\t\t\t\t<li class=\"elementor-icon-list-item\">\n\t\t\t\t\t\t\t\t\t\t\t<a href=\"https:\/\/apprende.jalisco.gob.mx\/direccion-lenguas-extranjeras\/wp-content\/uploads\/sites\/20\/2025\/06\/actaconstitucion.pdf\">\n\n\t\t\t\t\t\t\t\t\t\t\t\t<span class=\"elementor-icon-list-icon\">\n\t\t\t\t\t\t\t<i aria-hidden=\"true\" class=\"fas fa-file-download\"><\/i>\t\t\t\t\t\t<\/span>\n\t\t\t\t\t\t\t\t\t\t<span class=\"elementor-icon-list-text\">2025 Anexo 1 Acta constituci\u00f3n de Contralor\u00eda Social<\/span>\n\t\t\t\t\t\t\t\t\t\t\t<\/a>\n\t\t\t\t\t\t\t\t\t<\/li>\n\t\t\t\t\t\t\t\t<li class=\"elementor-icon-list-item\">\n\t\t\t\t\t\t\t\t\t\t\t<a href=\"https:\/\/apprende.jalisco.gob.mx\/direccion-lenguas-extranjeras\/wp-content\/uploads\/sites\/20\/2025\/06\/Anexo-2-Acta-de-Sustitucion-Contraloria-Social.pdf\" target=\"_blank\">\n\n\t\t\t\t\t\t\t\t\t\t\t\t<span class=\"elementor-icon-list-icon\">\n\t\t\t\t\t\t\t<i aria-hidden=\"true\" class=\"fas fa-file-download\"><\/i>\t\t\t\t\t\t<\/span>\n\t\t\t\t\t\t\t\t\t\t<span class=\"elementor-icon-list-text\">2025 Anexo 2 Acta de Sustituci\u00f3n Contralor\u00eda Social<\/span>\n\t\t\t\t\t\t\t\t\t\t\t<\/a>\n\t\t\t\t\t\t\t\t\t<\/li>\n\t\t\t\t\t\t\t\t<li class=\"elementor-icon-list-item\">\n\t\t\t\t\t\t\t\t\t\t\t<a href=\"https:\/\/apprende.jalisco.gob.mx\/direccion-lenguas-extranjeras\/wp-content\/uploads\/sites\/20\/2025\/06\/Anexo-3-Minuta-Contraloria-Social.pdf\" target=\"_blank\">\n\n\t\t\t\t\t\t\t\t\t\t\t\t<span class=\"elementor-icon-list-icon\">\n\t\t\t\t\t\t\t<i aria-hidden=\"true\" class=\"fas fa-file-download\"><\/i>\t\t\t\t\t\t<\/span>\n\t\t\t\t\t\t\t\t\t\t<span class=\"elementor-icon-list-text\">2025 Anexo 3 Minuta Contralor\u00eda Social<\/span>\n\t\t\t\t\t\t\t\t\t\t\t<\/a>\n\t\t\t\t\t\t\t\t\t<\/li>\n\t\t\t\t\t\t\t\t<li class=\"elementor-icon-list-item\">\n\t\t\t\t\t\t\t\t\t\t\t<a href=\"https:\/\/apprende.jalisco.gob.mx\/direccion-lenguas-extranjeras\/wp-content\/uploads\/sites\/20\/2025\/06\/Anexo-4-Informe-de-Contraloria-Social.pdf\" target=\"_blank\">\n\n\t\t\t\t\t\t\t\t\t\t\t\t<span class=\"elementor-icon-list-icon\">\n\t\t\t\t\t\t\t<i aria-hidden=\"true\" class=\"fas fa-file-download\"><\/i>\t\t\t\t\t\t<\/span>\n\t\t\t\t\t\t\t\t\t\t<span class=\"elementor-icon-list-text\">2025 Anexo 4 Informe de Contralor\u00eda Social<\/span>\n\t\t\t\t\t\t\t\t\t\t\t<\/a>\n\t\t\t\t\t\t\t\t\t<\/li>\n\t\t\t\t\t\t\t\t<li class=\"elementor-icon-list-item\">\n\t\t\t\t\t\t\t\t\t\t\t<a href=\"https:\/\/drive.google.com\/drive\/folders\/1sEBBPOdtATdU7s2x3DeFvjZcZr7G9pbT\" target=\"_blank\">\n\n\t\t\t\t\t\t\t\t\t\t\t\t<span class=\"elementor-icon-list-icon\">\n\t\t\t\t\t\t\t<i aria-hidden=\"true\" class=\"fas fa-file-download\"><\/i>\t\t\t\t\t\t<\/span>\n\t\t\t\t\t\t\t\t\t\t<span class=\"elementor-icon-list-text\">Informes Lenguas<\/span>\n\t\t\t\t\t\t\t\t\t\t\t<\/a>\n\t\t\t\t\t\t\t\t\t<\/li>\n\t\t\t\t\t\t\t\t<li class=\"elementor-icon-list-item\">\n\t\t\t\t\t\t\t\t\t\t\t<a href=\"https:\/\/apprende.jalisco.gob.mx\/direccion-lenguas-extranjeras\/wp-content\/uploads\/sites\/20\/2025\/08\/1-Cartel-Que-es-la-Contraloria-Social-2025.pdf\" target=\"_blank\">\n\n\t\t\t\t\t\t\t\t\t\t\t\t<span class=\"elementor-icon-list-icon\">\n\t\t\t\t\t\t\t<i aria-hidden=\"true\" class=\"fas fa-file-download\"><\/i>\t\t\t\t\t\t<\/span>\n\t\t\t\t\t\t\t\t\t\t<span class=\"elementor-icon-list-text\">2025 Que es la Contralor\u00eda Social <\/span>\n\t\t\t\t\t\t\t\t\t\t\t<\/a>\n\t\t\t\t\t\t\t\t\t<\/li>\n\t\t\t\t\t\t\t\t<li class=\"elementor-icon-list-item\">\n\t\t\t\t\t\t\t\t\t\t\t<a href=\"https:\/\/apprende.jalisco.gob.mx\/direccion-lenguas-extranjeras\/wp-content\/uploads\/sites\/20\/2025\/08\/2-Cartel-Que-es-el-Comite-de-Contraloria-Social-2025.pdf\" target=\"_blank\">\n\n\t\t\t\t\t\t\t\t\t\t\t\t<span class=\"elementor-icon-list-icon\">\n\t\t\t\t\t\t\t<i aria-hidden=\"true\" class=\"fas fa-file-download\"><\/i>\t\t\t\t\t\t<\/span>\n\t\t\t\t\t\t\t\t\t\t<span class=\"elementor-icon-list-text\">2025 Que es el Comite de Contralor\u00eda Social<\/span>\n\t\t\t\t\t\t\t\t\t\t\t<\/a>\n\t\t\t\t\t\t\t\t\t<\/li>\n\t\t\t\t\t\t\t\t<li class=\"elementor-icon-list-item\">\n\t\t\t\t\t\t\t\t\t\t\t<a href=\"https:\/\/apprende.jalisco.gob.mx\/direccion-lenguas-extranjeras\/wp-content\/uploads\/sites\/20\/2025\/08\/3-Folleto-La-Contraloria-Social-en-el-PRONI-2025.pdf\" target=\"_blank\">\n\n\t\t\t\t\t\t\t\t\t\t\t\t<span class=\"elementor-icon-list-icon\">\n\t\t\t\t\t\t\t<i aria-hidden=\"true\" class=\"fas fa-file-download\"><\/i>\t\t\t\t\t\t<\/span>\n\t\t\t\t\t\t\t\t\t\t<span class=\"elementor-icon-list-text\">2025 La Contraloria Social en el PRONI<\/span>\n\t\t\t\t\t\t\t\t\t\t\t<\/a>\n\t\t\t\t\t\t\t\t\t<\/li>\n\t\t\t\t\t\t\t\t<li class=\"elementor-icon-list-item\">\n\t\t\t\t\t\t\t\t\t\t\t<a href=\"https:\/\/apprende.jalisco.gob.mx\/direccion-lenguas-extranjeras\/wp-content\/uploads\/sites\/20\/2025\/08\/4-Folleto-Quejas-Denuncias-Sugerencias-PRONI-2025.pdf\" target=\"_blank\">\n\n\t\t\t\t\t\t\t\t\t\t\t\t<span class=\"elementor-icon-list-icon\">\n\t\t\t\t\t\t\t<i aria-hidden=\"true\" class=\"fas fa-file-download\"><\/i>\t\t\t\t\t\t<\/span>\n\t\t\t\t\t\t\t\t\t\t<span class=\"elementor-icon-list-text\">2025 Quejas Denuncias Sugerencias PRONI<\/span>\n\t\t\t\t\t\t\t\t\t\t\t<\/a>\n\t\t\t\t\t\t\t\t\t<\/li>\n\t\t\t\t\t\t\t\t<li class=\"elementor-icon-list-item\">\n\t\t\t\t\t\t\t\t\t\t\t<a href=\"https:\/\/apprende.jalisco.gob.mx\/direccion-lenguas-extranjeras\/wp-content\/uploads\/sites\/20\/2025\/08\/5-Lona-Que-es-la-Contraloria-Social-2025.pdf\" target=\"_blank\">\n\n\t\t\t\t\t\t\t\t\t\t\t\t<span class=\"elementor-icon-list-icon\">\n\t\t\t\t\t\t\t<i aria-hidden=\"true\" class=\"fas fa-file-download\"><\/i>\t\t\t\t\t\t<\/span>\n\t\t\t\t\t\t\t\t\t\t<span class=\"elementor-icon-list-text\">2025 Que es la Contraloria Social<\/span>\n\t\t\t\t\t\t\t\t\t\t\t<\/a>\n\t\t\t\t\t\t\t\t\t<\/li>\n\t\t\t\t\t\t\t\t<li class=\"elementor-icon-list-item\">\n\t\t\t\t\t\t\t\t\t\t\t<a href=\"https:\/\/apprende.jalisco.gob.mx\/direccion-lenguas-extranjeras\/wp-content\/uploads\/sites\/20\/2025\/08\/6-Triptico-Contraloria-Social-del-PRONI-2025.pdf\" target=\"_blank\">\n\n\t\t\t\t\t\t\t\t\t\t\t\t<span class=\"elementor-icon-list-icon\">\n\t\t\t\t\t\t\t<i aria-hidden=\"true\" class=\"fas fa-file-download\"><\/i>\t\t\t\t\t\t<\/span>\n\t\t\t\t\t\t\t\t\t\t<span class=\"elementor-icon-list-text\">2025 Contraloria Social del PRONI<\/span>\n\t\t\t\t\t\t\t\t\t\t\t<\/a>\n\t\t\t\t\t\t\t\t\t<\/li>\n\t\t\t\t\t\t\t\t<li class=\"elementor-icon-list-item\">\n\t\t\t\t\t\t\t\t\t\t\t<a href=\"https:\/\/apprende.jalisco.gob.mx\/direccion-lenguas-extranjeras\/wp-content\/uploads\/sites\/20\/2025\/11\/JALISCO_PRONI_Cartel.pdf\" target=\"_blank\">\n\n\t\t\t\t\t\t\t\t\t\t\t\t<span class=\"elementor-icon-list-icon\">\n\t\t\t\t\t\t\t<i aria-hidden=\"true\" class=\"fas fa-file-download\"><\/i>\t\t\t\t\t\t<\/span>\n\t\t\t\t\t\t\t\t\t\t<span class=\"elementor-icon-list-text\">Cartel PRONI<\/span>\n\t\t\t\t\t\t\t\t\t\t\t<\/a>\n\t\t\t\t\t\t\t\t\t<\/li>\n\t\t\t\t\t\t\t\t<li class=\"elementor-icon-list-item\">\n\t\t\t\t\t\t\t\t\t\t\t<a href=\"https:\/\/apprende.jalisco.gob.mx\/direccion-lenguas-extranjeras\/wp-content\/uploads\/sites\/20\/2025\/11\/JALISCO_PRONI_Infografia.pdf\" target=\"_blank\">\n\n\t\t\t\t\t\t\t\t\t\t\t\t<span class=\"elementor-icon-list-icon\">\n\t\t\t\t\t\t\t<i aria-hidden=\"true\" class=\"fas fa-file-download\"><\/i>\t\t\t\t\t\t<\/span>\n\t\t\t\t\t\t\t\t\t\t<span class=\"elementor-icon-list-text\">Infograf\u00eda PRONI<\/span>\n\t\t\t\t\t\t\t\t\t\t\t<\/a>\n\t\t\t\t\t\t\t\t\t<\/li>\n\t\t\t\t\t\t<\/ul>\n\t\t\t\t<\/div>\n\t\t\t\t<\/div>\n\t\t\t\t\t<\/div>\n\t\t<\/div>\n\t\t\t\t\t\t\t<\/div>\n\t\t<\/section>\n\t\t\t\t\t\t\t<\/div>\n\t\t","protected":false},"excerpt":{"rendered":"<p>Contralor\u00eda social 2025 Esquema de Contralor\u00eda Social 2025 Ficha T\u00e9cnica Contralor\u00eda Social PRONI 2025 Programa Anual de Trabajo de Contralor\u00eda Social 2025 Gu\u00eda Operativa Contralor\u00eda Social PRONI 2025 Anexo 1 Acta constituci\u00f3n de Contralor\u00eda Social 2025 Anexo 2 Acta de Sustituci\u00f3n Contralor\u00eda Social 2025 Anexo 3 Minuta Contralor\u00eda Social 2025 Anexo 4 Informe de Contralor\u00eda &hellip;<\/p>\n<p class=\"read-more\"> <a class=\"\" href=\"https:\/\/apprende.jalisco.gob.mx\/direccion-lenguas-extranjeras\/contraloria-social\/\"> <span class=\"screen-reader-text\">Contralor\u00eda social<\/span> Leer m\u00e1s &raquo;<\/a><\/p>\n","protected":false},"author":8,"featured_media":0,"parent":0,"menu_order":0,"comment_status":"closed","ping_status":"closed","template":"","meta":{"_monsterinsights_skip_tracking":false,"_monsterinsights_sitenote_active":false,"_monsterinsights_sitenote_note":"","_monsterinsights_sitenote_category":0,"site-sidebar-layout":"no-sidebar","site-content-layout":"page-builder","ast-site-content-layout":"","site-content-style":"default","site-sidebar-style":"default","ast-global-header-display":"","ast-banner-title-visibility":"","ast-main-header-display":"","ast-hfb-above-header-display":"","ast-hfb-below-header-display":"","ast-hfb-mobile-header-display":"","site-post-title":"disabled","ast-breadcrumbs-content":"","ast-featured-img":"disabled","footer-sml-layout":"","theme-transparent-header-meta":"","adv-header-id-meta":"","stick-header-meta":"","header-above-stick-meta":"","header-main-stick-meta":"","header-below-stick-meta":"","astra-migrate-meta-layouts":"","ep_exclude_from_search":false,"footnotes":""},"acf":[],"yoast_head":"<!-- This site is optimized with the Yoast SEO Premium plugin v17.7 (Yoast SEO v21.0) - https:\/\/yoast.com\/wordpress\/plugins\/seo\/ -->\n<title>Contralor\u00eda social - Direcci\u00f3n de Lenguas Extranjeras<\/title>\n<meta name=\"robots\" content=\"index, follow, max-snippet:-1, max-image-preview:large, max-video-preview:-1\" \/>\n<link rel=\"canonical\" href=\"https:\/\/apprende.jalisco.gob.mx\/direccion-lenguas-extranjeras\/contraloria-social\/\" \/>\n<meta property=\"og:locale\" content=\"es_MX\" \/>\n<meta property=\"og:type\" content=\"article\" \/>\n<meta property=\"og:title\" content=\"Contralor\u00eda social\" \/>\n<meta property=\"og:description\" content=\"Contralor\u00eda social 2025 Esquema de Contralor\u00eda Social 2025 Ficha T\u00e9cnica Contralor\u00eda Social PRONI 2025 Programa Anual de Trabajo de Contralor\u00eda Social 2025 Gu\u00eda Operativa Contralor\u00eda Social PRONI 2025 Anexo 1 Acta constituci\u00f3n de Contralor\u00eda Social 2025 Anexo 2 Acta de Sustituci\u00f3n Contralor\u00eda Social 2025 Anexo 3 Minuta Contralor\u00eda Social 2025 Anexo 4 Informe de Contralor\u00eda &hellip; Contralor\u00eda social Leer m\u00e1s &raquo;\" \/>\n<meta property=\"og:url\" content=\"https:\/\/apprende.jalisco.gob.mx\/direccion-lenguas-extranjeras\/contraloria-social\/\" \/>\n<meta property=\"og:site_name\" content=\"Direcci\u00f3n de Lenguas Extranjeras\" \/>\n<meta property=\"article:modified_time\" content=\"2025-11-11T16:15:52+00:00\" \/>\n<meta name=\"twitter:card\" content=\"summary_large_image\" \/>\n<meta name=\"twitter:label1\" content=\"Tiempo de lectura\" \/>\n\t<meta name=\"twitter:data1\" content=\"1 minuto\" \/>\n<script type=\"application\/ld+json\" class=\"yoast-schema-graph\">{\"@context\":\"https:\/\/schema.org\",\"@graph\":[{\"@type\":\"WebPage\",\"@id\":\"https:\/\/apprende.jalisco.gob.mx\/direccion-lenguas-extranjeras\/contraloria-social\/\",\"url\":\"https:\/\/apprende.jalisco.gob.mx\/direccion-lenguas-extranjeras\/contraloria-social\/\",\"name\":\"Contralor\u00eda social - Direcci\u00f3n de Lenguas Extranjeras\",\"isPartOf\":{\"@id\":\"https:\/\/apprende.jalisco.gob.mx\/direccion-lenguas-extranjeras\/#website\"},\"datePublished\":\"2024-07-10T18:16:50+00:00\",\"dateModified\":\"2025-11-11T16:15:52+00:00\",\"breadcrumb\":{\"@id\":\"https:\/\/apprende.jalisco.gob.mx\/direccion-lenguas-extranjeras\/contraloria-social\/#breadcrumb\"},\"inLanguage\":\"es-MX\",\"potentialAction\":[{\"@type\":\"ReadAction\",\"target\":[\"https:\/\/apprende.jalisco.gob.mx\/direccion-lenguas-extranjeras\/contraloria-social\/\"]}]},{\"@type\":\"BreadcrumbList\",\"@id\":\"https:\/\/apprende.jalisco.gob.mx\/direccion-lenguas-extranjeras\/contraloria-social\/#breadcrumb\",\"itemListElement\":[{\"@type\":\"ListItem\",\"position\":1,\"name\":\"Inicio\",\"item\":\"https:\/\/apprende.jalisco.gob.mx\/direccion-lenguas-extranjeras\/\"},{\"@type\":\"ListItem\",\"position\":2,\"name\":\"Contralor\u00eda social\"}]},{\"@type\":\"WebSite\",\"@id\":\"https:\/\/apprende.jalisco.gob.mx\/direccion-lenguas-extranjeras\/#website\",\"url\":\"https:\/\/apprende.jalisco.gob.mx\/direccion-lenguas-extranjeras\/\",\"name\":\"Direcci\u00f3n de Lenguas Extranjeras\",\"description\":\"Micrositio\",\"publisher\":{\"@id\":\"https:\/\/apprende.jalisco.gob.mx\/direccion-lenguas-extranjeras\/#organization\"},\"potentialAction\":[{\"@type\":\"SearchAction\",\"target\":{\"@type\":\"EntryPoint\",\"urlTemplate\":\"https:\/\/apprende.jalisco.gob.mx\/direccion-lenguas-extranjeras\/?s={search_term_string}\"},\"query-input\":\"required name=search_term_string\"}],\"inLanguage\":\"es-MX\"},{\"@type\":\"Organization\",\"@id\":\"https:\/\/apprende.jalisco.gob.mx\/direccion-lenguas-extranjeras\/#organization\",\"name\":\"Direcci\u00f3n de Lenguas Extranjeras\",\"url\":\"https:\/\/apprende.jalisco.gob.mx\/direccion-lenguas-extranjeras\/\",\"logo\":{\"@type\":\"ImageObject\",\"inLanguage\":\"es-MX\",\"@id\":\"https:\/\/apprende.jalisco.gob.mx\/direccion-lenguas-extranjeras\/#\/schema\/logo\/image\/\",\"url\":\"https:\/\/apprende.jalisco.gob.mx\/direccion-lenguas-extranjeras\/wp-content\/uploads\/sites\/20\/2022\/03\/logo-Educacion2025.png\",\"contentUrl\":\"https:\/\/apprende.jalisco.gob.mx\/direccion-lenguas-extranjeras\/wp-content\/uploads\/sites\/20\/2022\/03\/logo-Educacion2025.png\",\"width\":427,\"height\":108,\"caption\":\"Direcci\u00f3n de Lenguas Extranjeras\"},\"image\":{\"@id\":\"https:\/\/apprende.jalisco.gob.mx\/direccion-lenguas-extranjeras\/#\/schema\/logo\/image\/\"}}]}<\/script>\n<!-- \/ Yoast SEO Premium plugin. -->","yoast_head_json":{"title":"Contralor\u00eda social - Direcci\u00f3n de Lenguas Extranjeras","robots":{"index":"index","follow":"follow","max-snippet":"max-snippet:-1","max-image-preview":"max-image-preview:large","max-video-preview":"max-video-preview:-1"},"canonical":"https:\/\/apprende.jalisco.gob.mx\/direccion-lenguas-extranjeras\/contraloria-social\/","og_locale":"es_MX","og_type":"article","og_title":"Contralor\u00eda social","og_description":"Contralor\u00eda social 2025 Esquema de Contralor\u00eda Social 2025 Ficha T\u00e9cnica Contralor\u00eda Social PRONI 2025 Programa Anual de Trabajo de Contralor\u00eda Social 2025 Gu\u00eda Operativa Contralor\u00eda Social PRONI 2025 Anexo 1 Acta constituci\u00f3n de Contralor\u00eda Social 2025 Anexo 2 Acta de Sustituci\u00f3n Contralor\u00eda Social 2025 Anexo 3 Minuta Contralor\u00eda Social 2025 Anexo 4 Informe de Contralor\u00eda &hellip; Contralor\u00eda social Leer m\u00e1s &raquo;","og_url":"https:\/\/apprende.jalisco.gob.mx\/direccion-lenguas-extranjeras\/contraloria-social\/","og_site_name":"Direcci\u00f3n de Lenguas Extranjeras","article_modified_time":"2025-11-11T16:15:52+00:00","twitter_card":"summary_large_image","twitter_misc":{"Tiempo de lectura":"1 minuto"},"schema":{"@context":"https:\/\/schema.org","@graph":[{"@type":"WebPage","@id":"https:\/\/apprende.jalisco.gob.mx\/direccion-lenguas-extranjeras\/contraloria-social\/","url":"https:\/\/apprende.jalisco.gob.mx\/direccion-lenguas-extranjeras\/contraloria-social\/","name":"Contralor\u00eda social - Direcci\u00f3n de Lenguas Extranjeras","isPartOf":{"@id":"https:\/\/apprende.jalisco.gob.mx\/direccion-lenguas-extranjeras\/#website"},"datePublished":"2024-07-10T18:16:50+00:00","dateModified":"2025-11-11T16:15:52+00:00","breadcrumb":{"@id":"https:\/\/apprende.jalisco.gob.mx\/direccion-lenguas-extranjeras\/contraloria-social\/#breadcrumb"},"inLanguage":"es-MX","potentialAction":[{"@type":"ReadAction","target":["https:\/\/apprende.jalisco.gob.mx\/direccion-lenguas-extranjeras\/contraloria-social\/"]}]},{"@type":"BreadcrumbList","@id":"https:\/\/apprende.jalisco.gob.mx\/direccion-lenguas-extranjeras\/contraloria-social\/#breadcrumb","itemListElement":[{"@type":"ListItem","position":1,"name":"Inicio","item":"https:\/\/apprende.jalisco.gob.mx\/direccion-lenguas-extranjeras\/"},{"@type":"ListItem","position":2,"name":"Contralor\u00eda social"}]},{"@type":"WebSite","@id":"https:\/\/apprende.jalisco.gob.mx\/direccion-lenguas-extranjeras\/#website","url":"https:\/\/apprende.jalisco.gob.mx\/direccion-lenguas-extranjeras\/","name":"Direcci\u00f3n de Lenguas Extranjeras","description":"Micrositio","publisher":{"@id":"https:\/\/apprende.jalisco.gob.mx\/direccion-lenguas-extranjeras\/#organization"},"potentialAction":[{"@type":"SearchAction","target":{"@type":"EntryPoint","urlTemplate":"https:\/\/apprende.jalisco.gob.mx\/direccion-lenguas-extranjeras\/?s={search_term_string}"},"query-input":"required name=search_term_string"}],"inLanguage":"es-MX"},{"@type":"Organization","@id":"https:\/\/apprende.jalisco.gob.mx\/direccion-lenguas-extranjeras\/#organization","name":"Direcci\u00f3n de Lenguas Extranjeras","url":"https:\/\/apprende.jalisco.gob.mx\/direccion-lenguas-extranjeras\/","logo":{"@type":"ImageObject","inLanguage":"es-MX","@id":"https:\/\/apprende.jalisco.gob.mx\/direccion-lenguas-extranjeras\/#\/schema\/logo\/image\/","url":"https:\/\/apprende.jalisco.gob.mx\/direccion-lenguas-extranjeras\/wp-content\/uploads\/sites\/20\/2022\/03\/logo-Educacion2025.png","contentUrl":"https:\/\/apprende.jalisco.gob.mx\/direccion-lenguas-extranjeras\/wp-content\/uploads\/sites\/20\/2022\/03\/logo-Educacion2025.png","width":427,"height":108,"caption":"Direcci\u00f3n de Lenguas Extranjeras"},"image":{"@id":"https:\/\/apprende.jalisco.gob.mx\/direccion-lenguas-extranjeras\/#\/schema\/logo\/image\/"}}]}},"_links":{"self":[{"href":"https:\/\/apprende.jalisco.gob.mx\/direccion-lenguas-extranjeras\/wp-json\/wp\/v2\/pages\/3525"}],"collection":[{"href":"https:\/\/apprende.jalisco.gob.mx\/direccion-lenguas-extranjeras\/wp-json\/wp\/v2\/pages"}],"about":[{"href":"https:\/\/apprende.jalisco.gob.mx\/direccion-lenguas-extranjeras\/wp-json\/wp\/v2\/types\/page"}],"author":[{"embeddable":true,"href":"https:\/\/apprende.jalisco.gob.mx\/direccion-lenguas-extranjeras\/wp-json\/wp\/v2\/users\/8"}],"replies":[{"embeddable":true,"href":"https:\/\/apprende.jalisco.gob.mx\/direccion-lenguas-extranjeras\/wp-json\/wp\/v2\/comments?post=3525"}],"version-history":[{"count":28,"href":"https:\/\/apprende.jalisco.gob.mx\/direccion-lenguas-extranjeras\/wp-json\/wp\/v2\/pages\/3525\/revisions"}],"predecessor-version":[{"id":3712,"href":"https:\/\/apprende.jalisco.gob.mx\/direccion-lenguas-extranjeras\/wp-json\/wp\/v2\/pages\/3525\/revisions\/3712"}],"wp:attachment":[{"href":"https:\/\/apprende.jalisco.gob.mx\/direccion-lenguas-extranjeras\/wp-json\/wp\/v2\/media?parent=3525"}],"curies":[{"name":"wp","href":"https:\/\/api.w.org\/{rel}","templated":true}]}}