{"id":3731,"date":"2022-10-13T19:57:01","date_gmt":"2022-10-14T00:57:01","guid":{"rendered":"https:\/\/recrea.jalisco.gob.mx\/direccion-participacion-social\/?page_id=3731"},"modified":"2022-10-13T19:58:53","modified_gmt":"2022-10-14T00:58:53","slug":"consejo-de-participacion-escolar","status":"publish","type":"page","link":"https:\/\/apprende.jalisco.gob.mx\/direccion-participacion-social\/consejo-de-participacion-escolar\/","title":{"rendered":"Consejo de Participaci\u00f3n Escolar"},"content":{"rendered":"\t\t<div data-elementor-type=\"wp-page\" data-elementor-id=\"3731\" class=\"elementor elementor-3731\" data-elementor-post-type=\"page\">\n\t\t\t\t\t\t\t\t\t<section class=\"elementor-section elementor-top-section elementor-element elementor-element-90e1ac2 elementor-section-boxed elementor-section-height-default elementor-section-height-default\" data-id=\"90e1ac2\" data-element_type=\"section\" data-settings=\"{&quot;ekit_has_onepagescroll_dot&quot;:&quot;yes&quot;}\">\n\t\t\t\t\t\t<div class=\"elementor-container elementor-column-gap-default\">\n\t\t\t\t\t<div class=\"elementor-column elementor-col-100 elementor-top-column elementor-element elementor-element-e1a6d5c\" data-id=\"e1a6d5c\" data-element_type=\"column\">\n\t\t\t<div class=\"elementor-widget-wrap elementor-element-populated\">\n\t\t\t\t\t\t\t\t<div class=\"elementor-element elementor-element-feb4731 elementor-widget elementor-widget-breadcrumbs\" data-id=\"feb4731\" data-element_type=\"widget\" data-settings=\"{&quot;ekit_we_effect_on&quot;:&quot;none&quot;}\" data-widget_type=\"breadcrumbs.default\">\n\t\t\t\t<div class=\"elementor-widget-container\">\n\t\t\t<div id=\"breadcrumbs\"><span><span><a href=\"https:\/\/apprende.jalisco.gob.mx\/direccion-participacion-social\/\">Inicio<\/a><\/span><\/span><\/div>\t\t<\/div>\n\t\t\t\t<\/div>\n\t\t\t\t\t<\/div>\n\t\t<\/div>\n\t\t\t\t\t\t\t<\/div>\n\t\t<\/section>\n\t\t\t\t<section class=\"elementor-section elementor-top-section elementor-element elementor-element-f598b9d elementor-section-boxed elementor-section-height-default elementor-section-height-default\" data-id=\"f598b9d\" data-element_type=\"section\" data-settings=\"{&quot;ekit_has_onepagescroll_dot&quot;:&quot;yes&quot;}\">\n\t\t\t\t\t\t<div class=\"elementor-container elementor-column-gap-default\">\n\t\t\t\t\t<div class=\"elementor-column elementor-col-100 elementor-top-column elementor-element elementor-element-4e47999\" data-id=\"4e47999\" data-element_type=\"column\">\n\t\t\t<div class=\"elementor-widget-wrap elementor-element-populated\">\n\t\t\t\t\t\t\t\t<div class=\"elementor-element elementor-element-19eac19 elementor-widget elementor-widget-heading\" data-id=\"19eac19\" data-element_type=\"widget\" data-settings=\"{&quot;ekit_we_effect_on&quot;:&quot;none&quot;}\" data-widget_type=\"heading.default\">\n\t\t\t\t<div class=\"elementor-widget-container\">\n\t\t\t<h2 class=\"elementor-heading-title elementor-size-default\">Consejo de Participaci\u00f3n Escolar<\/h2>\t\t<\/div>\n\t\t\t\t<\/div>\n\t\t\t\t<div class=\"elementor-element elementor-element-e8764a6 elementor-widget elementor-widget-accordion\" data-id=\"e8764a6\" data-element_type=\"widget\" data-settings=\"{&quot;ekit_we_effect_on&quot;:&quot;none&quot;}\" data-widget_type=\"accordion.default\">\n\t\t\t\t<div class=\"elementor-widget-container\">\n\t\t\t\t\t<div class=\"elementor-accordion\">\n\t\t\t\t\t\t\t<div class=\"elementor-accordion-item\">\n\t\t\t\t\t<div id=\"elementor-tab-title-2431\" class=\"elementor-tab-title\" data-tab=\"1\" role=\"button\" aria-controls=\"elementor-tab-content-2431\" aria-expanded=\"false\">\n\t\t\t\t\t\t\t\t\t\t\t\t\t<span class=\"elementor-accordion-icon elementor-accordion-icon-left\" aria-hidden=\"true\">\n\t\t\t\t\t\t\t\t\t\t\t\t\t\t\t<span class=\"elementor-accordion-icon-closed\"><i class=\"fas fa-plus\"><\/i><\/span>\n\t\t\t\t\t\t\t\t<span class=\"elementor-accordion-icon-opened\"><i class=\"fas fa-minus\"><\/i><\/span>\n\t\t\t\t\t\t\t\t\t\t\t\t\t\t<\/span>\n\t\t\t\t\t\t\t\t\t\t\t\t<a class=\"elementor-accordion-title\" tabindex=\"0\">CONSEJO ESCOLAR<\/a>\n\t\t\t\t\t<\/div>\n\t\t\t\t\t<div id=\"elementor-tab-content-2431\" class=\"elementor-tab-content elementor-clearfix\" data-tab=\"1\" role=\"region\" aria-labelledby=\"elementor-tab-title-2431\"><p>Es el \u00f3rgano colegiado donde participa la comunidad educativa como instancia de consulta, colaboraci\u00f3n y apoyo con el objeto de respaldar el trabajo de los maestros y apoyar las labores cotidianas de la escuela. Los consejos escolares se conformar\u00e1n por un consejero presidente y un secretario t\u00e9cnico (Director o autoridad educativa) y de nueve a veinticinco consejeros. Su participaci\u00f3n ser\u00e1 en el fortalecimiento educativo y en la gestor\u00eda para el mejoramiento del plantel escolar.<\/p><\/div>\n\t\t\t\t<\/div>\n\t\t\t\t\t\t\t<div class=\"elementor-accordion-item\">\n\t\t\t\t\t<div id=\"elementor-tab-title-2432\" class=\"elementor-tab-title\" data-tab=\"2\" role=\"button\" aria-controls=\"elementor-tab-content-2432\" aria-expanded=\"false\">\n\t\t\t\t\t\t\t\t\t\t\t\t\t<span class=\"elementor-accordion-icon elementor-accordion-icon-left\" aria-hidden=\"true\">\n\t\t\t\t\t\t\t\t\t\t\t\t\t\t\t<span class=\"elementor-accordion-icon-closed\"><i class=\"fas fa-plus\"><\/i><\/span>\n\t\t\t\t\t\t\t\t<span class=\"elementor-accordion-icon-opened\"><i class=\"fas fa-minus\"><\/i><\/span>\n\t\t\t\t\t\t\t\t\t\t\t\t\t\t<\/span>\n\t\t\t\t\t\t\t\t\t\t\t\t<a class=\"elementor-accordion-title\" tabindex=\"0\">CONSEJO MUNICIPAL<\/a>\n\t\t\t\t\t<\/div>\n\t\t\t\t\t<div id=\"elementor-tab-content-2432\" class=\"elementor-tab-content elementor-clearfix\" data-tab=\"2\" role=\"region\" aria-labelledby=\"elementor-tab-title-2432\"><p>Es el \u00f3rgano colegiado donde participa la comunidad educativa de cada municipio como instancia de consulta, colaboraci\u00f3n y apoyo que tendr\u00e1 por objeto promover la participaci\u00f3n de la sociedad en acciones que permitan elevar la calidad de la educaci\u00f3n b\u00e1sica y ampliar la cobertura de los servicios educativos.<\/p><\/div>\n\t\t\t\t<\/div>\n\t\t\t\t\t\t\t<div class=\"elementor-accordion-item\">\n\t\t\t\t\t<div id=\"elementor-tab-title-2433\" class=\"elementor-tab-title\" data-tab=\"3\" role=\"button\" aria-controls=\"elementor-tab-content-2433\" aria-expanded=\"false\">\n\t\t\t\t\t\t\t\t\t\t\t\t\t<span class=\"elementor-accordion-icon elementor-accordion-icon-left\" aria-hidden=\"true\">\n\t\t\t\t\t\t\t\t\t\t\t\t\t\t\t<span class=\"elementor-accordion-icon-closed\"><i class=\"fas fa-plus\"><\/i><\/span>\n\t\t\t\t\t\t\t\t<span class=\"elementor-accordion-icon-opened\"><i class=\"fas fa-minus\"><\/i><\/span>\n\t\t\t\t\t\t\t\t\t\t\t\t\t\t<\/span>\n\t\t\t\t\t\t\t\t\t\t\t\t<a class=\"elementor-accordion-title\" tabindex=\"0\">CONSEJO ESTATAL<\/a>\n\t\t\t\t\t<\/div>\n\t\t\t\t\t<div id=\"elementor-tab-content-2433\" class=\"elementor-tab-content elementor-clearfix\" data-tab=\"3\" role=\"region\" aria-labelledby=\"elementor-tab-title-2433\"><p>El Consejo Estatal de Participaci\u00f3n Social en la Educaci\u00f3n del Estado de Jalisco es una instancia que tiene como prop\u00f3sito participar en actividades tendientes a fortalecer y elevar la calidad y la equidad de la educaci\u00f3n b\u00e1sica, as\u00ed como ampliar la cobertura de los servicios educativos, de conformidad con lo que establece el art\u00edculo 68 de la Ley General de Educaci\u00f3n.<\/p><\/div>\n\t\t\t\t<\/div>\n\t\t\t\t\t\t\t<div class=\"elementor-accordion-item\">\n\t\t\t\t\t<div id=\"elementor-tab-title-2434\" class=\"elementor-tab-title\" data-tab=\"4\" role=\"button\" aria-controls=\"elementor-tab-content-2434\" aria-expanded=\"false\">\n\t\t\t\t\t\t\t\t\t\t\t\t\t<span class=\"elementor-accordion-icon elementor-accordion-icon-left\" aria-hidden=\"true\">\n\t\t\t\t\t\t\t\t\t\t\t\t\t\t\t<span class=\"elementor-accordion-icon-closed\"><i class=\"fas fa-plus\"><\/i><\/span>\n\t\t\t\t\t\t\t\t<span class=\"elementor-accordion-icon-opened\"><i class=\"fas fa-minus\"><\/i><\/span>\n\t\t\t\t\t\t\t\t\t\t\t\t\t\t<\/span>\n\t\t\t\t\t\t\t\t\t\t\t\t<a class=\"elementor-accordion-title\" tabindex=\"0\">DIRECCI\u00d3N GENERAL DE SEGUIMIENTO Y OPERACI\u00d3N EDUCATIVA DE LA SEP<\/a>\n\t\t\t\t\t<\/div>\n\t\t\t\t\t<div id=\"elementor-tab-content-2434\" class=\"elementor-tab-content elementor-clearfix\" data-tab=\"4\" role=\"region\" aria-labelledby=\"elementor-tab-title-2434\"><p>Es la instancia nacional de consulta, colaboraci\u00f3n, apoyo e informaci\u00f3n, en la que se encuentren representados padres de familia y sus asociaciones, maestros y su organizaci\u00f3n sindical, quienes acudir\u00e1n como representantes de los intereses laborales de los trabajadores, autoridades educativas, organizaciones de la sociedad civil cuyo objeto social sea la educaci\u00f3n, as\u00ed como los sectores social y productivo especialmente interesados en la educaci\u00f3n<\/p><\/div>\n\t\t\t\t<\/div>\n\t\t\t\t\t\t\t\t<\/div>\n\t\t\t\t<\/div>\n\t\t\t\t<\/div>\n\t\t\t\t<section class=\"elementor-section elementor-inner-section elementor-element elementor-element-3a3f935 elementor-section-boxed elementor-section-height-default elementor-section-height-default\" data-id=\"3a3f935\" data-element_type=\"section\" id=\"ajedrez\" data-settings=\"{&quot;ekit_has_onepagescroll_dot&quot;:&quot;yes&quot;}\">\n\t\t\t\t\t\t<div class=\"elementor-container elementor-column-gap-default\">\n\t\t\t\t\t<div class=\"elementor-column elementor-col-100 elementor-inner-column elementor-element elementor-element-53890f7\" data-id=\"53890f7\" data-element_type=\"column\">\n\t\t\t<div class=\"elementor-widget-wrap\">\n\t\t\t\t\t\t\t\t\t<\/div>\n\t\t<\/div>\n\t\t\t\t\t\t\t<\/div>\n\t\t<\/section>\n\t\t\t\t\t<\/div>\n\t\t<\/div>\n\t\t\t\t\t\t\t<\/div>\n\t\t<\/section>\n\t\t\t\t\t\t\t<\/div>\n\t\t","protected":false},"excerpt":{"rendered":"<p>CONSEJO ESCOLAR Es el \u00f3rgano colegiado donde participa la comunidad educativa como instancia de consulta, colaboraci\u00f3n y apoyo con el objeto de respaldar el trabajo de los maestros y apoyar las labores cotidianas de la escuela. Los consejos escolares se conformar\u00e1n por un consejero presidente y un secretario t\u00e9cnico (Director o autoridad educativa) y de &hellip;<\/p>\n<p class=\"read-more\"> <a class=\"\" href=\"https:\/\/apprende.jalisco.gob.mx\/direccion-participacion-social\/consejo-de-participacion-escolar\/\"> <span class=\"screen-reader-text\">Consejo de Participaci\u00f3n Escolar<\/span> Leer m\u00e1s &raquo;<\/a><\/p>\n","protected":false},"author":5,"featured_media":0,"parent":0,"menu_order":0,"comment_status":"closed","ping_status":"closed","template":"","meta":{"_monsterinsights_skip_tracking":false,"_monsterinsights_sitenote_active":false,"_monsterinsights_sitenote_note":"","_monsterinsights_sitenote_category":0,"site-sidebar-layout":"no-sidebar","site-content-layout":"page-builder","ast-site-content-layout":"","site-content-style":"default","site-sidebar-style":"default","ast-global-header-display":"","ast-banner-title-visibility":"","ast-main-header-display":"","ast-hfb-above-header-display":"","ast-hfb-below-header-display":"","ast-hfb-mobile-header-display":"","site-post-title":"disabled","ast-breadcrumbs-content":"","ast-featured-img":"disabled","footer-sml-layout":"","theme-transparent-header-meta":"","adv-header-id-meta":"","stick-header-meta":"","header-above-stick-meta":"","header-main-stick-meta":"","header-below-stick-meta":"","astra-migrate-meta-layouts":"","ep_exclude_from_search":false,"footnotes":""},"acf":[],"yoast_head":"<!-- This site is optimized with the Yoast SEO Premium plugin v17.7 (Yoast SEO v21.0) - https:\/\/yoast.com\/wordpress\/plugins\/seo\/ -->\n<title>Consejo de Participaci\u00f3n Escolar - Direcci\u00f3n de Participaci\u00f3n Social<\/title>\n<meta name=\"robots\" content=\"index, follow, max-snippet:-1, max-image-preview:large, max-video-preview:-1\" \/>\n<link rel=\"canonical\" href=\"https:\/\/apprende.jalisco.gob.mx\/direccion-participacion-social\/consejo-de-participacion-escolar\/\" \/>\n<meta property=\"og:locale\" content=\"es_MX\" \/>\n<meta property=\"og:type\" content=\"article\" \/>\n<meta property=\"og:title\" content=\"Consejo de Participaci\u00f3n Escolar\" \/>\n<meta property=\"og:description\" content=\"CONSEJO ESCOLAR Es el \u00f3rgano colegiado donde participa la comunidad educativa como instancia de consulta, colaboraci\u00f3n y apoyo con el objeto de respaldar el trabajo de los maestros y apoyar las labores cotidianas de la escuela. Los consejos escolares se conformar\u00e1n por un consejero presidente y un secretario t\u00e9cnico (Director o autoridad educativa) y de &hellip; Consejo de Participaci\u00f3n Escolar Leer m\u00e1s &raquo;\" \/>\n<meta property=\"og:url\" content=\"https:\/\/apprende.jalisco.gob.mx\/direccion-participacion-social\/consejo-de-participacion-escolar\/\" \/>\n<meta property=\"og:site_name\" content=\"Direcci\u00f3n de Participaci\u00f3n Social\" \/>\n<meta property=\"article:modified_time\" content=\"2022-10-14T00:58:53+00:00\" \/>\n<meta name=\"twitter:card\" content=\"summary_large_image\" \/>\n<meta name=\"twitter:label1\" content=\"Tiempo de lectura\" \/>\n\t<meta name=\"twitter:data1\" content=\"2 minutos\" \/>\n<script type=\"application\/ld+json\" class=\"yoast-schema-graph\">{\"@context\":\"https:\/\/schema.org\",\"@graph\":[{\"@type\":\"WebPage\",\"@id\":\"https:\/\/apprende.jalisco.gob.mx\/direccion-participacion-social\/consejo-de-participacion-escolar\/\",\"url\":\"https:\/\/apprende.jalisco.gob.mx\/direccion-participacion-social\/consejo-de-participacion-escolar\/\",\"name\":\"Consejo de Participaci\u00f3n Escolar - Direcci\u00f3n de Participaci\u00f3n Social\",\"isPartOf\":{\"@id\":\"https:\/\/apprende.jalisco.gob.mx\/direccion-participacion-social\/#website\"},\"datePublished\":\"2022-10-14T00:57:01+00:00\",\"dateModified\":\"2022-10-14T00:58:53+00:00\",\"breadcrumb\":{\"@id\":\"https:\/\/apprende.jalisco.gob.mx\/direccion-participacion-social\/consejo-de-participacion-escolar\/#breadcrumb\"},\"inLanguage\":\"es-MX\",\"potentialAction\":[{\"@type\":\"ReadAction\",\"target\":[\"https:\/\/apprende.jalisco.gob.mx\/direccion-participacion-social\/consejo-de-participacion-escolar\/\"]}]},{\"@type\":\"BreadcrumbList\",\"@id\":\"https:\/\/apprende.jalisco.gob.mx\/direccion-participacion-social\/consejo-de-participacion-escolar\/#breadcrumb\",\"itemListElement\":[{\"@type\":\"ListItem\",\"position\":1,\"name\":\"Inicio\",\"item\":\"https:\/\/apprende.jalisco.gob.mx\/direccion-participacion-social\/\"},{\"@type\":\"ListItem\",\"position\":2,\"name\":\"Consejo de Participaci\u00f3n Escolar\"}]},{\"@type\":\"WebSite\",\"@id\":\"https:\/\/apprende.jalisco.gob.mx\/direccion-participacion-social\/#website\",\"url\":\"https:\/\/apprende.jalisco.gob.mx\/direccion-participacion-social\/\",\"name\":\"Direcci\u00f3n de Participaci\u00f3n Social\",\"description\":\"Micrositio\",\"publisher\":{\"@id\":\"https:\/\/apprende.jalisco.gob.mx\/direccion-participacion-social\/#organization\"},\"potentialAction\":[{\"@type\":\"SearchAction\",\"target\":{\"@type\":\"EntryPoint\",\"urlTemplate\":\"https:\/\/apprende.jalisco.gob.mx\/direccion-participacion-social\/?s={search_term_string}\"},\"query-input\":\"required name=search_term_string\"}],\"inLanguage\":\"es-MX\"},{\"@type\":\"Organization\",\"@id\":\"https:\/\/apprende.jalisco.gob.mx\/direccion-participacion-social\/#organization\",\"name\":\"Direcci\u00f3n de Participaci\u00f3n Social\",\"url\":\"https:\/\/apprende.jalisco.gob.mx\/direccion-participacion-social\/\",\"logo\":{\"@type\":\"ImageObject\",\"inLanguage\":\"es-MX\",\"@id\":\"https:\/\/apprende.jalisco.gob.mx\/direccion-participacion-social\/#\/schema\/logo\/image\/\",\"url\":\"https:\/\/apprende.jalisco.gob.mx\/direccion-participacion-social\/wp-content\/uploads\/sites\/33\/2022\/03\/logo-Educacion2025.png\",\"contentUrl\":\"https:\/\/apprende.jalisco.gob.mx\/direccion-participacion-social\/wp-content\/uploads\/sites\/33\/2022\/03\/logo-Educacion2025.png\",\"width\":427,\"height\":108,\"caption\":\"Direcci\u00f3n de Participaci\u00f3n Social\"},\"image\":{\"@id\":\"https:\/\/apprende.jalisco.gob.mx\/direccion-participacion-social\/#\/schema\/logo\/image\/\"}}]}<\/script>\n<!-- \/ Yoast SEO Premium plugin. -->","yoast_head_json":{"title":"Consejo de Participaci\u00f3n Escolar - Direcci\u00f3n de Participaci\u00f3n Social","robots":{"index":"index","follow":"follow","max-snippet":"max-snippet:-1","max-image-preview":"max-image-preview:large","max-video-preview":"max-video-preview:-1"},"canonical":"https:\/\/apprende.jalisco.gob.mx\/direccion-participacion-social\/consejo-de-participacion-escolar\/","og_locale":"es_MX","og_type":"article","og_title":"Consejo de Participaci\u00f3n Escolar","og_description":"CONSEJO ESCOLAR Es el \u00f3rgano colegiado donde participa la comunidad educativa como instancia de consulta, colaboraci\u00f3n y apoyo con el objeto de respaldar el trabajo de los maestros y apoyar las labores cotidianas de la escuela. Los consejos escolares se conformar\u00e1n por un consejero presidente y un secretario t\u00e9cnico (Director o autoridad educativa) y de &hellip; Consejo de Participaci\u00f3n Escolar Leer m\u00e1s &raquo;","og_url":"https:\/\/apprende.jalisco.gob.mx\/direccion-participacion-social\/consejo-de-participacion-escolar\/","og_site_name":"Direcci\u00f3n de Participaci\u00f3n Social","article_modified_time":"2022-10-14T00:58:53+00:00","twitter_card":"summary_large_image","twitter_misc":{"Tiempo de lectura":"2 minutos"},"schema":{"@context":"https:\/\/schema.org","@graph":[{"@type":"WebPage","@id":"https:\/\/apprende.jalisco.gob.mx\/direccion-participacion-social\/consejo-de-participacion-escolar\/","url":"https:\/\/apprende.jalisco.gob.mx\/direccion-participacion-social\/consejo-de-participacion-escolar\/","name":"Consejo de Participaci\u00f3n Escolar - Direcci\u00f3n de Participaci\u00f3n Social","isPartOf":{"@id":"https:\/\/apprende.jalisco.gob.mx\/direccion-participacion-social\/#website"},"datePublished":"2022-10-14T00:57:01+00:00","dateModified":"2022-10-14T00:58:53+00:00","breadcrumb":{"@id":"https:\/\/apprende.jalisco.gob.mx\/direccion-participacion-social\/consejo-de-participacion-escolar\/#breadcrumb"},"inLanguage":"es-MX","potentialAction":[{"@type":"ReadAction","target":["https:\/\/apprende.jalisco.gob.mx\/direccion-participacion-social\/consejo-de-participacion-escolar\/"]}]},{"@type":"BreadcrumbList","@id":"https:\/\/apprende.jalisco.gob.mx\/direccion-participacion-social\/consejo-de-participacion-escolar\/#breadcrumb","itemListElement":[{"@type":"ListItem","position":1,"name":"Inicio","item":"https:\/\/apprende.jalisco.gob.mx\/direccion-participacion-social\/"},{"@type":"ListItem","position":2,"name":"Consejo de Participaci\u00f3n Escolar"}]},{"@type":"WebSite","@id":"https:\/\/apprende.jalisco.gob.mx\/direccion-participacion-social\/#website","url":"https:\/\/apprende.jalisco.gob.mx\/direccion-participacion-social\/","name":"Direcci\u00f3n de Participaci\u00f3n Social","description":"Micrositio","publisher":{"@id":"https:\/\/apprende.jalisco.gob.mx\/direccion-participacion-social\/#organization"},"potentialAction":[{"@type":"SearchAction","target":{"@type":"EntryPoint","urlTemplate":"https:\/\/apprende.jalisco.gob.mx\/direccion-participacion-social\/?s={search_term_string}"},"query-input":"required name=search_term_string"}],"inLanguage":"es-MX"},{"@type":"Organization","@id":"https:\/\/apprende.jalisco.gob.mx\/direccion-participacion-social\/#organization","name":"Direcci\u00f3n de Participaci\u00f3n Social","url":"https:\/\/apprende.jalisco.gob.mx\/direccion-participacion-social\/","logo":{"@type":"ImageObject","inLanguage":"es-MX","@id":"https:\/\/apprende.jalisco.gob.mx\/direccion-participacion-social\/#\/schema\/logo\/image\/","url":"https:\/\/apprende.jalisco.gob.mx\/direccion-participacion-social\/wp-content\/uploads\/sites\/33\/2022\/03\/logo-Educacion2025.png","contentUrl":"https:\/\/apprende.jalisco.gob.mx\/direccion-participacion-social\/wp-content\/uploads\/sites\/33\/2022\/03\/logo-Educacion2025.png","width":427,"height":108,"caption":"Direcci\u00f3n de Participaci\u00f3n Social"},"image":{"@id":"https:\/\/apprende.jalisco.gob.mx\/direccion-participacion-social\/#\/schema\/logo\/image\/"}}]}},"_links":{"self":[{"href":"https:\/\/apprende.jalisco.gob.mx\/direccion-participacion-social\/wp-json\/wp\/v2\/pages\/3731"}],"collection":[{"href":"https:\/\/apprende.jalisco.gob.mx\/direccion-participacion-social\/wp-json\/wp\/v2\/pages"}],"about":[{"href":"https:\/\/apprende.jalisco.gob.mx\/direccion-participacion-social\/wp-json\/wp\/v2\/types\/page"}],"author":[{"embeddable":true,"href":"https:\/\/apprende.jalisco.gob.mx\/direccion-participacion-social\/wp-json\/wp\/v2\/users\/5"}],"replies":[{"embeddable":true,"href":"https:\/\/apprende.jalisco.gob.mx\/direccion-participacion-social\/wp-json\/wp\/v2\/comments?post=3731"}],"version-history":[{"count":4,"href":"https:\/\/apprende.jalisco.gob.mx\/direccion-participacion-social\/wp-json\/wp\/v2\/pages\/3731\/revisions"}],"predecessor-version":[{"id":3735,"href":"https:\/\/apprende.jalisco.gob.mx\/direccion-participacion-social\/wp-json\/wp\/v2\/pages\/3731\/revisions\/3735"}],"wp:attachment":[{"href":"https:\/\/apprende.jalisco.gob.mx\/direccion-participacion-social\/wp-json\/wp\/v2\/media?parent=3731"}],"curies":[{"name":"wp","href":"https:\/\/api.w.org\/{rel}","templated":true}]}}