{"id":3736,"date":"2022-10-13T19:59:05","date_gmt":"2022-10-14T00:59:05","guid":{"rendered":"https:\/\/recrea.jalisco.gob.mx\/direccion-participacion-social\/?page_id=3736"},"modified":"2025-02-25T11:03:24","modified_gmt":"2025-02-25T17:03:24","slug":"centros-de-atencion-y-servicios","status":"publish","type":"page","link":"https:\/\/apprende.jalisco.gob.mx\/direccion-participacion-social\/centros-de-atencion-y-servicios\/","title":{"rendered":"Centros de Atenci\u00f3n y Servicios"},"content":{"rendered":"\t\t<div data-elementor-type=\"wp-page\" data-elementor-id=\"3736\" class=\"elementor elementor-3736\" data-elementor-post-type=\"page\">\n\t\t\t\t\t\t\t\t\t<section class=\"elementor-section elementor-top-section elementor-element elementor-element-90e1ac2 elementor-section-boxed elementor-section-height-default elementor-section-height-default\" data-id=\"90e1ac2\" data-element_type=\"section\" data-settings=\"{&quot;ekit_has_onepagescroll_dot&quot;:&quot;yes&quot;}\">\n\t\t\t\t\t\t<div class=\"elementor-container elementor-column-gap-default\">\n\t\t\t\t\t<div class=\"elementor-column elementor-col-100 elementor-top-column elementor-element elementor-element-e1a6d5c\" data-id=\"e1a6d5c\" data-element_type=\"column\">\n\t\t\t<div class=\"elementor-widget-wrap elementor-element-populated\">\n\t\t\t\t\t\t\t\t<div class=\"elementor-element elementor-element-feb4731 elementor-widget elementor-widget-breadcrumbs\" data-id=\"feb4731\" data-element_type=\"widget\" data-settings=\"{&quot;ekit_we_effect_on&quot;:&quot;none&quot;}\" data-widget_type=\"breadcrumbs.default\">\n\t\t\t\t<div class=\"elementor-widget-container\">\n\t\t\t<div id=\"breadcrumbs\"><span><span><a href=\"https:\/\/apprende.jalisco.gob.mx\/direccion-participacion-social\/\">Inicio<\/a><\/span><\/span><\/div>\t\t<\/div>\n\t\t\t\t<\/div>\n\t\t\t\t\t<\/div>\n\t\t<\/div>\n\t\t\t\t\t\t\t<\/div>\n\t\t<\/section>\n\t\t\t\t<section class=\"elementor-section elementor-top-section elementor-element elementor-element-f598b9d elementor-section-boxed elementor-section-height-default elementor-section-height-default\" data-id=\"f598b9d\" data-element_type=\"section\" data-settings=\"{&quot;ekit_has_onepagescroll_dot&quot;:&quot;yes&quot;}\">\n\t\t\t\t\t\t<div class=\"elementor-container elementor-column-gap-default\">\n\t\t\t\t\t<div class=\"elementor-column elementor-col-100 elementor-top-column elementor-element elementor-element-4e47999\" data-id=\"4e47999\" data-element_type=\"column\">\n\t\t\t<div class=\"elementor-widget-wrap elementor-element-populated\">\n\t\t\t\t\t\t\t\t<div class=\"elementor-element elementor-element-19eac19 elementor-widget elementor-widget-heading\" data-id=\"19eac19\" data-element_type=\"widget\" data-settings=\"{&quot;ekit_we_effect_on&quot;:&quot;none&quot;}\" data-widget_type=\"heading.default\">\n\t\t\t\t<div class=\"elementor-widget-container\">\n\t\t\t<h2 class=\"elementor-heading-title elementor-size-default\">Centros de Atenci\u00f3n y Servicios<\/h2>\t\t<\/div>\n\t\t\t\t<\/div>\n\t\t\t\t<section class=\"elementor-section elementor-inner-section elementor-element elementor-element-3a3f935 elementor-section-boxed elementor-section-height-default elementor-section-height-default\" data-id=\"3a3f935\" data-element_type=\"section\" id=\"ajedrez\" data-settings=\"{&quot;ekit_has_onepagescroll_dot&quot;:&quot;yes&quot;}\">\n\t\t\t\t\t\t<div class=\"elementor-container elementor-column-gap-default\">\n\t\t\t\t\t<div class=\"elementor-column elementor-col-100 elementor-inner-column elementor-element elementor-element-53890f7\" data-id=\"53890f7\" data-element_type=\"column\">\n\t\t\t<div class=\"elementor-widget-wrap elementor-element-populated\">\n\t\t\t\t\t\t\t\t<div class=\"elementor-element elementor-element-231a86c elementor-widget elementor-widget-text-editor\" data-id=\"231a86c\" data-element_type=\"widget\" data-settings=\"{&quot;ekit_we_effect_on&quot;:&quot;none&quot;}\" data-widget_type=\"text-editor.default\">\n\t\t\t\t<div class=\"elementor-widget-container\">\n\t\t\t\t\t\t\t<p>\u00c1rea de los Centros de Atenci\u00f3n y Servicios es un organismo de la Secretar\u00eda de Educaci\u00f3n Jalisco encargada de coordinar, registrar, vigilar, asesorar y orientar t\u00e9cnicamente a las Comisiones escolares que se constituyen para operar los CAS en las escuelas de educaci\u00f3n b\u00e1sica con el fin de generar recursos econ\u00f3micos que beneficien al plantel escolar y mejoren el proceso educativo.<\/p>\t\t\t\t\t\t<\/div>\n\t\t\t\t<\/div>\n\t\t\t\t\t<\/div>\n\t\t<\/div>\n\t\t\t\t\t\t\t<\/div>\n\t\t<\/section>\n\t\t\t\t\t<\/div>\n\t\t<\/div>\n\t\t\t\t\t\t\t<\/div>\n\t\t<\/section>\n\t\t\t\t<section class=\"elementor-section elementor-top-section elementor-element elementor-element-7d4a8be elementor-section-boxed elementor-section-height-default elementor-section-height-default\" data-id=\"7d4a8be\" data-element_type=\"section\" data-settings=\"{&quot;ekit_has_onepagescroll_dot&quot;:&quot;yes&quot;}\">\n\t\t\t\t\t\t<div class=\"elementor-container elementor-column-gap-default\">\n\t\t\t\t\t<div class=\"elementor-column elementor-col-100 elementor-top-column elementor-element elementor-element-06646c3\" data-id=\"06646c3\" data-element_type=\"column\">\n\t\t\t<div class=\"elementor-widget-wrap elementor-element-populated\">\n\t\t\t\t\t\t\t\t<div class=\"elementor-element elementor-element-2954e2e elementor-tabs-view-horizontal elementor-widget elementor-widget-tabs\" data-id=\"2954e2e\" data-element_type=\"widget\" data-settings=\"{&quot;ekit_we_effect_on&quot;:&quot;none&quot;}\" data-widget_type=\"tabs.default\">\n\t\t\t\t<div class=\"elementor-widget-container\">\n\t\t\t\t\t<div class=\"elementor-tabs\">\n\t\t\t<div class=\"elementor-tabs-wrapper\" role=\"tablist\" >\n\t\t\t\t\t\t\t\t\t<div id=\"elementor-tab-title-4331\" class=\"elementor-tab-title elementor-tab-desktop-title\" aria-selected=\"true\" data-tab=\"1\" role=\"tab\" tabindex=\"0\" aria-controls=\"elementor-tab-content-4331\" aria-expanded=\"false\">Misi\u00f3n<\/div>\n\t\t\t\t\t\t\t\t\t<div id=\"elementor-tab-title-4332\" class=\"elementor-tab-title elementor-tab-desktop-title\" aria-selected=\"false\" data-tab=\"2\" role=\"tab\" tabindex=\"-1\" aria-controls=\"elementor-tab-content-4332\" aria-expanded=\"false\">Visi\u00f3n<\/div>\n\t\t\t\t\t\t\t\t\t<div id=\"elementor-tab-title-4333\" class=\"elementor-tab-title elementor-tab-desktop-title\" aria-selected=\"false\" data-tab=\"3\" role=\"tab\" tabindex=\"-1\" aria-controls=\"elementor-tab-content-4333\" aria-expanded=\"false\">Objetivos<\/div>\n\t\t\t\t\t\t\t\t\t<div id=\"elementor-tab-title-4334\" class=\"elementor-tab-title elementor-tab-desktop-title\" aria-selected=\"false\" data-tab=\"4\" role=\"tab\" tabindex=\"-1\" aria-controls=\"elementor-tab-content-4334\" aria-expanded=\"false\">Pol\u00edtica de calidad<\/div>\n\t\t\t\t\t\t\t\t\t<div id=\"elementor-tab-title-4335\" class=\"elementor-tab-title elementor-tab-desktop-title\" aria-selected=\"false\" data-tab=\"5\" role=\"tab\" tabindex=\"-1\" aria-controls=\"elementor-tab-content-4335\" aria-expanded=\"false\">Libro<\/div>\n\t\t\t\t\t\t\t\t\t<div id=\"elementor-tab-title-4336\" class=\"elementor-tab-title elementor-tab-desktop-title\" aria-selected=\"false\" data-tab=\"6\" role=\"tab\" tabindex=\"-1\" aria-controls=\"elementor-tab-content-4336\" aria-expanded=\"false\">Enlace al Sistema CAS<\/div>\n\t\t\t\t\t\t\t<\/div>\n\t\t\t<div class=\"elementor-tabs-content-wrapper\" role=\"tablist\" aria-orientation=\"vertical\">\n\t\t\t\t\t\t\t\t\t<div class=\"elementor-tab-title elementor-tab-mobile-title\" aria-selected=\"true\" data-tab=\"1\" role=\"tab\" tabindex=\"0\" aria-controls=\"elementor-tab-content-4331\" aria-expanded=\"false\">Misi\u00f3n<\/div>\n\t\t\t\t\t<div id=\"elementor-tab-content-4331\" class=\"elementor-tab-content elementor-clearfix\" data-tab=\"1\" role=\"tabpanel\" aria-labelledby=\"elementor-tab-title-4331\" tabindex=\"0\" hidden=\"false\"><p>Contribuir a la participaci\u00f3n democr\u00e1tica de la comunidad escolar y a la rendici\u00f3n de cuentas transparentes con apego a los principios de la responsabilidad que como servidores p\u00fablicos tenemos, fortaleciendo la capacidad de las instituciones escolares para generar recursos que permitan satisfacer las necesidades inmediatas con eficiencia, generando un entorno favorable para el crecimiento de la calidad educativa y el desarrollo de una cultura participativa, que incluya a toda la comunidad, en la aplicaci\u00f3n de los recursos econ\u00f3micos y la transparencia de los mismos.<\/p><\/div>\n\t\t\t\t\t\t\t\t\t<div class=\"elementor-tab-title elementor-tab-mobile-title\" aria-selected=\"false\" data-tab=\"2\" role=\"tab\" tabindex=\"-1\" aria-controls=\"elementor-tab-content-4332\" aria-expanded=\"false\">Visi\u00f3n<\/div>\n\t\t\t\t\t<div id=\"elementor-tab-content-4332\" class=\"elementor-tab-content elementor-clearfix\" data-tab=\"2\" role=\"tabpanel\" aria-labelledby=\"elementor-tab-title-4332\" tabindex=\"0\" hidden=\"hidden\"><p>Ser un \u00e1rea de la Secretar\u00eda de Educaci\u00f3n que se desarrolle de forma confiable, segura y s\u00f3lida para brindar sus servicios con el profesionalismo, la imparcialidad y calidad humana que requiere nuestra gente, con una gesti\u00f3n que se anticipe y adapte al cambio, aprenda de la experiencia e innove permanentemente<\/p><\/div>\n\t\t\t\t\t\t\t\t\t<div class=\"elementor-tab-title elementor-tab-mobile-title\" aria-selected=\"false\" data-tab=\"3\" role=\"tab\" tabindex=\"-1\" aria-controls=\"elementor-tab-content-4333\" aria-expanded=\"false\">Objetivos<\/div>\n\t\t\t\t\t<div id=\"elementor-tab-content-4333\" class=\"elementor-tab-content elementor-clearfix\" data-tab=\"3\" role=\"tabpanel\" aria-labelledby=\"elementor-tab-title-4333\" tabindex=\"0\" hidden=\"hidden\"><ul><li>Brindar a las comisiones escolares la asesor\u00eda t\u00e9cnica necesaria para la constituci\u00f3n y organizaci\u00f3n de los CAS que se constituyen en las escuelas de educaci\u00f3n especial, ind\u00edgena, preescolar, primaria y secundaria en sus diversas modalidades.<\/li><li>Registrar y vigilar el funcionamiento de los Centros de Atenci\u00f3n y Servicios en las escuelas, con el fin de que su actividad se ajuste a los diferentes lineamientos y leyes que la autoridad emita con \u00e9ste prop\u00f3sito.<\/li><li>Brindar espacios de participaci\u00f3n social en los que la comunidad escolar participe en la toma de decisiones sobre la aplicaci\u00f3n de recursos y la transparencia de los mismos.<\/li><\/ul><\/div>\n\t\t\t\t\t\t\t\t\t<div class=\"elementor-tab-title elementor-tab-mobile-title\" aria-selected=\"false\" data-tab=\"4\" role=\"tab\" tabindex=\"-1\" aria-controls=\"elementor-tab-content-4334\" aria-expanded=\"false\">Pol\u00edtica de calidad<\/div>\n\t\t\t\t\t<div id=\"elementor-tab-content-4334\" class=\"elementor-tab-content elementor-clearfix\" data-tab=\"4\" role=\"tabpanel\" aria-labelledby=\"elementor-tab-title-4334\" tabindex=\"0\" hidden=\"hidden\"><p>El trabajo en equipo es la base de esta direcci\u00f3n, para satisfacer las necesidades y exigencias de nuestros usuarios, el personal con que cuenta la direcci\u00f3n, tiene la capacidad profesional necesaria para brindar la prestaci\u00f3n del servicio con la calidad que se requiere, siendo adem\u00e1s consciente de su responsabilidad y la importancia de su participaci\u00f3n en los procesos que desarrolla.<\/p><p>La Pol\u00edtica de Calidad de la Direcci\u00f3n de los Centros de Atenci\u00f3n y Servicios se basa en los siguientes compromisos:<\/p><ul><li><p>Compromiso de cumplir con todos los lineamientos, acuerdos o circulares que nos sean aplicables en raz\u00f3n de nuestra actividad, tanto en el \u00e1mbito del desempe\u00f1o de nuestros procesos como en el \u00e1mbito de nuestras actividades, de manera que nuestra actuaci\u00f3n en ning\u00fan caso pueda contravenir los requisitos y especificaciones legales establecidas para las distintas comisiones escolares y CAS establecidos.<\/p><\/li><li><p>Compromiso de llevar a cabo nuestro trabajo dentro de un entorno de gesti\u00f3n que garantice una mejora contin\u00faa en nuestros procesos, en nuestros m\u00e9todos de actuaci\u00f3n y en nuestras relaciones con partes interesadas, mediante el establecimiento y revisi\u00f3n peri\u00f3dica de nuestros objetivos de calidad apegados a los objetivos de esta Secretar\u00eda.<\/p><\/li><li><p>Compromiso de promover una comprensi\u00f3n y difusi\u00f3n de los diferentes acuerdos, lineamientos y disposiciones legales mediante la realizaci\u00f3n de reuniones de trabajo y comunicaci\u00f3n contin\u00faa con nuestros usuarios y con todos los Centros de Atenci\u00f3n y Servicios de las escuelas.<\/p><\/li><li><p>Compromiso de controlar de manera efectiva todos nuestros procesos, haciendo especial hincapi\u00e9 en: eficiencia y eficacia de nuestros servicios, relaciones con nuestros usuarios, control de la informaci\u00f3n y resguardo de la misma, especialmente de aquella que se se\u00f1ala en la Ley de Transparencia como reservada.<\/p><\/li><\/ul><\/div>\n\t\t\t\t\t\t\t\t\t<div class=\"elementor-tab-title elementor-tab-mobile-title\" aria-selected=\"false\" data-tab=\"5\" role=\"tab\" tabindex=\"-1\" aria-controls=\"elementor-tab-content-4335\" aria-expanded=\"false\">Libro<\/div>\n\t\t\t\t\t<div id=\"elementor-tab-content-4335\" class=\"elementor-tab-content elementor-clearfix\" data-tab=\"5\" role=\"tabpanel\" aria-labelledby=\"elementor-tab-title-4335\" tabindex=\"0\" hidden=\"hidden\"><p><a href=\"https:\/\/apprende.jalisco.gob.mx\/direccion-participacion-social\/wp-content\/uploads\/sites\/33\/2022\/10\/libro_cas.pdf\" target=\"_blank\" rel=\"noopener\">Descargar libro<\/a><\/p><\/div>\n\t\t\t\t\t\t\t\t\t<div class=\"elementor-tab-title elementor-tab-mobile-title\" aria-selected=\"false\" data-tab=\"6\" role=\"tab\" tabindex=\"-1\" aria-controls=\"elementor-tab-content-4336\" aria-expanded=\"false\">Enlace al Sistema CAS<\/div>\n\t\t\t\t\t<div id=\"elementor-tab-content-4336\" class=\"elementor-tab-content elementor-clearfix\" data-tab=\"6\" role=\"tabpanel\" aria-labelledby=\"elementor-tab-title-4336\" tabindex=\"0\" hidden=\"hidden\"><p><a href=\"http:\/\/educacion.app.jalisco.gob.mx\/cas2019\">http:\/\/educacion.app.jalisco.gob.mx\/cas<\/a><\/p><\/div>\n\t\t\t\t\t\t\t<\/div>\n\t\t<\/div>\n\t\t\t\t<\/div>\n\t\t\t\t<\/div>\n\t\t\t\t\t<\/div>\n\t\t<\/div>\n\t\t\t\t\t\t\t<\/div>\n\t\t<\/section>\n\t\t\t\t\t\t\t<\/div>\n\t\t","protected":false},"excerpt":{"rendered":"<p>\u00c1rea de los Centros de Atenci\u00f3n y Servicios es un organismo de la Secretar\u00eda de Educaci\u00f3n Jalisco encargada de coordinar, registrar, vigilar, asesorar y orientar t\u00e9cnicamente a las Comisiones escolares que se constituyen para operar los CAS en las escuelas de educaci\u00f3n b\u00e1sica con el fin de generar recursos econ\u00f3micos que beneficien al plantel escolar &hellip;<\/p>\n<p class=\"read-more\"> <a class=\"\" href=\"https:\/\/apprende.jalisco.gob.mx\/direccion-participacion-social\/centros-de-atencion-y-servicios\/\"> <span class=\"screen-reader-text\">Centros de Atenci\u00f3n y Servicios<\/span> Leer m\u00e1s &raquo;<\/a><\/p>\n","protected":false},"author":5,"featured_media":0,"parent":0,"menu_order":0,"comment_status":"closed","ping_status":"closed","template":"","meta":{"_monsterinsights_skip_tracking":false,"_monsterinsights_sitenote_active":false,"_monsterinsights_sitenote_note":"","_monsterinsights_sitenote_category":0,"site-sidebar-layout":"no-sidebar","site-content-layout":"page-builder","ast-site-content-layout":"","site-content-style":"default","site-sidebar-style":"default","ast-global-header-display":"","ast-banner-title-visibility":"","ast-main-header-display":"","ast-hfb-above-header-display":"","ast-hfb-below-header-display":"","ast-hfb-mobile-header-display":"","site-post-title":"disabled","ast-breadcrumbs-content":"","ast-featured-img":"disabled","footer-sml-layout":"","theme-transparent-header-meta":"","adv-header-id-meta":"","stick-header-meta":"","header-above-stick-meta":"","header-main-stick-meta":"","header-below-stick-meta":"","astra-migrate-meta-layouts":"","ep_exclude_from_search":false,"footnotes":""},"acf":[],"yoast_head":"<!-- This site is optimized with the Yoast SEO Premium plugin v17.7 (Yoast SEO v21.0) - https:\/\/yoast.com\/wordpress\/plugins\/seo\/ -->\n<title>Centros de Atenci\u00f3n y Servicios - Direcci\u00f3n de Participaci\u00f3n Social<\/title>\n<meta name=\"robots\" content=\"index, follow, max-snippet:-1, max-image-preview:large, max-video-preview:-1\" \/>\n<link rel=\"canonical\" href=\"https:\/\/apprende.jalisco.gob.mx\/direccion-participacion-social\/centros-de-atencion-y-servicios\/\" \/>\n<meta property=\"og:locale\" content=\"es_MX\" \/>\n<meta property=\"og:type\" content=\"article\" \/>\n<meta property=\"og:title\" content=\"Centros de Atenci\u00f3n y Servicios\" \/>\n<meta property=\"og:description\" content=\"\u00c1rea de los Centros de Atenci\u00f3n y Servicios es un organismo de la Secretar\u00eda de Educaci\u00f3n Jalisco encargada de coordinar, registrar, vigilar, asesorar y orientar t\u00e9cnicamente a las Comisiones escolares que se constituyen para operar los CAS en las escuelas de educaci\u00f3n b\u00e1sica con el fin de generar recursos econ\u00f3micos que beneficien al plantel escolar &hellip; Centros de Atenci\u00f3n y Servicios Leer m\u00e1s &raquo;\" \/>\n<meta property=\"og:url\" content=\"https:\/\/apprende.jalisco.gob.mx\/direccion-participacion-social\/centros-de-atencion-y-servicios\/\" \/>\n<meta property=\"og:site_name\" content=\"Direcci\u00f3n de Participaci\u00f3n Social\" \/>\n<meta property=\"article:modified_time\" content=\"2025-02-25T17:03:24+00:00\" \/>\n<meta name=\"twitter:card\" content=\"summary_large_image\" \/>\n<meta name=\"twitter:label1\" content=\"Tiempo de lectura\" \/>\n\t<meta name=\"twitter:data1\" content=\"3 minutos\" \/>\n<script type=\"application\/ld+json\" class=\"yoast-schema-graph\">{\"@context\":\"https:\/\/schema.org\",\"@graph\":[{\"@type\":\"WebPage\",\"@id\":\"https:\/\/apprende.jalisco.gob.mx\/direccion-participacion-social\/centros-de-atencion-y-servicios\/\",\"url\":\"https:\/\/apprende.jalisco.gob.mx\/direccion-participacion-social\/centros-de-atencion-y-servicios\/\",\"name\":\"Centros de Atenci\u00f3n y Servicios - Direcci\u00f3n de Participaci\u00f3n Social\",\"isPartOf\":{\"@id\":\"https:\/\/apprende.jalisco.gob.mx\/direccion-participacion-social\/#website\"},\"datePublished\":\"2022-10-14T00:59:05+00:00\",\"dateModified\":\"2025-02-25T17:03:24+00:00\",\"breadcrumb\":{\"@id\":\"https:\/\/apprende.jalisco.gob.mx\/direccion-participacion-social\/centros-de-atencion-y-servicios\/#breadcrumb\"},\"inLanguage\":\"es-MX\",\"potentialAction\":[{\"@type\":\"ReadAction\",\"target\":[\"https:\/\/apprende.jalisco.gob.mx\/direccion-participacion-social\/centros-de-atencion-y-servicios\/\"]}]},{\"@type\":\"BreadcrumbList\",\"@id\":\"https:\/\/apprende.jalisco.gob.mx\/direccion-participacion-social\/centros-de-atencion-y-servicios\/#breadcrumb\",\"itemListElement\":[{\"@type\":\"ListItem\",\"position\":1,\"name\":\"Inicio\",\"item\":\"https:\/\/apprende.jalisco.gob.mx\/direccion-participacion-social\/\"},{\"@type\":\"ListItem\",\"position\":2,\"name\":\"Centros de Atenci\u00f3n y Servicios\"}]},{\"@type\":\"WebSite\",\"@id\":\"https:\/\/apprende.jalisco.gob.mx\/direccion-participacion-social\/#website\",\"url\":\"https:\/\/apprende.jalisco.gob.mx\/direccion-participacion-social\/\",\"name\":\"Direcci\u00f3n de Participaci\u00f3n Social\",\"description\":\"Micrositio\",\"publisher\":{\"@id\":\"https:\/\/apprende.jalisco.gob.mx\/direccion-participacion-social\/#organization\"},\"potentialAction\":[{\"@type\":\"SearchAction\",\"target\":{\"@type\":\"EntryPoint\",\"urlTemplate\":\"https:\/\/apprende.jalisco.gob.mx\/direccion-participacion-social\/?s={search_term_string}\"},\"query-input\":\"required name=search_term_string\"}],\"inLanguage\":\"es-MX\"},{\"@type\":\"Organization\",\"@id\":\"https:\/\/apprende.jalisco.gob.mx\/direccion-participacion-social\/#organization\",\"name\":\"Direcci\u00f3n de Participaci\u00f3n Social\",\"url\":\"https:\/\/apprende.jalisco.gob.mx\/direccion-participacion-social\/\",\"logo\":{\"@type\":\"ImageObject\",\"inLanguage\":\"es-MX\",\"@id\":\"https:\/\/apprende.jalisco.gob.mx\/direccion-participacion-social\/#\/schema\/logo\/image\/\",\"url\":\"https:\/\/apprende.jalisco.gob.mx\/direccion-participacion-social\/wp-content\/uploads\/sites\/33\/2022\/03\/logo-Educacion2025.png\",\"contentUrl\":\"https:\/\/apprende.jalisco.gob.mx\/direccion-participacion-social\/wp-content\/uploads\/sites\/33\/2022\/03\/logo-Educacion2025.png\",\"width\":427,\"height\":108,\"caption\":\"Direcci\u00f3n de Participaci\u00f3n Social\"},\"image\":{\"@id\":\"https:\/\/apprende.jalisco.gob.mx\/direccion-participacion-social\/#\/schema\/logo\/image\/\"}}]}<\/script>\n<!-- \/ Yoast SEO Premium plugin. -->","yoast_head_json":{"title":"Centros de Atenci\u00f3n y Servicios - Direcci\u00f3n de Participaci\u00f3n Social","robots":{"index":"index","follow":"follow","max-snippet":"max-snippet:-1","max-image-preview":"max-image-preview:large","max-video-preview":"max-video-preview:-1"},"canonical":"https:\/\/apprende.jalisco.gob.mx\/direccion-participacion-social\/centros-de-atencion-y-servicios\/","og_locale":"es_MX","og_type":"article","og_title":"Centros de Atenci\u00f3n y Servicios","og_description":"\u00c1rea de los Centros de Atenci\u00f3n y Servicios es un organismo de la Secretar\u00eda de Educaci\u00f3n Jalisco encargada de coordinar, registrar, vigilar, asesorar y orientar t\u00e9cnicamente a las Comisiones escolares que se constituyen para operar los CAS en las escuelas de educaci\u00f3n b\u00e1sica con el fin de generar recursos econ\u00f3micos que beneficien al plantel escolar &hellip; Centros de Atenci\u00f3n y Servicios Leer m\u00e1s &raquo;","og_url":"https:\/\/apprende.jalisco.gob.mx\/direccion-participacion-social\/centros-de-atencion-y-servicios\/","og_site_name":"Direcci\u00f3n de Participaci\u00f3n Social","article_modified_time":"2025-02-25T17:03:24+00:00","twitter_card":"summary_large_image","twitter_misc":{"Tiempo de lectura":"3 minutos"},"schema":{"@context":"https:\/\/schema.org","@graph":[{"@type":"WebPage","@id":"https:\/\/apprende.jalisco.gob.mx\/direccion-participacion-social\/centros-de-atencion-y-servicios\/","url":"https:\/\/apprende.jalisco.gob.mx\/direccion-participacion-social\/centros-de-atencion-y-servicios\/","name":"Centros de Atenci\u00f3n y Servicios - Direcci\u00f3n de Participaci\u00f3n Social","isPartOf":{"@id":"https:\/\/apprende.jalisco.gob.mx\/direccion-participacion-social\/#website"},"datePublished":"2022-10-14T00:59:05+00:00","dateModified":"2025-02-25T17:03:24+00:00","breadcrumb":{"@id":"https:\/\/apprende.jalisco.gob.mx\/direccion-participacion-social\/centros-de-atencion-y-servicios\/#breadcrumb"},"inLanguage":"es-MX","potentialAction":[{"@type":"ReadAction","target":["https:\/\/apprende.jalisco.gob.mx\/direccion-participacion-social\/centros-de-atencion-y-servicios\/"]}]},{"@type":"BreadcrumbList","@id":"https:\/\/apprende.jalisco.gob.mx\/direccion-participacion-social\/centros-de-atencion-y-servicios\/#breadcrumb","itemListElement":[{"@type":"ListItem","position":1,"name":"Inicio","item":"https:\/\/apprende.jalisco.gob.mx\/direccion-participacion-social\/"},{"@type":"ListItem","position":2,"name":"Centros de Atenci\u00f3n y Servicios"}]},{"@type":"WebSite","@id":"https:\/\/apprende.jalisco.gob.mx\/direccion-participacion-social\/#website","url":"https:\/\/apprende.jalisco.gob.mx\/direccion-participacion-social\/","name":"Direcci\u00f3n de Participaci\u00f3n Social","description":"Micrositio","publisher":{"@id":"https:\/\/apprende.jalisco.gob.mx\/direccion-participacion-social\/#organization"},"potentialAction":[{"@type":"SearchAction","target":{"@type":"EntryPoint","urlTemplate":"https:\/\/apprende.jalisco.gob.mx\/direccion-participacion-social\/?s={search_term_string}"},"query-input":"required name=search_term_string"}],"inLanguage":"es-MX"},{"@type":"Organization","@id":"https:\/\/apprende.jalisco.gob.mx\/direccion-participacion-social\/#organization","name":"Direcci\u00f3n de Participaci\u00f3n Social","url":"https:\/\/apprende.jalisco.gob.mx\/direccion-participacion-social\/","logo":{"@type":"ImageObject","inLanguage":"es-MX","@id":"https:\/\/apprende.jalisco.gob.mx\/direccion-participacion-social\/#\/schema\/logo\/image\/","url":"https:\/\/apprende.jalisco.gob.mx\/direccion-participacion-social\/wp-content\/uploads\/sites\/33\/2022\/03\/logo-Educacion2025.png","contentUrl":"https:\/\/apprende.jalisco.gob.mx\/direccion-participacion-social\/wp-content\/uploads\/sites\/33\/2022\/03\/logo-Educacion2025.png","width":427,"height":108,"caption":"Direcci\u00f3n de Participaci\u00f3n Social"},"image":{"@id":"https:\/\/apprende.jalisco.gob.mx\/direccion-participacion-social\/#\/schema\/logo\/image\/"}}]}},"_links":{"self":[{"href":"https:\/\/apprende.jalisco.gob.mx\/direccion-participacion-social\/wp-json\/wp\/v2\/pages\/3736"}],"collection":[{"href":"https:\/\/apprende.jalisco.gob.mx\/direccion-participacion-social\/wp-json\/wp\/v2\/pages"}],"about":[{"href":"https:\/\/apprende.jalisco.gob.mx\/direccion-participacion-social\/wp-json\/wp\/v2\/types\/page"}],"author":[{"embeddable":true,"href":"https:\/\/apprende.jalisco.gob.mx\/direccion-participacion-social\/wp-json\/wp\/v2\/users\/5"}],"replies":[{"embeddable":true,"href":"https:\/\/apprende.jalisco.gob.mx\/direccion-participacion-social\/wp-json\/wp\/v2\/comments?post=3736"}],"version-history":[{"count":7,"href":"https:\/\/apprende.jalisco.gob.mx\/direccion-participacion-social\/wp-json\/wp\/v2\/pages\/3736\/revisions"}],"predecessor-version":[{"id":4134,"href":"https:\/\/apprende.jalisco.gob.mx\/direccion-participacion-social\/wp-json\/wp\/v2\/pages\/3736\/revisions\/4134"}],"wp:attachment":[{"href":"https:\/\/apprende.jalisco.gob.mx\/direccion-participacion-social\/wp-json\/wp\/v2\/media?parent=3736"}],"curies":[{"name":"wp","href":"https:\/\/api.w.org\/{rel}","templated":true}]}}