{"id":3756,"date":"2022-10-13T20:12:18","date_gmt":"2022-10-14T01:12:18","guid":{"rendered":"https:\/\/recrea.jalisco.gob.mx\/direccion-participacion-social\/?page_id=3756"},"modified":"2022-10-13T20:12:50","modified_gmt":"2022-10-14T01:12:50","slug":"seguro-escolar","status":"publish","type":"page","link":"https:\/\/apprende.jalisco.gob.mx\/direccion-participacion-social\/seguro-escolar\/","title":{"rendered":"Seguro Escolar"},"content":{"rendered":"\t\t<div data-elementor-type=\"wp-page\" data-elementor-id=\"3756\" class=\"elementor elementor-3756\" data-elementor-post-type=\"page\">\n\t\t\t\t\t\t\t\t\t<section class=\"elementor-section elementor-top-section elementor-element elementor-element-90e1ac2 elementor-section-boxed elementor-section-height-default elementor-section-height-default\" data-id=\"90e1ac2\" data-element_type=\"section\" data-settings=\"{&quot;ekit_has_onepagescroll_dot&quot;:&quot;yes&quot;}\">\n\t\t\t\t\t\t<div class=\"elementor-container elementor-column-gap-default\">\n\t\t\t\t\t<div class=\"elementor-column elementor-col-100 elementor-top-column elementor-element elementor-element-e1a6d5c\" data-id=\"e1a6d5c\" data-element_type=\"column\">\n\t\t\t<div class=\"elementor-widget-wrap elementor-element-populated\">\n\t\t\t\t\t\t\t\t<div class=\"elementor-element elementor-element-feb4731 elementor-widget elementor-widget-breadcrumbs\" data-id=\"feb4731\" data-element_type=\"widget\" data-settings=\"{&quot;ekit_we_effect_on&quot;:&quot;none&quot;}\" data-widget_type=\"breadcrumbs.default\">\n\t\t\t\t<div class=\"elementor-widget-container\">\n\t\t\t<div id=\"breadcrumbs\"><span><span><a href=\"https:\/\/apprende.jalisco.gob.mx\/direccion-participacion-social\/\">Inicio<\/a><\/span><\/span><\/div>\t\t<\/div>\n\t\t\t\t<\/div>\n\t\t\t\t\t<\/div>\n\t\t<\/div>\n\t\t\t\t\t\t\t<\/div>\n\t\t<\/section>\n\t\t\t\t<section class=\"elementor-section elementor-top-section elementor-element elementor-element-f598b9d elementor-section-boxed elementor-section-height-default elementor-section-height-default\" data-id=\"f598b9d\" data-element_type=\"section\" data-settings=\"{&quot;ekit_has_onepagescroll_dot&quot;:&quot;yes&quot;}\">\n\t\t\t\t\t\t<div class=\"elementor-container elementor-column-gap-default\">\n\t\t\t\t\t<div class=\"elementor-column elementor-col-100 elementor-top-column elementor-element elementor-element-4e47999\" data-id=\"4e47999\" data-element_type=\"column\">\n\t\t\t<div class=\"elementor-widget-wrap elementor-element-populated\">\n\t\t\t\t\t\t\t\t<div class=\"elementor-element elementor-element-19eac19 elementor-widget elementor-widget-heading\" data-id=\"19eac19\" data-element_type=\"widget\" data-settings=\"{&quot;ekit_we_effect_on&quot;:&quot;none&quot;}\" data-widget_type=\"heading.default\">\n\t\t\t\t<div class=\"elementor-widget-container\">\n\t\t\t<h2 class=\"elementor-heading-title elementor-size-default\">Seguro Escolar<\/h2>\t\t<\/div>\n\t\t\t\t<\/div>\n\t\t\t\t<section class=\"elementor-section elementor-inner-section elementor-element elementor-element-3a3f935 elementor-section-boxed elementor-section-height-default elementor-section-height-default\" data-id=\"3a3f935\" data-element_type=\"section\" id=\"ajedrez\" data-settings=\"{&quot;ekit_has_onepagescroll_dot&quot;:&quot;yes&quot;}\">\n\t\t\t\t\t\t<div class=\"elementor-container elementor-column-gap-default\">\n\t\t\t\t\t<div class=\"elementor-column elementor-col-100 elementor-inner-column elementor-element elementor-element-53890f7\" data-id=\"53890f7\" data-element_type=\"column\">\n\t\t\t<div class=\"elementor-widget-wrap elementor-element-populated\">\n\t\t\t\t\t\t\t\t<div class=\"elementor-element elementor-element-231a86c elementor-widget elementor-widget-text-editor\" data-id=\"231a86c\" data-element_type=\"widget\" data-settings=\"{&quot;ekit_we_effect_on&quot;:&quot;none&quot;}\" data-widget_type=\"text-editor.default\">\n\t\t\t\t<div class=\"elementor-widget-container\">\n\t\t\t\t\t\t\t<div id=\"content\" class=\"site-content\"><div class=\"ast-container\"><div id=\"primary\" class=\"content-area primary\"><article id=\"post-4246\" class=\"post-4246 page type-page status-publish ast-article-single\"><div class=\"entry-content clear\"><div class=\"elementor elementor-4246\" data-elementor-type=\"wp-page\" data-elementor-id=\"4246\" data-elementor-settings=\"[]\"><div class=\"elementor-section-wrap\"><section class=\"elementor-section elementor-top-section elementor-element elementor-element-977ac00 elementor-section-boxed elementor-section-height-default elementor-section-height-default\" data-id=\"977ac00\" data-element_type=\"section\"><div class=\"elementor-container elementor-column-gap-default\"><div class=\"elementor-column elementor-col-100 elementor-top-column elementor-element elementor-element-33dee6d\" data-id=\"33dee6d\" data-element_type=\"column\"><div class=\"elementor-widget-wrap elementor-element-populated\"><div class=\"elementor-element elementor-element-abf2023 elementor-widget elementor-widget-text-editor\" data-id=\"abf2023\" data-element_type=\"widget\" data-widget_type=\"text-editor.default\"><div class=\"elementor-widget-container\"><ul><li>Creado para contribuir en la preservaci\u00f3n de la integridad f\u00edsica de aquellos educandos matriculados, que cursen la educaci\u00f3n b\u00e1sica que comprende Preescolar, Primaria y Secundaria, en todas sus modalidades, en las Escuelas del Estado de Jalisco. Acceder\u00e1n al programa, los padres de familia acreedores de p\u00f3lizas para gastos m\u00e9dicos derivados de alg\u00fan accidente escolar, siempre y cuando est\u00e9n apegados a los requisitos de operaci\u00f3n.<\/li><li>Las Asociaciones de Padres de Familia debidamente Constituidas, lo podr\u00e1n contratar de manera \u00abOptativa\u00bb con la compa\u00f1\u00eda de seguros de su elecci\u00f3n, la Asamblea tiene la facultad de requerir mayores prestaciones a las m\u00ednimas solicitadas por el acuerdo estatal seg\u00fan su negociaci\u00f3n con la aseguradora.<\/li><li>El Seguro contra Accidentes Personales, deber\u00e1 proteger al alumno \u00fanicamente, los d\u00edas de clases establecidas en el Calendario Oficial Escolar Vigente en el Estado de Jalisco.<br \/>En caso de muerte accidental, se pagar\u00e1 la cantidad de un mil quinientas Unidades de Medida de Actualizaci\u00f3n (UMA), vigentes, a quien ejerza la patria potestad, monto concerniente a la indemnizaci\u00f3n.<\/li><li>El m\u00ednimo de cobertura en caso de accidentes ser\u00e1 la cantidad de cuatrocientas Unidades de Medida de Actualizaci\u00f3n (UMA\u00b4s) por concepto de gastos m\u00e9dicos.<\/li><\/ul><\/div><\/div><\/div><\/div><\/div><\/section><\/div><\/div><\/div><\/article><p>\u00a0<\/p><\/div><\/div><\/div><footer id=\"colophon\" class=\"site-footer\"><div class=\"ast-small-footer footer-sml-layout-1\"><div class=\"ast-footer-overlay\"><div class=\"ast-container\"><div class=\"ast-small-footer-wrap\"><div class=\"ast-small-footer-section ast-small-footer-section-1\"><div class=\"row\">\u00a0<\/div><\/div><\/div><\/div><\/div><\/div><\/footer>\t\t\t\t\t\t<\/div>\n\t\t\t\t<\/div>\n\t\t\t\t\t<\/div>\n\t\t<\/div>\n\t\t\t\t\t\t\t<\/div>\n\t\t<\/section>\n\t\t\t\t\t<\/div>\n\t\t<\/div>\n\t\t\t\t\t\t\t<\/div>\n\t\t<\/section>\n\t\t\t\t\t\t\t<\/div>\n\t\t","protected":false},"excerpt":{"rendered":"<p>Creado para contribuir en la preservaci\u00f3n de la integridad f\u00edsica de aquellos educandos matriculados, que cursen la educaci\u00f3n b\u00e1sica que comprende Preescolar, Primaria y Secundaria, en todas sus modalidades, en las Escuelas del Estado de Jalisco. Acceder\u00e1n al programa, los padres de familia acreedores de p\u00f3lizas para gastos m\u00e9dicos derivados de alg\u00fan accidente escolar, siempre &hellip;<\/p>\n<p class=\"read-more\"> <a class=\"\" href=\"https:\/\/apprende.jalisco.gob.mx\/direccion-participacion-social\/seguro-escolar\/\"> <span class=\"screen-reader-text\">Seguro Escolar<\/span> Leer m\u00e1s &raquo;<\/a><\/p>\n","protected":false},"author":5,"featured_media":0,"parent":0,"menu_order":0,"comment_status":"closed","ping_status":"closed","template":"","meta":{"_monsterinsights_skip_tracking":false,"_monsterinsights_sitenote_active":false,"_monsterinsights_sitenote_note":"","_monsterinsights_sitenote_category":0,"site-sidebar-layout":"no-sidebar","site-content-layout":"page-builder","ast-site-content-layout":"","site-content-style":"default","site-sidebar-style":"default","ast-global-header-display":"","ast-banner-title-visibility":"","ast-main-header-display":"","ast-hfb-above-header-display":"","ast-hfb-below-header-display":"","ast-hfb-mobile-header-display":"","site-post-title":"disabled","ast-breadcrumbs-content":"","ast-featured-img":"disabled","footer-sml-layout":"","theme-transparent-header-meta":"","adv-header-id-meta":"","stick-header-meta":"","header-above-stick-meta":"","header-main-stick-meta":"","header-below-stick-meta":"","astra-migrate-meta-layouts":"","ep_exclude_from_search":false,"footnotes":""},"acf":[],"yoast_head":"<!-- This site is optimized with the Yoast SEO Premium plugin v17.7 (Yoast SEO v21.0) - https:\/\/yoast.com\/wordpress\/plugins\/seo\/ -->\n<title>Seguro Escolar - Direcci\u00f3n de Participaci\u00f3n Social<\/title>\n<meta name=\"robots\" content=\"index, follow, max-snippet:-1, max-image-preview:large, max-video-preview:-1\" \/>\n<link rel=\"canonical\" href=\"https:\/\/apprende.jalisco.gob.mx\/direccion-participacion-social\/seguro-escolar\/\" \/>\n<meta property=\"og:locale\" content=\"es_MX\" \/>\n<meta property=\"og:type\" content=\"article\" \/>\n<meta property=\"og:title\" content=\"Seguro Escolar\" \/>\n<meta property=\"og:description\" content=\"Creado para contribuir en la preservaci\u00f3n de la integridad f\u00edsica de aquellos educandos matriculados, que cursen la educaci\u00f3n b\u00e1sica que comprende Preescolar, Primaria y Secundaria, en todas sus modalidades, en las Escuelas del Estado de Jalisco. Acceder\u00e1n al programa, los padres de familia acreedores de p\u00f3lizas para gastos m\u00e9dicos derivados de alg\u00fan accidente escolar, siempre &hellip; Seguro Escolar Leer m\u00e1s &raquo;\" \/>\n<meta property=\"og:url\" content=\"https:\/\/apprende.jalisco.gob.mx\/direccion-participacion-social\/seguro-escolar\/\" \/>\n<meta property=\"og:site_name\" content=\"Direcci\u00f3n de Participaci\u00f3n Social\" \/>\n<meta property=\"article:modified_time\" content=\"2022-10-14T01:12:50+00:00\" \/>\n<meta name=\"twitter:card\" content=\"summary_large_image\" \/>\n<meta name=\"twitter:label1\" content=\"Tiempo de lectura\" \/>\n\t<meta name=\"twitter:data1\" content=\"2 minutos\" \/>\n<script type=\"application\/ld+json\" class=\"yoast-schema-graph\">{\"@context\":\"https:\/\/schema.org\",\"@graph\":[{\"@type\":\"WebPage\",\"@id\":\"https:\/\/apprende.jalisco.gob.mx\/direccion-participacion-social\/seguro-escolar\/\",\"url\":\"https:\/\/apprende.jalisco.gob.mx\/direccion-participacion-social\/seguro-escolar\/\",\"name\":\"Seguro Escolar - Direcci\u00f3n de Participaci\u00f3n Social\",\"isPartOf\":{\"@id\":\"https:\/\/apprende.jalisco.gob.mx\/direccion-participacion-social\/#website\"},\"datePublished\":\"2022-10-14T01:12:18+00:00\",\"dateModified\":\"2022-10-14T01:12:50+00:00\",\"breadcrumb\":{\"@id\":\"https:\/\/apprende.jalisco.gob.mx\/direccion-participacion-social\/seguro-escolar\/#breadcrumb\"},\"inLanguage\":\"es-MX\",\"potentialAction\":[{\"@type\":\"ReadAction\",\"target\":[\"https:\/\/apprende.jalisco.gob.mx\/direccion-participacion-social\/seguro-escolar\/\"]}]},{\"@type\":\"BreadcrumbList\",\"@id\":\"https:\/\/apprende.jalisco.gob.mx\/direccion-participacion-social\/seguro-escolar\/#breadcrumb\",\"itemListElement\":[{\"@type\":\"ListItem\",\"position\":1,\"name\":\"Inicio\",\"item\":\"https:\/\/apprende.jalisco.gob.mx\/direccion-participacion-social\/\"},{\"@type\":\"ListItem\",\"position\":2,\"name\":\"Seguro Escolar\"}]},{\"@type\":\"WebSite\",\"@id\":\"https:\/\/apprende.jalisco.gob.mx\/direccion-participacion-social\/#website\",\"url\":\"https:\/\/apprende.jalisco.gob.mx\/direccion-participacion-social\/\",\"name\":\"Direcci\u00f3n de Participaci\u00f3n Social\",\"description\":\"Micrositio\",\"publisher\":{\"@id\":\"https:\/\/apprende.jalisco.gob.mx\/direccion-participacion-social\/#organization\"},\"potentialAction\":[{\"@type\":\"SearchAction\",\"target\":{\"@type\":\"EntryPoint\",\"urlTemplate\":\"https:\/\/apprende.jalisco.gob.mx\/direccion-participacion-social\/?s={search_term_string}\"},\"query-input\":\"required name=search_term_string\"}],\"inLanguage\":\"es-MX\"},{\"@type\":\"Organization\",\"@id\":\"https:\/\/apprende.jalisco.gob.mx\/direccion-participacion-social\/#organization\",\"name\":\"Direcci\u00f3n de Participaci\u00f3n Social\",\"url\":\"https:\/\/apprende.jalisco.gob.mx\/direccion-participacion-social\/\",\"logo\":{\"@type\":\"ImageObject\",\"inLanguage\":\"es-MX\",\"@id\":\"https:\/\/apprende.jalisco.gob.mx\/direccion-participacion-social\/#\/schema\/logo\/image\/\",\"url\":\"https:\/\/apprende.jalisco.gob.mx\/direccion-participacion-social\/wp-content\/uploads\/sites\/33\/2022\/03\/logo-Educacion2025.png\",\"contentUrl\":\"https:\/\/apprende.jalisco.gob.mx\/direccion-participacion-social\/wp-content\/uploads\/sites\/33\/2022\/03\/logo-Educacion2025.png\",\"width\":427,\"height\":108,\"caption\":\"Direcci\u00f3n de Participaci\u00f3n Social\"},\"image\":{\"@id\":\"https:\/\/apprende.jalisco.gob.mx\/direccion-participacion-social\/#\/schema\/logo\/image\/\"}}]}<\/script>\n<!-- \/ Yoast SEO Premium plugin. -->","yoast_head_json":{"title":"Seguro Escolar - Direcci\u00f3n de Participaci\u00f3n Social","robots":{"index":"index","follow":"follow","max-snippet":"max-snippet:-1","max-image-preview":"max-image-preview:large","max-video-preview":"max-video-preview:-1"},"canonical":"https:\/\/apprende.jalisco.gob.mx\/direccion-participacion-social\/seguro-escolar\/","og_locale":"es_MX","og_type":"article","og_title":"Seguro Escolar","og_description":"Creado para contribuir en la preservaci\u00f3n de la integridad f\u00edsica de aquellos educandos matriculados, que cursen la educaci\u00f3n b\u00e1sica que comprende Preescolar, Primaria y Secundaria, en todas sus modalidades, en las Escuelas del Estado de Jalisco. Acceder\u00e1n al programa, los padres de familia acreedores de p\u00f3lizas para gastos m\u00e9dicos derivados de alg\u00fan accidente escolar, siempre &hellip; Seguro Escolar Leer m\u00e1s &raquo;","og_url":"https:\/\/apprende.jalisco.gob.mx\/direccion-participacion-social\/seguro-escolar\/","og_site_name":"Direcci\u00f3n de Participaci\u00f3n Social","article_modified_time":"2022-10-14T01:12:50+00:00","twitter_card":"summary_large_image","twitter_misc":{"Tiempo de lectura":"2 minutos"},"schema":{"@context":"https:\/\/schema.org","@graph":[{"@type":"WebPage","@id":"https:\/\/apprende.jalisco.gob.mx\/direccion-participacion-social\/seguro-escolar\/","url":"https:\/\/apprende.jalisco.gob.mx\/direccion-participacion-social\/seguro-escolar\/","name":"Seguro Escolar - Direcci\u00f3n de Participaci\u00f3n Social","isPartOf":{"@id":"https:\/\/apprende.jalisco.gob.mx\/direccion-participacion-social\/#website"},"datePublished":"2022-10-14T01:12:18+00:00","dateModified":"2022-10-14T01:12:50+00:00","breadcrumb":{"@id":"https:\/\/apprende.jalisco.gob.mx\/direccion-participacion-social\/seguro-escolar\/#breadcrumb"},"inLanguage":"es-MX","potentialAction":[{"@type":"ReadAction","target":["https:\/\/apprende.jalisco.gob.mx\/direccion-participacion-social\/seguro-escolar\/"]}]},{"@type":"BreadcrumbList","@id":"https:\/\/apprende.jalisco.gob.mx\/direccion-participacion-social\/seguro-escolar\/#breadcrumb","itemListElement":[{"@type":"ListItem","position":1,"name":"Inicio","item":"https:\/\/apprende.jalisco.gob.mx\/direccion-participacion-social\/"},{"@type":"ListItem","position":2,"name":"Seguro Escolar"}]},{"@type":"WebSite","@id":"https:\/\/apprende.jalisco.gob.mx\/direccion-participacion-social\/#website","url":"https:\/\/apprende.jalisco.gob.mx\/direccion-participacion-social\/","name":"Direcci\u00f3n de Participaci\u00f3n Social","description":"Micrositio","publisher":{"@id":"https:\/\/apprende.jalisco.gob.mx\/direccion-participacion-social\/#organization"},"potentialAction":[{"@type":"SearchAction","target":{"@type":"EntryPoint","urlTemplate":"https:\/\/apprende.jalisco.gob.mx\/direccion-participacion-social\/?s={search_term_string}"},"query-input":"required name=search_term_string"}],"inLanguage":"es-MX"},{"@type":"Organization","@id":"https:\/\/apprende.jalisco.gob.mx\/direccion-participacion-social\/#organization","name":"Direcci\u00f3n de Participaci\u00f3n Social","url":"https:\/\/apprende.jalisco.gob.mx\/direccion-participacion-social\/","logo":{"@type":"ImageObject","inLanguage":"es-MX","@id":"https:\/\/apprende.jalisco.gob.mx\/direccion-participacion-social\/#\/schema\/logo\/image\/","url":"https:\/\/apprende.jalisco.gob.mx\/direccion-participacion-social\/wp-content\/uploads\/sites\/33\/2022\/03\/logo-Educacion2025.png","contentUrl":"https:\/\/apprende.jalisco.gob.mx\/direccion-participacion-social\/wp-content\/uploads\/sites\/33\/2022\/03\/logo-Educacion2025.png","width":427,"height":108,"caption":"Direcci\u00f3n de Participaci\u00f3n Social"},"image":{"@id":"https:\/\/apprende.jalisco.gob.mx\/direccion-participacion-social\/#\/schema\/logo\/image\/"}}]}},"_links":{"self":[{"href":"https:\/\/apprende.jalisco.gob.mx\/direccion-participacion-social\/wp-json\/wp\/v2\/pages\/3756"}],"collection":[{"href":"https:\/\/apprende.jalisco.gob.mx\/direccion-participacion-social\/wp-json\/wp\/v2\/pages"}],"about":[{"href":"https:\/\/apprende.jalisco.gob.mx\/direccion-participacion-social\/wp-json\/wp\/v2\/types\/page"}],"author":[{"embeddable":true,"href":"https:\/\/apprende.jalisco.gob.mx\/direccion-participacion-social\/wp-json\/wp\/v2\/users\/5"}],"replies":[{"embeddable":true,"href":"https:\/\/apprende.jalisco.gob.mx\/direccion-participacion-social\/wp-json\/wp\/v2\/comments?post=3756"}],"version-history":[{"count":4,"href":"https:\/\/apprende.jalisco.gob.mx\/direccion-participacion-social\/wp-json\/wp\/v2\/pages\/3756\/revisions"}],"predecessor-version":[{"id":3760,"href":"https:\/\/apprende.jalisco.gob.mx\/direccion-participacion-social\/wp-json\/wp\/v2\/pages\/3756\/revisions\/3760"}],"wp:attachment":[{"href":"https:\/\/apprende.jalisco.gob.mx\/direccion-participacion-social\/wp-json\/wp\/v2\/media?parent=3756"}],"curies":[{"name":"wp","href":"https:\/\/api.w.org\/{rel}","templated":true}]}}