{"id":3899,"date":"2023-10-27T11:38:56","date_gmt":"2023-10-27T17:38:56","guid":{"rendered":"https:\/\/recrea.jalisco.gob.mx\/direccion-participacion-social\/?page_id=3899"},"modified":"2025-02-20T13:54:16","modified_gmt":"2025-02-20T19:54:16","slug":"programas-y-proyectos","status":"publish","type":"page","link":"https:\/\/apprende.jalisco.gob.mx\/direccion-participacion-social\/programas-y-proyectos\/","title":{"rendered":"Programas y Proyectos"},"content":{"rendered":"\t\t<div data-elementor-type=\"wp-page\" data-elementor-id=\"3899\" class=\"elementor elementor-3899\" data-elementor-post-type=\"page\">\n\t\t\t\t\t\t\t\t\t<section class=\"elementor-section elementor-top-section elementor-element elementor-element-90e1ac2 elementor-section-boxed elementor-section-height-default elementor-section-height-default\" data-id=\"90e1ac2\" data-element_type=\"section\" data-settings=\"{&quot;ekit_has_onepagescroll_dot&quot;:&quot;yes&quot;}\">\n\t\t\t\t\t\t<div class=\"elementor-container elementor-column-gap-default\">\n\t\t\t\t\t<div class=\"elementor-column elementor-col-100 elementor-top-column elementor-element elementor-element-e1a6d5c\" data-id=\"e1a6d5c\" data-element_type=\"column\">\n\t\t\t<div class=\"elementor-widget-wrap elementor-element-populated\">\n\t\t\t\t\t\t\t\t<div class=\"elementor-element elementor-element-feb4731 elementor-widget elementor-widget-breadcrumbs\" data-id=\"feb4731\" data-element_type=\"widget\" data-settings=\"{&quot;ekit_we_effect_on&quot;:&quot;none&quot;}\" data-widget_type=\"breadcrumbs.default\">\n\t\t\t\t<div class=\"elementor-widget-container\">\n\t\t\t<div id=\"breadcrumbs\"><span><span><a href=\"https:\/\/apprende.jalisco.gob.mx\/direccion-participacion-social\/\">Inicio<\/a><\/span><\/span><\/div>\t\t<\/div>\n\t\t\t\t<\/div>\n\t\t\t\t\t<\/div>\n\t\t<\/div>\n\t\t\t\t\t\t\t<\/div>\n\t\t<\/section>\n\t\t\t\t<section class=\"elementor-section elementor-top-section elementor-element elementor-element-f598b9d elementor-section-boxed elementor-section-height-default elementor-section-height-default\" data-id=\"f598b9d\" data-element_type=\"section\" data-settings=\"{&quot;ekit_has_onepagescroll_dot&quot;:&quot;yes&quot;}\">\n\t\t\t\t\t\t<div class=\"elementor-container elementor-column-gap-default\">\n\t\t\t\t\t<div class=\"elementor-column elementor-col-100 elementor-top-column elementor-element elementor-element-4e47999\" data-id=\"4e47999\" data-element_type=\"column\">\n\t\t\t<div class=\"elementor-widget-wrap elementor-element-populated\">\n\t\t\t\t\t\t\t\t<div class=\"elementor-element elementor-element-19eac19 elementor-widget elementor-widget-heading\" data-id=\"19eac19\" data-element_type=\"widget\" data-settings=\"{&quot;ekit_we_effect_on&quot;:&quot;none&quot;}\" data-widget_type=\"heading.default\">\n\t\t\t\t<div class=\"elementor-widget-container\">\n\t\t\t<h1 class=\"elementor-heading-title elementor-size-default\">Programas y Proyectos<\/h1>\t\t<\/div>\n\t\t\t\t<\/div>\n\t\t\t\t\t<\/div>\n\t\t<\/div>\n\t\t\t\t\t\t\t<\/div>\n\t\t<\/section>\n\t\t\t\t<section class=\"elementor-section elementor-top-section elementor-element elementor-element-2fca730 elementor-section-boxed elementor-section-height-default elementor-section-height-default\" data-id=\"2fca730\" data-element_type=\"section\" data-settings=\"{&quot;ekit_has_onepagescroll_dot&quot;:&quot;yes&quot;}\">\n\t\t\t\t\t\t<div class=\"elementor-container elementor-column-gap-default\">\n\t\t\t\t\t<div class=\"elementor-column elementor-col-100 elementor-top-column elementor-element elementor-element-70bd1c1\" data-id=\"70bd1c1\" data-element_type=\"column\">\n\t\t\t<div class=\"elementor-widget-wrap elementor-element-populated\">\n\t\t\t\t\t\t\t\t<section class=\"elementor-section elementor-inner-section elementor-element elementor-element-fffb165 elementor-section-boxed elementor-section-height-default elementor-section-height-default\" data-id=\"fffb165\" data-element_type=\"section\" data-settings=\"{&quot;ekit_has_onepagescroll_dot&quot;:&quot;yes&quot;}\">\n\t\t\t\t\t\t<div class=\"elementor-container elementor-column-gap-default\">\n\t\t\t\t\t<div class=\"elementor-column elementor-col-33 elementor-inner-column elementor-element elementor-element-c186f73\" data-id=\"c186f73\" data-element_type=\"column\">\n\t\t\t<div class=\"elementor-widget-wrap\">\n\t\t\t\t\t\t\t\t\t<\/div>\n\t\t<\/div>\n\t\t\t\t<div class=\"elementor-column elementor-col-33 elementor-inner-column elementor-element elementor-element-194bad2\" data-id=\"194bad2\" data-element_type=\"column\">\n\t\t\t<div class=\"elementor-widget-wrap elementor-element-populated\">\n\t\t\t\t\t\t\t\t<div class=\"elementor-element elementor-element-00b9d22 elementor-widget elementor-widget-heading\" data-id=\"00b9d22\" data-element_type=\"widget\" data-settings=\"{&quot;ekit_we_effect_on&quot;:&quot;none&quot;}\" data-widget_type=\"heading.default\">\n\t\t\t\t<div class=\"elementor-widget-container\">\n\t\t\t<h3 class=\"elementor-heading-title elementor-size-default\">Programas<\/h3>\t\t<\/div>\n\t\t\t\t<\/div>\n\t\t\t\t<div class=\"elementor-element elementor-element-1d51b20 elementor-widget elementor-widget-text-editor\" data-id=\"1d51b20\" data-element_type=\"widget\" data-settings=\"{&quot;ekit_we_effect_on&quot;:&quot;none&quot;}\" data-widget_type=\"text-editor.default\">\n\t\t\t\t<div class=\"elementor-widget-container\">\n\t\t\t\t\t\t\t<ul><li><a href=\"http:\/\/educacion.app.jalisco.gob.mx\/sipas_nuevo\/\" target=\"_blank&quot;\">Sistema Integral de Participaci\u00f3n social<\/a><\/li><li><a href=\"https:\/\/repase.sep.gob.mx\/login.jsp;jsessionid=1f4509fe1a9f23c237e1a6d8e54d\" target=\"_blank&quot;\">REPASE<\/a><\/li><li><a href=\"http:\/\/educacion.app.jalisco.gob.mx\/cas2019\/\" target=\"_blank&quot;\">Centros de atenci\u00f3n y servicios<\/a><\/li><li><a href=\"http:\/\/educacion.app.jalisco.gob.mx\/ParticipacionSocial\/\" target=\"_blank&quot;\">Transparencia de Participaci\u00f3n Social<\/a><\/li><\/ul>\t\t\t\t\t\t<\/div>\n\t\t\t\t<\/div>\n\t\t\t\t\t<\/div>\n\t\t<\/div>\n\t\t\t\t<div class=\"elementor-column elementor-col-33 elementor-inner-column elementor-element elementor-element-8f844fc\" data-id=\"8f844fc\" data-element_type=\"column\">\n\t\t\t<div class=\"elementor-widget-wrap elementor-element-populated\">\n\t\t\t\t\t\t\t\t<div class=\"elementor-element elementor-element-00cc5b8 elementor-widget elementor-widget-heading\" data-id=\"00cc5b8\" data-element_type=\"widget\" data-settings=\"{&quot;ekit_we_effect_on&quot;:&quot;none&quot;}\" data-widget_type=\"heading.default\">\n\t\t\t\t<div class=\"elementor-widget-container\">\n\t\t\t<h3 class=\"elementor-heading-title elementor-size-default\">Proyectos<\/h3>\t\t<\/div>\n\t\t\t\t<\/div>\n\t\t\t\t<div class=\"elementor-element elementor-element-62f9334 elementor-widget-laptop__width-initial elementor-widget elementor-widget-text-editor\" data-id=\"62f9334\" data-element_type=\"widget\" data-settings=\"{&quot;ekit_we_effect_on&quot;:&quot;none&quot;}\" data-widget_type=\"text-editor.default\">\n\t\t\t\t<div class=\"elementor-widget-container\">\n\t\t\t\t\t\t\t<ul>\n \t<li><a href=\"https:\/\/apprende.jalisco.gob.mx\/direccion-participacion-social\/consejo-de-participacion-escolar\/\">CEP<\/a><\/li>\n \t<li><a href=\"https:\/\/apprende.jalisco.gob.mx\/direccion-participacion-social\/centros-de-atencion-y-servicios\/\">Centros de Atenci\u00f3n y servicios<\/a><\/li>\n \t<li><a href=\"https:\/\/apprende.jalisco.gob.mx\/direccion-participacion-social\/asociacion-de-padres-de-familia\/\">Asociaci\u00f3n de padres de familia<\/a><\/li>\n \t<li><a href=\"https:\/\/apprende.jalisco.gob.mx\/direccion-participacion-social\/contraloria-social\/\">Contralor\u00eda Social<\/a><\/li>\n \t<li><a href=\"https:\/\/apprende.jalisco.gob.mx\/direccion-participacion-social\/seguro-escolar\/\">Seguro Escolar<\/a><\/li>\n<\/ul>\t\t\t\t\t\t<\/div>\n\t\t\t\t<\/div>\n\t\t\t\t\t<\/div>\n\t\t<\/div>\n\t\t\t\t\t\t\t<\/div>\n\t\t<\/section>\n\t\t\t\t\t<\/div>\n\t\t<\/div>\n\t\t\t\t\t\t\t<\/div>\n\t\t<\/section>\n\t\t\t\t\t\t\t<\/div>\n\t\t","protected":false},"excerpt":{"rendered":"<p>Programas Sistema Integral de Participaci\u00f3n social REPASE Centros de atenci\u00f3n y servicios Transparencia de Participaci\u00f3n Social Proyectos CEP Centros de Atenci\u00f3n y servicios Asociaci\u00f3n de padres de familia Contralor\u00eda Social Seguro Escolar<\/p>\n","protected":false},"author":8,"featured_media":0,"parent":0,"menu_order":0,"comment_status":"closed","ping_status":"closed","template":"","meta":{"_monsterinsights_skip_tracking":false,"_monsterinsights_sitenote_active":false,"_monsterinsights_sitenote_note":"","_monsterinsights_sitenote_category":0,"site-sidebar-layout":"no-sidebar","site-content-layout":"page-builder","ast-site-content-layout":"","site-content-style":"default","site-sidebar-style":"default","ast-global-header-display":"","ast-banner-title-visibility":"","ast-main-header-display":"","ast-hfb-above-header-display":"","ast-hfb-below-header-display":"","ast-hfb-mobile-header-display":"","site-post-title":"disabled","ast-breadcrumbs-content":"","ast-featured-img":"disabled","footer-sml-layout":"","theme-transparent-header-meta":"default","adv-header-id-meta":"","stick-header-meta":"default","header-above-stick-meta":"","header-main-stick-meta":"","header-below-stick-meta":"","astra-migrate-meta-layouts":"","ep_exclude_from_search":false,"footnotes":""},"acf":[],"yoast_head":"<!-- This site is optimized with the Yoast SEO Premium plugin v17.7 (Yoast SEO v21.0) - https:\/\/yoast.com\/wordpress\/plugins\/seo\/ -->\n<title>Programas y Proyectos - Direcci\u00f3n de Participaci\u00f3n Social<\/title>\n<meta name=\"robots\" content=\"index, follow, max-snippet:-1, max-image-preview:large, max-video-preview:-1\" \/>\n<link rel=\"canonical\" href=\"https:\/\/apprende.jalisco.gob.mx\/direccion-participacion-social\/programas-y-proyectos\/\" \/>\n<meta property=\"og:locale\" content=\"es_MX\" \/>\n<meta property=\"og:type\" content=\"article\" \/>\n<meta property=\"og:title\" content=\"Programas y Proyectos\" \/>\n<meta property=\"og:description\" content=\"Programas Sistema Integral de Participaci\u00f3n social REPASE Centros de atenci\u00f3n y servicios Transparencia de Participaci\u00f3n Social Proyectos CEP Centros de Atenci\u00f3n y servicios Asociaci\u00f3n de padres de familia Contralor\u00eda Social Seguro Escolar\" \/>\n<meta property=\"og:url\" content=\"https:\/\/apprende.jalisco.gob.mx\/direccion-participacion-social\/programas-y-proyectos\/\" \/>\n<meta property=\"og:site_name\" content=\"Direcci\u00f3n de Participaci\u00f3n Social\" \/>\n<meta property=\"article:modified_time\" content=\"2025-02-20T19:54:16+00:00\" \/>\n<meta name=\"twitter:card\" content=\"summary_large_image\" \/>\n<meta name=\"twitter:label1\" content=\"Tiempo de lectura\" \/>\n\t<meta name=\"twitter:data1\" content=\"1 minuto\" \/>\n<script type=\"application\/ld+json\" class=\"yoast-schema-graph\">{\"@context\":\"https:\/\/schema.org\",\"@graph\":[{\"@type\":\"WebPage\",\"@id\":\"https:\/\/apprende.jalisco.gob.mx\/direccion-participacion-social\/programas-y-proyectos\/\",\"url\":\"https:\/\/apprende.jalisco.gob.mx\/direccion-participacion-social\/programas-y-proyectos\/\",\"name\":\"Programas y Proyectos - Direcci\u00f3n de Participaci\u00f3n Social\",\"isPartOf\":{\"@id\":\"https:\/\/apprende.jalisco.gob.mx\/direccion-participacion-social\/#website\"},\"datePublished\":\"2023-10-27T17:38:56+00:00\",\"dateModified\":\"2025-02-20T19:54:16+00:00\",\"breadcrumb\":{\"@id\":\"https:\/\/apprende.jalisco.gob.mx\/direccion-participacion-social\/programas-y-proyectos\/#breadcrumb\"},\"inLanguage\":\"es-MX\",\"potentialAction\":[{\"@type\":\"ReadAction\",\"target\":[\"https:\/\/apprende.jalisco.gob.mx\/direccion-participacion-social\/programas-y-proyectos\/\"]}]},{\"@type\":\"BreadcrumbList\",\"@id\":\"https:\/\/apprende.jalisco.gob.mx\/direccion-participacion-social\/programas-y-proyectos\/#breadcrumb\",\"itemListElement\":[{\"@type\":\"ListItem\",\"position\":1,\"name\":\"Inicio\",\"item\":\"https:\/\/apprende.jalisco.gob.mx\/direccion-participacion-social\/\"},{\"@type\":\"ListItem\",\"position\":2,\"name\":\"Programas y Proyectos\"}]},{\"@type\":\"WebSite\",\"@id\":\"https:\/\/apprende.jalisco.gob.mx\/direccion-participacion-social\/#website\",\"url\":\"https:\/\/apprende.jalisco.gob.mx\/direccion-participacion-social\/\",\"name\":\"Direcci\u00f3n de Participaci\u00f3n Social\",\"description\":\"Micrositio\",\"publisher\":{\"@id\":\"https:\/\/apprende.jalisco.gob.mx\/direccion-participacion-social\/#organization\"},\"potentialAction\":[{\"@type\":\"SearchAction\",\"target\":{\"@type\":\"EntryPoint\",\"urlTemplate\":\"https:\/\/apprende.jalisco.gob.mx\/direccion-participacion-social\/?s={search_term_string}\"},\"query-input\":\"required name=search_term_string\"}],\"inLanguage\":\"es-MX\"},{\"@type\":\"Organization\",\"@id\":\"https:\/\/apprende.jalisco.gob.mx\/direccion-participacion-social\/#organization\",\"name\":\"Direcci\u00f3n de Participaci\u00f3n Social\",\"url\":\"https:\/\/apprende.jalisco.gob.mx\/direccion-participacion-social\/\",\"logo\":{\"@type\":\"ImageObject\",\"inLanguage\":\"es-MX\",\"@id\":\"https:\/\/apprende.jalisco.gob.mx\/direccion-participacion-social\/#\/schema\/logo\/image\/\",\"url\":\"https:\/\/apprende.jalisco.gob.mx\/direccion-participacion-social\/wp-content\/uploads\/sites\/33\/2022\/03\/logo-Educacion2025.png\",\"contentUrl\":\"https:\/\/apprende.jalisco.gob.mx\/direccion-participacion-social\/wp-content\/uploads\/sites\/33\/2022\/03\/logo-Educacion2025.png\",\"width\":427,\"height\":108,\"caption\":\"Direcci\u00f3n de Participaci\u00f3n Social\"},\"image\":{\"@id\":\"https:\/\/apprende.jalisco.gob.mx\/direccion-participacion-social\/#\/schema\/logo\/image\/\"}}]}<\/script>\n<!-- \/ Yoast SEO Premium plugin. -->","yoast_head_json":{"title":"Programas y Proyectos - Direcci\u00f3n de Participaci\u00f3n Social","robots":{"index":"index","follow":"follow","max-snippet":"max-snippet:-1","max-image-preview":"max-image-preview:large","max-video-preview":"max-video-preview:-1"},"canonical":"https:\/\/apprende.jalisco.gob.mx\/direccion-participacion-social\/programas-y-proyectos\/","og_locale":"es_MX","og_type":"article","og_title":"Programas y Proyectos","og_description":"Programas Sistema Integral de Participaci\u00f3n social REPASE Centros de atenci\u00f3n y servicios Transparencia de Participaci\u00f3n Social Proyectos CEP Centros de Atenci\u00f3n y servicios Asociaci\u00f3n de padres de familia Contralor\u00eda Social Seguro Escolar","og_url":"https:\/\/apprende.jalisco.gob.mx\/direccion-participacion-social\/programas-y-proyectos\/","og_site_name":"Direcci\u00f3n de Participaci\u00f3n Social","article_modified_time":"2025-02-20T19:54:16+00:00","twitter_card":"summary_large_image","twitter_misc":{"Tiempo de lectura":"1 minuto"},"schema":{"@context":"https:\/\/schema.org","@graph":[{"@type":"WebPage","@id":"https:\/\/apprende.jalisco.gob.mx\/direccion-participacion-social\/programas-y-proyectos\/","url":"https:\/\/apprende.jalisco.gob.mx\/direccion-participacion-social\/programas-y-proyectos\/","name":"Programas y Proyectos - Direcci\u00f3n de Participaci\u00f3n Social","isPartOf":{"@id":"https:\/\/apprende.jalisco.gob.mx\/direccion-participacion-social\/#website"},"datePublished":"2023-10-27T17:38:56+00:00","dateModified":"2025-02-20T19:54:16+00:00","breadcrumb":{"@id":"https:\/\/apprende.jalisco.gob.mx\/direccion-participacion-social\/programas-y-proyectos\/#breadcrumb"},"inLanguage":"es-MX","potentialAction":[{"@type":"ReadAction","target":["https:\/\/apprende.jalisco.gob.mx\/direccion-participacion-social\/programas-y-proyectos\/"]}]},{"@type":"BreadcrumbList","@id":"https:\/\/apprende.jalisco.gob.mx\/direccion-participacion-social\/programas-y-proyectos\/#breadcrumb","itemListElement":[{"@type":"ListItem","position":1,"name":"Inicio","item":"https:\/\/apprende.jalisco.gob.mx\/direccion-participacion-social\/"},{"@type":"ListItem","position":2,"name":"Programas y Proyectos"}]},{"@type":"WebSite","@id":"https:\/\/apprende.jalisco.gob.mx\/direccion-participacion-social\/#website","url":"https:\/\/apprende.jalisco.gob.mx\/direccion-participacion-social\/","name":"Direcci\u00f3n de Participaci\u00f3n Social","description":"Micrositio","publisher":{"@id":"https:\/\/apprende.jalisco.gob.mx\/direccion-participacion-social\/#organization"},"potentialAction":[{"@type":"SearchAction","target":{"@type":"EntryPoint","urlTemplate":"https:\/\/apprende.jalisco.gob.mx\/direccion-participacion-social\/?s={search_term_string}"},"query-input":"required name=search_term_string"}],"inLanguage":"es-MX"},{"@type":"Organization","@id":"https:\/\/apprende.jalisco.gob.mx\/direccion-participacion-social\/#organization","name":"Direcci\u00f3n de Participaci\u00f3n Social","url":"https:\/\/apprende.jalisco.gob.mx\/direccion-participacion-social\/","logo":{"@type":"ImageObject","inLanguage":"es-MX","@id":"https:\/\/apprende.jalisco.gob.mx\/direccion-participacion-social\/#\/schema\/logo\/image\/","url":"https:\/\/apprende.jalisco.gob.mx\/direccion-participacion-social\/wp-content\/uploads\/sites\/33\/2022\/03\/logo-Educacion2025.png","contentUrl":"https:\/\/apprende.jalisco.gob.mx\/direccion-participacion-social\/wp-content\/uploads\/sites\/33\/2022\/03\/logo-Educacion2025.png","width":427,"height":108,"caption":"Direcci\u00f3n de Participaci\u00f3n Social"},"image":{"@id":"https:\/\/apprende.jalisco.gob.mx\/direccion-participacion-social\/#\/schema\/logo\/image\/"}}]}},"_links":{"self":[{"href":"https:\/\/apprende.jalisco.gob.mx\/direccion-participacion-social\/wp-json\/wp\/v2\/pages\/3899"}],"collection":[{"href":"https:\/\/apprende.jalisco.gob.mx\/direccion-participacion-social\/wp-json\/wp\/v2\/pages"}],"about":[{"href":"https:\/\/apprende.jalisco.gob.mx\/direccion-participacion-social\/wp-json\/wp\/v2\/types\/page"}],"author":[{"embeddable":true,"href":"https:\/\/apprende.jalisco.gob.mx\/direccion-participacion-social\/wp-json\/wp\/v2\/users\/8"}],"replies":[{"embeddable":true,"href":"https:\/\/apprende.jalisco.gob.mx\/direccion-participacion-social\/wp-json\/wp\/v2\/comments?post=3899"}],"version-history":[{"count":22,"href":"https:\/\/apprende.jalisco.gob.mx\/direccion-participacion-social\/wp-json\/wp\/v2\/pages\/3899\/revisions"}],"predecessor-version":[{"id":4128,"href":"https:\/\/apprende.jalisco.gob.mx\/direccion-participacion-social\/wp-json\/wp\/v2\/pages\/3899\/revisions\/4128"}],"wp:attachment":[{"href":"https:\/\/apprende.jalisco.gob.mx\/direccion-participacion-social\/wp-json\/wp\/v2\/media?parent=3899"}],"curies":[{"name":"wp","href":"https:\/\/api.w.org\/{rel}","templated":true}]}}