{"id":3003,"date":"2022-09-06T19:07:09","date_gmt":"2022-09-07T00:07:09","guid":{"rendered":"https:\/\/recrea.jalisco.gob.mx\/direccion-psicopedagodia\/?page_id=3003"},"modified":"2025-09-11T13:59:36","modified_gmt":"2025-09-11T19:59:36","slug":"areas-operativas","status":"publish","type":"page","link":"https:\/\/apprende.jalisco.gob.mx\/direccion-psicopedagogia\/areas-operativas\/","title":{"rendered":"\u00c1reas operativas"},"content":{"rendered":"\t\t<div data-elementor-type=\"wp-page\" data-elementor-id=\"3003\" class=\"elementor elementor-3003\" data-elementor-post-type=\"page\">\n\t\t\t\t\t\t\t\t\t<section class=\"elementor-section elementor-top-section elementor-element elementor-element-ddfb6fd elementor-section-boxed elementor-section-height-default elementor-section-height-default\" data-id=\"ddfb6fd\" data-element_type=\"section\" data-settings=\"{&quot;ekit_has_onepagescroll_dot&quot;:&quot;yes&quot;}\">\n\t\t\t\t\t\t<div class=\"elementor-container elementor-column-gap-default\">\n\t\t\t\t\t<div class=\"elementor-column elementor-col-100 elementor-top-column elementor-element elementor-element-b5fef51\" data-id=\"b5fef51\" data-element_type=\"column\">\n\t\t\t<div class=\"elementor-widget-wrap elementor-element-populated\">\n\t\t\t\t\t\t\t\t<div class=\"elementor-element elementor-element-7c6b08c elementor-widget elementor-widget-breadcrumbs\" data-id=\"7c6b08c\" data-element_type=\"widget\" data-settings=\"{&quot;ekit_we_effect_on&quot;:&quot;none&quot;}\" data-widget_type=\"breadcrumbs.default\">\n\t\t\t\t<div class=\"elementor-widget-container\">\n\t\t\t<div id=\"breadcrumbs\"><span><span><a href=\"https:\/\/apprende.jalisco.gob.mx\/direccion-psicopedagogia\/\">Inicio<\/a><\/span><\/span><\/div>\t\t<\/div>\n\t\t\t\t<\/div>\n\t\t\t\t\t<\/div>\n\t\t<\/div>\n\t\t\t\t\t\t\t<\/div>\n\t\t<\/section>\n\t\t\t\t<section class=\"elementor-section elementor-top-section elementor-element elementor-element-2496b07 elementor-section-full_width elementor-section-height-default elementor-section-height-default\" data-id=\"2496b07\" data-element_type=\"section\" data-settings=\"{&quot;background_background&quot;:&quot;classic&quot;,&quot;ekit_has_onepagescroll_dot&quot;:&quot;yes&quot;}\">\n\t\t\t\t\t\t<div class=\"elementor-container elementor-column-gap-default\">\n\t\t\t\t\t<div class=\"elementor-column elementor-col-100 elementor-top-column elementor-element elementor-element-abc373b\" data-id=\"abc373b\" data-element_type=\"column\">\n\t\t\t<div class=\"elementor-widget-wrap elementor-element-populated\">\n\t\t\t\t\t\t\t\t<section class=\"elementor-section elementor-inner-section elementor-element elementor-element-82a360c elementor-section-boxed elementor-section-height-default elementor-section-height-default\" data-id=\"82a360c\" data-element_type=\"section\" data-settings=\"{&quot;ekit_has_onepagescroll_dot&quot;:&quot;yes&quot;}\">\n\t\t\t\t\t\t<div class=\"elementor-container elementor-column-gap-default\">\n\t\t\t\t\t<div class=\"elementor-column elementor-col-100 elementor-inner-column elementor-element elementor-element-177f601\" data-id=\"177f601\" data-element_type=\"column\">\n\t\t\t<div class=\"elementor-widget-wrap elementor-element-populated\">\n\t\t\t\t\t\t\t\t<div class=\"elementor-element elementor-element-6db45a8 elementor-widget elementor-widget-heading\" data-id=\"6db45a8\" data-element_type=\"widget\" data-settings=\"{&quot;ekit_we_effect_on&quot;:&quot;none&quot;}\" data-widget_type=\"heading.default\">\n\t\t\t\t<div class=\"elementor-widget-container\">\n\t\t\t<h2 class=\"elementor-heading-title elementor-size-default\">\u00c1reas operativas<\/h2>\t\t<\/div>\n\t\t\t\t<\/div>\n\t\t\t\t\t<\/div>\n\t\t<\/div>\n\t\t\t\t\t\t\t<\/div>\n\t\t<\/section>\n\t\t\t\t\t<\/div>\n\t\t<\/div>\n\t\t\t\t\t\t\t<\/div>\n\t\t<\/section>\n\t\t\t\t<section class=\"elementor-section elementor-top-section elementor-element elementor-element-d232928 elementor-section-boxed elementor-section-height-default elementor-section-height-default\" data-id=\"d232928\" data-element_type=\"section\" data-settings=\"{&quot;ekit_has_onepagescroll_dot&quot;:&quot;yes&quot;}\">\n\t\t\t\t\t\t<div class=\"elementor-container elementor-column-gap-default\">\n\t\t\t\t\t<div class=\"elementor-column elementor-col-100 elementor-top-column elementor-element elementor-element-7fa7890\" data-id=\"7fa7890\" data-element_type=\"column\">\n\t\t\t<div class=\"elementor-widget-wrap elementor-element-populated\">\n\t\t\t\t\t\t\t\t<div class=\"elementor-element elementor-element-7d71491 elementor-widget elementor-widget-image\" data-id=\"7d71491\" data-element_type=\"widget\" data-settings=\"{&quot;ekit_we_effect_on&quot;:&quot;none&quot;}\" data-widget_type=\"image.default\">\n\t\t\t\t<div class=\"elementor-widget-container\">\n\t\t\t\t\t\t\t\t\t\t\t\t\t\t\t\t<a href=\"https:\/\/apprende.jalisco.gob.mx\/direccion-psicopedagogia\/wp-content\/uploads\/sites\/13\/2025\/09\/organigrama2025psicoped.png\" data-elementor-open-lightbox=\"yes\" data-elementor-lightbox-title=\"organigrama2025psicoped\" data-e-action-hash=\"#elementor-action%3Aaction%3Dlightbox%26settings%3DeyJpZCI6MzY5OSwidXJsIjoiaHR0cHM6XC9cL2FwcHJlbmRlLmphbGlzY28uZ29iLm14XC9kaXJlY2Npb24tcHNpY29wZWRhZ29naWFcL3dwLWNvbnRlbnRcL3VwbG9hZHNcL3NpdGVzXC8xM1wvMjAyNVwvMDlcL29yZ2FuaWdyYW1hMjAyNXBzaWNvcGVkLnBuZyJ9\">\n\t\t\t\t\t\t\t<img decoding=\"async\" width=\"1024\" height=\"625\" src=\"https:\/\/apprende.jalisco.gob.mx\/direccion-psicopedagogia\/wp-content\/uploads\/sites\/13\/2025\/09\/organigrama2025psicoped-1024x625.png\" class=\"attachment-large size-large wp-image-3699\" alt=\"\" srcset=\"https:\/\/apprende.jalisco.gob.mx\/direccion-psicopedagogia\/wp-content\/uploads\/sites\/13\/2025\/09\/organigrama2025psicoped-1024x625.png 1024w, https:\/\/apprende.jalisco.gob.mx\/direccion-psicopedagogia\/wp-content\/uploads\/sites\/13\/2025\/09\/organigrama2025psicoped-300x183.png 300w, https:\/\/apprende.jalisco.gob.mx\/direccion-psicopedagogia\/wp-content\/uploads\/sites\/13\/2025\/09\/organigrama2025psicoped-768x469.png 768w, https:\/\/apprende.jalisco.gob.mx\/direccion-psicopedagogia\/wp-content\/uploads\/sites\/13\/2025\/09\/organigrama2025psicoped.png 1315w\" sizes=\"(max-width: 1024px) 100vw, 1024px\" \/>\t\t\t\t\t\t\t\t<\/a>\n\t\t\t\t\t\t\t\t\t\t\t\t\t\t\t<\/div>\n\t\t\t\t<\/div>\n\t\t\t\t<div class=\"elementor-element elementor-element-8614e2b elementor-widget elementor-widget-accordion\" data-id=\"8614e2b\" data-element_type=\"widget\" data-settings=\"{&quot;ekit_we_effect_on&quot;:&quot;none&quot;}\" data-widget_type=\"accordion.default\">\n\t\t\t\t<div class=\"elementor-widget-container\">\n\t\t\t\t\t<div class=\"elementor-accordion\">\n\t\t\t\t\t\t\t<div class=\"elementor-accordion-item\">\n\t\t\t\t\t<div id=\"elementor-tab-title-1401\" class=\"elementor-tab-title\" data-tab=\"1\" role=\"button\" aria-controls=\"elementor-tab-content-1401\" aria-expanded=\"false\">\n\t\t\t\t\t\t\t\t\t\t\t\t\t<span class=\"elementor-accordion-icon elementor-accordion-icon-left\" aria-hidden=\"true\">\n\t\t\t\t\t\t\t\t\t\t\t\t\t\t\t<span class=\"elementor-accordion-icon-closed\"><i class=\"fas fa-plus\"><\/i><\/span>\n\t\t\t\t\t\t\t\t<span class=\"elementor-accordion-icon-opened\"><i class=\"fas fa-minus\"><\/i><\/span>\n\t\t\t\t\t\t\t\t\t\t\t\t\t\t<\/span>\n\t\t\t\t\t\t\t\t\t\t\t\t<a class=\"elementor-accordion-title\" tabindex=\"0\">Vinculaci\u00f3n y atenci\u00f3n a casos<\/a>\n\t\t\t\t\t<\/div>\n\t\t\t\t\t<div id=\"elementor-tab-content-1401\" class=\"elementor-tab-content elementor-clearfix\" data-tab=\"1\" role=\"region\" aria-labelledby=\"elementor-tab-title-1401\"><p>PROP\u00d3SITO:<\/p><p>Atenci\u00f3n, canalizaci\u00f3n y seguimiento de casos con problem\u00e1tica psicopedag\u00f3gica en la comunidad educativa que lo requieran, soliciten y no cuenten con el apoyo de un Equipo de Intervenci\u00f3n psicopedag\u00f3gica en su escuela.<\/p><\/div>\n\t\t\t\t<\/div>\n\t\t\t\t\t\t\t<div class=\"elementor-accordion-item\">\n\t\t\t\t\t<div id=\"elementor-tab-title-1402\" class=\"elementor-tab-title\" data-tab=\"2\" role=\"button\" aria-controls=\"elementor-tab-content-1402\" aria-expanded=\"false\">\n\t\t\t\t\t\t\t\t\t\t\t\t\t<span class=\"elementor-accordion-icon elementor-accordion-icon-left\" aria-hidden=\"true\">\n\t\t\t\t\t\t\t\t\t\t\t\t\t\t\t<span class=\"elementor-accordion-icon-closed\"><i class=\"fas fa-plus\"><\/i><\/span>\n\t\t\t\t\t\t\t\t<span class=\"elementor-accordion-icon-opened\"><i class=\"fas fa-minus\"><\/i><\/span>\n\t\t\t\t\t\t\t\t\t\t\t\t\t\t<\/span>\n\t\t\t\t\t\t\t\t\t\t\t\t<a class=\"elementor-accordion-title\" tabindex=\"0\">Desarrollo emocional del docente<\/a>\n\t\t\t\t\t<\/div>\n\t\t\t\t\t<div id=\"elementor-tab-content-1402\" class=\"elementor-tab-content elementor-clearfix\" data-tab=\"2\" role=\"region\" aria-labelledby=\"elementor-tab-title-1402\"><p>Prop\u00f3sito<br \/>Prevenir y atender las consecuencias nocivas derivadas del desgaste emocional<br \/>por el trabajo docente, a trav\u00e9s de intervenciones psicopedag\u00f3gicas a nivel<br \/>individual o grupal, en el personal docente de las comunidades de aprendizaje<br \/>para la vida que lo soliciten.<\/p><\/div>\n\t\t\t\t<\/div>\n\t\t\t\t\t\t\t<div class=\"elementor-accordion-item\">\n\t\t\t\t\t<div id=\"elementor-tab-title-1403\" class=\"elementor-tab-title\" data-tab=\"3\" role=\"button\" aria-controls=\"elementor-tab-content-1403\" aria-expanded=\"false\">\n\t\t\t\t\t\t\t\t\t\t\t\t\t<span class=\"elementor-accordion-icon elementor-accordion-icon-left\" aria-hidden=\"true\">\n\t\t\t\t\t\t\t\t\t\t\t\t\t\t\t<span class=\"elementor-accordion-icon-closed\"><i class=\"fas fa-plus\"><\/i><\/span>\n\t\t\t\t\t\t\t\t<span class=\"elementor-accordion-icon-opened\"><i class=\"fas fa-minus\"><\/i><\/span>\n\t\t\t\t\t\t\t\t\t\t\t\t\t\t<\/span>\n\t\t\t\t\t\t\t\t\t\t\t\t<a class=\"elementor-accordion-title\" tabindex=\"0\">Operaci\u00f3n de los servicios<\/a>\n\t\t\t\t\t<\/div>\n\t\t\t\t\t<div id=\"elementor-tab-content-1403\" class=\"elementor-tab-content elementor-clearfix\" data-tab=\"3\" role=\"region\" aria-labelledby=\"elementor-tab-title-1403\"><p>Intervenir en las comunidades de aprendizaje para la vida con el fin de llevar a cabo el plan de mejora continua de acuerdo al diagn\u00f3stico inicial, elaborado a trav\u00e9s de Equipos Interdisciplinarios de intervenci\u00f3n Psicopedag\u00f3gica conformados por un psic\u00f3logo, un pedagogo, un m\u00e9dico y un trabajador social,<\/p><\/div>\n\t\t\t\t<\/div>\n\t\t\t\t\t\t\t<div class=\"elementor-accordion-item\">\n\t\t\t\t\t<div id=\"elementor-tab-title-1404\" class=\"elementor-tab-title\" data-tab=\"4\" role=\"button\" aria-controls=\"elementor-tab-content-1404\" aria-expanded=\"false\">\n\t\t\t\t\t\t\t\t\t\t\t\t\t<span class=\"elementor-accordion-icon elementor-accordion-icon-left\" aria-hidden=\"true\">\n\t\t\t\t\t\t\t\t\t\t\t\t\t\t\t<span class=\"elementor-accordion-icon-closed\"><i class=\"fas fa-plus\"><\/i><\/span>\n\t\t\t\t\t\t\t\t<span class=\"elementor-accordion-icon-opened\"><i class=\"fas fa-minus\"><\/i><\/span>\n\t\t\t\t\t\t\t\t\t\t\t\t\t\t<\/span>\n\t\t\t\t\t\t\t\t\t\t\t\t<a class=\"elementor-accordion-title\" tabindex=\"0\">Ampliaci\u00f3n de la cobertura<\/a>\n\t\t\t\t\t<\/div>\n\t\t\t\t\t<div id=\"elementor-tab-content-1404\" class=\"elementor-tab-content elementor-clearfix\" data-tab=\"4\" role=\"region\" aria-labelledby=\"elementor-tab-title-1404\"><p>Atender las problem\u00e1ticas psicopedag\u00f3gicas a trav\u00e9s de equipos interdisciplinarios de intervenci\u00f3n psicopedag\u00f3gica ubicados en cada una de las Delegaciones Regionales de Servicios Educativos (DRSE).<\/p><\/div>\n\t\t\t\t<\/div>\n\t\t\t\t\t\t\t\t<\/div>\n\t\t\t\t<\/div>\n\t\t\t\t<\/div>\n\t\t\t\t\t<\/div>\n\t\t<\/div>\n\t\t\t\t\t\t\t<\/div>\n\t\t<\/section>\n\t\t\t\t<section class=\"elementor-section elementor-top-section elementor-element elementor-element-bf61973 elementor-section-boxed elementor-section-height-default elementor-section-height-default\" data-id=\"bf61973\" data-element_type=\"section\" data-settings=\"{&quot;ekit_has_onepagescroll_dot&quot;:&quot;yes&quot;}\">\n\t\t\t\t\t\t<div class=\"elementor-container elementor-column-gap-default\">\n\t\t\t\t\t<div class=\"elementor-column elementor-col-100 elementor-top-column elementor-element elementor-element-4a581af\" data-id=\"4a581af\" data-element_type=\"column\">\n\t\t\t<div class=\"elementor-widget-wrap elementor-element-populated\">\n\t\t\t\t\t\t\t\t<div class=\"elementor-element elementor-element-d0bc7b9 elementor-widget elementor-widget-heading\" data-id=\"d0bc7b9\" data-element_type=\"widget\" data-settings=\"{&quot;ekit_we_effect_on&quot;:&quot;none&quot;}\" data-widget_type=\"heading.default\">\n\t\t\t\t<div class=\"elementor-widget-container\">\n\t\t\t<span class=\"elementor-heading-title elementor-size-default\"><a href=\"https:\/\/www.google.com\/maps\/d\/u\/0\/embed?mid=1K0Jo-gIIiepg_C6y2qt4VEMVmO62c79t&#038;hl=es&#038;ll=20.703572008920943%2C-103.38227649294642&#038;z=14\">Ubicaci\u00f3n de escuelas DRSE<\/a><\/span>\t\t<\/div>\n\t\t\t\t<\/div>\n\t\t\t\t\t<\/div>\n\t\t<\/div>\n\t\t\t\t\t\t\t<\/div>\n\t\t<\/section>\n\t\t\t\t\t\t\t<\/div>\n\t\t","protected":false},"excerpt":{"rendered":"<p>Vinculaci\u00f3n y atenci\u00f3n a casos PROP\u00d3SITO: Atenci\u00f3n, canalizaci\u00f3n y seguimiento de casos con problem\u00e1tica psicopedag\u00f3gica en la comunidad educativa que lo requieran, soliciten y no cuenten con el apoyo de un Equipo de Intervenci\u00f3n psicopedag\u00f3gica en su escuela. Desarrollo emocional del docente Prop\u00f3sitoPrevenir y atender las consecuencias nocivas derivadas del desgaste emocionalpor el trabajo docente, &hellip;<\/p>\n<p class=\"read-more\"> <a class=\"\" href=\"https:\/\/apprende.jalisco.gob.mx\/direccion-psicopedagogia\/areas-operativas\/\"> <span class=\"screen-reader-text\">\u00c1reas operativas<\/span> Leer m\u00e1s &raquo;<\/a><\/p>\n","protected":false},"author":5,"featured_media":0,"parent":0,"menu_order":0,"comment_status":"closed","ping_status":"closed","template":"","meta":{"_monsterinsights_skip_tracking":false,"_monsterinsights_sitenote_active":false,"_monsterinsights_sitenote_note":"","_monsterinsights_sitenote_category":0,"site-sidebar-layout":"no-sidebar","site-content-layout":"page-builder","ast-site-content-layout":"","site-content-style":"default","site-sidebar-style":"default","ast-global-header-display":"","ast-banner-title-visibility":"","ast-main-header-display":"","ast-hfb-above-header-display":"","ast-hfb-below-header-display":"","ast-hfb-mobile-header-display":"","site-post-title":"disabled","ast-breadcrumbs-content":"","ast-featured-img":"disabled","footer-sml-layout":"","theme-transparent-header-meta":"default","adv-header-id-meta":"","stick-header-meta":"default","header-above-stick-meta":"","header-main-stick-meta":"","header-below-stick-meta":"","astra-migrate-meta-layouts":"","ep_exclude_from_search":false,"footnotes":""},"acf":[],"yoast_head":"<!-- This site is optimized with the Yoast SEO Premium plugin v17.7 (Yoast SEO v21.0) - https:\/\/yoast.com\/wordpress\/plugins\/seo\/ -->\n<title>\u00c1reas operativas - Direcci\u00f3n de Psicopedagog\u00eda<\/title>\n<meta name=\"robots\" content=\"index, follow, max-snippet:-1, max-image-preview:large, max-video-preview:-1\" \/>\n<link rel=\"canonical\" href=\"https:\/\/apprende.jalisco.gob.mx\/direccion-psicopedagogia\/areas-operativas\/\" \/>\n<meta property=\"og:locale\" content=\"es_MX\" \/>\n<meta property=\"og:type\" content=\"article\" \/>\n<meta property=\"og:title\" content=\"\u00c1reas operativas\" \/>\n<meta property=\"og:description\" content=\"Vinculaci\u00f3n y atenci\u00f3n a casos PROP\u00d3SITO: Atenci\u00f3n, canalizaci\u00f3n y seguimiento de casos con problem\u00e1tica psicopedag\u00f3gica en la comunidad educativa que lo requieran, soliciten y no cuenten con el apoyo de un Equipo de Intervenci\u00f3n psicopedag\u00f3gica en su escuela. Desarrollo emocional del docente Prop\u00f3sitoPrevenir y atender las consecuencias nocivas derivadas del desgaste emocionalpor el trabajo docente, &hellip; \u00c1reas operativas Leer m\u00e1s &raquo;\" \/>\n<meta property=\"og:url\" content=\"https:\/\/apprende.jalisco.gob.mx\/direccion-psicopedagogia\/areas-operativas\/\" \/>\n<meta property=\"og:site_name\" content=\"Direcci\u00f3n de Psicopedagog\u00eda\" \/>\n<meta property=\"article:modified_time\" content=\"2025-09-11T19:59:36+00:00\" \/>\n<meta property=\"og:image\" content=\"https:\/\/apprende.jalisco.gob.mx\/direccion-psicopedagogia\/wp-content\/uploads\/sites\/13\/2025\/09\/organigrama2025psicoped-1024x625.png\" \/>\n<meta name=\"twitter:card\" content=\"summary_large_image\" \/>\n<meta name=\"twitter:label1\" content=\"Tiempo de lectura\" \/>\n\t<meta name=\"twitter:data1\" content=\"1 minuto\" \/>\n<script type=\"application\/ld+json\" class=\"yoast-schema-graph\">{\"@context\":\"https:\/\/schema.org\",\"@graph\":[{\"@type\":\"WebPage\",\"@id\":\"https:\/\/apprende.jalisco.gob.mx\/direccion-psicopedagogia\/areas-operativas\/\",\"url\":\"https:\/\/apprende.jalisco.gob.mx\/direccion-psicopedagogia\/areas-operativas\/\",\"name\":\"\u00c1reas operativas - Direcci\u00f3n de Psicopedagog\u00eda\",\"isPartOf\":{\"@id\":\"https:\/\/apprende.jalisco.gob.mx\/direccion-psicopedagogia\/#website\"},\"datePublished\":\"2022-09-07T00:07:09+00:00\",\"dateModified\":\"2025-09-11T19:59:36+00:00\",\"breadcrumb\":{\"@id\":\"https:\/\/apprende.jalisco.gob.mx\/direccion-psicopedagogia\/areas-operativas\/#breadcrumb\"},\"inLanguage\":\"es-MX\",\"potentialAction\":[{\"@type\":\"ReadAction\",\"target\":[\"https:\/\/apprende.jalisco.gob.mx\/direccion-psicopedagogia\/areas-operativas\/\"]}]},{\"@type\":\"BreadcrumbList\",\"@id\":\"https:\/\/apprende.jalisco.gob.mx\/direccion-psicopedagogia\/areas-operativas\/#breadcrumb\",\"itemListElement\":[{\"@type\":\"ListItem\",\"position\":1,\"name\":\"Inicio\",\"item\":\"https:\/\/apprende.jalisco.gob.mx\/direccion-psicopedagogia\/\"},{\"@type\":\"ListItem\",\"position\":2,\"name\":\"\u00c1reas operativas\"}]},{\"@type\":\"WebSite\",\"@id\":\"https:\/\/apprende.jalisco.gob.mx\/direccion-psicopedagogia\/#website\",\"url\":\"https:\/\/apprende.jalisco.gob.mx\/direccion-psicopedagogia\/\",\"name\":\"Direcci\u00f3n de Psicopedagog\u00eda\",\"description\":\"Micrositio\",\"publisher\":{\"@id\":\"https:\/\/apprende.jalisco.gob.mx\/direccion-psicopedagogia\/#organization\"},\"potentialAction\":[{\"@type\":\"SearchAction\",\"target\":{\"@type\":\"EntryPoint\",\"urlTemplate\":\"https:\/\/apprende.jalisco.gob.mx\/direccion-psicopedagogia\/?s={search_term_string}\"},\"query-input\":\"required name=search_term_string\"}],\"inLanguage\":\"es-MX\"},{\"@type\":\"Organization\",\"@id\":\"https:\/\/apprende.jalisco.gob.mx\/direccion-psicopedagogia\/#organization\",\"name\":\"Direcci\u00f3n de Psicopedagog\u00eda\",\"url\":\"https:\/\/apprende.jalisco.gob.mx\/direccion-psicopedagogia\/\",\"logo\":{\"@type\":\"ImageObject\",\"inLanguage\":\"es-MX\",\"@id\":\"https:\/\/apprende.jalisco.gob.mx\/direccion-psicopedagogia\/#\/schema\/logo\/image\/\",\"url\":\"https:\/\/apprende.jalisco.gob.mx\/direccion-psicopedagogia\/wp-content\/uploads\/sites\/13\/2022\/03\/logo-Educacion2025.png\",\"contentUrl\":\"https:\/\/apprende.jalisco.gob.mx\/direccion-psicopedagogia\/wp-content\/uploads\/sites\/13\/2022\/03\/logo-Educacion2025.png\",\"width\":427,\"height\":108,\"caption\":\"Direcci\u00f3n de Psicopedagog\u00eda\"},\"image\":{\"@id\":\"https:\/\/apprende.jalisco.gob.mx\/direccion-psicopedagogia\/#\/schema\/logo\/image\/\"}}]}<\/script>\n<!-- \/ Yoast SEO Premium plugin. -->","yoast_head_json":{"title":"\u00c1reas operativas - Direcci\u00f3n de Psicopedagog\u00eda","robots":{"index":"index","follow":"follow","max-snippet":"max-snippet:-1","max-image-preview":"max-image-preview:large","max-video-preview":"max-video-preview:-1"},"canonical":"https:\/\/apprende.jalisco.gob.mx\/direccion-psicopedagogia\/areas-operativas\/","og_locale":"es_MX","og_type":"article","og_title":"\u00c1reas operativas","og_description":"Vinculaci\u00f3n y atenci\u00f3n a casos PROP\u00d3SITO: Atenci\u00f3n, canalizaci\u00f3n y seguimiento de casos con problem\u00e1tica psicopedag\u00f3gica en la comunidad educativa que lo requieran, soliciten y no cuenten con el apoyo de un Equipo de Intervenci\u00f3n psicopedag\u00f3gica en su escuela. Desarrollo emocional del docente Prop\u00f3sitoPrevenir y atender las consecuencias nocivas derivadas del desgaste emocionalpor el trabajo docente, &hellip; \u00c1reas operativas Leer m\u00e1s &raquo;","og_url":"https:\/\/apprende.jalisco.gob.mx\/direccion-psicopedagogia\/areas-operativas\/","og_site_name":"Direcci\u00f3n de Psicopedagog\u00eda","article_modified_time":"2025-09-11T19:59:36+00:00","og_image":[{"url":"https:\/\/apprende.jalisco.gob.mx\/direccion-psicopedagogia\/wp-content\/uploads\/sites\/13\/2025\/09\/organigrama2025psicoped-1024x625.png"}],"twitter_card":"summary_large_image","twitter_misc":{"Tiempo de lectura":"1 minuto"},"schema":{"@context":"https:\/\/schema.org","@graph":[{"@type":"WebPage","@id":"https:\/\/apprende.jalisco.gob.mx\/direccion-psicopedagogia\/areas-operativas\/","url":"https:\/\/apprende.jalisco.gob.mx\/direccion-psicopedagogia\/areas-operativas\/","name":"\u00c1reas operativas - Direcci\u00f3n de Psicopedagog\u00eda","isPartOf":{"@id":"https:\/\/apprende.jalisco.gob.mx\/direccion-psicopedagogia\/#website"},"datePublished":"2022-09-07T00:07:09+00:00","dateModified":"2025-09-11T19:59:36+00:00","breadcrumb":{"@id":"https:\/\/apprende.jalisco.gob.mx\/direccion-psicopedagogia\/areas-operativas\/#breadcrumb"},"inLanguage":"es-MX","potentialAction":[{"@type":"ReadAction","target":["https:\/\/apprende.jalisco.gob.mx\/direccion-psicopedagogia\/areas-operativas\/"]}]},{"@type":"BreadcrumbList","@id":"https:\/\/apprende.jalisco.gob.mx\/direccion-psicopedagogia\/areas-operativas\/#breadcrumb","itemListElement":[{"@type":"ListItem","position":1,"name":"Inicio","item":"https:\/\/apprende.jalisco.gob.mx\/direccion-psicopedagogia\/"},{"@type":"ListItem","position":2,"name":"\u00c1reas operativas"}]},{"@type":"WebSite","@id":"https:\/\/apprende.jalisco.gob.mx\/direccion-psicopedagogia\/#website","url":"https:\/\/apprende.jalisco.gob.mx\/direccion-psicopedagogia\/","name":"Direcci\u00f3n de Psicopedagog\u00eda","description":"Micrositio","publisher":{"@id":"https:\/\/apprende.jalisco.gob.mx\/direccion-psicopedagogia\/#organization"},"potentialAction":[{"@type":"SearchAction","target":{"@type":"EntryPoint","urlTemplate":"https:\/\/apprende.jalisco.gob.mx\/direccion-psicopedagogia\/?s={search_term_string}"},"query-input":"required name=search_term_string"}],"inLanguage":"es-MX"},{"@type":"Organization","@id":"https:\/\/apprende.jalisco.gob.mx\/direccion-psicopedagogia\/#organization","name":"Direcci\u00f3n de Psicopedagog\u00eda","url":"https:\/\/apprende.jalisco.gob.mx\/direccion-psicopedagogia\/","logo":{"@type":"ImageObject","inLanguage":"es-MX","@id":"https:\/\/apprende.jalisco.gob.mx\/direccion-psicopedagogia\/#\/schema\/logo\/image\/","url":"https:\/\/apprende.jalisco.gob.mx\/direccion-psicopedagogia\/wp-content\/uploads\/sites\/13\/2022\/03\/logo-Educacion2025.png","contentUrl":"https:\/\/apprende.jalisco.gob.mx\/direccion-psicopedagogia\/wp-content\/uploads\/sites\/13\/2022\/03\/logo-Educacion2025.png","width":427,"height":108,"caption":"Direcci\u00f3n de Psicopedagog\u00eda"},"image":{"@id":"https:\/\/apprende.jalisco.gob.mx\/direccion-psicopedagogia\/#\/schema\/logo\/image\/"}}]}},"_links":{"self":[{"href":"https:\/\/apprende.jalisco.gob.mx\/direccion-psicopedagogia\/wp-json\/wp\/v2\/pages\/3003"}],"collection":[{"href":"https:\/\/apprende.jalisco.gob.mx\/direccion-psicopedagogia\/wp-json\/wp\/v2\/pages"}],"about":[{"href":"https:\/\/apprende.jalisco.gob.mx\/direccion-psicopedagogia\/wp-json\/wp\/v2\/types\/page"}],"author":[{"embeddable":true,"href":"https:\/\/apprende.jalisco.gob.mx\/direccion-psicopedagogia\/wp-json\/wp\/v2\/users\/5"}],"replies":[{"embeddable":true,"href":"https:\/\/apprende.jalisco.gob.mx\/direccion-psicopedagogia\/wp-json\/wp\/v2\/comments?post=3003"}],"version-history":[{"count":20,"href":"https:\/\/apprende.jalisco.gob.mx\/direccion-psicopedagogia\/wp-json\/wp\/v2\/pages\/3003\/revisions"}],"predecessor-version":[{"id":3702,"href":"https:\/\/apprende.jalisco.gob.mx\/direccion-psicopedagogia\/wp-json\/wp\/v2\/pages\/3003\/revisions\/3702"}],"wp:attachment":[{"href":"https:\/\/apprende.jalisco.gob.mx\/direccion-psicopedagogia\/wp-json\/wp\/v2\/media?parent=3003"}],"curies":[{"name":"wp","href":"https:\/\/api.w.org\/{rel}","templated":true}]}}