{"id":3197,"date":"2022-09-11T14:32:55","date_gmt":"2022-09-11T19:32:55","guid":{"rendered":"https:\/\/recrea.jalisco.gob.mx\/direccion-psicopedagodia\/?page_id=3197"},"modified":"2025-11-05T11:51:32","modified_gmt":"2025-11-05T17:51:32","slug":"eventos-conferencias","status":"publish","type":"page","link":"https:\/\/apprende.jalisco.gob.mx\/direccion-psicopedagogia\/eventos-conferencias\/","title":{"rendered":"Eventos y Conferencias"},"content":{"rendered":"\t\t<div data-elementor-type=\"wp-page\" data-elementor-id=\"3197\" class=\"elementor elementor-3197\" data-elementor-post-type=\"page\">\n\t\t\t\t\t\t\t\t\t<section class=\"elementor-section elementor-top-section elementor-element elementor-element-ddfb6fd elementor-section-boxed elementor-section-height-default elementor-section-height-default\" data-id=\"ddfb6fd\" data-element_type=\"section\" data-settings=\"{&quot;ekit_has_onepagescroll_dot&quot;:&quot;yes&quot;}\">\n\t\t\t\t\t\t<div class=\"elementor-container elementor-column-gap-default\">\n\t\t\t\t\t<div class=\"elementor-column elementor-col-100 elementor-top-column elementor-element elementor-element-b5fef51\" data-id=\"b5fef51\" data-element_type=\"column\">\n\t\t\t<div class=\"elementor-widget-wrap elementor-element-populated\">\n\t\t\t\t\t\t\t\t<div class=\"elementor-element elementor-element-7c6b08c elementor-widget elementor-widget-breadcrumbs\" data-id=\"7c6b08c\" data-element_type=\"widget\" data-settings=\"{&quot;ekit_we_effect_on&quot;:&quot;none&quot;}\" data-widget_type=\"breadcrumbs.default\">\n\t\t\t\t<div class=\"elementor-widget-container\">\n\t\t\t<div id=\"breadcrumbs\"><span><span><a href=\"https:\/\/apprende.jalisco.gob.mx\/direccion-psicopedagogia\/\">Inicio<\/a><\/span><\/span><\/div>\t\t<\/div>\n\t\t\t\t<\/div>\n\t\t\t\t\t<\/div>\n\t\t<\/div>\n\t\t\t\t\t\t\t<\/div>\n\t\t<\/section>\n\t\t\t\t<section class=\"elementor-section elementor-top-section elementor-element elementor-element-2496b07 elementor-section-full_width elementor-section-height-default elementor-section-height-default\" data-id=\"2496b07\" data-element_type=\"section\" data-settings=\"{&quot;background_background&quot;:&quot;classic&quot;,&quot;ekit_has_onepagescroll_dot&quot;:&quot;yes&quot;}\">\n\t\t\t\t\t\t<div class=\"elementor-container elementor-column-gap-default\">\n\t\t\t\t\t<div class=\"elementor-column elementor-col-100 elementor-top-column elementor-element elementor-element-abc373b\" data-id=\"abc373b\" data-element_type=\"column\">\n\t\t\t<div class=\"elementor-widget-wrap elementor-element-populated\">\n\t\t\t\t\t\t\t\t<section class=\"elementor-section elementor-inner-section elementor-element elementor-element-82a360c elementor-section-boxed elementor-section-height-default elementor-section-height-default\" data-id=\"82a360c\" data-element_type=\"section\" data-settings=\"{&quot;ekit_has_onepagescroll_dot&quot;:&quot;yes&quot;}\">\n\t\t\t\t\t\t<div class=\"elementor-container elementor-column-gap-default\">\n\t\t\t\t\t<div class=\"elementor-column elementor-col-100 elementor-inner-column elementor-element elementor-element-177f601\" data-id=\"177f601\" data-element_type=\"column\">\n\t\t\t<div class=\"elementor-widget-wrap elementor-element-populated\">\n\t\t\t\t\t\t\t\t<div class=\"elementor-element elementor-element-6db45a8 elementor-widget elementor-widget-heading\" data-id=\"6db45a8\" data-element_type=\"widget\" data-settings=\"{&quot;ekit_we_effect_on&quot;:&quot;none&quot;}\" data-widget_type=\"heading.default\">\n\t\t\t\t<div class=\"elementor-widget-container\">\n\t\t\t<h1 class=\"elementor-heading-title elementor-size-default\">Eventos y conferencias<\/h1>\t\t<\/div>\n\t\t\t\t<\/div>\n\t\t\t\t\t<\/div>\n\t\t<\/div>\n\t\t\t\t\t\t\t<\/div>\n\t\t<\/section>\n\t\t\t\t\t<\/div>\n\t\t<\/div>\n\t\t\t\t\t\t\t<\/div>\n\t\t<\/section>\n\t\t\t\t<section class=\"elementor-section elementor-top-section elementor-element elementor-element-d232928 elementor-section-boxed elementor-section-height-default elementor-section-height-default\" data-id=\"d232928\" data-element_type=\"section\" data-settings=\"{&quot;ekit_has_onepagescroll_dot&quot;:&quot;yes&quot;}\">\n\t\t\t\t\t\t<div class=\"elementor-container elementor-column-gap-default\">\n\t\t\t\t\t<div class=\"elementor-column elementor-col-100 elementor-top-column elementor-element elementor-element-7fa7890\" data-id=\"7fa7890\" data-element_type=\"column\">\n\t\t\t<div class=\"elementor-widget-wrap elementor-element-populated\">\n\t\t\t\t\t\t\t\t<div class=\"elementor-element elementor-element-8614e2b elementor-widget elementor-widget-accordion\" data-id=\"8614e2b\" data-element_type=\"widget\" data-settings=\"{&quot;ekit_we_effect_on&quot;:&quot;none&quot;}\" data-widget_type=\"accordion.default\">\n\t\t\t\t<div class=\"elementor-widget-container\">\n\t\t\t\t\t<div class=\"elementor-accordion\">\n\t\t\t\t\t\t\t<div class=\"elementor-accordion-item\">\n\t\t\t\t\t<div id=\"elementor-tab-title-1401\" class=\"elementor-tab-title\" data-tab=\"1\" role=\"button\" aria-controls=\"elementor-tab-content-1401\" aria-expanded=\"false\">\n\t\t\t\t\t\t\t\t\t\t\t\t\t<span class=\"elementor-accordion-icon elementor-accordion-icon-left\" aria-hidden=\"true\">\n\t\t\t\t\t\t\t\t\t\t\t\t\t\t\t<span class=\"elementor-accordion-icon-closed\"><i class=\"fas fa-plus\"><\/i><\/span>\n\t\t\t\t\t\t\t\t<span class=\"elementor-accordion-icon-opened\"><i class=\"fas fa-minus\"><\/i><\/span>\n\t\t\t\t\t\t\t\t\t\t\t\t\t\t<\/span>\n\t\t\t\t\t\t\t\t\t\t\t\t<a class=\"elementor-accordion-title\" tabindex=\"0\">2019<\/a>\n\t\t\t\t\t<\/div>\n\t\t\t\t\t<div id=\"elementor-tab-content-1401\" class=\"elementor-tab-content elementor-clearfix\" data-tab=\"1\" role=\"region\" aria-labelledby=\"elementor-tab-title-1401\"><table><tbody><tr><td><p><span style=\"color: #e7004c\"><a style=\"color: #e7004c\" href=\"https:\/\/drive.google.com\/file\/d\/1ouoIpA711SfaELWI4ESEICv92pSgjC-v\/view\" target=\"_blank\" rel=\"noopener\"><strong>Mtro. \u00c1lvaro Enrique Ram\u00edrez:<\/strong><\/a><\/span>El orientador educativo y de convivencia una soluci\u00f3n integral en la educaci\u00f3n secundaria.<\/p><\/td><td><span style=\"color: #e7004c\"><a style=\"color: #e7004c\" href=\"https:\/\/drive.google.com\/file\/d\/1pE_4T45o8SJGcYfkmhIfR1phaV7M0L8u\/view\" target=\"_blank\" rel=\"noopener\"><strong>Dra. Ivonne Araceli G\u00f3mez Abarca Andrade:<\/strong><\/a><\/span>\u00a0Prevalencia del S\u00edndrome de Burnout en docentes de educaci\u00f3n b\u00e1sica y t\u00e9cnicas de afrontamiento psicoemocional.<\/td><td><span style=\"color: #e7004c\"><a style=\"color: #e7004c\" href=\"https:\/\/drive.google.com\/file\/d\/1qcpi96NcZgk1kjAM1B5WYZ0dUrbpoeBI\/view\" target=\"_blank\" rel=\"noopener\"><strong>Dra. Hilda Ana Mar\u00eda Pati\u00f1o Dom\u00ednguez:<\/strong><\/a>\u00a0<\/span>La educaci\u00f3n socioemocional en el Nuevo Modelo Educativo: razones y desaf\u00edos.<\/td><td><span style=\"color: #e7004c\"><a style=\"color: #e7004c\" href=\"https:\/\/drive.google.com\/file\/d\/1-MOozgEx5ChAHNCwtNtSaq6cfYF3ZTSK\/view\" target=\"_blank\" rel=\"noopener\"><strong>Voz Pro Salud Mental Jalisco, A.C. Humanamente:<\/strong><\/a>\u00a0<\/span>Evaluando el bienestar de los alumnos de educaci\u00f3n b\u00e1sica.<\/td><td><span style=\"color: #ff0000\"><a style=\"color: #ff0000\" href=\"https:\/\/drive.google.com\/file\/d\/1LTM9jy5OK65PYfUguarLD7HTQx8zXOd4\/view\" target=\"_blank\" rel=\"noopener\"><strong><span style=\"color: #e7004c\">Christian Plebs:<\/span><\/strong><\/a><\/span>\u00a0Neurodesarrollo, auto regulaci\u00f3n e inteligencia emocional: rol en la crianza y educaci\u00f3n.<\/td><\/tr><\/tbody><\/table><p>\u00a0<\/p><\/div>\n\t\t\t\t<\/div>\n\t\t\t\t\t\t\t<div class=\"elementor-accordion-item\">\n\t\t\t\t\t<div id=\"elementor-tab-title-1402\" class=\"elementor-tab-title\" data-tab=\"2\" role=\"button\" aria-controls=\"elementor-tab-content-1402\" aria-expanded=\"false\">\n\t\t\t\t\t\t\t\t\t\t\t\t\t<span class=\"elementor-accordion-icon elementor-accordion-icon-left\" aria-hidden=\"true\">\n\t\t\t\t\t\t\t\t\t\t\t\t\t\t\t<span class=\"elementor-accordion-icon-closed\"><i class=\"fas fa-plus\"><\/i><\/span>\n\t\t\t\t\t\t\t\t<span class=\"elementor-accordion-icon-opened\"><i class=\"fas fa-minus\"><\/i><\/span>\n\t\t\t\t\t\t\t\t\t\t\t\t\t\t<\/span>\n\t\t\t\t\t\t\t\t\t\t\t\t<a class=\"elementor-accordion-title\" tabindex=\"0\">2020<\/a>\n\t\t\t\t\t<\/div>\n\t\t\t\t\t<div id=\"elementor-tab-content-1402\" class=\"elementor-tab-content elementor-clearfix\" data-tab=\"2\" role=\"region\" aria-labelledby=\"elementor-tab-title-1402\"><\/div>\n\t\t\t\t<\/div>\n\t\t\t\t\t\t\t<div class=\"elementor-accordion-item\">\n\t\t\t\t\t<div id=\"elementor-tab-title-1403\" class=\"elementor-tab-title\" data-tab=\"3\" role=\"button\" aria-controls=\"elementor-tab-content-1403\" aria-expanded=\"false\">\n\t\t\t\t\t\t\t\t\t\t\t\t\t<span class=\"elementor-accordion-icon elementor-accordion-icon-left\" aria-hidden=\"true\">\n\t\t\t\t\t\t\t\t\t\t\t\t\t\t\t<span class=\"elementor-accordion-icon-closed\"><i class=\"fas fa-plus\"><\/i><\/span>\n\t\t\t\t\t\t\t\t<span class=\"elementor-accordion-icon-opened\"><i class=\"fas fa-minus\"><\/i><\/span>\n\t\t\t\t\t\t\t\t\t\t\t\t\t\t<\/span>\n\t\t\t\t\t\t\t\t\t\t\t\t<a class=\"elementor-accordion-title\" tabindex=\"0\">2021<\/a>\n\t\t\t\t\t<\/div>\n\t\t\t\t\t<div id=\"elementor-tab-content-1403\" class=\"elementor-tab-content elementor-clearfix\" data-tab=\"3\" role=\"region\" aria-labelledby=\"elementor-tab-title-1403\"><\/div>\n\t\t\t\t<\/div>\n\t\t\t\t\t\t\t<div class=\"elementor-accordion-item\">\n\t\t\t\t\t<div id=\"elementor-tab-title-1404\" class=\"elementor-tab-title\" data-tab=\"4\" role=\"button\" aria-controls=\"elementor-tab-content-1404\" aria-expanded=\"false\">\n\t\t\t\t\t\t\t\t\t\t\t\t\t<span class=\"elementor-accordion-icon elementor-accordion-icon-left\" aria-hidden=\"true\">\n\t\t\t\t\t\t\t\t\t\t\t\t\t\t\t<span class=\"elementor-accordion-icon-closed\"><i class=\"fas fa-plus\"><\/i><\/span>\n\t\t\t\t\t\t\t\t<span class=\"elementor-accordion-icon-opened\"><i class=\"fas fa-minus\"><\/i><\/span>\n\t\t\t\t\t\t\t\t\t\t\t\t\t\t<\/span>\n\t\t\t\t\t\t\t\t\t\t\t\t<a class=\"elementor-accordion-title\" tabindex=\"0\">2022<\/a>\n\t\t\t\t\t<\/div>\n\t\t\t\t\t<div id=\"elementor-tab-content-1404\" class=\"elementor-tab-content elementor-clearfix\" data-tab=\"4\" role=\"region\" aria-labelledby=\"elementor-tab-title-1404\"><ul><li><span style=\"color: #e7004c\"><a style=\"color: #e7004c\" href=\"https:\/\/drive.google.com\/drive\/folders\/1lJlAiIRsqypWF138bF48JYvK1IYe9pcj\" target=\"_blank\" rel=\"noopener\">Protocolos<\/a><\/span><\/li>Capacitaciones<li><span style=\"color: #e7004c\"><a style=\"color: #e7004c\" href=\"https:\/\/drive.google.com\/file\/d\/11rayvCHLOYSLmt-J2dS-iCmLXH7lTdbX\/view\" target=\"_blank\" rel=\"noopener\">Modelos de educaci\u00f3n y crianza respetuosa<\/a><\/span><\/li><li><span style=\"color: #e7004c\"><a style=\"color: #e7004c\" href=\"https:\/\/drive.google.com\/file\/d\/1T3rNfo_fcJ7N5m1N0iilzAyK7eGO7tUr\/view\" target=\"_blank\" rel=\"noopener\">Conversatorio \u201cComunidad de aprendizaje en y para la vida\u201d (CAV)<\/a><\/span><\/li><li><span style=\"color: #e7004c\"><a style=\"color: #e7004c\" href=\"https:\/\/drive.google.com\/file\/d\/1AlM04TtWuPB4AezFdZLFjHB02Ec2j0YJ\/view\" target=\"_blank\" rel=\"noopener\">Capacitaci\u00f3n Psicopedagog\u00eda \u201cPedagog\u00eda de los Cuidados\u201d<\/a><\/span><\/li><li><span style=\"color: #e7004c\"><a style=\"color: #e7004c\" href=\"https:\/\/drive.google.com\/file\/d\/1av-D-O0MDzSqfy-tgK-NbkOlOcYoTtUj\/view\" target=\"_blank\" rel=\"noopener\">Capacitaci\u00f3n Psicopedagog\u00eda \u201cRECREA FAMILIA\u201d<\/a><\/span><\/li><li><a href=\"https:\/\/drive.google.com\/file\/d\/18UZgVuJe98s3bts7M70MpyoSpycc1MIB\/view\" target=\"_blank\" rel=\"noopener\"><span style=\"color: #e7004c\">Capacitaci\u00f3n Psicopedagog\u00eda \u201cSensibilizaci\u00f3n en igualdad y no discriminaci\u00f3n a la poblaci\u00f3n LGBTTTIQ\u201d<\/span><\/a><\/li><\/ul><\/div>\n\t\t\t\t<\/div>\n\t\t\t\t\t\t\t<div class=\"elementor-accordion-item\">\n\t\t\t\t\t<div id=\"elementor-tab-title-1405\" class=\"elementor-tab-title\" data-tab=\"5\" role=\"button\" aria-controls=\"elementor-tab-content-1405\" aria-expanded=\"false\">\n\t\t\t\t\t\t\t\t\t\t\t\t\t<span class=\"elementor-accordion-icon elementor-accordion-icon-left\" aria-hidden=\"true\">\n\t\t\t\t\t\t\t\t\t\t\t\t\t\t\t<span class=\"elementor-accordion-icon-closed\"><i class=\"fas fa-plus\"><\/i><\/span>\n\t\t\t\t\t\t\t\t<span class=\"elementor-accordion-icon-opened\"><i class=\"fas fa-minus\"><\/i><\/span>\n\t\t\t\t\t\t\t\t\t\t\t\t\t\t<\/span>\n\t\t\t\t\t\t\t\t\t\t\t\t<a class=\"elementor-accordion-title\" tabindex=\"0\">2023<\/a>\n\t\t\t\t\t<\/div>\n\t\t\t\t\t<div id=\"elementor-tab-content-1405\" class=\"elementor-tab-content elementor-clearfix\" data-tab=\"5\" role=\"region\" aria-labelledby=\"elementor-tab-title-1405\"><p><a href=\"https:\/\/drive.google.com\/file\/d\/1_aXINnjzNgTGDcFlDgxKdO84jo0eG5O9\/view?usp=sharing\" target=\"_blank\" rel=\"noopener\">Integraci\u00f3n y Trabajo en Equipo<\/a><\/p><\/div>\n\t\t\t\t<\/div>\n\t\t\t\t\t\t\t<div class=\"elementor-accordion-item\">\n\t\t\t\t\t<div id=\"elementor-tab-title-1406\" class=\"elementor-tab-title\" data-tab=\"6\" role=\"button\" aria-controls=\"elementor-tab-content-1406\" aria-expanded=\"false\">\n\t\t\t\t\t\t\t\t\t\t\t\t\t<span class=\"elementor-accordion-icon elementor-accordion-icon-left\" aria-hidden=\"true\">\n\t\t\t\t\t\t\t\t\t\t\t\t\t\t\t<span class=\"elementor-accordion-icon-closed\"><i class=\"fas fa-plus\"><\/i><\/span>\n\t\t\t\t\t\t\t\t<span class=\"elementor-accordion-icon-opened\"><i class=\"fas fa-minus\"><\/i><\/span>\n\t\t\t\t\t\t\t\t\t\t\t\t\t\t<\/span>\n\t\t\t\t\t\t\t\t\t\t\t\t<a class=\"elementor-accordion-title\" tabindex=\"0\">2024<\/a>\n\t\t\t\t\t<\/div>\n\t\t\t\t\t<div id=\"elementor-tab-content-1406\" class=\"elementor-tab-content elementor-clearfix\" data-tab=\"6\" role=\"region\" aria-labelledby=\"elementor-tab-title-1406\"><\/div>\n\t\t\t\t<\/div>\n\t\t\t\t\t\t\t\t<\/div>\n\t\t\t\t<\/div>\n\t\t\t\t<\/div>\n\t\t\t\t\t<\/div>\n\t\t<\/div>\n\t\t\t\t\t\t\t<\/div>\n\t\t<\/section>\n\t\t\t\t\t\t\t<\/div>\n\t\t","protected":false},"excerpt":{"rendered":"<p>Eventos y conferencias 2019 Mtro. \u00c1lvaro Enrique Ram\u00edrez:El orientador educativo y de convivencia una soluci\u00f3n integral en la educaci\u00f3n secundaria. Dra. Ivonne Araceli G\u00f3mez Abarca Andrade:\u00a0Prevalencia del S\u00edndrome de Burnout en docentes de educaci\u00f3n b\u00e1sica y t\u00e9cnicas de afrontamiento psicoemocional. Dra. Hilda Ana Mar\u00eda Pati\u00f1o Dom\u00ednguez:\u00a0La educaci\u00f3n socioemocional en el Nuevo Modelo Educativo: razones y &hellip;<\/p>\n<p class=\"read-more\"> <a class=\"\" href=\"https:\/\/apprende.jalisco.gob.mx\/direccion-psicopedagogia\/eventos-conferencias\/\"> <span class=\"screen-reader-text\">Eventos y Conferencias<\/span> Leer m\u00e1s &raquo;<\/a><\/p>\n","protected":false},"author":5,"featured_media":0,"parent":0,"menu_order":0,"comment_status":"closed","ping_status":"closed","template":"","meta":{"_monsterinsights_skip_tracking":false,"_monsterinsights_sitenote_active":false,"_monsterinsights_sitenote_note":"","_monsterinsights_sitenote_category":0,"site-sidebar-layout":"no-sidebar","site-content-layout":"page-builder","ast-site-content-layout":"","site-content-style":"default","site-sidebar-style":"default","ast-global-header-display":"","ast-banner-title-visibility":"","ast-main-header-display":"","ast-hfb-above-header-display":"","ast-hfb-below-header-display":"","ast-hfb-mobile-header-display":"","site-post-title":"disabled","ast-breadcrumbs-content":"","ast-featured-img":"disabled","footer-sml-layout":"","theme-transparent-header-meta":"default","adv-header-id-meta":"","stick-header-meta":"default","header-above-stick-meta":"","header-main-stick-meta":"","header-below-stick-meta":"","astra-migrate-meta-layouts":"","ep_exclude_from_search":false,"footnotes":""},"acf":[],"yoast_head":"<!-- This site is optimized with the Yoast SEO Premium plugin v17.7 (Yoast SEO v21.0) - https:\/\/yoast.com\/wordpress\/plugins\/seo\/ -->\n<title>Eventos y Conferencias - Direcci\u00f3n de Psicopedagog\u00eda<\/title>\n<meta name=\"robots\" content=\"index, follow, max-snippet:-1, max-image-preview:large, max-video-preview:-1\" \/>\n<link rel=\"canonical\" href=\"https:\/\/apprende.jalisco.gob.mx\/direccion-psicopedagogia\/eventos-conferencias\/\" \/>\n<meta property=\"og:locale\" content=\"es_MX\" \/>\n<meta property=\"og:type\" content=\"article\" \/>\n<meta property=\"og:title\" content=\"Eventos y Conferencias\" \/>\n<meta property=\"og:description\" content=\"Eventos y conferencias 2019 Mtro. \u00c1lvaro Enrique Ram\u00edrez:El orientador educativo y de convivencia una soluci\u00f3n integral en la educaci\u00f3n secundaria. Dra. Ivonne Araceli G\u00f3mez Abarca Andrade:\u00a0Prevalencia del S\u00edndrome de Burnout en docentes de educaci\u00f3n b\u00e1sica y t\u00e9cnicas de afrontamiento psicoemocional. Dra. Hilda Ana Mar\u00eda Pati\u00f1o Dom\u00ednguez:\u00a0La educaci\u00f3n socioemocional en el Nuevo Modelo Educativo: razones y &hellip; Eventos y Conferencias Leer m\u00e1s &raquo;\" \/>\n<meta property=\"og:url\" content=\"https:\/\/apprende.jalisco.gob.mx\/direccion-psicopedagogia\/eventos-conferencias\/\" \/>\n<meta property=\"og:site_name\" content=\"Direcci\u00f3n de Psicopedagog\u00eda\" \/>\n<meta property=\"article:modified_time\" content=\"2025-11-05T17:51:32+00:00\" \/>\n<meta name=\"twitter:card\" content=\"summary_large_image\" \/>\n<meta name=\"twitter:label1\" content=\"Tiempo de lectura\" \/>\n\t<meta name=\"twitter:data1\" content=\"1 minuto\" \/>\n<script type=\"application\/ld+json\" class=\"yoast-schema-graph\">{\"@context\":\"https:\/\/schema.org\",\"@graph\":[{\"@type\":\"WebPage\",\"@id\":\"https:\/\/apprende.jalisco.gob.mx\/direccion-psicopedagogia\/eventos-conferencias\/\",\"url\":\"https:\/\/apprende.jalisco.gob.mx\/direccion-psicopedagogia\/eventos-conferencias\/\",\"name\":\"Eventos y Conferencias - Direcci\u00f3n de Psicopedagog\u00eda\",\"isPartOf\":{\"@id\":\"https:\/\/apprende.jalisco.gob.mx\/direccion-psicopedagogia\/#website\"},\"datePublished\":\"2022-09-11T19:32:55+00:00\",\"dateModified\":\"2025-11-05T17:51:32+00:00\",\"breadcrumb\":{\"@id\":\"https:\/\/apprende.jalisco.gob.mx\/direccion-psicopedagogia\/eventos-conferencias\/#breadcrumb\"},\"inLanguage\":\"es-MX\",\"potentialAction\":[{\"@type\":\"ReadAction\",\"target\":[\"https:\/\/apprende.jalisco.gob.mx\/direccion-psicopedagogia\/eventos-conferencias\/\"]}]},{\"@type\":\"BreadcrumbList\",\"@id\":\"https:\/\/apprende.jalisco.gob.mx\/direccion-psicopedagogia\/eventos-conferencias\/#breadcrumb\",\"itemListElement\":[{\"@type\":\"ListItem\",\"position\":1,\"name\":\"Inicio\",\"item\":\"https:\/\/apprende.jalisco.gob.mx\/direccion-psicopedagogia\/\"},{\"@type\":\"ListItem\",\"position\":2,\"name\":\"Eventos y Conferencias\"}]},{\"@type\":\"WebSite\",\"@id\":\"https:\/\/apprende.jalisco.gob.mx\/direccion-psicopedagogia\/#website\",\"url\":\"https:\/\/apprende.jalisco.gob.mx\/direccion-psicopedagogia\/\",\"name\":\"Direcci\u00f3n de Psicopedagog\u00eda\",\"description\":\"Micrositio\",\"publisher\":{\"@id\":\"https:\/\/apprende.jalisco.gob.mx\/direccion-psicopedagogia\/#organization\"},\"potentialAction\":[{\"@type\":\"SearchAction\",\"target\":{\"@type\":\"EntryPoint\",\"urlTemplate\":\"https:\/\/apprende.jalisco.gob.mx\/direccion-psicopedagogia\/?s={search_term_string}\"},\"query-input\":\"required name=search_term_string\"}],\"inLanguage\":\"es-MX\"},{\"@type\":\"Organization\",\"@id\":\"https:\/\/apprende.jalisco.gob.mx\/direccion-psicopedagogia\/#organization\",\"name\":\"Direcci\u00f3n de Psicopedagog\u00eda\",\"url\":\"https:\/\/apprende.jalisco.gob.mx\/direccion-psicopedagogia\/\",\"logo\":{\"@type\":\"ImageObject\",\"inLanguage\":\"es-MX\",\"@id\":\"https:\/\/apprende.jalisco.gob.mx\/direccion-psicopedagogia\/#\/schema\/logo\/image\/\",\"url\":\"https:\/\/apprende.jalisco.gob.mx\/direccion-psicopedagogia\/wp-content\/uploads\/sites\/13\/2022\/03\/logo-Educacion2025.png\",\"contentUrl\":\"https:\/\/apprende.jalisco.gob.mx\/direccion-psicopedagogia\/wp-content\/uploads\/sites\/13\/2022\/03\/logo-Educacion2025.png\",\"width\":427,\"height\":108,\"caption\":\"Direcci\u00f3n de Psicopedagog\u00eda\"},\"image\":{\"@id\":\"https:\/\/apprende.jalisco.gob.mx\/direccion-psicopedagogia\/#\/schema\/logo\/image\/\"}}]}<\/script>\n<!-- \/ Yoast SEO Premium plugin. -->","yoast_head_json":{"title":"Eventos y Conferencias - Direcci\u00f3n de Psicopedagog\u00eda","robots":{"index":"index","follow":"follow","max-snippet":"max-snippet:-1","max-image-preview":"max-image-preview:large","max-video-preview":"max-video-preview:-1"},"canonical":"https:\/\/apprende.jalisco.gob.mx\/direccion-psicopedagogia\/eventos-conferencias\/","og_locale":"es_MX","og_type":"article","og_title":"Eventos y Conferencias","og_description":"Eventos y conferencias 2019 Mtro. \u00c1lvaro Enrique Ram\u00edrez:El orientador educativo y de convivencia una soluci\u00f3n integral en la educaci\u00f3n secundaria. Dra. Ivonne Araceli G\u00f3mez Abarca Andrade:\u00a0Prevalencia del S\u00edndrome de Burnout en docentes de educaci\u00f3n b\u00e1sica y t\u00e9cnicas de afrontamiento psicoemocional. Dra. Hilda Ana Mar\u00eda Pati\u00f1o Dom\u00ednguez:\u00a0La educaci\u00f3n socioemocional en el Nuevo Modelo Educativo: razones y &hellip; Eventos y Conferencias Leer m\u00e1s &raquo;","og_url":"https:\/\/apprende.jalisco.gob.mx\/direccion-psicopedagogia\/eventos-conferencias\/","og_site_name":"Direcci\u00f3n de Psicopedagog\u00eda","article_modified_time":"2025-11-05T17:51:32+00:00","twitter_card":"summary_large_image","twitter_misc":{"Tiempo de lectura":"1 minuto"},"schema":{"@context":"https:\/\/schema.org","@graph":[{"@type":"WebPage","@id":"https:\/\/apprende.jalisco.gob.mx\/direccion-psicopedagogia\/eventos-conferencias\/","url":"https:\/\/apprende.jalisco.gob.mx\/direccion-psicopedagogia\/eventos-conferencias\/","name":"Eventos y Conferencias - Direcci\u00f3n de Psicopedagog\u00eda","isPartOf":{"@id":"https:\/\/apprende.jalisco.gob.mx\/direccion-psicopedagogia\/#website"},"datePublished":"2022-09-11T19:32:55+00:00","dateModified":"2025-11-05T17:51:32+00:00","breadcrumb":{"@id":"https:\/\/apprende.jalisco.gob.mx\/direccion-psicopedagogia\/eventos-conferencias\/#breadcrumb"},"inLanguage":"es-MX","potentialAction":[{"@type":"ReadAction","target":["https:\/\/apprende.jalisco.gob.mx\/direccion-psicopedagogia\/eventos-conferencias\/"]}]},{"@type":"BreadcrumbList","@id":"https:\/\/apprende.jalisco.gob.mx\/direccion-psicopedagogia\/eventos-conferencias\/#breadcrumb","itemListElement":[{"@type":"ListItem","position":1,"name":"Inicio","item":"https:\/\/apprende.jalisco.gob.mx\/direccion-psicopedagogia\/"},{"@type":"ListItem","position":2,"name":"Eventos y Conferencias"}]},{"@type":"WebSite","@id":"https:\/\/apprende.jalisco.gob.mx\/direccion-psicopedagogia\/#website","url":"https:\/\/apprende.jalisco.gob.mx\/direccion-psicopedagogia\/","name":"Direcci\u00f3n de Psicopedagog\u00eda","description":"Micrositio","publisher":{"@id":"https:\/\/apprende.jalisco.gob.mx\/direccion-psicopedagogia\/#organization"},"potentialAction":[{"@type":"SearchAction","target":{"@type":"EntryPoint","urlTemplate":"https:\/\/apprende.jalisco.gob.mx\/direccion-psicopedagogia\/?s={search_term_string}"},"query-input":"required name=search_term_string"}],"inLanguage":"es-MX"},{"@type":"Organization","@id":"https:\/\/apprende.jalisco.gob.mx\/direccion-psicopedagogia\/#organization","name":"Direcci\u00f3n de Psicopedagog\u00eda","url":"https:\/\/apprende.jalisco.gob.mx\/direccion-psicopedagogia\/","logo":{"@type":"ImageObject","inLanguage":"es-MX","@id":"https:\/\/apprende.jalisco.gob.mx\/direccion-psicopedagogia\/#\/schema\/logo\/image\/","url":"https:\/\/apprende.jalisco.gob.mx\/direccion-psicopedagogia\/wp-content\/uploads\/sites\/13\/2022\/03\/logo-Educacion2025.png","contentUrl":"https:\/\/apprende.jalisco.gob.mx\/direccion-psicopedagogia\/wp-content\/uploads\/sites\/13\/2022\/03\/logo-Educacion2025.png","width":427,"height":108,"caption":"Direcci\u00f3n de Psicopedagog\u00eda"},"image":{"@id":"https:\/\/apprende.jalisco.gob.mx\/direccion-psicopedagogia\/#\/schema\/logo\/image\/"}}]}},"_links":{"self":[{"href":"https:\/\/apprende.jalisco.gob.mx\/direccion-psicopedagogia\/wp-json\/wp\/v2\/pages\/3197"}],"collection":[{"href":"https:\/\/apprende.jalisco.gob.mx\/direccion-psicopedagogia\/wp-json\/wp\/v2\/pages"}],"about":[{"href":"https:\/\/apprende.jalisco.gob.mx\/direccion-psicopedagogia\/wp-json\/wp\/v2\/types\/page"}],"author":[{"embeddable":true,"href":"https:\/\/apprende.jalisco.gob.mx\/direccion-psicopedagogia\/wp-json\/wp\/v2\/users\/5"}],"replies":[{"embeddable":true,"href":"https:\/\/apprende.jalisco.gob.mx\/direccion-psicopedagogia\/wp-json\/wp\/v2\/comments?post=3197"}],"version-history":[{"count":19,"href":"https:\/\/apprende.jalisco.gob.mx\/direccion-psicopedagogia\/wp-json\/wp\/v2\/pages\/3197\/revisions"}],"predecessor-version":[{"id":3771,"href":"https:\/\/apprende.jalisco.gob.mx\/direccion-psicopedagogia\/wp-json\/wp\/v2\/pages\/3197\/revisions\/3771"}],"wp:attachment":[{"href":"https:\/\/apprende.jalisco.gob.mx\/direccion-psicopedagogia\/wp-json\/wp\/v2\/media?parent=3197"}],"curies":[{"name":"wp","href":"https:\/\/api.w.org\/{rel}","templated":true}]}}