{"id":3403,"date":"2024-05-13T12:05:15","date_gmt":"2024-05-13T18:05:15","guid":{"rendered":"https:\/\/recrea.jalisco.gob.mx\/direccion-psicopedagogia\/?page_id=3403"},"modified":"2025-11-05T11:54:46","modified_gmt":"2025-11-05T17:54:46","slug":"boletines","status":"publish","type":"page","link":"https:\/\/apprende.jalisco.gob.mx\/direccion-psicopedagogia\/boletines\/","title":{"rendered":"Boletines"},"content":{"rendered":"\t\t<div data-elementor-type=\"wp-page\" data-elementor-id=\"3403\" class=\"elementor elementor-3403\" data-elementor-post-type=\"page\">\n\t\t\t\t\t\t\t\t\t<section class=\"elementor-section elementor-top-section elementor-element elementor-element-ddfb6fd elementor-section-boxed elementor-section-height-default elementor-section-height-default\" data-id=\"ddfb6fd\" data-element_type=\"section\" data-settings=\"{&quot;ekit_has_onepagescroll_dot&quot;:&quot;yes&quot;}\">\n\t\t\t\t\t\t<div class=\"elementor-container elementor-column-gap-default\">\n\t\t\t\t\t<div class=\"elementor-column elementor-col-100 elementor-top-column elementor-element elementor-element-b5fef51\" data-id=\"b5fef51\" data-element_type=\"column\">\n\t\t\t<div class=\"elementor-widget-wrap elementor-element-populated\">\n\t\t\t\t\t\t\t\t<div class=\"elementor-element elementor-element-7c6b08c elementor-widget elementor-widget-breadcrumbs\" data-id=\"7c6b08c\" data-element_type=\"widget\" data-settings=\"{&quot;ekit_we_effect_on&quot;:&quot;none&quot;}\" data-widget_type=\"breadcrumbs.default\">\n\t\t\t\t<div class=\"elementor-widget-container\">\n\t\t\t<div id=\"breadcrumbs\"><span><span><a href=\"https:\/\/apprende.jalisco.gob.mx\/direccion-psicopedagogia\/\">Inicio<\/a><\/span><\/span><\/div>\t\t<\/div>\n\t\t\t\t<\/div>\n\t\t\t\t\t<\/div>\n\t\t<\/div>\n\t\t\t\t\t\t\t<\/div>\n\t\t<\/section>\n\t\t\t\t<section class=\"elementor-section elementor-top-section elementor-element elementor-element-2496b07 elementor-section-full_width elementor-section-height-default elementor-section-height-default\" data-id=\"2496b07\" data-element_type=\"section\" data-settings=\"{&quot;background_background&quot;:&quot;classic&quot;,&quot;ekit_has_onepagescroll_dot&quot;:&quot;yes&quot;}\">\n\t\t\t\t\t\t<div class=\"elementor-container elementor-column-gap-default\">\n\t\t\t\t\t<div class=\"elementor-column elementor-col-100 elementor-top-column elementor-element elementor-element-abc373b\" data-id=\"abc373b\" data-element_type=\"column\">\n\t\t\t<div class=\"elementor-widget-wrap elementor-element-populated\">\n\t\t\t\t\t\t\t\t<section class=\"elementor-section elementor-inner-section elementor-element elementor-element-82a360c elementor-section-boxed elementor-section-height-default elementor-section-height-default\" data-id=\"82a360c\" data-element_type=\"section\" data-settings=\"{&quot;ekit_has_onepagescroll_dot&quot;:&quot;yes&quot;}\">\n\t\t\t\t\t\t<div class=\"elementor-container elementor-column-gap-default\">\n\t\t\t\t\t<div class=\"elementor-column elementor-col-100 elementor-inner-column elementor-element elementor-element-177f601\" data-id=\"177f601\" data-element_type=\"column\">\n\t\t\t<div class=\"elementor-widget-wrap elementor-element-populated\">\n\t\t\t\t\t\t\t\t<div class=\"elementor-element elementor-element-6db45a8 elementor-widget elementor-widget-heading\" data-id=\"6db45a8\" data-element_type=\"widget\" data-settings=\"{&quot;ekit_we_effect_on&quot;:&quot;none&quot;}\" data-widget_type=\"heading.default\">\n\t\t\t\t<div class=\"elementor-widget-container\">\n\t\t\t<h1 class=\"elementor-heading-title elementor-size-default\">Boletines<\/h1>\t\t<\/div>\n\t\t\t\t<\/div>\n\t\t\t\t\t<\/div>\n\t\t<\/div>\n\t\t\t\t\t\t\t<\/div>\n\t\t<\/section>\n\t\t\t\t\t<\/div>\n\t\t<\/div>\n\t\t\t\t\t\t\t<\/div>\n\t\t<\/section>\n\t\t\t\t<section class=\"elementor-section elementor-top-section elementor-element elementor-element-d232928 elementor-section-boxed elementor-section-height-default elementor-section-height-default\" data-id=\"d232928\" data-element_type=\"section\" data-settings=\"{&quot;ekit_has_onepagescroll_dot&quot;:&quot;yes&quot;}\">\n\t\t\t\t\t\t<div class=\"elementor-container elementor-column-gap-default\">\n\t\t\t\t\t<div class=\"elementor-column elementor-col-100 elementor-top-column elementor-element elementor-element-7fa7890\" data-id=\"7fa7890\" data-element_type=\"column\">\n\t\t\t<div class=\"elementor-widget-wrap elementor-element-populated\">\n\t\t\t\t\t\t\t\t<div class=\"elementor-element elementor-element-4836aaa elementor-widget elementor-widget-text-editor\" data-id=\"4836aaa\" data-element_type=\"widget\" data-settings=\"{&quot;ekit_we_effect_on&quot;:&quot;none&quot;}\" data-widget_type=\"text-editor.default\">\n\t\t\t\t<div class=\"elementor-widget-container\">\n\t\t\t\t\t\t\t<p>LA DIRECCI\u00d3N DE PSICOPEDAGOG\u00cdA DE JALISCO BUSCA FORTALECER V\u00cdNCULOS CON LA COMUNIDAD COMPARTIENDO CONTENIDO SOBRE SU HISTORIA, PROGRAMAS, TESTIMONIOS Y PROCESOS, INVITANDO A EXPLORAR ESTA SECCI\u00d3N PARA CONOCER SU LABOR POR EL BIENESTAR, INCLUSI\u00d3N Y DERECHOS DE LA NI\u00d1EZ Y JUVENTUD JALISCIENSE. EST\u00c1N PARA SERVIR,ORIENTAR Y ACOMPA\u00d1AR, HACIENDO EQUIPO PARA LOGRAR CAMBIOS.<\/p><p>\u00a1CON\u00d3CENOS!<\/p>\t\t\t\t\t\t<\/div>\n\t\t\t\t<\/div>\n\t\t\t\t<div class=\"elementor-element elementor-element-8614e2b elementor-widget elementor-widget-accordion\" data-id=\"8614e2b\" data-element_type=\"widget\" data-settings=\"{&quot;ekit_we_effect_on&quot;:&quot;none&quot;}\" data-widget_type=\"accordion.default\">\n\t\t\t\t<div class=\"elementor-widget-container\">\n\t\t\t\t\t<div class=\"elementor-accordion\">\n\t\t\t\t\t\t\t<div class=\"elementor-accordion-item\">\n\t\t\t\t\t<div id=\"elementor-tab-title-1401\" class=\"elementor-tab-title\" data-tab=\"1\" role=\"button\" aria-controls=\"elementor-tab-content-1401\" aria-expanded=\"false\">\n\t\t\t\t\t\t\t\t\t\t\t\t\t<span class=\"elementor-accordion-icon elementor-accordion-icon-left\" aria-hidden=\"true\">\n\t\t\t\t\t\t\t\t\t\t\t\t\t\t\t<span class=\"elementor-accordion-icon-closed\"><i class=\"fas fa-plus\"><\/i><\/span>\n\t\t\t\t\t\t\t\t<span class=\"elementor-accordion-icon-opened\"><i class=\"fas fa-minus\"><\/i><\/span>\n\t\t\t\t\t\t\t\t\t\t\t\t\t\t<\/span>\n\t\t\t\t\t\t\t\t\t\t\t\t<a class=\"elementor-accordion-title\" tabindex=\"0\">2024<\/a>\n\t\t\t\t\t<\/div>\n\t\t\t\t\t<div id=\"elementor-tab-content-1401\" class=\"elementor-tab-content elementor-clearfix\" data-tab=\"1\" role=\"region\" aria-labelledby=\"elementor-tab-title-1401\"><ul><li><h6><a href=\"https:\/\/apprende.jalisco.gob.mx\/direccion-psicopedagogia\/wp-content\/uploads\/sites\/13\/2024\/01\/boletindiciembre-2023.pdf\" target=\"_blank\" rel=\"noopener\">Enero<\/a><\/h6><\/li><li><h6><a href=\"https:\/\/apprende.jalisco.gob.mx\/direccion-psicopedagogia\/wp-content\/uploads\/sites\/13\/2024\/05\/boletinmarzo.pdf\" target=\"_blank\" rel=\"noopener\">Marzo<\/a><\/h6><\/li><li><h6><a href=\"https:\/\/apprende.jalisco.gob.mx\/direccion-psicopedagogia\/wp-content\/uploads\/sites\/13\/2024\/08\/boletinjunio2024.pdf\" target=\"_blank\" rel=\"noopener\">Junio<\/a><\/h6><\/li><li><h6>Septiembre<\/h6><\/li><li><h6>Diciembre<\/h6><\/li><\/ul><\/div>\n\t\t\t\t<\/div>\n\t\t\t\t\t\t\t\t<\/div>\n\t\t\t\t<\/div>\n\t\t\t\t<\/div>\n\t\t\t\t\t<\/div>\n\t\t<\/div>\n\t\t\t\t\t\t\t<\/div>\n\t\t<\/section>\n\t\t\t\t\t\t\t<\/div>\n\t\t","protected":false},"excerpt":{"rendered":"<p>Boletines LA DIRECCI\u00d3N DE PSICOPEDAGOG\u00cdA DE JALISCO BUSCA FORTALECER V\u00cdNCULOS CON LA COMUNIDAD COMPARTIENDO CONTENIDO SOBRE SU HISTORIA, PROGRAMAS, TESTIMONIOS Y PROCESOS, INVITANDO A EXPLORAR ESTA SECCI\u00d3N PARA CONOCER SU LABOR POR EL BIENESTAR, INCLUSI\u00d3N Y DERECHOS DE LA NI\u00d1EZ Y JUVENTUD JALISCIENSE. EST\u00c1N PARA SERVIR,ORIENTAR Y ACOMPA\u00d1AR, HACIENDO EQUIPO PARA LOGRAR CAMBIOS. \u00a1CON\u00d3CENOS! 2024 &hellip;<\/p>\n<p class=\"read-more\"> <a class=\"\" href=\"https:\/\/apprende.jalisco.gob.mx\/direccion-psicopedagogia\/boletines\/\"> <span class=\"screen-reader-text\">Boletines<\/span> Leer m\u00e1s &raquo;<\/a><\/p>\n","protected":false},"author":8,"featured_media":0,"parent":0,"menu_order":0,"comment_status":"closed","ping_status":"closed","template":"","meta":{"_monsterinsights_skip_tracking":false,"_monsterinsights_sitenote_active":false,"_monsterinsights_sitenote_note":"","_monsterinsights_sitenote_category":0,"site-sidebar-layout":"no-sidebar","site-content-layout":"page-builder","ast-site-content-layout":"","site-content-style":"default","site-sidebar-style":"default","ast-global-header-display":"","ast-banner-title-visibility":"","ast-main-header-display":"","ast-hfb-above-header-display":"","ast-hfb-below-header-display":"","ast-hfb-mobile-header-display":"","site-post-title":"disabled","ast-breadcrumbs-content":"","ast-featured-img":"disabled","footer-sml-layout":"","theme-transparent-header-meta":"default","adv-header-id-meta":"","stick-header-meta":"default","header-above-stick-meta":"","header-main-stick-meta":"","header-below-stick-meta":"","astra-migrate-meta-layouts":"","ep_exclude_from_search":false,"footnotes":""},"acf":[],"yoast_head":"<!-- This site is optimized with the Yoast SEO Premium plugin v17.7 (Yoast SEO v21.0) - https:\/\/yoast.com\/wordpress\/plugins\/seo\/ -->\n<title>Boletines - Direcci\u00f3n de Psicopedagog\u00eda<\/title>\n<meta name=\"robots\" content=\"index, follow, max-snippet:-1, max-image-preview:large, max-video-preview:-1\" \/>\n<link rel=\"canonical\" href=\"https:\/\/apprende.jalisco.gob.mx\/direccion-psicopedagogia\/boletines\/\" \/>\n<meta property=\"og:locale\" content=\"es_MX\" \/>\n<meta property=\"og:type\" content=\"article\" \/>\n<meta property=\"og:title\" content=\"Boletines\" \/>\n<meta property=\"og:description\" content=\"Boletines LA DIRECCI\u00d3N DE PSICOPEDAGOG\u00cdA DE JALISCO BUSCA FORTALECER V\u00cdNCULOS CON LA COMUNIDAD COMPARTIENDO CONTENIDO SOBRE SU HISTORIA, PROGRAMAS, TESTIMONIOS Y PROCESOS, INVITANDO A EXPLORAR ESTA SECCI\u00d3N PARA CONOCER SU LABOR POR EL BIENESTAR, INCLUSI\u00d3N Y DERECHOS DE LA NI\u00d1EZ Y JUVENTUD JALISCIENSE. EST\u00c1N PARA SERVIR,ORIENTAR Y ACOMPA\u00d1AR, HACIENDO EQUIPO PARA LOGRAR CAMBIOS. \u00a1CON\u00d3CENOS! 2024 &hellip; Boletines Leer m\u00e1s &raquo;\" \/>\n<meta property=\"og:url\" content=\"https:\/\/apprende.jalisco.gob.mx\/direccion-psicopedagogia\/boletines\/\" \/>\n<meta property=\"og:site_name\" content=\"Direcci\u00f3n de Psicopedagog\u00eda\" \/>\n<meta property=\"article:modified_time\" content=\"2025-11-05T17:54:46+00:00\" \/>\n<meta name=\"twitter:card\" content=\"summary_large_image\" \/>\n<meta name=\"twitter:label1\" content=\"Tiempo de lectura\" \/>\n\t<meta name=\"twitter:data1\" content=\"1 minuto\" \/>\n<script type=\"application\/ld+json\" class=\"yoast-schema-graph\">{\"@context\":\"https:\/\/schema.org\",\"@graph\":[{\"@type\":\"WebPage\",\"@id\":\"https:\/\/apprende.jalisco.gob.mx\/direccion-psicopedagogia\/boletines\/\",\"url\":\"https:\/\/apprende.jalisco.gob.mx\/direccion-psicopedagogia\/boletines\/\",\"name\":\"Boletines - Direcci\u00f3n de Psicopedagog\u00eda\",\"isPartOf\":{\"@id\":\"https:\/\/apprende.jalisco.gob.mx\/direccion-psicopedagogia\/#website\"},\"datePublished\":\"2024-05-13T18:05:15+00:00\",\"dateModified\":\"2025-11-05T17:54:46+00:00\",\"breadcrumb\":{\"@id\":\"https:\/\/apprende.jalisco.gob.mx\/direccion-psicopedagogia\/boletines\/#breadcrumb\"},\"inLanguage\":\"es-MX\",\"potentialAction\":[{\"@type\":\"ReadAction\",\"target\":[\"https:\/\/apprende.jalisco.gob.mx\/direccion-psicopedagogia\/boletines\/\"]}]},{\"@type\":\"BreadcrumbList\",\"@id\":\"https:\/\/apprende.jalisco.gob.mx\/direccion-psicopedagogia\/boletines\/#breadcrumb\",\"itemListElement\":[{\"@type\":\"ListItem\",\"position\":1,\"name\":\"Inicio\",\"item\":\"https:\/\/apprende.jalisco.gob.mx\/direccion-psicopedagogia\/\"},{\"@type\":\"ListItem\",\"position\":2,\"name\":\"Boletines\"}]},{\"@type\":\"WebSite\",\"@id\":\"https:\/\/apprende.jalisco.gob.mx\/direccion-psicopedagogia\/#website\",\"url\":\"https:\/\/apprende.jalisco.gob.mx\/direccion-psicopedagogia\/\",\"name\":\"Direcci\u00f3n de Psicopedagog\u00eda\",\"description\":\"Micrositio\",\"publisher\":{\"@id\":\"https:\/\/apprende.jalisco.gob.mx\/direccion-psicopedagogia\/#organization\"},\"potentialAction\":[{\"@type\":\"SearchAction\",\"target\":{\"@type\":\"EntryPoint\",\"urlTemplate\":\"https:\/\/apprende.jalisco.gob.mx\/direccion-psicopedagogia\/?s={search_term_string}\"},\"query-input\":\"required name=search_term_string\"}],\"inLanguage\":\"es-MX\"},{\"@type\":\"Organization\",\"@id\":\"https:\/\/apprende.jalisco.gob.mx\/direccion-psicopedagogia\/#organization\",\"name\":\"Direcci\u00f3n de Psicopedagog\u00eda\",\"url\":\"https:\/\/apprende.jalisco.gob.mx\/direccion-psicopedagogia\/\",\"logo\":{\"@type\":\"ImageObject\",\"inLanguage\":\"es-MX\",\"@id\":\"https:\/\/apprende.jalisco.gob.mx\/direccion-psicopedagogia\/#\/schema\/logo\/image\/\",\"url\":\"https:\/\/apprende.jalisco.gob.mx\/direccion-psicopedagogia\/wp-content\/uploads\/sites\/13\/2022\/03\/logo-Educacion2025.png\",\"contentUrl\":\"https:\/\/apprende.jalisco.gob.mx\/direccion-psicopedagogia\/wp-content\/uploads\/sites\/13\/2022\/03\/logo-Educacion2025.png\",\"width\":427,\"height\":108,\"caption\":\"Direcci\u00f3n de Psicopedagog\u00eda\"},\"image\":{\"@id\":\"https:\/\/apprende.jalisco.gob.mx\/direccion-psicopedagogia\/#\/schema\/logo\/image\/\"}}]}<\/script>\n<!-- \/ Yoast SEO Premium plugin. -->","yoast_head_json":{"title":"Boletines - Direcci\u00f3n de Psicopedagog\u00eda","robots":{"index":"index","follow":"follow","max-snippet":"max-snippet:-1","max-image-preview":"max-image-preview:large","max-video-preview":"max-video-preview:-1"},"canonical":"https:\/\/apprende.jalisco.gob.mx\/direccion-psicopedagogia\/boletines\/","og_locale":"es_MX","og_type":"article","og_title":"Boletines","og_description":"Boletines LA DIRECCI\u00d3N DE PSICOPEDAGOG\u00cdA DE JALISCO BUSCA FORTALECER V\u00cdNCULOS CON LA COMUNIDAD COMPARTIENDO CONTENIDO SOBRE SU HISTORIA, PROGRAMAS, TESTIMONIOS Y PROCESOS, INVITANDO A EXPLORAR ESTA SECCI\u00d3N PARA CONOCER SU LABOR POR EL BIENESTAR, INCLUSI\u00d3N Y DERECHOS DE LA NI\u00d1EZ Y JUVENTUD JALISCIENSE. EST\u00c1N PARA SERVIR,ORIENTAR Y ACOMPA\u00d1AR, HACIENDO EQUIPO PARA LOGRAR CAMBIOS. \u00a1CON\u00d3CENOS! 2024 &hellip; Boletines Leer m\u00e1s &raquo;","og_url":"https:\/\/apprende.jalisco.gob.mx\/direccion-psicopedagogia\/boletines\/","og_site_name":"Direcci\u00f3n de Psicopedagog\u00eda","article_modified_time":"2025-11-05T17:54:46+00:00","twitter_card":"summary_large_image","twitter_misc":{"Tiempo de lectura":"1 minuto"},"schema":{"@context":"https:\/\/schema.org","@graph":[{"@type":"WebPage","@id":"https:\/\/apprende.jalisco.gob.mx\/direccion-psicopedagogia\/boletines\/","url":"https:\/\/apprende.jalisco.gob.mx\/direccion-psicopedagogia\/boletines\/","name":"Boletines - Direcci\u00f3n de Psicopedagog\u00eda","isPartOf":{"@id":"https:\/\/apprende.jalisco.gob.mx\/direccion-psicopedagogia\/#website"},"datePublished":"2024-05-13T18:05:15+00:00","dateModified":"2025-11-05T17:54:46+00:00","breadcrumb":{"@id":"https:\/\/apprende.jalisco.gob.mx\/direccion-psicopedagogia\/boletines\/#breadcrumb"},"inLanguage":"es-MX","potentialAction":[{"@type":"ReadAction","target":["https:\/\/apprende.jalisco.gob.mx\/direccion-psicopedagogia\/boletines\/"]}]},{"@type":"BreadcrumbList","@id":"https:\/\/apprende.jalisco.gob.mx\/direccion-psicopedagogia\/boletines\/#breadcrumb","itemListElement":[{"@type":"ListItem","position":1,"name":"Inicio","item":"https:\/\/apprende.jalisco.gob.mx\/direccion-psicopedagogia\/"},{"@type":"ListItem","position":2,"name":"Boletines"}]},{"@type":"WebSite","@id":"https:\/\/apprende.jalisco.gob.mx\/direccion-psicopedagogia\/#website","url":"https:\/\/apprende.jalisco.gob.mx\/direccion-psicopedagogia\/","name":"Direcci\u00f3n de Psicopedagog\u00eda","description":"Micrositio","publisher":{"@id":"https:\/\/apprende.jalisco.gob.mx\/direccion-psicopedagogia\/#organization"},"potentialAction":[{"@type":"SearchAction","target":{"@type":"EntryPoint","urlTemplate":"https:\/\/apprende.jalisco.gob.mx\/direccion-psicopedagogia\/?s={search_term_string}"},"query-input":"required name=search_term_string"}],"inLanguage":"es-MX"},{"@type":"Organization","@id":"https:\/\/apprende.jalisco.gob.mx\/direccion-psicopedagogia\/#organization","name":"Direcci\u00f3n de Psicopedagog\u00eda","url":"https:\/\/apprende.jalisco.gob.mx\/direccion-psicopedagogia\/","logo":{"@type":"ImageObject","inLanguage":"es-MX","@id":"https:\/\/apprende.jalisco.gob.mx\/direccion-psicopedagogia\/#\/schema\/logo\/image\/","url":"https:\/\/apprende.jalisco.gob.mx\/direccion-psicopedagogia\/wp-content\/uploads\/sites\/13\/2022\/03\/logo-Educacion2025.png","contentUrl":"https:\/\/apprende.jalisco.gob.mx\/direccion-psicopedagogia\/wp-content\/uploads\/sites\/13\/2022\/03\/logo-Educacion2025.png","width":427,"height":108,"caption":"Direcci\u00f3n de Psicopedagog\u00eda"},"image":{"@id":"https:\/\/apprende.jalisco.gob.mx\/direccion-psicopedagogia\/#\/schema\/logo\/image\/"}}]}},"_links":{"self":[{"href":"https:\/\/apprende.jalisco.gob.mx\/direccion-psicopedagogia\/wp-json\/wp\/v2\/pages\/3403"}],"collection":[{"href":"https:\/\/apprende.jalisco.gob.mx\/direccion-psicopedagogia\/wp-json\/wp\/v2\/pages"}],"about":[{"href":"https:\/\/apprende.jalisco.gob.mx\/direccion-psicopedagogia\/wp-json\/wp\/v2\/types\/page"}],"author":[{"embeddable":true,"href":"https:\/\/apprende.jalisco.gob.mx\/direccion-psicopedagogia\/wp-json\/wp\/v2\/users\/8"}],"replies":[{"embeddable":true,"href":"https:\/\/apprende.jalisco.gob.mx\/direccion-psicopedagogia\/wp-json\/wp\/v2\/comments?post=3403"}],"version-history":[{"count":22,"href":"https:\/\/apprende.jalisco.gob.mx\/direccion-psicopedagogia\/wp-json\/wp\/v2\/pages\/3403\/revisions"}],"predecessor-version":[{"id":3777,"href":"https:\/\/apprende.jalisco.gob.mx\/direccion-psicopedagogia\/wp-json\/wp\/v2\/pages\/3403\/revisions\/3777"}],"wp:attachment":[{"href":"https:\/\/apprende.jalisco.gob.mx\/direccion-psicopedagogia\/wp-json\/wp\/v2\/media?parent=3403"}],"curies":[{"name":"wp","href":"https:\/\/api.w.org\/{rel}","templated":true}]}}