{"id":3588,"date":"2022-10-10T19:01:33","date_gmt":"2022-10-11T00:01:33","guid":{"rendered":"https:\/\/recrea.jalisco.gob.mx\/direccion-unidad-pedagogica-nacional\/?page_id=3588"},"modified":"2022-10-12T11:58:41","modified_gmt":"2022-10-12T16:58:41","slug":"noticias-upn","status":"publish","type":"page","link":"https:\/\/apprende.jalisco.gob.mx\/direccion-unidad-pedagogica-nacional\/noticias-upn\/","title":{"rendered":"Noticias UPN"},"content":{"rendered":"\t\t<div data-elementor-type=\"wp-page\" data-elementor-id=\"3588\" class=\"elementor elementor-3588\" data-elementor-post-type=\"page\">\n\t\t\t\t\t\t\t\t\t<section class=\"elementor-section elementor-top-section elementor-element elementor-element-90e1ac2 elementor-section-boxed elementor-section-height-default elementor-section-height-default\" data-id=\"90e1ac2\" data-element_type=\"section\" data-settings=\"{&quot;ekit_has_onepagescroll_dot&quot;:&quot;yes&quot;}\">\n\t\t\t\t\t\t<div class=\"elementor-container elementor-column-gap-default\">\n\t\t\t\t\t<div class=\"elementor-column elementor-col-100 elementor-top-column elementor-element elementor-element-e1a6d5c\" data-id=\"e1a6d5c\" data-element_type=\"column\">\n\t\t\t<div class=\"elementor-widget-wrap elementor-element-populated\">\n\t\t\t\t\t\t\t\t<div class=\"elementor-element elementor-element-feb4731 elementor-widget elementor-widget-breadcrumbs\" data-id=\"feb4731\" data-element_type=\"widget\" data-settings=\"{&quot;ekit_we_effect_on&quot;:&quot;none&quot;}\" data-widget_type=\"breadcrumbs.default\">\n\t\t\t\t<div class=\"elementor-widget-container\">\n\t\t\t<div id=\"breadcrumbs\"><span><span><a href=\"https:\/\/apprende.jalisco.gob.mx\/direccion-unidad-pedagogica-nacional\/\">Inicio<\/a><\/span><\/span><\/div>\t\t<\/div>\n\t\t\t\t<\/div>\n\t\t\t\t\t<\/div>\n\t\t<\/div>\n\t\t\t\t\t\t\t<\/div>\n\t\t<\/section>\n\t\t\t\t<section class=\"elementor-section elementor-top-section elementor-element elementor-element-f598b9d elementor-section-boxed elementor-section-height-default elementor-section-height-default\" data-id=\"f598b9d\" data-element_type=\"section\" data-settings=\"{&quot;ekit_has_onepagescroll_dot&quot;:&quot;yes&quot;}\">\n\t\t\t\t\t\t<div class=\"elementor-container elementor-column-gap-default\">\n\t\t\t\t\t<div class=\"elementor-column elementor-col-100 elementor-top-column elementor-element elementor-element-4e47999\" data-id=\"4e47999\" data-element_type=\"column\">\n\t\t\t<div class=\"elementor-widget-wrap elementor-element-populated\">\n\t\t\t\t\t\t\t\t<div class=\"elementor-element elementor-element-19eac19 elementor-widget elementor-widget-heading\" data-id=\"19eac19\" data-element_type=\"widget\" data-settings=\"{&quot;ekit_we_effect_on&quot;:&quot;none&quot;}\" data-widget_type=\"heading.default\">\n\t\t\t\t<div class=\"elementor-widget-container\">\n\t\t\t<h2 class=\"elementor-heading-title elementor-size-default\">Noticias UPN<\/h2>\t\t<\/div>\n\t\t\t\t<\/div>\n\t\t\t\t\t<\/div>\n\t\t<\/div>\n\t\t\t\t\t\t\t<\/div>\n\t\t<\/section>\n\t\t\t\t<section class=\"elementor-section elementor-top-section elementor-element elementor-element-74222d2 elementor-section-boxed elementor-section-height-default elementor-section-height-default\" data-id=\"74222d2\" data-element_type=\"section\" data-settings=\"{&quot;ekit_has_onepagescroll_dot&quot;:&quot;yes&quot;}\">\n\t\t\t\t\t\t<div class=\"elementor-container elementor-column-gap-default\">\n\t\t\t\t\t<div class=\"elementor-column elementor-col-100 elementor-top-column elementor-element elementor-element-44e77a3\" data-id=\"44e77a3\" data-element_type=\"column\">\n\t\t\t<div class=\"elementor-widget-wrap elementor-element-populated\">\n\t\t\t\t\t\t\t\t<div class=\"elementor-element elementor-element-53bb5f5 elementor-widget elementor-widget-text-editor\" data-id=\"53bb5f5\" data-element_type=\"widget\" data-settings=\"{&quot;ekit_we_effect_on&quot;:&quot;none&quot;}\" data-widget_type=\"text-editor.default\">\n\t\t\t\t<div class=\"elementor-widget-container\">\n\t\t\t\t\t\t\t<p style=\"font-size: 15px; font-style: normal; font-weight: 400; color: #7a7a7a; font-family: Montserrat, sans-serif;\">UPN abre una p\u00e1gina del Congreso Nacional Universitario<br \/>Siguiendo las indicaciones del Consejo Acad\u00e9mico de la Universidad Pedag\u00f3gica Nacional, el Portal www.upn.mx abri\u00f3 la p\u00e1gina CONGRESO UNIVERSITARIO a la que tiene acceso toda la comunidad UPN en el pa\u00eds. http:\/\/congreso.upnvirtual.edu.mx\/<\/p><p style=\"font-size: 15px; font-style: normal; font-weight: 400; color: #7a7a7a; font-family: Montserrat, sans-serif;\">A partir de esta fecha se abre la fase de consulta y del 17 al 30 de septiembre en el correo cnu2019@upn.mx se recibir\u00e1n sus opiniones sobre los documentos publicados hasta el momento.<br \/>M\u00e1s informaci\u00f3n en www.upn.mx<br \/>Universidad Pedag\u00f3gica Nacional<br \/>EDUCAR PARA TRANSFORMAR<\/p>\t\t\t\t\t\t<\/div>\n\t\t\t\t<\/div>\n\t\t\t\t<div class=\"elementor-element elementor-element-9be5581 elementor-widget elementor-widget-image\" data-id=\"9be5581\" data-element_type=\"widget\" data-settings=\"{&quot;ekit_we_effect_on&quot;:&quot;none&quot;}\" data-widget_type=\"image.default\">\n\t\t\t\t<div class=\"elementor-widget-container\">\n\t\t\t\t\t\t\t\t\t\t\t\t\t\t\t<img decoding=\"async\" width=\"758\" height=\"960\" src=\"https:\/\/apprende.jalisco.gob.mx\/direccion-unidad-pedagogica-nacional\/wp-content\/uploads\/sites\/31\/2022\/10\/noticiasupn.jpeg\" class=\"attachment-large size-large wp-image-3654\" alt=\"\" srcset=\"https:\/\/apprende.jalisco.gob.mx\/direccion-unidad-pedagogica-nacional\/wp-content\/uploads\/sites\/31\/2022\/10\/noticiasupn.jpeg 758w, https:\/\/apprende.jalisco.gob.mx\/direccion-unidad-pedagogica-nacional\/wp-content\/uploads\/sites\/31\/2022\/10\/noticiasupn-237x300.jpeg 237w\" sizes=\"(max-width: 758px) 100vw, 758px\" \/>\t\t\t\t\t\t\t\t\t\t\t\t\t\t\t<\/div>\n\t\t\t\t<\/div>\n\t\t\t\t\t<\/div>\n\t\t<\/div>\n\t\t\t\t\t\t\t<\/div>\n\t\t<\/section>\n\t\t\t\t\t\t\t<\/div>\n\t\t","protected":false},"excerpt":{"rendered":"<p>UPN abre una p\u00e1gina del Congreso Nacional UniversitarioSiguiendo las indicaciones del Consejo Acad\u00e9mico de la Universidad Pedag\u00f3gica Nacional, el Portal www.upn.mx abri\u00f3 la p\u00e1gina CONGRESO UNIVERSITARIO a la que tiene acceso toda la comunidad UPN en el pa\u00eds. http:\/\/congreso.upnvirtual.edu.mx\/ A partir de esta fecha se abre la fase de consulta y del 17 al 30 &hellip;<\/p>\n<p class=\"read-more\"> <a class=\"\" href=\"https:\/\/apprende.jalisco.gob.mx\/direccion-unidad-pedagogica-nacional\/noticias-upn\/\"> <span class=\"screen-reader-text\">Noticias UPN<\/span> Leer m\u00e1s &raquo;<\/a><\/p>\n","protected":false},"author":5,"featured_media":0,"parent":0,"menu_order":0,"comment_status":"closed","ping_status":"closed","template":"","meta":{"_monsterinsights_skip_tracking":false,"_monsterinsights_sitenote_active":false,"_monsterinsights_sitenote_note":"","_monsterinsights_sitenote_category":0,"site-sidebar-layout":"no-sidebar","site-content-layout":"page-builder","ast-site-content-layout":"","site-content-style":"default","site-sidebar-style":"default","ast-global-header-display":"","ast-banner-title-visibility":"","ast-main-header-display":"","ast-hfb-above-header-display":"","ast-hfb-below-header-display":"","ast-hfb-mobile-header-display":"","site-post-title":"disabled","ast-breadcrumbs-content":"","ast-featured-img":"disabled","footer-sml-layout":"","theme-transparent-header-meta":"","adv-header-id-meta":"","stick-header-meta":"","header-above-stick-meta":"","header-main-stick-meta":"","header-below-stick-meta":"","astra-migrate-meta-layouts":"","ep_exclude_from_search":false,"footnotes":""},"acf":[],"yoast_head":"<!-- This site is optimized with the Yoast SEO Premium plugin v17.7 (Yoast SEO v21.0) - https:\/\/yoast.com\/wordpress\/plugins\/seo\/ -->\n<title>Noticias UPN - Direcci\u00f3n de la UPN<\/title>\n<meta name=\"robots\" content=\"index, follow, max-snippet:-1, max-image-preview:large, max-video-preview:-1\" \/>\n<link rel=\"canonical\" href=\"https:\/\/apprende.jalisco.gob.mx\/direccion-unidad-pedagogica-nacional\/noticias-upn\/\" \/>\n<meta property=\"og:locale\" content=\"es_MX\" \/>\n<meta property=\"og:type\" content=\"article\" \/>\n<meta property=\"og:title\" content=\"Noticias UPN\" \/>\n<meta property=\"og:description\" content=\"UPN abre una p\u00e1gina del Congreso Nacional UniversitarioSiguiendo las indicaciones del Consejo Acad\u00e9mico de la Universidad Pedag\u00f3gica Nacional, el Portal www.upn.mx abri\u00f3 la p\u00e1gina CONGRESO UNIVERSITARIO a la que tiene acceso toda la comunidad UPN en el pa\u00eds. http:\/\/congreso.upnvirtual.edu.mx\/ A partir de esta fecha se abre la fase de consulta y del 17 al 30 &hellip; Noticias UPN Leer m\u00e1s &raquo;\" \/>\n<meta property=\"og:url\" content=\"https:\/\/apprende.jalisco.gob.mx\/direccion-unidad-pedagogica-nacional\/noticias-upn\/\" \/>\n<meta property=\"og:site_name\" content=\"Direcci\u00f3n de la UPN\" \/>\n<meta property=\"article:modified_time\" content=\"2022-10-12T16:58:41+00:00\" \/>\n<meta property=\"og:image\" content=\"https:\/\/recrea.jalisco.gob.mx\/direccion-unidad-pedagogica-nacional\/wp-content\/uploads\/sites\/31\/2022\/10\/noticiasupn.jpeg\" \/>\n<meta name=\"twitter:card\" content=\"summary_large_image\" \/>\n<meta name=\"twitter:label1\" content=\"Tiempo de lectura\" \/>\n\t<meta name=\"twitter:data1\" content=\"1 minuto\" \/>\n<script type=\"application\/ld+json\" class=\"yoast-schema-graph\">{\"@context\":\"https:\/\/schema.org\",\"@graph\":[{\"@type\":\"WebPage\",\"@id\":\"https:\/\/apprende.jalisco.gob.mx\/direccion-unidad-pedagogica-nacional\/noticias-upn\/\",\"url\":\"https:\/\/apprende.jalisco.gob.mx\/direccion-unidad-pedagogica-nacional\/noticias-upn\/\",\"name\":\"Noticias UPN - Direcci\u00f3n de la UPN\",\"isPartOf\":{\"@id\":\"https:\/\/apprende.jalisco.gob.mx\/direccion-unidad-pedagogica-nacional\/#website\"},\"datePublished\":\"2022-10-11T00:01:33+00:00\",\"dateModified\":\"2022-10-12T16:58:41+00:00\",\"breadcrumb\":{\"@id\":\"https:\/\/apprende.jalisco.gob.mx\/direccion-unidad-pedagogica-nacional\/noticias-upn\/#breadcrumb\"},\"inLanguage\":\"es-MX\",\"potentialAction\":[{\"@type\":\"ReadAction\",\"target\":[\"https:\/\/apprende.jalisco.gob.mx\/direccion-unidad-pedagogica-nacional\/noticias-upn\/\"]}]},{\"@type\":\"BreadcrumbList\",\"@id\":\"https:\/\/apprende.jalisco.gob.mx\/direccion-unidad-pedagogica-nacional\/noticias-upn\/#breadcrumb\",\"itemListElement\":[{\"@type\":\"ListItem\",\"position\":1,\"name\":\"Inicio\",\"item\":\"https:\/\/apprende.jalisco.gob.mx\/direccion-unidad-pedagogica-nacional\/\"},{\"@type\":\"ListItem\",\"position\":2,\"name\":\"Noticias UPN\"}]},{\"@type\":\"WebSite\",\"@id\":\"https:\/\/apprende.jalisco.gob.mx\/direccion-unidad-pedagogica-nacional\/#website\",\"url\":\"https:\/\/apprende.jalisco.gob.mx\/direccion-unidad-pedagogica-nacional\/\",\"name\":\"Direcci\u00f3n de la UPN\",\"description\":\"Micrositio\",\"publisher\":{\"@id\":\"https:\/\/apprende.jalisco.gob.mx\/direccion-unidad-pedagogica-nacional\/#organization\"},\"potentialAction\":[{\"@type\":\"SearchAction\",\"target\":{\"@type\":\"EntryPoint\",\"urlTemplate\":\"https:\/\/apprende.jalisco.gob.mx\/direccion-unidad-pedagogica-nacional\/?s={search_term_string}\"},\"query-input\":\"required name=search_term_string\"}],\"inLanguage\":\"es-MX\"},{\"@type\":\"Organization\",\"@id\":\"https:\/\/apprende.jalisco.gob.mx\/direccion-unidad-pedagogica-nacional\/#organization\",\"name\":\"Direcci\u00f3n de la UPN\",\"url\":\"https:\/\/apprende.jalisco.gob.mx\/direccion-unidad-pedagogica-nacional\/\",\"logo\":{\"@type\":\"ImageObject\",\"inLanguage\":\"es-MX\",\"@id\":\"https:\/\/apprende.jalisco.gob.mx\/direccion-unidad-pedagogica-nacional\/#\/schema\/logo\/image\/\",\"url\":\"https:\/\/apprende.jalisco.gob.mx\/direccion-unidad-pedagogica-nacional\/wp-content\/uploads\/sites\/31\/2022\/03\/logo-Educacion2025.png\",\"contentUrl\":\"https:\/\/apprende.jalisco.gob.mx\/direccion-unidad-pedagogica-nacional\/wp-content\/uploads\/sites\/31\/2022\/03\/logo-Educacion2025.png\",\"width\":427,\"height\":108,\"caption\":\"Direcci\u00f3n de la UPN\"},\"image\":{\"@id\":\"https:\/\/apprende.jalisco.gob.mx\/direccion-unidad-pedagogica-nacional\/#\/schema\/logo\/image\/\"}}]}<\/script>\n<!-- \/ Yoast SEO Premium plugin. -->","yoast_head_json":{"title":"Noticias UPN - Direcci\u00f3n de la UPN","robots":{"index":"index","follow":"follow","max-snippet":"max-snippet:-1","max-image-preview":"max-image-preview:large","max-video-preview":"max-video-preview:-1"},"canonical":"https:\/\/apprende.jalisco.gob.mx\/direccion-unidad-pedagogica-nacional\/noticias-upn\/","og_locale":"es_MX","og_type":"article","og_title":"Noticias UPN","og_description":"UPN abre una p\u00e1gina del Congreso Nacional UniversitarioSiguiendo las indicaciones del Consejo Acad\u00e9mico de la Universidad Pedag\u00f3gica Nacional, el Portal www.upn.mx abri\u00f3 la p\u00e1gina CONGRESO UNIVERSITARIO a la que tiene acceso toda la comunidad UPN en el pa\u00eds. http:\/\/congreso.upnvirtual.edu.mx\/ A partir de esta fecha se abre la fase de consulta y del 17 al 30 &hellip; Noticias UPN Leer m\u00e1s &raquo;","og_url":"https:\/\/apprende.jalisco.gob.mx\/direccion-unidad-pedagogica-nacional\/noticias-upn\/","og_site_name":"Direcci\u00f3n de la UPN","article_modified_time":"2022-10-12T16:58:41+00:00","og_image":[{"url":"https:\/\/recrea.jalisco.gob.mx\/direccion-unidad-pedagogica-nacional\/wp-content\/uploads\/sites\/31\/2022\/10\/noticiasupn.jpeg"}],"twitter_card":"summary_large_image","twitter_misc":{"Tiempo de lectura":"1 minuto"},"schema":{"@context":"https:\/\/schema.org","@graph":[{"@type":"WebPage","@id":"https:\/\/apprende.jalisco.gob.mx\/direccion-unidad-pedagogica-nacional\/noticias-upn\/","url":"https:\/\/apprende.jalisco.gob.mx\/direccion-unidad-pedagogica-nacional\/noticias-upn\/","name":"Noticias UPN - Direcci\u00f3n de la UPN","isPartOf":{"@id":"https:\/\/apprende.jalisco.gob.mx\/direccion-unidad-pedagogica-nacional\/#website"},"datePublished":"2022-10-11T00:01:33+00:00","dateModified":"2022-10-12T16:58:41+00:00","breadcrumb":{"@id":"https:\/\/apprende.jalisco.gob.mx\/direccion-unidad-pedagogica-nacional\/noticias-upn\/#breadcrumb"},"inLanguage":"es-MX","potentialAction":[{"@type":"ReadAction","target":["https:\/\/apprende.jalisco.gob.mx\/direccion-unidad-pedagogica-nacional\/noticias-upn\/"]}]},{"@type":"BreadcrumbList","@id":"https:\/\/apprende.jalisco.gob.mx\/direccion-unidad-pedagogica-nacional\/noticias-upn\/#breadcrumb","itemListElement":[{"@type":"ListItem","position":1,"name":"Inicio","item":"https:\/\/apprende.jalisco.gob.mx\/direccion-unidad-pedagogica-nacional\/"},{"@type":"ListItem","position":2,"name":"Noticias UPN"}]},{"@type":"WebSite","@id":"https:\/\/apprende.jalisco.gob.mx\/direccion-unidad-pedagogica-nacional\/#website","url":"https:\/\/apprende.jalisco.gob.mx\/direccion-unidad-pedagogica-nacional\/","name":"Direcci\u00f3n de la UPN","description":"Micrositio","publisher":{"@id":"https:\/\/apprende.jalisco.gob.mx\/direccion-unidad-pedagogica-nacional\/#organization"},"potentialAction":[{"@type":"SearchAction","target":{"@type":"EntryPoint","urlTemplate":"https:\/\/apprende.jalisco.gob.mx\/direccion-unidad-pedagogica-nacional\/?s={search_term_string}"},"query-input":"required name=search_term_string"}],"inLanguage":"es-MX"},{"@type":"Organization","@id":"https:\/\/apprende.jalisco.gob.mx\/direccion-unidad-pedagogica-nacional\/#organization","name":"Direcci\u00f3n de la UPN","url":"https:\/\/apprende.jalisco.gob.mx\/direccion-unidad-pedagogica-nacional\/","logo":{"@type":"ImageObject","inLanguage":"es-MX","@id":"https:\/\/apprende.jalisco.gob.mx\/direccion-unidad-pedagogica-nacional\/#\/schema\/logo\/image\/","url":"https:\/\/apprende.jalisco.gob.mx\/direccion-unidad-pedagogica-nacional\/wp-content\/uploads\/sites\/31\/2022\/03\/logo-Educacion2025.png","contentUrl":"https:\/\/apprende.jalisco.gob.mx\/direccion-unidad-pedagogica-nacional\/wp-content\/uploads\/sites\/31\/2022\/03\/logo-Educacion2025.png","width":427,"height":108,"caption":"Direcci\u00f3n de la UPN"},"image":{"@id":"https:\/\/apprende.jalisco.gob.mx\/direccion-unidad-pedagogica-nacional\/#\/schema\/logo\/image\/"}}]}},"_links":{"self":[{"href":"https:\/\/apprende.jalisco.gob.mx\/direccion-unidad-pedagogica-nacional\/wp-json\/wp\/v2\/pages\/3588"}],"collection":[{"href":"https:\/\/apprende.jalisco.gob.mx\/direccion-unidad-pedagogica-nacional\/wp-json\/wp\/v2\/pages"}],"about":[{"href":"https:\/\/apprende.jalisco.gob.mx\/direccion-unidad-pedagogica-nacional\/wp-json\/wp\/v2\/types\/page"}],"author":[{"embeddable":true,"href":"https:\/\/apprende.jalisco.gob.mx\/direccion-unidad-pedagogica-nacional\/wp-json\/wp\/v2\/users\/5"}],"replies":[{"embeddable":true,"href":"https:\/\/apprende.jalisco.gob.mx\/direccion-unidad-pedagogica-nacional\/wp-json\/wp\/v2\/comments?post=3588"}],"version-history":[{"count":15,"href":"https:\/\/apprende.jalisco.gob.mx\/direccion-unidad-pedagogica-nacional\/wp-json\/wp\/v2\/pages\/3588\/revisions"}],"predecessor-version":[{"id":3657,"href":"https:\/\/apprende.jalisco.gob.mx\/direccion-unidad-pedagogica-nacional\/wp-json\/wp\/v2\/pages\/3588\/revisions\/3657"}],"wp:attachment":[{"href":"https:\/\/apprende.jalisco.gob.mx\/direccion-unidad-pedagogica-nacional\/wp-json\/wp\/v2\/media?parent=3588"}],"curies":[{"name":"wp","href":"https:\/\/api.w.org\/{rel}","templated":true}]}}