{"id":3671,"date":"2022-10-12T12:02:10","date_gmt":"2022-10-12T17:02:10","guid":{"rendered":"https:\/\/recrea.jalisco.gob.mx\/direccion-unidad-pedagogica-nacional\/?page_id=3671"},"modified":"2023-02-27T13:54:24","modified_gmt":"2023-02-27T19:54:24","slug":"sitios-de-interes","status":"publish","type":"page","link":"https:\/\/apprende.jalisco.gob.mx\/direccion-unidad-pedagogica-nacional\/sitios-de-interes\/","title":{"rendered":"Sitios de inter\u00e9s"},"content":{"rendered":"\t\t<div data-elementor-type=\"wp-page\" data-elementor-id=\"3671\" class=\"elementor elementor-3671\" data-elementor-post-type=\"page\">\n\t\t\t\t\t\t\t\t\t<section class=\"elementor-section elementor-top-section elementor-element elementor-element-90e1ac2 elementor-section-boxed elementor-section-height-default elementor-section-height-default\" data-id=\"90e1ac2\" data-element_type=\"section\" data-settings=\"{&quot;ekit_has_onepagescroll_dot&quot;:&quot;yes&quot;}\">\n\t\t\t\t\t\t<div class=\"elementor-container elementor-column-gap-default\">\n\t\t\t\t\t<div class=\"elementor-column elementor-col-100 elementor-top-column elementor-element elementor-element-e1a6d5c\" data-id=\"e1a6d5c\" data-element_type=\"column\">\n\t\t\t<div class=\"elementor-widget-wrap elementor-element-populated\">\n\t\t\t\t\t\t\t\t<div class=\"elementor-element elementor-element-feb4731 elementor-widget elementor-widget-breadcrumbs\" data-id=\"feb4731\" data-element_type=\"widget\" data-settings=\"{&quot;ekit_we_effect_on&quot;:&quot;none&quot;}\" data-widget_type=\"breadcrumbs.default\">\n\t\t\t\t<div class=\"elementor-widget-container\">\n\t\t\t<div id=\"breadcrumbs\"><span><span><a href=\"https:\/\/apprende.jalisco.gob.mx\/direccion-unidad-pedagogica-nacional\/\">Inicio<\/a><\/span><\/span><\/div>\t\t<\/div>\n\t\t\t\t<\/div>\n\t\t\t\t\t<\/div>\n\t\t<\/div>\n\t\t\t\t\t\t\t<\/div>\n\t\t<\/section>\n\t\t\t\t<section class=\"elementor-section elementor-top-section elementor-element elementor-element-f598b9d elementor-section-boxed elementor-section-height-default elementor-section-height-default\" data-id=\"f598b9d\" data-element_type=\"section\" data-settings=\"{&quot;ekit_has_onepagescroll_dot&quot;:&quot;yes&quot;}\">\n\t\t\t\t\t\t<div class=\"elementor-container elementor-column-gap-default\">\n\t\t\t\t\t<div class=\"elementor-column elementor-col-100 elementor-top-column elementor-element elementor-element-4e47999\" data-id=\"4e47999\" data-element_type=\"column\">\n\t\t\t<div class=\"elementor-widget-wrap elementor-element-populated\">\n\t\t\t\t\t\t\t\t<div class=\"elementor-element elementor-element-19eac19 elementor-widget elementor-widget-heading\" data-id=\"19eac19\" data-element_type=\"widget\" data-settings=\"{&quot;ekit_we_effect_on&quot;:&quot;none&quot;}\" data-widget_type=\"heading.default\">\n\t\t\t\t<div class=\"elementor-widget-container\">\n\t\t\t<h2 class=\"elementor-heading-title elementor-size-default\">Sitios de inter\u00e9s<\/h2>\t\t<\/div>\n\t\t\t\t<\/div>\n\t\t\t\t\t<\/div>\n\t\t<\/div>\n\t\t\t\t\t\t\t<\/div>\n\t\t<\/section>\n\t\t\t\t<section class=\"elementor-section elementor-top-section elementor-element elementor-element-74222d2 elementor-section-boxed elementor-section-height-default elementor-section-height-default\" data-id=\"74222d2\" data-element_type=\"section\" data-settings=\"{&quot;ekit_has_onepagescroll_dot&quot;:&quot;yes&quot;}\">\n\t\t\t\t\t\t<div class=\"elementor-container elementor-column-gap-default\">\n\t\t\t\t\t<div class=\"elementor-column elementor-col-100 elementor-top-column elementor-element elementor-element-44e77a3\" data-id=\"44e77a3\" data-element_type=\"column\">\n\t\t\t<div class=\"elementor-widget-wrap elementor-element-populated\">\n\t\t\t\t\t\t\t\t<div class=\"elementor-element elementor-element-53bb5f5 elementor-widget elementor-widget-text-editor\" data-id=\"53bb5f5\" data-element_type=\"widget\" data-settings=\"{&quot;ekit_we_effect_on&quot;:&quot;none&quot;}\" data-widget_type=\"text-editor.default\">\n\t\t\t\t<div class=\"elementor-widget-container\">\n\t\t\t\t\t\t\t<p><strong><a href=\"https:\/\/portalsej.jalisco.gob.mx\/\" target=\"_blank\" rel=\"noopener\">Secretar\u00eda de Educaci\u00f3n Jalisco\u00a0<\/a><\/strong><\/p><p><strong><a href=\"https:\/\/www.gob.mx\/sep\" target=\"_blank\" rel=\"noopener\">Secretar\u00eda de Educaci\u00f3n P\u00fablica\u00a0<\/a><\/strong><\/p><p><strong><a href=\"https:\/\/www.upn.mx\/\" target=\"_blank\" rel=\"noopener\">Universidad Pedag\u00f3gica Nacional\u00a0<\/a><\/strong><\/p><p><strong><a href=\"https:\/\/www.dgespe.sep.gob.mx\/\" target=\"_blank\" rel=\"noopener\">Direcci\u00f3n General de Educaci\u00f3n Superior para Profesionales de la Educaci\u00f3n\u00a0<\/a><\/strong><\/p>\t\t\t\t\t\t<\/div>\n\t\t\t\t<\/div>\n\t\t\t\t\t<\/div>\n\t\t<\/div>\n\t\t\t\t\t\t\t<\/div>\n\t\t<\/section>\n\t\t\t\t\t\t\t<\/div>\n\t\t","protected":false},"excerpt":{"rendered":"<p>Secretar\u00eda de Educaci\u00f3n Jalisco\u00a0 Secretar\u00eda de Educaci\u00f3n P\u00fablica\u00a0 Universidad Pedag\u00f3gica Nacional\u00a0 Direcci\u00f3n General de Educaci\u00f3n Superior para Profesionales de la Educaci\u00f3n\u00a0<\/p>\n","protected":false},"author":1,"featured_media":0,"parent":0,"menu_order":0,"comment_status":"closed","ping_status":"closed","template":"","meta":{"_monsterinsights_skip_tracking":false,"_monsterinsights_sitenote_active":false,"_monsterinsights_sitenote_note":"","_monsterinsights_sitenote_category":0,"site-sidebar-layout":"no-sidebar","site-content-layout":"page-builder","ast-site-content-layout":"","site-content-style":"default","site-sidebar-style":"default","ast-global-header-display":"","ast-banner-title-visibility":"","ast-main-header-display":"","ast-hfb-above-header-display":"","ast-hfb-below-header-display":"","ast-hfb-mobile-header-display":"","site-post-title":"disabled","ast-breadcrumbs-content":"","ast-featured-img":"disabled","footer-sml-layout":"","theme-transparent-header-meta":"","adv-header-id-meta":"","stick-header-meta":"","header-above-stick-meta":"","header-main-stick-meta":"","header-below-stick-meta":"","astra-migrate-meta-layouts":"","ep_exclude_from_search":false,"footnotes":""},"acf":[],"yoast_head":"<!-- This site is optimized with the Yoast SEO Premium plugin v17.7 (Yoast SEO v21.0) - https:\/\/yoast.com\/wordpress\/plugins\/seo\/ -->\n<title>Sitios de inter\u00e9s - Direcci\u00f3n de la UPN<\/title>\n<meta name=\"robots\" content=\"index, follow, max-snippet:-1, max-image-preview:large, max-video-preview:-1\" \/>\n<link rel=\"canonical\" href=\"https:\/\/apprende.jalisco.gob.mx\/direccion-unidad-pedagogica-nacional\/sitios-de-interes\/\" \/>\n<meta property=\"og:locale\" content=\"es_MX\" \/>\n<meta property=\"og:type\" content=\"article\" \/>\n<meta property=\"og:title\" content=\"Sitios de inter\u00e9s\" \/>\n<meta property=\"og:description\" content=\"Secretar\u00eda de Educaci\u00f3n Jalisco\u00a0 Secretar\u00eda de Educaci\u00f3n P\u00fablica\u00a0 Universidad Pedag\u00f3gica Nacional\u00a0 Direcci\u00f3n General de Educaci\u00f3n Superior para Profesionales de la Educaci\u00f3n\u00a0\" \/>\n<meta property=\"og:url\" content=\"https:\/\/apprende.jalisco.gob.mx\/direccion-unidad-pedagogica-nacional\/sitios-de-interes\/\" \/>\n<meta property=\"og:site_name\" content=\"Direcci\u00f3n de la UPN\" \/>\n<meta property=\"article:modified_time\" content=\"2023-02-27T19:54:24+00:00\" \/>\n<meta name=\"twitter:card\" content=\"summary_large_image\" \/>\n<meta name=\"twitter:label1\" content=\"Tiempo de lectura\" \/>\n\t<meta name=\"twitter:data1\" content=\"1 minuto\" \/>\n<script type=\"application\/ld+json\" class=\"yoast-schema-graph\">{\"@context\":\"https:\/\/schema.org\",\"@graph\":[{\"@type\":\"WebPage\",\"@id\":\"https:\/\/apprende.jalisco.gob.mx\/direccion-unidad-pedagogica-nacional\/sitios-de-interes\/\",\"url\":\"https:\/\/apprende.jalisco.gob.mx\/direccion-unidad-pedagogica-nacional\/sitios-de-interes\/\",\"name\":\"Sitios de inter\u00e9s - Direcci\u00f3n de la UPN\",\"isPartOf\":{\"@id\":\"https:\/\/apprende.jalisco.gob.mx\/direccion-unidad-pedagogica-nacional\/#website\"},\"datePublished\":\"2022-10-12T17:02:10+00:00\",\"dateModified\":\"2023-02-27T19:54:24+00:00\",\"breadcrumb\":{\"@id\":\"https:\/\/apprende.jalisco.gob.mx\/direccion-unidad-pedagogica-nacional\/sitios-de-interes\/#breadcrumb\"},\"inLanguage\":\"es-MX\",\"potentialAction\":[{\"@type\":\"ReadAction\",\"target\":[\"https:\/\/apprende.jalisco.gob.mx\/direccion-unidad-pedagogica-nacional\/sitios-de-interes\/\"]}]},{\"@type\":\"BreadcrumbList\",\"@id\":\"https:\/\/apprende.jalisco.gob.mx\/direccion-unidad-pedagogica-nacional\/sitios-de-interes\/#breadcrumb\",\"itemListElement\":[{\"@type\":\"ListItem\",\"position\":1,\"name\":\"Inicio\",\"item\":\"https:\/\/apprende.jalisco.gob.mx\/direccion-unidad-pedagogica-nacional\/\"},{\"@type\":\"ListItem\",\"position\":2,\"name\":\"Sitios de inter\u00e9s\"}]},{\"@type\":\"WebSite\",\"@id\":\"https:\/\/apprende.jalisco.gob.mx\/direccion-unidad-pedagogica-nacional\/#website\",\"url\":\"https:\/\/apprende.jalisco.gob.mx\/direccion-unidad-pedagogica-nacional\/\",\"name\":\"Direcci\u00f3n de la UPN\",\"description\":\"Micrositio\",\"publisher\":{\"@id\":\"https:\/\/apprende.jalisco.gob.mx\/direccion-unidad-pedagogica-nacional\/#organization\"},\"potentialAction\":[{\"@type\":\"SearchAction\",\"target\":{\"@type\":\"EntryPoint\",\"urlTemplate\":\"https:\/\/apprende.jalisco.gob.mx\/direccion-unidad-pedagogica-nacional\/?s={search_term_string}\"},\"query-input\":\"required name=search_term_string\"}],\"inLanguage\":\"es-MX\"},{\"@type\":\"Organization\",\"@id\":\"https:\/\/apprende.jalisco.gob.mx\/direccion-unidad-pedagogica-nacional\/#organization\",\"name\":\"Direcci\u00f3n de la UPN\",\"url\":\"https:\/\/apprende.jalisco.gob.mx\/direccion-unidad-pedagogica-nacional\/\",\"logo\":{\"@type\":\"ImageObject\",\"inLanguage\":\"es-MX\",\"@id\":\"https:\/\/apprende.jalisco.gob.mx\/direccion-unidad-pedagogica-nacional\/#\/schema\/logo\/image\/\",\"url\":\"https:\/\/apprende.jalisco.gob.mx\/direccion-unidad-pedagogica-nacional\/wp-content\/uploads\/sites\/31\/2022\/03\/logo-Educacion2025.png\",\"contentUrl\":\"https:\/\/apprende.jalisco.gob.mx\/direccion-unidad-pedagogica-nacional\/wp-content\/uploads\/sites\/31\/2022\/03\/logo-Educacion2025.png\",\"width\":427,\"height\":108,\"caption\":\"Direcci\u00f3n de la UPN\"},\"image\":{\"@id\":\"https:\/\/apprende.jalisco.gob.mx\/direccion-unidad-pedagogica-nacional\/#\/schema\/logo\/image\/\"}}]}<\/script>\n<!-- \/ Yoast SEO Premium plugin. -->","yoast_head_json":{"title":"Sitios de inter\u00e9s - Direcci\u00f3n de la UPN","robots":{"index":"index","follow":"follow","max-snippet":"max-snippet:-1","max-image-preview":"max-image-preview:large","max-video-preview":"max-video-preview:-1"},"canonical":"https:\/\/apprende.jalisco.gob.mx\/direccion-unidad-pedagogica-nacional\/sitios-de-interes\/","og_locale":"es_MX","og_type":"article","og_title":"Sitios de inter\u00e9s","og_description":"Secretar\u00eda de Educaci\u00f3n Jalisco\u00a0 Secretar\u00eda de Educaci\u00f3n P\u00fablica\u00a0 Universidad Pedag\u00f3gica Nacional\u00a0 Direcci\u00f3n General de Educaci\u00f3n Superior para Profesionales de la Educaci\u00f3n\u00a0","og_url":"https:\/\/apprende.jalisco.gob.mx\/direccion-unidad-pedagogica-nacional\/sitios-de-interes\/","og_site_name":"Direcci\u00f3n de la UPN","article_modified_time":"2023-02-27T19:54:24+00:00","twitter_card":"summary_large_image","twitter_misc":{"Tiempo de lectura":"1 minuto"},"schema":{"@context":"https:\/\/schema.org","@graph":[{"@type":"WebPage","@id":"https:\/\/apprende.jalisco.gob.mx\/direccion-unidad-pedagogica-nacional\/sitios-de-interes\/","url":"https:\/\/apprende.jalisco.gob.mx\/direccion-unidad-pedagogica-nacional\/sitios-de-interes\/","name":"Sitios de inter\u00e9s - Direcci\u00f3n de la UPN","isPartOf":{"@id":"https:\/\/apprende.jalisco.gob.mx\/direccion-unidad-pedagogica-nacional\/#website"},"datePublished":"2022-10-12T17:02:10+00:00","dateModified":"2023-02-27T19:54:24+00:00","breadcrumb":{"@id":"https:\/\/apprende.jalisco.gob.mx\/direccion-unidad-pedagogica-nacional\/sitios-de-interes\/#breadcrumb"},"inLanguage":"es-MX","potentialAction":[{"@type":"ReadAction","target":["https:\/\/apprende.jalisco.gob.mx\/direccion-unidad-pedagogica-nacional\/sitios-de-interes\/"]}]},{"@type":"BreadcrumbList","@id":"https:\/\/apprende.jalisco.gob.mx\/direccion-unidad-pedagogica-nacional\/sitios-de-interes\/#breadcrumb","itemListElement":[{"@type":"ListItem","position":1,"name":"Inicio","item":"https:\/\/apprende.jalisco.gob.mx\/direccion-unidad-pedagogica-nacional\/"},{"@type":"ListItem","position":2,"name":"Sitios de inter\u00e9s"}]},{"@type":"WebSite","@id":"https:\/\/apprende.jalisco.gob.mx\/direccion-unidad-pedagogica-nacional\/#website","url":"https:\/\/apprende.jalisco.gob.mx\/direccion-unidad-pedagogica-nacional\/","name":"Direcci\u00f3n de la UPN","description":"Micrositio","publisher":{"@id":"https:\/\/apprende.jalisco.gob.mx\/direccion-unidad-pedagogica-nacional\/#organization"},"potentialAction":[{"@type":"SearchAction","target":{"@type":"EntryPoint","urlTemplate":"https:\/\/apprende.jalisco.gob.mx\/direccion-unidad-pedagogica-nacional\/?s={search_term_string}"},"query-input":"required name=search_term_string"}],"inLanguage":"es-MX"},{"@type":"Organization","@id":"https:\/\/apprende.jalisco.gob.mx\/direccion-unidad-pedagogica-nacional\/#organization","name":"Direcci\u00f3n de la UPN","url":"https:\/\/apprende.jalisco.gob.mx\/direccion-unidad-pedagogica-nacional\/","logo":{"@type":"ImageObject","inLanguage":"es-MX","@id":"https:\/\/apprende.jalisco.gob.mx\/direccion-unidad-pedagogica-nacional\/#\/schema\/logo\/image\/","url":"https:\/\/apprende.jalisco.gob.mx\/direccion-unidad-pedagogica-nacional\/wp-content\/uploads\/sites\/31\/2022\/03\/logo-Educacion2025.png","contentUrl":"https:\/\/apprende.jalisco.gob.mx\/direccion-unidad-pedagogica-nacional\/wp-content\/uploads\/sites\/31\/2022\/03\/logo-Educacion2025.png","width":427,"height":108,"caption":"Direcci\u00f3n de la UPN"},"image":{"@id":"https:\/\/apprende.jalisco.gob.mx\/direccion-unidad-pedagogica-nacional\/#\/schema\/logo\/image\/"}}]}},"_links":{"self":[{"href":"https:\/\/apprende.jalisco.gob.mx\/direccion-unidad-pedagogica-nacional\/wp-json\/wp\/v2\/pages\/3671"}],"collection":[{"href":"https:\/\/apprende.jalisco.gob.mx\/direccion-unidad-pedagogica-nacional\/wp-json\/wp\/v2\/pages"}],"about":[{"href":"https:\/\/apprende.jalisco.gob.mx\/direccion-unidad-pedagogica-nacional\/wp-json\/wp\/v2\/types\/page"}],"author":[{"embeddable":true,"href":"https:\/\/apprende.jalisco.gob.mx\/direccion-unidad-pedagogica-nacional\/wp-json\/wp\/v2\/users\/1"}],"replies":[{"embeddable":true,"href":"https:\/\/apprende.jalisco.gob.mx\/direccion-unidad-pedagogica-nacional\/wp-json\/wp\/v2\/comments?post=3671"}],"version-history":[{"count":13,"href":"https:\/\/apprende.jalisco.gob.mx\/direccion-unidad-pedagogica-nacional\/wp-json\/wp\/v2\/pages\/3671\/revisions"}],"predecessor-version":[{"id":3707,"href":"https:\/\/apprende.jalisco.gob.mx\/direccion-unidad-pedagogica-nacional\/wp-json\/wp\/v2\/pages\/3671\/revisions\/3707"}],"wp:attachment":[{"href":"https:\/\/apprende.jalisco.gob.mx\/direccion-unidad-pedagogica-nacional\/wp-json\/wp\/v2\/media?parent=3671"}],"curies":[{"name":"wp","href":"https:\/\/api.w.org\/{rel}","templated":true}]}}