{"id":2934,"date":"2022-09-05T18:01:28","date_gmt":"2022-09-05T23:01:28","guid":{"rendered":"https:\/\/apprende.jalisco.gob.mx\/formacion-del-caracter\/?page_id=2934"},"modified":"2025-11-25T11:31:22","modified_gmt":"2025-11-25T17:31:22","slug":"familias","status":"publish","type":"page","link":"https:\/\/apprende.jalisco.gob.mx\/formacion-del-caracter\/familias\/","title":{"rendered":"Familias"},"content":{"rendered":"\t\t<div data-elementor-type=\"wp-page\" data-elementor-id=\"2934\" class=\"elementor elementor-2934\" data-elementor-post-type=\"page\">\n\t\t\t\t\t\t\t\t\t<section class=\"elementor-section elementor-top-section elementor-element elementor-element-ddfb6fd elementor-section-boxed elementor-section-height-default elementor-section-height-default\" data-id=\"ddfb6fd\" data-element_type=\"section\" data-settings=\"{&quot;ekit_has_onepagescroll_dot&quot;:&quot;yes&quot;}\">\n\t\t\t\t\t\t<div class=\"elementor-container elementor-column-gap-default\">\n\t\t\t\t\t<div class=\"elementor-column elementor-col-100 elementor-top-column elementor-element elementor-element-b5fef51\" data-id=\"b5fef51\" data-element_type=\"column\">\n\t\t\t<div class=\"elementor-widget-wrap elementor-element-populated\">\n\t\t\t\t\t\t\t\t<div class=\"elementor-element elementor-element-7c6b08c elementor-widget elementor-widget-breadcrumbs\" data-id=\"7c6b08c\" data-element_type=\"widget\" data-settings=\"{&quot;ekit_we_effect_on&quot;:&quot;none&quot;}\" data-widget_type=\"breadcrumbs.default\">\n\t\t\t\t<div class=\"elementor-widget-container\">\n\t\t\t<div id=\"breadcrumbs\"><span><span><a href=\"https:\/\/apprende.jalisco.gob.mx\/formacion-del-caracter\/\">Inicio<\/a><\/span><\/span><\/div>\t\t<\/div>\n\t\t\t\t<\/div>\n\t\t\t\t\t<\/div>\n\t\t<\/div>\n\t\t\t\t\t\t\t<\/div>\n\t\t<\/section>\n\t\t\t\t<section class=\"elementor-section elementor-top-section elementor-element elementor-element-2496b07 elementor-section-full_width elementor-section-height-default elementor-section-height-default\" data-id=\"2496b07\" data-element_type=\"section\" data-settings=\"{&quot;background_background&quot;:&quot;classic&quot;,&quot;ekit_has_onepagescroll_dot&quot;:&quot;yes&quot;}\">\n\t\t\t\t\t\t<div class=\"elementor-container elementor-column-gap-default\">\n\t\t\t\t\t<div class=\"elementor-column elementor-col-100 elementor-top-column elementor-element elementor-element-abc373b\" data-id=\"abc373b\" data-element_type=\"column\">\n\t\t\t<div class=\"elementor-widget-wrap elementor-element-populated\">\n\t\t\t\t\t\t\t\t<section class=\"elementor-section elementor-inner-section elementor-element elementor-element-82a360c elementor-section-boxed elementor-section-height-default elementor-section-height-default\" data-id=\"82a360c\" data-element_type=\"section\" data-settings=\"{&quot;ekit_has_onepagescroll_dot&quot;:&quot;yes&quot;}\">\n\t\t\t\t\t\t<div class=\"elementor-container elementor-column-gap-default\">\n\t\t\t\t\t<div class=\"elementor-column elementor-col-100 elementor-inner-column elementor-element elementor-element-177f601\" data-id=\"177f601\" data-element_type=\"column\">\n\t\t\t<div class=\"elementor-widget-wrap elementor-element-populated\">\n\t\t\t\t\t\t\t\t<div class=\"elementor-element elementor-element-6db45a8 elementor-widget elementor-widget-heading\" data-id=\"6db45a8\" data-element_type=\"widget\" data-settings=\"{&quot;ekit_we_effect_on&quot;:&quot;none&quot;}\" data-widget_type=\"heading.default\">\n\t\t\t\t<div class=\"elementor-widget-container\">\n\t\t\t<h1 class=\"elementor-heading-title elementor-size-default\">Familias<\/h1>\t\t<\/div>\n\t\t\t\t<\/div>\n\t\t\t\t<div class=\"elementor-element elementor-element-6899a00 elementor-widget-divider--view-line elementor-widget elementor-widget-divider\" data-id=\"6899a00\" data-element_type=\"widget\" data-settings=\"{&quot;ekit_we_effect_on&quot;:&quot;none&quot;}\" data-widget_type=\"divider.default\">\n\t\t\t\t<div class=\"elementor-widget-container\">\n\t\t\t\t\t<div class=\"elementor-divider\">\n\t\t\t<span class=\"elementor-divider-separator\">\n\t\t\t\t\t\t<\/span>\n\t\t<\/div>\n\t\t\t\t<\/div>\n\t\t\t\t<\/div>\n\t\t\t\t\t<\/div>\n\t\t<\/div>\n\t\t\t\t\t\t\t<\/div>\n\t\t<\/section>\n\t\t\t\t\t<\/div>\n\t\t<\/div>\n\t\t\t\t\t\t\t<\/div>\n\t\t<\/section>\n\t\t\t\t<section class=\"elementor-section elementor-top-section elementor-element elementor-element-189ce2b elementor-section-boxed elementor-section-height-default elementor-section-height-default\" data-id=\"189ce2b\" data-element_type=\"section\" data-settings=\"{&quot;ekit_has_onepagescroll_dot&quot;:&quot;yes&quot;}\">\n\t\t\t\t\t\t<div class=\"elementor-container elementor-column-gap-default\">\n\t\t\t\t\t<div class=\"elementor-column elementor-col-25 elementor-top-column elementor-element elementor-element-a434efa\" data-id=\"a434efa\" data-element_type=\"column\">\n\t\t\t<div class=\"elementor-widget-wrap elementor-element-populated\">\n\t\t\t\t\t\t\t\t<div class=\"elementor-element elementor-element-1727aff elementor-flip-box--direction-right elementor-flip-box--effect-flip elementor-widget elementor-widget-flip-box\" data-id=\"1727aff\" data-element_type=\"widget\" data-settings=\"{&quot;ekit_we_effect_on&quot;:&quot;none&quot;}\" data-widget_type=\"flip-box.default\">\n\t\t\t\t<div class=\"elementor-widget-container\">\n\t\t\t\t\t<div class=\"elementor-flip-box\" tabindex=\"0\">\n\t\t\t<div class=\"elementor-flip-box__layer elementor-flip-box__front\">\n\t\t\t\t<div class=\"elementor-flip-box__layer__overlay\">\n\t\t\t\t\t<div class=\"elementor-flip-box__layer__inner\">\n\t\t\t\t\t\t\t\t\t\t\t\t\t<div class=\"elementor-flip-box__image\">\n\t\t\t\t\t\t\t\t<img decoding=\"async\" width=\"150\" height=\"150\" src=\"https:\/\/apprende.jalisco.gob.mx\/formacion-del-caracter\/wp-content\/uploads\/sites\/61\/2025\/10\/FELICIDAD-padres-150x150.png\" class=\"attachment-thumbnail size-thumbnail wp-image-3907\" alt=\"\" \/>\t\t\t\t\t\t\t<\/div>\n\t\t\t\t\t\t\n\t\t\t\t\t\t\t\t\t\t\t\t\t<h3 class=\"elementor-flip-box__layer__title\">\n\t\t\t\t\t\t\t\tLa gratitud en casa, siembra felicidad\t\t\t\t\t\t\t<\/h3>\n\t\t\t\t\t\t\n\t\t\t\t\t\t\t\t\t\t\t\t\t<div class=\"elementor-flip-box__layer__description\">\n\t\t\t\t\t\t\t\tTaller\t\t\t\t\t\t\t<\/div>\n\t\t\t\t\t\t\t\t\t\t\t<\/div>\n\t\t\t\t<\/div>\n\t\t\t<\/div>\n\t\t\t<div class=\"elementor-flip-box__layer elementor-flip-box__back\">\n\t\t\t<div class=\"elementor-flip-box__layer__overlay\">\n\t\t\t\t<div class=\"elementor-flip-box__layer__inner\">\n\t\t\t\t\t\n\t\t\t\t\t\t\t\t\t\t\t<div class=\"elementor-flip-box__layer__description\">\n\t\t\t\t\t\t\tUn encuentro para fortalecer la convivencia familiar desde la gratitud y sembrar bienestar en casa.<br>\n<a href=\"https:\/\/apprende.jalisco.gob.mx\/formacion-del-caracter\/wp-content\/uploads\/sites\/61\/2025\/10\/FELICIDAD-padres.pdf\">Descargar<\/a>\t\t\t\t\t\t<\/div>\n\t\t\t\t\t\n\t\t\t\t\t\t\t\t<\/div>\n\t\t<\/div>\n\t\t<\/div>\n\t\t<\/div>\n\t\t\t\t<\/div>\n\t\t\t\t<\/div>\n\t\t\t\t\t<\/div>\n\t\t<\/div>\n\t\t\t\t<div class=\"elementor-column elementor-col-25 elementor-top-column elementor-element elementor-element-d0ac9be\" data-id=\"d0ac9be\" data-element_type=\"column\">\n\t\t\t<div class=\"elementor-widget-wrap elementor-element-populated\">\n\t\t\t\t\t\t\t\t<div class=\"elementor-element elementor-element-80cb0e6 elementor-flip-box--direction-right elementor-flip-box--effect-flip elementor-widget elementor-widget-flip-box\" data-id=\"80cb0e6\" data-element_type=\"widget\" data-settings=\"{&quot;ekit_we_effect_on&quot;:&quot;none&quot;}\" data-widget_type=\"flip-box.default\">\n\t\t\t\t<div class=\"elementor-widget-container\">\n\t\t\t\t\t<div class=\"elementor-flip-box\" tabindex=\"0\">\n\t\t\t<div class=\"elementor-flip-box__layer elementor-flip-box__front\">\n\t\t\t\t<div class=\"elementor-flip-box__layer__overlay\">\n\t\t\t\t\t<div class=\"elementor-flip-box__layer__inner\">\n\t\t\t\t\t\t\t\t\t\t\t\t\t<div class=\"elementor-flip-box__image\">\n\t\t\t\t\t\t\t\t<img decoding=\"async\" width=\"150\" height=\"150\" src=\"https:\/\/apprende.jalisco.gob.mx\/formacion-del-caracter\/wp-content\/uploads\/sites\/61\/2025\/10\/LOTERIA-150x150.png\" class=\"attachment-thumbnail size-thumbnail wp-image-3899\" alt=\"\" \/>\t\t\t\t\t\t\t<\/div>\n\t\t\t\t\t\t\n\t\t\t\t\t\t\t\t\t\t\t\t\t<h3 class=\"elementor-flip-box__layer__title\">\n\t\t\t\t\t\t\t\tLoter\u00eda de las virtudes\t\t\t\t\t\t\t<\/h3>\n\t\t\t\t\t\t\n\t\t\t\t\t\t\t\t\t\t\t\t\t<div class=\"elementor-flip-box__layer__description\">\n\t\t\t\t\t\t\t\tLoter\u00eda\t\t\t\t\t\t\t<\/div>\n\t\t\t\t\t\t\t\t\t\t\t<\/div>\n\t\t\t\t<\/div>\n\t\t\t<\/div>\n\t\t\t<div class=\"elementor-flip-box__layer elementor-flip-box__back\">\n\t\t\t<div class=\"elementor-flip-box__layer__overlay\">\n\t\t\t\t<div class=\"elementor-flip-box__layer__inner\">\n\t\t\t\t\t\n\t\t\t\t\t\t\t\t\t\t\t<div class=\"elementor-flip-box__layer__description\">\n\t\t\t\t\t\t\tUna experiencia de juego que convierte la convivencia familiar en un espacio para sembrar valores.\n<br>\n<a href=\"https:\/\/apprende.jalisco.gob.mx\/formacion-del-caracter\/wp-content\/uploads\/sites\/61\/2025\/10\/LOTERIA.pdf\">Descargar<\/a>\t\t\t\t\t\t<\/div>\n\t\t\t\t\t\n\t\t\t\t\t\t\t\t<\/div>\n\t\t<\/div>\n\t\t<\/div>\n\t\t<\/div>\n\t\t\t\t<\/div>\n\t\t\t\t<\/div>\n\t\t\t\t\t<\/div>\n\t\t<\/div>\n\t\t\t\t<div class=\"elementor-column elementor-col-25 elementor-top-column elementor-element elementor-element-b67d506\" data-id=\"b67d506\" data-element_type=\"column\">\n\t\t\t<div class=\"elementor-widget-wrap elementor-element-populated\">\n\t\t\t\t\t\t\t\t<div class=\"elementor-element elementor-element-c21ec3d elementor-flip-box--direction-right elementor-flip-box--effect-flip elementor-widget elementor-widget-flip-box\" data-id=\"c21ec3d\" data-element_type=\"widget\" data-settings=\"{&quot;ekit_we_effect_on&quot;:&quot;none&quot;}\" data-widget_type=\"flip-box.default\">\n\t\t\t\t<div class=\"elementor-widget-container\">\n\t\t\t\t\t<div class=\"elementor-flip-box\" tabindex=\"0\">\n\t\t\t<div class=\"elementor-flip-box__layer elementor-flip-box__front\">\n\t\t\t\t<div class=\"elementor-flip-box__layer__overlay\">\n\t\t\t\t\t<div class=\"elementor-flip-box__layer__inner\">\n\t\t\t\t\t\t\t\t\t\t\t\t\t<div class=\"elementor-flip-box__image\">\n\t\t\t\t\t\t\t\t<img decoding=\"async\" width=\"300\" height=\"200\" src=\"https:\/\/apprende.jalisco.gob.mx\/formacion-del-caracter\/wp-content\/uploads\/sites\/61\/2025\/10\/CUADERNILLO-padres-300x200.png\" class=\"attachment-medium size-medium wp-image-3900\" alt=\"\" srcset=\"https:\/\/apprende.jalisco.gob.mx\/formacion-del-caracter\/wp-content\/uploads\/sites\/61\/2025\/10\/CUADERNILLO-padres-300x200.png 300w, https:\/\/apprende.jalisco.gob.mx\/formacion-del-caracter\/wp-content\/uploads\/sites\/61\/2025\/10\/CUADERNILLO-padres-1024x683.png 1024w, https:\/\/apprende.jalisco.gob.mx\/formacion-del-caracter\/wp-content\/uploads\/sites\/61\/2025\/10\/CUADERNILLO-padres-768x512.png 768w, https:\/\/apprende.jalisco.gob.mx\/formacion-del-caracter\/wp-content\/uploads\/sites\/61\/2025\/10\/CUADERNILLO-padres.png 1536w\" sizes=\"(max-width: 300px) 100vw, 300px\" \/>\t\t\t\t\t\t\t<\/div>\n\t\t\t\t\t\t\n\t\t\t\t\t\t\t\t\t\t\t\t\t<h3 class=\"elementor-flip-box__layer__title\">\n\t\t\t\t\t\t\t\tLa Formaci\u00f3n del Car\u00e1cter en casa\t\t\t\t\t\t\t<\/h3>\n\t\t\t\t\t\t\n\t\t\t\t\t\t\t\t\t\t\t\t\t<div class=\"elementor-flip-box__layer__description\">\n\t\t\t\t\t\t\t\tCuadernillo de actividades\t\t\t\t\t\t\t<\/div>\n\t\t\t\t\t\t\t\t\t\t\t<\/div>\n\t\t\t\t<\/div>\n\t\t\t<\/div>\n\t\t\t<div class=\"elementor-flip-box__layer elementor-flip-box__back\">\n\t\t\t<div class=\"elementor-flip-box__layer__overlay\">\n\t\t\t\t<div class=\"elementor-flip-box__layer__inner\">\n\t\t\t\t\t\n\t\t\t\t\t\t\t\t\t\t\t<div class=\"elementor-flip-box__layer__description\">\n\t\t\t\t\t\t\tUn compa\u00f1ero para transformar momentos sencillos en oportunidades para cultivar virtudes en casa.\n<br>\n<a href=\"https:\/\/apprende.jalisco.gob.mx\/formacion-del-caracter\/wp-content\/uploads\/sites\/61\/2025\/10\/CUADERNILLO-padres.pdf\">Descargar<\/a>\t\t\t\t\t\t<\/div>\n\t\t\t\t\t\n\t\t\t\t\t\t\t\t<\/div>\n\t\t<\/div>\n\t\t<\/div>\n\t\t<\/div>\n\t\t\t\t<\/div>\n\t\t\t\t<\/div>\n\t\t\t\t\t<\/div>\n\t\t<\/div>\n\t\t\t\t<div class=\"elementor-column elementor-col-25 elementor-top-column elementor-element elementor-element-5433879\" data-id=\"5433879\" data-element_type=\"column\">\n\t\t\t<div class=\"elementor-widget-wrap elementor-element-populated\">\n\t\t\t\t\t\t\t\t<div class=\"elementor-element elementor-element-81e3fd4 elementor-flip-box--direction-right elementor-flip-box--effect-flip elementor-widget elementor-widget-flip-box\" data-id=\"81e3fd4\" data-element_type=\"widget\" data-settings=\"{&quot;ekit_we_effect_on&quot;:&quot;none&quot;}\" data-widget_type=\"flip-box.default\">\n\t\t\t\t<div class=\"elementor-widget-container\">\n\t\t\t\t\t<div class=\"elementor-flip-box\" tabindex=\"0\">\n\t\t\t<div class=\"elementor-flip-box__layer elementor-flip-box__front\">\n\t\t\t\t<div class=\"elementor-flip-box__layer__overlay\">\n\t\t\t\t\t<div class=\"elementor-flip-box__layer__inner\">\n\t\t\t\t\t\t\t\t\t\t\t\t\t<div class=\"elementor-flip-box__image\">\n\t\t\t\t\t\t\t\t<img decoding=\"async\" width=\"150\" height=\"150\" src=\"https:\/\/apprende.jalisco.gob.mx\/formacion-del-caracter\/wp-content\/uploads\/sites\/61\/2025\/10\/GLOSARIO-X-COMPLETO-150x150.png\" class=\"attachment-thumbnail size-thumbnail wp-image-3901\" alt=\"\" \/>\t\t\t\t\t\t\t<\/div>\n\t\t\t\t\t\t\n\t\t\t\t\t\t\t\t\t\t\t\t\t<h3 class=\"elementor-flip-box__layer__title\">\n\t\t\t\t\t\t\t\tVirtudes Al Estilo Jalisco\t\t\t\t\t\t\t<\/h3>\n\t\t\t\t\t\t\n\t\t\t\t\t\t\t\t\t\t\t\t\t<div class=\"elementor-flip-box__layer__description\">\n\t\t\t\t\t\t\t\tGlosario\t\t\t\t\t\t\t<\/div>\n\t\t\t\t\t\t\t\t\t\t\t<\/div>\n\t\t\t\t<\/div>\n\t\t\t<\/div>\n\t\t\t<div class=\"elementor-flip-box__layer elementor-flip-box__back\">\n\t\t\t<div class=\"elementor-flip-box__layer__overlay\">\n\t\t\t\t<div class=\"elementor-flip-box__layer__inner\">\n\t\t\t\t\t\n\t\t\t\t\t\t\t\t\t\t\t<div class=\"elementor-flip-box__layer__description\">\n\t\t\t\t\t\t\tUna gu\u00eda pr\u00e1ctica para comprender juntos el sentido de cada virtud y traerla a la vida cotidiana\n<br>\n<a href=\"https:\/\/apprende.jalisco.gob.mx\/formacion-del-caracter\/wp-content\/uploads\/sites\/61\/2025\/10\/GLOSARIO-X-COMPLETO.pdf\">Descargar<\/a>\t\t\t\t\t\t<\/div>\n\t\t\t\t\t\n\t\t\t\t\t\t\t\t<\/div>\n\t\t<\/div>\n\t\t<\/div>\n\t\t<\/div>\n\t\t\t\t<\/div>\n\t\t\t\t<\/div>\n\t\t\t\t\t<\/div>\n\t\t<\/div>\n\t\t\t\t\t\t\t<\/div>\n\t\t<\/section>\n\t\t\t\t\t\t\t<\/div>\n\t\t","protected":false},"excerpt":{"rendered":"<p>La gratitud en casa, siembra felicidad Taller Un encuentro para fortalecer la convivencia familiar desde la gratitud y sembrar bienestar en casa. Descargar Loter\u00eda de las virtudes Loter\u00eda Una experiencia de juego que convierte la convivencia familiar en un espacio para sembrar valores. Descargar La Formaci\u00f3n del Car\u00e1cter en casa Cuadernillo de actividades Un compa\u00f1ero &hellip;<\/p>\n<p class=\"read-more\"> <a class=\"\" href=\"https:\/\/apprende.jalisco.gob.mx\/formacion-del-caracter\/familias\/\"> <span class=\"screen-reader-text\">Familias<\/span> Leer m\u00e1s &raquo;<\/a><\/p>\n","protected":false},"author":1,"featured_media":0,"parent":0,"menu_order":0,"comment_status":"closed","ping_status":"closed","template":"","meta":{"_monsterinsights_skip_tracking":false,"_monsterinsights_sitenote_active":false,"_monsterinsights_sitenote_note":"","_monsterinsights_sitenote_category":0,"site-sidebar-layout":"no-sidebar","site-content-layout":"page-builder","ast-site-content-layout":"","site-content-style":"default","site-sidebar-style":"default","ast-global-header-display":"","ast-banner-title-visibility":"","ast-main-header-display":"","ast-hfb-above-header-display":"","ast-hfb-below-header-display":"","ast-hfb-mobile-header-display":"","site-post-title":"disabled","ast-breadcrumbs-content":"","ast-featured-img":"disabled","footer-sml-layout":"","theme-transparent-header-meta":"default","adv-header-id-meta":"","stick-header-meta":"default","header-above-stick-meta":"","header-main-stick-meta":"","header-below-stick-meta":"","astra-migrate-meta-layouts":"","ep_exclude_from_search":false,"footnotes":""},"acf":[],"yoast_head":"<!-- This site is optimized with the Yoast SEO Premium plugin v17.7 (Yoast SEO v21.0) - https:\/\/yoast.com\/wordpress\/plugins\/seo\/ -->\n<title>Familias - Formaci\u00f3n del Car\u00e1cter<\/title>\n<meta name=\"robots\" content=\"index, follow, max-snippet:-1, max-image-preview:large, max-video-preview:-1\" \/>\n<link rel=\"canonical\" href=\"https:\/\/apprende.jalisco.gob.mx\/formacion-del-caracter\/familias\/\" \/>\n<meta property=\"og:locale\" content=\"es_MX\" \/>\n<meta property=\"og:type\" content=\"article\" \/>\n<meta property=\"og:title\" content=\"Familias\" \/>\n<meta property=\"og:description\" content=\"La gratitud en casa, siembra felicidad Taller Un encuentro para fortalecer la convivencia familiar desde la gratitud y sembrar bienestar en casa. Descargar Loter\u00eda de las virtudes Loter\u00eda Una experiencia de juego que convierte la convivencia familiar en un espacio para sembrar valores. Descargar La Formaci\u00f3n del Car\u00e1cter en casa Cuadernillo de actividades Un compa\u00f1ero &hellip; Familias Leer m\u00e1s &raquo;\" \/>\n<meta property=\"og:url\" content=\"https:\/\/apprende.jalisco.gob.mx\/formacion-del-caracter\/familias\/\" \/>\n<meta property=\"og:site_name\" content=\"Formaci\u00f3n del Car\u00e1cter\" \/>\n<meta property=\"article:modified_time\" content=\"2025-11-25T17:31:22+00:00\" \/>\n<meta property=\"og:image\" content=\"https:\/\/apprende.jalisco.gob.mx\/formacion-del-caracter\/wp-content\/uploads\/sites\/61\/2025\/10\/FELICIDAD-padres-150x150.png\" \/>\n<meta name=\"twitter:card\" content=\"summary_large_image\" \/>\n<meta name=\"twitter:label1\" content=\"Tiempo de lectura\" \/>\n\t<meta name=\"twitter:data1\" content=\"2 minutos\" \/>\n<script type=\"application\/ld+json\" class=\"yoast-schema-graph\">{\"@context\":\"https:\/\/schema.org\",\"@graph\":[{\"@type\":\"WebPage\",\"@id\":\"https:\/\/apprende.jalisco.gob.mx\/formacion-del-caracter\/familias\/\",\"url\":\"https:\/\/apprende.jalisco.gob.mx\/formacion-del-caracter\/familias\/\",\"name\":\"Familias - Formaci\u00f3n del Car\u00e1cter\",\"isPartOf\":{\"@id\":\"https:\/\/apprende.jalisco.gob.mx\/formacion-del-caracter\/#website\"},\"datePublished\":\"2022-09-05T23:01:28+00:00\",\"dateModified\":\"2025-11-25T17:31:22+00:00\",\"breadcrumb\":{\"@id\":\"https:\/\/apprende.jalisco.gob.mx\/formacion-del-caracter\/familias\/#breadcrumb\"},\"inLanguage\":\"es-MX\",\"potentialAction\":[{\"@type\":\"ReadAction\",\"target\":[\"https:\/\/apprende.jalisco.gob.mx\/formacion-del-caracter\/familias\/\"]}]},{\"@type\":\"BreadcrumbList\",\"@id\":\"https:\/\/apprende.jalisco.gob.mx\/formacion-del-caracter\/familias\/#breadcrumb\",\"itemListElement\":[{\"@type\":\"ListItem\",\"position\":1,\"name\":\"Inicio\",\"item\":\"https:\/\/apprende.jalisco.gob.mx\/formacion-del-caracter\/\"},{\"@type\":\"ListItem\",\"position\":2,\"name\":\"Familias\"}]},{\"@type\":\"WebSite\",\"@id\":\"https:\/\/apprende.jalisco.gob.mx\/formacion-del-caracter\/#website\",\"url\":\"https:\/\/apprende.jalisco.gob.mx\/formacion-del-caracter\/\",\"name\":\"Formaci\u00f3n del Car\u00e1cter\",\"description\":\"Micrositio\",\"publisher\":{\"@id\":\"https:\/\/apprende.jalisco.gob.mx\/formacion-del-caracter\/#organization\"},\"potentialAction\":[{\"@type\":\"SearchAction\",\"target\":{\"@type\":\"EntryPoint\",\"urlTemplate\":\"https:\/\/apprende.jalisco.gob.mx\/formacion-del-caracter\/?s={search_term_string}\"},\"query-input\":\"required name=search_term_string\"}],\"inLanguage\":\"es-MX\"},{\"@type\":\"Organization\",\"@id\":\"https:\/\/apprende.jalisco.gob.mx\/formacion-del-caracter\/#organization\",\"name\":\"Formaci\u00f3n del Car\u00e1cter\",\"url\":\"https:\/\/apprende.jalisco.gob.mx\/formacion-del-caracter\/\",\"logo\":{\"@type\":\"ImageObject\",\"inLanguage\":\"es-MX\",\"@id\":\"https:\/\/apprende.jalisco.gob.mx\/formacion-del-caracter\/#\/schema\/logo\/image\/\",\"url\":\"https:\/\/apprende.jalisco.gob.mx\/formacion-del-caracter\/wp-content\/uploads\/sites\/61\/2022\/03\/logo-Educacion2025.png\",\"contentUrl\":\"https:\/\/apprende.jalisco.gob.mx\/formacion-del-caracter\/wp-content\/uploads\/sites\/61\/2022\/03\/logo-Educacion2025.png\",\"width\":427,\"height\":108,\"caption\":\"Formaci\u00f3n del Car\u00e1cter\"},\"image\":{\"@id\":\"https:\/\/apprende.jalisco.gob.mx\/formacion-del-caracter\/#\/schema\/logo\/image\/\"}}]}<\/script>\n<!-- \/ Yoast SEO Premium plugin. -->","yoast_head_json":{"title":"Familias - Formaci\u00f3n del Car\u00e1cter","robots":{"index":"index","follow":"follow","max-snippet":"max-snippet:-1","max-image-preview":"max-image-preview:large","max-video-preview":"max-video-preview:-1"},"canonical":"https:\/\/apprende.jalisco.gob.mx\/formacion-del-caracter\/familias\/","og_locale":"es_MX","og_type":"article","og_title":"Familias","og_description":"La gratitud en casa, siembra felicidad Taller Un encuentro para fortalecer la convivencia familiar desde la gratitud y sembrar bienestar en casa. Descargar Loter\u00eda de las virtudes Loter\u00eda Una experiencia de juego que convierte la convivencia familiar en un espacio para sembrar valores. Descargar La Formaci\u00f3n del Car\u00e1cter en casa Cuadernillo de actividades Un compa\u00f1ero &hellip; Familias Leer m\u00e1s &raquo;","og_url":"https:\/\/apprende.jalisco.gob.mx\/formacion-del-caracter\/familias\/","og_site_name":"Formaci\u00f3n del Car\u00e1cter","article_modified_time":"2025-11-25T17:31:22+00:00","og_image":[{"url":"https:\/\/apprende.jalisco.gob.mx\/formacion-del-caracter\/wp-content\/uploads\/sites\/61\/2025\/10\/FELICIDAD-padres-150x150.png"}],"twitter_card":"summary_large_image","twitter_misc":{"Tiempo de lectura":"2 minutos"},"schema":{"@context":"https:\/\/schema.org","@graph":[{"@type":"WebPage","@id":"https:\/\/apprende.jalisco.gob.mx\/formacion-del-caracter\/familias\/","url":"https:\/\/apprende.jalisco.gob.mx\/formacion-del-caracter\/familias\/","name":"Familias - Formaci\u00f3n del Car\u00e1cter","isPartOf":{"@id":"https:\/\/apprende.jalisco.gob.mx\/formacion-del-caracter\/#website"},"datePublished":"2022-09-05T23:01:28+00:00","dateModified":"2025-11-25T17:31:22+00:00","breadcrumb":{"@id":"https:\/\/apprende.jalisco.gob.mx\/formacion-del-caracter\/familias\/#breadcrumb"},"inLanguage":"es-MX","potentialAction":[{"@type":"ReadAction","target":["https:\/\/apprende.jalisco.gob.mx\/formacion-del-caracter\/familias\/"]}]},{"@type":"BreadcrumbList","@id":"https:\/\/apprende.jalisco.gob.mx\/formacion-del-caracter\/familias\/#breadcrumb","itemListElement":[{"@type":"ListItem","position":1,"name":"Inicio","item":"https:\/\/apprende.jalisco.gob.mx\/formacion-del-caracter\/"},{"@type":"ListItem","position":2,"name":"Familias"}]},{"@type":"WebSite","@id":"https:\/\/apprende.jalisco.gob.mx\/formacion-del-caracter\/#website","url":"https:\/\/apprende.jalisco.gob.mx\/formacion-del-caracter\/","name":"Formaci\u00f3n del Car\u00e1cter","description":"Micrositio","publisher":{"@id":"https:\/\/apprende.jalisco.gob.mx\/formacion-del-caracter\/#organization"},"potentialAction":[{"@type":"SearchAction","target":{"@type":"EntryPoint","urlTemplate":"https:\/\/apprende.jalisco.gob.mx\/formacion-del-caracter\/?s={search_term_string}"},"query-input":"required name=search_term_string"}],"inLanguage":"es-MX"},{"@type":"Organization","@id":"https:\/\/apprende.jalisco.gob.mx\/formacion-del-caracter\/#organization","name":"Formaci\u00f3n del Car\u00e1cter","url":"https:\/\/apprende.jalisco.gob.mx\/formacion-del-caracter\/","logo":{"@type":"ImageObject","inLanguage":"es-MX","@id":"https:\/\/apprende.jalisco.gob.mx\/formacion-del-caracter\/#\/schema\/logo\/image\/","url":"https:\/\/apprende.jalisco.gob.mx\/formacion-del-caracter\/wp-content\/uploads\/sites\/61\/2022\/03\/logo-Educacion2025.png","contentUrl":"https:\/\/apprende.jalisco.gob.mx\/formacion-del-caracter\/wp-content\/uploads\/sites\/61\/2022\/03\/logo-Educacion2025.png","width":427,"height":108,"caption":"Formaci\u00f3n del Car\u00e1cter"},"image":{"@id":"https:\/\/apprende.jalisco.gob.mx\/formacion-del-caracter\/#\/schema\/logo\/image\/"}}]}},"_links":{"self":[{"href":"https:\/\/apprende.jalisco.gob.mx\/formacion-del-caracter\/wp-json\/wp\/v2\/pages\/2934"}],"collection":[{"href":"https:\/\/apprende.jalisco.gob.mx\/formacion-del-caracter\/wp-json\/wp\/v2\/pages"}],"about":[{"href":"https:\/\/apprende.jalisco.gob.mx\/formacion-del-caracter\/wp-json\/wp\/v2\/types\/page"}],"author":[{"embeddable":true,"href":"https:\/\/apprende.jalisco.gob.mx\/formacion-del-caracter\/wp-json\/wp\/v2\/users\/1"}],"replies":[{"embeddable":true,"href":"https:\/\/apprende.jalisco.gob.mx\/formacion-del-caracter\/wp-json\/wp\/v2\/comments?post=2934"}],"version-history":[{"count":59,"href":"https:\/\/apprende.jalisco.gob.mx\/formacion-del-caracter\/wp-json\/wp\/v2\/pages\/2934\/revisions"}],"predecessor-version":[{"id":4444,"href":"https:\/\/apprende.jalisco.gob.mx\/formacion-del-caracter\/wp-json\/wp\/v2\/pages\/2934\/revisions\/4444"}],"wp:attachment":[{"href":"https:\/\/apprende.jalisco.gob.mx\/formacion-del-caracter\/wp-json\/wp\/v2\/media?parent=2934"}],"curies":[{"name":"wp","href":"https:\/\/api.w.org\/{rel}","templated":true}]}}