{"id":3348,"date":"2022-09-27T13:03:54","date_gmt":"2022-09-27T18:03:54","guid":{"rendered":"https:\/\/recrea.jalisco.gob.mx\/programa-escuela-salud\/?page_id=3348"},"modified":"2025-01-28T10:17:55","modified_gmt":"2025-01-28T16:17:55","slug":"servicios-y-apoyos","status":"publish","type":"page","link":"https:\/\/apprende.jalisco.gob.mx\/programa-escuela-salud\/servicios-y-apoyos\/","title":{"rendered":"Servicios y apoyos"},"content":{"rendered":"\t\t<div data-elementor-type=\"wp-page\" data-elementor-id=\"3348\" class=\"elementor elementor-3348\" data-elementor-post-type=\"page\">\n\t\t\t\t\t\t\t\t\t<section class=\"elementor-section elementor-top-section elementor-element elementor-element-90e1ac2 elementor-section-boxed elementor-section-height-default elementor-section-height-default\" data-id=\"90e1ac2\" data-element_type=\"section\" data-settings=\"{&quot;ekit_has_onepagescroll_dot&quot;:&quot;yes&quot;}\">\n\t\t\t\t\t\t<div class=\"elementor-container elementor-column-gap-default\">\n\t\t\t\t\t<div class=\"elementor-column elementor-col-100 elementor-top-column elementor-element elementor-element-e1a6d5c\" data-id=\"e1a6d5c\" data-element_type=\"column\">\n\t\t\t<div class=\"elementor-widget-wrap elementor-element-populated\">\n\t\t\t\t\t\t\t\t<div class=\"elementor-element elementor-element-feb4731 elementor-widget elementor-widget-breadcrumbs\" data-id=\"feb4731\" data-element_type=\"widget\" data-settings=\"{&quot;ekit_we_effect_on&quot;:&quot;none&quot;}\" data-widget_type=\"breadcrumbs.default\">\n\t\t\t\t<div class=\"elementor-widget-container\">\n\t\t\t<div id=\"breadcrumbs\"><span><span><a href=\"https:\/\/apprende.jalisco.gob.mx\/programa-escuela-salud\/\">Inicio<\/a><\/span><\/span><\/div>\t\t<\/div>\n\t\t\t\t<\/div>\n\t\t\t\t\t<\/div>\n\t\t<\/div>\n\t\t\t\t\t\t\t<\/div>\n\t\t<\/section>\n\t\t\t\t<section class=\"elementor-section elementor-top-section elementor-element elementor-element-f598b9d elementor-section-boxed elementor-section-height-default elementor-section-height-default\" data-id=\"f598b9d\" data-element_type=\"section\" data-settings=\"{&quot;ekit_has_onepagescroll_dot&quot;:&quot;yes&quot;}\">\n\t\t\t\t\t\t<div class=\"elementor-container elementor-column-gap-default\">\n\t\t\t\t\t<div class=\"elementor-column elementor-col-100 elementor-top-column elementor-element elementor-element-4e47999\" data-id=\"4e47999\" data-element_type=\"column\">\n\t\t\t<div class=\"elementor-widget-wrap elementor-element-populated\">\n\t\t\t\t\t\t\t\t<div class=\"elementor-element elementor-element-19eac19 elementor-widget elementor-widget-heading\" data-id=\"19eac19\" data-element_type=\"widget\" data-settings=\"{&quot;ekit_we_effect_on&quot;:&quot;none&quot;}\" data-widget_type=\"heading.default\">\n\t\t\t\t<div class=\"elementor-widget-container\">\n\t\t\t<h2 class=\"elementor-heading-title elementor-size-default\">Servicios y apoyos<\/h2>\t\t<\/div>\n\t\t\t\t<\/div>\n\t\t\t\t<section class=\"elementor-section elementor-inner-section elementor-element elementor-element-3a3f935 elementor-section-boxed elementor-section-height-default elementor-section-height-default\" data-id=\"3a3f935\" data-element_type=\"section\" id=\"ajedrez\" data-settings=\"{&quot;ekit_has_onepagescroll_dot&quot;:&quot;yes&quot;}\">\n\t\t\t\t\t\t<div class=\"elementor-container elementor-column-gap-default\">\n\t\t\t\t\t<div class=\"elementor-column elementor-col-100 elementor-inner-column elementor-element elementor-element-53890f7\" data-id=\"53890f7\" data-element_type=\"column\">\n\t\t\t<div class=\"elementor-widget-wrap elementor-element-populated\">\n\t\t\t\t\t\t\t\t<div class=\"elementor-element elementor-element-1991e74 elementor-widget elementor-widget-text-editor\" data-id=\"1991e74\" data-element_type=\"widget\" data-settings=\"{&quot;ekit_we_effect_on&quot;:&quot;none&quot;}\" data-widget_type=\"text-editor.default\">\n\t\t\t\t<div class=\"elementor-widget-container\">\n\t\t\t\t\t\t\t<ul><li><section class=\"elementor-section elementor-top-section elementor-element elementor-element-229765c elementor-section-boxed elementor-section-height-default elementor-section-height-default\" data-id=\"229765c\" data-element_type=\"section\"><div class=\"elementor-container elementor-column-gap-default\"><div class=\"elementor-column elementor-col-100 elementor-top-column elementor-element elementor-element-fe84e26\" data-id=\"fe84e26\" data-element_type=\"column\"><div class=\"elementor-widget-wrap elementor-element-populated\"><div class=\"elementor-element elementor-element-97bb329 elementor-widget elementor-widget-heading\" data-id=\"97bb329\" data-element_type=\"widget\" data-widget_type=\"heading.default\"><div class=\"elementor-widget-container\"><h2 class=\"elementor-heading-title elementor-size-small\">Determinantes de la Salud<\/h2><\/div><\/div><\/div><\/div><\/div><\/section><section class=\"elementor-section elementor-top-section elementor-element elementor-element-c4cb261 elementor-section-boxed elementor-section-height-default elementor-section-height-default\" data-id=\"c4cb261\" data-element_type=\"section\"><div class=\"elementor-container elementor-column-gap-default\"><div class=\"elementor-column elementor-col-100 elementor-top-column elementor-element elementor-element-ad16afe\" data-id=\"ad16afe\" data-element_type=\"column\"><div class=\"elementor-widget-wrap elementor-element-populated\"><div class=\"elementor-element elementor-element-dd4ec96 elementor-widget elementor-widget-text-editor\" data-id=\"dd4ec96\" data-element_type=\"widget\" data-widget_type=\"text-editor.default\"><div class=\"elementor-widget-container\"><p><strong>Apoyos que se brindan:<\/strong><\/p><ol><li>Higiene Personal, Salud Buco dental y Salud Visual<\/li><li>Alimentaci\u00f3n y activaci\u00f3n f\u00edsica<\/li><li>Prevenci\u00f3n de riesgos psicosociales <br \/>a) Prevenci\u00f3n de las adicciones <br \/>b) Prevenci\u00f3n de la violencia<\/li><li>Educaci\u00f3n Integral de la Sexualidad<\/li><li>Salud Mental<\/li><li>Prevenci\u00f3n de enfermedades estacionales<\/li><\/ol><\/div><\/div><\/div><\/div><\/div><\/section><\/li><\/ul>\t\t\t\t\t\t<\/div>\n\t\t\t\t<\/div>\n\t\t\t\t\t<\/div>\n\t\t<\/div>\n\t\t\t\t\t\t\t<\/div>\n\t\t<\/section>\n\t\t\t\t\t<\/div>\n\t\t<\/div>\n\t\t\t\t\t\t\t<\/div>\n\t\t<\/section>\n\t\t\t\t\t\t\t<\/div>\n\t\t","protected":false},"excerpt":{"rendered":"<p>Determinantes de la Salud Apoyos que se brindan: Higiene Personal, Salud Buco dental y Salud Visual Alimentaci\u00f3n y activaci\u00f3n f\u00edsica Prevenci\u00f3n de riesgos psicosociales a) Prevenci\u00f3n de las adicciones b) Prevenci\u00f3n de la violencia Educaci\u00f3n Integral de la Sexualidad Salud Mental Prevenci\u00f3n de enfermedades estacionales<\/p>\n","protected":false},"author":1,"featured_media":0,"parent":0,"menu_order":0,"comment_status":"closed","ping_status":"closed","template":"","meta":{"_monsterinsights_skip_tracking":false,"_monsterinsights_sitenote_active":false,"_monsterinsights_sitenote_note":"","_monsterinsights_sitenote_category":0,"site-sidebar-layout":"no-sidebar","site-content-layout":"page-builder","ast-site-content-layout":"","site-content-style":"default","site-sidebar-style":"default","ast-global-header-display":"","ast-banner-title-visibility":"","ast-main-header-display":"","ast-hfb-above-header-display":"","ast-hfb-below-header-display":"","ast-hfb-mobile-header-display":"","site-post-title":"disabled","ast-breadcrumbs-content":"","ast-featured-img":"disabled","footer-sml-layout":"","theme-transparent-header-meta":"","adv-header-id-meta":"","stick-header-meta":"","header-above-stick-meta":"","header-main-stick-meta":"","header-below-stick-meta":"","astra-migrate-meta-layouts":"","ep_exclude_from_search":false,"footnotes":""},"acf":[],"yoast_head":"<!-- This site is optimized with the Yoast SEO Premium plugin v17.7 (Yoast SEO v21.0) - https:\/\/yoast.com\/wordpress\/plugins\/seo\/ -->\n<title>Servicios y apoyos - Programa Escuela Salud<\/title>\n<meta name=\"robots\" content=\"index, follow, max-snippet:-1, max-image-preview:large, max-video-preview:-1\" \/>\n<link rel=\"canonical\" href=\"https:\/\/apprende.jalisco.gob.mx\/programa-escuela-salud\/servicios-y-apoyos\/\" \/>\n<meta property=\"og:locale\" content=\"es_MX\" \/>\n<meta property=\"og:type\" content=\"article\" \/>\n<meta property=\"og:title\" content=\"Servicios y apoyos\" \/>\n<meta property=\"og:description\" content=\"Determinantes de la Salud Apoyos que se brindan: Higiene Personal, Salud Buco dental y Salud Visual Alimentaci\u00f3n y activaci\u00f3n f\u00edsica Prevenci\u00f3n de riesgos psicosociales a) Prevenci\u00f3n de las adicciones b) Prevenci\u00f3n de la violencia Educaci\u00f3n Integral de la Sexualidad Salud Mental Prevenci\u00f3n de enfermedades estacionales\" \/>\n<meta property=\"og:url\" content=\"https:\/\/apprende.jalisco.gob.mx\/programa-escuela-salud\/servicios-y-apoyos\/\" \/>\n<meta property=\"og:site_name\" content=\"Programa Escuela Salud\" \/>\n<meta property=\"article:modified_time\" content=\"2025-01-28T16:17:55+00:00\" \/>\n<meta name=\"twitter:card\" content=\"summary_large_image\" \/>\n<meta name=\"twitter:label1\" content=\"Tiempo de lectura\" \/>\n\t<meta name=\"twitter:data1\" content=\"1 minuto\" \/>\n<script type=\"application\/ld+json\" class=\"yoast-schema-graph\">{\"@context\":\"https:\/\/schema.org\",\"@graph\":[{\"@type\":\"WebPage\",\"@id\":\"https:\/\/apprende.jalisco.gob.mx\/programa-escuela-salud\/servicios-y-apoyos\/\",\"url\":\"https:\/\/apprende.jalisco.gob.mx\/programa-escuela-salud\/servicios-y-apoyos\/\",\"name\":\"Servicios y apoyos - Programa Escuela Salud\",\"isPartOf\":{\"@id\":\"https:\/\/apprende.jalisco.gob.mx\/programa-escuela-salud\/#website\"},\"datePublished\":\"2022-09-27T18:03:54+00:00\",\"dateModified\":\"2025-01-28T16:17:55+00:00\",\"breadcrumb\":{\"@id\":\"https:\/\/apprende.jalisco.gob.mx\/programa-escuela-salud\/servicios-y-apoyos\/#breadcrumb\"},\"inLanguage\":\"es-MX\",\"potentialAction\":[{\"@type\":\"ReadAction\",\"target\":[\"https:\/\/apprende.jalisco.gob.mx\/programa-escuela-salud\/servicios-y-apoyos\/\"]}]},{\"@type\":\"BreadcrumbList\",\"@id\":\"https:\/\/apprende.jalisco.gob.mx\/programa-escuela-salud\/servicios-y-apoyos\/#breadcrumb\",\"itemListElement\":[{\"@type\":\"ListItem\",\"position\":1,\"name\":\"Inicio\",\"item\":\"https:\/\/apprende.jalisco.gob.mx\/programa-escuela-salud\/\"},{\"@type\":\"ListItem\",\"position\":2,\"name\":\"Servicios y apoyos\"}]},{\"@type\":\"WebSite\",\"@id\":\"https:\/\/apprende.jalisco.gob.mx\/programa-escuela-salud\/#website\",\"url\":\"https:\/\/apprende.jalisco.gob.mx\/programa-escuela-salud\/\",\"name\":\"Programa Escuela Salud\",\"description\":\"Micrositio\",\"publisher\":{\"@id\":\"https:\/\/apprende.jalisco.gob.mx\/programa-escuela-salud\/#organization\"},\"potentialAction\":[{\"@type\":\"SearchAction\",\"target\":{\"@type\":\"EntryPoint\",\"urlTemplate\":\"https:\/\/apprende.jalisco.gob.mx\/programa-escuela-salud\/?s={search_term_string}\"},\"query-input\":\"required name=search_term_string\"}],\"inLanguage\":\"es-MX\"},{\"@type\":\"Organization\",\"@id\":\"https:\/\/apprende.jalisco.gob.mx\/programa-escuela-salud\/#organization\",\"name\":\"Programa Escuela Salud\",\"url\":\"https:\/\/apprende.jalisco.gob.mx\/programa-escuela-salud\/\",\"logo\":{\"@type\":\"ImageObject\",\"inLanguage\":\"es-MX\",\"@id\":\"https:\/\/apprende.jalisco.gob.mx\/programa-escuela-salud\/#\/schema\/logo\/image\/\",\"url\":\"https:\/\/apprende.jalisco.gob.mx\/programa-escuela-salud\/wp-content\/uploads\/sites\/24\/2022\/03\/logo-Educacion2025.png\",\"contentUrl\":\"https:\/\/apprende.jalisco.gob.mx\/programa-escuela-salud\/wp-content\/uploads\/sites\/24\/2022\/03\/logo-Educacion2025.png\",\"width\":427,\"height\":108,\"caption\":\"Programa Escuela Salud\"},\"image\":{\"@id\":\"https:\/\/apprende.jalisco.gob.mx\/programa-escuela-salud\/#\/schema\/logo\/image\/\"}}]}<\/script>\n<!-- \/ Yoast SEO Premium plugin. -->","yoast_head_json":{"title":"Servicios y apoyos - Programa Escuela Salud","robots":{"index":"index","follow":"follow","max-snippet":"max-snippet:-1","max-image-preview":"max-image-preview:large","max-video-preview":"max-video-preview:-1"},"canonical":"https:\/\/apprende.jalisco.gob.mx\/programa-escuela-salud\/servicios-y-apoyos\/","og_locale":"es_MX","og_type":"article","og_title":"Servicios y apoyos","og_description":"Determinantes de la Salud Apoyos que se brindan: Higiene Personal, Salud Buco dental y Salud Visual Alimentaci\u00f3n y activaci\u00f3n f\u00edsica Prevenci\u00f3n de riesgos psicosociales a) Prevenci\u00f3n de las adicciones b) Prevenci\u00f3n de la violencia Educaci\u00f3n Integral de la Sexualidad Salud Mental Prevenci\u00f3n de enfermedades estacionales","og_url":"https:\/\/apprende.jalisco.gob.mx\/programa-escuela-salud\/servicios-y-apoyos\/","og_site_name":"Programa Escuela Salud","article_modified_time":"2025-01-28T16:17:55+00:00","twitter_card":"summary_large_image","twitter_misc":{"Tiempo de lectura":"1 minuto"},"schema":{"@context":"https:\/\/schema.org","@graph":[{"@type":"WebPage","@id":"https:\/\/apprende.jalisco.gob.mx\/programa-escuela-salud\/servicios-y-apoyos\/","url":"https:\/\/apprende.jalisco.gob.mx\/programa-escuela-salud\/servicios-y-apoyos\/","name":"Servicios y apoyos - Programa Escuela Salud","isPartOf":{"@id":"https:\/\/apprende.jalisco.gob.mx\/programa-escuela-salud\/#website"},"datePublished":"2022-09-27T18:03:54+00:00","dateModified":"2025-01-28T16:17:55+00:00","breadcrumb":{"@id":"https:\/\/apprende.jalisco.gob.mx\/programa-escuela-salud\/servicios-y-apoyos\/#breadcrumb"},"inLanguage":"es-MX","potentialAction":[{"@type":"ReadAction","target":["https:\/\/apprende.jalisco.gob.mx\/programa-escuela-salud\/servicios-y-apoyos\/"]}]},{"@type":"BreadcrumbList","@id":"https:\/\/apprende.jalisco.gob.mx\/programa-escuela-salud\/servicios-y-apoyos\/#breadcrumb","itemListElement":[{"@type":"ListItem","position":1,"name":"Inicio","item":"https:\/\/apprende.jalisco.gob.mx\/programa-escuela-salud\/"},{"@type":"ListItem","position":2,"name":"Servicios y apoyos"}]},{"@type":"WebSite","@id":"https:\/\/apprende.jalisco.gob.mx\/programa-escuela-salud\/#website","url":"https:\/\/apprende.jalisco.gob.mx\/programa-escuela-salud\/","name":"Programa Escuela Salud","description":"Micrositio","publisher":{"@id":"https:\/\/apprende.jalisco.gob.mx\/programa-escuela-salud\/#organization"},"potentialAction":[{"@type":"SearchAction","target":{"@type":"EntryPoint","urlTemplate":"https:\/\/apprende.jalisco.gob.mx\/programa-escuela-salud\/?s={search_term_string}"},"query-input":"required name=search_term_string"}],"inLanguage":"es-MX"},{"@type":"Organization","@id":"https:\/\/apprende.jalisco.gob.mx\/programa-escuela-salud\/#organization","name":"Programa Escuela Salud","url":"https:\/\/apprende.jalisco.gob.mx\/programa-escuela-salud\/","logo":{"@type":"ImageObject","inLanguage":"es-MX","@id":"https:\/\/apprende.jalisco.gob.mx\/programa-escuela-salud\/#\/schema\/logo\/image\/","url":"https:\/\/apprende.jalisco.gob.mx\/programa-escuela-salud\/wp-content\/uploads\/sites\/24\/2022\/03\/logo-Educacion2025.png","contentUrl":"https:\/\/apprende.jalisco.gob.mx\/programa-escuela-salud\/wp-content\/uploads\/sites\/24\/2022\/03\/logo-Educacion2025.png","width":427,"height":108,"caption":"Programa Escuela Salud"},"image":{"@id":"https:\/\/apprende.jalisco.gob.mx\/programa-escuela-salud\/#\/schema\/logo\/image\/"}}]}},"_links":{"self":[{"href":"https:\/\/apprende.jalisco.gob.mx\/programa-escuela-salud\/wp-json\/wp\/v2\/pages\/3348"}],"collection":[{"href":"https:\/\/apprende.jalisco.gob.mx\/programa-escuela-salud\/wp-json\/wp\/v2\/pages"}],"about":[{"href":"https:\/\/apprende.jalisco.gob.mx\/programa-escuela-salud\/wp-json\/wp\/v2\/types\/page"}],"author":[{"embeddable":true,"href":"https:\/\/apprende.jalisco.gob.mx\/programa-escuela-salud\/wp-json\/wp\/v2\/users\/1"}],"replies":[{"embeddable":true,"href":"https:\/\/apprende.jalisco.gob.mx\/programa-escuela-salud\/wp-json\/wp\/v2\/comments?post=3348"}],"version-history":[{"count":34,"href":"https:\/\/apprende.jalisco.gob.mx\/programa-escuela-salud\/wp-json\/wp\/v2\/pages\/3348\/revisions"}],"predecessor-version":[{"id":3594,"href":"https:\/\/apprende.jalisco.gob.mx\/programa-escuela-salud\/wp-json\/wp\/v2\/pages\/3348\/revisions\/3594"}],"wp:attachment":[{"href":"https:\/\/apprende.jalisco.gob.mx\/programa-escuela-salud\/wp-json\/wp\/v2\/media?parent=3348"}],"curies":[{"name":"wp","href":"https:\/\/api.w.org\/{rel}","templated":true}]}}