{"id":3449,"date":"2022-09-27T22:36:55","date_gmt":"2022-09-28T03:36:55","guid":{"rendered":"https:\/\/recrea.jalisco.gob.mx\/programa-escuela-salud\/?page_id=3449"},"modified":"2025-01-28T10:44:19","modified_gmt":"2025-01-28T16:44:19","slug":"tramites-salud","status":"publish","type":"page","link":"https:\/\/apprende.jalisco.gob.mx\/programa-escuela-salud\/tramites-salud\/","title":{"rendered":"Tr\u00e1mites"},"content":{"rendered":"\t\t<div data-elementor-type=\"wp-page\" data-elementor-id=\"3449\" class=\"elementor elementor-3449\" data-elementor-post-type=\"page\">\n\t\t\t\t\t\t\t\t\t<section class=\"elementor-section elementor-top-section elementor-element elementor-element-90e1ac2 elementor-section-boxed elementor-section-height-default elementor-section-height-default\" data-id=\"90e1ac2\" data-element_type=\"section\" data-settings=\"{&quot;ekit_has_onepagescroll_dot&quot;:&quot;yes&quot;}\">\n\t\t\t\t\t\t<div class=\"elementor-container elementor-column-gap-default\">\n\t\t\t\t\t<div class=\"elementor-column elementor-col-100 elementor-top-column elementor-element elementor-element-e1a6d5c\" data-id=\"e1a6d5c\" data-element_type=\"column\">\n\t\t\t<div class=\"elementor-widget-wrap elementor-element-populated\">\n\t\t\t\t\t\t\t\t<div class=\"elementor-element elementor-element-feb4731 elementor-widget elementor-widget-breadcrumbs\" data-id=\"feb4731\" data-element_type=\"widget\" data-settings=\"{&quot;ekit_we_effect_on&quot;:&quot;none&quot;}\" data-widget_type=\"breadcrumbs.default\">\n\t\t\t\t<div class=\"elementor-widget-container\">\n\t\t\t<div id=\"breadcrumbs\"><span><span><a href=\"https:\/\/apprende.jalisco.gob.mx\/programa-escuela-salud\/\">Inicio<\/a><\/span><\/span><\/div>\t\t<\/div>\n\t\t\t\t<\/div>\n\t\t\t\t\t<\/div>\n\t\t<\/div>\n\t\t\t\t\t\t\t<\/div>\n\t\t<\/section>\n\t\t\t\t<section class=\"elementor-section elementor-top-section elementor-element elementor-element-f598b9d elementor-section-boxed elementor-section-height-default elementor-section-height-default\" data-id=\"f598b9d\" data-element_type=\"section\" data-settings=\"{&quot;ekit_has_onepagescroll_dot&quot;:&quot;yes&quot;}\">\n\t\t\t\t\t\t<div class=\"elementor-container elementor-column-gap-default\">\n\t\t\t\t\t<div class=\"elementor-column elementor-col-100 elementor-top-column elementor-element elementor-element-4e47999\" data-id=\"4e47999\" data-element_type=\"column\">\n\t\t\t<div class=\"elementor-widget-wrap elementor-element-populated\">\n\t\t\t\t\t\t\t\t<div class=\"elementor-element elementor-element-19eac19 elementor-widget elementor-widget-heading\" data-id=\"19eac19\" data-element_type=\"widget\" data-settings=\"{&quot;ekit_we_effect_on&quot;:&quot;none&quot;}\" data-widget_type=\"heading.default\">\n\t\t\t\t<div class=\"elementor-widget-container\">\n\t\t\t<h2 class=\"elementor-heading-title elementor-size-default\">Tr\u00e1mites<\/h2>\t\t<\/div>\n\t\t\t\t<\/div>\n\t\t\t\t<section class=\"elementor-section elementor-inner-section elementor-element elementor-element-3a3f935 elementor-section-boxed elementor-section-height-default elementor-section-height-default\" data-id=\"3a3f935\" data-element_type=\"section\" id=\"ajedrez\" data-settings=\"{&quot;ekit_has_onepagescroll_dot&quot;:&quot;yes&quot;}\">\n\t\t\t\t\t\t<div class=\"elementor-container elementor-column-gap-default\">\n\t\t\t\t\t<div class=\"elementor-column elementor-col-100 elementor-inner-column elementor-element elementor-element-53890f7\" data-id=\"53890f7\" data-element_type=\"column\">\n\t\t\t<div class=\"elementor-widget-wrap elementor-element-populated\">\n\t\t\t\t\t\t\t\t<div class=\"elementor-element elementor-element-1991e74 elementor-widget elementor-widget-text-editor\" data-id=\"1991e74\" data-element_type=\"widget\" data-settings=\"{&quot;ekit_we_effect_on&quot;:&quot;none&quot;}\" data-widget_type=\"text-editor.default\">\n\t\t\t\t<div class=\"elementor-widget-container\">\n\t\t\t\t\t\t\t<p><strong>Requisitos de inscripci\u00f3n<\/strong><\/p><p>1. Realizar solicitud del servicio mediante oficio dirigido a la Direcci\u00f3n de Programas Compensatorios y de Apoyo, a trav\u00e9s del correo escuelaysalud.sej@jalisco.gob.mx o mediante la siguiente liga: <a href=\"https:\/\/n9.cl\/327bw\">https:\/\/n9.cl\/327bw<\/a><br \/>2. Que el plantel educativo solicitante, cuente con un espacio donde se pueda prestar el servicio, haci\u00e9ndose responsable de la convocatoria de los beneficiarios, as\u00ed como de su conducta y comportamiento.<br \/>3. Al finalizar la visita el solicitante deber\u00e1 llenar un formato de evaluaci\u00f3n de calidad del Programa, en la pagina: Web Evaluaci\u00f3n Programa Escuela y Salud<br \/><a href=\"https:\/\/docs.google.com\/forms\/d\/e\/1FAIpQLSc5gjRYknBfCF6px7eZr1XOBG9vc5NNNZIBG-tI2pUxRDm4zQ\/viewform\">https:\/\/docs.google.com\/forms\/d\/e\/1FAIpQLSc5gjRYknBfCF6px7eZr1XOBG9vc5NNNZIBG-tI2pUxRDm4zQ\/viewform<\/a><\/p><p><strong>Fechas de inscripci\u00f3n<br \/><\/strong>Durante el ciclo escolar vigente.<\/p><p><strong>Poblaci\u00f3n Objetivo<\/strong><br \/>Comunidad educativa de las escuelas p\u00fablicas de Educaci\u00f3n B\u00e1sica en todos sus niveles (preescolar, primaria y secundaria) y servicios educativos: inicial, especial, multigrado, ind\u00edgena, migrante y telesecundaria y Media Superior en el Estado de Jalisco. Tendr\u00e1n prioridad las escuelas ubicadas en localidades de alta y muy alta vulnerabilidad conforme al \u00edndice determinado por el CONAPO y se atender\u00e1 a alumnos de Educaci\u00f3n B\u00e1sica y Media Superior<\/p>\t\t\t\t\t\t<\/div>\n\t\t\t\t<\/div>\n\t\t\t\t\t<\/div>\n\t\t<\/div>\n\t\t\t\t\t\t\t<\/div>\n\t\t<\/section>\n\t\t\t\t\t<\/div>\n\t\t<\/div>\n\t\t\t\t\t\t\t<\/div>\n\t\t<\/section>\n\t\t\t\t\t\t\t<\/div>\n\t\t","protected":false},"excerpt":{"rendered":"<p>Requisitos de inscripci\u00f3n 1. Realizar solicitud del servicio mediante oficio dirigido a la Direcci\u00f3n de Programas Compensatorios y de Apoyo, a trav\u00e9s del correo escuelaysalud.sej@jalisco.gob.mx o mediante la siguiente liga: https:\/\/n9.cl\/327bw2. Que el plantel educativo solicitante, cuente con un espacio donde se pueda prestar el servicio, haci\u00e9ndose responsable de la convocatoria de los beneficiarios, as\u00ed &hellip;<\/p>\n<p class=\"read-more\"> <a class=\"\" href=\"https:\/\/apprende.jalisco.gob.mx\/programa-escuela-salud\/tramites-salud\/\"> <span class=\"screen-reader-text\">Tr\u00e1mites<\/span> Leer m\u00e1s &raquo;<\/a><\/p>\n","protected":false},"author":1,"featured_media":0,"parent":0,"menu_order":0,"comment_status":"closed","ping_status":"closed","template":"","meta":{"_monsterinsights_skip_tracking":false,"_monsterinsights_sitenote_active":false,"_monsterinsights_sitenote_note":"","_monsterinsights_sitenote_category":0,"site-sidebar-layout":"no-sidebar","site-content-layout":"page-builder","ast-site-content-layout":"","site-content-style":"default","site-sidebar-style":"default","ast-global-header-display":"","ast-banner-title-visibility":"","ast-main-header-display":"","ast-hfb-above-header-display":"","ast-hfb-below-header-display":"","ast-hfb-mobile-header-display":"","site-post-title":"disabled","ast-breadcrumbs-content":"","ast-featured-img":"disabled","footer-sml-layout":"","theme-transparent-header-meta":"","adv-header-id-meta":"","stick-header-meta":"","header-above-stick-meta":"","header-main-stick-meta":"","header-below-stick-meta":"","astra-migrate-meta-layouts":"","ep_exclude_from_search":false,"footnotes":""},"acf":[],"yoast_head":"<!-- This site is optimized with the Yoast SEO Premium plugin v17.7 (Yoast SEO v21.0) - https:\/\/yoast.com\/wordpress\/plugins\/seo\/ -->\n<title>Tr\u00e1mites - Programa Escuela Salud<\/title>\n<meta name=\"robots\" content=\"index, follow, max-snippet:-1, max-image-preview:large, max-video-preview:-1\" \/>\n<link rel=\"canonical\" href=\"https:\/\/apprende.jalisco.gob.mx\/programa-escuela-salud\/tramites-salud\/\" \/>\n<meta property=\"og:locale\" content=\"es_MX\" \/>\n<meta property=\"og:type\" content=\"article\" \/>\n<meta property=\"og:title\" content=\"Tr\u00e1mites\" \/>\n<meta property=\"og:description\" content=\"Requisitos de inscripci\u00f3n 1. Realizar solicitud del servicio mediante oficio dirigido a la Direcci\u00f3n de Programas Compensatorios y de Apoyo, a trav\u00e9s del correo escuelaysalud.sej@jalisco.gob.mx o mediante la siguiente liga: https:\/\/n9.cl\/327bw2. Que el plantel educativo solicitante, cuente con un espacio donde se pueda prestar el servicio, haci\u00e9ndose responsable de la convocatoria de los beneficiarios, as\u00ed &hellip; Tr\u00e1mites Leer m\u00e1s &raquo;\" \/>\n<meta property=\"og:url\" content=\"https:\/\/apprende.jalisco.gob.mx\/programa-escuela-salud\/tramites-salud\/\" \/>\n<meta property=\"og:site_name\" content=\"Programa Escuela Salud\" \/>\n<meta property=\"article:modified_time\" content=\"2025-01-28T16:44:19+00:00\" \/>\n<meta name=\"twitter:card\" content=\"summary_large_image\" \/>\n<meta name=\"twitter:label1\" content=\"Tiempo de lectura\" \/>\n\t<meta name=\"twitter:data1\" content=\"1 minuto\" \/>\n<script type=\"application\/ld+json\" class=\"yoast-schema-graph\">{\"@context\":\"https:\/\/schema.org\",\"@graph\":[{\"@type\":\"WebPage\",\"@id\":\"https:\/\/apprende.jalisco.gob.mx\/programa-escuela-salud\/tramites-salud\/\",\"url\":\"https:\/\/apprende.jalisco.gob.mx\/programa-escuela-salud\/tramites-salud\/\",\"name\":\"Tr\u00e1mites - Programa Escuela Salud\",\"isPartOf\":{\"@id\":\"https:\/\/apprende.jalisco.gob.mx\/programa-escuela-salud\/#website\"},\"datePublished\":\"2022-09-28T03:36:55+00:00\",\"dateModified\":\"2025-01-28T16:44:19+00:00\",\"breadcrumb\":{\"@id\":\"https:\/\/apprende.jalisco.gob.mx\/programa-escuela-salud\/tramites-salud\/#breadcrumb\"},\"inLanguage\":\"es-MX\",\"potentialAction\":[{\"@type\":\"ReadAction\",\"target\":[\"https:\/\/apprende.jalisco.gob.mx\/programa-escuela-salud\/tramites-salud\/\"]}]},{\"@type\":\"BreadcrumbList\",\"@id\":\"https:\/\/apprende.jalisco.gob.mx\/programa-escuela-salud\/tramites-salud\/#breadcrumb\",\"itemListElement\":[{\"@type\":\"ListItem\",\"position\":1,\"name\":\"Inicio\",\"item\":\"https:\/\/apprende.jalisco.gob.mx\/programa-escuela-salud\/\"},{\"@type\":\"ListItem\",\"position\":2,\"name\":\"Tr\u00e1mites\"}]},{\"@type\":\"WebSite\",\"@id\":\"https:\/\/apprende.jalisco.gob.mx\/programa-escuela-salud\/#website\",\"url\":\"https:\/\/apprende.jalisco.gob.mx\/programa-escuela-salud\/\",\"name\":\"Programa Escuela Salud\",\"description\":\"Micrositio\",\"publisher\":{\"@id\":\"https:\/\/apprende.jalisco.gob.mx\/programa-escuela-salud\/#organization\"},\"potentialAction\":[{\"@type\":\"SearchAction\",\"target\":{\"@type\":\"EntryPoint\",\"urlTemplate\":\"https:\/\/apprende.jalisco.gob.mx\/programa-escuela-salud\/?s={search_term_string}\"},\"query-input\":\"required name=search_term_string\"}],\"inLanguage\":\"es-MX\"},{\"@type\":\"Organization\",\"@id\":\"https:\/\/apprende.jalisco.gob.mx\/programa-escuela-salud\/#organization\",\"name\":\"Programa Escuela Salud\",\"url\":\"https:\/\/apprende.jalisco.gob.mx\/programa-escuela-salud\/\",\"logo\":{\"@type\":\"ImageObject\",\"inLanguage\":\"es-MX\",\"@id\":\"https:\/\/apprende.jalisco.gob.mx\/programa-escuela-salud\/#\/schema\/logo\/image\/\",\"url\":\"https:\/\/apprende.jalisco.gob.mx\/programa-escuela-salud\/wp-content\/uploads\/sites\/24\/2022\/03\/logo-Educacion2025.png\",\"contentUrl\":\"https:\/\/apprende.jalisco.gob.mx\/programa-escuela-salud\/wp-content\/uploads\/sites\/24\/2022\/03\/logo-Educacion2025.png\",\"width\":427,\"height\":108,\"caption\":\"Programa Escuela Salud\"},\"image\":{\"@id\":\"https:\/\/apprende.jalisco.gob.mx\/programa-escuela-salud\/#\/schema\/logo\/image\/\"}}]}<\/script>\n<!-- \/ Yoast SEO Premium plugin. -->","yoast_head_json":{"title":"Tr\u00e1mites - Programa Escuela Salud","robots":{"index":"index","follow":"follow","max-snippet":"max-snippet:-1","max-image-preview":"max-image-preview:large","max-video-preview":"max-video-preview:-1"},"canonical":"https:\/\/apprende.jalisco.gob.mx\/programa-escuela-salud\/tramites-salud\/","og_locale":"es_MX","og_type":"article","og_title":"Tr\u00e1mites","og_description":"Requisitos de inscripci\u00f3n 1. Realizar solicitud del servicio mediante oficio dirigido a la Direcci\u00f3n de Programas Compensatorios y de Apoyo, a trav\u00e9s del correo escuelaysalud.sej@jalisco.gob.mx o mediante la siguiente liga: https:\/\/n9.cl\/327bw2. Que el plantel educativo solicitante, cuente con un espacio donde se pueda prestar el servicio, haci\u00e9ndose responsable de la convocatoria de los beneficiarios, as\u00ed &hellip; Tr\u00e1mites Leer m\u00e1s &raquo;","og_url":"https:\/\/apprende.jalisco.gob.mx\/programa-escuela-salud\/tramites-salud\/","og_site_name":"Programa Escuela Salud","article_modified_time":"2025-01-28T16:44:19+00:00","twitter_card":"summary_large_image","twitter_misc":{"Tiempo de lectura":"1 minuto"},"schema":{"@context":"https:\/\/schema.org","@graph":[{"@type":"WebPage","@id":"https:\/\/apprende.jalisco.gob.mx\/programa-escuela-salud\/tramites-salud\/","url":"https:\/\/apprende.jalisco.gob.mx\/programa-escuela-salud\/tramites-salud\/","name":"Tr\u00e1mites - Programa Escuela Salud","isPartOf":{"@id":"https:\/\/apprende.jalisco.gob.mx\/programa-escuela-salud\/#website"},"datePublished":"2022-09-28T03:36:55+00:00","dateModified":"2025-01-28T16:44:19+00:00","breadcrumb":{"@id":"https:\/\/apprende.jalisco.gob.mx\/programa-escuela-salud\/tramites-salud\/#breadcrumb"},"inLanguage":"es-MX","potentialAction":[{"@type":"ReadAction","target":["https:\/\/apprende.jalisco.gob.mx\/programa-escuela-salud\/tramites-salud\/"]}]},{"@type":"BreadcrumbList","@id":"https:\/\/apprende.jalisco.gob.mx\/programa-escuela-salud\/tramites-salud\/#breadcrumb","itemListElement":[{"@type":"ListItem","position":1,"name":"Inicio","item":"https:\/\/apprende.jalisco.gob.mx\/programa-escuela-salud\/"},{"@type":"ListItem","position":2,"name":"Tr\u00e1mites"}]},{"@type":"WebSite","@id":"https:\/\/apprende.jalisco.gob.mx\/programa-escuela-salud\/#website","url":"https:\/\/apprende.jalisco.gob.mx\/programa-escuela-salud\/","name":"Programa Escuela Salud","description":"Micrositio","publisher":{"@id":"https:\/\/apprende.jalisco.gob.mx\/programa-escuela-salud\/#organization"},"potentialAction":[{"@type":"SearchAction","target":{"@type":"EntryPoint","urlTemplate":"https:\/\/apprende.jalisco.gob.mx\/programa-escuela-salud\/?s={search_term_string}"},"query-input":"required name=search_term_string"}],"inLanguage":"es-MX"},{"@type":"Organization","@id":"https:\/\/apprende.jalisco.gob.mx\/programa-escuela-salud\/#organization","name":"Programa Escuela Salud","url":"https:\/\/apprende.jalisco.gob.mx\/programa-escuela-salud\/","logo":{"@type":"ImageObject","inLanguage":"es-MX","@id":"https:\/\/apprende.jalisco.gob.mx\/programa-escuela-salud\/#\/schema\/logo\/image\/","url":"https:\/\/apprende.jalisco.gob.mx\/programa-escuela-salud\/wp-content\/uploads\/sites\/24\/2022\/03\/logo-Educacion2025.png","contentUrl":"https:\/\/apprende.jalisco.gob.mx\/programa-escuela-salud\/wp-content\/uploads\/sites\/24\/2022\/03\/logo-Educacion2025.png","width":427,"height":108,"caption":"Programa Escuela Salud"},"image":{"@id":"https:\/\/apprende.jalisco.gob.mx\/programa-escuela-salud\/#\/schema\/logo\/image\/"}}]}},"_links":{"self":[{"href":"https:\/\/apprende.jalisco.gob.mx\/programa-escuela-salud\/wp-json\/wp\/v2\/pages\/3449"}],"collection":[{"href":"https:\/\/apprende.jalisco.gob.mx\/programa-escuela-salud\/wp-json\/wp\/v2\/pages"}],"about":[{"href":"https:\/\/apprende.jalisco.gob.mx\/programa-escuela-salud\/wp-json\/wp\/v2\/types\/page"}],"author":[{"embeddable":true,"href":"https:\/\/apprende.jalisco.gob.mx\/programa-escuela-salud\/wp-json\/wp\/v2\/users\/1"}],"replies":[{"embeddable":true,"href":"https:\/\/apprende.jalisco.gob.mx\/programa-escuela-salud\/wp-json\/wp\/v2\/comments?post=3449"}],"version-history":[{"count":10,"href":"https:\/\/apprende.jalisco.gob.mx\/programa-escuela-salud\/wp-json\/wp\/v2\/pages\/3449\/revisions"}],"predecessor-version":[{"id":3601,"href":"https:\/\/apprende.jalisco.gob.mx\/programa-escuela-salud\/wp-json\/wp\/v2\/pages\/3449\/revisions\/3601"}],"wp:attachment":[{"href":"https:\/\/apprende.jalisco.gob.mx\/programa-escuela-salud\/wp-json\/wp\/v2\/media?parent=3449"}],"curies":[{"name":"wp","href":"https:\/\/api.w.org\/{rel}","templated":true}]}}