{"id":2832,"date":"2022-09-03T21:28:43","date_gmt":"2022-09-04T02:28:43","guid":{"rendered":"https:\/\/recrea.jalisco.gob.mx\/programa-turismo-escolar\/?page_id=2832"},"modified":"2025-01-29T12:39:10","modified_gmt":"2025-01-29T18:39:10","slug":"registro","status":"publish","type":"page","link":"https:\/\/apprende.jalisco.gob.mx\/programa-turismo-escolar\/registro\/","title":{"rendered":"Registro"},"content":{"rendered":"\t\t<div data-elementor-type=\"wp-page\" data-elementor-id=\"2832\" class=\"elementor elementor-2832\" data-elementor-post-type=\"page\">\n\t\t\t\t\t\t\t\t\t<section class=\"elementor-section elementor-top-section elementor-element elementor-element-ddfb6fd elementor-section-boxed elementor-section-height-default elementor-section-height-default\" data-id=\"ddfb6fd\" data-element_type=\"section\" data-settings=\"{&quot;ekit_has_onepagescroll_dot&quot;:&quot;yes&quot;}\">\n\t\t\t\t\t\t<div class=\"elementor-container elementor-column-gap-default\">\n\t\t\t\t\t<div class=\"elementor-column elementor-col-100 elementor-top-column elementor-element elementor-element-b5fef51\" data-id=\"b5fef51\" data-element_type=\"column\">\n\t\t\t<div class=\"elementor-widget-wrap elementor-element-populated\">\n\t\t\t\t\t\t\t\t<div class=\"elementor-element elementor-element-7c6b08c elementor-widget elementor-widget-breadcrumbs\" data-id=\"7c6b08c\" data-element_type=\"widget\" data-settings=\"{&quot;ekit_we_effect_on&quot;:&quot;none&quot;}\" data-widget_type=\"breadcrumbs.default\">\n\t\t\t\t<div class=\"elementor-widget-container\">\n\t\t\t<div id=\"breadcrumbs\"><span><span><a href=\"https:\/\/apprende.jalisco.gob.mx\/programa-turismo-escolar\/\">Inicio<\/a><\/span><\/span><\/div>\t\t<\/div>\n\t\t\t\t<\/div>\n\t\t\t\t\t<\/div>\n\t\t<\/div>\n\t\t\t\t\t\t\t<\/div>\n\t\t<\/section>\n\t\t\t\t<section class=\"elementor-section elementor-top-section elementor-element elementor-element-2496b07 elementor-section-full_width elementor-section-height-default elementor-section-height-default\" data-id=\"2496b07\" data-element_type=\"section\" data-settings=\"{&quot;background_background&quot;:&quot;classic&quot;,&quot;ekit_has_onepagescroll_dot&quot;:&quot;yes&quot;}\">\n\t\t\t\t\t\t<div class=\"elementor-container elementor-column-gap-default\">\n\t\t\t\t\t<div class=\"elementor-column elementor-col-100 elementor-top-column elementor-element elementor-element-abc373b\" data-id=\"abc373b\" data-element_type=\"column\">\n\t\t\t<div class=\"elementor-widget-wrap elementor-element-populated\">\n\t\t\t\t\t\t\t\t<div class=\"elementor-element elementor-element-7be2145 elementor-widget elementor-widget-heading\" data-id=\"7be2145\" data-element_type=\"widget\" data-settings=\"{&quot;ekit_we_effect_on&quot;:&quot;none&quot;}\" data-widget_type=\"heading.default\">\n\t\t\t\t<div class=\"elementor-widget-container\">\n\t\t\t<h2 class=\"elementor-heading-title elementor-size-default\">Registro<\/h2>\t\t<\/div>\n\t\t\t\t<\/div>\n\t\t\t\t\t<\/div>\n\t\t<\/div>\n\t\t\t\t\t\t\t<\/div>\n\t\t<\/section>\n\t\t\t\t<section class=\"elementor-section elementor-top-section elementor-element elementor-element-284415c elementor-section-boxed elementor-section-height-default elementor-section-height-default\" data-id=\"284415c\" data-element_type=\"section\" data-settings=\"{&quot;ekit_has_onepagescroll_dot&quot;:&quot;yes&quot;}\">\n\t\t\t\t\t\t<div class=\"elementor-container elementor-column-gap-default\">\n\t\t\t\t\t<div class=\"elementor-column elementor-col-100 elementor-top-column elementor-element elementor-element-ff8991a\" data-id=\"ff8991a\" data-element_type=\"column\">\n\t\t\t<div class=\"elementor-widget-wrap elementor-element-populated\">\n\t\t\t\t\t\t\t\t<div class=\"elementor-element elementor-element-e49351f elementor-widget-laptop__width-initial elementor-widget elementor-widget-text-editor\" data-id=\"e49351f\" data-element_type=\"widget\" data-settings=\"{&quot;ekit_we_effect_on&quot;:&quot;none&quot;}\" data-widget_type=\"text-editor.default\">\n\t\t\t\t<div class=\"elementor-widget-container\">\n\t\t\t\t\t\t\t<p>Los centros escolares interesados, durante el ciclo escolar vigente, se registran a trav\u00e9s de una convocatoria que es firmada por el Secretario de Educaci\u00f3n y publicada en la p\u00e1gina web recrea.jalisco.gob.mx en donde aparece el \u00e1rea de convocatoria, registr\u00e1ndose a trav\u00e9s de un formulario de Google, que se se\u00f1ala en la misma. Los directores de educaci\u00f3n b\u00e1sica deber\u00e1n cubrir los siguientes requisitos, para ser beneficiados por el programa.<br \/>a).- Enviar v\u00eda correo electr\u00f3nico, constancia de autorizaci\u00f3n por los padres de familia de los alumnos participantes.<br \/>b).- Enviar v\u00eda correo electr\u00f3nico listados de alumnos que participar\u00e1n en la excursi\u00f3n.<\/p><p><strong>Datos de Contacto<\/strong><br \/>Direcci\u00f3n de Programas Compensatorios y de Apoyo<br \/>Programa Turismo Escolar<br \/>Avenida \u00c1vila Camacho #1015, Piso 4 Colonia Miraflores, C.P. 44270, Guadalajara, Jalisco<br \/>Tel\u00e9fono: 33-30-30-59-50 y 33-30-30-75-00 Ext. 59528 y 59541<br \/>Horario: De 09:00 a 17:00 Hrs.<br \/>Correo electr\u00f3nico: turismoescolar.sej@jalisco.gob.mx<br \/>Contacto: Sergio Cer\u00f3n Brice\u00f1o, Coordinador del Programa Turismo Escolar<\/p>\t\t\t\t\t\t<\/div>\n\t\t\t\t<\/div>\n\t\t\t\t\t<\/div>\n\t\t<\/div>\n\t\t\t\t\t\t\t<\/div>\n\t\t<\/section>\n\t\t\t\t\t\t\t<\/div>\n\t\t","protected":false},"excerpt":{"rendered":"<p>Registro Los centros escolares interesados, durante el ciclo escolar vigente, se registran a trav\u00e9s de una convocatoria que es firmada por el Secretario de Educaci\u00f3n y publicada en la p\u00e1gina web recrea.jalisco.gob.mx en donde aparece el \u00e1rea de convocatoria, registr\u00e1ndose a trav\u00e9s de un formulario de Google, que se se\u00f1ala en la misma. Los directores &hellip;<\/p>\n<p class=\"read-more\"> <a class=\"\" href=\"https:\/\/apprende.jalisco.gob.mx\/programa-turismo-escolar\/registro\/\"> <span class=\"screen-reader-text\">Registro<\/span> Leer m\u00e1s &raquo;<\/a><\/p>\n","protected":false},"author":1,"featured_media":0,"parent":0,"menu_order":0,"comment_status":"closed","ping_status":"closed","template":"","meta":{"_monsterinsights_skip_tracking":false,"_monsterinsights_sitenote_active":false,"_monsterinsights_sitenote_note":"","_monsterinsights_sitenote_category":0,"site-sidebar-layout":"no-sidebar","site-content-layout":"page-builder","ast-site-content-layout":"","site-content-style":"default","site-sidebar-style":"default","ast-global-header-display":"","ast-banner-title-visibility":"","ast-main-header-display":"","ast-hfb-above-header-display":"","ast-hfb-below-header-display":"","ast-hfb-mobile-header-display":"","site-post-title":"disabled","ast-breadcrumbs-content":"","ast-featured-img":"disabled","footer-sml-layout":"","theme-transparent-header-meta":"default","adv-header-id-meta":"","stick-header-meta":"default","header-above-stick-meta":"","header-main-stick-meta":"","header-below-stick-meta":"","astra-migrate-meta-layouts":"","ep_exclude_from_search":false,"footnotes":""},"acf":[],"yoast_head":"<!-- This site is optimized with the Yoast SEO Premium plugin v17.7 (Yoast SEO v21.0) - https:\/\/yoast.com\/wordpress\/plugins\/seo\/ -->\n<title>Registro - Programa Turismo Escolar<\/title>\n<meta name=\"robots\" content=\"index, follow, max-snippet:-1, max-image-preview:large, max-video-preview:-1\" \/>\n<link rel=\"canonical\" href=\"https:\/\/apprende.jalisco.gob.mx\/programa-turismo-escolar\/registro\/\" \/>\n<meta property=\"og:locale\" content=\"es_MX\" \/>\n<meta property=\"og:type\" content=\"article\" \/>\n<meta property=\"og:title\" content=\"Registro\" \/>\n<meta property=\"og:description\" content=\"Registro Los centros escolares interesados, durante el ciclo escolar vigente, se registran a trav\u00e9s de una convocatoria que es firmada por el Secretario de Educaci\u00f3n y publicada en la p\u00e1gina web recrea.jalisco.gob.mx en donde aparece el \u00e1rea de convocatoria, registr\u00e1ndose a trav\u00e9s de un formulario de Google, que se se\u00f1ala en la misma. Los directores &hellip; Registro Leer m\u00e1s &raquo;\" \/>\n<meta property=\"og:url\" content=\"https:\/\/apprende.jalisco.gob.mx\/programa-turismo-escolar\/registro\/\" \/>\n<meta property=\"og:site_name\" content=\"Programa Turismo Escolar\" \/>\n<meta property=\"article:modified_time\" content=\"2025-01-29T18:39:10+00:00\" \/>\n<meta name=\"twitter:card\" content=\"summary_large_image\" \/>\n<meta name=\"twitter:label1\" content=\"Tiempo de lectura\" \/>\n\t<meta name=\"twitter:data1\" content=\"1 minuto\" \/>\n<script type=\"application\/ld+json\" class=\"yoast-schema-graph\">{\"@context\":\"https:\/\/schema.org\",\"@graph\":[{\"@type\":\"WebPage\",\"@id\":\"https:\/\/apprende.jalisco.gob.mx\/programa-turismo-escolar\/registro\/\",\"url\":\"https:\/\/apprende.jalisco.gob.mx\/programa-turismo-escolar\/registro\/\",\"name\":\"Registro - Programa Turismo Escolar\",\"isPartOf\":{\"@id\":\"https:\/\/apprende.jalisco.gob.mx\/programa-turismo-escolar\/#website\"},\"datePublished\":\"2022-09-04T02:28:43+00:00\",\"dateModified\":\"2025-01-29T18:39:10+00:00\",\"breadcrumb\":{\"@id\":\"https:\/\/apprende.jalisco.gob.mx\/programa-turismo-escolar\/registro\/#breadcrumb\"},\"inLanguage\":\"es-MX\",\"potentialAction\":[{\"@type\":\"ReadAction\",\"target\":[\"https:\/\/apprende.jalisco.gob.mx\/programa-turismo-escolar\/registro\/\"]}]},{\"@type\":\"BreadcrumbList\",\"@id\":\"https:\/\/apprende.jalisco.gob.mx\/programa-turismo-escolar\/registro\/#breadcrumb\",\"itemListElement\":[{\"@type\":\"ListItem\",\"position\":1,\"name\":\"Inicio\",\"item\":\"https:\/\/apprende.jalisco.gob.mx\/programa-turismo-escolar\/\"},{\"@type\":\"ListItem\",\"position\":2,\"name\":\"Registro\"}]},{\"@type\":\"WebSite\",\"@id\":\"https:\/\/apprende.jalisco.gob.mx\/programa-turismo-escolar\/#website\",\"url\":\"https:\/\/apprende.jalisco.gob.mx\/programa-turismo-escolar\/\",\"name\":\"Programa Turismo Escolar\",\"description\":\"Micrositio\",\"publisher\":{\"@id\":\"https:\/\/apprende.jalisco.gob.mx\/programa-turismo-escolar\/#organization\"},\"potentialAction\":[{\"@type\":\"SearchAction\",\"target\":{\"@type\":\"EntryPoint\",\"urlTemplate\":\"https:\/\/apprende.jalisco.gob.mx\/programa-turismo-escolar\/?s={search_term_string}\"},\"query-input\":\"required name=search_term_string\"}],\"inLanguage\":\"es-MX\"},{\"@type\":\"Organization\",\"@id\":\"https:\/\/apprende.jalisco.gob.mx\/programa-turismo-escolar\/#organization\",\"name\":\"Programa Turismo Escolar\",\"url\":\"https:\/\/apprende.jalisco.gob.mx\/programa-turismo-escolar\/\",\"logo\":{\"@type\":\"ImageObject\",\"inLanguage\":\"es-MX\",\"@id\":\"https:\/\/apprende.jalisco.gob.mx\/programa-turismo-escolar\/#\/schema\/logo\/image\/\",\"url\":\"https:\/\/apprende.jalisco.gob.mx\/programa-turismo-escolar\/wp-content\/uploads\/sites\/51\/2022\/03\/logo-Educacion2025.png\",\"contentUrl\":\"https:\/\/apprende.jalisco.gob.mx\/programa-turismo-escolar\/wp-content\/uploads\/sites\/51\/2022\/03\/logo-Educacion2025.png\",\"width\":427,\"height\":108,\"caption\":\"Programa Turismo Escolar\"},\"image\":{\"@id\":\"https:\/\/apprende.jalisco.gob.mx\/programa-turismo-escolar\/#\/schema\/logo\/image\/\"}}]}<\/script>\n<!-- \/ Yoast SEO Premium plugin. -->","yoast_head_json":{"title":"Registro - Programa Turismo Escolar","robots":{"index":"index","follow":"follow","max-snippet":"max-snippet:-1","max-image-preview":"max-image-preview:large","max-video-preview":"max-video-preview:-1"},"canonical":"https:\/\/apprende.jalisco.gob.mx\/programa-turismo-escolar\/registro\/","og_locale":"es_MX","og_type":"article","og_title":"Registro","og_description":"Registro Los centros escolares interesados, durante el ciclo escolar vigente, se registran a trav\u00e9s de una convocatoria que es firmada por el Secretario de Educaci\u00f3n y publicada en la p\u00e1gina web recrea.jalisco.gob.mx en donde aparece el \u00e1rea de convocatoria, registr\u00e1ndose a trav\u00e9s de un formulario de Google, que se se\u00f1ala en la misma. Los directores &hellip; Registro Leer m\u00e1s &raquo;","og_url":"https:\/\/apprende.jalisco.gob.mx\/programa-turismo-escolar\/registro\/","og_site_name":"Programa Turismo Escolar","article_modified_time":"2025-01-29T18:39:10+00:00","twitter_card":"summary_large_image","twitter_misc":{"Tiempo de lectura":"1 minuto"},"schema":{"@context":"https:\/\/schema.org","@graph":[{"@type":"WebPage","@id":"https:\/\/apprende.jalisco.gob.mx\/programa-turismo-escolar\/registro\/","url":"https:\/\/apprende.jalisco.gob.mx\/programa-turismo-escolar\/registro\/","name":"Registro - Programa Turismo Escolar","isPartOf":{"@id":"https:\/\/apprende.jalisco.gob.mx\/programa-turismo-escolar\/#website"},"datePublished":"2022-09-04T02:28:43+00:00","dateModified":"2025-01-29T18:39:10+00:00","breadcrumb":{"@id":"https:\/\/apprende.jalisco.gob.mx\/programa-turismo-escolar\/registro\/#breadcrumb"},"inLanguage":"es-MX","potentialAction":[{"@type":"ReadAction","target":["https:\/\/apprende.jalisco.gob.mx\/programa-turismo-escolar\/registro\/"]}]},{"@type":"BreadcrumbList","@id":"https:\/\/apprende.jalisco.gob.mx\/programa-turismo-escolar\/registro\/#breadcrumb","itemListElement":[{"@type":"ListItem","position":1,"name":"Inicio","item":"https:\/\/apprende.jalisco.gob.mx\/programa-turismo-escolar\/"},{"@type":"ListItem","position":2,"name":"Registro"}]},{"@type":"WebSite","@id":"https:\/\/apprende.jalisco.gob.mx\/programa-turismo-escolar\/#website","url":"https:\/\/apprende.jalisco.gob.mx\/programa-turismo-escolar\/","name":"Programa Turismo Escolar","description":"Micrositio","publisher":{"@id":"https:\/\/apprende.jalisco.gob.mx\/programa-turismo-escolar\/#organization"},"potentialAction":[{"@type":"SearchAction","target":{"@type":"EntryPoint","urlTemplate":"https:\/\/apprende.jalisco.gob.mx\/programa-turismo-escolar\/?s={search_term_string}"},"query-input":"required name=search_term_string"}],"inLanguage":"es-MX"},{"@type":"Organization","@id":"https:\/\/apprende.jalisco.gob.mx\/programa-turismo-escolar\/#organization","name":"Programa Turismo Escolar","url":"https:\/\/apprende.jalisco.gob.mx\/programa-turismo-escolar\/","logo":{"@type":"ImageObject","inLanguage":"es-MX","@id":"https:\/\/apprende.jalisco.gob.mx\/programa-turismo-escolar\/#\/schema\/logo\/image\/","url":"https:\/\/apprende.jalisco.gob.mx\/programa-turismo-escolar\/wp-content\/uploads\/sites\/51\/2022\/03\/logo-Educacion2025.png","contentUrl":"https:\/\/apprende.jalisco.gob.mx\/programa-turismo-escolar\/wp-content\/uploads\/sites\/51\/2022\/03\/logo-Educacion2025.png","width":427,"height":108,"caption":"Programa Turismo Escolar"},"image":{"@id":"https:\/\/apprende.jalisco.gob.mx\/programa-turismo-escolar\/#\/schema\/logo\/image\/"}}]}},"_links":{"self":[{"href":"https:\/\/apprende.jalisco.gob.mx\/programa-turismo-escolar\/wp-json\/wp\/v2\/pages\/2832"}],"collection":[{"href":"https:\/\/apprende.jalisco.gob.mx\/programa-turismo-escolar\/wp-json\/wp\/v2\/pages"}],"about":[{"href":"https:\/\/apprende.jalisco.gob.mx\/programa-turismo-escolar\/wp-json\/wp\/v2\/types\/page"}],"author":[{"embeddable":true,"href":"https:\/\/apprende.jalisco.gob.mx\/programa-turismo-escolar\/wp-json\/wp\/v2\/users\/1"}],"replies":[{"embeddable":true,"href":"https:\/\/apprende.jalisco.gob.mx\/programa-turismo-escolar\/wp-json\/wp\/v2\/comments?post=2832"}],"version-history":[{"count":58,"href":"https:\/\/apprende.jalisco.gob.mx\/programa-turismo-escolar\/wp-json\/wp\/v2\/pages\/2832\/revisions"}],"predecessor-version":[{"id":3246,"href":"https:\/\/apprende.jalisco.gob.mx\/programa-turismo-escolar\/wp-json\/wp\/v2\/pages\/2832\/revisions\/3246"}],"wp:attachment":[{"href":"https:\/\/apprende.jalisco.gob.mx\/programa-turismo-escolar\/wp-json\/wp\/v2\/media?parent=2832"}],"curies":[{"name":"wp","href":"https:\/\/api.w.org\/{rel}","templated":true}]}}