{"id":3003,"date":"2022-09-06T19:07:09","date_gmt":"2022-09-07T00:07:09","guid":{"rendered":"https:\/\/recrea.jalisco.gob.mx\/direccion-psicopedagodia\/?page_id=3003"},"modified":"2026-03-11T09:35:03","modified_gmt":"2026-03-11T15:35:03","slug":"secundaria","status":"publish","type":"page","link":"https:\/\/apprende.jalisco.gob.mx\/recreando-mis-emociones\/secundaria\/","title":{"rendered":"Secundaria"},"content":{"rendered":"\t\t<div data-elementor-type=\"wp-page\" data-elementor-id=\"3003\" class=\"elementor elementor-3003\" data-elementor-post-type=\"page\">\n\t\t\t\t\t\t\t\t\t<section class=\"elementor-section elementor-top-section elementor-element elementor-element-cb81d3f elementor-section-boxed elementor-section-height-default elementor-section-height-default\" data-id=\"cb81d3f\" data-element_type=\"section\" data-settings=\"{&quot;ekit_has_onepagescroll_dot&quot;:&quot;yes&quot;}\">\n\t\t\t\t\t\t<div class=\"elementor-container elementor-column-gap-default\">\n\t\t\t\t\t<div class=\"elementor-column elementor-col-100 elementor-top-column elementor-element elementor-element-ba248fe\" data-id=\"ba248fe\" data-element_type=\"column\">\n\t\t\t<div class=\"elementor-widget-wrap elementor-element-populated\">\n\t\t\t\t\t\t\t\t<div class=\"elementor-element elementor-element-aa26b60 elementor-widget elementor-widget-spacer\" data-id=\"aa26b60\" data-element_type=\"widget\" data-settings=\"{&quot;ekit_we_effect_on&quot;:&quot;none&quot;}\" data-widget_type=\"spacer.default\">\n\t\t\t\t<div class=\"elementor-widget-container\">\n\t\t\t\t\t<div class=\"elementor-spacer\">\n\t\t\t<div class=\"elementor-spacer-inner\"><\/div>\n\t\t<\/div>\n\t\t\t\t<\/div>\n\t\t\t\t<\/div>\n\t\t\t\t<div class=\"elementor-element elementor-element-2b6da5c elementor-widget elementor-widget-heading\" data-id=\"2b6da5c\" data-element_type=\"widget\" data-settings=\"{&quot;ekit_we_effect_on&quot;:&quot;none&quot;}\" data-widget_type=\"heading.default\">\n\t\t\t\t<div class=\"elementor-widget-container\">\n\t\t\t<h1 class=\"elementor-heading-title elementor-size-default\">Secundaria<\/h1>\t\t<\/div>\n\t\t\t\t<\/div>\n\t\t\t\t\t<\/div>\n\t\t<\/div>\n\t\t\t\t\t\t\t<\/div>\n\t\t<\/section>\n\t\t\t\t<section class=\"elementor-section elementor-top-section elementor-element elementor-element-3f86cac elementor-section-boxed elementor-section-height-default elementor-section-height-default\" data-id=\"3f86cac\" data-element_type=\"section\" data-settings=\"{&quot;ekit_has_onepagescroll_dot&quot;:&quot;yes&quot;}\">\n\t\t\t\t\t\t<div class=\"elementor-container elementor-column-gap-default\">\n\t\t\t\t\t<div class=\"elementor-column elementor-col-100 elementor-top-column elementor-element elementor-element-f78fad5\" data-id=\"f78fad5\" data-element_type=\"column\">\n\t\t\t<div class=\"elementor-widget-wrap elementor-element-populated\">\n\t\t\t\t\t\t\t\t<div class=\"elementor-element elementor-element-0ba2aad elementor-icon-list--layout-traditional elementor-list-item-link-full_width elementor-widget elementor-widget-icon-list\" data-id=\"0ba2aad\" data-element_type=\"widget\" data-settings=\"{&quot;ekit_we_effect_on&quot;:&quot;none&quot;}\" data-widget_type=\"icon-list.default\">\n\t\t\t\t<div class=\"elementor-widget-container\">\n\t\t\t\t\t<ul class=\"elementor-icon-list-items\">\n\t\t\t\t\t\t\t<li class=\"elementor-icon-list-item\">\n\t\t\t\t\t\t\t\t\t\t\t<a href=\"https:\/\/drive.google.com\/file\/d\/1X8TzH_Ag7tetRXMT0ASjVNCRp1LEfhOU\/view?usp=sharing\" target=\"_blank\">\n\n\t\t\t\t\t\t\t\t\t\t\t\t<span class=\"elementor-icon-list-icon\">\n\t\t\t\t\t\t\t<i aria-hidden=\"true\" class=\"icon icon-enter-down\"><\/i>\t\t\t\t\t\t<\/span>\n\t\t\t\t\t\t\t\t\t\t<span class=\"elementor-icon-list-text\">Construye T \/Autoevaluaci\u00f3n Conociendo mis habilidades socioemocionales<\/span>\n\t\t\t\t\t\t\t\t\t\t\t<\/a>\n\t\t\t\t\t\t\t\t\t<\/li>\n\t\t\t\t\t\t\t\t<li class=\"elementor-icon-list-item\">\n\t\t\t\t\t\t\t\t\t\t\t<a href=\"https:\/\/drive.google.com\/file\/d\/1dE3SVwC0n9mLhV79eW0dG4GMhZicg7B8\/view\" target=\"_blank\">\n\n\t\t\t\t\t\t\t\t\t\t\t\t<span class=\"elementor-icon-list-icon\">\n\t\t\t\t\t\t\t<i aria-hidden=\"true\" class=\"icon icon-enter-down\"><\/i>\t\t\t\t\t\t<\/span>\n\t\t\t\t\t\t\t\t\t\t<span class=\"elementor-icon-list-text\">Construye T \/Estrategias de implementaci\u00f3n del programa<\/span>\n\t\t\t\t\t\t\t\t\t\t\t<\/a>\n\t\t\t\t\t\t\t\t\t<\/li>\n\t\t\t\t\t\t\t\t<li class=\"elementor-icon-list-item\">\n\t\t\t\t\t\t\t\t\t\t\t<a href=\"https:\/\/drive.google.com\/file\/d\/1bNM8JzWf2h4uqeWd0RKHwSwYNWMF1FKw\/view\" target=\"_blank\">\n\n\t\t\t\t\t\t\t\t\t\t\t\t<span class=\"elementor-icon-list-icon\">\n\t\t\t\t\t\t\t<i aria-hidden=\"true\" class=\"icon icon-enter-down\"><\/i>\t\t\t\t\t\t<\/span>\n\t\t\t\t\t\t\t\t\t\t<span class=\"elementor-icon-list-text\">Construye T \/Gu\u00eda sobre las HSE y el uso de fichas de actividades<\/span>\n\t\t\t\t\t\t\t\t\t\t\t<\/a>\n\t\t\t\t\t\t\t\t\t<\/li>\n\t\t\t\t\t\t\t\t<li class=\"elementor-icon-list-item\">\n\t\t\t\t\t\t\t\t\t\t\t<a href=\"https:\/\/www.gob.mx\/mejoredu\/prensa\/mejoredu-ofrece-sugerencias-para-un-mejor-regreso-a-clases-a-los-maestros-de-preescolar-e-inicial-269697?idiom=es\" target=\"_blank\">\n\n\t\t\t\t\t\t\t\t\t\t\t\t<span class=\"elementor-icon-list-icon\">\n\t\t\t\t\t\t\t<i aria-hidden=\"true\" class=\"icon icon-enter-down\"><\/i>\t\t\t\t\t\t<\/span>\n\t\t\t\t\t\t\t\t\t\t<span class=\"elementor-icon-list-text\">MEJOREDU Sugerencias para el Regreso a Clases Secundaria<\/span>\n\t\t\t\t\t\t\t\t\t\t\t<\/a>\n\t\t\t\t\t\t\t\t\t<\/li>\n\t\t\t\t\t\t<\/ul>\n\t\t\t\t<\/div>\n\t\t\t\t<\/div>\n\t\t\t\t<div class=\"elementor-element elementor-element-e6fa5a7 elementor-icon-list--layout-traditional elementor-list-item-link-full_width elementor-widget elementor-widget-icon-list\" data-id=\"e6fa5a7\" data-element_type=\"widget\" data-settings=\"{&quot;ekit_we_effect_on&quot;:&quot;none&quot;}\" data-widget_type=\"icon-list.default\">\n\t\t\t\t<div class=\"elementor-widget-container\">\n\t\t\t\t\t<ul class=\"elementor-icon-list-items\">\n\t\t\t\t\t\t\t<li class=\"elementor-icon-list-item\">\n\t\t\t\t\t\t\t\t\t\t\t<a href=\"https:\/\/drive.google.com\/file\/d\/1sCKkaj8CnrVVZTUqKZKoEb21YEEc8wwD\/view\" target=\"_blank\">\n\n\t\t\t\t\t\t\t\t\t\t\t\t<span class=\"elementor-icon-list-icon\">\n\t\t\t\t\t\t\t<i aria-hidden=\"true\" class=\"icon icon-enter-down\"><\/i>\t\t\t\t\t\t<\/span>\n\t\t\t\t\t\t\t\t\t\t<span class=\"elementor-icon-list-text\">Construye T \/Educaci\u00f3n socioemocional en EMS, Manual para el docente<\/span>\n\t\t\t\t\t\t\t\t\t\t\t<\/a>\n\t\t\t\t\t\t\t\t\t<\/li>\n\t\t\t\t\t\t\t\t<li class=\"elementor-icon-list-item\">\n\t\t\t\t\t\t\t\t\t\t\t<a href=\"https:\/\/drive.google.com\/file\/d\/1yutykjlBqZEFfmHicsExPgKxlZ78daAh\/view\" target=\"_blank\">\n\n\t\t\t\t\t\t\t\t\t\t\t\t<span class=\"elementor-icon-list-icon\">\n\t\t\t\t\t\t\t<i aria-hidden=\"true\" class=\"icon icon-enter-down\"><\/i>\t\t\t\t\t\t<\/span>\n\t\t\t\t\t\t\t\t\t\t<span class=\"elementor-icon-list-text\">Construye T \/Gu\u00eda para el desarrollo de HSE en sesiones de tutor\u00eda<\/span>\n\t\t\t\t\t\t\t\t\t\t\t<\/a>\n\t\t\t\t\t\t\t\t\t<\/li>\n\t\t\t\t\t\t\t\t<li class=\"elementor-icon-list-item\">\n\t\t\t\t\t\t\t\t\t\t\t<a href=\"https:\/\/oce.uaq.mx\/docs\/Marcos_CE\/Marco_nacional\/SEP_Guia_para_el_docente_educacion_secundaria_pnce.pdf\" target=\"_blank\">\n\n\t\t\t\t\t\t\t\t\t\t\t\t<span class=\"elementor-icon-list-icon\">\n\t\t\t\t\t\t\t<i aria-hidden=\"true\" class=\"icon icon-enter-down\"><\/i>\t\t\t\t\t\t<\/span>\n\t\t\t\t\t\t\t\t\t\t<span class=\"elementor-icon-list-text\">Gu\u00eda docente<\/span>\n\t\t\t\t\t\t\t\t\t\t\t<\/a>\n\t\t\t\t\t\t\t\t\t<\/li>\n\t\t\t\t\t\t\t\t<li class=\"elementor-icon-list-item\">\n\t\t\t\t\t\t\t\t\t\t\t<a href=\"https:\/\/www.planyprogramasdestudio.sep.gob.mx\/descargables\/biblioteca\/secundaria\/tutoria-socioemocional\/V2-Tutoria-educacion-socioemocional-p160-327.pdf\" target=\"_blank\">\n\n\t\t\t\t\t\t\t\t\t\t\t\t<span class=\"elementor-icon-list-icon\">\n\t\t\t\t\t\t\t<i aria-hidden=\"true\" class=\"icon icon-enter-down\"><\/i>\t\t\t\t\t\t<\/span>\n\t\t\t\t\t\t\t\t\t\t<span class=\"elementor-icon-list-text\">Plan y programa de Tutor\u00eda y Educaci\u00f3n Socioemocional (educaci\u00f3n b\u00e1sica)<\/span>\n\t\t\t\t\t\t\t\t\t\t\t<\/a>\n\t\t\t\t\t\t\t\t\t<\/li>\n\t\t\t\t\t\t<\/ul>\n\t\t\t\t<\/div>\n\t\t\t\t<\/div>\n\t\t\t\t\t<\/div>\n\t\t<\/div>\n\t\t\t\t\t\t\t<\/div>\n\t\t<\/section>\n\t\t\t\t\t\t\t<\/div>\n\t\t","protected":false},"excerpt":{"rendered":"<p>Secundaria Construye T \/Autoevaluaci\u00f3n Conociendo mis habilidades socioemocionales Construye T \/Estrategias de implementaci\u00f3n del programa Construye T \/Gu\u00eda sobre las HSE y el uso de fichas de actividades MEJOREDU Sugerencias para el Regreso a Clases Secundaria Construye T \/Educaci\u00f3n socioemocional en EMS, Manual para el docente Construye T \/Gu\u00eda para el desarrollo de HSE en &hellip;<\/p>\n<p class=\"read-more\"> <a class=\"\" href=\"https:\/\/apprende.jalisco.gob.mx\/recreando-mis-emociones\/secundaria\/\"> <span class=\"screen-reader-text\">Secundaria<\/span> Leer m\u00e1s &raquo;<\/a><\/p>\n","protected":false},"author":5,"featured_media":0,"parent":0,"menu_order":0,"comment_status":"closed","ping_status":"closed","template":"","meta":{"_monsterinsights_skip_tracking":false,"_monsterinsights_sitenote_active":false,"_monsterinsights_sitenote_note":"","_monsterinsights_sitenote_category":0,"site-sidebar-layout":"no-sidebar","site-content-layout":"page-builder","ast-site-content-layout":"","site-content-style":"default","site-sidebar-style":"default","ast-global-header-display":"","ast-banner-title-visibility":"","ast-main-header-display":"","ast-hfb-above-header-display":"","ast-hfb-below-header-display":"","ast-hfb-mobile-header-display":"","site-post-title":"disabled","ast-breadcrumbs-content":"","ast-featured-img":"disabled","footer-sml-layout":"","theme-transparent-header-meta":"default","adv-header-id-meta":"","stick-header-meta":"default","header-above-stick-meta":"","header-main-stick-meta":"","header-below-stick-meta":"","astra-migrate-meta-layouts":"","ep_exclude_from_search":false,"footnotes":""},"acf":[],"yoast_head":"<!-- This site is optimized with the Yoast SEO Premium plugin v17.7 (Yoast SEO v21.0) - https:\/\/yoast.com\/wordpress\/plugins\/seo\/ -->\n<title>Secundaria - Recreando mis emociones<\/title>\n<meta name=\"robots\" content=\"index, follow, max-snippet:-1, max-image-preview:large, max-video-preview:-1\" \/>\n<link rel=\"canonical\" href=\"https:\/\/apprende.jalisco.gob.mx\/recreando-mis-emociones\/secundaria\/\" \/>\n<meta property=\"og:locale\" content=\"es_MX\" \/>\n<meta property=\"og:type\" content=\"article\" \/>\n<meta property=\"og:title\" content=\"Secundaria\" \/>\n<meta property=\"og:description\" content=\"Secundaria Construye T \/Autoevaluaci\u00f3n Conociendo mis habilidades socioemocionales Construye T \/Estrategias de implementaci\u00f3n del programa Construye T \/Gu\u00eda sobre las HSE y el uso de fichas de actividades MEJOREDU Sugerencias para el Regreso a Clases Secundaria Construye T \/Educaci\u00f3n socioemocional en EMS, Manual para el docente Construye T \/Gu\u00eda para el desarrollo de HSE en &hellip; Secundaria Leer m\u00e1s &raquo;\" \/>\n<meta property=\"og:url\" content=\"https:\/\/apprende.jalisco.gob.mx\/recreando-mis-emociones\/secundaria\/\" \/>\n<meta property=\"og:site_name\" content=\"Recreando mis emociones\" \/>\n<meta property=\"article:modified_time\" content=\"2026-03-11T15:35:03+00:00\" \/>\n<meta name=\"twitter:card\" content=\"summary_large_image\" \/>\n<meta name=\"twitter:label1\" content=\"Tiempo de lectura\" \/>\n\t<meta name=\"twitter:data1\" content=\"1 minuto\" \/>\n<script type=\"application\/ld+json\" class=\"yoast-schema-graph\">{\"@context\":\"https:\/\/schema.org\",\"@graph\":[{\"@type\":\"WebPage\",\"@id\":\"https:\/\/apprende.jalisco.gob.mx\/recreando-mis-emociones\/secundaria\/\",\"url\":\"https:\/\/apprende.jalisco.gob.mx\/recreando-mis-emociones\/secundaria\/\",\"name\":\"Secundaria - Recreando mis emociones\",\"isPartOf\":{\"@id\":\"https:\/\/apprende.jalisco.gob.mx\/recreando-mis-emociones\/#website\"},\"datePublished\":\"2022-09-07T00:07:09+00:00\",\"dateModified\":\"2026-03-11T15:35:03+00:00\",\"breadcrumb\":{\"@id\":\"https:\/\/apprende.jalisco.gob.mx\/recreando-mis-emociones\/secundaria\/#breadcrumb\"},\"inLanguage\":\"es-MX\",\"potentialAction\":[{\"@type\":\"ReadAction\",\"target\":[\"https:\/\/apprende.jalisco.gob.mx\/recreando-mis-emociones\/secundaria\/\"]}]},{\"@type\":\"BreadcrumbList\",\"@id\":\"https:\/\/apprende.jalisco.gob.mx\/recreando-mis-emociones\/secundaria\/#breadcrumb\",\"itemListElement\":[{\"@type\":\"ListItem\",\"position\":1,\"name\":\"Inicio\",\"item\":\"https:\/\/apprende.jalisco.gob.mx\/recreando-mis-emociones\/\"},{\"@type\":\"ListItem\",\"position\":2,\"name\":\"Secundaria\"}]},{\"@type\":\"WebSite\",\"@id\":\"https:\/\/apprende.jalisco.gob.mx\/recreando-mis-emociones\/#website\",\"url\":\"https:\/\/apprende.jalisco.gob.mx\/recreando-mis-emociones\/\",\"name\":\"Recreando mis emociones\",\"description\":\"Micrositio\",\"publisher\":{\"@id\":\"https:\/\/apprende.jalisco.gob.mx\/recreando-mis-emociones\/#organization\"},\"potentialAction\":[{\"@type\":\"SearchAction\",\"target\":{\"@type\":\"EntryPoint\",\"urlTemplate\":\"https:\/\/apprende.jalisco.gob.mx\/recreando-mis-emociones\/?s={search_term_string}\"},\"query-input\":\"required name=search_term_string\"}],\"inLanguage\":\"es-MX\"},{\"@type\":\"Organization\",\"@id\":\"https:\/\/apprende.jalisco.gob.mx\/recreando-mis-emociones\/#organization\",\"name\":\"Recreando mis emociones\",\"url\":\"https:\/\/apprende.jalisco.gob.mx\/recreando-mis-emociones\/\",\"logo\":{\"@type\":\"ImageObject\",\"inLanguage\":\"es-MX\",\"@id\":\"https:\/\/apprende.jalisco.gob.mx\/recreando-mis-emociones\/#\/schema\/logo\/image\/\",\"url\":\"https:\/\/apprende.jalisco.gob.mx\/recreando-mis-emociones\/wp-content\/uploads\/sites\/38\/2022\/03\/logo-Educacion2025.png\",\"contentUrl\":\"https:\/\/apprende.jalisco.gob.mx\/recreando-mis-emociones\/wp-content\/uploads\/sites\/38\/2022\/03\/logo-Educacion2025.png\",\"width\":427,\"height\":108,\"caption\":\"Recreando mis emociones\"},\"image\":{\"@id\":\"https:\/\/apprende.jalisco.gob.mx\/recreando-mis-emociones\/#\/schema\/logo\/image\/\"}}]}<\/script>\n<!-- \/ Yoast SEO Premium plugin. -->","yoast_head_json":{"title":"Secundaria - Recreando mis emociones","robots":{"index":"index","follow":"follow","max-snippet":"max-snippet:-1","max-image-preview":"max-image-preview:large","max-video-preview":"max-video-preview:-1"},"canonical":"https:\/\/apprende.jalisco.gob.mx\/recreando-mis-emociones\/secundaria\/","og_locale":"es_MX","og_type":"article","og_title":"Secundaria","og_description":"Secundaria Construye T \/Autoevaluaci\u00f3n Conociendo mis habilidades socioemocionales Construye T \/Estrategias de implementaci\u00f3n del programa Construye T \/Gu\u00eda sobre las HSE y el uso de fichas de actividades MEJOREDU Sugerencias para el Regreso a Clases Secundaria Construye T \/Educaci\u00f3n socioemocional en EMS, Manual para el docente Construye T \/Gu\u00eda para el desarrollo de HSE en &hellip; Secundaria Leer m\u00e1s &raquo;","og_url":"https:\/\/apprende.jalisco.gob.mx\/recreando-mis-emociones\/secundaria\/","og_site_name":"Recreando mis emociones","article_modified_time":"2026-03-11T15:35:03+00:00","twitter_card":"summary_large_image","twitter_misc":{"Tiempo de lectura":"1 minuto"},"schema":{"@context":"https:\/\/schema.org","@graph":[{"@type":"WebPage","@id":"https:\/\/apprende.jalisco.gob.mx\/recreando-mis-emociones\/secundaria\/","url":"https:\/\/apprende.jalisco.gob.mx\/recreando-mis-emociones\/secundaria\/","name":"Secundaria - Recreando mis emociones","isPartOf":{"@id":"https:\/\/apprende.jalisco.gob.mx\/recreando-mis-emociones\/#website"},"datePublished":"2022-09-07T00:07:09+00:00","dateModified":"2026-03-11T15:35:03+00:00","breadcrumb":{"@id":"https:\/\/apprende.jalisco.gob.mx\/recreando-mis-emociones\/secundaria\/#breadcrumb"},"inLanguage":"es-MX","potentialAction":[{"@type":"ReadAction","target":["https:\/\/apprende.jalisco.gob.mx\/recreando-mis-emociones\/secundaria\/"]}]},{"@type":"BreadcrumbList","@id":"https:\/\/apprende.jalisco.gob.mx\/recreando-mis-emociones\/secundaria\/#breadcrumb","itemListElement":[{"@type":"ListItem","position":1,"name":"Inicio","item":"https:\/\/apprende.jalisco.gob.mx\/recreando-mis-emociones\/"},{"@type":"ListItem","position":2,"name":"Secundaria"}]},{"@type":"WebSite","@id":"https:\/\/apprende.jalisco.gob.mx\/recreando-mis-emociones\/#website","url":"https:\/\/apprende.jalisco.gob.mx\/recreando-mis-emociones\/","name":"Recreando mis emociones","description":"Micrositio","publisher":{"@id":"https:\/\/apprende.jalisco.gob.mx\/recreando-mis-emociones\/#organization"},"potentialAction":[{"@type":"SearchAction","target":{"@type":"EntryPoint","urlTemplate":"https:\/\/apprende.jalisco.gob.mx\/recreando-mis-emociones\/?s={search_term_string}"},"query-input":"required name=search_term_string"}],"inLanguage":"es-MX"},{"@type":"Organization","@id":"https:\/\/apprende.jalisco.gob.mx\/recreando-mis-emociones\/#organization","name":"Recreando mis emociones","url":"https:\/\/apprende.jalisco.gob.mx\/recreando-mis-emociones\/","logo":{"@type":"ImageObject","inLanguage":"es-MX","@id":"https:\/\/apprende.jalisco.gob.mx\/recreando-mis-emociones\/#\/schema\/logo\/image\/","url":"https:\/\/apprende.jalisco.gob.mx\/recreando-mis-emociones\/wp-content\/uploads\/sites\/38\/2022\/03\/logo-Educacion2025.png","contentUrl":"https:\/\/apprende.jalisco.gob.mx\/recreando-mis-emociones\/wp-content\/uploads\/sites\/38\/2022\/03\/logo-Educacion2025.png","width":427,"height":108,"caption":"Recreando mis emociones"},"image":{"@id":"https:\/\/apprende.jalisco.gob.mx\/recreando-mis-emociones\/#\/schema\/logo\/image\/"}}]}},"_links":{"self":[{"href":"https:\/\/apprende.jalisco.gob.mx\/recreando-mis-emociones\/wp-json\/wp\/v2\/pages\/3003"}],"collection":[{"href":"https:\/\/apprende.jalisco.gob.mx\/recreando-mis-emociones\/wp-json\/wp\/v2\/pages"}],"about":[{"href":"https:\/\/apprende.jalisco.gob.mx\/recreando-mis-emociones\/wp-json\/wp\/v2\/types\/page"}],"author":[{"embeddable":true,"href":"https:\/\/apprende.jalisco.gob.mx\/recreando-mis-emociones\/wp-json\/wp\/v2\/users\/5"}],"replies":[{"embeddable":true,"href":"https:\/\/apprende.jalisco.gob.mx\/recreando-mis-emociones\/wp-json\/wp\/v2\/comments?post=3003"}],"version-history":[{"count":168,"href":"https:\/\/apprende.jalisco.gob.mx\/recreando-mis-emociones\/wp-json\/wp\/v2\/pages\/3003\/revisions"}],"predecessor-version":[{"id":3874,"href":"https:\/\/apprende.jalisco.gob.mx\/recreando-mis-emociones\/wp-json\/wp\/v2\/pages\/3003\/revisions\/3874"}],"wp:attachment":[{"href":"https:\/\/apprende.jalisco.gob.mx\/recreando-mis-emociones\/wp-json\/wp\/v2\/media?parent=3003"}],"curies":[{"name":"wp","href":"https:\/\/api.w.org\/{rel}","templated":true}]}}